{"id":21915,"date":"2025-06-11T21:32:43","date_gmt":"2025-06-11T21:32:43","guid":{"rendered":"https:\/\/vitablanca.ma\/product\/svr-topialyse-demaquillant-palpebral-gelee-micellaire-yeux-125-ml\/"},"modified":"2026-01-21T17:42:22","modified_gmt":"2026-01-21T17:42:22","slug":"svr-topialyse-demaquillant-palpebral-gelee-micellaire-yeux-125-ml","status":"publish","type":"product","link":"https:\/\/vitablanca.ma\/en\/product\/svr-topialyse-demaquillant-palpebral-gelee-micellaire-yeux-125-ml\/","title":{"rendered":"SVR TOPIALYSE PALPEBRAL MAKE-UP REMOVER MICELLAR EYE GEL 125 ML"},"content":{"rendered":"<h2>SVR TOPIALYSE PALPEBRAL MAKE-UP REMOVER MICELLAR EYE GEL 125 ML<\/h2>\n<p>Palp\u00e9bral micellar eye makeup remover jelly, a truly ultra-soothing treatment for sensitive, dry, irritated eyelids.<\/p>\n<p>More comfortable than water, its fresh and soothing gel texture removes makeup in a single step with or without cotton.<\/p>\n<p>It gently removes all makeup, even waterproof, without damaging the eye area.<\/p>\n<p><strong>Alcohol-free, preservative-free. Hypoallergenic. Non-comedogenic.<\/strong><\/p>\n<p><strong>Properties<\/strong><\/p>\n<p>Makeup remover suitable for sensitive, dry, irritated eyelids.<\/p>\n<p><span><strong>DIRECTIONS FOR USE:<\/strong><\/span><\/p>\n<p>Place a small amount of jelly on a cotton pad. Apply to the closed eye. Leave on for a few seconds, then spread out toward the temples without rubbing. Can be used without cotton.<\/p>\n<p><span><strong>INGREDIENTS :<\/strong><\/span><\/p>\n<p>Aqua (purified water), propanediol, peg-6 caprylic\/capric glycerides, peg-7 glyceryl cocoate, pentylene glycol, polysorbate 20, niacinamide, 1,2-hexanediol, acrylates\/c10-30 alkyl acrylate crosspolymer, sodium hydroxide, cetrimonium bromide<\/p>","protected":false},"excerpt":{"rendered":"<p>SVR TOPIALYSE DEMAQUILLANT PALPEBRAL GELEE MICELLAIRE YEUX 125 ML Gel\u00e9e micellaire d\u00e9maquillante yeux Palp\u00e9bral, un v\u00e9ritable soin ultra apaisante paupi\u00e8res sensibles, s\u00e8ches, irrit\u00e9es. Plus confortable qu\u2019une eau, sa texture gel\u00e9e fra\u00eeche et apaisante d\u00e9maquille en un seul geste avec ou sans coton. Elle \u00e9limine en douceur tous les maquillages, m\u00eame waterproof sans agresser le contour [&hellip;]<\/p>\n","protected":false},"featured_media":21914,"template":"","meta":{"om_disable_all_campaigns":false},"product_brand":[5981],"product_cat":[18,15],"product_tag":[5982,5983,5984,5988,5987,5986,5985],"class_list":{"0":"post-21915","1":"product","2":"type-product","3":"status-publish","4":"has-post-thumbnail","6":"product_brand-svr-original-maroc-au-meilleur-prix","7":"product_cat-beaute-sante","8":"product_cat-beaute-sante-complements-alimentaires-soins-et-bien-etre-au-meilleur-prix","9":"product_tag-laboratoire-svr","10":"product_tag-marque-dermatologique-francaise","11":"product_tag-produits-svr-originaux","12":"product_tag-sun-secure-svr","13":"product_tag-svr","14":"product_tag-svr-laboratoire-dermatologique","15":"product_tag-svr-maroc","17":"first","18":"instock","19":"sale","20":"taxable","21":"shipping-taxable","22":"purchasable","23":"product-type-simple"},"yoast_head":"<!-- This site is optimized with the Yoast SEO plugin v27.4 - https:\/\/yoast.com\/product\/yoast-seo-wordpress\/ -->\n<title>SVR TOPIALYSE DEMAQUILLANT PALPEBRAL GELEE MICELLAIRE YEUX 125 ML - Maroc Prix<\/title>\n<meta name=\"description\" content=\"SVR TOPIALYSE DEMAQUILLANT PALPEBRAL GELEE MICELLAIRE YEUX 125 ML\" \/>\n<meta name=\"robots\" content=\"index, follow, max-snippet:-1, max-image-preview:large, max-video-preview:-1\" \/>\n<link rel=\"canonical\" href=\"https:\/\/vitablanca.ma\/en\/product\/svr-topialyse-demaquillant-palpebral-gelee-micellaire-yeux-125-ml\/\" \/>\n<meta property=\"og:locale\" content=\"en_US\" \/>\n<meta property=\"og:type\" content=\"article\" \/>\n<meta property=\"og:title\" content=\"SVR TOPIALYSE DEMAQUILLANT PALPEBRAL GELEE MICELLAIRE YEUX 125 ML - Maroc Prix\" \/>\n<meta property=\"og:description\" content=\"SVR TOPIALYSE DEMAQUILLANT PALPEBRAL GELEE MICELLAIRE YEUX 125 ML\" \/>\n<meta property=\"og:url\" content=\"https:\/\/vitablanca.ma\/en\/product\/svr-topialyse-demaquillant-palpebral-gelee-micellaire-yeux-125-ml\/\" \/>\n<meta property=\"og:site_name\" content=\"Vitablanca.ma &ndash; Sant&eacute;, vitalit&eacute; et bien-&ecirc;tre pour tous les Marocains\" \/>\n<meta property=\"article:publisher\" content=\"https:\/\/www.facebook.com\/profile.php?id=61576678196717\" \/>\n<meta property=\"article:modified_time\" content=\"2026-01-21T17:42:22+00:00\" \/>\n<meta property=\"og:image\" content=\"https:\/\/vitablanca.ma\/wp-content\/uploads\/2025\/06\/svr-topialyse-demaquillant-palpebral-gelee-micellaire-yeux-125-ml-Nova-para-prix-Maroc.jpg\" \/>\n\t<meta property=\"og:image:width\" content=\"800\" \/>\n\t<meta property=\"og:image:height\" content=\"800\" \/>\n\t<meta property=\"og:image:type\" content=\"image\/jpeg\" \/>\n<meta name=\"twitter:card\" content=\"summary_large_image\" \/>\n<meta name=\"twitter:label1\" content=\"Est. reading time\" \/>\n\t<meta name=\"twitter:data1\" content=\"1 minute\" \/>\n<script type=\"application\/ld+json\" class=\"yoast-schema-graph\">{\"@context\":\"https:\\\/\\\/schema.org\",\"@graph\":[{\"@type\":[\"WebPage\",\"ItemPage\"],\"@id\":\"https:\\\/\\\/vitablanca.ma\\\/produit\\\/svr-topialyse-demaquillant-palpebral-gelee-micellaire-yeux-125-ml\\\/\",\"url\":\"https:\\\/\\\/vitablanca.ma\\\/produit\\\/svr-topialyse-demaquillant-palpebral-gelee-micellaire-yeux-125-ml\\\/\",\"name\":\"SVR TOPIALYSE DEMAQUILLANT PALPEBRAL GELEE MICELLAIRE YEUX 125 ML - Maroc Prix\",\"isPartOf\":{\"@id\":\"https:\\\/\\\/vitablanca.ma\\\/#website\"},\"primaryImageOfPage\":{\"@id\":\"https:\\\/\\\/vitablanca.ma\\\/produit\\\/svr-topialyse-demaquillant-palpebral-gelee-micellaire-yeux-125-ml\\\/#primaryimage\"},\"image\":{\"@id\":\"https:\\\/\\\/vitablanca.ma\\\/produit\\\/svr-topialyse-demaquillant-palpebral-gelee-micellaire-yeux-125-ml\\\/#primaryimage\"},\"thumbnailUrl\":\"https:\\\/\\\/vitablanca.ma\\\/wp-content\\\/uploads\\\/2025\\\/06\\\/svr-topialyse-demaquillant-palpebral-gelee-micellaire-yeux-125-ml-Nova-para-prix-Maroc.jpg\",\"datePublished\":\"2025-06-11T21:32:43+00:00\",\"dateModified\":\"2026-01-21T17:42:22+00:00\",\"description\":\"SVR TOPIALYSE DEMAQUILLANT PALPEBRAL GELEE MICELLAIRE YEUX 125 ML\",\"breadcrumb\":{\"@id\":\"https:\\\/\\\/vitablanca.ma\\\/produit\\\/svr-topialyse-demaquillant-palpebral-gelee-micellaire-yeux-125-ml\\\/#breadcrumb\"},\"inLanguage\":\"en-US\",\"potentialAction\":[{\"@type\":\"ReadAction\",\"target\":[\"https:\\\/\\\/vitablanca.ma\\\/produit\\\/svr-topialyse-demaquillant-palpebral-gelee-micellaire-yeux-125-ml\\\/\"]}]},{\"@type\":\"ImageObject\",\"inLanguage\":\"en-US\",\"@id\":\"https:\\\/\\\/vitablanca.ma\\\/produit\\\/svr-topialyse-demaquillant-palpebral-gelee-micellaire-yeux-125-ml\\\/#primaryimage\",\"url\":\"https:\\\/\\\/vitablanca.ma\\\/wp-content\\\/uploads\\\/2025\\\/06\\\/svr-topialyse-demaquillant-palpebral-gelee-micellaire-yeux-125-ml-Nova-para-prix-Maroc.jpg\",\"contentUrl\":\"https:\\\/\\\/vitablanca.ma\\\/wp-content\\\/uploads\\\/2025\\\/06\\\/svr-topialyse-demaquillant-palpebral-gelee-micellaire-yeux-125-ml-Nova-para-prix-Maroc.jpg\",\"width\":800,\"height\":800},{\"@type\":\"BreadcrumbList\",\"@id\":\"https:\\\/\\\/vitablanca.ma\\\/produit\\\/svr-topialyse-demaquillant-palpebral-gelee-micellaire-yeux-125-ml\\\/#breadcrumb\",\"itemListElement\":[{\"@type\":\"ListItem\",\"position\":1,\"name\":\"Home\",\"item\":\"https:\\\/\\\/vitablanca.ma\\\/\"},{\"@type\":\"ListItem\",\"position\":2,\"name\":\"Tous Les Produits\",\"item\":\"https:\\\/\\\/vitablanca.ma\\\/tous-les-produits\\\/\"},{\"@type\":\"ListItem\",\"position\":3,\"name\":\"SVR TOPIALYSE DEMAQUILLANT PALPEBRAL GELEE MICELLAIRE YEUX 125 ML\"}]},{\"@type\":\"WebSite\",\"@id\":\"https:\\\/\\\/vitablanca.ma\\\/#website\",\"url\":\"https:\\\/\\\/vitablanca.ma\\\/\",\"name\":\"VitaBlanca.ma | Compl\u00e9ments alimentaires, sant\u00e9 & beaut\u00e9 au Maroc\",\"description\":\"vendre vitamines et compl\u00e9ments premium des USA &amp; Canada, Nouvelle Z\u00e9lande,Maroc (NOW Foods, Solgar, Manuka). Livraison rapide partout au Maroc.\",\"publisher\":{\"@id\":\"https:\\\/\\\/vitablanca.ma\\\/#organization\"},\"alternateName\":\"VitaBlanca.ma\",\"potentialAction\":[{\"@type\":\"SearchAction\",\"target\":{\"@type\":\"EntryPoint\",\"urlTemplate\":\"https:\\\/\\\/vitablanca.ma\\\/?s={search_term_string}\"},\"query-input\":{\"@type\":\"PropertyValueSpecification\",\"valueRequired\":true,\"valueName\":\"search_term_string\"}}],\"inLanguage\":\"en-US\"},{\"@type\":\"Organization\",\"@id\":\"https:\\\/\\\/vitablanca.ma\\\/#organization\",\"name\":\"VitaBlanca\",\"url\":\"https:\\\/\\\/vitablanca.ma\\\/\",\"logo\":{\"@type\":\"ImageObject\",\"inLanguage\":\"en-US\",\"@id\":\"https:\\\/\\\/vitablanca.ma\\\/#\\\/schema\\\/logo\\\/image\\\/\",\"url\":\"https:\\\/\\\/vitablanca.ma\\\/wp-content\\\/uploads\\\/2025\\\/05\\\/cropped-vitablanca.png\",\"contentUrl\":\"https:\\\/\\\/vitablanca.ma\\\/wp-content\\\/uploads\\\/2025\\\/05\\\/cropped-vitablanca.png\",\"width\":360,\"height\":67,\"caption\":\"VitaBlanca\"},\"image\":{\"@id\":\"https:\\\/\\\/vitablanca.ma\\\/#\\\/schema\\\/logo\\\/image\\\/\"},\"sameAs\":[\"https:\\\/\\\/www.facebook.com\\\/profile.php?id=61576678196717\",\"https:\\\/\\\/www.tiktok.com\\\/@vitablanca.ma\",\"https:\\\/\\\/www.instagram.com\\\/vitablanca.ma\\\/\"]}]}<\/script>\n<!-- \/ Yoast SEO plugin. -->","yoast_head_json":{"title":"SVR TOPIALYSE PALPEBRAL MAKE-UP REMOVER MICELLAR EYE GEL 125 ML - Morocco Price","description":"SVR TOPIALYSE PALPEBRAL MAKE-UP REMOVER MICELLAR EYE GEL 125 ML","robots":{"index":"index","follow":"follow","max-snippet":"max-snippet:-1","max-image-preview":"max-image-preview:large","max-video-preview":"max-video-preview:-1"},"canonical":"https:\/\/vitablanca.ma\/en\/product\/svr-topialyse-demaquillant-palpebral-gelee-micellaire-yeux-125-ml\/","og_locale":"en_US","og_type":"article","og_title":"SVR TOPIALYSE DEMAQUILLANT PALPEBRAL GELEE MICELLAIRE YEUX 125 ML - Maroc Prix","og_description":"SVR TOPIALYSE DEMAQUILLANT PALPEBRAL GELEE MICELLAIRE YEUX 125 ML","og_url":"https:\/\/vitablanca.ma\/en\/product\/svr-topialyse-demaquillant-palpebral-gelee-micellaire-yeux-125-ml\/","og_site_name":"Vitablanca.ma &ndash; Sant&eacute;, vitalit&eacute; et bien-&ecirc;tre pour tous les Marocains","article_publisher":"https:\/\/www.facebook.com\/profile.php?id=61576678196717","article_modified_time":"2026-01-21T17:42:22+00:00","og_image":[{"width":800,"height":800,"url":"https:\/\/vitablanca.ma\/wp-content\/uploads\/2025\/06\/svr-topialyse-demaquillant-palpebral-gelee-micellaire-yeux-125-ml-Nova-para-prix-Maroc.jpg","type":"image\/jpeg"}],"twitter_card":"summary_large_image","twitter_misc":{"Est. reading time":"1 minute"},"schema":{"@context":"https:\/\/schema.org","@graph":[{"@type":["WebPage","ItemPage"],"@id":"https:\/\/vitablanca.ma\/produit\/svr-topialyse-demaquillant-palpebral-gelee-micellaire-yeux-125-ml\/","url":"https:\/\/vitablanca.ma\/produit\/svr-topialyse-demaquillant-palpebral-gelee-micellaire-yeux-125-ml\/","name":"SVR TOPIALYSE PALPEBRAL MAKE-UP REMOVER MICELLAR EYE GEL 125 ML - Morocco Price","isPartOf":{"@id":"https:\/\/vitablanca.ma\/#website"},"primaryImageOfPage":{"@id":"https:\/\/vitablanca.ma\/produit\/svr-topialyse-demaquillant-palpebral-gelee-micellaire-yeux-125-ml\/#primaryimage"},"image":{"@id":"https:\/\/vitablanca.ma\/produit\/svr-topialyse-demaquillant-palpebral-gelee-micellaire-yeux-125-ml\/#primaryimage"},"thumbnailUrl":"https:\/\/vitablanca.ma\/wp-content\/uploads\/2025\/06\/svr-topialyse-demaquillant-palpebral-gelee-micellaire-yeux-125-ml-Nova-para-prix-Maroc.jpg","datePublished":"2025-06-11T21:32:43+00:00","dateModified":"2026-01-21T17:42:22+00:00","description":"SVR TOPIALYSE PALPEBRAL MAKE-UP REMOVER MICELLAR EYE GEL 125 ML","breadcrumb":{"@id":"https:\/\/vitablanca.ma\/produit\/svr-topialyse-demaquillant-palpebral-gelee-micellaire-yeux-125-ml\/#breadcrumb"},"inLanguage":"en-US","potentialAction":[{"@type":"ReadAction","target":["https:\/\/vitablanca.ma\/produit\/svr-topialyse-demaquillant-palpebral-gelee-micellaire-yeux-125-ml\/"]}]},{"@type":"ImageObject","inLanguage":"en-US","@id":"https:\/\/vitablanca.ma\/produit\/svr-topialyse-demaquillant-palpebral-gelee-micellaire-yeux-125-ml\/#primaryimage","url":"https:\/\/vitablanca.ma\/wp-content\/uploads\/2025\/06\/svr-topialyse-demaquillant-palpebral-gelee-micellaire-yeux-125-ml-Nova-para-prix-Maroc.jpg","contentUrl":"https:\/\/vitablanca.ma\/wp-content\/uploads\/2025\/06\/svr-topialyse-demaquillant-palpebral-gelee-micellaire-yeux-125-ml-Nova-para-prix-Maroc.jpg","width":800,"height":800},{"@type":"BreadcrumbList","@id":"https:\/\/vitablanca.ma\/produit\/svr-topialyse-demaquillant-palpebral-gelee-micellaire-yeux-125-ml\/#breadcrumb","itemListElement":[{"@type":"ListItem","position":1,"name":"Home","item":"https:\/\/vitablanca.ma\/"},{"@type":"ListItem","position":2,"name":"Tous Les Produits","item":"https:\/\/vitablanca.ma\/tous-les-produits\/"},{"@type":"ListItem","position":3,"name":"SVR TOPIALYSE DEMAQUILLANT PALPEBRAL GELEE MICELLAIRE YEUX 125 ML"}]},{"@type":"WebSite","@id":"https:\/\/vitablanca.ma\/#website","url":"https:\/\/vitablanca.ma\/","name":"VitaBlanca.ma | Food supplements, health &amp; beauty in Morocco","description":"sell premium vitamins and supplements from USA &amp; Canada, New Zealand, Morocco (NOW Foods, Solgar, Manuka). Fast delivery anywhere in Morocco.","publisher":{"@id":"https:\/\/vitablanca.ma\/#organization"},"alternateName":"VitaBlanca.ma","potentialAction":[{"@type":"SearchAction","target":{"@type":"EntryPoint","urlTemplate":"https:\/\/vitablanca.ma\/?s={search_term_string}"},"query-input":{"@type":"PropertyValueSpecification","valueRequired":true,"valueName":"search_term_string"}}],"inLanguage":"en-US"},{"@type":"Organization","@id":"https:\/\/vitablanca.ma\/#organization","name":"VitaBlanca","url":"https:\/\/vitablanca.ma\/","logo":{"@type":"ImageObject","inLanguage":"en-US","@id":"https:\/\/vitablanca.ma\/#\/schema\/logo\/image\/","url":"https:\/\/vitablanca.ma\/wp-content\/uploads\/2025\/05\/cropped-vitablanca.png","contentUrl":"https:\/\/vitablanca.ma\/wp-content\/uploads\/2025\/05\/cropped-vitablanca.png","width":360,"height":67,"caption":"VitaBlanca"},"image":{"@id":"https:\/\/vitablanca.ma\/#\/schema\/logo\/image\/"},"sameAs":["https:\/\/www.facebook.com\/profile.php?id=61576678196717","https:\/\/www.tiktok.com\/@vitablanca.ma","https:\/\/www.instagram.com\/vitablanca.ma\/"]}]}},"jetpack_sharing_enabled":true,"_links":{"self":[{"href":"https:\/\/vitablanca.ma\/en\/wp-json\/wp\/v2\/product\/21915","targetHints":{"allow":["GET"]}}],"collection":[{"href":"https:\/\/vitablanca.ma\/en\/wp-json\/wp\/v2\/product"}],"about":[{"href":"https:\/\/vitablanca.ma\/en\/wp-json\/wp\/v2\/types\/product"}],"wp:featuredmedia":[{"embeddable":true,"href":"https:\/\/vitablanca.ma\/en\/wp-json\/wp\/v2\/media\/21914"}],"wp:attachment":[{"href":"https:\/\/vitablanca.ma\/en\/wp-json\/wp\/v2\/media?parent=21915"}],"wp:term":[{"taxonomy":"product_brand","embeddable":true,"href":"https:\/\/vitablanca.ma\/en\/wp-json\/wp\/v2\/product_brand?post=21915"},{"taxonomy":"product_cat","embeddable":true,"href":"https:\/\/vitablanca.ma\/en\/wp-json\/wp\/v2\/product_cat?post=21915"},{"taxonomy":"product_tag","embeddable":true,"href":"https:\/\/vitablanca.ma\/en\/wp-json\/wp\/v2\/product_tag?post=21915"}],"curies":[{"name":"wp","href":"https:\/\/api.w.org\/{rel}","templated":true}]}}