{"id":21904,"date":"2025-06-11T21:32:30","date_gmt":"2025-06-11T21:32:30","guid":{"rendered":"https:\/\/vitablanca.ma\/product\/svr-hydraliane-creme-50-ml\/"},"modified":"2026-02-07T15:33:39","modified_gmt":"2026-02-07T15:33:39","slug":"svr-hydraliane-creme-50-ml","status":"publish","type":"product","link":"https:\/\/vitablanca.ma\/en\/product\/svr-hydraliane-creme-50-ml\/","title":{"rendered":"SVR HYDRALIANE CREAM 50 ML"},"content":{"rendered":"<h2 class=\"product_title\">SVR HYDRALIANE CREAM ALL TYPES OF SENSITIVE SKIN 50 ML<\/h2>\n<p><strong>FORMULATED FOR<\/strong><br \/>\nNormal to dry, dehydrated, uncomfortable, and tight skin. Suitable for sensitive skin.<br \/>\n<strong>A FORMULA OF NATURAL ORIGIN<\/strong><br \/>\n100% of naturally sourced ingredients. Ingredients sourced as close as possible.<br \/>\n<strong>DERMATOLOGICALLY TESTED<\/strong><br \/>\nNon-comedogenic. Physiological pH.<\/p>\n<p><strong>DIRECTIONS FOR USE:<\/strong><\/p>\n<p>Apply morning and\/or evening to clean, dry skin.<\/p>\n<p>Our advice: apply after thoroughly cleansing your skin<\/p>\n<p style=\"text-align: center;\">Discover <strong>SVR HYDRALIANE CREAM<\/strong> \u00a0, a product carefully selected to meet your specific needs, and enjoy an exceptional shopping experience on our site,\u00a0<strong>Vita Blanca Parapharmacie Maroc<\/strong><\/p>","protected":false},"excerpt":{"rendered":"<p>SVR HYDRALIANE CREME TOUS TYPES DE PEAUX SENSIBLES 50 ML FORMUL\u00c9 POUR Les peaux normales \u00e0 s\u00e8ches, d\u00e9shydrat\u00e9es, inconfortables, qui tiraillent. Adapt\u00e9 aux peaux sensibles. UNE FORMULE D\u2019ORIGINE NATURELLE 100% d\u2019ingr\u00e9dients d\u2019origine naturelle. Ingr\u00e9dients sourc\u00e9s au plus proche. TEST\u00c9 SOUS CONTR\u00d4LE DERMATOLOGIQUE Non com\u00e9dog\u00e8ne. pH physiologique. CONSEILS D&rsquo;UTILISATION: Appliquer matin et\/ou soir sur une peau [&hellip;]<\/p>\n","protected":false},"featured_media":21901,"template":"","meta":{"om_disable_all_campaigns":false},"product_brand":[5981],"product_cat":[18,15],"product_tag":[5982,5983,5984,5988,5987,5986,5985],"class_list":{"0":"post-21904","1":"product","2":"type-product","3":"status-publish","4":"has-post-thumbnail","6":"product_brand-svr-original-maroc-au-meilleur-prix","7":"product_cat-beaute-sante","8":"product_cat-beaute-sante-complements-alimentaires-soins-et-bien-etre-au-meilleur-prix","9":"product_tag-laboratoire-svr","10":"product_tag-marque-dermatologique-francaise","11":"product_tag-produits-svr-originaux","12":"product_tag-sun-secure-svr","13":"product_tag-svr","14":"product_tag-svr-laboratoire-dermatologique","15":"product_tag-svr-maroc","17":"first","18":"instock","19":"sale","20":"taxable","21":"shipping-taxable","22":"purchasable","23":"product-type-simple"},"yoast_head":"<!-- This site is optimized with the Yoast SEO plugin v27.4 - https:\/\/yoast.com\/product\/yoast-seo-wordpress\/ -->\n<title>SVR HYDRALIANE CREME 50 ML - Maroc Prix<\/title>\n<meta name=\"description\" content=\"Stick solaire SVR SPF50 pour zones sensibles. Protection UVA\/UVB, invisible, sans parfum, r\u00e9sistant \u00e0 l\u2019eau. Format pocket 20ml.\" \/>\n<meta name=\"robots\" content=\"index, follow, max-snippet:-1, max-image-preview:large, max-video-preview:-1\" \/>\n<link rel=\"canonical\" href=\"https:\/\/vitablanca.ma\/en\/product\/svr-hydraliane-creme-50-ml\/\" \/>\n<meta property=\"og:locale\" content=\"en_US\" \/>\n<meta property=\"og:type\" content=\"article\" \/>\n<meta property=\"og:title\" content=\"SVR HYDRALIANE CREME 50 ML - Maroc Prix\" \/>\n<meta property=\"og:description\" content=\"Stick solaire SVR SPF50 pour zones sensibles. Protection UVA\/UVB, invisible, sans parfum, r\u00e9sistant \u00e0 l\u2019eau. Format pocket 20ml.\" \/>\n<meta property=\"og:url\" content=\"https:\/\/vitablanca.ma\/en\/product\/svr-hydraliane-creme-50-ml\/\" \/>\n<meta property=\"og:site_name\" content=\"Vitablanca.ma &ndash; Sant&eacute;, vitalit&eacute; et bien-&ecirc;tre pour tous les Marocains\" \/>\n<meta property=\"article:publisher\" content=\"https:\/\/www.facebook.com\/profile.php?id=61576678196717\" \/>\n<meta property=\"article:modified_time\" content=\"2026-02-07T15:33:39+00:00\" \/>\n<meta property=\"og:image\" content=\"https:\/\/vitablanca.ma\/wp-content\/uploads\/2025\/06\/333636323336313030333232382d314dc3ca93.jpg-Nova-para-prix-Maroc.jpg\" \/>\n\t<meta property=\"og:image:width\" content=\"600\" \/>\n\t<meta property=\"og:image:height\" content=\"600\" \/>\n\t<meta property=\"og:image:type\" content=\"image\/jpeg\" \/>\n<meta name=\"twitter:card\" content=\"summary_large_image\" \/>\n<meta name=\"twitter:label1\" content=\"Est. reading time\" \/>\n\t<meta name=\"twitter:data1\" content=\"1 minute\" \/>\n<script type=\"application\/ld+json\" class=\"yoast-schema-graph\">{\"@context\":\"https:\\\/\\\/schema.org\",\"@graph\":[{\"@type\":[\"WebPage\",\"ItemPage\"],\"@id\":\"https:\\\/\\\/vitablanca.ma\\\/produit\\\/svr-hydraliane-creme-50-ml\\\/\",\"url\":\"https:\\\/\\\/vitablanca.ma\\\/produit\\\/svr-hydraliane-creme-50-ml\\\/\",\"name\":\"SVR HYDRALIANE CREME 50 ML - Maroc Prix\",\"isPartOf\":{\"@id\":\"https:\\\/\\\/vitablanca.ma\\\/#website\"},\"primaryImageOfPage\":{\"@id\":\"https:\\\/\\\/vitablanca.ma\\\/produit\\\/svr-hydraliane-creme-50-ml\\\/#primaryimage\"},\"image\":{\"@id\":\"https:\\\/\\\/vitablanca.ma\\\/produit\\\/svr-hydraliane-creme-50-ml\\\/#primaryimage\"},\"thumbnailUrl\":\"https:\\\/\\\/vitablanca.ma\\\/wp-content\\\/uploads\\\/2025\\\/06\\\/333636323336313030333232382d314dc3ca93.jpg-Nova-para-prix-Maroc.jpg\",\"datePublished\":\"2025-06-11T21:32:30+00:00\",\"dateModified\":\"2026-02-07T15:33:39+00:00\",\"description\":\"Stick solaire SVR SPF50 pour zones sensibles. Protection UVA\\\/UVB, invisible, sans parfum, r\u00e9sistant \u00e0 l\u2019eau. Format pocket 20ml.\",\"breadcrumb\":{\"@id\":\"https:\\\/\\\/vitablanca.ma\\\/produit\\\/svr-hydraliane-creme-50-ml\\\/#breadcrumb\"},\"inLanguage\":\"en-US\",\"potentialAction\":[{\"@type\":\"ReadAction\",\"target\":[\"https:\\\/\\\/vitablanca.ma\\\/produit\\\/svr-hydraliane-creme-50-ml\\\/\"]}]},{\"@type\":\"ImageObject\",\"inLanguage\":\"en-US\",\"@id\":\"https:\\\/\\\/vitablanca.ma\\\/produit\\\/svr-hydraliane-creme-50-ml\\\/#primaryimage\",\"url\":\"https:\\\/\\\/vitablanca.ma\\\/wp-content\\\/uploads\\\/2025\\\/06\\\/333636323336313030333232382d314dc3ca93.jpg-Nova-para-prix-Maroc.jpg\",\"contentUrl\":\"https:\\\/\\\/vitablanca.ma\\\/wp-content\\\/uploads\\\/2025\\\/06\\\/333636323336313030333232382d314dc3ca93.jpg-Nova-para-prix-Maroc.jpg\",\"width\":600,\"height\":600},{\"@type\":\"BreadcrumbList\",\"@id\":\"https:\\\/\\\/vitablanca.ma\\\/produit\\\/svr-hydraliane-creme-50-ml\\\/#breadcrumb\",\"itemListElement\":[{\"@type\":\"ListItem\",\"position\":1,\"name\":\"Home\",\"item\":\"https:\\\/\\\/vitablanca.ma\\\/\"},{\"@type\":\"ListItem\",\"position\":2,\"name\":\"Tous Les Produits\",\"item\":\"https:\\\/\\\/vitablanca.ma\\\/tous-les-produits\\\/\"},{\"@type\":\"ListItem\",\"position\":3,\"name\":\"SVR HYDRALIANE CREME 50 ML\"}]},{\"@type\":\"WebSite\",\"@id\":\"https:\\\/\\\/vitablanca.ma\\\/#website\",\"url\":\"https:\\\/\\\/vitablanca.ma\\\/\",\"name\":\"VitaBlanca.ma | Compl\u00e9ments alimentaires, sant\u00e9 & beaut\u00e9 au Maroc\",\"description\":\"vendre vitamines et compl\u00e9ments premium des USA &amp; Canada, Nouvelle Z\u00e9lande,Maroc (NOW Foods, Solgar, Manuka). Livraison rapide partout au Maroc.\",\"publisher\":{\"@id\":\"https:\\\/\\\/vitablanca.ma\\\/#organization\"},\"alternateName\":\"VitaBlanca.ma\",\"potentialAction\":[{\"@type\":\"SearchAction\",\"target\":{\"@type\":\"EntryPoint\",\"urlTemplate\":\"https:\\\/\\\/vitablanca.ma\\\/?s={search_term_string}\"},\"query-input\":{\"@type\":\"PropertyValueSpecification\",\"valueRequired\":true,\"valueName\":\"search_term_string\"}}],\"inLanguage\":\"en-US\"},{\"@type\":\"Organization\",\"@id\":\"https:\\\/\\\/vitablanca.ma\\\/#organization\",\"name\":\"VitaBlanca\",\"url\":\"https:\\\/\\\/vitablanca.ma\\\/\",\"logo\":{\"@type\":\"ImageObject\",\"inLanguage\":\"en-US\",\"@id\":\"https:\\\/\\\/vitablanca.ma\\\/#\\\/schema\\\/logo\\\/image\\\/\",\"url\":\"https:\\\/\\\/vitablanca.ma\\\/wp-content\\\/uploads\\\/2025\\\/05\\\/cropped-vitablanca.png\",\"contentUrl\":\"https:\\\/\\\/vitablanca.ma\\\/wp-content\\\/uploads\\\/2025\\\/05\\\/cropped-vitablanca.png\",\"width\":360,\"height\":67,\"caption\":\"VitaBlanca\"},\"image\":{\"@id\":\"https:\\\/\\\/vitablanca.ma\\\/#\\\/schema\\\/logo\\\/image\\\/\"},\"sameAs\":[\"https:\\\/\\\/www.facebook.com\\\/profile.php?id=61576678196717\",\"https:\\\/\\\/www.tiktok.com\\\/@vitablanca.ma\",\"https:\\\/\\\/www.instagram.com\\\/vitablanca.ma\\\/\"]}]}<\/script>\n<!-- \/ Yoast SEO plugin. -->","yoast_head_json":{"title":"SVR HYDRALIANE CREAM 50 ML - Morocco Price","description":"Stick solaire SVR SPF50 pour zones sensibles. Protection UVA\/UVB, invisible, sans parfum, r\u00e9sistant \u00e0 l\u2019eau. Format pocket 20ml.","robots":{"index":"index","follow":"follow","max-snippet":"max-snippet:-1","max-image-preview":"max-image-preview:large","max-video-preview":"max-video-preview:-1"},"canonical":"https:\/\/vitablanca.ma\/en\/product\/svr-hydraliane-creme-50-ml\/","og_locale":"en_US","og_type":"article","og_title":"SVR HYDRALIANE CREME 50 ML - Maroc Prix","og_description":"Stick solaire SVR SPF50 pour zones sensibles. Protection UVA\/UVB, invisible, sans parfum, r\u00e9sistant \u00e0 l\u2019eau. Format pocket 20ml.","og_url":"https:\/\/vitablanca.ma\/en\/product\/svr-hydraliane-creme-50-ml\/","og_site_name":"Vitablanca.ma &ndash; Sant&eacute;, vitalit&eacute; et bien-&ecirc;tre pour tous les Marocains","article_publisher":"https:\/\/www.facebook.com\/profile.php?id=61576678196717","article_modified_time":"2026-02-07T15:33:39+00:00","og_image":[{"width":600,"height":600,"url":"https:\/\/vitablanca.ma\/wp-content\/uploads\/2025\/06\/333636323336313030333232382d314dc3ca93.jpg-Nova-para-prix-Maroc.jpg","type":"image\/jpeg"}],"twitter_card":"summary_large_image","twitter_misc":{"Est. reading time":"1 minute"},"schema":{"@context":"https:\/\/schema.org","@graph":[{"@type":["WebPage","ItemPage"],"@id":"https:\/\/vitablanca.ma\/produit\/svr-hydraliane-creme-50-ml\/","url":"https:\/\/vitablanca.ma\/produit\/svr-hydraliane-creme-50-ml\/","name":"SVR HYDRALIANE CREAM 50 ML - Morocco Price","isPartOf":{"@id":"https:\/\/vitablanca.ma\/#website"},"primaryImageOfPage":{"@id":"https:\/\/vitablanca.ma\/produit\/svr-hydraliane-creme-50-ml\/#primaryimage"},"image":{"@id":"https:\/\/vitablanca.ma\/produit\/svr-hydraliane-creme-50-ml\/#primaryimage"},"thumbnailUrl":"https:\/\/vitablanca.ma\/wp-content\/uploads\/2025\/06\/333636323336313030333232382d314dc3ca93.jpg-Nova-para-prix-Maroc.jpg","datePublished":"2025-06-11T21:32:30+00:00","dateModified":"2026-02-07T15:33:39+00:00","description":"Stick solaire SVR SPF50 pour zones sensibles. Protection UVA\/UVB, invisible, sans parfum, r\u00e9sistant \u00e0 l\u2019eau. Format pocket 20ml.","breadcrumb":{"@id":"https:\/\/vitablanca.ma\/produit\/svr-hydraliane-creme-50-ml\/#breadcrumb"},"inLanguage":"en-US","potentialAction":[{"@type":"ReadAction","target":["https:\/\/vitablanca.ma\/produit\/svr-hydraliane-creme-50-ml\/"]}]},{"@type":"ImageObject","inLanguage":"en-US","@id":"https:\/\/vitablanca.ma\/produit\/svr-hydraliane-creme-50-ml\/#primaryimage","url":"https:\/\/vitablanca.ma\/wp-content\/uploads\/2025\/06\/333636323336313030333232382d314dc3ca93.jpg-Nova-para-prix-Maroc.jpg","contentUrl":"https:\/\/vitablanca.ma\/wp-content\/uploads\/2025\/06\/333636323336313030333232382d314dc3ca93.jpg-Nova-para-prix-Maroc.jpg","width":600,"height":600},{"@type":"BreadcrumbList","@id":"https:\/\/vitablanca.ma\/produit\/svr-hydraliane-creme-50-ml\/#breadcrumb","itemListElement":[{"@type":"ListItem","position":1,"name":"Home","item":"https:\/\/vitablanca.ma\/"},{"@type":"ListItem","position":2,"name":"Tous Les Produits","item":"https:\/\/vitablanca.ma\/tous-les-produits\/"},{"@type":"ListItem","position":3,"name":"SVR HYDRALIANE CREME 50 ML"}]},{"@type":"WebSite","@id":"https:\/\/vitablanca.ma\/#website","url":"https:\/\/vitablanca.ma\/","name":"VitaBlanca.ma | Food supplements, health &amp; beauty in Morocco","description":"sell premium vitamins and supplements from USA &amp; Canada, New Zealand, Morocco (NOW Foods, Solgar, Manuka). Fast delivery anywhere in Morocco.","publisher":{"@id":"https:\/\/vitablanca.ma\/#organization"},"alternateName":"VitaBlanca.ma","potentialAction":[{"@type":"SearchAction","target":{"@type":"EntryPoint","urlTemplate":"https:\/\/vitablanca.ma\/?s={search_term_string}"},"query-input":{"@type":"PropertyValueSpecification","valueRequired":true,"valueName":"search_term_string"}}],"inLanguage":"en-US"},{"@type":"Organization","@id":"https:\/\/vitablanca.ma\/#organization","name":"VitaBlanca","url":"https:\/\/vitablanca.ma\/","logo":{"@type":"ImageObject","inLanguage":"en-US","@id":"https:\/\/vitablanca.ma\/#\/schema\/logo\/image\/","url":"https:\/\/vitablanca.ma\/wp-content\/uploads\/2025\/05\/cropped-vitablanca.png","contentUrl":"https:\/\/vitablanca.ma\/wp-content\/uploads\/2025\/05\/cropped-vitablanca.png","width":360,"height":67,"caption":"VitaBlanca"},"image":{"@id":"https:\/\/vitablanca.ma\/#\/schema\/logo\/image\/"},"sameAs":["https:\/\/www.facebook.com\/profile.php?id=61576678196717","https:\/\/www.tiktok.com\/@vitablanca.ma","https:\/\/www.instagram.com\/vitablanca.ma\/"]}]}},"jetpack_sharing_enabled":true,"_links":{"self":[{"href":"https:\/\/vitablanca.ma\/en\/wp-json\/wp\/v2\/product\/21904","targetHints":{"allow":["GET"]}}],"collection":[{"href":"https:\/\/vitablanca.ma\/en\/wp-json\/wp\/v2\/product"}],"about":[{"href":"https:\/\/vitablanca.ma\/en\/wp-json\/wp\/v2\/types\/product"}],"wp:featuredmedia":[{"embeddable":true,"href":"https:\/\/vitablanca.ma\/en\/wp-json\/wp\/v2\/media\/21901"}],"wp:attachment":[{"href":"https:\/\/vitablanca.ma\/en\/wp-json\/wp\/v2\/media?parent=21904"}],"wp:term":[{"taxonomy":"product_brand","embeddable":true,"href":"https:\/\/vitablanca.ma\/en\/wp-json\/wp\/v2\/product_brand?post=21904"},{"taxonomy":"product_cat","embeddable":true,"href":"https:\/\/vitablanca.ma\/en\/wp-json\/wp\/v2\/product_cat?post=21904"},{"taxonomy":"product_tag","embeddable":true,"href":"https:\/\/vitablanca.ma\/en\/wp-json\/wp\/v2\/product_tag?post=21904"}],"curies":[{"name":"wp","href":"https:\/\/api.w.org\/{rel}","templated":true}]}}