{"id":21888,"date":"2025-06-11T21:32:18","date_gmt":"2025-06-11T21:32:18","guid":{"rendered":"https:\/\/vitablanca.ma\/product\/svr-sebiaclear-ampoule-flash-30-ml\/"},"modified":"2026-01-21T17:42:23","modified_gmt":"2026-01-21T17:42:23","slug":"svr-sebiaclear-ampoule-flash-30-ml","status":"publish","type":"product","link":"https:\/\/vitablanca.ma\/en\/product\/svr-sebiaclear-ampoule-flash-30-ml\/","title":{"rendered":"SVR SEBIACLEAR Flash Ampoule 30 Ml"},"content":{"rendered":"<h2>SVR SEBIACLEAR Flash Ampoule 30 Ml<\/h2>\n<p>Anti-blemish, anti-redness, smoothing concentrate<\/p>\n<p>When you know that in 8 hours we won&#039;t see your spots anymore!<\/p>\n<p><strong><span>FOR WHOM? FOR WHAT?<\/span><\/strong><\/p>\n<p>For all acne-prone, sensitized skin. Blemishes, redness, marks. From 10 years old.<\/p>\n<p>Because we are not always at peace with our imperfections, we tend to think that all means are good, but they are not! Crushed and attacked, acne-prone skin becomes even more sensitized and enters the vicious circle of acne.<\/p>\n<p>It is necessary to soothe and rebalance these fragile skins.<\/p>\n<p>To achieve the best balance of efficacy and tolerance, Laboratoire SVR formulated this treatment with 15% azelaic acid, a recognized anti-inflammatory and keratolytic dermatological active ingredient. Combined with salicylic acid, zinc, and niacinamide, SEBIACLEAR Flash Ampoule deeply unclogs, visibly reducing imperfections and redness in record time. Its light, milky texture blends with the skin for an imperceptible finish. The skin is cleansed, purified, soothed, and comfortable.<\/p>\n<p>This ultra-concentrated treatment is very easy to integrate into all routines from teenagers to adults for immediate and long-lasting effectiveness clinically proven:<\/p>\n<p>\u2022 FROM 8H1, Visibly reduces spots<\/p>\n<p>\u2022 FROM 24 HOURS, Reduces comedones2, blackheads2, pores2 and redness1<\/p>\n<p>\u2022 FROM 7 DAYS, Reduces marks2 and skin imperfections3<\/p>\n<p>\u2022 FROM 28 DAYS2, Buttons are reduced by -40.9%<\/p>\n<p><em>CONSUMERS HAVE ALREADY ADOPTED IT4<\/em><\/p>\n<p>\u2022 95% The skin is soothed and comfortable<\/p>\n<p>\u2022 95% The skin texture is refined<\/p>\n<p>\u2022 91% The product regulates excess sebum<\/p>\n<p>\u2022 91% The skin is mattified, hydrated and more radiant\u00a0<\/p>\n<p>Non-comedogenic.<\/p>\n<p>1- Self-assessment on 22 volunteers for 28 days in twice-daily application, % of satisfaction. 2- Clinical scoring on 22 volunteers for 28 days in twice-daily application, % of variation. 3- Dermatological scoring of the GEA scale, 22 volunteers, % of variation. 4- Self-assessment, on 22 volunteers after 7 days of application in twice-daily application, % of satisfaction.<\/p>\n<p><strong><span>DIRECTIONS FOR USE:<\/span><\/strong><\/p>\n<p>Shake before use. Apply morning and\/or evening to a clean, dry face. Alone or as a complement to your daily skincare routine.<\/p>\n<p>Do not swallow \u2013 Keep out of reach of children. Do not store above 30\u00b0C.<\/p>\n<p><span><strong>INGREDIENTS :<\/strong><\/span><\/p>\n<p>SEBIACLEAR Flash Ampoule is the new treatment that acts on all the parameters that cause acne-prone skin to correct imperfections in record time. Formulated with 81% of ingredients of natural origin, with an acid recognized for its effectiveness and enriched with dermatological active ingredients for a high-tolerance, complete and rapid action:\u00a0<\/p>\n<p>\u2022 15% Azelaic Acid: Multi-function, it reduces skin imperfections, regulates excess sebum, reduces inflammation and prevents the appearance of red and brown marks.<\/p>\n<p>\u2022 2% Niacinamide: Hydrates, soothes and promotes skin barrier balance<\/p>\n<p>\u2022 2% Zinc: Limits bacterial proliferation and regulates excess sebum.<\/p>\n<p>\u2022 Salicylic acid: Purifies and smoothes skin texture.<\/p>\n<p>\u2022 14.5% of moisturizing agents: The skin is hydrated and comfortable.<\/p>\n<p>INCI: LAB20.42\/A.36 \u2013 INGREDIENTS: AQUA\/WATER\/EAU, AZELAIC ACID, GLYCERIN, ISOPROPYL ALCOHOL, ISOPENTYLDIOL, NIACINAMIDE, ZINC GLUCONATE, DICAPRYLYL ETHER, SALICYLIC ACID, PARFUM (FRAGRANCE), PENTYLENE GLYCOL, SODIUM HYDROXIDE, MICROCRYSTALLIN CELLULOSE, 1,2-HEXANEDIOL, CAPRYLYL GLYCOL, SPHINGOMONAS FERMENT EXTRACT, CELLULOSE GUM, TOCOPHEROL<\/p>\n<p style=\"text-align: center\">Discover SVR SEBIACLEAR Flash Ampoule, a product carefully selected to meet your specific needs, and enjoy an exceptional shopping experience on our site,\u00a0<strong>Vita Blanca Parapharmacie Maroc<\/strong><\/p>","protected":false},"excerpt":{"rendered":"<p>SVR SEBIACLEAR Ampoule Flash 30 Ml Concentr\u00e9 anti-imperfections, anti-rougeurs, lissant Quand tu sais que dans 8h on ne verra plus tes boutons ! POUR QUI ? POUR QUOI ? Pour toutes les peaux \u00e0 tendance acn\u00e9ique sensibilis\u00e9es. Imperfections, rougeurs, marques. D\u00e8s 10 ans. Parce qu\u2019on n\u2019est pas toujours en paix avec nos imperfections, on a [&hellip;]<\/p>\n","protected":false},"featured_media":21887,"template":"","meta":{"om_disable_all_campaigns":false},"product_brand":[5981],"product_cat":[18,15],"product_tag":[5982,5983,5984,5988,5987,5986,5985],"class_list":{"0":"post-21888","1":"product","2":"type-product","3":"status-publish","4":"has-post-thumbnail","6":"product_brand-svr-original-maroc-au-meilleur-prix","7":"product_cat-beaute-sante","8":"product_cat-beaute-sante-complements-alimentaires-soins-et-bien-etre-au-meilleur-prix","9":"product_tag-laboratoire-svr","10":"product_tag-marque-dermatologique-francaise","11":"product_tag-produits-svr-originaux","12":"product_tag-sun-secure-svr","13":"product_tag-svr","14":"product_tag-svr-laboratoire-dermatologique","15":"product_tag-svr-maroc","17":"first","18":"instock","19":"sale","20":"taxable","21":"shipping-taxable","22":"purchasable","23":"product-type-simple"},"yoast_head":"<!-- This site is optimized with the Yoast SEO plugin v27.4 - https:\/\/yoast.com\/product\/yoast-seo-wordpress\/ -->\n<title>SVR SEBIACLEAR Ampoule Flash 30 Ml - Maroc Prix<\/title>\n<meta name=\"description\" content=\"SVR SEBIACLEAR Ampoule Flash 30 Ml\" \/>\n<meta name=\"robots\" content=\"index, follow, max-snippet:-1, max-image-preview:large, max-video-preview:-1\" \/>\n<link rel=\"canonical\" href=\"https:\/\/vitablanca.ma\/en\/product\/svr-sebiaclear-ampoule-flash-30-ml\/\" \/>\n<meta property=\"og:locale\" content=\"en_US\" \/>\n<meta property=\"og:type\" content=\"article\" \/>\n<meta property=\"og:title\" content=\"SVR SEBIACLEAR Ampoule Flash 30 Ml - Maroc Prix\" \/>\n<meta property=\"og:description\" content=\"SVR SEBIACLEAR Ampoule Flash 30 Ml\" \/>\n<meta property=\"og:url\" content=\"https:\/\/vitablanca.ma\/en\/product\/svr-sebiaclear-ampoule-flash-30-ml\/\" \/>\n<meta property=\"og:site_name\" content=\"Vitablanca.ma &ndash; Sant&eacute;, vitalit&eacute; et bien-&ecirc;tre pour tous les Marocains\" \/>\n<meta property=\"article:publisher\" content=\"https:\/\/www.facebook.com\/profile.php?id=61576678196717\" \/>\n<meta property=\"article:modified_time\" content=\"2026-01-21T17:42:23+00:00\" \/>\n<meta property=\"og:image\" content=\"https:\/\/vitablanca.ma\/wp-content\/uploads\/2025\/06\/svr-sebiaclear-ampoule-flash-30-ml-Nova-para-prix-Maroc.jpg\" \/>\n\t<meta property=\"og:image:width\" content=\"800\" \/>\n\t<meta property=\"og:image:height\" content=\"800\" \/>\n\t<meta property=\"og:image:type\" content=\"image\/jpeg\" \/>\n<meta name=\"twitter:card\" content=\"summary_large_image\" \/>\n<meta name=\"twitter:label1\" content=\"Est. reading time\" \/>\n\t<meta name=\"twitter:data1\" content=\"3 minutes\" \/>\n<script type=\"application\/ld+json\" class=\"yoast-schema-graph\">{\"@context\":\"https:\\\/\\\/schema.org\",\"@graph\":[{\"@type\":[\"WebPage\",\"ItemPage\"],\"@id\":\"https:\\\/\\\/vitablanca.ma\\\/produit\\\/svr-sebiaclear-ampoule-flash-30-ml\\\/\",\"url\":\"https:\\\/\\\/vitablanca.ma\\\/produit\\\/svr-sebiaclear-ampoule-flash-30-ml\\\/\",\"name\":\"SVR SEBIACLEAR Ampoule Flash 30 Ml - Maroc Prix\",\"isPartOf\":{\"@id\":\"https:\\\/\\\/vitablanca.ma\\\/#website\"},\"primaryImageOfPage\":{\"@id\":\"https:\\\/\\\/vitablanca.ma\\\/produit\\\/svr-sebiaclear-ampoule-flash-30-ml\\\/#primaryimage\"},\"image\":{\"@id\":\"https:\\\/\\\/vitablanca.ma\\\/produit\\\/svr-sebiaclear-ampoule-flash-30-ml\\\/#primaryimage\"},\"thumbnailUrl\":\"https:\\\/\\\/vitablanca.ma\\\/wp-content\\\/uploads\\\/2025\\\/06\\\/svr-sebiaclear-ampoule-flash-30-ml-Nova-para-prix-Maroc.jpg\",\"datePublished\":\"2025-06-11T21:32:18+00:00\",\"dateModified\":\"2026-01-21T17:42:23+00:00\",\"description\":\"SVR SEBIACLEAR Ampoule Flash 30 Ml\",\"breadcrumb\":{\"@id\":\"https:\\\/\\\/vitablanca.ma\\\/produit\\\/svr-sebiaclear-ampoule-flash-30-ml\\\/#breadcrumb\"},\"inLanguage\":\"en-US\",\"potentialAction\":[{\"@type\":\"ReadAction\",\"target\":[\"https:\\\/\\\/vitablanca.ma\\\/produit\\\/svr-sebiaclear-ampoule-flash-30-ml\\\/\"]}]},{\"@type\":\"ImageObject\",\"inLanguage\":\"en-US\",\"@id\":\"https:\\\/\\\/vitablanca.ma\\\/produit\\\/svr-sebiaclear-ampoule-flash-30-ml\\\/#primaryimage\",\"url\":\"https:\\\/\\\/vitablanca.ma\\\/wp-content\\\/uploads\\\/2025\\\/06\\\/svr-sebiaclear-ampoule-flash-30-ml-Nova-para-prix-Maroc.jpg\",\"contentUrl\":\"https:\\\/\\\/vitablanca.ma\\\/wp-content\\\/uploads\\\/2025\\\/06\\\/svr-sebiaclear-ampoule-flash-30-ml-Nova-para-prix-Maroc.jpg\",\"width\":800,\"height\":800},{\"@type\":\"BreadcrumbList\",\"@id\":\"https:\\\/\\\/vitablanca.ma\\\/produit\\\/svr-sebiaclear-ampoule-flash-30-ml\\\/#breadcrumb\",\"itemListElement\":[{\"@type\":\"ListItem\",\"position\":1,\"name\":\"Home\",\"item\":\"https:\\\/\\\/vitablanca.ma\\\/\"},{\"@type\":\"ListItem\",\"position\":2,\"name\":\"Tous Les Produits\",\"item\":\"https:\\\/\\\/vitablanca.ma\\\/tous-les-produits\\\/\"},{\"@type\":\"ListItem\",\"position\":3,\"name\":\"SVR SEBIACLEAR Ampoule Flash 30 Ml\"}]},{\"@type\":\"WebSite\",\"@id\":\"https:\\\/\\\/vitablanca.ma\\\/#website\",\"url\":\"https:\\\/\\\/vitablanca.ma\\\/\",\"name\":\"VitaBlanca.ma | Compl\u00e9ments alimentaires, sant\u00e9 & beaut\u00e9 au Maroc\",\"description\":\"vendre vitamines et compl\u00e9ments premium des USA &amp; Canada, Nouvelle Z\u00e9lande,Maroc (NOW Foods, Solgar, Manuka). Livraison rapide partout au Maroc.\",\"publisher\":{\"@id\":\"https:\\\/\\\/vitablanca.ma\\\/#organization\"},\"alternateName\":\"VitaBlanca.ma\",\"potentialAction\":[{\"@type\":\"SearchAction\",\"target\":{\"@type\":\"EntryPoint\",\"urlTemplate\":\"https:\\\/\\\/vitablanca.ma\\\/?s={search_term_string}\"},\"query-input\":{\"@type\":\"PropertyValueSpecification\",\"valueRequired\":true,\"valueName\":\"search_term_string\"}}],\"inLanguage\":\"en-US\"},{\"@type\":\"Organization\",\"@id\":\"https:\\\/\\\/vitablanca.ma\\\/#organization\",\"name\":\"VitaBlanca\",\"url\":\"https:\\\/\\\/vitablanca.ma\\\/\",\"logo\":{\"@type\":\"ImageObject\",\"inLanguage\":\"en-US\",\"@id\":\"https:\\\/\\\/vitablanca.ma\\\/#\\\/schema\\\/logo\\\/image\\\/\",\"url\":\"https:\\\/\\\/vitablanca.ma\\\/wp-content\\\/uploads\\\/2025\\\/05\\\/cropped-vitablanca.png\",\"contentUrl\":\"https:\\\/\\\/vitablanca.ma\\\/wp-content\\\/uploads\\\/2025\\\/05\\\/cropped-vitablanca.png\",\"width\":360,\"height\":67,\"caption\":\"VitaBlanca\"},\"image\":{\"@id\":\"https:\\\/\\\/vitablanca.ma\\\/#\\\/schema\\\/logo\\\/image\\\/\"},\"sameAs\":[\"https:\\\/\\\/www.facebook.com\\\/profile.php?id=61576678196717\",\"https:\\\/\\\/www.tiktok.com\\\/@vitablanca.ma\",\"https:\\\/\\\/www.instagram.com\\\/vitablanca.ma\\\/\"]}]}<\/script>\n<!-- \/ Yoast SEO plugin. -->","yoast_head_json":{"title":"SVR SEBIACLEAR Flash Ampoule 30 Ml - Morocco Price","description":"SVR SEBIACLEAR Flash Ampoule 30 Ml","robots":{"index":"index","follow":"follow","max-snippet":"max-snippet:-1","max-image-preview":"max-image-preview:large","max-video-preview":"max-video-preview:-1"},"canonical":"https:\/\/vitablanca.ma\/en\/product\/svr-sebiaclear-ampoule-flash-30-ml\/","og_locale":"en_US","og_type":"article","og_title":"SVR SEBIACLEAR Ampoule Flash 30 Ml - Maroc Prix","og_description":"SVR SEBIACLEAR Ampoule Flash 30 Ml","og_url":"https:\/\/vitablanca.ma\/en\/product\/svr-sebiaclear-ampoule-flash-30-ml\/","og_site_name":"Vitablanca.ma &ndash; Sant&eacute;, vitalit&eacute; et bien-&ecirc;tre pour tous les Marocains","article_publisher":"https:\/\/www.facebook.com\/profile.php?id=61576678196717","article_modified_time":"2026-01-21T17:42:23+00:00","og_image":[{"width":800,"height":800,"url":"https:\/\/vitablanca.ma\/wp-content\/uploads\/2025\/06\/svr-sebiaclear-ampoule-flash-30-ml-Nova-para-prix-Maroc.jpg","type":"image\/jpeg"}],"twitter_card":"summary_large_image","twitter_misc":{"Est. reading time":"3 minutes"},"schema":{"@context":"https:\/\/schema.org","@graph":[{"@type":["WebPage","ItemPage"],"@id":"https:\/\/vitablanca.ma\/produit\/svr-sebiaclear-ampoule-flash-30-ml\/","url":"https:\/\/vitablanca.ma\/produit\/svr-sebiaclear-ampoule-flash-30-ml\/","name":"SVR SEBIACLEAR Flash Ampoule 30 Ml - Morocco Price","isPartOf":{"@id":"https:\/\/vitablanca.ma\/#website"},"primaryImageOfPage":{"@id":"https:\/\/vitablanca.ma\/produit\/svr-sebiaclear-ampoule-flash-30-ml\/#primaryimage"},"image":{"@id":"https:\/\/vitablanca.ma\/produit\/svr-sebiaclear-ampoule-flash-30-ml\/#primaryimage"},"thumbnailUrl":"https:\/\/vitablanca.ma\/wp-content\/uploads\/2025\/06\/svr-sebiaclear-ampoule-flash-30-ml-Nova-para-prix-Maroc.jpg","datePublished":"2025-06-11T21:32:18+00:00","dateModified":"2026-01-21T17:42:23+00:00","description":"SVR SEBIACLEAR Flash Ampoule 30 Ml","breadcrumb":{"@id":"https:\/\/vitablanca.ma\/produit\/svr-sebiaclear-ampoule-flash-30-ml\/#breadcrumb"},"inLanguage":"en-US","potentialAction":[{"@type":"ReadAction","target":["https:\/\/vitablanca.ma\/produit\/svr-sebiaclear-ampoule-flash-30-ml\/"]}]},{"@type":"ImageObject","inLanguage":"en-US","@id":"https:\/\/vitablanca.ma\/produit\/svr-sebiaclear-ampoule-flash-30-ml\/#primaryimage","url":"https:\/\/vitablanca.ma\/wp-content\/uploads\/2025\/06\/svr-sebiaclear-ampoule-flash-30-ml-Nova-para-prix-Maroc.jpg","contentUrl":"https:\/\/vitablanca.ma\/wp-content\/uploads\/2025\/06\/svr-sebiaclear-ampoule-flash-30-ml-Nova-para-prix-Maroc.jpg","width":800,"height":800},{"@type":"BreadcrumbList","@id":"https:\/\/vitablanca.ma\/produit\/svr-sebiaclear-ampoule-flash-30-ml\/#breadcrumb","itemListElement":[{"@type":"ListItem","position":1,"name":"Home","item":"https:\/\/vitablanca.ma\/"},{"@type":"ListItem","position":2,"name":"Tous Les Produits","item":"https:\/\/vitablanca.ma\/tous-les-produits\/"},{"@type":"ListItem","position":3,"name":"SVR SEBIACLEAR Ampoule Flash 30 Ml"}]},{"@type":"WebSite","@id":"https:\/\/vitablanca.ma\/#website","url":"https:\/\/vitablanca.ma\/","name":"VitaBlanca.ma | Food supplements, health &amp; beauty in Morocco","description":"sell premium vitamins and supplements from USA &amp; Canada, New Zealand, Morocco (NOW Foods, Solgar, Manuka). Fast delivery anywhere in Morocco.","publisher":{"@id":"https:\/\/vitablanca.ma\/#organization"},"alternateName":"VitaBlanca.ma","potentialAction":[{"@type":"SearchAction","target":{"@type":"EntryPoint","urlTemplate":"https:\/\/vitablanca.ma\/?s={search_term_string}"},"query-input":{"@type":"PropertyValueSpecification","valueRequired":true,"valueName":"search_term_string"}}],"inLanguage":"en-US"},{"@type":"Organization","@id":"https:\/\/vitablanca.ma\/#organization","name":"VitaBlanca","url":"https:\/\/vitablanca.ma\/","logo":{"@type":"ImageObject","inLanguage":"en-US","@id":"https:\/\/vitablanca.ma\/#\/schema\/logo\/image\/","url":"https:\/\/vitablanca.ma\/wp-content\/uploads\/2025\/05\/cropped-vitablanca.png","contentUrl":"https:\/\/vitablanca.ma\/wp-content\/uploads\/2025\/05\/cropped-vitablanca.png","width":360,"height":67,"caption":"VitaBlanca"},"image":{"@id":"https:\/\/vitablanca.ma\/#\/schema\/logo\/image\/"},"sameAs":["https:\/\/www.facebook.com\/profile.php?id=61576678196717","https:\/\/www.tiktok.com\/@vitablanca.ma","https:\/\/www.instagram.com\/vitablanca.ma\/"]}]}},"jetpack_sharing_enabled":true,"_links":{"self":[{"href":"https:\/\/vitablanca.ma\/en\/wp-json\/wp\/v2\/product\/21888","targetHints":{"allow":["GET"]}}],"collection":[{"href":"https:\/\/vitablanca.ma\/en\/wp-json\/wp\/v2\/product"}],"about":[{"href":"https:\/\/vitablanca.ma\/en\/wp-json\/wp\/v2\/types\/product"}],"wp:featuredmedia":[{"embeddable":true,"href":"https:\/\/vitablanca.ma\/en\/wp-json\/wp\/v2\/media\/21887"}],"wp:attachment":[{"href":"https:\/\/vitablanca.ma\/en\/wp-json\/wp\/v2\/media?parent=21888"}],"wp:term":[{"taxonomy":"product_brand","embeddable":true,"href":"https:\/\/vitablanca.ma\/en\/wp-json\/wp\/v2\/product_brand?post=21888"},{"taxonomy":"product_cat","embeddable":true,"href":"https:\/\/vitablanca.ma\/en\/wp-json\/wp\/v2\/product_cat?post=21888"},{"taxonomy":"product_tag","embeddable":true,"href":"https:\/\/vitablanca.ma\/en\/wp-json\/wp\/v2\/product_tag?post=21888"}],"curies":[{"name":"wp","href":"https:\/\/api.w.org\/{rel}","templated":true}]}}