{"id":21874,"date":"2025-06-11T21:32:00","date_gmt":"2025-06-11T21:32:00","guid":{"rendered":"https:\/\/vitablanca.ma\/product\/svr-sensifine-hydra-creme-40ml\/"},"modified":"2026-01-21T17:42:25","modified_gmt":"2026-01-21T17:42:25","slug":"svr-sensifine-hydra-creme-40ml","status":"publish","type":"product","link":"https:\/\/vitablanca.ma\/en\/product\/svr-sensifine-hydra-creme-40ml\/","title":{"rendered":"Svr Sensifine Hydra Cream 40ml"},"content":{"rendered":"<h2>Svr Sensifine Hydra Cream<\/h2>\n<p>40ml<\/p>\n<h3>For whom? For what?<\/h3>\n<p>For all sensitive, poly-allergic, normal to dry skin. Face.<\/p>\n<p>Combining tolerance, effectiveness, and pleasure, a challenge met for this new Sensifine treatment. This minimalist cream has been formulated with only 10 ingredients and 96% of ingredients of natural origin, all carefully selected and chosen to instantly soothe and intensely moisturize fragile skin that is neither too oily nor too dry. Its creamy gel-cream texture enriched with avocado oil melts into the skin to provide comfort and hydration for 24 hours without a trace of greasy or sticky finish.<br \/>A treatment that comforts hypersensitive skin, but also takes care of the planet with plastic-free packaging.<\/p>\n<p>\u2022 Reduces skin discomfort by 84% in 1 application (1)<br \/>\u2022 The skin is immediately soothed: 83% (2)<br \/>\u2022 The product leaves a soft finish: 87% (2)<\/p>\n<p>(1) Clinical study on 20 subjects after 1 application.<br \/>(2) Self-assessment on 23 subjects for 21 days in twice-daily application.<\/p>\n<h3>How does it work?<\/h3>\n<p>SENSIFINE Hydra-Cream is a combination of Panthenol and 13% avocado oil for enhanced soothing and moisturizing effectiveness, without compromising tolerance and naturalness. And we don&#039;t forget the pleasure thanks to an ultra-sensory texture!<\/p>\n<p>An ultra-minimalist formula with only 10 essential ingredients.<br \/>Composed of 96% of ingredients of natural origin.<\/p>\n<p>In complete transparency:<br \/>Purified water: Quenches the skin<br \/>Avocado oil: Gentle vegetable oil, nourishes, protects<br \/>Squalane: Emollient from cane sugar, hydrates<br \/>Panthenol: Reference active ingredient, soothes, maintains the barrier<br \/>1,2 Hexanediol: Humectant, promotes skin comfort<br \/>Caprylil Glycol: Humectant, provides softness and suppleness<br \/>Acrylates: Emulsifier, binds the formula<br \/>Xantham gum: Gelling agent, brings smoothness to the formula<br \/>Pentaerythrityl tetra-di-t-butyl hydroxyhydrocinnamate: Antioxidant, protects the formula<br \/>Sodium Hydroxide: pH adjuster to respect the skin<\/p>\n<p>Proven effectiveness under dermatological control on hypersensitive and poly-allergic skin. Fragrance-free. Physiological pH. Hypoallergenic. Non-comedogenic.<\/p>\n<p>LAB19.33\u00acB.09 INGREDIENTS: AQUA\u00acWATER\u00acEAU, PERSEA GRATISSIMA AVOCADOOIL, SQUALANE, PANTHENOL, 1.2 HEXANEDIOL, ACRYLATES\u00acC10 30 ALKYL ACRYLATE CROSSPOLYMER, XANTHAN GUM, CAPRYLYL GLYCOL, PENTAERYTHRITYL TETRA DI T BUTYL HYDROXYHYDROCINNAMATE, SODIUM HYDROXIDE<\/p>\n<p>The list of ingredients may be subject to change, we advise you to check the list on the product purchased.<\/p>\n<h3>How to use it?<\/h3>\n<p>Apply morning and evening to the entire face and neck, on clean, dry skin.<\/p>\n<p style=\"text-align: center\">Discover Svr Sensifine Hydra Cream, a product carefully selected to meet your specific needs, and enjoy an exceptional shopping experience on our site,\u00a0<strong>Vita Blanca Parapharmacie Maroc<\/strong><\/p>","protected":false},"excerpt":{"rendered":"<p>Svr Sensifine Hydra Cr\u00e8me 40ml Pour qui ? Pour quoi ? Pour toutes les peaux sensibles, poly-allergiques normales \u00e0 s\u00e8ches. Visage. Associer tol\u00e9rance, efficacit\u00e9 et plaisir, challenge relev\u00e9 pour ce nouveau soin Sensifine. Cette cr\u00e8me minimaliste a \u00e9t\u00e9 formul\u00e9 avec uniquement 10 ingr\u00e9dients et 96% d\u2019ingr\u00e9dients d\u2019origine naturelle, tous s\u00e9lectionn\u00e9s et choisis minutieusement pour apaiser [&hellip;]<\/p>\n","protected":false},"featured_media":21873,"template":"","meta":{"om_disable_all_campaigns":false},"product_brand":[5981],"product_cat":[18,15],"product_tag":[5982,5983,5984,5988,5987,5986,5985],"class_list":{"0":"post-21874","1":"product","2":"type-product","3":"status-publish","4":"has-post-thumbnail","6":"product_brand-svr-original-maroc-au-meilleur-prix","7":"product_cat-beaute-sante","8":"product_cat-beaute-sante-complements-alimentaires-soins-et-bien-etre-au-meilleur-prix","9":"product_tag-laboratoire-svr","10":"product_tag-marque-dermatologique-francaise","11":"product_tag-produits-svr-originaux","12":"product_tag-sun-secure-svr","13":"product_tag-svr","14":"product_tag-svr-laboratoire-dermatologique","15":"product_tag-svr-maroc","17":"first","18":"instock","19":"sale","20":"taxable","21":"shipping-taxable","22":"purchasable","23":"product-type-simple"},"yoast_head":"<!-- This site is optimized with the Yoast SEO plugin v27.4 - https:\/\/yoast.com\/product\/yoast-seo-wordpress\/ -->\n<title>Svr Sensifine Hydra Cr\u00e8me 40ml - Maroc Prix<\/title>\n<meta name=\"description\" content=\"Svr Sensifine Hydra Cr\u00e8me 40ml\" \/>\n<meta name=\"robots\" content=\"index, follow, max-snippet:-1, max-image-preview:large, max-video-preview:-1\" \/>\n<link rel=\"canonical\" href=\"https:\/\/vitablanca.ma\/en\/product\/svr-sensifine-hydra-creme-40ml\/\" \/>\n<meta property=\"og:locale\" content=\"en_US\" \/>\n<meta property=\"og:type\" content=\"article\" \/>\n<meta property=\"og:title\" content=\"Svr Sensifine Hydra Cr\u00e8me 40ml - Maroc Prix\" \/>\n<meta property=\"og:description\" content=\"Svr Sensifine Hydra Cr\u00e8me 40ml\" \/>\n<meta property=\"og:url\" content=\"https:\/\/vitablanca.ma\/en\/product\/svr-sensifine-hydra-creme-40ml\/\" \/>\n<meta property=\"og:site_name\" content=\"Vitablanca.ma &ndash; Sant&eacute;, vitalit&eacute; et bien-&ecirc;tre pour tous les Marocains\" \/>\n<meta property=\"article:publisher\" content=\"https:\/\/www.facebook.com\/profile.php?id=61576678196717\" \/>\n<meta property=\"article:modified_time\" content=\"2026-01-21T17:42:25+00:00\" \/>\n<meta property=\"og:image\" content=\"https:\/\/vitablanca.ma\/wp-content\/uploads\/2025\/06\/Svr-Sensifine-Hydra-Creme-40ml-prix-maroc-parapharmacie-casablanca.jpg\" \/>\n\t<meta property=\"og:image:width\" content=\"1000\" \/>\n\t<meta property=\"og:image:height\" content=\"1000\" \/>\n\t<meta property=\"og:image:type\" content=\"image\/jpeg\" \/>\n<meta name=\"twitter:card\" content=\"summary_large_image\" \/>\n<meta name=\"twitter:label1\" content=\"Est. reading time\" \/>\n\t<meta name=\"twitter:data1\" content=\"2 minutes\" \/>\n<script type=\"application\/ld+json\" class=\"yoast-schema-graph\">{\"@context\":\"https:\\\/\\\/schema.org\",\"@graph\":[{\"@type\":[\"WebPage\",\"ItemPage\"],\"@id\":\"https:\\\/\\\/vitablanca.ma\\\/produit\\\/svr-sensifine-hydra-creme-40ml\\\/\",\"url\":\"https:\\\/\\\/vitablanca.ma\\\/produit\\\/svr-sensifine-hydra-creme-40ml\\\/\",\"name\":\"Svr Sensifine Hydra Cr\u00e8me 40ml - Maroc Prix\",\"isPartOf\":{\"@id\":\"https:\\\/\\\/vitablanca.ma\\\/#website\"},\"primaryImageOfPage\":{\"@id\":\"https:\\\/\\\/vitablanca.ma\\\/produit\\\/svr-sensifine-hydra-creme-40ml\\\/#primaryimage\"},\"image\":{\"@id\":\"https:\\\/\\\/vitablanca.ma\\\/produit\\\/svr-sensifine-hydra-creme-40ml\\\/#primaryimage\"},\"thumbnailUrl\":\"https:\\\/\\\/vitablanca.ma\\\/wp-content\\\/uploads\\\/2025\\\/06\\\/Svr-Sensifine-Hydra-Creme-40ml-prix-maroc-parapharmacie-casablanca.jpg\",\"datePublished\":\"2025-06-11T21:32:00+00:00\",\"dateModified\":\"2026-01-21T17:42:25+00:00\",\"description\":\"Svr Sensifine Hydra Cr\u00e8me 40ml\",\"breadcrumb\":{\"@id\":\"https:\\\/\\\/vitablanca.ma\\\/produit\\\/svr-sensifine-hydra-creme-40ml\\\/#breadcrumb\"},\"inLanguage\":\"en-US\",\"potentialAction\":[{\"@type\":\"ReadAction\",\"target\":[\"https:\\\/\\\/vitablanca.ma\\\/produit\\\/svr-sensifine-hydra-creme-40ml\\\/\"]}]},{\"@type\":\"ImageObject\",\"inLanguage\":\"en-US\",\"@id\":\"https:\\\/\\\/vitablanca.ma\\\/produit\\\/svr-sensifine-hydra-creme-40ml\\\/#primaryimage\",\"url\":\"https:\\\/\\\/vitablanca.ma\\\/wp-content\\\/uploads\\\/2025\\\/06\\\/Svr-Sensifine-Hydra-Creme-40ml-prix-maroc-parapharmacie-casablanca.jpg\",\"contentUrl\":\"https:\\\/\\\/vitablanca.ma\\\/wp-content\\\/uploads\\\/2025\\\/06\\\/Svr-Sensifine-Hydra-Creme-40ml-prix-maroc-parapharmacie-casablanca.jpg\",\"width\":1000,\"height\":1000},{\"@type\":\"BreadcrumbList\",\"@id\":\"https:\\\/\\\/vitablanca.ma\\\/produit\\\/svr-sensifine-hydra-creme-40ml\\\/#breadcrumb\",\"itemListElement\":[{\"@type\":\"ListItem\",\"position\":1,\"name\":\"Home\",\"item\":\"https:\\\/\\\/vitablanca.ma\\\/\"},{\"@type\":\"ListItem\",\"position\":2,\"name\":\"Tous Les Produits\",\"item\":\"https:\\\/\\\/vitablanca.ma\\\/tous-les-produits\\\/\"},{\"@type\":\"ListItem\",\"position\":3,\"name\":\"Svr Sensifine Hydra Cr\u00e8me 40ml\"}]},{\"@type\":\"WebSite\",\"@id\":\"https:\\\/\\\/vitablanca.ma\\\/#website\",\"url\":\"https:\\\/\\\/vitablanca.ma\\\/\",\"name\":\"VitaBlanca.ma | Compl\u00e9ments alimentaires, sant\u00e9 & beaut\u00e9 au Maroc\",\"description\":\"vendre vitamines et compl\u00e9ments premium des USA &amp; Canada, Nouvelle Z\u00e9lande,Maroc (NOW Foods, Solgar, Manuka). Livraison rapide partout au Maroc.\",\"publisher\":{\"@id\":\"https:\\\/\\\/vitablanca.ma\\\/#organization\"},\"alternateName\":\"VitaBlanca.ma\",\"potentialAction\":[{\"@type\":\"SearchAction\",\"target\":{\"@type\":\"EntryPoint\",\"urlTemplate\":\"https:\\\/\\\/vitablanca.ma\\\/?s={search_term_string}\"},\"query-input\":{\"@type\":\"PropertyValueSpecification\",\"valueRequired\":true,\"valueName\":\"search_term_string\"}}],\"inLanguage\":\"en-US\"},{\"@type\":\"Organization\",\"@id\":\"https:\\\/\\\/vitablanca.ma\\\/#organization\",\"name\":\"VitaBlanca\",\"url\":\"https:\\\/\\\/vitablanca.ma\\\/\",\"logo\":{\"@type\":\"ImageObject\",\"inLanguage\":\"en-US\",\"@id\":\"https:\\\/\\\/vitablanca.ma\\\/#\\\/schema\\\/logo\\\/image\\\/\",\"url\":\"https:\\\/\\\/vitablanca.ma\\\/wp-content\\\/uploads\\\/2025\\\/05\\\/cropped-vitablanca.png\",\"contentUrl\":\"https:\\\/\\\/vitablanca.ma\\\/wp-content\\\/uploads\\\/2025\\\/05\\\/cropped-vitablanca.png\",\"width\":360,\"height\":67,\"caption\":\"VitaBlanca\"},\"image\":{\"@id\":\"https:\\\/\\\/vitablanca.ma\\\/#\\\/schema\\\/logo\\\/image\\\/\"},\"sameAs\":[\"https:\\\/\\\/www.facebook.com\\\/profile.php?id=61576678196717\",\"https:\\\/\\\/www.tiktok.com\\\/@vitablanca.ma\",\"https:\\\/\\\/www.instagram.com\\\/vitablanca.ma\\\/\"]}]}<\/script>\n<!-- \/ Yoast SEO plugin. -->","yoast_head_json":{"title":"Svr Sensifine Hydra Cream 40ml - Morocco Price","description":"Svr Sensifine Hydra Cream 40ml","robots":{"index":"index","follow":"follow","max-snippet":"max-snippet:-1","max-image-preview":"max-image-preview:large","max-video-preview":"max-video-preview:-1"},"canonical":"https:\/\/vitablanca.ma\/en\/product\/svr-sensifine-hydra-creme-40ml\/","og_locale":"en_US","og_type":"article","og_title":"Svr Sensifine Hydra Cr\u00e8me 40ml - Maroc Prix","og_description":"Svr Sensifine Hydra Cr\u00e8me 40ml","og_url":"https:\/\/vitablanca.ma\/en\/product\/svr-sensifine-hydra-creme-40ml\/","og_site_name":"Vitablanca.ma &ndash; Sant&eacute;, vitalit&eacute; et bien-&ecirc;tre pour tous les Marocains","article_publisher":"https:\/\/www.facebook.com\/profile.php?id=61576678196717","article_modified_time":"2026-01-21T17:42:25+00:00","og_image":[{"width":1000,"height":1000,"url":"https:\/\/vitablanca.ma\/wp-content\/uploads\/2025\/06\/Svr-Sensifine-Hydra-Creme-40ml-prix-maroc-parapharmacie-casablanca.jpg","type":"image\/jpeg"}],"twitter_card":"summary_large_image","twitter_misc":{"Est. reading time":"2 minutes"},"schema":{"@context":"https:\/\/schema.org","@graph":[{"@type":["WebPage","ItemPage"],"@id":"https:\/\/vitablanca.ma\/produit\/svr-sensifine-hydra-creme-40ml\/","url":"https:\/\/vitablanca.ma\/produit\/svr-sensifine-hydra-creme-40ml\/","name":"Svr Sensifine Hydra Cream 40ml - Morocco Price","isPartOf":{"@id":"https:\/\/vitablanca.ma\/#website"},"primaryImageOfPage":{"@id":"https:\/\/vitablanca.ma\/produit\/svr-sensifine-hydra-creme-40ml\/#primaryimage"},"image":{"@id":"https:\/\/vitablanca.ma\/produit\/svr-sensifine-hydra-creme-40ml\/#primaryimage"},"thumbnailUrl":"https:\/\/vitablanca.ma\/wp-content\/uploads\/2025\/06\/Svr-Sensifine-Hydra-Creme-40ml-prix-maroc-parapharmacie-casablanca.jpg","datePublished":"2025-06-11T21:32:00+00:00","dateModified":"2026-01-21T17:42:25+00:00","description":"Svr Sensifine Hydra Cream 40ml","breadcrumb":{"@id":"https:\/\/vitablanca.ma\/produit\/svr-sensifine-hydra-creme-40ml\/#breadcrumb"},"inLanguage":"en-US","potentialAction":[{"@type":"ReadAction","target":["https:\/\/vitablanca.ma\/produit\/svr-sensifine-hydra-creme-40ml\/"]}]},{"@type":"ImageObject","inLanguage":"en-US","@id":"https:\/\/vitablanca.ma\/produit\/svr-sensifine-hydra-creme-40ml\/#primaryimage","url":"https:\/\/vitablanca.ma\/wp-content\/uploads\/2025\/06\/Svr-Sensifine-Hydra-Creme-40ml-prix-maroc-parapharmacie-casablanca.jpg","contentUrl":"https:\/\/vitablanca.ma\/wp-content\/uploads\/2025\/06\/Svr-Sensifine-Hydra-Creme-40ml-prix-maroc-parapharmacie-casablanca.jpg","width":1000,"height":1000},{"@type":"BreadcrumbList","@id":"https:\/\/vitablanca.ma\/produit\/svr-sensifine-hydra-creme-40ml\/#breadcrumb","itemListElement":[{"@type":"ListItem","position":1,"name":"Home","item":"https:\/\/vitablanca.ma\/"},{"@type":"ListItem","position":2,"name":"Tous Les Produits","item":"https:\/\/vitablanca.ma\/tous-les-produits\/"},{"@type":"ListItem","position":3,"name":"Svr Sensifine Hydra Cr\u00e8me 40ml"}]},{"@type":"WebSite","@id":"https:\/\/vitablanca.ma\/#website","url":"https:\/\/vitablanca.ma\/","name":"VitaBlanca.ma | Food supplements, health &amp; beauty in Morocco","description":"sell premium vitamins and supplements from USA &amp; Canada, New Zealand, Morocco (NOW Foods, Solgar, Manuka). Fast delivery anywhere in Morocco.","publisher":{"@id":"https:\/\/vitablanca.ma\/#organization"},"alternateName":"VitaBlanca.ma","potentialAction":[{"@type":"SearchAction","target":{"@type":"EntryPoint","urlTemplate":"https:\/\/vitablanca.ma\/?s={search_term_string}"},"query-input":{"@type":"PropertyValueSpecification","valueRequired":true,"valueName":"search_term_string"}}],"inLanguage":"en-US"},{"@type":"Organization","@id":"https:\/\/vitablanca.ma\/#organization","name":"VitaBlanca","url":"https:\/\/vitablanca.ma\/","logo":{"@type":"ImageObject","inLanguage":"en-US","@id":"https:\/\/vitablanca.ma\/#\/schema\/logo\/image\/","url":"https:\/\/vitablanca.ma\/wp-content\/uploads\/2025\/05\/cropped-vitablanca.png","contentUrl":"https:\/\/vitablanca.ma\/wp-content\/uploads\/2025\/05\/cropped-vitablanca.png","width":360,"height":67,"caption":"VitaBlanca"},"image":{"@id":"https:\/\/vitablanca.ma\/#\/schema\/logo\/image\/"},"sameAs":["https:\/\/www.facebook.com\/profile.php?id=61576678196717","https:\/\/www.tiktok.com\/@vitablanca.ma","https:\/\/www.instagram.com\/vitablanca.ma\/"]}]}},"jetpack_sharing_enabled":true,"_links":{"self":[{"href":"https:\/\/vitablanca.ma\/en\/wp-json\/wp\/v2\/product\/21874","targetHints":{"allow":["GET"]}}],"collection":[{"href":"https:\/\/vitablanca.ma\/en\/wp-json\/wp\/v2\/product"}],"about":[{"href":"https:\/\/vitablanca.ma\/en\/wp-json\/wp\/v2\/types\/product"}],"wp:featuredmedia":[{"embeddable":true,"href":"https:\/\/vitablanca.ma\/en\/wp-json\/wp\/v2\/media\/21873"}],"wp:attachment":[{"href":"https:\/\/vitablanca.ma\/en\/wp-json\/wp\/v2\/media?parent=21874"}],"wp:term":[{"taxonomy":"product_brand","embeddable":true,"href":"https:\/\/vitablanca.ma\/en\/wp-json\/wp\/v2\/product_brand?post=21874"},{"taxonomy":"product_cat","embeddable":true,"href":"https:\/\/vitablanca.ma\/en\/wp-json\/wp\/v2\/product_cat?post=21874"},{"taxonomy":"product_tag","embeddable":true,"href":"https:\/\/vitablanca.ma\/en\/wp-json\/wp\/v2\/product_tag?post=21874"}],"curies":[{"name":"wp","href":"https:\/\/api.w.org\/{rel}","templated":true}]}}