{"id":21849,"date":"2025-06-11T21:31:32","date_gmt":"2025-06-11T21:31:32","guid":{"rendered":"https:\/\/vitablanca.ma\/product\/roge-cavailles-deo-soin-spray-mixte-150ml\/"},"modified":"2026-02-07T17:00:58","modified_gmt":"2026-02-07T17:00:58","slug":"roge-cavailles-deo-soin-spray-mixte-150ml","status":"publish","type":"product","link":"https:\/\/vitablanca.ma\/en\/product\/roge-cavailles-deo-soin-spray-mixte-150ml\/","title":{"rendered":"Rog\u00e9 Cavaill\u00e8s Deo-Care Spray Mixed 150ml"},"content":{"rendered":"<h2 data-mce-fragment=\"1\">Rog\u00e9 Cavaill\u00e8s Deo-Care Spray for Mixed Use\u00a0<span data-mce-fragment=\"1\">Ideal for daily efficiency without aluminum salts<\/span><\/h2>\n<p data-mce-fragment=\"1\">This Aluminum-Free Deodorant is the long-lasting freshness ally for very sensitive and irritated skin. A sensation that lasts all day long.<\/p>\n<p data-mce-fragment=\"1\">-A formula enriched with absorbent micro-talc to combat humidity and neutralize rings and odors<\/p>\n<p data-mce-fragment=\"1\">-Without Aluminum Salts to combine respect for your skin, optimal effectiveness and regenerating comfort<\/p>\n<p data-mce-fragment=\"1\">-A creamy texture to provide comfort and hydration to your skin throughout the day<\/p>\n<h3 data-mce-fragment=\"1\">DIRECTIONS FOR USE<\/h3>\n<div class=\"accordion collapse show\" data-mce-fragment=\"1\">\n<div class=\"accordion-body\" data-mce-fragment=\"1\">\n<div class=\"wysiwyg\" data-mce-fragment=\"1\">\n<p data-mce-fragment=\"1\">This deodorant for very sensitive skin should be applied daily to clean, dry underarms. Remember to let it dry for a few moments before getting dressed.<\/p>\n<\/div>\n<\/div>\n<\/div>\n<div class=\"accordion collapse show\" data-mce-fragment=\"1\">\n<div class=\"accordion-header\" data-mce-fragment=\"1\">\n<h3 class=\"mb-0\" data-mce-fragment=\"1\">PRODUCT COMPOSITION<\/h3>\n<\/div>\n<div class=\"accordion-body\" data-mce-fragment=\"1\">\n<div data-mce-fragment=\"1\">\n<p data-mce-fragment=\"1\">Aqua, PPG-15 Stearyl Ether, Steareth-2, Propylene Glycol, Triethyl Citrate, Steareth-21, Tocopheryl Acetate, PEG-6 Caprylic\/Capric Glycerides, Talc, Bisabolol, Piroctone Olamine, Imidazolidinyl Urea, Parfum<\/p>\n<\/div>\n<\/div>\n<\/div>","protected":false},"excerpt":{"rendered":"<p>Rog\u00e9 Cavaill\u00e8s Deo-Soin Spray Mixte\u00a0Id\u00e9al pour une efficacit\u00e9 au quotidien sans sels d\u2019aluminium Ce D\u00e9odorant Sans Sels d\u2019Aluminium est l\u2019alli\u00e9 fra\u00eecheur durable des peaux tr\u00e8s sensibles et irrit\u00e9es. Une sensation qui dure toute la journ\u00e9e. -Une formule enrichie en micro-talc absorbant pour combattre l\u2019humidit\u00e9 et neutraliser aur\u00e9oles et odeurs -Sans Sels d\u2019Aluminium\u00a0 pour conjuguer respect [&hellip;]<\/p>\n","protected":false},"featured_media":21847,"template":"","meta":{"om_disable_all_campaigns":false},"product_brand":[],"product_cat":[15],"product_tag":[8622,8626,8624,8629,8628,8625,8621,8630,8623,8627],"class_list":{"0":"post-21849","1":"product","2":"type-product","3":"status-publish","4":"has-post-thumbnail","6":"product_cat-beaute-sante-complements-alimentaires-soins-et-bien-etre-au-meilleur-prix","7":"product_tag-deo-soin-mixte","8":"product_tag-deodorant-hypoallergenique","9":"product_tag-deodorant-peaux-sensibles","10":"product_tag-deodorant-unisexe","11":"product_tag-protection-transpiration","12":"product_tag-roge-cavailles-150ml","13":"product_tag-roge-cavailles-deodorant-spray","14":"product_tag-soin-aisselles-doux","15":"product_tag-spray-anti-odeurs","16":"product_tag-spray-quotidien","18":"first","19":"instock","20":"sale","21":"taxable","22":"shipping-taxable","23":"purchasable","24":"product-type-simple"},"yoast_head":"<!-- This site is optimized with the Yoast SEO plugin v27.4 - https:\/\/yoast.com\/product\/yoast-seo-wordpress\/ -->\n<title>Rog\u00e9 Cavaill\u00e8s Deo-Soin Spray Mixte 150ml - Maroc Prix<\/title>\n<meta name=\"description\" content=\"D\u00e9o-Soin Spray Rog\u00e9 Cavaill\u00e8s 150ml. Neutralise les odeurs, prot\u00e8ge contre la transpiration et respecte les peaux sensibles. Convient aux hommes et femmes.\" \/>\n<meta name=\"robots\" content=\"index, follow, max-snippet:-1, max-image-preview:large, max-video-preview:-1\" \/>\n<link rel=\"canonical\" href=\"https:\/\/vitablanca.ma\/en\/product\/roge-cavailles-deo-soin-spray-mixte-150ml\/\" \/>\n<meta property=\"og:locale\" content=\"en_US\" \/>\n<meta property=\"og:type\" content=\"article\" \/>\n<meta property=\"og:title\" content=\"Rog\u00e9 Cavaill\u00e8s Deo-Soin Spray Mixte 150ml - Maroc Prix\" \/>\n<meta property=\"og:description\" content=\"D\u00e9o-Soin Spray Rog\u00e9 Cavaill\u00e8s 150ml. Neutralise les odeurs, prot\u00e8ge contre la transpiration et respecte les peaux sensibles. Convient aux hommes et femmes.\" \/>\n<meta property=\"og:url\" content=\"https:\/\/vitablanca.ma\/en\/product\/roge-cavailles-deo-soin-spray-mixte-150ml\/\" \/>\n<meta property=\"og:site_name\" content=\"Vitablanca.ma &ndash; Sant&eacute;, vitalit&eacute; et bien-&ecirc;tre pour tous les Marocains\" \/>\n<meta property=\"article:publisher\" content=\"https:\/\/www.facebook.com\/profile.php?id=61576678196717\" \/>\n<meta property=\"article:modified_time\" content=\"2026-02-07T17:00:58+00:00\" \/>\n<meta property=\"og:image\" content=\"https:\/\/vitablanca.ma\/wp-content\/uploads\/2025\/06\/RC-Deo-Soin-Spray-Mixte-150-Ml-nova-parapharmacie-casablanca.jpg\" \/>\n\t<meta property=\"og:image:width\" content=\"1000\" \/>\n\t<meta property=\"og:image:height\" content=\"1000\" \/>\n\t<meta property=\"og:image:type\" content=\"image\/jpeg\" \/>\n<meta name=\"twitter:card\" content=\"summary_large_image\" \/>\n<meta name=\"twitter:label1\" content=\"Est. reading time\" \/>\n\t<meta name=\"twitter:data1\" content=\"1 minute\" \/>\n<script type=\"application\/ld+json\" class=\"yoast-schema-graph\">{\"@context\":\"https:\\\/\\\/schema.org\",\"@graph\":[{\"@type\":[\"WebPage\",\"ItemPage\"],\"@id\":\"https:\\\/\\\/vitablanca.ma\\\/produit\\\/roge-cavailles-deo-soin-spray-mixte-150ml\\\/\",\"url\":\"https:\\\/\\\/vitablanca.ma\\\/produit\\\/roge-cavailles-deo-soin-spray-mixte-150ml\\\/\",\"name\":\"Rog\u00e9 Cavaill\u00e8s Deo-Soin Spray Mixte 150ml - Maroc Prix\",\"isPartOf\":{\"@id\":\"https:\\\/\\\/vitablanca.ma\\\/#website\"},\"primaryImageOfPage\":{\"@id\":\"https:\\\/\\\/vitablanca.ma\\\/produit\\\/roge-cavailles-deo-soin-spray-mixte-150ml\\\/#primaryimage\"},\"image\":{\"@id\":\"https:\\\/\\\/vitablanca.ma\\\/produit\\\/roge-cavailles-deo-soin-spray-mixte-150ml\\\/#primaryimage\"},\"thumbnailUrl\":\"https:\\\/\\\/vitablanca.ma\\\/wp-content\\\/uploads\\\/2025\\\/06\\\/RC-Deo-Soin-Spray-Mixte-150-Ml-nova-parapharmacie-casablanca.jpg\",\"datePublished\":\"2025-06-11T21:31:32+00:00\",\"dateModified\":\"2026-02-07T17:00:58+00:00\",\"description\":\"D\u00e9o-Soin Spray Rog\u00e9 Cavaill\u00e8s 150ml. Neutralise les odeurs, prot\u00e8ge contre la transpiration et respecte les peaux sensibles. Convient aux hommes et femmes.\",\"breadcrumb\":{\"@id\":\"https:\\\/\\\/vitablanca.ma\\\/produit\\\/roge-cavailles-deo-soin-spray-mixte-150ml\\\/#breadcrumb\"},\"inLanguage\":\"en-US\",\"potentialAction\":[{\"@type\":\"ReadAction\",\"target\":[\"https:\\\/\\\/vitablanca.ma\\\/produit\\\/roge-cavailles-deo-soin-spray-mixte-150ml\\\/\"]}]},{\"@type\":\"ImageObject\",\"inLanguage\":\"en-US\",\"@id\":\"https:\\\/\\\/vitablanca.ma\\\/produit\\\/roge-cavailles-deo-soin-spray-mixte-150ml\\\/#primaryimage\",\"url\":\"https:\\\/\\\/vitablanca.ma\\\/wp-content\\\/uploads\\\/2025\\\/06\\\/RC-Deo-Soin-Spray-Mixte-150-Ml-nova-parapharmacie-casablanca.jpg\",\"contentUrl\":\"https:\\\/\\\/vitablanca.ma\\\/wp-content\\\/uploads\\\/2025\\\/06\\\/RC-Deo-Soin-Spray-Mixte-150-Ml-nova-parapharmacie-casablanca.jpg\",\"width\":1000,\"height\":1000},{\"@type\":\"BreadcrumbList\",\"@id\":\"https:\\\/\\\/vitablanca.ma\\\/produit\\\/roge-cavailles-deo-soin-spray-mixte-150ml\\\/#breadcrumb\",\"itemListElement\":[{\"@type\":\"ListItem\",\"position\":1,\"name\":\"Home\",\"item\":\"https:\\\/\\\/vitablanca.ma\\\/\"},{\"@type\":\"ListItem\",\"position\":2,\"name\":\"Tous Les Produits\",\"item\":\"https:\\\/\\\/vitablanca.ma\\\/tous-les-produits\\\/\"},{\"@type\":\"ListItem\",\"position\":3,\"name\":\"Rog\u00e9 Cavaill\u00e8s Deo-Soin Spray Mixte 150ml\"}]},{\"@type\":\"WebSite\",\"@id\":\"https:\\\/\\\/vitablanca.ma\\\/#website\",\"url\":\"https:\\\/\\\/vitablanca.ma\\\/\",\"name\":\"VitaBlanca.ma | Compl\u00e9ments alimentaires, sant\u00e9 & beaut\u00e9 au Maroc\",\"description\":\"vendre vitamines et compl\u00e9ments premium des USA &amp; Canada, Nouvelle Z\u00e9lande,Maroc (NOW Foods, Solgar, Manuka). Livraison rapide partout au Maroc.\",\"publisher\":{\"@id\":\"https:\\\/\\\/vitablanca.ma\\\/#organization\"},\"alternateName\":\"VitaBlanca.ma\",\"potentialAction\":[{\"@type\":\"SearchAction\",\"target\":{\"@type\":\"EntryPoint\",\"urlTemplate\":\"https:\\\/\\\/vitablanca.ma\\\/?s={search_term_string}\"},\"query-input\":{\"@type\":\"PropertyValueSpecification\",\"valueRequired\":true,\"valueName\":\"search_term_string\"}}],\"inLanguage\":\"en-US\"},{\"@type\":\"Organization\",\"@id\":\"https:\\\/\\\/vitablanca.ma\\\/#organization\",\"name\":\"VitaBlanca\",\"url\":\"https:\\\/\\\/vitablanca.ma\\\/\",\"logo\":{\"@type\":\"ImageObject\",\"inLanguage\":\"en-US\",\"@id\":\"https:\\\/\\\/vitablanca.ma\\\/#\\\/schema\\\/logo\\\/image\\\/\",\"url\":\"https:\\\/\\\/vitablanca.ma\\\/wp-content\\\/uploads\\\/2025\\\/05\\\/cropped-vitablanca.png\",\"contentUrl\":\"https:\\\/\\\/vitablanca.ma\\\/wp-content\\\/uploads\\\/2025\\\/05\\\/cropped-vitablanca.png\",\"width\":360,\"height\":67,\"caption\":\"VitaBlanca\"},\"image\":{\"@id\":\"https:\\\/\\\/vitablanca.ma\\\/#\\\/schema\\\/logo\\\/image\\\/\"},\"sameAs\":[\"https:\\\/\\\/www.facebook.com\\\/profile.php?id=61576678196717\",\"https:\\\/\\\/www.tiktok.com\\\/@vitablanca.ma\",\"https:\\\/\\\/www.instagram.com\\\/vitablanca.ma\\\/\"]}]}<\/script>\n<!-- \/ Yoast SEO plugin. -->","yoast_head_json":{"title":"Rog\u00e9 Cavaill\u00e8s Deo-Care Spray Mixed 150ml - Morocco Price","description":"D\u00e9o-Soin Spray Rog\u00e9 Cavaill\u00e8s 150ml. Neutralise les odeurs, prot\u00e8ge contre la transpiration et respecte les peaux sensibles. Convient aux hommes et femmes.","robots":{"index":"index","follow":"follow","max-snippet":"max-snippet:-1","max-image-preview":"max-image-preview:large","max-video-preview":"max-video-preview:-1"},"canonical":"https:\/\/vitablanca.ma\/en\/product\/roge-cavailles-deo-soin-spray-mixte-150ml\/","og_locale":"en_US","og_type":"article","og_title":"Rog\u00e9 Cavaill\u00e8s Deo-Soin Spray Mixte 150ml - Maroc Prix","og_description":"D\u00e9o-Soin Spray Rog\u00e9 Cavaill\u00e8s 150ml. Neutralise les odeurs, prot\u00e8ge contre la transpiration et respecte les peaux sensibles. Convient aux hommes et femmes.","og_url":"https:\/\/vitablanca.ma\/en\/product\/roge-cavailles-deo-soin-spray-mixte-150ml\/","og_site_name":"Vitablanca.ma &ndash; Sant&eacute;, vitalit&eacute; et bien-&ecirc;tre pour tous les Marocains","article_publisher":"https:\/\/www.facebook.com\/profile.php?id=61576678196717","article_modified_time":"2026-02-07T17:00:58+00:00","og_image":[{"width":1000,"height":1000,"url":"https:\/\/vitablanca.ma\/wp-content\/uploads\/2025\/06\/RC-Deo-Soin-Spray-Mixte-150-Ml-nova-parapharmacie-casablanca.jpg","type":"image\/jpeg"}],"twitter_card":"summary_large_image","twitter_misc":{"Est. reading time":"1 minute"},"schema":{"@context":"https:\/\/schema.org","@graph":[{"@type":["WebPage","ItemPage"],"@id":"https:\/\/vitablanca.ma\/produit\/roge-cavailles-deo-soin-spray-mixte-150ml\/","url":"https:\/\/vitablanca.ma\/produit\/roge-cavailles-deo-soin-spray-mixte-150ml\/","name":"Rog\u00e9 Cavaill\u00e8s Deo-Care Spray Mixed 150ml - Morocco Price","isPartOf":{"@id":"https:\/\/vitablanca.ma\/#website"},"primaryImageOfPage":{"@id":"https:\/\/vitablanca.ma\/produit\/roge-cavailles-deo-soin-spray-mixte-150ml\/#primaryimage"},"image":{"@id":"https:\/\/vitablanca.ma\/produit\/roge-cavailles-deo-soin-spray-mixte-150ml\/#primaryimage"},"thumbnailUrl":"https:\/\/vitablanca.ma\/wp-content\/uploads\/2025\/06\/RC-Deo-Soin-Spray-Mixte-150-Ml-nova-parapharmacie-casablanca.jpg","datePublished":"2025-06-11T21:31:32+00:00","dateModified":"2026-02-07T17:00:58+00:00","description":"D\u00e9o-Soin Spray Rog\u00e9 Cavaill\u00e8s 150ml. Neutralise les odeurs, prot\u00e8ge contre la transpiration et respecte les peaux sensibles. Convient aux hommes et femmes.","breadcrumb":{"@id":"https:\/\/vitablanca.ma\/produit\/roge-cavailles-deo-soin-spray-mixte-150ml\/#breadcrumb"},"inLanguage":"en-US","potentialAction":[{"@type":"ReadAction","target":["https:\/\/vitablanca.ma\/produit\/roge-cavailles-deo-soin-spray-mixte-150ml\/"]}]},{"@type":"ImageObject","inLanguage":"en-US","@id":"https:\/\/vitablanca.ma\/produit\/roge-cavailles-deo-soin-spray-mixte-150ml\/#primaryimage","url":"https:\/\/vitablanca.ma\/wp-content\/uploads\/2025\/06\/RC-Deo-Soin-Spray-Mixte-150-Ml-nova-parapharmacie-casablanca.jpg","contentUrl":"https:\/\/vitablanca.ma\/wp-content\/uploads\/2025\/06\/RC-Deo-Soin-Spray-Mixte-150-Ml-nova-parapharmacie-casablanca.jpg","width":1000,"height":1000},{"@type":"BreadcrumbList","@id":"https:\/\/vitablanca.ma\/produit\/roge-cavailles-deo-soin-spray-mixte-150ml\/#breadcrumb","itemListElement":[{"@type":"ListItem","position":1,"name":"Home","item":"https:\/\/vitablanca.ma\/"},{"@type":"ListItem","position":2,"name":"Tous Les Produits","item":"https:\/\/vitablanca.ma\/tous-les-produits\/"},{"@type":"ListItem","position":3,"name":"Rog\u00e9 Cavaill\u00e8s Deo-Soin Spray Mixte 150ml"}]},{"@type":"WebSite","@id":"https:\/\/vitablanca.ma\/#website","url":"https:\/\/vitablanca.ma\/","name":"VitaBlanca.ma | Food supplements, health &amp; beauty in Morocco","description":"sell premium vitamins and supplements from USA &amp; Canada, New Zealand, Morocco (NOW Foods, Solgar, Manuka). Fast delivery anywhere in Morocco.","publisher":{"@id":"https:\/\/vitablanca.ma\/#organization"},"alternateName":"VitaBlanca.ma","potentialAction":[{"@type":"SearchAction","target":{"@type":"EntryPoint","urlTemplate":"https:\/\/vitablanca.ma\/?s={search_term_string}"},"query-input":{"@type":"PropertyValueSpecification","valueRequired":true,"valueName":"search_term_string"}}],"inLanguage":"en-US"},{"@type":"Organization","@id":"https:\/\/vitablanca.ma\/#organization","name":"VitaBlanca","url":"https:\/\/vitablanca.ma\/","logo":{"@type":"ImageObject","inLanguage":"en-US","@id":"https:\/\/vitablanca.ma\/#\/schema\/logo\/image\/","url":"https:\/\/vitablanca.ma\/wp-content\/uploads\/2025\/05\/cropped-vitablanca.png","contentUrl":"https:\/\/vitablanca.ma\/wp-content\/uploads\/2025\/05\/cropped-vitablanca.png","width":360,"height":67,"caption":"VitaBlanca"},"image":{"@id":"https:\/\/vitablanca.ma\/#\/schema\/logo\/image\/"},"sameAs":["https:\/\/www.facebook.com\/profile.php?id=61576678196717","https:\/\/www.tiktok.com\/@vitablanca.ma","https:\/\/www.instagram.com\/vitablanca.ma\/"]}]}},"jetpack_sharing_enabled":true,"_links":{"self":[{"href":"https:\/\/vitablanca.ma\/en\/wp-json\/wp\/v2\/product\/21849","targetHints":{"allow":["GET"]}}],"collection":[{"href":"https:\/\/vitablanca.ma\/en\/wp-json\/wp\/v2\/product"}],"about":[{"href":"https:\/\/vitablanca.ma\/en\/wp-json\/wp\/v2\/types\/product"}],"wp:featuredmedia":[{"embeddable":true,"href":"https:\/\/vitablanca.ma\/en\/wp-json\/wp\/v2\/media\/21847"}],"wp:attachment":[{"href":"https:\/\/vitablanca.ma\/en\/wp-json\/wp\/v2\/media?parent=21849"}],"wp:term":[{"taxonomy":"product_brand","embeddable":true,"href":"https:\/\/vitablanca.ma\/en\/wp-json\/wp\/v2\/product_brand?post=21849"},{"taxonomy":"product_cat","embeddable":true,"href":"https:\/\/vitablanca.ma\/en\/wp-json\/wp\/v2\/product_cat?post=21849"},{"taxonomy":"product_tag","embeddable":true,"href":"https:\/\/vitablanca.ma\/en\/wp-json\/wp\/v2\/product_tag?post=21849"}],"curies":[{"name":"wp","href":"https:\/\/api.w.org\/{rel}","templated":true}]}}