{"id":21831,"date":"2025-06-11T21:31:12","date_gmt":"2025-06-11T21:31:12","guid":{"rendered":"https:\/\/vitablanca.ma\/product\/svr-sebiaclear-micro-peel-150ml\/"},"modified":"2026-02-07T17:09:40","modified_gmt":"2026-02-07T17:09:40","slug":"svr-sebiaclear-micro-peel-150ml","status":"publish","type":"product","link":"https:\/\/vitablanca.ma\/en\/product\/svr-sebiaclear-micro-peel-150ml\/","title":{"rendered":"SVR SEBIACLEAR Micro-Peel 150ml"},"content":{"rendered":"<h2>SVR Sebiaclear Micro-Peel Renewing, cleansing, smoothing water.<\/h2>\n<p>For sensitive, combination to oily, acne-prone skin. Pores, spots, blackheads.<br \/>\n150ml.<\/p>\n<div class=\"product__content\">\n<div class=\"product__tab expanded\" data-drawer-container=\"\">\n<h3 class=\"product__tab-header\">For whom? For what?<\/h3>\n<div class=\"product__tab-content\" data-drawer-content=\"\">\n<p>For sensitive, combination to oily, acne-prone skin. Pores, spots, blackheads. Face, Adult.<\/p>\n<p>More than 40% for adults<sup>(1)<\/sup>\u00a0fight against their spots and imperfections, a real daily battle. SEBIACLEAR Micro-Peel, the first dermatological water<sup>(2)<\/sup>\u00a0High concentration smoothing cleanser offers a new, effective and sensory skincare gesture. As liquid as water, but so rich in active ingredients, this evanescent essence infuses the skin very quickly for an immediate clear skin effect. It draws its strength and effectiveness from the choice of its active ingredients, a duo of complementary keratolytic acids to act quickly and lastingly on pores, spots and blackheads without sacrificing tolerance. Its delicately scented, non-greasy, non-sticky aqueous texture guarantees a real boost of freshness for clean, purified skin without being dried out, tightened pores and a smoothed skin texture.<\/p>\n<p>Clean skin with a clean composition is possible! The formula contains only 8 ingredients and more than 90% of ingredients of natural origin. And for the planet, a green pack<sup>(3)<\/sup>\u00a0! We chose a bottle with 25% of recycled plastic and 100% recyclable.<\/p>\n<p>(1) Skroza, N.; Tolino, E.; Mambrin, A.; Zuber, S.; Balduzzi, V.; Marchesiello, A.; Bernardini, N.; Proietti, I.; Potenza, C. Adult Acne Versus Adolescent Acne. J Clin Aesthet Dermatol 2018, 11, 21\u201325 (2) At SVR (3) Eco-designed pack<br \/>\n<em><br \/>\n<\/em><\/p>\n<p><strong>PROVEN EFFECTIVENESS ON SENSITIVE, ACNE-PRONE SKIN:<\/strong><br \/>\n\u2022\u00a0<strong>-36%<\/strong>\u00a0pimples in 28 days<sup>(2)<\/sup><br \/>\n\u2022\u00a0<strong>-38%<\/strong>\u00a0blackheads in 28 days<sup>(2)<\/sup><br \/>\n\u2022 The combination of Micro-Peel and Sebiaclear Serum boosts anti-blemish effectiveness:\u00a0<strong>100%<\/strong><sup>(3)<\/sup><\/p>\n<p><strong>IMMEDIATE CORRECTION:<br \/>\n<\/strong>\u2022 Clear skin in 7 days:<strong>\u00a090%<\/strong><sup>(1)<\/sup><br \/>\n\u2022 Reduction of pores after use<sup>(2)<\/sup><br \/>\n\u2022 Immediate mattifying effect<sup>(2)<\/sup><\/p>\n<p>(1) Self-assessment, % of satisfaction on 30 subjects for 28 days in application twice a day. (2) Dermatological scoring, on 30 subjects for 28 days in application twice a day. (3) Self-assessment, % of satisfaction, 21 subjects, 28 days.<\/p>\n<\/div>\n<\/div>\n<div class=\"product__tab expanded\" data-drawer-container=\"\">\n<h3 class=\"product__tab-header\">How does it work?<\/h3>\n<div class=\"product__tab-content\" data-drawer-content=\"\">\n<p>Acne can be a real obstacle course, especially when it persists beyond adolescence. To properly manage it, you need to be diligent and patient with your skincare routine. But applying a treatment without real pleasure can become very restrictive. However, this recurrence, called adherence, is essential to prevent the reappearance of blemishes.<\/p>\n<p>SEBIACLEAR MICRO-PEEL is a new gesture, a real anti-imperfection, smoothing, deep-cleansing liquid treatment formulated with 90% of ingredients of natural origin and concentrated in reference active ingredients:<\/p>\n<p>\u2022\u00a0<strong>A duo of acids: Lactobionic acid,\u00a0<\/strong>a polyhydroxyalkanoates = new generation PHA, as effective as an AHA but much better tolerated thanks to its high molecular weight which prevents it from penetrating deeply. Associated with\u00a0<strong>salicylic acid<\/strong>, this combo will refine and smooth the skin texture, reduce and limit the appearance of new imperfections. \u2022\u00a0<strong>Niacinamide 4%:\u00a0<\/strong>Soothes and reduces inflammation to promote the elimination of pimples. \u2022\u00a0<strong>Zinc 1%,\u00a0<\/strong>purifies the skin and regulates excess sebum immediately and lastingly.<\/p>\n<p><strong>Non-comedogenic. Does not sting the eyes. Physiological pH.<\/strong><\/p>\n<p><strong>Effectiveness proven under dermatological control.<\/strong><\/p>\n<p>The list of ingredients may be subject to change, we advise you to check the list on the product purchased.<\/p>\n<\/div>\n<\/div>\n<div class=\"product__tab expanded\" data-drawer-container=\"\">\n<h3 class=\"product__tab-header\">How to use it?<\/h3>\n<div class=\"product__tab-content\" data-drawer-content=\"\">\n<p>Apply with a cotton pad morning and evening to the entire face, paying particular attention to areas with imperfections. Can also be applied without a cotton pad, directly in the palm of your hand.<\/p>\n<p style=\"text-align: center;\">Discover SVR SEBIACLEAR Micro-Peel, a product carefully selected to meet your specific needs, and enjoy an exceptional shopping experience on our site,\u00a0<strong>Vita Blanca Parapharmacie Maroc<\/strong><\/p>\n<\/div>\n<\/div>\n<\/div>","protected":false},"excerpt":{"rendered":"<p>SVR Sebiaclear Micro-Peel Eau r\u00e9novatrice, d\u00e9sincrustante, lissante. Pour les peaux sensibles mixtes \u00e0 grasses, \u00e0 tendance acn\u00e9ique. Pores, boutons, points noirs. 150ml. Pour qui ? Pour quoi ? Pour les peaux sensibles mixtes \u00e0 grasses, \u00e0 tendance acn\u00e9ique. Pores, boutons, points noirs. Visage, Adulte. Plus de 40% des adultes(1)\u00a0se battent contre leurs boutons et imperfections, [&hellip;]<\/p>\n","protected":false},"featured_media":21830,"template":"","meta":{"om_disable_all_campaigns":false},"product_brand":[5981],"product_cat":[18,15],"product_tag":[5982,5983,5984,5988,5987,5986,5985],"class_list":{"0":"post-21831","1":"product","2":"type-product","3":"status-publish","4":"has-post-thumbnail","6":"product_brand-svr-original-maroc-au-meilleur-prix","7":"product_cat-beaute-sante","8":"product_cat-beaute-sante-complements-alimentaires-soins-et-bien-etre-au-meilleur-prix","9":"product_tag-laboratoire-svr","10":"product_tag-marque-dermatologique-francaise","11":"product_tag-produits-svr-originaux","12":"product_tag-sun-secure-svr","13":"product_tag-svr","14":"product_tag-svr-laboratoire-dermatologique","15":"product_tag-svr-maroc","17":"first","18":"instock","19":"sale","20":"taxable","21":"shipping-taxable","22":"purchasable","23":"product-type-simple"},"yoast_head":"<!-- This site is optimized with the Yoast SEO plugin v27.4 - https:\/\/yoast.com\/product\/yoast-seo-wordpress\/ -->\n<title>SVR SEBIACLEAR Micro-Peel 150ml - Maroc Prix<\/title>\n<meta name=\"description\" content=\"SVR SEBIACLEAR Micro-Peel 150ml exfolie en douceur, purifie les pores et r\u00e9duit les imperfections. Gel doux pour peaux mixtes \u00e0 grasses, usage quotidien.\" \/>\n<meta name=\"robots\" content=\"index, follow, max-snippet:-1, max-image-preview:large, max-video-preview:-1\" \/>\n<link rel=\"canonical\" href=\"https:\/\/vitablanca.ma\/en\/product\/svr-sebiaclear-micro-peel-150ml\/\" \/>\n<meta property=\"og:locale\" content=\"en_US\" \/>\n<meta property=\"og:type\" content=\"article\" \/>\n<meta property=\"og:title\" content=\"SVR SEBIACLEAR Micro-Peel 150ml - Maroc Prix\" \/>\n<meta property=\"og:description\" content=\"SVR SEBIACLEAR Micro-Peel 150ml exfolie en douceur, purifie les pores et r\u00e9duit les imperfections. Gel doux pour peaux mixtes \u00e0 grasses, usage quotidien.\" \/>\n<meta property=\"og:url\" content=\"https:\/\/vitablanca.ma\/en\/product\/svr-sebiaclear-micro-peel-150ml\/\" \/>\n<meta property=\"og:site_name\" content=\"Vitablanca.ma &ndash; Sant&eacute;, vitalit&eacute; et bien-&ecirc;tre pour tous les Marocains\" \/>\n<meta property=\"article:publisher\" content=\"https:\/\/www.facebook.com\/profile.php?id=61576678196717\" \/>\n<meta property=\"article:modified_time\" content=\"2026-02-07T17:09:40+00:00\" \/>\n<meta property=\"og:image\" content=\"https:\/\/vitablanca.ma\/wp-content\/uploads\/2025\/06\/SVR-Sebiaclear-Micro-Peel-150ml-Nova-para-prix-Maroc.jpg\" \/>\n\t<meta property=\"og:image:width\" content=\"1000\" \/>\n\t<meta property=\"og:image:height\" content=\"1000\" \/>\n\t<meta property=\"og:image:type\" content=\"image\/jpeg\" \/>\n<meta name=\"twitter:card\" content=\"summary_large_image\" \/>\n<meta name=\"twitter:label1\" content=\"Est. reading time\" \/>\n\t<meta name=\"twitter:data1\" content=\"4 minutes\" \/>\n<script type=\"application\/ld+json\" class=\"yoast-schema-graph\">{\"@context\":\"https:\\\/\\\/schema.org\",\"@graph\":[{\"@type\":[\"WebPage\",\"ItemPage\"],\"@id\":\"https:\\\/\\\/vitablanca.ma\\\/produit\\\/svr-sebiaclear-micro-peel-150ml\\\/\",\"url\":\"https:\\\/\\\/vitablanca.ma\\\/produit\\\/svr-sebiaclear-micro-peel-150ml\\\/\",\"name\":\"SVR SEBIACLEAR Micro-Peel 150ml - Maroc Prix\",\"isPartOf\":{\"@id\":\"https:\\\/\\\/vitablanca.ma\\\/#website\"},\"primaryImageOfPage\":{\"@id\":\"https:\\\/\\\/vitablanca.ma\\\/produit\\\/svr-sebiaclear-micro-peel-150ml\\\/#primaryimage\"},\"image\":{\"@id\":\"https:\\\/\\\/vitablanca.ma\\\/produit\\\/svr-sebiaclear-micro-peel-150ml\\\/#primaryimage\"},\"thumbnailUrl\":\"https:\\\/\\\/vitablanca.ma\\\/wp-content\\\/uploads\\\/2025\\\/06\\\/SVR-Sebiaclear-Micro-Peel-150ml-Nova-para-prix-Maroc.jpg\",\"datePublished\":\"2025-06-11T21:31:12+00:00\",\"dateModified\":\"2026-02-07T17:09:40+00:00\",\"description\":\"SVR SEBIACLEAR Micro-Peel 150ml exfolie en douceur, purifie les pores et r\u00e9duit les imperfections. Gel doux pour peaux mixtes \u00e0 grasses, usage quotidien.\",\"breadcrumb\":{\"@id\":\"https:\\\/\\\/vitablanca.ma\\\/produit\\\/svr-sebiaclear-micro-peel-150ml\\\/#breadcrumb\"},\"inLanguage\":\"en-US\",\"potentialAction\":[{\"@type\":\"ReadAction\",\"target\":[\"https:\\\/\\\/vitablanca.ma\\\/produit\\\/svr-sebiaclear-micro-peel-150ml\\\/\"]}]},{\"@type\":\"ImageObject\",\"inLanguage\":\"en-US\",\"@id\":\"https:\\\/\\\/vitablanca.ma\\\/produit\\\/svr-sebiaclear-micro-peel-150ml\\\/#primaryimage\",\"url\":\"https:\\\/\\\/vitablanca.ma\\\/wp-content\\\/uploads\\\/2025\\\/06\\\/SVR-Sebiaclear-Micro-Peel-150ml-Nova-para-prix-Maroc.jpg\",\"contentUrl\":\"https:\\\/\\\/vitablanca.ma\\\/wp-content\\\/uploads\\\/2025\\\/06\\\/SVR-Sebiaclear-Micro-Peel-150ml-Nova-para-prix-Maroc.jpg\",\"width\":1000,\"height\":1000},{\"@type\":\"BreadcrumbList\",\"@id\":\"https:\\\/\\\/vitablanca.ma\\\/produit\\\/svr-sebiaclear-micro-peel-150ml\\\/#breadcrumb\",\"itemListElement\":[{\"@type\":\"ListItem\",\"position\":1,\"name\":\"Home\",\"item\":\"https:\\\/\\\/vitablanca.ma\\\/\"},{\"@type\":\"ListItem\",\"position\":2,\"name\":\"Tous Les Produits\",\"item\":\"https:\\\/\\\/vitablanca.ma\\\/tous-les-produits\\\/\"},{\"@type\":\"ListItem\",\"position\":3,\"name\":\"SVR SEBIACLEAR Micro-Peel 150ml\"}]},{\"@type\":\"WebSite\",\"@id\":\"https:\\\/\\\/vitablanca.ma\\\/#website\",\"url\":\"https:\\\/\\\/vitablanca.ma\\\/\",\"name\":\"VitaBlanca.ma | Compl\u00e9ments alimentaires, sant\u00e9 & beaut\u00e9 au Maroc\",\"description\":\"vendre vitamines et compl\u00e9ments premium des USA &amp; Canada, Nouvelle Z\u00e9lande,Maroc (NOW Foods, Solgar, Manuka). Livraison rapide partout au Maroc.\",\"publisher\":{\"@id\":\"https:\\\/\\\/vitablanca.ma\\\/#organization\"},\"alternateName\":\"VitaBlanca.ma\",\"potentialAction\":[{\"@type\":\"SearchAction\",\"target\":{\"@type\":\"EntryPoint\",\"urlTemplate\":\"https:\\\/\\\/vitablanca.ma\\\/?s={search_term_string}\"},\"query-input\":{\"@type\":\"PropertyValueSpecification\",\"valueRequired\":true,\"valueName\":\"search_term_string\"}}],\"inLanguage\":\"en-US\"},{\"@type\":\"Organization\",\"@id\":\"https:\\\/\\\/vitablanca.ma\\\/#organization\",\"name\":\"VitaBlanca\",\"url\":\"https:\\\/\\\/vitablanca.ma\\\/\",\"logo\":{\"@type\":\"ImageObject\",\"inLanguage\":\"en-US\",\"@id\":\"https:\\\/\\\/vitablanca.ma\\\/#\\\/schema\\\/logo\\\/image\\\/\",\"url\":\"https:\\\/\\\/vitablanca.ma\\\/wp-content\\\/uploads\\\/2025\\\/05\\\/cropped-vitablanca.png\",\"contentUrl\":\"https:\\\/\\\/vitablanca.ma\\\/wp-content\\\/uploads\\\/2025\\\/05\\\/cropped-vitablanca.png\",\"width\":360,\"height\":67,\"caption\":\"VitaBlanca\"},\"image\":{\"@id\":\"https:\\\/\\\/vitablanca.ma\\\/#\\\/schema\\\/logo\\\/image\\\/\"},\"sameAs\":[\"https:\\\/\\\/www.facebook.com\\\/profile.php?id=61576678196717\",\"https:\\\/\\\/www.tiktok.com\\\/@vitablanca.ma\",\"https:\\\/\\\/www.instagram.com\\\/vitablanca.ma\\\/\"]}]}<\/script>\n<!-- \/ Yoast SEO plugin. -->","yoast_head_json":{"title":"SVR SEBIACLEAR Micro-Peel 150ml - Morocco Price","description":"SVR SEBIACLEAR Micro-Peel 150ml exfolie en douceur, purifie les pores et r\u00e9duit les imperfections. Gel doux pour peaux mixtes \u00e0 grasses, usage quotidien.","robots":{"index":"index","follow":"follow","max-snippet":"max-snippet:-1","max-image-preview":"max-image-preview:large","max-video-preview":"max-video-preview:-1"},"canonical":"https:\/\/vitablanca.ma\/en\/product\/svr-sebiaclear-micro-peel-150ml\/","og_locale":"en_US","og_type":"article","og_title":"SVR SEBIACLEAR Micro-Peel 150ml - Maroc Prix","og_description":"SVR SEBIACLEAR Micro-Peel 150ml exfolie en douceur, purifie les pores et r\u00e9duit les imperfections. Gel doux pour peaux mixtes \u00e0 grasses, usage quotidien.","og_url":"https:\/\/vitablanca.ma\/en\/product\/svr-sebiaclear-micro-peel-150ml\/","og_site_name":"Vitablanca.ma &ndash; Sant&eacute;, vitalit&eacute; et bien-&ecirc;tre pour tous les Marocains","article_publisher":"https:\/\/www.facebook.com\/profile.php?id=61576678196717","article_modified_time":"2026-02-07T17:09:40+00:00","og_image":[{"width":1000,"height":1000,"url":"https:\/\/vitablanca.ma\/wp-content\/uploads\/2025\/06\/SVR-Sebiaclear-Micro-Peel-150ml-Nova-para-prix-Maroc.jpg","type":"image\/jpeg"}],"twitter_card":"summary_large_image","twitter_misc":{"Est. reading time":"4 minutes"},"schema":{"@context":"https:\/\/schema.org","@graph":[{"@type":["WebPage","ItemPage"],"@id":"https:\/\/vitablanca.ma\/produit\/svr-sebiaclear-micro-peel-150ml\/","url":"https:\/\/vitablanca.ma\/produit\/svr-sebiaclear-micro-peel-150ml\/","name":"SVR SEBIACLEAR Micro-Peel 150ml - Morocco Price","isPartOf":{"@id":"https:\/\/vitablanca.ma\/#website"},"primaryImageOfPage":{"@id":"https:\/\/vitablanca.ma\/produit\/svr-sebiaclear-micro-peel-150ml\/#primaryimage"},"image":{"@id":"https:\/\/vitablanca.ma\/produit\/svr-sebiaclear-micro-peel-150ml\/#primaryimage"},"thumbnailUrl":"https:\/\/vitablanca.ma\/wp-content\/uploads\/2025\/06\/SVR-Sebiaclear-Micro-Peel-150ml-Nova-para-prix-Maroc.jpg","datePublished":"2025-06-11T21:31:12+00:00","dateModified":"2026-02-07T17:09:40+00:00","description":"SVR SEBIACLEAR Micro-Peel 150ml exfolie en douceur, purifie les pores et r\u00e9duit les imperfections. Gel doux pour peaux mixtes \u00e0 grasses, usage quotidien.","breadcrumb":{"@id":"https:\/\/vitablanca.ma\/produit\/svr-sebiaclear-micro-peel-150ml\/#breadcrumb"},"inLanguage":"en-US","potentialAction":[{"@type":"ReadAction","target":["https:\/\/vitablanca.ma\/produit\/svr-sebiaclear-micro-peel-150ml\/"]}]},{"@type":"ImageObject","inLanguage":"en-US","@id":"https:\/\/vitablanca.ma\/produit\/svr-sebiaclear-micro-peel-150ml\/#primaryimage","url":"https:\/\/vitablanca.ma\/wp-content\/uploads\/2025\/06\/SVR-Sebiaclear-Micro-Peel-150ml-Nova-para-prix-Maroc.jpg","contentUrl":"https:\/\/vitablanca.ma\/wp-content\/uploads\/2025\/06\/SVR-Sebiaclear-Micro-Peel-150ml-Nova-para-prix-Maroc.jpg","width":1000,"height":1000},{"@type":"BreadcrumbList","@id":"https:\/\/vitablanca.ma\/produit\/svr-sebiaclear-micro-peel-150ml\/#breadcrumb","itemListElement":[{"@type":"ListItem","position":1,"name":"Home","item":"https:\/\/vitablanca.ma\/"},{"@type":"ListItem","position":2,"name":"Tous Les Produits","item":"https:\/\/vitablanca.ma\/tous-les-produits\/"},{"@type":"ListItem","position":3,"name":"SVR SEBIACLEAR Micro-Peel 150ml"}]},{"@type":"WebSite","@id":"https:\/\/vitablanca.ma\/#website","url":"https:\/\/vitablanca.ma\/","name":"VitaBlanca.ma | Food supplements, health &amp; beauty in Morocco","description":"sell premium vitamins and supplements from USA &amp; Canada, New Zealand, Morocco (NOW Foods, Solgar, Manuka). Fast delivery anywhere in Morocco.","publisher":{"@id":"https:\/\/vitablanca.ma\/#organization"},"alternateName":"VitaBlanca.ma","potentialAction":[{"@type":"SearchAction","target":{"@type":"EntryPoint","urlTemplate":"https:\/\/vitablanca.ma\/?s={search_term_string}"},"query-input":{"@type":"PropertyValueSpecification","valueRequired":true,"valueName":"search_term_string"}}],"inLanguage":"en-US"},{"@type":"Organization","@id":"https:\/\/vitablanca.ma\/#organization","name":"VitaBlanca","url":"https:\/\/vitablanca.ma\/","logo":{"@type":"ImageObject","inLanguage":"en-US","@id":"https:\/\/vitablanca.ma\/#\/schema\/logo\/image\/","url":"https:\/\/vitablanca.ma\/wp-content\/uploads\/2025\/05\/cropped-vitablanca.png","contentUrl":"https:\/\/vitablanca.ma\/wp-content\/uploads\/2025\/05\/cropped-vitablanca.png","width":360,"height":67,"caption":"VitaBlanca"},"image":{"@id":"https:\/\/vitablanca.ma\/#\/schema\/logo\/image\/"},"sameAs":["https:\/\/www.facebook.com\/profile.php?id=61576678196717","https:\/\/www.tiktok.com\/@vitablanca.ma","https:\/\/www.instagram.com\/vitablanca.ma\/"]}]}},"jetpack_sharing_enabled":true,"_links":{"self":[{"href":"https:\/\/vitablanca.ma\/en\/wp-json\/wp\/v2\/product\/21831","targetHints":{"allow":["GET"]}}],"collection":[{"href":"https:\/\/vitablanca.ma\/en\/wp-json\/wp\/v2\/product"}],"about":[{"href":"https:\/\/vitablanca.ma\/en\/wp-json\/wp\/v2\/types\/product"}],"wp:featuredmedia":[{"embeddable":true,"href":"https:\/\/vitablanca.ma\/en\/wp-json\/wp\/v2\/media\/21830"}],"wp:attachment":[{"href":"https:\/\/vitablanca.ma\/en\/wp-json\/wp\/v2\/media?parent=21831"}],"wp:term":[{"taxonomy":"product_brand","embeddable":true,"href":"https:\/\/vitablanca.ma\/en\/wp-json\/wp\/v2\/product_brand?post=21831"},{"taxonomy":"product_cat","embeddable":true,"href":"https:\/\/vitablanca.ma\/en\/wp-json\/wp\/v2\/product_cat?post=21831"},{"taxonomy":"product_tag","embeddable":true,"href":"https:\/\/vitablanca.ma\/en\/wp-json\/wp\/v2\/product_tag?post=21831"}],"curies":[{"name":"wp","href":"https:\/\/api.w.org\/{rel}","templated":true}]}}