{"id":21827,"date":"2025-06-11T21:31:09","date_gmt":"2025-06-11T21:31:09","guid":{"rendered":"https:\/\/vitablanca.ma\/product\/svr-sun-secure-stick-mineral-spf50-10g\/"},"modified":"2026-01-21T17:42:29","modified_gmt":"2026-01-21T17:42:29","slug":"svr-sun-secure-stick-mineral-spf50-10g","status":"publish","type":"product","link":"https:\/\/vitablanca.ma\/en\/product\/svr-sun-secure-stick-mineral-spf50-10g\/","title":{"rendered":"SVR SUN SECURE Mineral Stick SPF50 10g"},"content":{"rendered":"<h2>SVR SUN SECURE Mineral Stick SPF50+\u00a0<span data-mce-fragment=\"1\">Very high invisible sun protection.<\/span><br \/>\n<\/h2>\n<p><span data-mce-fragment=\"1\">For all sensitive skin. Baby, Child, Adult. For all exposed sensitive areas.<br \/>10g.<\/span><\/p>\n<div data-drawer-container=\"\" class=\"product__tab expanded\">\n<h3 class=\"product__tab-header\">For whom? For what?<\/h3>\n<div data-drawer-content=\"\" class=\"product__tab-content\">\n<div data-mce-fragment=\"1\">\n<p data-mce-fragment=\"1\">High protection in a formula with 100% of naturally derived ingredients in an ultra-portable mini pocket size.<\/p>\n<p><strong>UVB + UVA + VISIBLE + INFRARED<\/strong><\/p>\n<p data-mce-fragment=\"1\">Tips for using it: for strollers on terraces, for moms and dads in the park, for light skin touch-ups, for athletes. In men&#039;s pockets, women&#039;s handbags, children&#039;s school bags. In all everyday situations (on terraces, on walks), or in all your adventures (water sports, cycling, beach, etc.).<\/p>\n<p data-mce-fragment=\"1\">Stick composed of 100% mineral filters, without nanoparticles. Its gentle application and its delicate, discreet fragrance encourage regular application. The skin is protected, soft, and comfortable.<\/p>\n<p data-mce-fragment=\"1\">Resists water, sweat and friction.<\/p>\n<p data-mce-fragment=\"1\">What&#039;s more? SUN SECURE Mineral Stick SPF50 respects the marine environment. It has passed biodegradability tests according to OECD 301F, as well as eco-toxicity tests on algae (ISO 10253) and aquatic invertebrates (ISO 14669). These are two species belonging to the zooplankton and phytoplankton families, essential for the healthy development of corals.<\/p>\n<p data-mce-fragment=\"1\"><a href=\"https:\/\/be.labo-svr.com\/pages\/sun-secure-les-tests-environnementaux-en-toute-transparence\" target=\"_blank\">To learn about our tests, click here!<\/a><\/p>\n<p data-mce-fragment=\"1\"><strong>EFFECTIVENESS* PROVEN UNDER DERMATOLOGICAL CONTROL<\/strong><br \/><strong data-mce-fragment=\"1\">\u2022 82%<\/strong><span>\u00a0<\/span>Convenient nomadic format<br \/><strong data-mce-fragment=\"1\">\u2022 82%<\/strong><span>\u00a0<\/span>Dry touch<br \/><strong data-mce-fragment=\"1\">\u2022 73%<\/strong><span>\u00a0<\/span>Reduces skin dryness (due to sand, water, wind, sun etc.)<\/p>\n<p data-mce-fragment=\"1\">\u00a0<\/p>\n<p data-mce-fragment=\"1\"><em data-mce-fragment=\"1\">*<\/em><span data-mce-fragment=\"1\">Self-assessment on 22 subjects over 21 days in twice-daily application. % of satisfaction<\/span><\/p>\n<\/div>\n<ul><\/ul>\n<\/div>\n<\/div>\n<div data-drawer-container=\"\" class=\"product__tab expanded\">\n<h3 class=\"product__tab-header\">How does it work?<\/h3>\n<div data-drawer-content=\"\" class=\"product__tab-content\">\n<p>A strict formulation charter adapted to sun-sensitive skin. Effectiveness proven under dermatological control without compromising on the pleasure of use:<\/p>\n<p><strong>\u2022 High Anti-UVA and UVB protection<span>\u00a0<\/span><\/strong>thanks to a combination of 2 mineral sun filters without nanoparticles which form physical protection on the surface:<\/p>\n<p>TITANIUM DIOXIDE<br \/>ZINC OXIDE<\/p>\n<p>\u2022 Enriched with Wild Mango Butter to moisturize<\/p>\n<p>\u00a0<\/p>\n<\/div>\n<\/div>\n<div data-drawer-container=\"\" class=\"product__tab expanded\">\n<h3 class=\"product__tab-header\">How to use it?<\/h3>\n<div data-drawer-content=\"\" class=\"product__tab-content\">\n<p>Apply generously and evenly before exposure. Reapply frequently to maintain protection, especially after perspiring, swimming, or toweling.<\/p>\n<p>Remember to sort when your product is finished:<br \/>\u2022 The cover is 100% recyclable and can be placed in the recycling bin.<br \/>\u2022 The base of the stick, depending on the municipality, can be put in the recycling bin or not<\/p>\n<p>\u00a0<\/p>\n<\/div>\n<\/div>","protected":false},"excerpt":{"rendered":"<p>SVR SUN SECURE Stick\u00a0Mineral SPF50+\u00a0Tr\u00e8s haute protection solaire invisible. Pour toutes les peaux sensibles. B\u00e9b\u00e9, Enfant, Adulte. Pour toutes les zones sensibles expos\u00e9es.10g. Pour qui ? Pour quoi ? La haute protection dans une formule \u00e0 100% d\u2019ingr\u00e9dients d\u2019origine naturelle dans un mini format de poche ultra nomade. UVB + UVA + VISIBLE + INFRAROUGES [&hellip;]<\/p>\n","protected":false},"featured_media":21826,"template":"","meta":{"om_disable_all_campaigns":false},"product_brand":[5981],"product_cat":[18,15],"product_tag":[5982,5983,5984,5988,5987,5986,5985],"class_list":{"0":"post-21827","1":"product","2":"type-product","3":"status-publish","4":"has-post-thumbnail","6":"product_brand-svr-original-maroc-au-meilleur-prix","7":"product_cat-beaute-sante","8":"product_cat-beaute-sante-complements-alimentaires-soins-et-bien-etre-au-meilleur-prix","9":"product_tag-laboratoire-svr","10":"product_tag-marque-dermatologique-francaise","11":"product_tag-produits-svr-originaux","12":"product_tag-sun-secure-svr","13":"product_tag-svr","14":"product_tag-svr-laboratoire-dermatologique","15":"product_tag-svr-maroc","17":"first","18":"instock","19":"sale","20":"taxable","21":"shipping-taxable","22":"purchasable","23":"product-type-simple"},"yoast_head":"<!-- This site is optimized with the Yoast SEO plugin v27.4 - https:\/\/yoast.com\/product\/yoast-seo-wordpress\/ -->\n<title>SVR SUN SECURE Stick Mineral SPF50 10g - Maroc Prix<\/title>\n<meta name=\"description\" content=\"SVR SUN SECURE Stick Mineral SPF50 10g\" \/>\n<meta name=\"robots\" content=\"index, follow, max-snippet:-1, max-image-preview:large, max-video-preview:-1\" \/>\n<link rel=\"canonical\" href=\"https:\/\/vitablanca.ma\/en\/product\/svr-sun-secure-stick-mineral-spf50-10g\/\" \/>\n<meta property=\"og:locale\" content=\"en_US\" \/>\n<meta property=\"og:type\" content=\"article\" \/>\n<meta property=\"og:title\" content=\"SVR SUN SECURE Stick Mineral SPF50 10g - Maroc Prix\" \/>\n<meta property=\"og:description\" content=\"SVR SUN SECURE Stick Mineral SPF50 10g\" \/>\n<meta property=\"og:url\" content=\"https:\/\/vitablanca.ma\/en\/product\/svr-sun-secure-stick-mineral-spf50-10g\/\" \/>\n<meta property=\"og:site_name\" content=\"Vitablanca.ma &ndash; Sant&eacute;, vitalit&eacute; et bien-&ecirc;tre pour tous les Marocains\" \/>\n<meta property=\"article:publisher\" content=\"https:\/\/www.facebook.com\/profile.php?id=61576678196717\" \/>\n<meta property=\"article:modified_time\" content=\"2026-01-21T17:42:29+00:00\" \/>\n<meta property=\"og:image\" content=\"https:\/\/vitablanca.ma\/wp-content\/uploads\/2025\/06\/SVR-SUN-SECURE-Stick-Mineral-SPF50-10g-nova-parapharmacie-casablanca.jpg\" \/>\n\t<meta property=\"og:image:width\" content=\"1000\" \/>\n\t<meta property=\"og:image:height\" content=\"1000\" \/>\n\t<meta property=\"og:image:type\" content=\"image\/jpeg\" \/>\n<meta name=\"twitter:card\" content=\"summary_large_image\" \/>\n<meta name=\"twitter:label1\" content=\"Est. reading time\" \/>\n\t<meta name=\"twitter:data1\" content=\"2 minutes\" \/>\n<script type=\"application\/ld+json\" class=\"yoast-schema-graph\">{\"@context\":\"https:\\\/\\\/schema.org\",\"@graph\":[{\"@type\":[\"WebPage\",\"ItemPage\"],\"@id\":\"https:\\\/\\\/vitablanca.ma\\\/produit\\\/svr-sun-secure-stick-mineral-spf50-10g\\\/\",\"url\":\"https:\\\/\\\/vitablanca.ma\\\/produit\\\/svr-sun-secure-stick-mineral-spf50-10g\\\/\",\"name\":\"SVR SUN SECURE Stick Mineral SPF50 10g - Maroc Prix\",\"isPartOf\":{\"@id\":\"https:\\\/\\\/vitablanca.ma\\\/#website\"},\"primaryImageOfPage\":{\"@id\":\"https:\\\/\\\/vitablanca.ma\\\/produit\\\/svr-sun-secure-stick-mineral-spf50-10g\\\/#primaryimage\"},\"image\":{\"@id\":\"https:\\\/\\\/vitablanca.ma\\\/produit\\\/svr-sun-secure-stick-mineral-spf50-10g\\\/#primaryimage\"},\"thumbnailUrl\":\"https:\\\/\\\/vitablanca.ma\\\/wp-content\\\/uploads\\\/2025\\\/06\\\/SVR-SUN-SECURE-Stick-Mineral-SPF50-10g-nova-parapharmacie-casablanca.jpg\",\"datePublished\":\"2025-06-11T21:31:09+00:00\",\"dateModified\":\"2026-01-21T17:42:29+00:00\",\"description\":\"SVR SUN SECURE Stick Mineral SPF50 10g\",\"breadcrumb\":{\"@id\":\"https:\\\/\\\/vitablanca.ma\\\/produit\\\/svr-sun-secure-stick-mineral-spf50-10g\\\/#breadcrumb\"},\"inLanguage\":\"en-US\",\"potentialAction\":[{\"@type\":\"ReadAction\",\"target\":[\"https:\\\/\\\/vitablanca.ma\\\/produit\\\/svr-sun-secure-stick-mineral-spf50-10g\\\/\"]}]},{\"@type\":\"ImageObject\",\"inLanguage\":\"en-US\",\"@id\":\"https:\\\/\\\/vitablanca.ma\\\/produit\\\/svr-sun-secure-stick-mineral-spf50-10g\\\/#primaryimage\",\"url\":\"https:\\\/\\\/vitablanca.ma\\\/wp-content\\\/uploads\\\/2025\\\/06\\\/SVR-SUN-SECURE-Stick-Mineral-SPF50-10g-nova-parapharmacie-casablanca.jpg\",\"contentUrl\":\"https:\\\/\\\/vitablanca.ma\\\/wp-content\\\/uploads\\\/2025\\\/06\\\/SVR-SUN-SECURE-Stick-Mineral-SPF50-10g-nova-parapharmacie-casablanca.jpg\",\"width\":1000,\"height\":1000},{\"@type\":\"BreadcrumbList\",\"@id\":\"https:\\\/\\\/vitablanca.ma\\\/produit\\\/svr-sun-secure-stick-mineral-spf50-10g\\\/#breadcrumb\",\"itemListElement\":[{\"@type\":\"ListItem\",\"position\":1,\"name\":\"Home\",\"item\":\"https:\\\/\\\/vitablanca.ma\\\/\"},{\"@type\":\"ListItem\",\"position\":2,\"name\":\"Tous Les Produits\",\"item\":\"https:\\\/\\\/vitablanca.ma\\\/tous-les-produits\\\/\"},{\"@type\":\"ListItem\",\"position\":3,\"name\":\"SVR SUN SECURE Stick Mineral SPF50 10g\"}]},{\"@type\":\"WebSite\",\"@id\":\"https:\\\/\\\/vitablanca.ma\\\/#website\",\"url\":\"https:\\\/\\\/vitablanca.ma\\\/\",\"name\":\"VitaBlanca.ma | Compl\u00e9ments alimentaires, sant\u00e9 & beaut\u00e9 au Maroc\",\"description\":\"vendre vitamines et compl\u00e9ments premium des USA &amp; Canada, Nouvelle Z\u00e9lande,Maroc (NOW Foods, Solgar, Manuka). Livraison rapide partout au Maroc.\",\"publisher\":{\"@id\":\"https:\\\/\\\/vitablanca.ma\\\/#organization\"},\"alternateName\":\"VitaBlanca.ma\",\"potentialAction\":[{\"@type\":\"SearchAction\",\"target\":{\"@type\":\"EntryPoint\",\"urlTemplate\":\"https:\\\/\\\/vitablanca.ma\\\/?s={search_term_string}\"},\"query-input\":{\"@type\":\"PropertyValueSpecification\",\"valueRequired\":true,\"valueName\":\"search_term_string\"}}],\"inLanguage\":\"en-US\"},{\"@type\":\"Organization\",\"@id\":\"https:\\\/\\\/vitablanca.ma\\\/#organization\",\"name\":\"VitaBlanca\",\"url\":\"https:\\\/\\\/vitablanca.ma\\\/\",\"logo\":{\"@type\":\"ImageObject\",\"inLanguage\":\"en-US\",\"@id\":\"https:\\\/\\\/vitablanca.ma\\\/#\\\/schema\\\/logo\\\/image\\\/\",\"url\":\"https:\\\/\\\/vitablanca.ma\\\/wp-content\\\/uploads\\\/2025\\\/05\\\/cropped-vitablanca.png\",\"contentUrl\":\"https:\\\/\\\/vitablanca.ma\\\/wp-content\\\/uploads\\\/2025\\\/05\\\/cropped-vitablanca.png\",\"width\":360,\"height\":67,\"caption\":\"VitaBlanca\"},\"image\":{\"@id\":\"https:\\\/\\\/vitablanca.ma\\\/#\\\/schema\\\/logo\\\/image\\\/\"},\"sameAs\":[\"https:\\\/\\\/www.facebook.com\\\/profile.php?id=61576678196717\",\"https:\\\/\\\/www.tiktok.com\\\/@vitablanca.ma\",\"https:\\\/\\\/www.instagram.com\\\/vitablanca.ma\\\/\"]}]}<\/script>\n<!-- \/ Yoast SEO plugin. -->","yoast_head_json":{"title":"SVR SUN SECURE Stick Mineral SPF50 10g - Morocco Price","description":"SVR SUN SECURE Mineral Stick SPF50 10g","robots":{"index":"index","follow":"follow","max-snippet":"max-snippet:-1","max-image-preview":"max-image-preview:large","max-video-preview":"max-video-preview:-1"},"canonical":"https:\/\/vitablanca.ma\/en\/product\/svr-sun-secure-stick-mineral-spf50-10g\/","og_locale":"en_US","og_type":"article","og_title":"SVR SUN SECURE Stick Mineral SPF50 10g - Maroc Prix","og_description":"SVR SUN SECURE Stick Mineral SPF50 10g","og_url":"https:\/\/vitablanca.ma\/en\/product\/svr-sun-secure-stick-mineral-spf50-10g\/","og_site_name":"Vitablanca.ma &ndash; Sant&eacute;, vitalit&eacute; et bien-&ecirc;tre pour tous les Marocains","article_publisher":"https:\/\/www.facebook.com\/profile.php?id=61576678196717","article_modified_time":"2026-01-21T17:42:29+00:00","og_image":[{"width":1000,"height":1000,"url":"https:\/\/vitablanca.ma\/wp-content\/uploads\/2025\/06\/SVR-SUN-SECURE-Stick-Mineral-SPF50-10g-nova-parapharmacie-casablanca.jpg","type":"image\/jpeg"}],"twitter_card":"summary_large_image","twitter_misc":{"Est. reading time":"2 minutes"},"schema":{"@context":"https:\/\/schema.org","@graph":[{"@type":["WebPage","ItemPage"],"@id":"https:\/\/vitablanca.ma\/produit\/svr-sun-secure-stick-mineral-spf50-10g\/","url":"https:\/\/vitablanca.ma\/produit\/svr-sun-secure-stick-mineral-spf50-10g\/","name":"SVR SUN SECURE Stick Mineral SPF50 10g - Morocco Price","isPartOf":{"@id":"https:\/\/vitablanca.ma\/#website"},"primaryImageOfPage":{"@id":"https:\/\/vitablanca.ma\/produit\/svr-sun-secure-stick-mineral-spf50-10g\/#primaryimage"},"image":{"@id":"https:\/\/vitablanca.ma\/produit\/svr-sun-secure-stick-mineral-spf50-10g\/#primaryimage"},"thumbnailUrl":"https:\/\/vitablanca.ma\/wp-content\/uploads\/2025\/06\/SVR-SUN-SECURE-Stick-Mineral-SPF50-10g-nova-parapharmacie-casablanca.jpg","datePublished":"2025-06-11T21:31:09+00:00","dateModified":"2026-01-21T17:42:29+00:00","description":"SVR SUN SECURE Mineral Stick SPF50 10g","breadcrumb":{"@id":"https:\/\/vitablanca.ma\/produit\/svr-sun-secure-stick-mineral-spf50-10g\/#breadcrumb"},"inLanguage":"en-US","potentialAction":[{"@type":"ReadAction","target":["https:\/\/vitablanca.ma\/produit\/svr-sun-secure-stick-mineral-spf50-10g\/"]}]},{"@type":"ImageObject","inLanguage":"en-US","@id":"https:\/\/vitablanca.ma\/produit\/svr-sun-secure-stick-mineral-spf50-10g\/#primaryimage","url":"https:\/\/vitablanca.ma\/wp-content\/uploads\/2025\/06\/SVR-SUN-SECURE-Stick-Mineral-SPF50-10g-nova-parapharmacie-casablanca.jpg","contentUrl":"https:\/\/vitablanca.ma\/wp-content\/uploads\/2025\/06\/SVR-SUN-SECURE-Stick-Mineral-SPF50-10g-nova-parapharmacie-casablanca.jpg","width":1000,"height":1000},{"@type":"BreadcrumbList","@id":"https:\/\/vitablanca.ma\/produit\/svr-sun-secure-stick-mineral-spf50-10g\/#breadcrumb","itemListElement":[{"@type":"ListItem","position":1,"name":"Home","item":"https:\/\/vitablanca.ma\/"},{"@type":"ListItem","position":2,"name":"Tous Les Produits","item":"https:\/\/vitablanca.ma\/tous-les-produits\/"},{"@type":"ListItem","position":3,"name":"SVR SUN SECURE Stick Mineral SPF50 10g"}]},{"@type":"WebSite","@id":"https:\/\/vitablanca.ma\/#website","url":"https:\/\/vitablanca.ma\/","name":"VitaBlanca.ma | Food supplements, health &amp; beauty in Morocco","description":"sell premium vitamins and supplements from USA &amp; Canada, New Zealand, Morocco (NOW Foods, Solgar, Manuka). Fast delivery anywhere in Morocco.","publisher":{"@id":"https:\/\/vitablanca.ma\/#organization"},"alternateName":"VitaBlanca.ma","potentialAction":[{"@type":"SearchAction","target":{"@type":"EntryPoint","urlTemplate":"https:\/\/vitablanca.ma\/?s={search_term_string}"},"query-input":{"@type":"PropertyValueSpecification","valueRequired":true,"valueName":"search_term_string"}}],"inLanguage":"en-US"},{"@type":"Organization","@id":"https:\/\/vitablanca.ma\/#organization","name":"VitaBlanca","url":"https:\/\/vitablanca.ma\/","logo":{"@type":"ImageObject","inLanguage":"en-US","@id":"https:\/\/vitablanca.ma\/#\/schema\/logo\/image\/","url":"https:\/\/vitablanca.ma\/wp-content\/uploads\/2025\/05\/cropped-vitablanca.png","contentUrl":"https:\/\/vitablanca.ma\/wp-content\/uploads\/2025\/05\/cropped-vitablanca.png","width":360,"height":67,"caption":"VitaBlanca"},"image":{"@id":"https:\/\/vitablanca.ma\/#\/schema\/logo\/image\/"},"sameAs":["https:\/\/www.facebook.com\/profile.php?id=61576678196717","https:\/\/www.tiktok.com\/@vitablanca.ma","https:\/\/www.instagram.com\/vitablanca.ma\/"]}]}},"jetpack_sharing_enabled":true,"_links":{"self":[{"href":"https:\/\/vitablanca.ma\/en\/wp-json\/wp\/v2\/product\/21827","targetHints":{"allow":["GET"]}}],"collection":[{"href":"https:\/\/vitablanca.ma\/en\/wp-json\/wp\/v2\/product"}],"about":[{"href":"https:\/\/vitablanca.ma\/en\/wp-json\/wp\/v2\/types\/product"}],"wp:featuredmedia":[{"embeddable":true,"href":"https:\/\/vitablanca.ma\/en\/wp-json\/wp\/v2\/media\/21826"}],"wp:attachment":[{"href":"https:\/\/vitablanca.ma\/en\/wp-json\/wp\/v2\/media?parent=21827"}],"wp:term":[{"taxonomy":"product_brand","embeddable":true,"href":"https:\/\/vitablanca.ma\/en\/wp-json\/wp\/v2\/product_brand?post=21827"},{"taxonomy":"product_cat","embeddable":true,"href":"https:\/\/vitablanca.ma\/en\/wp-json\/wp\/v2\/product_cat?post=21827"},{"taxonomy":"product_tag","embeddable":true,"href":"https:\/\/vitablanca.ma\/en\/wp-json\/wp\/v2\/product_tag?post=21827"}],"curies":[{"name":"wp","href":"https:\/\/api.w.org\/{rel}","templated":true}]}}