{"id":21823,"date":"2025-06-11T21:31:07","date_gmt":"2025-06-11T21:31:07","guid":{"rendered":"https:\/\/vitablanca.ma\/product\/roge-cavailles-creme-de-douche-karite-et-magnolia\/"},"modified":"2025-06-11T21:31:07","modified_gmt":"2025-06-11T21:31:07","slug":"roge-cavailles-creme-de-douche-karite-et-magnolia","status":"publish","type":"product","link":"https:\/\/vitablanca.ma\/en\/product\/roge-cavailles-creme-de-douche-karite-et-magnolia\/","title":{"rendered":"Rog\u00e9 Cavaill\u00e8s Shea and Magnolia Shower Cream"},"content":{"rendered":"<h2 class=\"product-details__section--title product-details__description--title mt-3\" data-mce-fragment=\"1\"><span>Rog\u00e9 Cavaill\u00e8s Shea and Magnolia Shower Cream for Sensitive and Dry Skin<\/span><\/h2>\n<h3><span><strong data-mce-fragment=\"1\">Presentation :<\/strong><\/span><\/h3>\n<p><span>250 ml \/ 750 ml bottle<\/span><\/p>\n<h3 class=\"product-details__section--title product-details__description--title mt-3\" data-mce-fragment=\"1\">Description:<\/h3>\n<p class=\"product-details__description--subtitle mb-0\" data-mce-fragment=\"1\"><strong>Gently cleanses and intensely nourishes sensitive and dry skin<\/strong><\/p>\n<h3 class=\"product-details__description--subtitle mb-0\" data-mce-fragment=\"1\"><strong data-mce-fragment=\"1\">Properties :\u00a0<\/strong><\/h3>\n<p class=\"product-details__description--subtitle mb-0\" data-mce-fragment=\"1\">Enriched with natural sweet almond and argan oils, it intensely nourishes and leaves your skin soft, supple and velvety.<br data-mce-fragment=\"1\">Gently cleanses and intensely nourishes sensitive and dry skin.<\/p>\n<h3 class=\"product-details__description--subtitle mb-0\" data-mce-fragment=\"1\"><strong data-mce-fragment=\"1\">Indications:<\/strong><\/h3>\n<p class=\"product-details__description--subtitle mb-0\" data-mce-fragment=\"1\">To gently cleanse and intensely nourish sensitive and dry skin<\/p>\n<h3 class=\"product-details__description--subtitle mb-0\" data-mce-fragment=\"1\"><strong data-mce-fragment=\"1\">Ingredients :<\/strong><\/h3>\n<p class=\"product-details__description--subtitle mb-0\" data-mce-fragment=\"1\">Aqua, sodium laureth sulfate, glycerin, acrylates copolymer, cocamidopropyl betaine, sodium lauroyl glutamate, PEG-7 glyceryl cocoate, potassium olivoyl hydrolyzed oat protein, Butyrospermum parkii butter, olive oil PEG-7 esters, polysorbate 20, Magnolia officinalis flower extract, xanthan gum, glycol distearate, perfume, citric acid, cocamide mea, titanium dioxide, sodium benzoate, sodium hydroxide, disodium EDTA<\/p>\n<h3 class=\"product-details__description--subtitle mb-0\" data-mce-fragment=\"1\"><strong data-mce-fragment=\"1\">Directions for use:<\/strong><\/h3>\n<p class=\"product-details__description--subtitle mb-0\" data-mce-fragment=\"1\">In the shower or bath, apply this Shower Gel Cream to wet skin. Lather and enjoy its creamy, melting texture on your skin.<\/p>","protected":false},"excerpt":{"rendered":"<p>Rog\u00e9 Cavaill\u00e8s Cr\u00e8me De Douche Karit\u00e9 Et Magnolia Peaux Sensibles Et S\u00e8ches Pr\u00e9sentation : Flacon 250 ml \/ 750 ml Description: Nettoie en douceur et nourrit intens\u00e9ment les peaux sensibles et s\u00e8ches Propri\u00e9t\u00e9s :\u00a0 Enrichie en huiles naturelles d\u2019amande douce et d\u2019argan, elle nourrit intens\u00e9ment et laisse votre peau douce, souple et velout\u00e9e.Nettoie en douceur [&hellip;]<\/p>\n","protected":false},"featured_media":21818,"template":"","meta":{"om_disable_all_campaigns":false},"product_brand":[],"product_cat":[15],"product_tag":[],"class_list":{"0":"post-21823","1":"product","2":"type-product","3":"status-publish","4":"has-post-thumbnail","6":"product_cat-beaute-sante-complements-alimentaires-soins-et-bien-etre-au-meilleur-prix","8":"first","9":"instock","10":"sale","11":"taxable","12":"shipping-taxable","13":"purchasable","14":"product-type-variable"},"yoast_head":"<!-- This site is optimized with the Yoast SEO plugin v27.4 - https:\/\/yoast.com\/product\/yoast-seo-wordpress\/ -->\n<title>Rog\u00e9 Cavaill\u00e8s Cr\u00e8me De Douche Karit\u00e9 Et Magnolia - Maroc Prix<\/title>\n<meta name=\"description\" content=\"Rog\u00e9 Cavaill\u00e8s Cr\u00e8me De Douche Karit\u00e9 Et Magnolia\" \/>\n<meta name=\"robots\" content=\"index, follow, max-snippet:-1, max-image-preview:large, max-video-preview:-1\" \/>\n<link rel=\"canonical\" href=\"https:\/\/vitablanca.ma\/en\/product\/roge-cavailles-creme-de-douche-karite-et-magnolia\/\" \/>\n<meta property=\"og:locale\" content=\"en_US\" \/>\n<meta property=\"og:type\" content=\"article\" \/>\n<meta property=\"og:title\" content=\"Rog\u00e9 Cavaill\u00e8s Cr\u00e8me De Douche Karit\u00e9 Et Magnolia - Maroc Prix\" \/>\n<meta property=\"og:description\" content=\"Rog\u00e9 Cavaill\u00e8s Cr\u00e8me De Douche Karit\u00e9 Et Magnolia\" \/>\n<meta property=\"og:url\" content=\"https:\/\/vitablanca.ma\/en\/product\/roge-cavailles-creme-de-douche-karite-et-magnolia\/\" \/>\n<meta property=\"og:site_name\" content=\"Vitablanca.ma &ndash; Sant&eacute;, vitalit&eacute; et bien-&ecirc;tre pour tous les Marocains\" \/>\n<meta property=\"article:publisher\" content=\"https:\/\/www.facebook.com\/profile.php?id=61576678196717\" \/>\n<meta property=\"og:image\" content=\"https:\/\/vitablanca.ma\/wp-content\/uploads\/2025\/06\/Roge-Cavailles-Creme-De-Douche-Karite-Et-Magnolia-750-ml-prix-maroc-parapharmacie-casablanca.jpg\" \/>\n\t<meta property=\"og:image:width\" content=\"1000\" \/>\n\t<meta property=\"og:image:height\" content=\"1000\" \/>\n\t<meta property=\"og:image:type\" content=\"image\/jpeg\" \/>\n<meta name=\"twitter:card\" content=\"summary_large_image\" \/>\n<meta name=\"twitter:label1\" content=\"Est. reading time\" \/>\n\t<meta name=\"twitter:data1\" content=\"1 minute\" \/>\n<script type=\"application\/ld+json\" class=\"yoast-schema-graph\">{\"@context\":\"https:\\\/\\\/schema.org\",\"@graph\":[{\"@type\":[\"WebPage\",\"ItemPage\"],\"@id\":\"https:\\\/\\\/vitablanca.ma\\\/produit\\\/roge-cavailles-creme-de-douche-karite-et-magnolia\\\/\",\"url\":\"https:\\\/\\\/vitablanca.ma\\\/produit\\\/roge-cavailles-creme-de-douche-karite-et-magnolia\\\/\",\"name\":\"Rog\u00e9 Cavaill\u00e8s Cr\u00e8me De Douche Karit\u00e9 Et Magnolia - Maroc Prix\",\"isPartOf\":{\"@id\":\"https:\\\/\\\/vitablanca.ma\\\/#website\"},\"primaryImageOfPage\":{\"@id\":\"https:\\\/\\\/vitablanca.ma\\\/produit\\\/roge-cavailles-creme-de-douche-karite-et-magnolia\\\/#primaryimage\"},\"image\":{\"@id\":\"https:\\\/\\\/vitablanca.ma\\\/produit\\\/roge-cavailles-creme-de-douche-karite-et-magnolia\\\/#primaryimage\"},\"thumbnailUrl\":\"https:\\\/\\\/vitablanca.ma\\\/wp-content\\\/uploads\\\/2025\\\/06\\\/Roge-Cavailles-Creme-De-Douche-Karite-Et-Magnolia-750-ml-prix-maroc-parapharmacie-casablanca.jpg\",\"datePublished\":\"2025-06-11T21:31:07+00:00\",\"description\":\"Rog\u00e9 Cavaill\u00e8s Cr\u00e8me De Douche Karit\u00e9 Et Magnolia\",\"breadcrumb\":{\"@id\":\"https:\\\/\\\/vitablanca.ma\\\/produit\\\/roge-cavailles-creme-de-douche-karite-et-magnolia\\\/#breadcrumb\"},\"inLanguage\":\"en-US\",\"potentialAction\":[{\"@type\":\"ReadAction\",\"target\":[\"https:\\\/\\\/vitablanca.ma\\\/produit\\\/roge-cavailles-creme-de-douche-karite-et-magnolia\\\/\"]}]},{\"@type\":\"ImageObject\",\"inLanguage\":\"en-US\",\"@id\":\"https:\\\/\\\/vitablanca.ma\\\/produit\\\/roge-cavailles-creme-de-douche-karite-et-magnolia\\\/#primaryimage\",\"url\":\"https:\\\/\\\/vitablanca.ma\\\/wp-content\\\/uploads\\\/2025\\\/06\\\/Roge-Cavailles-Creme-De-Douche-Karite-Et-Magnolia-750-ml-prix-maroc-parapharmacie-casablanca.jpg\",\"contentUrl\":\"https:\\\/\\\/vitablanca.ma\\\/wp-content\\\/uploads\\\/2025\\\/06\\\/Roge-Cavailles-Creme-De-Douche-Karite-Et-Magnolia-750-ml-prix-maroc-parapharmacie-casablanca.jpg\",\"width\":1000,\"height\":1000},{\"@type\":\"BreadcrumbList\",\"@id\":\"https:\\\/\\\/vitablanca.ma\\\/produit\\\/roge-cavailles-creme-de-douche-karite-et-magnolia\\\/#breadcrumb\",\"itemListElement\":[{\"@type\":\"ListItem\",\"position\":1,\"name\":\"Home\",\"item\":\"https:\\\/\\\/vitablanca.ma\\\/\"},{\"@type\":\"ListItem\",\"position\":2,\"name\":\"Tous Les Produits\",\"item\":\"https:\\\/\\\/vitablanca.ma\\\/tous-les-produits\\\/\"},{\"@type\":\"ListItem\",\"position\":3,\"name\":\"Rog\u00e9 Cavaill\u00e8s Cr\u00e8me De Douche Karit\u00e9 Et Magnolia\"}]},{\"@type\":\"WebSite\",\"@id\":\"https:\\\/\\\/vitablanca.ma\\\/#website\",\"url\":\"https:\\\/\\\/vitablanca.ma\\\/\",\"name\":\"VitaBlanca.ma | Compl\u00e9ments alimentaires, sant\u00e9 & beaut\u00e9 au Maroc\",\"description\":\"vendre vitamines et compl\u00e9ments premium des USA &amp; Canada, Nouvelle Z\u00e9lande,Maroc (NOW Foods, Solgar, Manuka). Livraison rapide partout au Maroc.\",\"publisher\":{\"@id\":\"https:\\\/\\\/vitablanca.ma\\\/#organization\"},\"alternateName\":\"VitaBlanca.ma\",\"potentialAction\":[{\"@type\":\"SearchAction\",\"target\":{\"@type\":\"EntryPoint\",\"urlTemplate\":\"https:\\\/\\\/vitablanca.ma\\\/?s={search_term_string}\"},\"query-input\":{\"@type\":\"PropertyValueSpecification\",\"valueRequired\":true,\"valueName\":\"search_term_string\"}}],\"inLanguage\":\"en-US\"},{\"@type\":\"Organization\",\"@id\":\"https:\\\/\\\/vitablanca.ma\\\/#organization\",\"name\":\"VitaBlanca\",\"url\":\"https:\\\/\\\/vitablanca.ma\\\/\",\"logo\":{\"@type\":\"ImageObject\",\"inLanguage\":\"en-US\",\"@id\":\"https:\\\/\\\/vitablanca.ma\\\/#\\\/schema\\\/logo\\\/image\\\/\",\"url\":\"https:\\\/\\\/vitablanca.ma\\\/wp-content\\\/uploads\\\/2025\\\/05\\\/cropped-vitablanca.png\",\"contentUrl\":\"https:\\\/\\\/vitablanca.ma\\\/wp-content\\\/uploads\\\/2025\\\/05\\\/cropped-vitablanca.png\",\"width\":360,\"height\":67,\"caption\":\"VitaBlanca\"},\"image\":{\"@id\":\"https:\\\/\\\/vitablanca.ma\\\/#\\\/schema\\\/logo\\\/image\\\/\"},\"sameAs\":[\"https:\\\/\\\/www.facebook.com\\\/profile.php?id=61576678196717\",\"https:\\\/\\\/www.tiktok.com\\\/@vitablanca.ma\",\"https:\\\/\\\/www.instagram.com\\\/vitablanca.ma\\\/\"]}]}<\/script>\n<!-- \/ Yoast SEO plugin. -->","yoast_head_json":{"title":"Rog\u00e9 Cavaill\u00e8s Shea and Magnolia Shower Cream - Morocco Price","description":"Rog\u00e9 Cavaill\u00e8s Shea and Magnolia Shower Cream","robots":{"index":"index","follow":"follow","max-snippet":"max-snippet:-1","max-image-preview":"max-image-preview:large","max-video-preview":"max-video-preview:-1"},"canonical":"https:\/\/vitablanca.ma\/en\/product\/roge-cavailles-creme-de-douche-karite-et-magnolia\/","og_locale":"en_US","og_type":"article","og_title":"Rog\u00e9 Cavaill\u00e8s Cr\u00e8me De Douche Karit\u00e9 Et Magnolia - Maroc Prix","og_description":"Rog\u00e9 Cavaill\u00e8s Cr\u00e8me De Douche Karit\u00e9 Et Magnolia","og_url":"https:\/\/vitablanca.ma\/en\/product\/roge-cavailles-creme-de-douche-karite-et-magnolia\/","og_site_name":"Vitablanca.ma &ndash; Sant&eacute;, vitalit&eacute; et bien-&ecirc;tre pour tous les Marocains","article_publisher":"https:\/\/www.facebook.com\/profile.php?id=61576678196717","og_image":[{"width":1000,"height":1000,"url":"https:\/\/vitablanca.ma\/wp-content\/uploads\/2025\/06\/Roge-Cavailles-Creme-De-Douche-Karite-Et-Magnolia-750-ml-prix-maroc-parapharmacie-casablanca.jpg","type":"image\/jpeg"}],"twitter_card":"summary_large_image","twitter_misc":{"Est. reading time":"1 minute"},"schema":{"@context":"https:\/\/schema.org","@graph":[{"@type":["WebPage","ItemPage"],"@id":"https:\/\/vitablanca.ma\/produit\/roge-cavailles-creme-de-douche-karite-et-magnolia\/","url":"https:\/\/vitablanca.ma\/produit\/roge-cavailles-creme-de-douche-karite-et-magnolia\/","name":"Rog\u00e9 Cavaill\u00e8s Shea and Magnolia Shower Cream - Morocco Price","isPartOf":{"@id":"https:\/\/vitablanca.ma\/#website"},"primaryImageOfPage":{"@id":"https:\/\/vitablanca.ma\/produit\/roge-cavailles-creme-de-douche-karite-et-magnolia\/#primaryimage"},"image":{"@id":"https:\/\/vitablanca.ma\/produit\/roge-cavailles-creme-de-douche-karite-et-magnolia\/#primaryimage"},"thumbnailUrl":"https:\/\/vitablanca.ma\/wp-content\/uploads\/2025\/06\/Roge-Cavailles-Creme-De-Douche-Karite-Et-Magnolia-750-ml-prix-maroc-parapharmacie-casablanca.jpg","datePublished":"2025-06-11T21:31:07+00:00","description":"Rog\u00e9 Cavaill\u00e8s Shea and Magnolia Shower Cream","breadcrumb":{"@id":"https:\/\/vitablanca.ma\/produit\/roge-cavailles-creme-de-douche-karite-et-magnolia\/#breadcrumb"},"inLanguage":"en-US","potentialAction":[{"@type":"ReadAction","target":["https:\/\/vitablanca.ma\/produit\/roge-cavailles-creme-de-douche-karite-et-magnolia\/"]}]},{"@type":"ImageObject","inLanguage":"en-US","@id":"https:\/\/vitablanca.ma\/produit\/roge-cavailles-creme-de-douche-karite-et-magnolia\/#primaryimage","url":"https:\/\/vitablanca.ma\/wp-content\/uploads\/2025\/06\/Roge-Cavailles-Creme-De-Douche-Karite-Et-Magnolia-750-ml-prix-maroc-parapharmacie-casablanca.jpg","contentUrl":"https:\/\/vitablanca.ma\/wp-content\/uploads\/2025\/06\/Roge-Cavailles-Creme-De-Douche-Karite-Et-Magnolia-750-ml-prix-maroc-parapharmacie-casablanca.jpg","width":1000,"height":1000},{"@type":"BreadcrumbList","@id":"https:\/\/vitablanca.ma\/produit\/roge-cavailles-creme-de-douche-karite-et-magnolia\/#breadcrumb","itemListElement":[{"@type":"ListItem","position":1,"name":"Home","item":"https:\/\/vitablanca.ma\/"},{"@type":"ListItem","position":2,"name":"Tous Les Produits","item":"https:\/\/vitablanca.ma\/tous-les-produits\/"},{"@type":"ListItem","position":3,"name":"Rog\u00e9 Cavaill\u00e8s Cr\u00e8me De Douche Karit\u00e9 Et Magnolia"}]},{"@type":"WebSite","@id":"https:\/\/vitablanca.ma\/#website","url":"https:\/\/vitablanca.ma\/","name":"VitaBlanca.ma | Food supplements, health &amp; beauty in Morocco","description":"sell premium vitamins and supplements from USA &amp; Canada, New Zealand, Morocco (NOW Foods, Solgar, Manuka). Fast delivery anywhere in Morocco.","publisher":{"@id":"https:\/\/vitablanca.ma\/#organization"},"alternateName":"VitaBlanca.ma","potentialAction":[{"@type":"SearchAction","target":{"@type":"EntryPoint","urlTemplate":"https:\/\/vitablanca.ma\/?s={search_term_string}"},"query-input":{"@type":"PropertyValueSpecification","valueRequired":true,"valueName":"search_term_string"}}],"inLanguage":"en-US"},{"@type":"Organization","@id":"https:\/\/vitablanca.ma\/#organization","name":"VitaBlanca","url":"https:\/\/vitablanca.ma\/","logo":{"@type":"ImageObject","inLanguage":"en-US","@id":"https:\/\/vitablanca.ma\/#\/schema\/logo\/image\/","url":"https:\/\/vitablanca.ma\/wp-content\/uploads\/2025\/05\/cropped-vitablanca.png","contentUrl":"https:\/\/vitablanca.ma\/wp-content\/uploads\/2025\/05\/cropped-vitablanca.png","width":360,"height":67,"caption":"VitaBlanca"},"image":{"@id":"https:\/\/vitablanca.ma\/#\/schema\/logo\/image\/"},"sameAs":["https:\/\/www.facebook.com\/profile.php?id=61576678196717","https:\/\/www.tiktok.com\/@vitablanca.ma","https:\/\/www.instagram.com\/vitablanca.ma\/"]}]}},"jetpack_sharing_enabled":true,"_links":{"self":[{"href":"https:\/\/vitablanca.ma\/en\/wp-json\/wp\/v2\/product\/21823","targetHints":{"allow":["GET"]}}],"collection":[{"href":"https:\/\/vitablanca.ma\/en\/wp-json\/wp\/v2\/product"}],"about":[{"href":"https:\/\/vitablanca.ma\/en\/wp-json\/wp\/v2\/types\/product"}],"wp:featuredmedia":[{"embeddable":true,"href":"https:\/\/vitablanca.ma\/en\/wp-json\/wp\/v2\/media\/21818"}],"wp:attachment":[{"href":"https:\/\/vitablanca.ma\/en\/wp-json\/wp\/v2\/media?parent=21823"}],"wp:term":[{"taxonomy":"product_brand","embeddable":true,"href":"https:\/\/vitablanca.ma\/en\/wp-json\/wp\/v2\/product_brand?post=21823"},{"taxonomy":"product_cat","embeddable":true,"href":"https:\/\/vitablanca.ma\/en\/wp-json\/wp\/v2\/product_cat?post=21823"},{"taxonomy":"product_tag","embeddable":true,"href":"https:\/\/vitablanca.ma\/en\/wp-json\/wp\/v2\/product_tag?post=21823"}],"curies":[{"name":"wp","href":"https:\/\/api.w.org\/{rel}","templated":true}]}}