{"id":21815,"date":"2025-06-11T21:31:01","date_gmt":"2025-06-11T21:31:01","guid":{"rendered":"https:\/\/vitablanca.ma\/product\/roge-cavailles-creme-de-douche-amande-rose-750-ml\/"},"modified":"2026-02-07T17:16:27","modified_gmt":"2026-02-07T17:16:27","slug":"roge-cavailles-creme-de-douche-amande-rose-750-ml","status":"publish","type":"product","link":"https:\/\/vitablanca.ma\/en\/product\/roge-cavailles-creme-de-douche-amande-rose-750-ml\/","title":{"rendered":"Rog\u00e9 Cavaill\u00e8s Shower Cream Almond &amp; Rose 750 ml"},"content":{"rendered":"<h2>Rog\u00e9 Cavaill\u00e8s Almond &amp; Rose Shower Cream<\/h2>\n<p>750 ml<\/p>\n<p>This Almond and Rose Shower Cream allows you to combine pleasure and hydration for your sensitive skin during your shower.<br \/>\nThis Bath and Shower Cream combines the nourishing virtues of sweet almond oil and the toning properties of cent-leaf rose flowers to ensure intense hydration for your skin.<br \/>\nYour skin softens and becomes more supple over the days to bring you softness and comfort.<br \/>\nThe ultra-creamy texture of this Relaxing Shower Cream and its floral fragrance will melt you with pleasure. Your skin will be supple, soft, and incredibly comfortable.<br \/>\nIn the shower or bath, place a generous amount of Relaxing Shower Cream in the palm of your hand and lather on your wet body, enjoying its fragrance.<br \/>\nAfter use, rinse thoroughly with clean water.<\/p>\n<div class=\"accordion-header\">\n<h3 class=\"mb-0\">PRODUCT COMPOSITION:<\/h3>\n<\/div>\n<div class=\"accordion-body\">\n<div>\n<p>Aqua, Sodium Laureth Sulfate, Glycerin<br \/>\nAcrylates Copolymer, Sodium Lauroyl Glutamate,<br \/>\nPEG-7 Glyceryl Cocoate, Cocamidopropyl Betaine,<br \/>\nPotassium Olivoyl Hydrolyzed Oat Protein,<br \/>\nOlive Oil PEG-7 Esters, Rosa Centifolia Flower Extract,<br \/>\nPolysorbate 20, Prunus Amygdalus Dulcis Oil,<br \/>\nCitric Acid, Parfum, Glycol Distearate, Cocamide MEA,<br \/>\nTitanium Dioxide, Hydrogenated Vegetable Oil,<br \/>\nXanthan Gum, Tocopherol, Propylene Glycol,<br \/>\nSodium Benzoate, Sodium Hydroxide, Disodium EDTA<\/p>\n<\/div>\n<\/div>","protected":false},"excerpt":{"rendered":"<p>Rog\u00e9 Cavaill\u00e8s Cr\u00e8me De Douche Amande &amp; Rose 750 ml Cette Cr\u00e8me de Douche \u00e0 l\u2019Amande et \u00e0 la Rose vous permet de combiner plaisir et hydratation pour votre peau sensible lors de votre douche. Cette Cr\u00e8me de Bain et Douche associe les vertus nourrissantes de l\u2019huile d\u2019Amande douce et les propri\u00e9t\u00e9s tonifiantes des fleurs [&hellip;]<\/p>\n","protected":false},"featured_media":21814,"template":"","meta":{"om_disable_all_campaigns":false},"product_brand":[],"product_cat":[15],"product_tag":[8651,8650,8648,8653,6526,6740,8647,8652,8649,8654],"class_list":{"0":"post-21815","1":"product","2":"type-product","3":"status-publish","4":"has-post-thumbnail","6":"product_cat-beaute-sante-complements-alimentaires-soins-et-bien-etre-au-meilleur-prix","7":"product_tag-bain-douche-gourmand","8":"product_tag-creme-douche-750ml","9":"product_tag-douche-amande-et-rose","10":"product_tag-douche-cremeuse-nourrissante","11":"product_tag-gel-douche-hydratant","12":"product_tag-gel-douche-parfume","13":"product_tag-roge-cavailles-creme-de-douche","14":"product_tag-roge-cavailles-peau-fragile","15":"product_tag-soin-corps-peaux-sensibles","16":"product_tag-soin-quotidien-corps","18":"first","19":"instock","20":"sale","21":"taxable","22":"shipping-taxable","23":"purchasable","24":"product-type-simple"},"yoast_head":"<!-- This site is optimized with the Yoast SEO plugin v27.4 - https:\/\/yoast.com\/product\/yoast-seo-wordpress\/ -->\n<title>Rog\u00e9 Cavaill\u00e8s Cr\u00e8me De Douche Amande 750 ml - Maroc Prix<\/title>\n<meta name=\"description\" content=\"Cr\u00e8me de Douche Rog\u00e9 Cavaill\u00e8s Amande &amp; Rose 750ml. Nettoie en douceur, hydrate et prot\u00e8ge les peaux sensibles. Texture cr\u00e9meuse et parfum gourmand.\" \/>\n<meta name=\"robots\" content=\"index, follow, max-snippet:-1, max-image-preview:large, max-video-preview:-1\" \/>\n<link rel=\"canonical\" href=\"https:\/\/vitablanca.ma\/en\/product\/roge-cavailles-creme-de-douche-amande-rose-750-ml\/\" \/>\n<meta property=\"og:locale\" content=\"en_US\" \/>\n<meta property=\"og:type\" content=\"article\" \/>\n<meta property=\"og:title\" content=\"Rog\u00e9 Cavaill\u00e8s Cr\u00e8me De Douche Amande 750 ml - Maroc Prix\" \/>\n<meta property=\"og:description\" content=\"Cr\u00e8me de Douche Rog\u00e9 Cavaill\u00e8s Amande &amp; Rose 750ml. Nettoie en douceur, hydrate et prot\u00e8ge les peaux sensibles. Texture cr\u00e9meuse et parfum gourmand.\" \/>\n<meta property=\"og:url\" content=\"https:\/\/vitablanca.ma\/en\/product\/roge-cavailles-creme-de-douche-amande-rose-750-ml\/\" \/>\n<meta property=\"og:site_name\" content=\"Vitablanca.ma &ndash; Sant&eacute;, vitalit&eacute; et bien-&ecirc;tre pour tous les Marocains\" \/>\n<meta property=\"article:publisher\" content=\"https:\/\/www.facebook.com\/profile.php?id=61576678196717\" \/>\n<meta property=\"article:modified_time\" content=\"2026-02-07T17:16:27+00:00\" \/>\n<meta property=\"og:image\" content=\"https:\/\/vitablanca.ma\/wp-content\/uploads\/2025\/06\/Roge-Cavailles-Creme-De-Douche-Amande-_-Rose-750-ml-Nova-para-prix-Maroc.jpg\" \/>\n\t<meta property=\"og:image:width\" content=\"1000\" \/>\n\t<meta property=\"og:image:height\" content=\"1000\" \/>\n\t<meta property=\"og:image:type\" content=\"image\/jpeg\" \/>\n<meta name=\"twitter:card\" content=\"summary_large_image\" \/>\n<meta name=\"twitter:label1\" content=\"Est. reading time\" \/>\n\t<meta name=\"twitter:data1\" content=\"2 minutes\" \/>\n<script type=\"application\/ld+json\" class=\"yoast-schema-graph\">{\"@context\":\"https:\\\/\\\/schema.org\",\"@graph\":[{\"@type\":[\"WebPage\",\"ItemPage\"],\"@id\":\"https:\\\/\\\/vitablanca.ma\\\/produit\\\/roge-cavailles-creme-de-douche-amande-rose-750-ml\\\/\",\"url\":\"https:\\\/\\\/vitablanca.ma\\\/produit\\\/roge-cavailles-creme-de-douche-amande-rose-750-ml\\\/\",\"name\":\"Rog\u00e9 Cavaill\u00e8s Cr\u00e8me De Douche Amande 750 ml - Maroc Prix\",\"isPartOf\":{\"@id\":\"https:\\\/\\\/vitablanca.ma\\\/#website\"},\"primaryImageOfPage\":{\"@id\":\"https:\\\/\\\/vitablanca.ma\\\/produit\\\/roge-cavailles-creme-de-douche-amande-rose-750-ml\\\/#primaryimage\"},\"image\":{\"@id\":\"https:\\\/\\\/vitablanca.ma\\\/produit\\\/roge-cavailles-creme-de-douche-amande-rose-750-ml\\\/#primaryimage\"},\"thumbnailUrl\":\"https:\\\/\\\/vitablanca.ma\\\/wp-content\\\/uploads\\\/2025\\\/06\\\/Roge-Cavailles-Creme-De-Douche-Amande-_-Rose-750-ml-Nova-para-prix-Maroc.jpg\",\"datePublished\":\"2025-06-11T21:31:01+00:00\",\"dateModified\":\"2026-02-07T17:16:27+00:00\",\"description\":\"Cr\u00e8me de Douche Rog\u00e9 Cavaill\u00e8s Amande & Rose 750ml. Nettoie en douceur, hydrate et prot\u00e8ge les peaux sensibles. Texture cr\u00e9meuse et parfum gourmand.\",\"breadcrumb\":{\"@id\":\"https:\\\/\\\/vitablanca.ma\\\/produit\\\/roge-cavailles-creme-de-douche-amande-rose-750-ml\\\/#breadcrumb\"},\"inLanguage\":\"en-US\",\"potentialAction\":[{\"@type\":\"ReadAction\",\"target\":[\"https:\\\/\\\/vitablanca.ma\\\/produit\\\/roge-cavailles-creme-de-douche-amande-rose-750-ml\\\/\"]}]},{\"@type\":\"ImageObject\",\"inLanguage\":\"en-US\",\"@id\":\"https:\\\/\\\/vitablanca.ma\\\/produit\\\/roge-cavailles-creme-de-douche-amande-rose-750-ml\\\/#primaryimage\",\"url\":\"https:\\\/\\\/vitablanca.ma\\\/wp-content\\\/uploads\\\/2025\\\/06\\\/Roge-Cavailles-Creme-De-Douche-Amande-_-Rose-750-ml-Nova-para-prix-Maroc.jpg\",\"contentUrl\":\"https:\\\/\\\/vitablanca.ma\\\/wp-content\\\/uploads\\\/2025\\\/06\\\/Roge-Cavailles-Creme-De-Douche-Amande-_-Rose-750-ml-Nova-para-prix-Maroc.jpg\",\"width\":1000,\"height\":1000},{\"@type\":\"BreadcrumbList\",\"@id\":\"https:\\\/\\\/vitablanca.ma\\\/produit\\\/roge-cavailles-creme-de-douche-amande-rose-750-ml\\\/#breadcrumb\",\"itemListElement\":[{\"@type\":\"ListItem\",\"position\":1,\"name\":\"Home\",\"item\":\"https:\\\/\\\/vitablanca.ma\\\/\"},{\"@type\":\"ListItem\",\"position\":2,\"name\":\"Tous Les Produits\",\"item\":\"https:\\\/\\\/vitablanca.ma\\\/tous-les-produits\\\/\"},{\"@type\":\"ListItem\",\"position\":3,\"name\":\"Rog\u00e9 Cavaill\u00e8s Cr\u00e8me De Douche Amande &amp; Rose 750 ml\"}]},{\"@type\":\"WebSite\",\"@id\":\"https:\\\/\\\/vitablanca.ma\\\/#website\",\"url\":\"https:\\\/\\\/vitablanca.ma\\\/\",\"name\":\"VitaBlanca.ma | Compl\u00e9ments alimentaires, sant\u00e9 & beaut\u00e9 au Maroc\",\"description\":\"vendre vitamines et compl\u00e9ments premium des USA &amp; Canada, Nouvelle Z\u00e9lande,Maroc (NOW Foods, Solgar, Manuka). Livraison rapide partout au Maroc.\",\"publisher\":{\"@id\":\"https:\\\/\\\/vitablanca.ma\\\/#organization\"},\"alternateName\":\"VitaBlanca.ma\",\"potentialAction\":[{\"@type\":\"SearchAction\",\"target\":{\"@type\":\"EntryPoint\",\"urlTemplate\":\"https:\\\/\\\/vitablanca.ma\\\/?s={search_term_string}\"},\"query-input\":{\"@type\":\"PropertyValueSpecification\",\"valueRequired\":true,\"valueName\":\"search_term_string\"}}],\"inLanguage\":\"en-US\"},{\"@type\":\"Organization\",\"@id\":\"https:\\\/\\\/vitablanca.ma\\\/#organization\",\"name\":\"VitaBlanca\",\"url\":\"https:\\\/\\\/vitablanca.ma\\\/\",\"logo\":{\"@type\":\"ImageObject\",\"inLanguage\":\"en-US\",\"@id\":\"https:\\\/\\\/vitablanca.ma\\\/#\\\/schema\\\/logo\\\/image\\\/\",\"url\":\"https:\\\/\\\/vitablanca.ma\\\/wp-content\\\/uploads\\\/2025\\\/05\\\/cropped-vitablanca.png\",\"contentUrl\":\"https:\\\/\\\/vitablanca.ma\\\/wp-content\\\/uploads\\\/2025\\\/05\\\/cropped-vitablanca.png\",\"width\":360,\"height\":67,\"caption\":\"VitaBlanca\"},\"image\":{\"@id\":\"https:\\\/\\\/vitablanca.ma\\\/#\\\/schema\\\/logo\\\/image\\\/\"},\"sameAs\":[\"https:\\\/\\\/www.facebook.com\\\/profile.php?id=61576678196717\",\"https:\\\/\\\/www.tiktok.com\\\/@vitablanca.ma\",\"https:\\\/\\\/www.instagram.com\\\/vitablanca.ma\\\/\"]}]}<\/script>\n<!-- \/ Yoast SEO plugin. -->","yoast_head_json":{"title":"Rog\u00e9 Cavaill\u00e8s Cr\u00e8me De Douche Amande 750 ml - Maroc Prix","description":"Cr\u00e8me de Douche Rog\u00e9 Cavaill\u00e8s Amande & Rose 750ml. Nettoie en douceur, hydrate et prot\u00e8ge les peaux sensibles. Texture cr\u00e9meuse et parfum gourmand.","robots":{"index":"index","follow":"follow","max-snippet":"max-snippet:-1","max-image-preview":"max-image-preview:large","max-video-preview":"max-video-preview:-1"},"canonical":"https:\/\/vitablanca.ma\/en\/product\/roge-cavailles-creme-de-douche-amande-rose-750-ml\/","og_locale":"en_US","og_type":"article","og_title":"Rog\u00e9 Cavaill\u00e8s Cr\u00e8me De Douche Amande 750 ml - Maroc Prix","og_description":"Cr\u00e8me de Douche Rog\u00e9 Cavaill\u00e8s Amande & Rose 750ml. Nettoie en douceur, hydrate et prot\u00e8ge les peaux sensibles. Texture cr\u00e9meuse et parfum gourmand.","og_url":"https:\/\/vitablanca.ma\/en\/product\/roge-cavailles-creme-de-douche-amande-rose-750-ml\/","og_site_name":"Vitablanca.ma &ndash; Sant&eacute;, vitalit&eacute; et bien-&ecirc;tre pour tous les Marocains","article_publisher":"https:\/\/www.facebook.com\/profile.php?id=61576678196717","article_modified_time":"2026-02-07T17:16:27+00:00","og_image":[{"width":1000,"height":1000,"url":"https:\/\/vitablanca.ma\/wp-content\/uploads\/2025\/06\/Roge-Cavailles-Creme-De-Douche-Amande-_-Rose-750-ml-Nova-para-prix-Maroc.jpg","type":"image\/jpeg"}],"twitter_card":"summary_large_image","twitter_misc":{"Est. reading time":"2 minutes"},"schema":{"@context":"https:\/\/schema.org","@graph":[{"@type":["WebPage","ItemPage"],"@id":"https:\/\/vitablanca.ma\/produit\/roge-cavailles-creme-de-douche-amande-rose-750-ml\/","url":"https:\/\/vitablanca.ma\/produit\/roge-cavailles-creme-de-douche-amande-rose-750-ml\/","name":"Rog\u00e9 Cavaill\u00e8s Cr\u00e8me De Douche Amande 750 ml - Maroc Prix","isPartOf":{"@id":"https:\/\/vitablanca.ma\/#website"},"primaryImageOfPage":{"@id":"https:\/\/vitablanca.ma\/produit\/roge-cavailles-creme-de-douche-amande-rose-750-ml\/#primaryimage"},"image":{"@id":"https:\/\/vitablanca.ma\/produit\/roge-cavailles-creme-de-douche-amande-rose-750-ml\/#primaryimage"},"thumbnailUrl":"https:\/\/vitablanca.ma\/wp-content\/uploads\/2025\/06\/Roge-Cavailles-Creme-De-Douche-Amande-_-Rose-750-ml-Nova-para-prix-Maroc.jpg","datePublished":"2025-06-11T21:31:01+00:00","dateModified":"2026-02-07T17:16:27+00:00","description":"Cr\u00e8me de Douche Rog\u00e9 Cavaill\u00e8s Amande & Rose 750ml. Nettoie en douceur, hydrate et prot\u00e8ge les peaux sensibles. Texture cr\u00e9meuse et parfum gourmand.","breadcrumb":{"@id":"https:\/\/vitablanca.ma\/produit\/roge-cavailles-creme-de-douche-amande-rose-750-ml\/#breadcrumb"},"inLanguage":"en-US","potentialAction":[{"@type":"ReadAction","target":["https:\/\/vitablanca.ma\/produit\/roge-cavailles-creme-de-douche-amande-rose-750-ml\/"]}]},{"@type":"ImageObject","inLanguage":"en-US","@id":"https:\/\/vitablanca.ma\/produit\/roge-cavailles-creme-de-douche-amande-rose-750-ml\/#primaryimage","url":"https:\/\/vitablanca.ma\/wp-content\/uploads\/2025\/06\/Roge-Cavailles-Creme-De-Douche-Amande-_-Rose-750-ml-Nova-para-prix-Maroc.jpg","contentUrl":"https:\/\/vitablanca.ma\/wp-content\/uploads\/2025\/06\/Roge-Cavailles-Creme-De-Douche-Amande-_-Rose-750-ml-Nova-para-prix-Maroc.jpg","width":1000,"height":1000},{"@type":"BreadcrumbList","@id":"https:\/\/vitablanca.ma\/produit\/roge-cavailles-creme-de-douche-amande-rose-750-ml\/#breadcrumb","itemListElement":[{"@type":"ListItem","position":1,"name":"Home","item":"https:\/\/vitablanca.ma\/"},{"@type":"ListItem","position":2,"name":"Tous Les Produits","item":"https:\/\/vitablanca.ma\/tous-les-produits\/"},{"@type":"ListItem","position":3,"name":"Rog\u00e9 Cavaill\u00e8s Cr\u00e8me De Douche Amande &amp; Rose 750 ml"}]},{"@type":"WebSite","@id":"https:\/\/vitablanca.ma\/#website","url":"https:\/\/vitablanca.ma\/","name":"VitaBlanca.ma | Food supplements, health &amp; beauty in Morocco","description":"sell premium vitamins and supplements from USA &amp; Canada, New Zealand, Morocco (NOW Foods, Solgar, Manuka). Fast delivery anywhere in Morocco.","publisher":{"@id":"https:\/\/vitablanca.ma\/#organization"},"alternateName":"VitaBlanca.ma","potentialAction":[{"@type":"SearchAction","target":{"@type":"EntryPoint","urlTemplate":"https:\/\/vitablanca.ma\/?s={search_term_string}"},"query-input":{"@type":"PropertyValueSpecification","valueRequired":true,"valueName":"search_term_string"}}],"inLanguage":"en-US"},{"@type":"Organization","@id":"https:\/\/vitablanca.ma\/#organization","name":"VitaBlanca","url":"https:\/\/vitablanca.ma\/","logo":{"@type":"ImageObject","inLanguage":"en-US","@id":"https:\/\/vitablanca.ma\/#\/schema\/logo\/image\/","url":"https:\/\/vitablanca.ma\/wp-content\/uploads\/2025\/05\/cropped-vitablanca.png","contentUrl":"https:\/\/vitablanca.ma\/wp-content\/uploads\/2025\/05\/cropped-vitablanca.png","width":360,"height":67,"caption":"VitaBlanca"},"image":{"@id":"https:\/\/vitablanca.ma\/#\/schema\/logo\/image\/"},"sameAs":["https:\/\/www.facebook.com\/profile.php?id=61576678196717","https:\/\/www.tiktok.com\/@vitablanca.ma","https:\/\/www.instagram.com\/vitablanca.ma\/"]}]}},"jetpack_sharing_enabled":true,"_links":{"self":[{"href":"https:\/\/vitablanca.ma\/en\/wp-json\/wp\/v2\/product\/21815","targetHints":{"allow":["GET"]}}],"collection":[{"href":"https:\/\/vitablanca.ma\/en\/wp-json\/wp\/v2\/product"}],"about":[{"href":"https:\/\/vitablanca.ma\/en\/wp-json\/wp\/v2\/types\/product"}],"wp:featuredmedia":[{"embeddable":true,"href":"https:\/\/vitablanca.ma\/en\/wp-json\/wp\/v2\/media\/21814"}],"wp:attachment":[{"href":"https:\/\/vitablanca.ma\/en\/wp-json\/wp\/v2\/media?parent=21815"}],"wp:term":[{"taxonomy":"product_brand","embeddable":true,"href":"https:\/\/vitablanca.ma\/en\/wp-json\/wp\/v2\/product_brand?post=21815"},{"taxonomy":"product_cat","embeddable":true,"href":"https:\/\/vitablanca.ma\/en\/wp-json\/wp\/v2\/product_cat?post=21815"},{"taxonomy":"product_tag","embeddable":true,"href":"https:\/\/vitablanca.ma\/en\/wp-json\/wp\/v2\/product_tag?post=21815"}],"curies":[{"name":"wp","href":"https:\/\/api.w.org\/{rel}","templated":true}]}}