{"id":21811,"date":"2025-06-11T21:30:57","date_gmt":"2025-06-11T21:30:57","guid":{"rendered":"https:\/\/vitablanca.ma\/product\/roge-cavailles-creme-de-douche-beurre-damande-et-rose-250ml\/"},"modified":"2025-06-11T21:30:57","modified_gmt":"2025-06-11T21:30:57","slug":"roge-cavailles-creme-de-douche-beurre-damande-et-rose-250ml","status":"publish","type":"product","link":"https:\/\/vitablanca.ma\/en\/product\/roge-cavailles-creme-de-douche-beurre-damande-et-rose-250ml\/","title":{"rendered":"Rog\u00e9 Cavaill\u00e8s Shower Cream Almond Butter and Rose 250ml"},"content":{"rendered":"<div class=\"product_header_container clearfix\" data-mce-fragment=\"1\">\n<h2 class=\"h1 page-title\" data-mce-fragment=\"1\"><span data-mce-fragment=\"1\">Rog\u00e9 Cavaill\u00e8s Shower Cream Almond Butter and Rose 250ml<\/span><\/h2>\n<\/div>\n<div class=\"product-information\" data-mce-fragment=\"1\">\n<div id=\"product-description-short-3653\" class=\"rte-content product-description\" data-mce-fragment=\"1\">\n<p>Shower cream<br \/>Almond Butter &amp; Rose<br \/>Protects and nourishes intensely<br \/>Soft and hydrated skin<br \/>Sensitive and dry skin<br \/>250ml<\/p>\n<p>No need to choose between taking care of your sensitive skin and making your shower a real moment of pleasure!<\/p>\n<p>Enriched with natural almond butter, it gently cleanses and intensely nourishes sensitive and dry skin.<br \/>With its superfatting agents, the Almond &amp; Rose Shower Cream protects your skin from external aggressions and preserves your hydration.<br \/>Intensely nourished, your skin is supple, soft and comfortable.<br \/>Its ultra-creamy texture and timeless fragrance will transform your shower into a stroll in the heart of a rose garden.<\/p>\n<p>Almond &amp; Rose Shower Cream is specifically formulated for daily cleansing of sensitive and dry skin<\/p>\n<h3>Directions for use:<\/h3>\n<p>In the shower or bath, place a generous amount of Cream in the palm of your hand and lather while enjoying its fragrance.<br \/>Once soaped, rinse thoroughly with clean water.<\/p>\n<h3>Composition:<\/h3>\n<p>INCI Formula: Aqua, Sodium Laureth Sulfate, Glycerin Acrylates Copolymer, Sodium Lauroyl Glutamate, PEG-7 Glyceryl Cocoate, Cocamidopropyl Betaine, Potassium Olivoyl Hydrolyzed Oat Protein, Olive Oil PEG-7 Esters, Rosa Centifolia Flower Extract, Polysorbate 20, Prunus Amygdalus Dulcis Oil, Citric Acid, Parfum, Glycol Distearate, Cocamide MEA, Titanium Dioxide, Hydrogenated Vegetable Oil, Xanthan Gum, Tocopherol, Propylene Glycol, Sodium Benzoate, Sodium Hydroxide, Disodium EDTA.<\/p>\n<\/div>\n<\/div>","protected":false},"excerpt":{"rendered":"<p>Rog\u00e9 Cavaill\u00e8s Cr\u00e8me De Douche Beurre D&rsquo;Amande Et Rose 250ml Cr\u00e8me de doucheBeurre d&rsquo;amande &amp; RoseProt\u00e8ge et nourrit intens\u00e9mentPeau douce et hydrat\u00e9ePeaux sensibles et s\u00e8ches250ml Plus besoin de choisir entre prendre soin de sa peau sensible et faire de sa douche un r\u00e9el moment de plaisir ! Enrichie en beurre d&rsquo;amande naturel, elle nettoie en [&hellip;]<\/p>\n","protected":false},"featured_media":21810,"template":"","meta":{"om_disable_all_campaigns":false},"product_brand":[],"product_cat":[15],"product_tag":[],"class_list":{"0":"post-21811","1":"product","2":"type-product","3":"status-publish","4":"has-post-thumbnail","6":"product_cat-beaute-sante-complements-alimentaires-soins-et-bien-etre-au-meilleur-prix","8":"first","9":"instock","10":"sale","11":"taxable","12":"shipping-taxable","13":"purchasable","14":"product-type-simple"},"yoast_head":"<!-- This site is optimized with the Yoast SEO plugin v27.4 - https:\/\/yoast.com\/product\/yoast-seo-wordpress\/ -->\n<title>Rog\u00e9 Cavaill\u00e8s Cr\u00e8me De Douche Beurre D&#039;Amande Et Rose 250ml - Maroc Prix<\/title>\n<meta name=\"description\" content=\"Rog\u00e9 Cavaill\u00e8s Cr\u00e8me De Douche Beurre D&#039;Amande Et Rose 250ml\" \/>\n<meta name=\"robots\" content=\"index, follow, max-snippet:-1, max-image-preview:large, max-video-preview:-1\" \/>\n<link rel=\"canonical\" href=\"https:\/\/vitablanca.ma\/en\/product\/roge-cavailles-creme-de-douche-beurre-damande-et-rose-250ml\/\" \/>\n<meta property=\"og:locale\" content=\"en_US\" \/>\n<meta property=\"og:type\" content=\"article\" \/>\n<meta property=\"og:title\" content=\"Rog\u00e9 Cavaill\u00e8s Cr\u00e8me De Douche Beurre D&#039;Amande Et Rose 250ml - Maroc Prix\" \/>\n<meta property=\"og:description\" content=\"Rog\u00e9 Cavaill\u00e8s Cr\u00e8me De Douche Beurre D&#039;Amande Et Rose 250ml\" \/>\n<meta property=\"og:url\" content=\"https:\/\/vitablanca.ma\/en\/product\/roge-cavailles-creme-de-douche-beurre-damande-et-rose-250ml\/\" \/>\n<meta property=\"og:site_name\" content=\"Vitablanca.ma &ndash; Sant&eacute;, vitalit&eacute; et bien-&ecirc;tre pour tous les Marocains\" \/>\n<meta property=\"article:publisher\" content=\"https:\/\/www.facebook.com\/profile.php?id=61576678196717\" \/>\n<meta property=\"og:image\" content=\"https:\/\/vitablanca.ma\/wp-content\/uploads\/2025\/06\/Roge-Cavailles-Creme-De-Douche-Beurre-D_Amande-Et-Rose-250ml-prix-maroc-parapharmacie-casablanca.jpg\" \/>\n\t<meta property=\"og:image:width\" content=\"1000\" \/>\n\t<meta property=\"og:image:height\" content=\"1000\" \/>\n\t<meta property=\"og:image:type\" content=\"image\/jpeg\" \/>\n<meta name=\"twitter:card\" content=\"summary_large_image\" \/>\n<meta name=\"twitter:label1\" content=\"Est. reading time\" \/>\n\t<meta name=\"twitter:data1\" content=\"1 minute\" \/>\n<script type=\"application\/ld+json\" class=\"yoast-schema-graph\">{\"@context\":\"https:\\\/\\\/schema.org\",\"@graph\":[{\"@type\":[\"WebPage\",\"ItemPage\"],\"@id\":\"https:\\\/\\\/vitablanca.ma\\\/produit\\\/roge-cavailles-creme-de-douche-beurre-damande-et-rose-250ml\\\/\",\"url\":\"https:\\\/\\\/vitablanca.ma\\\/produit\\\/roge-cavailles-creme-de-douche-beurre-damande-et-rose-250ml\\\/\",\"name\":\"Rog\u00e9 Cavaill\u00e8s Cr\u00e8me De Douche Beurre D'Amande Et Rose 250ml - Maroc Prix\",\"isPartOf\":{\"@id\":\"https:\\\/\\\/vitablanca.ma\\\/#website\"},\"primaryImageOfPage\":{\"@id\":\"https:\\\/\\\/vitablanca.ma\\\/produit\\\/roge-cavailles-creme-de-douche-beurre-damande-et-rose-250ml\\\/#primaryimage\"},\"image\":{\"@id\":\"https:\\\/\\\/vitablanca.ma\\\/produit\\\/roge-cavailles-creme-de-douche-beurre-damande-et-rose-250ml\\\/#primaryimage\"},\"thumbnailUrl\":\"https:\\\/\\\/vitablanca.ma\\\/wp-content\\\/uploads\\\/2025\\\/06\\\/Roge-Cavailles-Creme-De-Douche-Beurre-D_Amande-Et-Rose-250ml-prix-maroc-parapharmacie-casablanca.jpg\",\"datePublished\":\"2025-06-11T21:30:57+00:00\",\"description\":\"Rog\u00e9 Cavaill\u00e8s Cr\u00e8me De Douche Beurre D'Amande Et Rose 250ml\",\"breadcrumb\":{\"@id\":\"https:\\\/\\\/vitablanca.ma\\\/produit\\\/roge-cavailles-creme-de-douche-beurre-damande-et-rose-250ml\\\/#breadcrumb\"},\"inLanguage\":\"en-US\",\"potentialAction\":[{\"@type\":\"ReadAction\",\"target\":[\"https:\\\/\\\/vitablanca.ma\\\/produit\\\/roge-cavailles-creme-de-douche-beurre-damande-et-rose-250ml\\\/\"]}]},{\"@type\":\"ImageObject\",\"inLanguage\":\"en-US\",\"@id\":\"https:\\\/\\\/vitablanca.ma\\\/produit\\\/roge-cavailles-creme-de-douche-beurre-damande-et-rose-250ml\\\/#primaryimage\",\"url\":\"https:\\\/\\\/vitablanca.ma\\\/wp-content\\\/uploads\\\/2025\\\/06\\\/Roge-Cavailles-Creme-De-Douche-Beurre-D_Amande-Et-Rose-250ml-prix-maroc-parapharmacie-casablanca.jpg\",\"contentUrl\":\"https:\\\/\\\/vitablanca.ma\\\/wp-content\\\/uploads\\\/2025\\\/06\\\/Roge-Cavailles-Creme-De-Douche-Beurre-D_Amande-Et-Rose-250ml-prix-maroc-parapharmacie-casablanca.jpg\",\"width\":1000,\"height\":1000},{\"@type\":\"BreadcrumbList\",\"@id\":\"https:\\\/\\\/vitablanca.ma\\\/produit\\\/roge-cavailles-creme-de-douche-beurre-damande-et-rose-250ml\\\/#breadcrumb\",\"itemListElement\":[{\"@type\":\"ListItem\",\"position\":1,\"name\":\"Home\",\"item\":\"https:\\\/\\\/vitablanca.ma\\\/\"},{\"@type\":\"ListItem\",\"position\":2,\"name\":\"Tous Les Produits\",\"item\":\"https:\\\/\\\/vitablanca.ma\\\/tous-les-produits\\\/\"},{\"@type\":\"ListItem\",\"position\":3,\"name\":\"Rog\u00e9 Cavaill\u00e8s Cr\u00e8me De Douche Beurre D&#8217;Amande Et Rose 250ml\"}]},{\"@type\":\"WebSite\",\"@id\":\"https:\\\/\\\/vitablanca.ma\\\/#website\",\"url\":\"https:\\\/\\\/vitablanca.ma\\\/\",\"name\":\"VitaBlanca.ma | Compl\u00e9ments alimentaires, sant\u00e9 & beaut\u00e9 au Maroc\",\"description\":\"vendre vitamines et compl\u00e9ments premium des USA &amp; Canada, Nouvelle Z\u00e9lande,Maroc (NOW Foods, Solgar, Manuka). Livraison rapide partout au Maroc.\",\"publisher\":{\"@id\":\"https:\\\/\\\/vitablanca.ma\\\/#organization\"},\"alternateName\":\"VitaBlanca.ma\",\"potentialAction\":[{\"@type\":\"SearchAction\",\"target\":{\"@type\":\"EntryPoint\",\"urlTemplate\":\"https:\\\/\\\/vitablanca.ma\\\/?s={search_term_string}\"},\"query-input\":{\"@type\":\"PropertyValueSpecification\",\"valueRequired\":true,\"valueName\":\"search_term_string\"}}],\"inLanguage\":\"en-US\"},{\"@type\":\"Organization\",\"@id\":\"https:\\\/\\\/vitablanca.ma\\\/#organization\",\"name\":\"VitaBlanca\",\"url\":\"https:\\\/\\\/vitablanca.ma\\\/\",\"logo\":{\"@type\":\"ImageObject\",\"inLanguage\":\"en-US\",\"@id\":\"https:\\\/\\\/vitablanca.ma\\\/#\\\/schema\\\/logo\\\/image\\\/\",\"url\":\"https:\\\/\\\/vitablanca.ma\\\/wp-content\\\/uploads\\\/2025\\\/05\\\/cropped-vitablanca.png\",\"contentUrl\":\"https:\\\/\\\/vitablanca.ma\\\/wp-content\\\/uploads\\\/2025\\\/05\\\/cropped-vitablanca.png\",\"width\":360,\"height\":67,\"caption\":\"VitaBlanca\"},\"image\":{\"@id\":\"https:\\\/\\\/vitablanca.ma\\\/#\\\/schema\\\/logo\\\/image\\\/\"},\"sameAs\":[\"https:\\\/\\\/www.facebook.com\\\/profile.php?id=61576678196717\",\"https:\\\/\\\/www.tiktok.com\\\/@vitablanca.ma\",\"https:\\\/\\\/www.instagram.com\\\/vitablanca.ma\\\/\"]}]}<\/script>\n<!-- \/ Yoast SEO plugin. -->","yoast_head_json":{"title":"Rog\u00e9 Cavaill\u00e8s Shower Cream Almond Butter and Rose 250ml - Morocco Price","description":"Rog\u00e9 Cavaill\u00e8s Shower Cream Almond Butter and Rose 250ml","robots":{"index":"index","follow":"follow","max-snippet":"max-snippet:-1","max-image-preview":"max-image-preview:large","max-video-preview":"max-video-preview:-1"},"canonical":"https:\/\/vitablanca.ma\/en\/product\/roge-cavailles-creme-de-douche-beurre-damande-et-rose-250ml\/","og_locale":"en_US","og_type":"article","og_title":"Rog\u00e9 Cavaill\u00e8s Cr\u00e8me De Douche Beurre D'Amande Et Rose 250ml - Maroc Prix","og_description":"Rog\u00e9 Cavaill\u00e8s Cr\u00e8me De Douche Beurre D'Amande Et Rose 250ml","og_url":"https:\/\/vitablanca.ma\/en\/product\/roge-cavailles-creme-de-douche-beurre-damande-et-rose-250ml\/","og_site_name":"Vitablanca.ma &ndash; Sant&eacute;, vitalit&eacute; et bien-&ecirc;tre pour tous les Marocains","article_publisher":"https:\/\/www.facebook.com\/profile.php?id=61576678196717","og_image":[{"width":1000,"height":1000,"url":"https:\/\/vitablanca.ma\/wp-content\/uploads\/2025\/06\/Roge-Cavailles-Creme-De-Douche-Beurre-D_Amande-Et-Rose-250ml-prix-maroc-parapharmacie-casablanca.jpg","type":"image\/jpeg"}],"twitter_card":"summary_large_image","twitter_misc":{"Est. reading time":"1 minute"},"schema":{"@context":"https:\/\/schema.org","@graph":[{"@type":["WebPage","ItemPage"],"@id":"https:\/\/vitablanca.ma\/produit\/roge-cavailles-creme-de-douche-beurre-damande-et-rose-250ml\/","url":"https:\/\/vitablanca.ma\/produit\/roge-cavailles-creme-de-douche-beurre-damande-et-rose-250ml\/","name":"Rog\u00e9 Cavaill\u00e8s Shower Cream Almond Butter and Rose 250ml - Morocco Price","isPartOf":{"@id":"https:\/\/vitablanca.ma\/#website"},"primaryImageOfPage":{"@id":"https:\/\/vitablanca.ma\/produit\/roge-cavailles-creme-de-douche-beurre-damande-et-rose-250ml\/#primaryimage"},"image":{"@id":"https:\/\/vitablanca.ma\/produit\/roge-cavailles-creme-de-douche-beurre-damande-et-rose-250ml\/#primaryimage"},"thumbnailUrl":"https:\/\/vitablanca.ma\/wp-content\/uploads\/2025\/06\/Roge-Cavailles-Creme-De-Douche-Beurre-D_Amande-Et-Rose-250ml-prix-maroc-parapharmacie-casablanca.jpg","datePublished":"2025-06-11T21:30:57+00:00","description":"Rog\u00e9 Cavaill\u00e8s Shower Cream Almond Butter and Rose 250ml","breadcrumb":{"@id":"https:\/\/vitablanca.ma\/produit\/roge-cavailles-creme-de-douche-beurre-damande-et-rose-250ml\/#breadcrumb"},"inLanguage":"en-US","potentialAction":[{"@type":"ReadAction","target":["https:\/\/vitablanca.ma\/produit\/roge-cavailles-creme-de-douche-beurre-damande-et-rose-250ml\/"]}]},{"@type":"ImageObject","inLanguage":"en-US","@id":"https:\/\/vitablanca.ma\/produit\/roge-cavailles-creme-de-douche-beurre-damande-et-rose-250ml\/#primaryimage","url":"https:\/\/vitablanca.ma\/wp-content\/uploads\/2025\/06\/Roge-Cavailles-Creme-De-Douche-Beurre-D_Amande-Et-Rose-250ml-prix-maroc-parapharmacie-casablanca.jpg","contentUrl":"https:\/\/vitablanca.ma\/wp-content\/uploads\/2025\/06\/Roge-Cavailles-Creme-De-Douche-Beurre-D_Amande-Et-Rose-250ml-prix-maroc-parapharmacie-casablanca.jpg","width":1000,"height":1000},{"@type":"BreadcrumbList","@id":"https:\/\/vitablanca.ma\/produit\/roge-cavailles-creme-de-douche-beurre-damande-et-rose-250ml\/#breadcrumb","itemListElement":[{"@type":"ListItem","position":1,"name":"Home","item":"https:\/\/vitablanca.ma\/"},{"@type":"ListItem","position":2,"name":"Tous Les Produits","item":"https:\/\/vitablanca.ma\/tous-les-produits\/"},{"@type":"ListItem","position":3,"name":"Rog\u00e9 Cavaill\u00e8s Cr\u00e8me De Douche Beurre D&#8217;Amande Et Rose 250ml"}]},{"@type":"WebSite","@id":"https:\/\/vitablanca.ma\/#website","url":"https:\/\/vitablanca.ma\/","name":"VitaBlanca.ma | Food supplements, health &amp; beauty in Morocco","description":"sell premium vitamins and supplements from USA &amp; Canada, New Zealand, Morocco (NOW Foods, Solgar, Manuka). Fast delivery anywhere in Morocco.","publisher":{"@id":"https:\/\/vitablanca.ma\/#organization"},"alternateName":"VitaBlanca.ma","potentialAction":[{"@type":"SearchAction","target":{"@type":"EntryPoint","urlTemplate":"https:\/\/vitablanca.ma\/?s={search_term_string}"},"query-input":{"@type":"PropertyValueSpecification","valueRequired":true,"valueName":"search_term_string"}}],"inLanguage":"en-US"},{"@type":"Organization","@id":"https:\/\/vitablanca.ma\/#organization","name":"VitaBlanca","url":"https:\/\/vitablanca.ma\/","logo":{"@type":"ImageObject","inLanguage":"en-US","@id":"https:\/\/vitablanca.ma\/#\/schema\/logo\/image\/","url":"https:\/\/vitablanca.ma\/wp-content\/uploads\/2025\/05\/cropped-vitablanca.png","contentUrl":"https:\/\/vitablanca.ma\/wp-content\/uploads\/2025\/05\/cropped-vitablanca.png","width":360,"height":67,"caption":"VitaBlanca"},"image":{"@id":"https:\/\/vitablanca.ma\/#\/schema\/logo\/image\/"},"sameAs":["https:\/\/www.facebook.com\/profile.php?id=61576678196717","https:\/\/www.tiktok.com\/@vitablanca.ma","https:\/\/www.instagram.com\/vitablanca.ma\/"]}]}},"jetpack_sharing_enabled":true,"_links":{"self":[{"href":"https:\/\/vitablanca.ma\/en\/wp-json\/wp\/v2\/product\/21811","targetHints":{"allow":["GET"]}}],"collection":[{"href":"https:\/\/vitablanca.ma\/en\/wp-json\/wp\/v2\/product"}],"about":[{"href":"https:\/\/vitablanca.ma\/en\/wp-json\/wp\/v2\/types\/product"}],"wp:featuredmedia":[{"embeddable":true,"href":"https:\/\/vitablanca.ma\/en\/wp-json\/wp\/v2\/media\/21810"}],"wp:attachment":[{"href":"https:\/\/vitablanca.ma\/en\/wp-json\/wp\/v2\/media?parent=21811"}],"wp:term":[{"taxonomy":"product_brand","embeddable":true,"href":"https:\/\/vitablanca.ma\/en\/wp-json\/wp\/v2\/product_brand?post=21811"},{"taxonomy":"product_cat","embeddable":true,"href":"https:\/\/vitablanca.ma\/en\/wp-json\/wp\/v2\/product_cat?post=21811"},{"taxonomy":"product_tag","embeddable":true,"href":"https:\/\/vitablanca.ma\/en\/wp-json\/wp\/v2\/product_tag?post=21811"}],"curies":[{"name":"wp","href":"https:\/\/api.w.org\/{rel}","templated":true}]}}