{"id":21793,"date":"2025-06-11T21:30:36","date_gmt":"2025-06-11T21:30:36","guid":{"rendered":"https:\/\/vitablanca.ma\/product\/svr-clairial-night-peel-50ml\/"},"modified":"2026-02-07T17:37:18","modified_gmt":"2026-02-07T17:37:18","slug":"svr-clairial-night-peel-50ml","status":"publish","type":"product","link":"https:\/\/vitablanca.ma\/en\/product\/svr-clairial-night-peel-50ml\/","title":{"rendered":"SVR CLAIRIAL Night Peel 50ml"},"content":{"rendered":"<h2>SVR CLAIRIAL Night Peel.\u00a0<span data-mce-fragment=\"1\">Gentle peeling corrects established spots.<\/span><\/h2>\n<p><span data-mce-fragment=\"1\">As the years go by, spots appear and settle in. We all want to get our doll-like complexion back, so we take action.<br \/>\n50ml.<\/span><\/p>\n<div class=\"product__tab expanded\" data-drawer-container=\"\">\n<h3 class=\"product__tab-header\">For whom? For what?<\/h3>\n<div class=\"product__tab-content\" data-drawer-content=\"\">\n<p>For all sensitive skin. For all types of dark spots related to skin aging, uneven skin tone, imperfections, and sun damage. Face. Adults.<\/p>\n<p>As the years go by, spots appear and settle in. We all want to get our doll-like complexion back, so we take action!<\/p>\n<p>Clairial Night Peel is a peel that works on dark spots, but at home. We have combined the core formula of our star product Clairial Serum with a papaya enzyme which, thanks to its surface keratolytic action, fades dark spots. From the 1<sup>era<\/sup>\u00a0Night after night, the skin is clearer and brighter. Night after night, spots are less visible, the skin is more even and radiant.<\/p>\n<p>Its expert brush applicator allows for even and precise application, and on top caresses your cheek for a moment of pleasure.<\/p>\n<ul>\n<li><strong>\u00a0-20%<\/strong><sup>(1)<\/sup>\u00a0of the intensity of the spots in 14 nights<\/li>\n<li><strong>\u00a0+35%<\/strong><sup>(1)<\/sup>\u00a0of the radiance of the complexion<\/li>\n<li><strong>\u00a0+22%<\/strong><sup>(1)<\/sup>\u00a0refined skin texture<\/li>\n<\/ul>\n<p>(1)Self-assessment on 32 subjects for 14 days in daily application<\/p>\n<\/div>\n<\/div>\n<div class=\"product__tab expanded\" data-drawer-container=\"\">\n<h3 class=\"product__tab-header\">How does it work?<\/h3>\n<div class=\"product__tab-content\" data-drawer-content=\"\">\n<p>A peel can help remove dark spots. However, it can be irritating, which can lead to the appearance of new spots. Clairial Night Peel combines gentleness with keratolytic action for a pampering experience at home.<\/p>\n<p><strong>REFERENCE DERMATOLOGICAL ACTIVE INGREDIENTS FOR ACTION ON SPOTS:<\/strong><\/p>\n<p><strong>\u2022 Depigmenting complex:<\/strong>\u00a0Fades all types of spots<br \/>\n<strong>\u2022 Papaya enzyme:<\/strong>\u00a0Gently exfoliates and accelerates depigmentation<br \/>\n\u2022\u00a0<strong>Niacinamide + Anti-stress yeast:<\/strong>\u00a0Boost the skin barrier&#039;s recovery capacity.<\/p>\n<\/div>\n<\/div>\n<div class=\"product__tab expanded\" data-drawer-container=\"\">\n<h3 class=\"product__tab-header\">How to use it?<\/h3>\n<div class=\"product__tab-content\" data-drawer-content=\"\">\n<p>In the evening, turn the tip of the brush to\u00a0<em>we<\/em>\u00a0and apply Clairial Night Peel with a thin brush stroke. To clean, turn the brush on\u00a0<em>off<\/em>Hygiene guaranteed, no risk of contamination!<\/p>\n<p><strong>ATTENTION :<\/strong> If you experience discomfort (tingling, burning, etc.), adapt the treatment to your skin by spacing out applications. Avoid the eye area. In case of contact with eyes, rinse thoroughly. Avoid sun exposure. If exposed to the sun, protect your skin with a very high sun protection product.<\/p>\n<\/div>\n<\/div>","protected":false},"excerpt":{"rendered":"<p>SVR CLAIRIAL Night Peel.\u00a0Peeling doux correcteur taches install\u00e9es. Les ann\u00e9es passent, les taches apparaissent et s\u2019installent. On a toute envie de retrouver notre teint de poup\u00e9e, alors on passe \u00e0 l\u2019action. 50ml. Pour qui ? Pour quoi ? Pour toutes les peaux sensibles. Pour tous les types de taches brunes li\u00e9es au vieillissement cutan\u00e9, au [&hellip;]<\/p>\n","protected":false},"featured_media":21792,"template":"","meta":{"om_disable_all_campaigns":false},"product_brand":[5981],"product_cat":[18,15],"product_tag":[5982,5983,5984,5988,5987,5986,5985],"class_list":{"0":"post-21793","1":"product","2":"type-product","3":"status-publish","4":"has-post-thumbnail","6":"product_brand-svr-original-maroc-au-meilleur-prix","7":"product_cat-beaute-sante","8":"product_cat-beaute-sante-complements-alimentaires-soins-et-bien-etre-au-meilleur-prix","9":"product_tag-laboratoire-svr","10":"product_tag-marque-dermatologique-francaise","11":"product_tag-produits-svr-originaux","12":"product_tag-sun-secure-svr","13":"product_tag-svr","14":"product_tag-svr-laboratoire-dermatologique","15":"product_tag-svr-maroc","17":"first","18":"instock","19":"sale","20":"taxable","21":"shipping-taxable","22":"purchasable","23":"product-type-simple"},"yoast_head":"<!-- This site is optimized with the Yoast SEO plugin v27.4 - https:\/\/yoast.com\/product\/yoast-seo-wordpress\/ -->\n<title>SVR CLAIRIAL Night Peel 50ml - Maroc Prix<\/title>\n<meta name=\"description\" content=\"SVR CLAIRIAL Night Peel 50ml exfolie en douceur, r\u00e9duit les taches pigmentaires et unifie le teint. Soin nocturne pour peaux sensibles et \u00e9clat du visage.\" \/>\n<meta name=\"robots\" content=\"index, follow, max-snippet:-1, max-image-preview:large, max-video-preview:-1\" \/>\n<link rel=\"canonical\" href=\"https:\/\/vitablanca.ma\/en\/product\/svr-clairial-night-peel-50ml\/\" \/>\n<meta property=\"og:locale\" content=\"en_US\" \/>\n<meta property=\"og:type\" content=\"article\" \/>\n<meta property=\"og:title\" content=\"SVR CLAIRIAL Night Peel 50ml - Maroc Prix\" \/>\n<meta property=\"og:description\" content=\"SVR CLAIRIAL Night Peel 50ml exfolie en douceur, r\u00e9duit les taches pigmentaires et unifie le teint. Soin nocturne pour peaux sensibles et \u00e9clat du visage.\" \/>\n<meta property=\"og:url\" content=\"https:\/\/vitablanca.ma\/en\/product\/svr-clairial-night-peel-50ml\/\" \/>\n<meta property=\"og:site_name\" content=\"Vitablanca.ma &ndash; Sant&eacute;, vitalit&eacute; et bien-&ecirc;tre pour tous les Marocains\" \/>\n<meta property=\"article:publisher\" content=\"https:\/\/www.facebook.com\/profile.php?id=61576678196717\" \/>\n<meta property=\"article:modified_time\" content=\"2026-02-07T17:37:18+00:00\" \/>\n<meta property=\"og:image\" content=\"https:\/\/vitablanca.ma\/wp-content\/uploads\/2025\/06\/SVR-CLAIRIAL-Night-Peel-50ml-nova-parapharmacie-casablanca.jpg\" \/>\n\t<meta property=\"og:image:width\" content=\"1000\" \/>\n\t<meta property=\"og:image:height\" content=\"1000\" \/>\n\t<meta property=\"og:image:type\" content=\"image\/jpeg\" \/>\n<meta name=\"twitter:card\" content=\"summary_large_image\" \/>\n<meta name=\"twitter:label1\" content=\"Est. reading time\" \/>\n\t<meta name=\"twitter:data1\" content=\"3 minutes\" \/>\n<script type=\"application\/ld+json\" class=\"yoast-schema-graph\">{\"@context\":\"https:\\\/\\\/schema.org\",\"@graph\":[{\"@type\":[\"WebPage\",\"ItemPage\"],\"@id\":\"https:\\\/\\\/vitablanca.ma\\\/produit\\\/svr-clairial-night-peel-50ml\\\/\",\"url\":\"https:\\\/\\\/vitablanca.ma\\\/produit\\\/svr-clairial-night-peel-50ml\\\/\",\"name\":\"SVR CLAIRIAL Night Peel 50ml - Maroc Prix\",\"isPartOf\":{\"@id\":\"https:\\\/\\\/vitablanca.ma\\\/#website\"},\"primaryImageOfPage\":{\"@id\":\"https:\\\/\\\/vitablanca.ma\\\/produit\\\/svr-clairial-night-peel-50ml\\\/#primaryimage\"},\"image\":{\"@id\":\"https:\\\/\\\/vitablanca.ma\\\/produit\\\/svr-clairial-night-peel-50ml\\\/#primaryimage\"},\"thumbnailUrl\":\"https:\\\/\\\/vitablanca.ma\\\/wp-content\\\/uploads\\\/2025\\\/06\\\/SVR-CLAIRIAL-Night-Peel-50ml-nova-parapharmacie-casablanca.jpg\",\"datePublished\":\"2025-06-11T21:30:36+00:00\",\"dateModified\":\"2026-02-07T17:37:18+00:00\",\"description\":\"SVR CLAIRIAL Night Peel 50ml exfolie en douceur, r\u00e9duit les taches pigmentaires et unifie le teint. Soin nocturne pour peaux sensibles et \u00e9clat du visage.\",\"breadcrumb\":{\"@id\":\"https:\\\/\\\/vitablanca.ma\\\/produit\\\/svr-clairial-night-peel-50ml\\\/#breadcrumb\"},\"inLanguage\":\"en-US\",\"potentialAction\":[{\"@type\":\"ReadAction\",\"target\":[\"https:\\\/\\\/vitablanca.ma\\\/produit\\\/svr-clairial-night-peel-50ml\\\/\"]}]},{\"@type\":\"ImageObject\",\"inLanguage\":\"en-US\",\"@id\":\"https:\\\/\\\/vitablanca.ma\\\/produit\\\/svr-clairial-night-peel-50ml\\\/#primaryimage\",\"url\":\"https:\\\/\\\/vitablanca.ma\\\/wp-content\\\/uploads\\\/2025\\\/06\\\/SVR-CLAIRIAL-Night-Peel-50ml-nova-parapharmacie-casablanca.jpg\",\"contentUrl\":\"https:\\\/\\\/vitablanca.ma\\\/wp-content\\\/uploads\\\/2025\\\/06\\\/SVR-CLAIRIAL-Night-Peel-50ml-nova-parapharmacie-casablanca.jpg\",\"width\":1000,\"height\":1000},{\"@type\":\"BreadcrumbList\",\"@id\":\"https:\\\/\\\/vitablanca.ma\\\/produit\\\/svr-clairial-night-peel-50ml\\\/#breadcrumb\",\"itemListElement\":[{\"@type\":\"ListItem\",\"position\":1,\"name\":\"Home\",\"item\":\"https:\\\/\\\/vitablanca.ma\\\/\"},{\"@type\":\"ListItem\",\"position\":2,\"name\":\"Tous Les Produits\",\"item\":\"https:\\\/\\\/vitablanca.ma\\\/tous-les-produits\\\/\"},{\"@type\":\"ListItem\",\"position\":3,\"name\":\"SVR CLAIRIAL Night Peel 50ml\"}]},{\"@type\":\"WebSite\",\"@id\":\"https:\\\/\\\/vitablanca.ma\\\/#website\",\"url\":\"https:\\\/\\\/vitablanca.ma\\\/\",\"name\":\"VitaBlanca.ma | Compl\u00e9ments alimentaires, sant\u00e9 & beaut\u00e9 au Maroc\",\"description\":\"vendre vitamines et compl\u00e9ments premium des USA &amp; Canada, Nouvelle Z\u00e9lande,Maroc (NOW Foods, Solgar, Manuka). Livraison rapide partout au Maroc.\",\"publisher\":{\"@id\":\"https:\\\/\\\/vitablanca.ma\\\/#organization\"},\"alternateName\":\"VitaBlanca.ma\",\"potentialAction\":[{\"@type\":\"SearchAction\",\"target\":{\"@type\":\"EntryPoint\",\"urlTemplate\":\"https:\\\/\\\/vitablanca.ma\\\/?s={search_term_string}\"},\"query-input\":{\"@type\":\"PropertyValueSpecification\",\"valueRequired\":true,\"valueName\":\"search_term_string\"}}],\"inLanguage\":\"en-US\"},{\"@type\":\"Organization\",\"@id\":\"https:\\\/\\\/vitablanca.ma\\\/#organization\",\"name\":\"VitaBlanca\",\"url\":\"https:\\\/\\\/vitablanca.ma\\\/\",\"logo\":{\"@type\":\"ImageObject\",\"inLanguage\":\"en-US\",\"@id\":\"https:\\\/\\\/vitablanca.ma\\\/#\\\/schema\\\/logo\\\/image\\\/\",\"url\":\"https:\\\/\\\/vitablanca.ma\\\/wp-content\\\/uploads\\\/2025\\\/05\\\/cropped-vitablanca.png\",\"contentUrl\":\"https:\\\/\\\/vitablanca.ma\\\/wp-content\\\/uploads\\\/2025\\\/05\\\/cropped-vitablanca.png\",\"width\":360,\"height\":67,\"caption\":\"VitaBlanca\"},\"image\":{\"@id\":\"https:\\\/\\\/vitablanca.ma\\\/#\\\/schema\\\/logo\\\/image\\\/\"},\"sameAs\":[\"https:\\\/\\\/www.facebook.com\\\/profile.php?id=61576678196717\",\"https:\\\/\\\/www.tiktok.com\\\/@vitablanca.ma\",\"https:\\\/\\\/www.instagram.com\\\/vitablanca.ma\\\/\"]}]}<\/script>\n<!-- \/ Yoast SEO plugin. -->","yoast_head_json":{"title":"SVR CLAIRIAL Night Peel 50ml - Morocco Price","description":"SVR CLAIRIAL Night Peel 50ml exfolie en douceur, r\u00e9duit les taches pigmentaires et unifie le teint. Soin nocturne pour peaux sensibles et \u00e9clat du visage.","robots":{"index":"index","follow":"follow","max-snippet":"max-snippet:-1","max-image-preview":"max-image-preview:large","max-video-preview":"max-video-preview:-1"},"canonical":"https:\/\/vitablanca.ma\/en\/product\/svr-clairial-night-peel-50ml\/","og_locale":"en_US","og_type":"article","og_title":"SVR CLAIRIAL Night Peel 50ml - Maroc Prix","og_description":"SVR CLAIRIAL Night Peel 50ml exfolie en douceur, r\u00e9duit les taches pigmentaires et unifie le teint. Soin nocturne pour peaux sensibles et \u00e9clat du visage.","og_url":"https:\/\/vitablanca.ma\/en\/product\/svr-clairial-night-peel-50ml\/","og_site_name":"Vitablanca.ma &ndash; Sant&eacute;, vitalit&eacute; et bien-&ecirc;tre pour tous les Marocains","article_publisher":"https:\/\/www.facebook.com\/profile.php?id=61576678196717","article_modified_time":"2026-02-07T17:37:18+00:00","og_image":[{"width":1000,"height":1000,"url":"https:\/\/vitablanca.ma\/wp-content\/uploads\/2025\/06\/SVR-CLAIRIAL-Night-Peel-50ml-nova-parapharmacie-casablanca.jpg","type":"image\/jpeg"}],"twitter_card":"summary_large_image","twitter_misc":{"Est. reading time":"3 minutes"},"schema":{"@context":"https:\/\/schema.org","@graph":[{"@type":["WebPage","ItemPage"],"@id":"https:\/\/vitablanca.ma\/produit\/svr-clairial-night-peel-50ml\/","url":"https:\/\/vitablanca.ma\/produit\/svr-clairial-night-peel-50ml\/","name":"SVR CLAIRIAL Night Peel 50ml - Morocco Price","isPartOf":{"@id":"https:\/\/vitablanca.ma\/#website"},"primaryImageOfPage":{"@id":"https:\/\/vitablanca.ma\/produit\/svr-clairial-night-peel-50ml\/#primaryimage"},"image":{"@id":"https:\/\/vitablanca.ma\/produit\/svr-clairial-night-peel-50ml\/#primaryimage"},"thumbnailUrl":"https:\/\/vitablanca.ma\/wp-content\/uploads\/2025\/06\/SVR-CLAIRIAL-Night-Peel-50ml-nova-parapharmacie-casablanca.jpg","datePublished":"2025-06-11T21:30:36+00:00","dateModified":"2026-02-07T17:37:18+00:00","description":"SVR CLAIRIAL Night Peel 50ml exfolie en douceur, r\u00e9duit les taches pigmentaires et unifie le teint. Soin nocturne pour peaux sensibles et \u00e9clat du visage.","breadcrumb":{"@id":"https:\/\/vitablanca.ma\/produit\/svr-clairial-night-peel-50ml\/#breadcrumb"},"inLanguage":"en-US","potentialAction":[{"@type":"ReadAction","target":["https:\/\/vitablanca.ma\/produit\/svr-clairial-night-peel-50ml\/"]}]},{"@type":"ImageObject","inLanguage":"en-US","@id":"https:\/\/vitablanca.ma\/produit\/svr-clairial-night-peel-50ml\/#primaryimage","url":"https:\/\/vitablanca.ma\/wp-content\/uploads\/2025\/06\/SVR-CLAIRIAL-Night-Peel-50ml-nova-parapharmacie-casablanca.jpg","contentUrl":"https:\/\/vitablanca.ma\/wp-content\/uploads\/2025\/06\/SVR-CLAIRIAL-Night-Peel-50ml-nova-parapharmacie-casablanca.jpg","width":1000,"height":1000},{"@type":"BreadcrumbList","@id":"https:\/\/vitablanca.ma\/produit\/svr-clairial-night-peel-50ml\/#breadcrumb","itemListElement":[{"@type":"ListItem","position":1,"name":"Home","item":"https:\/\/vitablanca.ma\/"},{"@type":"ListItem","position":2,"name":"Tous Les Produits","item":"https:\/\/vitablanca.ma\/tous-les-produits\/"},{"@type":"ListItem","position":3,"name":"SVR CLAIRIAL Night Peel 50ml"}]},{"@type":"WebSite","@id":"https:\/\/vitablanca.ma\/#website","url":"https:\/\/vitablanca.ma\/","name":"VitaBlanca.ma | Food supplements, health &amp; beauty in Morocco","description":"sell premium vitamins and supplements from USA &amp; Canada, New Zealand, Morocco (NOW Foods, Solgar, Manuka). Fast delivery anywhere in Morocco.","publisher":{"@id":"https:\/\/vitablanca.ma\/#organization"},"alternateName":"VitaBlanca.ma","potentialAction":[{"@type":"SearchAction","target":{"@type":"EntryPoint","urlTemplate":"https:\/\/vitablanca.ma\/?s={search_term_string}"},"query-input":{"@type":"PropertyValueSpecification","valueRequired":true,"valueName":"search_term_string"}}],"inLanguage":"en-US"},{"@type":"Organization","@id":"https:\/\/vitablanca.ma\/#organization","name":"VitaBlanca","url":"https:\/\/vitablanca.ma\/","logo":{"@type":"ImageObject","inLanguage":"en-US","@id":"https:\/\/vitablanca.ma\/#\/schema\/logo\/image\/","url":"https:\/\/vitablanca.ma\/wp-content\/uploads\/2025\/05\/cropped-vitablanca.png","contentUrl":"https:\/\/vitablanca.ma\/wp-content\/uploads\/2025\/05\/cropped-vitablanca.png","width":360,"height":67,"caption":"VitaBlanca"},"image":{"@id":"https:\/\/vitablanca.ma\/#\/schema\/logo\/image\/"},"sameAs":["https:\/\/www.facebook.com\/profile.php?id=61576678196717","https:\/\/www.tiktok.com\/@vitablanca.ma","https:\/\/www.instagram.com\/vitablanca.ma\/"]}]}},"jetpack_sharing_enabled":true,"_links":{"self":[{"href":"https:\/\/vitablanca.ma\/en\/wp-json\/wp\/v2\/product\/21793","targetHints":{"allow":["GET"]}}],"collection":[{"href":"https:\/\/vitablanca.ma\/en\/wp-json\/wp\/v2\/product"}],"about":[{"href":"https:\/\/vitablanca.ma\/en\/wp-json\/wp\/v2\/types\/product"}],"wp:featuredmedia":[{"embeddable":true,"href":"https:\/\/vitablanca.ma\/en\/wp-json\/wp\/v2\/media\/21792"}],"wp:attachment":[{"href":"https:\/\/vitablanca.ma\/en\/wp-json\/wp\/v2\/media?parent=21793"}],"wp:term":[{"taxonomy":"product_brand","embeddable":true,"href":"https:\/\/vitablanca.ma\/en\/wp-json\/wp\/v2\/product_brand?post=21793"},{"taxonomy":"product_cat","embeddable":true,"href":"https:\/\/vitablanca.ma\/en\/wp-json\/wp\/v2\/product_cat?post=21793"},{"taxonomy":"product_tag","embeddable":true,"href":"https:\/\/vitablanca.ma\/en\/wp-json\/wp\/v2\/product_tag?post=21793"}],"curies":[{"name":"wp","href":"https:\/\/api.w.org\/{rel}","templated":true}]}}