{"id":21791,"date":"2025-06-11T21:30:35","date_gmt":"2025-06-11T21:30:35","guid":{"rendered":"https:\/\/vitablanca.ma\/product\/roge-cavailles-mousse-intime-fraicheur-100ml\/"},"modified":"2026-02-07T17:40:27","modified_gmt":"2026-02-07T17:40:27","slug":"roge-cavailles-mousse-intime-fraicheur-100ml","status":"publish","type":"product","link":"https:\/\/vitablanca.ma\/en\/product\/roge-cavailles-mousse-intime-fraicheur-100ml\/","title":{"rendered":"ROGE CAVAILLES Fresh Intimate Foam 100ml"},"content":{"rendered":"<h2><strong>ROGE CAVAILLES Fresh Intimate Foam 100ml<\/strong><\/h2>\n<p><strong>ROG\u00c9 CAVAILL\u00c8S FRESHNESS LEAVE-IN INTIMATE MOUSSE 100 ML<\/strong>\u00a0is the ideal solution for\u00a0<strong>a feeling of freshness and well-being<\/strong>\u00a0anytime, anywhere. Thanks to its innovative and practical formula, this<strong>\u00a0intimate foam<\/strong>\u00a0stands out for its light, non-sticky texture, which is applied directly to toilet paper.\u00a0<strong>Designed to gently clean and limit unpleasant odors<\/strong>, it combines the effectiveness of pro-regenerating\u00ae plant superfat with the soothing and refreshing properties of mint extracts.<\/p>\n<p style=\"text-align: center;\">Discover ROGE CAVAILLES Mousse Intime Fraicheur, a product carefully selected to meet your specific needs, and enjoy an exceptional shopping experience on our site, <strong>Vita Blanca Parapharmacie Maroc<\/strong><\/p>","protected":false},"excerpt":{"rendered":"<p>ROGE CAVAILLES Mousse Intime Fraicheur 100ml ROG\u00c9 CAVAILL\u00c8S MOUSSE INTIME SANS RIN\u00c7AGE FRA\u00ceCHEUR 100 ML\u00a0est la solution id\u00e9ale pour\u00a0une sensation de fra\u00eecheur et de bien-\u00eatre\u00a0\u00e0 tout moment, o\u00f9 que vous soyez. Gr\u00e2ce \u00e0 sa formule innovante et pratique, cette\u00a0mousse intime\u00a0se distingue par sa texture l\u00e9g\u00e8re et non collante, qui s\u2019applique directement sur le papier toilette.\u00a0Con\u00e7ue [&hellip;]<\/p>\n","protected":false},"featured_media":21790,"template":"","meta":{"om_disable_all_campaigns":false},"product_brand":[],"product_cat":[15],"product_tag":[8682,8683,8677,8678,8684,8679,8681,8675,8676,8680],"class_list":{"0":"post-21791","1":"product","2":"type-product","3":"status-publish","4":"has-post-thumbnail","6":"product_cat-beaute-sante-complements-alimentaires-soins-et-bien-etre-au-meilleur-prix","7":"product_tag-gel-intime-peau-sensible","8":"product_tag-hygiene-intime-delicate","9":"product_tag-hygiene-intime-femmes","10":"product_tag-mousse-douce-zone-intime","11":"product_tag-mousse-ph-physiologique","12":"product_tag-nettoyage-respectueux-flore-intime","13":"product_tag-roge-cavailles-fraicheur-intime","14":"product_tag-roge-cavailles-mousse-intime","15":"product_tag-soin-intime-100ml","16":"product_tag-soin-quotidien-intime","18":"first","19":"instock","20":"sale","21":"taxable","22":"shipping-taxable","23":"purchasable","24":"product-type-simple"},"yoast_head":"<!-- This site is optimized with the Yoast SEO plugin v27.3 - https:\/\/yoast.com\/product\/yoast-seo-wordpress\/ -->\n<title>ROGE CAVAILLES Mousse Intime Fraicheur 100ml - Maroc Prix<\/title>\n<meta name=\"description\" content=\"Mousse Intime Fra\u00eecheur Rog\u00e9 Cavaill\u00e8s 100ml. Nettoie en douceur, respecte la flore intime et procure fra\u00eecheur et confort toute la journ\u00e9e.\" \/>\n<meta name=\"robots\" content=\"index, follow, max-snippet:-1, max-image-preview:large, max-video-preview:-1\" \/>\n<link rel=\"canonical\" href=\"https:\/\/vitablanca.ma\/en\/product\/roge-cavailles-mousse-intime-fraicheur-100ml\/\" \/>\n<meta property=\"og:locale\" content=\"en_US\" \/>\n<meta property=\"og:type\" content=\"article\" \/>\n<meta property=\"og:title\" content=\"ROGE CAVAILLES Mousse Intime Fraicheur 100ml - Maroc Prix\" \/>\n<meta property=\"og:description\" content=\"Mousse Intime Fra\u00eecheur Rog\u00e9 Cavaill\u00e8s 100ml. Nettoie en douceur, respecte la flore intime et procure fra\u00eecheur et confort toute la journ\u00e9e.\" \/>\n<meta property=\"og:url\" content=\"https:\/\/vitablanca.ma\/en\/product\/roge-cavailles-mousse-intime-fraicheur-100ml\/\" \/>\n<meta property=\"og:site_name\" content=\"Vitablanca.ma &ndash; Sant&eacute;, vitalit&eacute; et bien-&ecirc;tre pour tous les Marocains\" \/>\n<meta property=\"article:publisher\" content=\"https:\/\/www.facebook.com\/profile.php?id=61576678196717\" \/>\n<meta property=\"article:modified_time\" content=\"2026-02-07T17:40:27+00:00\" \/>\n<meta property=\"og:image\" content=\"https:\/\/vitablanca.ma\/wp-content\/uploads\/2025\/06\/roge-cavailles-roge-cavailles-mousse-intime-sans-rincage-fraicheur-100-ml-hygiene-intime-Nova-para-prix-Maroc.jpg\" \/>\n\t<meta property=\"og:image:width\" content=\"700\" \/>\n\t<meta property=\"og:image:height\" content=\"700\" \/>\n\t<meta property=\"og:image:type\" content=\"image\/jpeg\" \/>\n<meta name=\"twitter:card\" content=\"summary_large_image\" \/>\n<meta name=\"twitter:label1\" content=\"Est. reading time\" \/>\n\t<meta name=\"twitter:data1\" content=\"1 minute\" \/>\n<script type=\"application\/ld+json\" class=\"yoast-schema-graph\">{\"@context\":\"https:\\\/\\\/schema.org\",\"@graph\":[{\"@type\":[\"WebPage\",\"ItemPage\"],\"@id\":\"https:\\\/\\\/vitablanca.ma\\\/produit\\\/roge-cavailles-mousse-intime-fraicheur-100ml\\\/\",\"url\":\"https:\\\/\\\/vitablanca.ma\\\/produit\\\/roge-cavailles-mousse-intime-fraicheur-100ml\\\/\",\"name\":\"ROGE CAVAILLES Mousse Intime Fraicheur 100ml - Maroc Prix\",\"isPartOf\":{\"@id\":\"https:\\\/\\\/vitablanca.ma\\\/#website\"},\"primaryImageOfPage\":{\"@id\":\"https:\\\/\\\/vitablanca.ma\\\/produit\\\/roge-cavailles-mousse-intime-fraicheur-100ml\\\/#primaryimage\"},\"image\":{\"@id\":\"https:\\\/\\\/vitablanca.ma\\\/produit\\\/roge-cavailles-mousse-intime-fraicheur-100ml\\\/#primaryimage\"},\"thumbnailUrl\":\"https:\\\/\\\/vitablanca.ma\\\/wp-content\\\/uploads\\\/2025\\\/06\\\/roge-cavailles-roge-cavailles-mousse-intime-sans-rincage-fraicheur-100-ml-hygiene-intime-Nova-para-prix-Maroc.jpg\",\"datePublished\":\"2025-06-11T21:30:35+00:00\",\"dateModified\":\"2026-02-07T17:40:27+00:00\",\"description\":\"Mousse Intime Fra\u00eecheur Rog\u00e9 Cavaill\u00e8s 100ml. Nettoie en douceur, respecte la flore intime et procure fra\u00eecheur et confort toute la journ\u00e9e.\",\"breadcrumb\":{\"@id\":\"https:\\\/\\\/vitablanca.ma\\\/produit\\\/roge-cavailles-mousse-intime-fraicheur-100ml\\\/#breadcrumb\"},\"inLanguage\":\"en-US\",\"potentialAction\":[{\"@type\":\"ReadAction\",\"target\":[\"https:\\\/\\\/vitablanca.ma\\\/produit\\\/roge-cavailles-mousse-intime-fraicheur-100ml\\\/\"]}]},{\"@type\":\"ImageObject\",\"inLanguage\":\"en-US\",\"@id\":\"https:\\\/\\\/vitablanca.ma\\\/produit\\\/roge-cavailles-mousse-intime-fraicheur-100ml\\\/#primaryimage\",\"url\":\"https:\\\/\\\/vitablanca.ma\\\/wp-content\\\/uploads\\\/2025\\\/06\\\/roge-cavailles-roge-cavailles-mousse-intime-sans-rincage-fraicheur-100-ml-hygiene-intime-Nova-para-prix-Maroc.jpg\",\"contentUrl\":\"https:\\\/\\\/vitablanca.ma\\\/wp-content\\\/uploads\\\/2025\\\/06\\\/roge-cavailles-roge-cavailles-mousse-intime-sans-rincage-fraicheur-100-ml-hygiene-intime-Nova-para-prix-Maroc.jpg\",\"width\":700,\"height\":700},{\"@type\":\"BreadcrumbList\",\"@id\":\"https:\\\/\\\/vitablanca.ma\\\/produit\\\/roge-cavailles-mousse-intime-fraicheur-100ml\\\/#breadcrumb\",\"itemListElement\":[{\"@type\":\"ListItem\",\"position\":1,\"name\":\"Home\",\"item\":\"https:\\\/\\\/vitablanca.ma\\\/\"},{\"@type\":\"ListItem\",\"position\":2,\"name\":\"Tous Les Produits\",\"item\":\"https:\\\/\\\/vitablanca.ma\\\/tous-les-produits\\\/\"},{\"@type\":\"ListItem\",\"position\":3,\"name\":\"ROGE CAVAILLES Mousse Intime Fraicheur 100ml\"}]},{\"@type\":\"WebSite\",\"@id\":\"https:\\\/\\\/vitablanca.ma\\\/#website\",\"url\":\"https:\\\/\\\/vitablanca.ma\\\/\",\"name\":\"VitaBlanca.ma | Compl\u00e9ments alimentaires, sant\u00e9 & beaut\u00e9 au Maroc\",\"description\":\"vendre vitamines et compl\u00e9ments premium des USA &amp; Canada, Nouvelle Z\u00e9lande,Maroc (NOW Foods, Solgar, Manuka). Livraison rapide partout au Maroc.\",\"publisher\":{\"@id\":\"https:\\\/\\\/vitablanca.ma\\\/#organization\"},\"alternateName\":\"VitaBlanca.ma\",\"potentialAction\":[{\"@type\":\"SearchAction\",\"target\":{\"@type\":\"EntryPoint\",\"urlTemplate\":\"https:\\\/\\\/vitablanca.ma\\\/?s={search_term_string}\"},\"query-input\":{\"@type\":\"PropertyValueSpecification\",\"valueRequired\":true,\"valueName\":\"search_term_string\"}}],\"inLanguage\":\"en-US\"},{\"@type\":\"Organization\",\"@id\":\"https:\\\/\\\/vitablanca.ma\\\/#organization\",\"name\":\"VitaBlanca\",\"url\":\"https:\\\/\\\/vitablanca.ma\\\/\",\"logo\":{\"@type\":\"ImageObject\",\"inLanguage\":\"en-US\",\"@id\":\"https:\\\/\\\/vitablanca.ma\\\/#\\\/schema\\\/logo\\\/image\\\/\",\"url\":\"https:\\\/\\\/vitablanca.ma\\\/wp-content\\\/uploads\\\/2025\\\/05\\\/cropped-vitablanca.png\",\"contentUrl\":\"https:\\\/\\\/vitablanca.ma\\\/wp-content\\\/uploads\\\/2025\\\/05\\\/cropped-vitablanca.png\",\"width\":360,\"height\":67,\"caption\":\"VitaBlanca\"},\"image\":{\"@id\":\"https:\\\/\\\/vitablanca.ma\\\/#\\\/schema\\\/logo\\\/image\\\/\"},\"sameAs\":[\"https:\\\/\\\/www.facebook.com\\\/profile.php?id=61576678196717\",\"https:\\\/\\\/www.tiktok.com\\\/@vitablanca.ma\",\"https:\\\/\\\/www.instagram.com\\\/vitablanca.ma\\\/\"]}]}<\/script>\n<!-- \/ Yoast SEO plugin. -->","yoast_head_json":{"title":"ROGE CAVAILLES Fresh Intimate Foam 100ml - Morocco Price","description":"Mousse Intime Fra\u00eecheur Rog\u00e9 Cavaill\u00e8s 100ml. Nettoie en douceur, respecte la flore intime et procure fra\u00eecheur et confort toute la journ\u00e9e.","robots":{"index":"index","follow":"follow","max-snippet":"max-snippet:-1","max-image-preview":"max-image-preview:large","max-video-preview":"max-video-preview:-1"},"canonical":"https:\/\/vitablanca.ma\/en\/product\/roge-cavailles-mousse-intime-fraicheur-100ml\/","og_locale":"en_US","og_type":"article","og_title":"ROGE CAVAILLES Mousse Intime Fraicheur 100ml - Maroc Prix","og_description":"Mousse Intime Fra\u00eecheur Rog\u00e9 Cavaill\u00e8s 100ml. Nettoie en douceur, respecte la flore intime et procure fra\u00eecheur et confort toute la journ\u00e9e.","og_url":"https:\/\/vitablanca.ma\/en\/product\/roge-cavailles-mousse-intime-fraicheur-100ml\/","og_site_name":"Vitablanca.ma &ndash; Sant&eacute;, vitalit&eacute; et bien-&ecirc;tre pour tous les Marocains","article_publisher":"https:\/\/www.facebook.com\/profile.php?id=61576678196717","article_modified_time":"2026-02-07T17:40:27+00:00","og_image":[{"width":700,"height":700,"url":"https:\/\/vitablanca.ma\/wp-content\/uploads\/2025\/06\/roge-cavailles-roge-cavailles-mousse-intime-sans-rincage-fraicheur-100-ml-hygiene-intime-Nova-para-prix-Maroc.jpg","type":"image\/jpeg"}],"twitter_card":"summary_large_image","twitter_misc":{"Est. reading time":"1 minute"},"schema":{"@context":"https:\/\/schema.org","@graph":[{"@type":["WebPage","ItemPage"],"@id":"https:\/\/vitablanca.ma\/produit\/roge-cavailles-mousse-intime-fraicheur-100ml\/","url":"https:\/\/vitablanca.ma\/produit\/roge-cavailles-mousse-intime-fraicheur-100ml\/","name":"ROGE CAVAILLES Fresh Intimate Foam 100ml - Morocco Price","isPartOf":{"@id":"https:\/\/vitablanca.ma\/#website"},"primaryImageOfPage":{"@id":"https:\/\/vitablanca.ma\/produit\/roge-cavailles-mousse-intime-fraicheur-100ml\/#primaryimage"},"image":{"@id":"https:\/\/vitablanca.ma\/produit\/roge-cavailles-mousse-intime-fraicheur-100ml\/#primaryimage"},"thumbnailUrl":"https:\/\/vitablanca.ma\/wp-content\/uploads\/2025\/06\/roge-cavailles-roge-cavailles-mousse-intime-sans-rincage-fraicheur-100-ml-hygiene-intime-Nova-para-prix-Maroc.jpg","datePublished":"2025-06-11T21:30:35+00:00","dateModified":"2026-02-07T17:40:27+00:00","description":"Mousse Intime Fra\u00eecheur Rog\u00e9 Cavaill\u00e8s 100ml. Nettoie en douceur, respecte la flore intime et procure fra\u00eecheur et confort toute la journ\u00e9e.","breadcrumb":{"@id":"https:\/\/vitablanca.ma\/produit\/roge-cavailles-mousse-intime-fraicheur-100ml\/#breadcrumb"},"inLanguage":"en-US","potentialAction":[{"@type":"ReadAction","target":["https:\/\/vitablanca.ma\/produit\/roge-cavailles-mousse-intime-fraicheur-100ml\/"]}]},{"@type":"ImageObject","inLanguage":"en-US","@id":"https:\/\/vitablanca.ma\/produit\/roge-cavailles-mousse-intime-fraicheur-100ml\/#primaryimage","url":"https:\/\/vitablanca.ma\/wp-content\/uploads\/2025\/06\/roge-cavailles-roge-cavailles-mousse-intime-sans-rincage-fraicheur-100-ml-hygiene-intime-Nova-para-prix-Maroc.jpg","contentUrl":"https:\/\/vitablanca.ma\/wp-content\/uploads\/2025\/06\/roge-cavailles-roge-cavailles-mousse-intime-sans-rincage-fraicheur-100-ml-hygiene-intime-Nova-para-prix-Maroc.jpg","width":700,"height":700},{"@type":"BreadcrumbList","@id":"https:\/\/vitablanca.ma\/produit\/roge-cavailles-mousse-intime-fraicheur-100ml\/#breadcrumb","itemListElement":[{"@type":"ListItem","position":1,"name":"Home","item":"https:\/\/vitablanca.ma\/"},{"@type":"ListItem","position":2,"name":"Tous Les Produits","item":"https:\/\/vitablanca.ma\/tous-les-produits\/"},{"@type":"ListItem","position":3,"name":"ROGE CAVAILLES Mousse Intime Fraicheur 100ml"}]},{"@type":"WebSite","@id":"https:\/\/vitablanca.ma\/#website","url":"https:\/\/vitablanca.ma\/","name":"VitaBlanca.ma | Food supplements, health &amp; beauty in Morocco","description":"sell premium vitamins and supplements from USA &amp; Canada, New Zealand, Morocco (NOW Foods, Solgar, Manuka). Fast delivery anywhere in Morocco.","publisher":{"@id":"https:\/\/vitablanca.ma\/#organization"},"alternateName":"VitaBlanca.ma","potentialAction":[{"@type":"SearchAction","target":{"@type":"EntryPoint","urlTemplate":"https:\/\/vitablanca.ma\/?s={search_term_string}"},"query-input":{"@type":"PropertyValueSpecification","valueRequired":true,"valueName":"search_term_string"}}],"inLanguage":"en-US"},{"@type":"Organization","@id":"https:\/\/vitablanca.ma\/#organization","name":"VitaBlanca","url":"https:\/\/vitablanca.ma\/","logo":{"@type":"ImageObject","inLanguage":"en-US","@id":"https:\/\/vitablanca.ma\/#\/schema\/logo\/image\/","url":"https:\/\/vitablanca.ma\/wp-content\/uploads\/2025\/05\/cropped-vitablanca.png","contentUrl":"https:\/\/vitablanca.ma\/wp-content\/uploads\/2025\/05\/cropped-vitablanca.png","width":360,"height":67,"caption":"VitaBlanca"},"image":{"@id":"https:\/\/vitablanca.ma\/#\/schema\/logo\/image\/"},"sameAs":["https:\/\/www.facebook.com\/profile.php?id=61576678196717","https:\/\/www.tiktok.com\/@vitablanca.ma","https:\/\/www.instagram.com\/vitablanca.ma\/"]}]}},"jetpack_sharing_enabled":true,"_links":{"self":[{"href":"https:\/\/vitablanca.ma\/en\/wp-json\/wp\/v2\/product\/21791","targetHints":{"allow":["GET"]}}],"collection":[{"href":"https:\/\/vitablanca.ma\/en\/wp-json\/wp\/v2\/product"}],"about":[{"href":"https:\/\/vitablanca.ma\/en\/wp-json\/wp\/v2\/types\/product"}],"wp:featuredmedia":[{"embeddable":true,"href":"https:\/\/vitablanca.ma\/en\/wp-json\/wp\/v2\/media\/21790"}],"wp:attachment":[{"href":"https:\/\/vitablanca.ma\/en\/wp-json\/wp\/v2\/media?parent=21791"}],"wp:term":[{"taxonomy":"product_brand","embeddable":true,"href":"https:\/\/vitablanca.ma\/en\/wp-json\/wp\/v2\/product_brand?post=21791"},{"taxonomy":"product_cat","embeddable":true,"href":"https:\/\/vitablanca.ma\/en\/wp-json\/wp\/v2\/product_cat?post=21791"},{"taxonomy":"product_tag","embeddable":true,"href":"https:\/\/vitablanca.ma\/en\/wp-json\/wp\/v2\/product_tag?post=21791"}],"curies":[{"name":"wp","href":"https:\/\/api.w.org\/{rel}","templated":true}]}}