{"id":21779,"date":"2025-06-11T21:30:25","date_gmt":"2025-06-11T21:30:25","guid":{"rendered":"https:\/\/vitablanca.ma\/product\/svr-hydraliane-legere-creme-hydratante-intense-50ml\/"},"modified":"2026-01-21T17:42:32","modified_gmt":"2026-01-21T17:42:32","slug":"svr-hydraliane-legere-creme-hydratante-intense-50ml","status":"publish","type":"product","link":"https:\/\/vitablanca.ma\/en\/product\/svr-hydraliane-legere-creme-hydratante-intense-50ml\/","title":{"rendered":"SVR HYDRALIANE Light Intense Moisturizing Cream 50ml"},"content":{"rendered":"<h2>SVR HYDRALIANE Light\u00a0<span data-mce-fragment=\"1\">Intense moisturizing cream<\/span><br \/>\n<\/h2>\n<p><span data-mce-fragment=\"1\">Hydraliane L\u00e9g\u00e8re is the first moisturizing cream formulated with 60% of physio-adapted water that continuously infuses your skin: 24 hours of hydration, comfort and radiance.<br \/>40ml.<\/span><\/p>\n<div class=\"product__main\">\n<div class=\"product__gallery product__gallery--single\">\n<div class=\"product__gallery-slides\">\n<h3 class=\"product__gallery-slides-inner\">\n<span class=\"product__gallery-sticker lazyloaded\" data-bg=\"\/\/cdn.shopify.com\/s\/files\/1\/0103\/1123\/7679\/t\/3\/assets\/sticker-product-ma.svg?v=14126513398011891537\" data-modal-open=\"modal-endocrine-disruptor\"><\/span>For whom? For what?<\/h3>\n<\/div>\n<\/div>\n<\/div>\n<div class=\"product__tab expanded\" data-drawer-container=\"\">\n<div class=\"product__tab-content\" data-drawer-content=\"\">\n<p>Hydraliane L\u00e9g\u00e8re is enriched with Physio-Adapted Water, a laboratory-reconstituted water that mimics hydration factors<sup>(1)<\/sup><span>\u00a0<\/span>of the skin to intensely quench its thirst. Its fresh, non-greasy texture is suitable for normal to combination sensitive skin.<\/p>\n<p>Upon application, the skin is hydrated for<span>\u00a0<\/span><strong>24h<\/strong><sup>(2)<\/sup>After 3 weeks, the skin regains its comfort.<sup>(3)<\/sup>.<\/p>\n<\/div>\n<\/div>\n<div class=\"product__tab expanded\" data-drawer-container=\"\">\n<h3 class=\"product__tab-header\">How does it work?<\/h3>\n<div class=\"product__tab-content\" data-drawer-content=\"\">\n<p>Dermatological hydration:\u00a0<\/p>\n<ul>\n<li>60% Physio-adapted infusing water<sup>(1)<\/sup>\u00a0continuously the water essential to the cells<\/li>\n<li>Hydrophilic Sugars which permanently bind water in the skin.<\/li>\n<\/ul>\n<p><strong>Effectiveness proven under dermatological control<\/strong><br \/>A strict formulation charter suitable for sensitive skin. Hypoallergenic.<\/p>\n<p><span>(1) Hydration of the upper layers of the epidermis.<br \/><\/span><\/p>\n<h3>\u00a0How to use it?<\/h3>\n<\/div>\n<\/div>\n<div class=\"product__tab expanded\" data-drawer-container=\"\">\n<div class=\"product__tab-content\" data-drawer-content=\"\">\n<p>Apply morning and\/or evening to the face and neck. Excellent makeup base.<\/p>\n<p>And for greater hydration, adopt the Hydraliane routine morning and evening:<br \/>\u2022 Prepare your skin with Hydraliane Essence<br \/>\u2022 Apply your Hydraliane treatment<\/p>\n<\/div>\n<\/div>","protected":false},"excerpt":{"rendered":"<p>SVR HYDRALIANE L\u00e9g\u00e8re\u00a0Cr\u00e8me hydratante intense Hydraliane L\u00e9g\u00e8re est la premi\u00e8re cr\u00e8me hydratante formul\u00e9e avec 60% d&rsquo;eau physio-adapt\u00e9e qui infuse votre peau en continu : 24h d&rsquo;hydratation, de confort et d&rsquo;\u00e9clat.40ml. Pour qui ? Pour quoi ? Hydraliane L\u00e9g\u00e8re est enrichie en Eau Physio-Adapt\u00e9e, une eau reconstitu\u00e9e en laboratoire qui imite les facteurs d\u2019hydratation(1)\u00a0de la peau [&hellip;]<\/p>\n","protected":false},"featured_media":21778,"template":"","meta":{"om_disable_all_campaigns":false},"product_brand":[5981],"product_cat":[18,15],"product_tag":[5982,5983,5984,5988,5987,5986,5985],"class_list":{"0":"post-21779","1":"product","2":"type-product","3":"status-publish","4":"has-post-thumbnail","6":"product_brand-svr-original-maroc-au-meilleur-prix","7":"product_cat-beaute-sante","8":"product_cat-beaute-sante-complements-alimentaires-soins-et-bien-etre-au-meilleur-prix","9":"product_tag-laboratoire-svr","10":"product_tag-marque-dermatologique-francaise","11":"product_tag-produits-svr-originaux","12":"product_tag-sun-secure-svr","13":"product_tag-svr","14":"product_tag-svr-laboratoire-dermatologique","15":"product_tag-svr-maroc","17":"first","18":"instock","19":"sale","20":"taxable","21":"shipping-taxable","22":"purchasable","23":"product-type-simple"},"yoast_head":"<!-- This site is optimized with the Yoast SEO plugin v27.4 - https:\/\/yoast.com\/product\/yoast-seo-wordpress\/ -->\n<title>SVR HYDRALIANE L\u00e9g\u00e8re Cr\u00e8me Hydratante Intense 50ml - Maroc Prix<\/title>\n<meta name=\"description\" content=\"SVR HYDRALIANE L\u00e9g\u00e8re Cr\u00e8me Hydratante Intense 50ml\" \/>\n<meta name=\"robots\" content=\"index, follow, max-snippet:-1, max-image-preview:large, max-video-preview:-1\" \/>\n<link rel=\"canonical\" href=\"https:\/\/vitablanca.ma\/en\/product\/svr-hydraliane-legere-creme-hydratante-intense-50ml\/\" \/>\n<meta property=\"og:locale\" content=\"en_US\" \/>\n<meta property=\"og:type\" content=\"article\" \/>\n<meta property=\"og:title\" content=\"SVR HYDRALIANE L\u00e9g\u00e8re Cr\u00e8me Hydratante Intense 50ml - Maroc Prix\" \/>\n<meta property=\"og:description\" content=\"SVR HYDRALIANE L\u00e9g\u00e8re Cr\u00e8me Hydratante Intense 50ml\" \/>\n<meta property=\"og:url\" content=\"https:\/\/vitablanca.ma\/en\/product\/svr-hydraliane-legere-creme-hydratante-intense-50ml\/\" \/>\n<meta property=\"og:site_name\" content=\"Vitablanca.ma &ndash; Sant&eacute;, vitalit&eacute; et bien-&ecirc;tre pour tous les Marocains\" \/>\n<meta property=\"article:publisher\" content=\"https:\/\/www.facebook.com\/profile.php?id=61576678196717\" \/>\n<meta property=\"article:modified_time\" content=\"2026-01-21T17:42:32+00:00\" \/>\n<meta property=\"og:image\" content=\"https:\/\/vitablanca.ma\/wp-content\/uploads\/2025\/06\/Svr-hydraliane-legere-para-enligne-prix-maroc.jpg\" \/>\n\t<meta property=\"og:image:width\" content=\"300\" \/>\n\t<meta property=\"og:image:height\" content=\"300\" \/>\n\t<meta property=\"og:image:type\" content=\"image\/jpeg\" \/>\n<meta name=\"twitter:card\" content=\"summary_large_image\" \/>\n<meta name=\"twitter:label1\" content=\"Est. reading time\" \/>\n\t<meta name=\"twitter:data1\" content=\"1 minute\" \/>\n<script type=\"application\/ld+json\" class=\"yoast-schema-graph\">{\"@context\":\"https:\\\/\\\/schema.org\",\"@graph\":[{\"@type\":[\"WebPage\",\"ItemPage\"],\"@id\":\"https:\\\/\\\/vitablanca.ma\\\/produit\\\/svr-hydraliane-legere-creme-hydratante-intense-50ml\\\/\",\"url\":\"https:\\\/\\\/vitablanca.ma\\\/produit\\\/svr-hydraliane-legere-creme-hydratante-intense-50ml\\\/\",\"name\":\"SVR HYDRALIANE L\u00e9g\u00e8re Cr\u00e8me Hydratante Intense 50ml - Maroc Prix\",\"isPartOf\":{\"@id\":\"https:\\\/\\\/vitablanca.ma\\\/#website\"},\"primaryImageOfPage\":{\"@id\":\"https:\\\/\\\/vitablanca.ma\\\/produit\\\/svr-hydraliane-legere-creme-hydratante-intense-50ml\\\/#primaryimage\"},\"image\":{\"@id\":\"https:\\\/\\\/vitablanca.ma\\\/produit\\\/svr-hydraliane-legere-creme-hydratante-intense-50ml\\\/#primaryimage\"},\"thumbnailUrl\":\"https:\\\/\\\/vitablanca.ma\\\/wp-content\\\/uploads\\\/2025\\\/06\\\/Svr-hydraliane-legere-para-enligne-prix-maroc.jpg\",\"datePublished\":\"2025-06-11T21:30:25+00:00\",\"dateModified\":\"2026-01-21T17:42:32+00:00\",\"description\":\"SVR HYDRALIANE L\u00e9g\u00e8re Cr\u00e8me Hydratante Intense 50ml\",\"breadcrumb\":{\"@id\":\"https:\\\/\\\/vitablanca.ma\\\/produit\\\/svr-hydraliane-legere-creme-hydratante-intense-50ml\\\/#breadcrumb\"},\"inLanguage\":\"en-US\",\"potentialAction\":[{\"@type\":\"ReadAction\",\"target\":[\"https:\\\/\\\/vitablanca.ma\\\/produit\\\/svr-hydraliane-legere-creme-hydratante-intense-50ml\\\/\"]}]},{\"@type\":\"ImageObject\",\"inLanguage\":\"en-US\",\"@id\":\"https:\\\/\\\/vitablanca.ma\\\/produit\\\/svr-hydraliane-legere-creme-hydratante-intense-50ml\\\/#primaryimage\",\"url\":\"https:\\\/\\\/vitablanca.ma\\\/wp-content\\\/uploads\\\/2025\\\/06\\\/Svr-hydraliane-legere-para-enligne-prix-maroc.jpg\",\"contentUrl\":\"https:\\\/\\\/vitablanca.ma\\\/wp-content\\\/uploads\\\/2025\\\/06\\\/Svr-hydraliane-legere-para-enligne-prix-maroc.jpg\",\"width\":300,\"height\":300},{\"@type\":\"BreadcrumbList\",\"@id\":\"https:\\\/\\\/vitablanca.ma\\\/produit\\\/svr-hydraliane-legere-creme-hydratante-intense-50ml\\\/#breadcrumb\",\"itemListElement\":[{\"@type\":\"ListItem\",\"position\":1,\"name\":\"Home\",\"item\":\"https:\\\/\\\/vitablanca.ma\\\/\"},{\"@type\":\"ListItem\",\"position\":2,\"name\":\"Tous Les Produits\",\"item\":\"https:\\\/\\\/vitablanca.ma\\\/tous-les-produits\\\/\"},{\"@type\":\"ListItem\",\"position\":3,\"name\":\"SVR HYDRALIANE L\u00e9g\u00e8re Cr\u00e8me Hydratante Intense 50ml\"}]},{\"@type\":\"WebSite\",\"@id\":\"https:\\\/\\\/vitablanca.ma\\\/#website\",\"url\":\"https:\\\/\\\/vitablanca.ma\\\/\",\"name\":\"VitaBlanca.ma | Compl\u00e9ments alimentaires, sant\u00e9 & beaut\u00e9 au Maroc\",\"description\":\"vendre vitamines et compl\u00e9ments premium des USA &amp; Canada, Nouvelle Z\u00e9lande,Maroc (NOW Foods, Solgar, Manuka). Livraison rapide partout au Maroc.\",\"publisher\":{\"@id\":\"https:\\\/\\\/vitablanca.ma\\\/#organization\"},\"alternateName\":\"VitaBlanca.ma\",\"potentialAction\":[{\"@type\":\"SearchAction\",\"target\":{\"@type\":\"EntryPoint\",\"urlTemplate\":\"https:\\\/\\\/vitablanca.ma\\\/?s={search_term_string}\"},\"query-input\":{\"@type\":\"PropertyValueSpecification\",\"valueRequired\":true,\"valueName\":\"search_term_string\"}}],\"inLanguage\":\"en-US\"},{\"@type\":\"Organization\",\"@id\":\"https:\\\/\\\/vitablanca.ma\\\/#organization\",\"name\":\"VitaBlanca\",\"url\":\"https:\\\/\\\/vitablanca.ma\\\/\",\"logo\":{\"@type\":\"ImageObject\",\"inLanguage\":\"en-US\",\"@id\":\"https:\\\/\\\/vitablanca.ma\\\/#\\\/schema\\\/logo\\\/image\\\/\",\"url\":\"https:\\\/\\\/vitablanca.ma\\\/wp-content\\\/uploads\\\/2025\\\/05\\\/cropped-vitablanca.png\",\"contentUrl\":\"https:\\\/\\\/vitablanca.ma\\\/wp-content\\\/uploads\\\/2025\\\/05\\\/cropped-vitablanca.png\",\"width\":360,\"height\":67,\"caption\":\"VitaBlanca\"},\"image\":{\"@id\":\"https:\\\/\\\/vitablanca.ma\\\/#\\\/schema\\\/logo\\\/image\\\/\"},\"sameAs\":[\"https:\\\/\\\/www.facebook.com\\\/profile.php?id=61576678196717\",\"https:\\\/\\\/www.tiktok.com\\\/@vitablanca.ma\",\"https:\\\/\\\/www.instagram.com\\\/vitablanca.ma\\\/\"]}]}<\/script>\n<!-- \/ Yoast SEO plugin. -->","yoast_head_json":{"title":"SVR HYDRALIANE Light Intense Moisturizing Cream 50ml - Morocco Price","description":"SVR HYDRALIANE Light Intense Moisturizing Cream 50ml","robots":{"index":"index","follow":"follow","max-snippet":"max-snippet:-1","max-image-preview":"max-image-preview:large","max-video-preview":"max-video-preview:-1"},"canonical":"https:\/\/vitablanca.ma\/en\/product\/svr-hydraliane-legere-creme-hydratante-intense-50ml\/","og_locale":"en_US","og_type":"article","og_title":"SVR HYDRALIANE L\u00e9g\u00e8re Cr\u00e8me Hydratante Intense 50ml - Maroc Prix","og_description":"SVR HYDRALIANE L\u00e9g\u00e8re Cr\u00e8me Hydratante Intense 50ml","og_url":"https:\/\/vitablanca.ma\/en\/product\/svr-hydraliane-legere-creme-hydratante-intense-50ml\/","og_site_name":"Vitablanca.ma &ndash; Sant&eacute;, vitalit&eacute; et bien-&ecirc;tre pour tous les Marocains","article_publisher":"https:\/\/www.facebook.com\/profile.php?id=61576678196717","article_modified_time":"2026-01-21T17:42:32+00:00","og_image":[{"width":300,"height":300,"url":"https:\/\/vitablanca.ma\/wp-content\/uploads\/2025\/06\/Svr-hydraliane-legere-para-enligne-prix-maroc.jpg","type":"image\/jpeg"}],"twitter_card":"summary_large_image","twitter_misc":{"Est. reading time":"1 minute"},"schema":{"@context":"https:\/\/schema.org","@graph":[{"@type":["WebPage","ItemPage"],"@id":"https:\/\/vitablanca.ma\/produit\/svr-hydraliane-legere-creme-hydratante-intense-50ml\/","url":"https:\/\/vitablanca.ma\/produit\/svr-hydraliane-legere-creme-hydratante-intense-50ml\/","name":"SVR HYDRALIANE Light Intense Moisturizing Cream 50ml - Morocco Price","isPartOf":{"@id":"https:\/\/vitablanca.ma\/#website"},"primaryImageOfPage":{"@id":"https:\/\/vitablanca.ma\/produit\/svr-hydraliane-legere-creme-hydratante-intense-50ml\/#primaryimage"},"image":{"@id":"https:\/\/vitablanca.ma\/produit\/svr-hydraliane-legere-creme-hydratante-intense-50ml\/#primaryimage"},"thumbnailUrl":"https:\/\/vitablanca.ma\/wp-content\/uploads\/2025\/06\/Svr-hydraliane-legere-para-enligne-prix-maroc.jpg","datePublished":"2025-06-11T21:30:25+00:00","dateModified":"2026-01-21T17:42:32+00:00","description":"SVR HYDRALIANE Light Intense Moisturizing Cream 50ml","breadcrumb":{"@id":"https:\/\/vitablanca.ma\/produit\/svr-hydraliane-legere-creme-hydratante-intense-50ml\/#breadcrumb"},"inLanguage":"en-US","potentialAction":[{"@type":"ReadAction","target":["https:\/\/vitablanca.ma\/produit\/svr-hydraliane-legere-creme-hydratante-intense-50ml\/"]}]},{"@type":"ImageObject","inLanguage":"en-US","@id":"https:\/\/vitablanca.ma\/produit\/svr-hydraliane-legere-creme-hydratante-intense-50ml\/#primaryimage","url":"https:\/\/vitablanca.ma\/wp-content\/uploads\/2025\/06\/Svr-hydraliane-legere-para-enligne-prix-maroc.jpg","contentUrl":"https:\/\/vitablanca.ma\/wp-content\/uploads\/2025\/06\/Svr-hydraliane-legere-para-enligne-prix-maroc.jpg","width":300,"height":300},{"@type":"BreadcrumbList","@id":"https:\/\/vitablanca.ma\/produit\/svr-hydraliane-legere-creme-hydratante-intense-50ml\/#breadcrumb","itemListElement":[{"@type":"ListItem","position":1,"name":"Home","item":"https:\/\/vitablanca.ma\/"},{"@type":"ListItem","position":2,"name":"Tous Les Produits","item":"https:\/\/vitablanca.ma\/tous-les-produits\/"},{"@type":"ListItem","position":3,"name":"SVR HYDRALIANE L\u00e9g\u00e8re Cr\u00e8me Hydratante Intense 50ml"}]},{"@type":"WebSite","@id":"https:\/\/vitablanca.ma\/#website","url":"https:\/\/vitablanca.ma\/","name":"VitaBlanca.ma | Food supplements, health &amp; beauty in Morocco","description":"sell premium vitamins and supplements from USA &amp; Canada, New Zealand, Morocco (NOW Foods, Solgar, Manuka). Fast delivery anywhere in Morocco.","publisher":{"@id":"https:\/\/vitablanca.ma\/#organization"},"alternateName":"VitaBlanca.ma","potentialAction":[{"@type":"SearchAction","target":{"@type":"EntryPoint","urlTemplate":"https:\/\/vitablanca.ma\/?s={search_term_string}"},"query-input":{"@type":"PropertyValueSpecification","valueRequired":true,"valueName":"search_term_string"}}],"inLanguage":"en-US"},{"@type":"Organization","@id":"https:\/\/vitablanca.ma\/#organization","name":"VitaBlanca","url":"https:\/\/vitablanca.ma\/","logo":{"@type":"ImageObject","inLanguage":"en-US","@id":"https:\/\/vitablanca.ma\/#\/schema\/logo\/image\/","url":"https:\/\/vitablanca.ma\/wp-content\/uploads\/2025\/05\/cropped-vitablanca.png","contentUrl":"https:\/\/vitablanca.ma\/wp-content\/uploads\/2025\/05\/cropped-vitablanca.png","width":360,"height":67,"caption":"VitaBlanca"},"image":{"@id":"https:\/\/vitablanca.ma\/#\/schema\/logo\/image\/"},"sameAs":["https:\/\/www.facebook.com\/profile.php?id=61576678196717","https:\/\/www.tiktok.com\/@vitablanca.ma","https:\/\/www.instagram.com\/vitablanca.ma\/"]}]}},"jetpack_sharing_enabled":true,"_links":{"self":[{"href":"https:\/\/vitablanca.ma\/en\/wp-json\/wp\/v2\/product\/21779","targetHints":{"allow":["GET"]}}],"collection":[{"href":"https:\/\/vitablanca.ma\/en\/wp-json\/wp\/v2\/product"}],"about":[{"href":"https:\/\/vitablanca.ma\/en\/wp-json\/wp\/v2\/types\/product"}],"wp:featuredmedia":[{"embeddable":true,"href":"https:\/\/vitablanca.ma\/en\/wp-json\/wp\/v2\/media\/21778"}],"wp:attachment":[{"href":"https:\/\/vitablanca.ma\/en\/wp-json\/wp\/v2\/media?parent=21779"}],"wp:term":[{"taxonomy":"product_brand","embeddable":true,"href":"https:\/\/vitablanca.ma\/en\/wp-json\/wp\/v2\/product_brand?post=21779"},{"taxonomy":"product_cat","embeddable":true,"href":"https:\/\/vitablanca.ma\/en\/wp-json\/wp\/v2\/product_cat?post=21779"},{"taxonomy":"product_tag","embeddable":true,"href":"https:\/\/vitablanca.ma\/en\/wp-json\/wp\/v2\/product_tag?post=21779"}],"curies":[{"name":"wp","href":"https:\/\/api.w.org\/{rel}","templated":true}]}}