{"id":21777,"date":"2025-06-11T21:30:23","date_gmt":"2025-06-11T21:30:23","guid":{"rendered":"https:\/\/vitablanca.ma\/product\/roge-cavailles-savon-creme-beurre-damande-et-rose-115g\/"},"modified":"2025-06-11T21:30:23","modified_gmt":"2025-06-11T21:30:23","slug":"roge-cavailles-savon-creme-beurre-damande-et-rose-115g","status":"publish","type":"product","link":"https:\/\/vitablanca.ma\/en\/product\/roge-cavailles-savon-creme-beurre-damande-et-rose-115g\/","title":{"rendered":"Rog\u00e9 Cavaill\u00e8s Cream Soap Almond Butter and Rose 115g"},"content":{"rendered":"<h2><span data-mce-fragment=\"1\">Rog\u00e9 Cavaill\u00e8s Almond Butter and Rose Cream Soap<\/span><\/h2>\n<p><span data-mce-fragment=\"1\"> 115g<\/span><\/p>\n<h3><span data-mce-fragment=\"1\">DESCRIPTION:<\/span><\/h3>\n<p><span data-mce-fragment=\"1\">Find all the smoothness of a concentrated cream in a solid soap!<\/span><br data-mce-fragment=\"1\"><span data-mce-fragment=\"1\">Combining nourishing ingredients and a plant base, the Face &amp; Body Cream Soap cleanses and protects dry and sensitive skin, offering a unique sensory experience.<\/span><br data-mce-fragment=\"1\"><span data-mce-fragment=\"1\">Intensely nourishing, its creamy formula melts into your skin to leave it soft and supple.<\/span><br data-mce-fragment=\"1\"><span data-mce-fragment=\"1\">Its generous foam invites you to a moment of softness and leaves a delicate and feminine fragrance on your skin.<\/span><\/p>\n<h3><span data-mce-fragment=\"1\">Directions for use:<\/span><\/h3>\n<p><span data-mce-fragment=\"1\">In the shower or bath, rub the Almond &amp; Rose Cream Soap in the palm of your hand and let yourself be intoxicated by its fragrance.<\/span><br data-mce-fragment=\"1\"><span data-mce-fragment=\"1\">Lather all over your body then rinse thoroughly with clean water.<\/span><br data-mce-fragment=\"1\"><span data-mce-fragment=\"1\">With its extreme softness, you can use it daily on the face and body.<\/span><br data-mce-fragment=\"1\"><span data-mce-fragment=\"1\">Tolerance<\/span><br data-mce-fragment=\"1\"><span data-mce-fragment=\"1\">Allergen-free fragrance *<\/span><br data-mce-fragment=\"1\"><span data-mce-fragment=\"1\">Paraben and phenoxyethanol free<\/span><br data-mce-fragment=\"1\"><span data-mce-fragment=\"1\">Clinically tested under dermatological control<\/span><br data-mce-fragment=\"1\"><span data-mce-fragment=\"1\">Hypoallergenic<\/span><br data-mce-fragment=\"1\"><span data-mce-fragment=\"1\">Not tested on adolescents under treatment<\/span><br data-mce-fragment=\"1\"><span data-mce-fragment=\"1\">* Allergens to be declared, in accordance with cosmetic legislation<\/span><\/p>","protected":false},"excerpt":{"rendered":"<p>Rog\u00e9 Cavaill\u00e8s Savon Cr\u00e8me Beurre D\u2019amande Et Rose 115g DESCRIPTION: Retrouvez toute l\u2019onctuosit\u00e9 d\u2019une cr\u00e8me concentr\u00e9e dans un savon solide !Associant ingr\u00e9dients nourrissants et base v\u00e9g\u00e9tale, le Savon cr\u00e8me Visage &amp; Corps nettoie et prot\u00e8ge les peaux s\u00e8ches et sensibles en offrant une exp\u00e9rience sensorielle unique.Intens\u00e9ment nourrissante, sa formule cr\u00e9meuse fond sur votre peau pour [&hellip;]<\/p>\n","protected":false},"featured_media":21774,"template":"","meta":{"om_disable_all_campaigns":false},"product_brand":[],"product_cat":[15],"product_tag":[],"class_list":{"0":"post-21777","1":"product","2":"type-product","3":"status-publish","4":"has-post-thumbnail","6":"product_cat-beaute-sante-complements-alimentaires-soins-et-bien-etre-au-meilleur-prix","8":"first","9":"instock","10":"sale","11":"taxable","12":"shipping-taxable","13":"purchasable","14":"product-type-simple"},"yoast_head":"<!-- This site is optimized with the Yoast SEO plugin v27.4 - https:\/\/yoast.com\/product\/yoast-seo-wordpress\/ -->\n<title>Rog\u00e9 Cavaill\u00e8s Savon Cr\u00e8me Beurre D\u2019amande Et Rose 115g - Maroc Prix<\/title>\n<meta name=\"description\" content=\"Rog\u00e9 Cavaill\u00e8s Savon Cr\u00e8me Beurre D\u2019amande Et Rose 115g\" \/>\n<meta name=\"robots\" content=\"index, follow, max-snippet:-1, max-image-preview:large, max-video-preview:-1\" \/>\n<link rel=\"canonical\" href=\"https:\/\/vitablanca.ma\/en\/product\/roge-cavailles-savon-creme-beurre-damande-et-rose-115g\/\" \/>\n<meta property=\"og:locale\" content=\"en_US\" \/>\n<meta property=\"og:type\" content=\"article\" \/>\n<meta property=\"og:title\" content=\"Rog\u00e9 Cavaill\u00e8s Savon Cr\u00e8me Beurre D\u2019amande Et Rose 115g - Maroc Prix\" \/>\n<meta property=\"og:description\" content=\"Rog\u00e9 Cavaill\u00e8s Savon Cr\u00e8me Beurre D\u2019amande Et Rose 115g\" \/>\n<meta property=\"og:url\" content=\"https:\/\/vitablanca.ma\/en\/product\/roge-cavailles-savon-creme-beurre-damande-et-rose-115g\/\" \/>\n<meta property=\"og:site_name\" content=\"Vitablanca.ma &ndash; Sant&eacute;, vitalit&eacute; et bien-&ecirc;tre pour tous les Marocains\" \/>\n<meta property=\"article:publisher\" content=\"https:\/\/www.facebook.com\/profile.php?id=61576678196717\" \/>\n<meta property=\"og:image\" content=\"https:\/\/vitablanca.ma\/wp-content\/uploads\/2025\/06\/Roge-Cavailles-Savon-Creme-Beurre-D_amande-Et-Rose-115g-prix-maroc-parapharmacie-casablanca.jpg\" \/>\n\t<meta property=\"og:image:width\" content=\"1000\" \/>\n\t<meta property=\"og:image:height\" content=\"1000\" \/>\n\t<meta property=\"og:image:type\" content=\"image\/jpeg\" \/>\n<meta name=\"twitter:card\" content=\"summary_large_image\" \/>\n<meta name=\"twitter:label1\" content=\"Est. reading time\" \/>\n\t<meta name=\"twitter:data1\" content=\"1 minute\" \/>\n<script type=\"application\/ld+json\" class=\"yoast-schema-graph\">{\"@context\":\"https:\\\/\\\/schema.org\",\"@graph\":[{\"@type\":[\"WebPage\",\"ItemPage\"],\"@id\":\"https:\\\/\\\/vitablanca.ma\\\/produit\\\/roge-cavailles-savon-creme-beurre-damande-et-rose-115g\\\/\",\"url\":\"https:\\\/\\\/vitablanca.ma\\\/produit\\\/roge-cavailles-savon-creme-beurre-damande-et-rose-115g\\\/\",\"name\":\"Rog\u00e9 Cavaill\u00e8s Savon Cr\u00e8me Beurre D\u2019amande Et Rose 115g - Maroc Prix\",\"isPartOf\":{\"@id\":\"https:\\\/\\\/vitablanca.ma\\\/#website\"},\"primaryImageOfPage\":{\"@id\":\"https:\\\/\\\/vitablanca.ma\\\/produit\\\/roge-cavailles-savon-creme-beurre-damande-et-rose-115g\\\/#primaryimage\"},\"image\":{\"@id\":\"https:\\\/\\\/vitablanca.ma\\\/produit\\\/roge-cavailles-savon-creme-beurre-damande-et-rose-115g\\\/#primaryimage\"},\"thumbnailUrl\":\"https:\\\/\\\/vitablanca.ma\\\/wp-content\\\/uploads\\\/2025\\\/06\\\/Roge-Cavailles-Savon-Creme-Beurre-D_amande-Et-Rose-115g-prix-maroc-parapharmacie-casablanca.jpg\",\"datePublished\":\"2025-06-11T21:30:23+00:00\",\"description\":\"Rog\u00e9 Cavaill\u00e8s Savon Cr\u00e8me Beurre D\u2019amande Et Rose 115g\",\"breadcrumb\":{\"@id\":\"https:\\\/\\\/vitablanca.ma\\\/produit\\\/roge-cavailles-savon-creme-beurre-damande-et-rose-115g\\\/#breadcrumb\"},\"inLanguage\":\"en-US\",\"potentialAction\":[{\"@type\":\"ReadAction\",\"target\":[\"https:\\\/\\\/vitablanca.ma\\\/produit\\\/roge-cavailles-savon-creme-beurre-damande-et-rose-115g\\\/\"]}]},{\"@type\":\"ImageObject\",\"inLanguage\":\"en-US\",\"@id\":\"https:\\\/\\\/vitablanca.ma\\\/produit\\\/roge-cavailles-savon-creme-beurre-damande-et-rose-115g\\\/#primaryimage\",\"url\":\"https:\\\/\\\/vitablanca.ma\\\/wp-content\\\/uploads\\\/2025\\\/06\\\/Roge-Cavailles-Savon-Creme-Beurre-D_amande-Et-Rose-115g-prix-maroc-parapharmacie-casablanca.jpg\",\"contentUrl\":\"https:\\\/\\\/vitablanca.ma\\\/wp-content\\\/uploads\\\/2025\\\/06\\\/Roge-Cavailles-Savon-Creme-Beurre-D_amande-Et-Rose-115g-prix-maroc-parapharmacie-casablanca.jpg\",\"width\":1000,\"height\":1000},{\"@type\":\"BreadcrumbList\",\"@id\":\"https:\\\/\\\/vitablanca.ma\\\/produit\\\/roge-cavailles-savon-creme-beurre-damande-et-rose-115g\\\/#breadcrumb\",\"itemListElement\":[{\"@type\":\"ListItem\",\"position\":1,\"name\":\"Home\",\"item\":\"https:\\\/\\\/vitablanca.ma\\\/\"},{\"@type\":\"ListItem\",\"position\":2,\"name\":\"Tous Les Produits\",\"item\":\"https:\\\/\\\/vitablanca.ma\\\/tous-les-produits\\\/\"},{\"@type\":\"ListItem\",\"position\":3,\"name\":\"Rog\u00e9 Cavaill\u00e8s Savon Cr\u00e8me Beurre D\u2019amande Et Rose 115g\"}]},{\"@type\":\"WebSite\",\"@id\":\"https:\\\/\\\/vitablanca.ma\\\/#website\",\"url\":\"https:\\\/\\\/vitablanca.ma\\\/\",\"name\":\"VitaBlanca.ma | Compl\u00e9ments alimentaires, sant\u00e9 & beaut\u00e9 au Maroc\",\"description\":\"vendre vitamines et compl\u00e9ments premium des USA &amp; Canada, Nouvelle Z\u00e9lande,Maroc (NOW Foods, Solgar, Manuka). Livraison rapide partout au Maroc.\",\"publisher\":{\"@id\":\"https:\\\/\\\/vitablanca.ma\\\/#organization\"},\"alternateName\":\"VitaBlanca.ma\",\"potentialAction\":[{\"@type\":\"SearchAction\",\"target\":{\"@type\":\"EntryPoint\",\"urlTemplate\":\"https:\\\/\\\/vitablanca.ma\\\/?s={search_term_string}\"},\"query-input\":{\"@type\":\"PropertyValueSpecification\",\"valueRequired\":true,\"valueName\":\"search_term_string\"}}],\"inLanguage\":\"en-US\"},{\"@type\":\"Organization\",\"@id\":\"https:\\\/\\\/vitablanca.ma\\\/#organization\",\"name\":\"VitaBlanca\",\"url\":\"https:\\\/\\\/vitablanca.ma\\\/\",\"logo\":{\"@type\":\"ImageObject\",\"inLanguage\":\"en-US\",\"@id\":\"https:\\\/\\\/vitablanca.ma\\\/#\\\/schema\\\/logo\\\/image\\\/\",\"url\":\"https:\\\/\\\/vitablanca.ma\\\/wp-content\\\/uploads\\\/2025\\\/05\\\/cropped-vitablanca.png\",\"contentUrl\":\"https:\\\/\\\/vitablanca.ma\\\/wp-content\\\/uploads\\\/2025\\\/05\\\/cropped-vitablanca.png\",\"width\":360,\"height\":67,\"caption\":\"VitaBlanca\"},\"image\":{\"@id\":\"https:\\\/\\\/vitablanca.ma\\\/#\\\/schema\\\/logo\\\/image\\\/\"},\"sameAs\":[\"https:\\\/\\\/www.facebook.com\\\/profile.php?id=61576678196717\",\"https:\\\/\\\/www.tiktok.com\\\/@vitablanca.ma\",\"https:\\\/\\\/www.instagram.com\\\/vitablanca.ma\\\/\"]}]}<\/script>\n<!-- \/ Yoast SEO plugin. -->","yoast_head_json":{"title":"Rog\u00e9 Cavaill\u00e8s Cream Soap Almond Butter and Rose 115g - Morocco Price","description":"Rog\u00e9 Cavaill\u00e8s Cream Soap Almond Butter and Rose 115g","robots":{"index":"index","follow":"follow","max-snippet":"max-snippet:-1","max-image-preview":"max-image-preview:large","max-video-preview":"max-video-preview:-1"},"canonical":"https:\/\/vitablanca.ma\/en\/product\/roge-cavailles-savon-creme-beurre-damande-et-rose-115g\/","og_locale":"en_US","og_type":"article","og_title":"Rog\u00e9 Cavaill\u00e8s Savon Cr\u00e8me Beurre D\u2019amande Et Rose 115g - Maroc Prix","og_description":"Rog\u00e9 Cavaill\u00e8s Savon Cr\u00e8me Beurre D\u2019amande Et Rose 115g","og_url":"https:\/\/vitablanca.ma\/en\/product\/roge-cavailles-savon-creme-beurre-damande-et-rose-115g\/","og_site_name":"Vitablanca.ma &ndash; Sant&eacute;, vitalit&eacute; et bien-&ecirc;tre pour tous les Marocains","article_publisher":"https:\/\/www.facebook.com\/profile.php?id=61576678196717","og_image":[{"width":1000,"height":1000,"url":"https:\/\/vitablanca.ma\/wp-content\/uploads\/2025\/06\/Roge-Cavailles-Savon-Creme-Beurre-D_amande-Et-Rose-115g-prix-maroc-parapharmacie-casablanca.jpg","type":"image\/jpeg"}],"twitter_card":"summary_large_image","twitter_misc":{"Est. reading time":"1 minute"},"schema":{"@context":"https:\/\/schema.org","@graph":[{"@type":["WebPage","ItemPage"],"@id":"https:\/\/vitablanca.ma\/produit\/roge-cavailles-savon-creme-beurre-damande-et-rose-115g\/","url":"https:\/\/vitablanca.ma\/produit\/roge-cavailles-savon-creme-beurre-damande-et-rose-115g\/","name":"Rog\u00e9 Cavaill\u00e8s Cream Soap Almond Butter and Rose 115g - Morocco Price","isPartOf":{"@id":"https:\/\/vitablanca.ma\/#website"},"primaryImageOfPage":{"@id":"https:\/\/vitablanca.ma\/produit\/roge-cavailles-savon-creme-beurre-damande-et-rose-115g\/#primaryimage"},"image":{"@id":"https:\/\/vitablanca.ma\/produit\/roge-cavailles-savon-creme-beurre-damande-et-rose-115g\/#primaryimage"},"thumbnailUrl":"https:\/\/vitablanca.ma\/wp-content\/uploads\/2025\/06\/Roge-Cavailles-Savon-Creme-Beurre-D_amande-Et-Rose-115g-prix-maroc-parapharmacie-casablanca.jpg","datePublished":"2025-06-11T21:30:23+00:00","description":"Rog\u00e9 Cavaill\u00e8s Cream Soap Almond Butter and Rose 115g","breadcrumb":{"@id":"https:\/\/vitablanca.ma\/produit\/roge-cavailles-savon-creme-beurre-damande-et-rose-115g\/#breadcrumb"},"inLanguage":"en-US","potentialAction":[{"@type":"ReadAction","target":["https:\/\/vitablanca.ma\/produit\/roge-cavailles-savon-creme-beurre-damande-et-rose-115g\/"]}]},{"@type":"ImageObject","inLanguage":"en-US","@id":"https:\/\/vitablanca.ma\/produit\/roge-cavailles-savon-creme-beurre-damande-et-rose-115g\/#primaryimage","url":"https:\/\/vitablanca.ma\/wp-content\/uploads\/2025\/06\/Roge-Cavailles-Savon-Creme-Beurre-D_amande-Et-Rose-115g-prix-maroc-parapharmacie-casablanca.jpg","contentUrl":"https:\/\/vitablanca.ma\/wp-content\/uploads\/2025\/06\/Roge-Cavailles-Savon-Creme-Beurre-D_amande-Et-Rose-115g-prix-maroc-parapharmacie-casablanca.jpg","width":1000,"height":1000},{"@type":"BreadcrumbList","@id":"https:\/\/vitablanca.ma\/produit\/roge-cavailles-savon-creme-beurre-damande-et-rose-115g\/#breadcrumb","itemListElement":[{"@type":"ListItem","position":1,"name":"Home","item":"https:\/\/vitablanca.ma\/"},{"@type":"ListItem","position":2,"name":"Tous Les Produits","item":"https:\/\/vitablanca.ma\/tous-les-produits\/"},{"@type":"ListItem","position":3,"name":"Rog\u00e9 Cavaill\u00e8s Savon Cr\u00e8me Beurre D\u2019amande Et Rose 115g"}]},{"@type":"WebSite","@id":"https:\/\/vitablanca.ma\/#website","url":"https:\/\/vitablanca.ma\/","name":"VitaBlanca.ma | Food supplements, health &amp; beauty in Morocco","description":"sell premium vitamins and supplements from USA &amp; Canada, New Zealand, Morocco (NOW Foods, Solgar, Manuka). Fast delivery anywhere in Morocco.","publisher":{"@id":"https:\/\/vitablanca.ma\/#organization"},"alternateName":"VitaBlanca.ma","potentialAction":[{"@type":"SearchAction","target":{"@type":"EntryPoint","urlTemplate":"https:\/\/vitablanca.ma\/?s={search_term_string}"},"query-input":{"@type":"PropertyValueSpecification","valueRequired":true,"valueName":"search_term_string"}}],"inLanguage":"en-US"},{"@type":"Organization","@id":"https:\/\/vitablanca.ma\/#organization","name":"VitaBlanca","url":"https:\/\/vitablanca.ma\/","logo":{"@type":"ImageObject","inLanguage":"en-US","@id":"https:\/\/vitablanca.ma\/#\/schema\/logo\/image\/","url":"https:\/\/vitablanca.ma\/wp-content\/uploads\/2025\/05\/cropped-vitablanca.png","contentUrl":"https:\/\/vitablanca.ma\/wp-content\/uploads\/2025\/05\/cropped-vitablanca.png","width":360,"height":67,"caption":"VitaBlanca"},"image":{"@id":"https:\/\/vitablanca.ma\/#\/schema\/logo\/image\/"},"sameAs":["https:\/\/www.facebook.com\/profile.php?id=61576678196717","https:\/\/www.tiktok.com\/@vitablanca.ma","https:\/\/www.instagram.com\/vitablanca.ma\/"]}]}},"jetpack_sharing_enabled":true,"_links":{"self":[{"href":"https:\/\/vitablanca.ma\/en\/wp-json\/wp\/v2\/product\/21777","targetHints":{"allow":["GET"]}}],"collection":[{"href":"https:\/\/vitablanca.ma\/en\/wp-json\/wp\/v2\/product"}],"about":[{"href":"https:\/\/vitablanca.ma\/en\/wp-json\/wp\/v2\/types\/product"}],"wp:featuredmedia":[{"embeddable":true,"href":"https:\/\/vitablanca.ma\/en\/wp-json\/wp\/v2\/media\/21774"}],"wp:attachment":[{"href":"https:\/\/vitablanca.ma\/en\/wp-json\/wp\/v2\/media?parent=21777"}],"wp:term":[{"taxonomy":"product_brand","embeddable":true,"href":"https:\/\/vitablanca.ma\/en\/wp-json\/wp\/v2\/product_brand?post=21777"},{"taxonomy":"product_cat","embeddable":true,"href":"https:\/\/vitablanca.ma\/en\/wp-json\/wp\/v2\/product_cat?post=21777"},{"taxonomy":"product_tag","embeddable":true,"href":"https:\/\/vitablanca.ma\/en\/wp-json\/wp\/v2\/product_tag?post=21777"}],"curies":[{"name":"wp","href":"https:\/\/api.w.org\/{rel}","templated":true}]}}