{"id":21773,"date":"2025-06-11T21:30:19","date_gmt":"2025-06-11T21:30:19","guid":{"rendered":"https:\/\/vitablanca.ma\/product\/svr-palpebral-by-topialyse-creme-15ml-nouvelle-formule\/"},"modified":"2026-01-21T17:42:32","modified_gmt":"2026-01-21T17:42:32","slug":"svr-palpebral-by-topialyse-creme-15ml-nouvelle-formule","status":"publish","type":"product","link":"https:\/\/vitablanca.ma\/en\/product\/svr-palpebral-by-topialyse-creme-15ml-nouvelle-formule\/","title":{"rendered":"SVR PALPEBRAL By Topialyse Cream 15ml \u2013 New Formula"},"content":{"rendered":"<h2>SVR PALPEBRAL By Topialyse Cream<span>\u00a0soothing anti-itching irritated eyelids.<\/span><br \/>\n<\/h2>\n<p><span>Tolerance, efficiency and pleasure, all combined to soothe the eye.<br \/>15ml.<\/span><\/p>\n<div class=\"product__main\">\n<div class=\"product__sidebar product__sidebar--is-sticky\">\n<div class=\"inner-wrapper-sticky\">\n<div class=\"product__variants\"><\/div>\n<div class=\"product__actions\"><span class=\"product__prices-price\" data-product-price=\"\"><\/span><\/div>\n<\/div>\n<\/div>\n<\/div>\n<div class=\"product__content\">\n<div class=\"product__tab expanded\" data-drawer-container=\"\">\n<h3 class=\"product__tab-header\">For whom? For what?<\/h3>\n<div class=\"product__tab-content\" data-drawer-content=\"\">\n<p>For sensitive, dry, irritated and atopic-prone eyelids and eye contours. From 3 years old.<\/p>\n<p><strong>PALPEBRAL By Topialyse, THE N\u00b01<sup><span>\u00a0<\/span><\/sup>HYPERSENSITIVE EYE CONTOUR CARE PRESCRIBED BY DERMATOLOGISTS<sup>(1)<\/sup>\u00a0.<\/strong><\/p>\n<p>Tolerance, efficiency and pleasure, all combined to soothe the eye.<\/p>\n<p>4 actions in 1 gesture:<br \/>\u2022 Soothes irritations and itching sensations<br \/>\u2022 Reduces redness and limits the appearance of irritation<br \/>\u2022 Hydrates and replenishes lipids to restore the skin barrier<br \/>\u2022 Protects against external aggressions\u00a0<\/p>\n<p>All in a smooth creamy texture that provides long-lasting comfort.<\/p>\n<p><strong>CLINICALLY PROVEN EFFECTIVENESS<\/strong><br \/>\u2022 \u2013<strong>45%<span>\u00a0<\/span><\/strong>Decreased scratching sensations<span>\u00a0<\/span><sup>(2)<br \/><\/sup><strong>\u2022 -77%<\/strong><span>\u00a0<\/span>signs of irritation after 7 days (effectiveness comparable to dermocorticoids)<sup>(3)<\/sup><\/p>\n<p>HYDRATION<span>\u00a0<\/span><strong>24H<\/strong><\/p>\n<p><strong>A PRODUCT APPROVED BY VOLUNTEERS<span>\u00a0<\/span><\/strong><sup>(3)<\/sup><br \/><strong>95%<\/strong><br \/>\u2022 Immediately soothes feelings of irritation<br \/>\u2022 Provides immediate comfort<\/p>\n<p><strong>90%<\/strong><br \/>\u2022 Reduces redness of the eyelid and eye contour<br \/>\u2022 Lastingly soothes itching sensations<\/p>\n<div class=\"product__tab expanded\" data-drawer-container=\"\">\n<h3 class=\"product__tab-header\">How does it work?<\/h3>\n<div class=\"product__tab-content\" data-drawer-content=\"\">\n<p>Four times thinner than the rest of the face, the skin around the eyes and eyelids is very sensitive. This innate fragility makes it more permeable to external aggressions, allergies, and irritations.<\/p>\n<p>PALPEBRAL By Topialyse Cream soothes your eyes with a formula that is still as effective, even more natural:<\/p>\n<p>\u2022\u00a0<strong>The same core of dermatological active ingredients.<\/strong><\/p>\n<p><strong>20% of a soothing and anti-itching nutrient complex:<br \/><\/strong>\u2022 Glycyrrhizic acid derivative: anti-itching, calms and soothes irritations<br \/>\u2022 Cotton oil, source of Omega 3, 6, 9, babassu and shea butter to moisturize the eye contour and restore its skin barrier<br \/>\u2022 HPM hyaluronic acid to plump the skin and protect it from external aggressions. \u00a0<\/p>\n<p>\u2022<span>\u00a0<\/span><strong>A formula with +<\/strong><span>\u00a0<\/span><strong>of 90% of ingredients of natural origin.<\/strong><\/p>\n<p>Dermatologically and ophthalmologically tested on hypersensitive and poly-allergic skin. Suitable for contact lens wearers. Hypoallergenic. Fragrance-free.<\/p>\n<div class=\"product__tab expanded\" data-drawer-container=\"\">\n<h3 class=\"product__tab-header\">How to use it?<\/h3>\n<div class=\"product__tab-content\" data-drawer-content=\"\">\n<p>Apply morning and\/or evening to your eyelids and eye contour, on clean, dry skin.\u00a0<\/p>\n<p style=\"text-align: center\">Discover SVR PALPEBRAL By Topialyse Cream, a product carefully selected to meet your specific needs, and enjoy an exceptional shopping experience on our site, <strong>Vita Blanca Parapharmacie Maroc<\/strong><\/p>\n<\/div>\n<\/div>\n<\/div>\n<\/div>\n<\/div>\n<\/div>\n<\/div>","protected":false},"excerpt":{"rendered":"<p>SVR PALPEBRAL By Topialyse Cr\u00e8me\u00a0apaisante anti-grattage paupi\u00e8res irrit\u00e9es. Tol\u00e9rance, efficacit\u00e9 et plaisir, tous r\u00e9unis pour apaiser le regard.15ml. Pour qui ? Pour quoi ? Pour les paupi\u00e8res et contours des yeux sensibles, secs, irrit\u00e9s et \u00e0 tendance atopique. D\u00e8s 3 ans. PALPEBRAL By Topialyse, LE N\u00b01\u00a0DES SOINS CONTOURS DES YEUX HYPERSENSIBLES PRESCRITS PAR LES DERMATOLOGUES(1)\u00a0. [&hellip;]<\/p>\n","protected":false},"featured_media":21771,"template":"","meta":{"om_disable_all_campaigns":false},"product_brand":[5981],"product_cat":[18,15],"product_tag":[5982,5983,5984,5988,5987,5986,5985],"class_list":{"0":"post-21773","1":"product","2":"type-product","3":"status-publish","4":"has-post-thumbnail","6":"product_brand-svr-original-maroc-au-meilleur-prix","7":"product_cat-beaute-sante","8":"product_cat-beaute-sante-complements-alimentaires-soins-et-bien-etre-au-meilleur-prix","9":"product_tag-laboratoire-svr","10":"product_tag-marque-dermatologique-francaise","11":"product_tag-produits-svr-originaux","12":"product_tag-sun-secure-svr","13":"product_tag-svr","14":"product_tag-svr-laboratoire-dermatologique","15":"product_tag-svr-maroc","17":"first","18":"instock","19":"sale","20":"taxable","21":"shipping-taxable","22":"purchasable","23":"product-type-simple"},"yoast_head":"<!-- This site is optimized with the Yoast SEO plugin v27.4 - https:\/\/yoast.com\/product\/yoast-seo-wordpress\/ -->\n<title>SVR PALPEBRAL By Topialyse Cr\u00e8me 15ml - Nouvelle Formule - Maroc Prix<\/title>\n<meta name=\"description\" content=\"SVR PALPEBRAL By Topialyse Cr\u00e8me 15ml - Nouvelle Formule\" \/>\n<meta name=\"robots\" content=\"index, follow, max-snippet:-1, max-image-preview:large, max-video-preview:-1\" \/>\n<link rel=\"canonical\" href=\"https:\/\/vitablanca.ma\/en\/product\/svr-palpebral-by-topialyse-creme-15ml-nouvelle-formule\/\" \/>\n<meta property=\"og:locale\" content=\"en_US\" \/>\n<meta property=\"og:type\" content=\"article\" \/>\n<meta property=\"og:title\" content=\"SVR PALPEBRAL By Topialyse Cr\u00e8me 15ml - Nouvelle Formule - Maroc Prix\" \/>\n<meta property=\"og:description\" content=\"SVR PALPEBRAL By Topialyse Cr\u00e8me 15ml - Nouvelle Formule\" \/>\n<meta property=\"og:url\" content=\"https:\/\/vitablanca.ma\/en\/product\/svr-palpebral-by-topialyse-creme-15ml-nouvelle-formule\/\" \/>\n<meta property=\"og:site_name\" content=\"Vitablanca.ma &ndash; Sant&eacute;, vitalit&eacute; et bien-&ecirc;tre pour tous les Marocains\" \/>\n<meta property=\"article:publisher\" content=\"https:\/\/www.facebook.com\/profile.php?id=61576678196717\" \/>\n<meta property=\"article:modified_time\" content=\"2026-01-21T17:42:32+00:00\" \/>\n<meta property=\"og:image\" content=\"https:\/\/vitablanca.ma\/wp-content\/uploads\/2025\/06\/SVR-PALPEBRAL-By-Topialyse-Creme-15ml-nova-parapharmacie-casablanca.jpg\" \/>\n\t<meta property=\"og:image:width\" content=\"1000\" \/>\n\t<meta property=\"og:image:height\" content=\"1000\" \/>\n\t<meta property=\"og:image:type\" content=\"image\/jpeg\" \/>\n<meta name=\"twitter:card\" content=\"summary_large_image\" \/>\n<meta name=\"twitter:label1\" content=\"Est. reading time\" \/>\n\t<meta name=\"twitter:data1\" content=\"2 minutes\" \/>\n<script type=\"application\/ld+json\" class=\"yoast-schema-graph\">{\"@context\":\"https:\\\/\\\/schema.org\",\"@graph\":[{\"@type\":[\"WebPage\",\"ItemPage\"],\"@id\":\"https:\\\/\\\/vitablanca.ma\\\/produit\\\/svr-palpebral-by-topialyse-creme-15ml-nouvelle-formule\\\/\",\"url\":\"https:\\\/\\\/vitablanca.ma\\\/produit\\\/svr-palpebral-by-topialyse-creme-15ml-nouvelle-formule\\\/\",\"name\":\"SVR PALPEBRAL By Topialyse Cr\u00e8me 15ml - Nouvelle Formule - Maroc Prix\",\"isPartOf\":{\"@id\":\"https:\\\/\\\/vitablanca.ma\\\/#website\"},\"primaryImageOfPage\":{\"@id\":\"https:\\\/\\\/vitablanca.ma\\\/produit\\\/svr-palpebral-by-topialyse-creme-15ml-nouvelle-formule\\\/#primaryimage\"},\"image\":{\"@id\":\"https:\\\/\\\/vitablanca.ma\\\/produit\\\/svr-palpebral-by-topialyse-creme-15ml-nouvelle-formule\\\/#primaryimage\"},\"thumbnailUrl\":\"https:\\\/\\\/vitablanca.ma\\\/wp-content\\\/uploads\\\/2025\\\/06\\\/SVR-PALPEBRAL-By-Topialyse-Creme-15ml-nova-parapharmacie-casablanca.jpg\",\"datePublished\":\"2025-06-11T21:30:19+00:00\",\"dateModified\":\"2026-01-21T17:42:32+00:00\",\"description\":\"SVR PALPEBRAL By Topialyse Cr\u00e8me 15ml - Nouvelle Formule\",\"breadcrumb\":{\"@id\":\"https:\\\/\\\/vitablanca.ma\\\/produit\\\/svr-palpebral-by-topialyse-creme-15ml-nouvelle-formule\\\/#breadcrumb\"},\"inLanguage\":\"en-US\",\"potentialAction\":[{\"@type\":\"ReadAction\",\"target\":[\"https:\\\/\\\/vitablanca.ma\\\/produit\\\/svr-palpebral-by-topialyse-creme-15ml-nouvelle-formule\\\/\"]}]},{\"@type\":\"ImageObject\",\"inLanguage\":\"en-US\",\"@id\":\"https:\\\/\\\/vitablanca.ma\\\/produit\\\/svr-palpebral-by-topialyse-creme-15ml-nouvelle-formule\\\/#primaryimage\",\"url\":\"https:\\\/\\\/vitablanca.ma\\\/wp-content\\\/uploads\\\/2025\\\/06\\\/SVR-PALPEBRAL-By-Topialyse-Creme-15ml-nova-parapharmacie-casablanca.jpg\",\"contentUrl\":\"https:\\\/\\\/vitablanca.ma\\\/wp-content\\\/uploads\\\/2025\\\/06\\\/SVR-PALPEBRAL-By-Topialyse-Creme-15ml-nova-parapharmacie-casablanca.jpg\",\"width\":1000,\"height\":1000},{\"@type\":\"BreadcrumbList\",\"@id\":\"https:\\\/\\\/vitablanca.ma\\\/produit\\\/svr-palpebral-by-topialyse-creme-15ml-nouvelle-formule\\\/#breadcrumb\",\"itemListElement\":[{\"@type\":\"ListItem\",\"position\":1,\"name\":\"Home\",\"item\":\"https:\\\/\\\/vitablanca.ma\\\/\"},{\"@type\":\"ListItem\",\"position\":2,\"name\":\"Tous Les Produits\",\"item\":\"https:\\\/\\\/vitablanca.ma\\\/tous-les-produits\\\/\"},{\"@type\":\"ListItem\",\"position\":3,\"name\":\"SVR PALPEBRAL By Topialyse Cr\u00e8me 15ml &#8211; Nouvelle Formule\"}]},{\"@type\":\"WebSite\",\"@id\":\"https:\\\/\\\/vitablanca.ma\\\/#website\",\"url\":\"https:\\\/\\\/vitablanca.ma\\\/\",\"name\":\"VitaBlanca.ma | Compl\u00e9ments alimentaires, sant\u00e9 & beaut\u00e9 au Maroc\",\"description\":\"vendre vitamines et compl\u00e9ments premium des USA &amp; Canada, Nouvelle Z\u00e9lande,Maroc (NOW Foods, Solgar, Manuka). Livraison rapide partout au Maroc.\",\"publisher\":{\"@id\":\"https:\\\/\\\/vitablanca.ma\\\/#organization\"},\"alternateName\":\"VitaBlanca.ma\",\"potentialAction\":[{\"@type\":\"SearchAction\",\"target\":{\"@type\":\"EntryPoint\",\"urlTemplate\":\"https:\\\/\\\/vitablanca.ma\\\/?s={search_term_string}\"},\"query-input\":{\"@type\":\"PropertyValueSpecification\",\"valueRequired\":true,\"valueName\":\"search_term_string\"}}],\"inLanguage\":\"en-US\"},{\"@type\":\"Organization\",\"@id\":\"https:\\\/\\\/vitablanca.ma\\\/#organization\",\"name\":\"VitaBlanca\",\"url\":\"https:\\\/\\\/vitablanca.ma\\\/\",\"logo\":{\"@type\":\"ImageObject\",\"inLanguage\":\"en-US\",\"@id\":\"https:\\\/\\\/vitablanca.ma\\\/#\\\/schema\\\/logo\\\/image\\\/\",\"url\":\"https:\\\/\\\/vitablanca.ma\\\/wp-content\\\/uploads\\\/2025\\\/05\\\/cropped-vitablanca.png\",\"contentUrl\":\"https:\\\/\\\/vitablanca.ma\\\/wp-content\\\/uploads\\\/2025\\\/05\\\/cropped-vitablanca.png\",\"width\":360,\"height\":67,\"caption\":\"VitaBlanca\"},\"image\":{\"@id\":\"https:\\\/\\\/vitablanca.ma\\\/#\\\/schema\\\/logo\\\/image\\\/\"},\"sameAs\":[\"https:\\\/\\\/www.facebook.com\\\/profile.php?id=61576678196717\",\"https:\\\/\\\/www.tiktok.com\\\/@vitablanca.ma\",\"https:\\\/\\\/www.instagram.com\\\/vitablanca.ma\\\/\"]}]}<\/script>\n<!-- \/ Yoast SEO plugin. -->","yoast_head_json":{"title":"SVR PALPEBRAL By Topialyse Cream 15ml - New Formula - Morocco Price","description":"SVR PALPEBRAL By Topialyse Cream 15ml - New Formula","robots":{"index":"index","follow":"follow","max-snippet":"max-snippet:-1","max-image-preview":"max-image-preview:large","max-video-preview":"max-video-preview:-1"},"canonical":"https:\/\/vitablanca.ma\/en\/product\/svr-palpebral-by-topialyse-creme-15ml-nouvelle-formule\/","og_locale":"en_US","og_type":"article","og_title":"SVR PALPEBRAL By Topialyse Cr\u00e8me 15ml - Nouvelle Formule - Maroc Prix","og_description":"SVR PALPEBRAL By Topialyse Cr\u00e8me 15ml - Nouvelle Formule","og_url":"https:\/\/vitablanca.ma\/en\/product\/svr-palpebral-by-topialyse-creme-15ml-nouvelle-formule\/","og_site_name":"Vitablanca.ma &ndash; Sant&eacute;, vitalit&eacute; et bien-&ecirc;tre pour tous les Marocains","article_publisher":"https:\/\/www.facebook.com\/profile.php?id=61576678196717","article_modified_time":"2026-01-21T17:42:32+00:00","og_image":[{"width":1000,"height":1000,"url":"https:\/\/vitablanca.ma\/wp-content\/uploads\/2025\/06\/SVR-PALPEBRAL-By-Topialyse-Creme-15ml-nova-parapharmacie-casablanca.jpg","type":"image\/jpeg"}],"twitter_card":"summary_large_image","twitter_misc":{"Est. reading time":"2 minutes"},"schema":{"@context":"https:\/\/schema.org","@graph":[{"@type":["WebPage","ItemPage"],"@id":"https:\/\/vitablanca.ma\/produit\/svr-palpebral-by-topialyse-creme-15ml-nouvelle-formule\/","url":"https:\/\/vitablanca.ma\/produit\/svr-palpebral-by-topialyse-creme-15ml-nouvelle-formule\/","name":"SVR PALPEBRAL By Topialyse Cream 15ml - New Formula - Morocco Price","isPartOf":{"@id":"https:\/\/vitablanca.ma\/#website"},"primaryImageOfPage":{"@id":"https:\/\/vitablanca.ma\/produit\/svr-palpebral-by-topialyse-creme-15ml-nouvelle-formule\/#primaryimage"},"image":{"@id":"https:\/\/vitablanca.ma\/produit\/svr-palpebral-by-topialyse-creme-15ml-nouvelle-formule\/#primaryimage"},"thumbnailUrl":"https:\/\/vitablanca.ma\/wp-content\/uploads\/2025\/06\/SVR-PALPEBRAL-By-Topialyse-Creme-15ml-nova-parapharmacie-casablanca.jpg","datePublished":"2025-06-11T21:30:19+00:00","dateModified":"2026-01-21T17:42:32+00:00","description":"SVR PALPEBRAL By Topialyse Cream 15ml - New Formula","breadcrumb":{"@id":"https:\/\/vitablanca.ma\/produit\/svr-palpebral-by-topialyse-creme-15ml-nouvelle-formule\/#breadcrumb"},"inLanguage":"en-US","potentialAction":[{"@type":"ReadAction","target":["https:\/\/vitablanca.ma\/produit\/svr-palpebral-by-topialyse-creme-15ml-nouvelle-formule\/"]}]},{"@type":"ImageObject","inLanguage":"en-US","@id":"https:\/\/vitablanca.ma\/produit\/svr-palpebral-by-topialyse-creme-15ml-nouvelle-formule\/#primaryimage","url":"https:\/\/vitablanca.ma\/wp-content\/uploads\/2025\/06\/SVR-PALPEBRAL-By-Topialyse-Creme-15ml-nova-parapharmacie-casablanca.jpg","contentUrl":"https:\/\/vitablanca.ma\/wp-content\/uploads\/2025\/06\/SVR-PALPEBRAL-By-Topialyse-Creme-15ml-nova-parapharmacie-casablanca.jpg","width":1000,"height":1000},{"@type":"BreadcrumbList","@id":"https:\/\/vitablanca.ma\/produit\/svr-palpebral-by-topialyse-creme-15ml-nouvelle-formule\/#breadcrumb","itemListElement":[{"@type":"ListItem","position":1,"name":"Home","item":"https:\/\/vitablanca.ma\/"},{"@type":"ListItem","position":2,"name":"Tous Les Produits","item":"https:\/\/vitablanca.ma\/tous-les-produits\/"},{"@type":"ListItem","position":3,"name":"SVR PALPEBRAL By Topialyse Cr\u00e8me 15ml &#8211; Nouvelle Formule"}]},{"@type":"WebSite","@id":"https:\/\/vitablanca.ma\/#website","url":"https:\/\/vitablanca.ma\/","name":"VitaBlanca.ma | Food supplements, health &amp; beauty in Morocco","description":"sell premium vitamins and supplements from USA &amp; Canada, New Zealand, Morocco (NOW Foods, Solgar, Manuka). Fast delivery anywhere in Morocco.","publisher":{"@id":"https:\/\/vitablanca.ma\/#organization"},"alternateName":"VitaBlanca.ma","potentialAction":[{"@type":"SearchAction","target":{"@type":"EntryPoint","urlTemplate":"https:\/\/vitablanca.ma\/?s={search_term_string}"},"query-input":{"@type":"PropertyValueSpecification","valueRequired":true,"valueName":"search_term_string"}}],"inLanguage":"en-US"},{"@type":"Organization","@id":"https:\/\/vitablanca.ma\/#organization","name":"VitaBlanca","url":"https:\/\/vitablanca.ma\/","logo":{"@type":"ImageObject","inLanguage":"en-US","@id":"https:\/\/vitablanca.ma\/#\/schema\/logo\/image\/","url":"https:\/\/vitablanca.ma\/wp-content\/uploads\/2025\/05\/cropped-vitablanca.png","contentUrl":"https:\/\/vitablanca.ma\/wp-content\/uploads\/2025\/05\/cropped-vitablanca.png","width":360,"height":67,"caption":"VitaBlanca"},"image":{"@id":"https:\/\/vitablanca.ma\/#\/schema\/logo\/image\/"},"sameAs":["https:\/\/www.facebook.com\/profile.php?id=61576678196717","https:\/\/www.tiktok.com\/@vitablanca.ma","https:\/\/www.instagram.com\/vitablanca.ma\/"]}]}},"jetpack_sharing_enabled":true,"_links":{"self":[{"href":"https:\/\/vitablanca.ma\/en\/wp-json\/wp\/v2\/product\/21773","targetHints":{"allow":["GET"]}}],"collection":[{"href":"https:\/\/vitablanca.ma\/en\/wp-json\/wp\/v2\/product"}],"about":[{"href":"https:\/\/vitablanca.ma\/en\/wp-json\/wp\/v2\/types\/product"}],"wp:featuredmedia":[{"embeddable":true,"href":"https:\/\/vitablanca.ma\/en\/wp-json\/wp\/v2\/media\/21771"}],"wp:attachment":[{"href":"https:\/\/vitablanca.ma\/en\/wp-json\/wp\/v2\/media?parent=21773"}],"wp:term":[{"taxonomy":"product_brand","embeddable":true,"href":"https:\/\/vitablanca.ma\/en\/wp-json\/wp\/v2\/product_brand?post=21773"},{"taxonomy":"product_cat","embeddable":true,"href":"https:\/\/vitablanca.ma\/en\/wp-json\/wp\/v2\/product_cat?post=21773"},{"taxonomy":"product_tag","embeddable":true,"href":"https:\/\/vitablanca.ma\/en\/wp-json\/wp\/v2\/product_tag?post=21773"}],"curies":[{"name":"wp","href":"https:\/\/api.w.org\/{rel}","templated":true}]}}