{"id":21753,"date":"2025-06-11T21:29:58","date_gmt":"2025-06-11T21:29:58","guid":{"rendered":"https:\/\/vitablanca.ma\/product\/roge-cavailles-lait-bain-douche-lhydratant-400ml\/"},"modified":"2026-02-08T22:42:57","modified_gmt":"2026-02-08T22:42:57","slug":"roge-cavailles-lait-bain-douche-lhydratant-400ml","status":"publish","type":"product","link":"https:\/\/vitablanca.ma\/en\/product\/roge-cavailles-lait-bain-douche-lhydratant-400ml\/","title":{"rendered":"Rog\u00e9 Cavailles Shower Milk Moisturizer 400ml"},"content":{"rendered":"<h2 data-mce-fragment=\"1\">Rog\u00e9 Cavailles Moisturizing Bath and Shower Milk<\/h2>\n<div class=\"accordion collapse show\">\n<div class=\"accordion-body\">\n<div class=\"wysiwyg\">\n<p>Ideal for dry skin of the whole family<\/p>\n<\/div>\n<\/div>\n<\/div>\n<p data-mce-fragment=\"1\">The Moisturizing Bath and Shower Milk is enriched with active Surgras to cleanse sensitive and dry skin for the whole family. Whether you&#039;re young or old!<\/p>\n<ul>\n<li>Pro-Regenerating superfatting agents that help the skin&#039;s natural regeneration process<\/li>\n<li>A very gentle Body Milk formula for well-hydrated skin<\/li>\n<li>A creamy foam for a moment of regenerating pleasure in the shower or bath<\/li>\n<li>A delicate fragrance that seduces and regenerates the whole family<\/li>\n<\/ul>\n<h3>Instructions for use<\/h3>\n<div class=\"accordion collapse show\">\n<div class=\"accordion-body\">\n<div class=\"wysiwyg\">\n<p>In the shower or bath, apply the Bath and Shower Milk for dry skin to your wet skin. Lather, rinse, and your skin will be moisturized, protected, and more vibrant than ever.<\/p>\n<h3>Composition<\/h3>\n<div class=\"utilisation\">\n<div class=\"row\">\n<div class=\"col-md-8\">\n<div id=\"accordion-product\">\n<div class=\"accordion collapse show\">\n<div class=\"accordion-body\">\n<div>\n<p>Aqua, Sodium Trideceth Sulfate, Prunus Amygdalus Dulcis Oil, Sodium Chloride, Glycerin, Sodium Lauroamphoacetate, Cocamide MEA, Olea Europaea Fruit Oil, Lactose, Tocopheryl Acetate, Olive oil PEG-7 Esters, Whey Protein, Citric Acid, Parfum, C18-C22 Hydroxyalkyl Hydroxypropyl Guar, Sodium Benzoate, Imidazolidinyl Urea, DMDM Hydantoin, Disodium EDTA, Sodium Hydroxide<\/p>\n<\/div>\n<\/div>\n<\/div>\n<\/div>\n<\/div>\n<\/div>\n<\/div>\n<\/div>\n<\/div>\n<\/div>","protected":false},"excerpt":{"rendered":"<p>Rog\u00e9 Cavaill\u00e9s Lait Bain Douche L\u2019Hydratant Id\u00e9al pour les peaux s\u00e8ches de toute la famille Le Lait Bain Douche L\u2019Hydratant est enrichi en Surgras actif pour nettoyer les peaux sensibles et s\u00e8ches de toute la famille. Que l\u2019on soit petit ou grand ! Des agents surgras Pro-R\u00e9g\u00e9n\u00e9rant qui aident le processus naturel de r\u00e9g\u00e9n\u00e9ration de [&hellip;]<\/p>\n","protected":false},"featured_media":21751,"template":"","meta":{"om_disable_all_campaigns":false},"product_brand":[],"product_cat":[15],"product_tag":[8779,8777,8775,8574,8776,6178,6957,4932,6176,8573,8778,6230],"class_list":{"0":"post-21753","1":"product","2":"type-product","3":"status-publish","4":"has-post-thumbnail","6":"product_cat-beaute-sante-complements-alimentaires-soins-et-bien-etre-au-meilleur-prix","7":"product_tag-bain-et-douche","8":"product_tag-famille","9":"product_tag-hydratant-corps","10":"product_tag-lait-bain-douche","11":"product_tag-lait-surgras","12":"product_tag-nettoyage-doux","13":"product_tag-parapharmacie","14":"product_tag-peau-seche","15":"product_tag-peau-sensible","16":"product_tag-roge-cavailles","17":"product_tag-roge-cavailles-hydratation","18":"product_tag-soin-quotidien","20":"first","21":"instock","22":"sale","23":"taxable","24":"shipping-taxable","25":"purchasable","26":"product-type-simple"},"yoast_head":"<!-- This site is optimized with the Yoast SEO plugin v27.4 - https:\/\/yoast.com\/product\/yoast-seo-wordpress\/ -->\n<title>Rog\u00e9 Cavaill\u00e9s Lait Bain Douche L\u2019Hydratant 400ml - Maroc Prix<\/title>\n<meta name=\"description\" content=\"Rog\u00e9 Cavaill\u00e8s Lait Bain Douche L\u2019Hydratant 400ml nettoie et hydrate intens\u00e9ment les peaux s\u00e8ches et sensibles pour une douceur et un confort quotidien.\" \/>\n<meta name=\"robots\" content=\"index, follow, max-snippet:-1, max-image-preview:large, max-video-preview:-1\" \/>\n<link rel=\"canonical\" href=\"https:\/\/vitablanca.ma\/en\/product\/roge-cavailles-lait-bain-douche-lhydratant-400ml\/\" \/>\n<meta property=\"og:locale\" content=\"en_US\" \/>\n<meta property=\"og:type\" content=\"article\" \/>\n<meta property=\"og:title\" content=\"Rog\u00e9 Cavaill\u00e9s Lait Bain Douche L\u2019Hydratant 400ml - Maroc Prix\" \/>\n<meta property=\"og:description\" content=\"Rog\u00e9 Cavaill\u00e8s Lait Bain Douche L\u2019Hydratant 400ml nettoie et hydrate intens\u00e9ment les peaux s\u00e8ches et sensibles pour une douceur et un confort quotidien.\" \/>\n<meta property=\"og:url\" content=\"https:\/\/vitablanca.ma\/en\/product\/roge-cavailles-lait-bain-douche-lhydratant-400ml\/\" \/>\n<meta property=\"og:site_name\" content=\"Vitablanca.ma &ndash; Sant&eacute;, vitalit&eacute; et bien-&ecirc;tre pour tous les Marocains\" \/>\n<meta property=\"article:publisher\" content=\"https:\/\/www.facebook.com\/profile.php?id=61576678196717\" \/>\n<meta property=\"article:modified_time\" content=\"2026-02-08T22:42:57+00:00\" \/>\n<meta property=\"og:image\" content=\"https:\/\/vitablanca.ma\/wp-content\/uploads\/2025\/06\/Roge-Cavailles-Lait-Bain-Douche-L_Hydratant-400ml-nova-parapharmacie-maroc.jpg\" \/>\n\t<meta property=\"og:image:width\" content=\"1000\" \/>\n\t<meta property=\"og:image:height\" content=\"1000\" \/>\n\t<meta property=\"og:image:type\" content=\"image\/jpeg\" \/>\n<meta name=\"twitter:card\" content=\"summary_large_image\" \/>\n<meta name=\"twitter:label1\" content=\"Est. reading time\" \/>\n\t<meta name=\"twitter:data1\" content=\"2 minutes\" \/>\n<script type=\"application\/ld+json\" class=\"yoast-schema-graph\">{\"@context\":\"https:\\\/\\\/schema.org\",\"@graph\":[{\"@type\":[\"WebPage\",\"ItemPage\"],\"@id\":\"https:\\\/\\\/vitablanca.ma\\\/produit\\\/roge-cavailles-lait-bain-douche-lhydratant-400ml\\\/\",\"url\":\"https:\\\/\\\/vitablanca.ma\\\/produit\\\/roge-cavailles-lait-bain-douche-lhydratant-400ml\\\/\",\"name\":\"Rog\u00e9 Cavaill\u00e9s Lait Bain Douche L\u2019Hydratant 400ml - Maroc Prix\",\"isPartOf\":{\"@id\":\"https:\\\/\\\/vitablanca.ma\\\/#website\"},\"primaryImageOfPage\":{\"@id\":\"https:\\\/\\\/vitablanca.ma\\\/produit\\\/roge-cavailles-lait-bain-douche-lhydratant-400ml\\\/#primaryimage\"},\"image\":{\"@id\":\"https:\\\/\\\/vitablanca.ma\\\/produit\\\/roge-cavailles-lait-bain-douche-lhydratant-400ml\\\/#primaryimage\"},\"thumbnailUrl\":\"https:\\\/\\\/vitablanca.ma\\\/wp-content\\\/uploads\\\/2025\\\/06\\\/Roge-Cavailles-Lait-Bain-Douche-L_Hydratant-400ml-nova-parapharmacie-maroc.jpg\",\"datePublished\":\"2025-06-11T21:29:58+00:00\",\"dateModified\":\"2026-02-08T22:42:57+00:00\",\"description\":\"Rog\u00e9 Cavaill\u00e8s Lait Bain Douche L\u2019Hydratant 400ml nettoie et hydrate intens\u00e9ment les peaux s\u00e8ches et sensibles pour une douceur et un confort quotidien.\",\"breadcrumb\":{\"@id\":\"https:\\\/\\\/vitablanca.ma\\\/produit\\\/roge-cavailles-lait-bain-douche-lhydratant-400ml\\\/#breadcrumb\"},\"inLanguage\":\"en-US\",\"potentialAction\":[{\"@type\":\"ReadAction\",\"target\":[\"https:\\\/\\\/vitablanca.ma\\\/produit\\\/roge-cavailles-lait-bain-douche-lhydratant-400ml\\\/\"]}]},{\"@type\":\"ImageObject\",\"inLanguage\":\"en-US\",\"@id\":\"https:\\\/\\\/vitablanca.ma\\\/produit\\\/roge-cavailles-lait-bain-douche-lhydratant-400ml\\\/#primaryimage\",\"url\":\"https:\\\/\\\/vitablanca.ma\\\/wp-content\\\/uploads\\\/2025\\\/06\\\/Roge-Cavailles-Lait-Bain-Douche-L_Hydratant-400ml-nova-parapharmacie-maroc.jpg\",\"contentUrl\":\"https:\\\/\\\/vitablanca.ma\\\/wp-content\\\/uploads\\\/2025\\\/06\\\/Roge-Cavailles-Lait-Bain-Douche-L_Hydratant-400ml-nova-parapharmacie-maroc.jpg\",\"width\":1000,\"height\":1000},{\"@type\":\"BreadcrumbList\",\"@id\":\"https:\\\/\\\/vitablanca.ma\\\/produit\\\/roge-cavailles-lait-bain-douche-lhydratant-400ml\\\/#breadcrumb\",\"itemListElement\":[{\"@type\":\"ListItem\",\"position\":1,\"name\":\"Home\",\"item\":\"https:\\\/\\\/vitablanca.ma\\\/\"},{\"@type\":\"ListItem\",\"position\":2,\"name\":\"Tous Les Produits\",\"item\":\"https:\\\/\\\/vitablanca.ma\\\/tous-les-produits\\\/\"},{\"@type\":\"ListItem\",\"position\":3,\"name\":\"Rog\u00e9 Cavaill\u00e9s Lait Bain Douche L\u2019Hydratant 400ml\"}]},{\"@type\":\"WebSite\",\"@id\":\"https:\\\/\\\/vitablanca.ma\\\/#website\",\"url\":\"https:\\\/\\\/vitablanca.ma\\\/\",\"name\":\"VitaBlanca.ma | Compl\u00e9ments alimentaires, sant\u00e9 & beaut\u00e9 au Maroc\",\"description\":\"vendre vitamines et compl\u00e9ments premium des USA &amp; Canada, Nouvelle Z\u00e9lande,Maroc (NOW Foods, Solgar, Manuka). Livraison rapide partout au Maroc.\",\"publisher\":{\"@id\":\"https:\\\/\\\/vitablanca.ma\\\/#organization\"},\"alternateName\":\"VitaBlanca.ma\",\"potentialAction\":[{\"@type\":\"SearchAction\",\"target\":{\"@type\":\"EntryPoint\",\"urlTemplate\":\"https:\\\/\\\/vitablanca.ma\\\/?s={search_term_string}\"},\"query-input\":{\"@type\":\"PropertyValueSpecification\",\"valueRequired\":true,\"valueName\":\"search_term_string\"}}],\"inLanguage\":\"en-US\"},{\"@type\":\"Organization\",\"@id\":\"https:\\\/\\\/vitablanca.ma\\\/#organization\",\"name\":\"VitaBlanca\",\"url\":\"https:\\\/\\\/vitablanca.ma\\\/\",\"logo\":{\"@type\":\"ImageObject\",\"inLanguage\":\"en-US\",\"@id\":\"https:\\\/\\\/vitablanca.ma\\\/#\\\/schema\\\/logo\\\/image\\\/\",\"url\":\"https:\\\/\\\/vitablanca.ma\\\/wp-content\\\/uploads\\\/2025\\\/05\\\/cropped-vitablanca.png\",\"contentUrl\":\"https:\\\/\\\/vitablanca.ma\\\/wp-content\\\/uploads\\\/2025\\\/05\\\/cropped-vitablanca.png\",\"width\":360,\"height\":67,\"caption\":\"VitaBlanca\"},\"image\":{\"@id\":\"https:\\\/\\\/vitablanca.ma\\\/#\\\/schema\\\/logo\\\/image\\\/\"},\"sameAs\":[\"https:\\\/\\\/www.facebook.com\\\/profile.php?id=61576678196717\",\"https:\\\/\\\/www.tiktok.com\\\/@vitablanca.ma\",\"https:\\\/\\\/www.instagram.com\\\/vitablanca.ma\\\/\"]}]}<\/script>\n<!-- \/ Yoast SEO plugin. -->","yoast_head_json":{"title":"Rog\u00e9 Cavailles Shower Milk Moisturizer 400ml - Morocco Price","description":"Rog\u00e9 Cavaill\u00e8s Lait Bain Douche L\u2019Hydratant 400ml nettoie et hydrate intens\u00e9ment les peaux s\u00e8ches et sensibles pour une douceur et un confort quotidien.","robots":{"index":"index","follow":"follow","max-snippet":"max-snippet:-1","max-image-preview":"max-image-preview:large","max-video-preview":"max-video-preview:-1"},"canonical":"https:\/\/vitablanca.ma\/en\/product\/roge-cavailles-lait-bain-douche-lhydratant-400ml\/","og_locale":"en_US","og_type":"article","og_title":"Rog\u00e9 Cavaill\u00e9s Lait Bain Douche L\u2019Hydratant 400ml - Maroc Prix","og_description":"Rog\u00e9 Cavaill\u00e8s Lait Bain Douche L\u2019Hydratant 400ml nettoie et hydrate intens\u00e9ment les peaux s\u00e8ches et sensibles pour une douceur et un confort quotidien.","og_url":"https:\/\/vitablanca.ma\/en\/product\/roge-cavailles-lait-bain-douche-lhydratant-400ml\/","og_site_name":"Vitablanca.ma &ndash; Sant&eacute;, vitalit&eacute; et bien-&ecirc;tre pour tous les Marocains","article_publisher":"https:\/\/www.facebook.com\/profile.php?id=61576678196717","article_modified_time":"2026-02-08T22:42:57+00:00","og_image":[{"width":1000,"height":1000,"url":"https:\/\/vitablanca.ma\/wp-content\/uploads\/2025\/06\/Roge-Cavailles-Lait-Bain-Douche-L_Hydratant-400ml-nova-parapharmacie-maroc.jpg","type":"image\/jpeg"}],"twitter_card":"summary_large_image","twitter_misc":{"Est. reading time":"2 minutes"},"schema":{"@context":"https:\/\/schema.org","@graph":[{"@type":["WebPage","ItemPage"],"@id":"https:\/\/vitablanca.ma\/produit\/roge-cavailles-lait-bain-douche-lhydratant-400ml\/","url":"https:\/\/vitablanca.ma\/produit\/roge-cavailles-lait-bain-douche-lhydratant-400ml\/","name":"Rog\u00e9 Cavailles Shower Milk Moisturizer 400ml - Morocco Price","isPartOf":{"@id":"https:\/\/vitablanca.ma\/#website"},"primaryImageOfPage":{"@id":"https:\/\/vitablanca.ma\/produit\/roge-cavailles-lait-bain-douche-lhydratant-400ml\/#primaryimage"},"image":{"@id":"https:\/\/vitablanca.ma\/produit\/roge-cavailles-lait-bain-douche-lhydratant-400ml\/#primaryimage"},"thumbnailUrl":"https:\/\/vitablanca.ma\/wp-content\/uploads\/2025\/06\/Roge-Cavailles-Lait-Bain-Douche-L_Hydratant-400ml-nova-parapharmacie-maroc.jpg","datePublished":"2025-06-11T21:29:58+00:00","dateModified":"2026-02-08T22:42:57+00:00","description":"Rog\u00e9 Cavaill\u00e8s Lait Bain Douche L\u2019Hydratant 400ml nettoie et hydrate intens\u00e9ment les peaux s\u00e8ches et sensibles pour une douceur et un confort quotidien.","breadcrumb":{"@id":"https:\/\/vitablanca.ma\/produit\/roge-cavailles-lait-bain-douche-lhydratant-400ml\/#breadcrumb"},"inLanguage":"en-US","potentialAction":[{"@type":"ReadAction","target":["https:\/\/vitablanca.ma\/produit\/roge-cavailles-lait-bain-douche-lhydratant-400ml\/"]}]},{"@type":"ImageObject","inLanguage":"en-US","@id":"https:\/\/vitablanca.ma\/produit\/roge-cavailles-lait-bain-douche-lhydratant-400ml\/#primaryimage","url":"https:\/\/vitablanca.ma\/wp-content\/uploads\/2025\/06\/Roge-Cavailles-Lait-Bain-Douche-L_Hydratant-400ml-nova-parapharmacie-maroc.jpg","contentUrl":"https:\/\/vitablanca.ma\/wp-content\/uploads\/2025\/06\/Roge-Cavailles-Lait-Bain-Douche-L_Hydratant-400ml-nova-parapharmacie-maroc.jpg","width":1000,"height":1000},{"@type":"BreadcrumbList","@id":"https:\/\/vitablanca.ma\/produit\/roge-cavailles-lait-bain-douche-lhydratant-400ml\/#breadcrumb","itemListElement":[{"@type":"ListItem","position":1,"name":"Home","item":"https:\/\/vitablanca.ma\/"},{"@type":"ListItem","position":2,"name":"Tous Les Produits","item":"https:\/\/vitablanca.ma\/tous-les-produits\/"},{"@type":"ListItem","position":3,"name":"Rog\u00e9 Cavaill\u00e9s Lait Bain Douche L\u2019Hydratant 400ml"}]},{"@type":"WebSite","@id":"https:\/\/vitablanca.ma\/#website","url":"https:\/\/vitablanca.ma\/","name":"VitaBlanca.ma | Food supplements, health &amp; beauty in Morocco","description":"sell premium vitamins and supplements from USA &amp; Canada, New Zealand, Morocco (NOW Foods, Solgar, Manuka). Fast delivery anywhere in Morocco.","publisher":{"@id":"https:\/\/vitablanca.ma\/#organization"},"alternateName":"VitaBlanca.ma","potentialAction":[{"@type":"SearchAction","target":{"@type":"EntryPoint","urlTemplate":"https:\/\/vitablanca.ma\/?s={search_term_string}"},"query-input":{"@type":"PropertyValueSpecification","valueRequired":true,"valueName":"search_term_string"}}],"inLanguage":"en-US"},{"@type":"Organization","@id":"https:\/\/vitablanca.ma\/#organization","name":"VitaBlanca","url":"https:\/\/vitablanca.ma\/","logo":{"@type":"ImageObject","inLanguage":"en-US","@id":"https:\/\/vitablanca.ma\/#\/schema\/logo\/image\/","url":"https:\/\/vitablanca.ma\/wp-content\/uploads\/2025\/05\/cropped-vitablanca.png","contentUrl":"https:\/\/vitablanca.ma\/wp-content\/uploads\/2025\/05\/cropped-vitablanca.png","width":360,"height":67,"caption":"VitaBlanca"},"image":{"@id":"https:\/\/vitablanca.ma\/#\/schema\/logo\/image\/"},"sameAs":["https:\/\/www.facebook.com\/profile.php?id=61576678196717","https:\/\/www.tiktok.com\/@vitablanca.ma","https:\/\/www.instagram.com\/vitablanca.ma\/"]}]}},"jetpack_sharing_enabled":true,"_links":{"self":[{"href":"https:\/\/vitablanca.ma\/en\/wp-json\/wp\/v2\/product\/21753","targetHints":{"allow":["GET"]}}],"collection":[{"href":"https:\/\/vitablanca.ma\/en\/wp-json\/wp\/v2\/product"}],"about":[{"href":"https:\/\/vitablanca.ma\/en\/wp-json\/wp\/v2\/types\/product"}],"wp:featuredmedia":[{"embeddable":true,"href":"https:\/\/vitablanca.ma\/en\/wp-json\/wp\/v2\/media\/21751"}],"wp:attachment":[{"href":"https:\/\/vitablanca.ma\/en\/wp-json\/wp\/v2\/media?parent=21753"}],"wp:term":[{"taxonomy":"product_brand","embeddable":true,"href":"https:\/\/vitablanca.ma\/en\/wp-json\/wp\/v2\/product_brand?post=21753"},{"taxonomy":"product_cat","embeddable":true,"href":"https:\/\/vitablanca.ma\/en\/wp-json\/wp\/v2\/product_cat?post=21753"},{"taxonomy":"product_tag","embeddable":true,"href":"https:\/\/vitablanca.ma\/en\/wp-json\/wp\/v2\/product_tag?post=21753"}],"curies":[{"name":"wp","href":"https:\/\/api.w.org\/{rel}","templated":true}]}}