{"id":21752,"date":"2025-06-11T21:29:57","date_gmt":"2025-06-11T21:29:57","guid":{"rendered":"https:\/\/vitablanca.ma\/product\/svr-sebiaclear-hydra-40ml\/"},"modified":"2026-02-08T22:44:50","modified_gmt":"2026-02-08T22:44:50","slug":"svr-sebiaclear-hydra-40ml","status":"publish","type":"product","link":"https:\/\/vitablanca.ma\/en\/product\/svr-sebiaclear-hydra-40ml\/","title":{"rendered":"SVR SEBIACLEAR Hydra 40ml"},"content":{"rendered":"<h2>SVR SEBIACLEAR Hydra\u00a0<span data-mce-fragment=\"1\">Soothing anti-mark repair treatment.<\/span><\/h2>\n<p><span data-mce-fragment=\"1\">SEBIACLEAR Hydra is the first soothing repair treatment with anti-mark effectiveness, specifically developed for acne-prone skin undergoing drying treatment.<br \/>\n40ml.<\/span><\/p>\n<div class=\"product__content\">\n<div class=\"product__tab expanded\" data-drawer-container=\"\">\n<h3 class=\"product__tab-header\">For whom? For what?<\/h3>\n<div class=\"product__tab-content\" data-drawer-content=\"\">\n<p>Acne-prone skin under drying treatments.<\/p>\n<p>HYDRA is the true ally of skin undergoing anti-acne treatments.<\/p>\n<p>More than a compensating moisturizer, SEBIACLEAR HYDRA deeply repairs the skin and also fights imperfections and residual red and brown marks.<\/p>\n<p>Its unique micro-aerated cream-to-foam texture melts into the skin upon application. This treatment absorbs easily for a velvety, non-greasy finish. Excellent makeup base<\/p>\n<p><strong>PROVEN EFFECTIVENESS ON ACNE-PRONE SKIN UNDER TREATMENT<\/strong><br \/>\n\u2022 Red and brown marks<strong>\u00a0-41%<\/strong><sup>(1)<\/sup><br \/>\n\u2022 Flaking and dryness:<strong>\u00a0-53%<\/strong><sup>(1)<\/sup><br \/>\n\u2022 Hydration at 48 hours:\u00a0<strong>+73%<\/strong><sup>(2)<\/sup><br \/>\n\u2022 Immediate soothing effect:\u00a0<strong>+34%<\/strong><sup>(3)<\/sup><\/p>\n<div class=\"product__tab expanded\" data-drawer-container=\"\">\n<h3 class=\"product__tab-header\">How does it work?<\/h3>\n<div class=\"product__tab-content\" data-drawer-content=\"\">\n<p>People with acne-prone skin undergoing treatment have dry, weakened skin. To offset the effects of treatment, SEBIACLEAR HYDRA provides daily comfort and hydration, while combating imperfections and marks.<\/p>\n<p>This treatment with physiological pH is suitable for all skin types, even the most sensitive. Hypoallergenic, non-comedogenic.<\/p>\n<p><strong>Hydrated skin thanks to a very high concentration of active ingredients:<br \/>\n<\/strong><\/p>\n<ul>\n<li><strong>\u2022\u00a0<strong>21% rich phase<\/strong>\u00a0for ultra-hydrated skin, including:<\/strong><\/li>\n<li><strong>\u2022\u00a0<strong>Omega ceramides at 8%\u00a0<\/strong>: Regulate skin dryness: roughness, flaking and dryness. They restore the skin&#039;s protective barrier<\/strong><\/li>\n<li><strong><strong>Hydrophilic sugars<\/strong>\u00a0: 72h moisturizer<sup>(3)<\/sup><\/strong><\/li>\n<li><strong><strong>5% Niacinamide<\/strong>\u00a0:\u00a0<\/strong><\/li>\n<li><strong>\u00a0 \u00a0 \u00a0 \u00a0\u2013 Anti-brown and red marks<\/strong><\/li>\n<li><strong>\u00a0 \u00a0 \u00a0 \u00a0\u2013 Slows down bacterial proliferation and eliminates imperfections caused by inflammation.\u00a0<\/strong><\/li>\n<\/ul>\n<div class=\"product__tab expanded\" data-drawer-container=\"\">\n<h3 class=\"product__tab-header\">How to use it?<\/h3>\n<div class=\"product__tab-content\" data-drawer-content=\"\">\n<p>Apply morning and\/or evening after treatments to skin previously cleansed with Sebiaclear Micellar Water.<\/p>\n<\/div>\n<\/div>\n<\/div>\n<\/div>\n<\/div>\n<\/div>\n<\/div>","protected":false},"excerpt":{"rendered":"<p>SVR SEBIACLEAR Hydra\u00a0Soin r\u00e9parateur apaisant anti-marques. SEBIACLEAR Hydra est le 1er soin r\u00e9parateur apaisant \u00e0 l\u2019efficacit\u00e9 anti-marques, sp\u00e9cifiquement d\u00e9velopp\u00e9 pour les peaux \u00e0 tendance acn\u00e9ique sous traitement dess\u00e9chant. 40ml. Pour qui ? Pour quoi ? Peaux \u00e0 tendance acn\u00e9ique sous traitements dess\u00e9chants. HYDRA est le v\u00e9ritable alli\u00e9 des peaux sous traitements anti-acn\u00e9iques. Plus qu\u2019un hydratant [&hellip;]<\/p>\n","protected":false},"featured_media":21750,"template":"","meta":{"om_disable_all_campaigns":false},"product_brand":[5981],"product_cat":[18,15],"product_tag":[5982,5983,5984,5988,5987,5986,5985],"class_list":{"0":"post-21752","1":"product","2":"type-product","3":"status-publish","4":"has-post-thumbnail","6":"product_brand-svr-original-maroc-au-meilleur-prix","7":"product_cat-beaute-sante","8":"product_cat-beaute-sante-complements-alimentaires-soins-et-bien-etre-au-meilleur-prix","9":"product_tag-laboratoire-svr","10":"product_tag-marque-dermatologique-francaise","11":"product_tag-produits-svr-originaux","12":"product_tag-sun-secure-svr","13":"product_tag-svr","14":"product_tag-svr-laboratoire-dermatologique","15":"product_tag-svr-maroc","17":"first","18":"instock","19":"sale","20":"taxable","21":"shipping-taxable","22":"purchasable","23":"product-type-simple"},"yoast_head":"<!-- This site is optimized with the Yoast SEO plugin v27.4 - https:\/\/yoast.com\/product\/yoast-seo-wordpress\/ -->\n<title>SVR SEBIACLEAR Hydra 40ml - Maroc Prix<\/title>\n<meta name=\"description\" content=\"SVR Sebiaclear Hydra 40ml hydrate les peaux mixtes \u00e0 grasses, r\u00e9gule le s\u00e9bum et pr\u00e9vient boutons et imperfections pour un fini mat et confortable.\" \/>\n<meta name=\"robots\" content=\"index, follow, max-snippet:-1, max-image-preview:large, max-video-preview:-1\" \/>\n<link rel=\"canonical\" href=\"https:\/\/vitablanca.ma\/en\/product\/svr-sebiaclear-hydra-40ml\/\" \/>\n<meta property=\"og:locale\" content=\"en_US\" \/>\n<meta property=\"og:type\" content=\"article\" \/>\n<meta property=\"og:title\" content=\"SVR SEBIACLEAR Hydra 40ml - Maroc Prix\" \/>\n<meta property=\"og:description\" content=\"SVR Sebiaclear Hydra 40ml hydrate les peaux mixtes \u00e0 grasses, r\u00e9gule le s\u00e9bum et pr\u00e9vient boutons et imperfections pour un fini mat et confortable.\" \/>\n<meta property=\"og:url\" content=\"https:\/\/vitablanca.ma\/en\/product\/svr-sebiaclear-hydra-40ml\/\" \/>\n<meta property=\"og:site_name\" content=\"Vitablanca.ma &ndash; Sant&eacute;, vitalit&eacute; et bien-&ecirc;tre pour tous les Marocains\" \/>\n<meta property=\"article:publisher\" content=\"https:\/\/www.facebook.com\/profile.php?id=61576678196717\" \/>\n<meta property=\"article:modified_time\" content=\"2026-02-08T22:44:50+00:00\" \/>\n<meta property=\"og:image\" content=\"https:\/\/vitablanca.ma\/wp-content\/uploads\/2025\/06\/SVR-SEBIACLEAR-Hydra-40ml-nova-parapharmacie-casablanca.jpg\" \/>\n\t<meta property=\"og:image:width\" content=\"1000\" \/>\n\t<meta property=\"og:image:height\" content=\"1000\" \/>\n\t<meta property=\"og:image:type\" content=\"image\/jpeg\" \/>\n<meta name=\"twitter:card\" content=\"summary_large_image\" \/>\n<meta name=\"twitter:label1\" content=\"Est. reading time\" \/>\n\t<meta name=\"twitter:data1\" content=\"2 minutes\" \/>\n<script type=\"application\/ld+json\" class=\"yoast-schema-graph\">{\"@context\":\"https:\\\/\\\/schema.org\",\"@graph\":[{\"@type\":[\"WebPage\",\"ItemPage\"],\"@id\":\"https:\\\/\\\/vitablanca.ma\\\/produit\\\/svr-sebiaclear-hydra-40ml\\\/\",\"url\":\"https:\\\/\\\/vitablanca.ma\\\/produit\\\/svr-sebiaclear-hydra-40ml\\\/\",\"name\":\"SVR SEBIACLEAR Hydra 40ml - Maroc Prix\",\"isPartOf\":{\"@id\":\"https:\\\/\\\/vitablanca.ma\\\/#website\"},\"primaryImageOfPage\":{\"@id\":\"https:\\\/\\\/vitablanca.ma\\\/produit\\\/svr-sebiaclear-hydra-40ml\\\/#primaryimage\"},\"image\":{\"@id\":\"https:\\\/\\\/vitablanca.ma\\\/produit\\\/svr-sebiaclear-hydra-40ml\\\/#primaryimage\"},\"thumbnailUrl\":\"https:\\\/\\\/vitablanca.ma\\\/wp-content\\\/uploads\\\/2025\\\/06\\\/SVR-SEBIACLEAR-Hydra-40ml-nova-parapharmacie-casablanca.jpg\",\"datePublished\":\"2025-06-11T21:29:57+00:00\",\"dateModified\":\"2026-02-08T22:44:50+00:00\",\"description\":\"SVR Sebiaclear Hydra 40ml hydrate les peaux mixtes \u00e0 grasses, r\u00e9gule le s\u00e9bum et pr\u00e9vient boutons et imperfections pour un fini mat et confortable.\",\"breadcrumb\":{\"@id\":\"https:\\\/\\\/vitablanca.ma\\\/produit\\\/svr-sebiaclear-hydra-40ml\\\/#breadcrumb\"},\"inLanguage\":\"en-US\",\"potentialAction\":[{\"@type\":\"ReadAction\",\"target\":[\"https:\\\/\\\/vitablanca.ma\\\/produit\\\/svr-sebiaclear-hydra-40ml\\\/\"]}]},{\"@type\":\"ImageObject\",\"inLanguage\":\"en-US\",\"@id\":\"https:\\\/\\\/vitablanca.ma\\\/produit\\\/svr-sebiaclear-hydra-40ml\\\/#primaryimage\",\"url\":\"https:\\\/\\\/vitablanca.ma\\\/wp-content\\\/uploads\\\/2025\\\/06\\\/SVR-SEBIACLEAR-Hydra-40ml-nova-parapharmacie-casablanca.jpg\",\"contentUrl\":\"https:\\\/\\\/vitablanca.ma\\\/wp-content\\\/uploads\\\/2025\\\/06\\\/SVR-SEBIACLEAR-Hydra-40ml-nova-parapharmacie-casablanca.jpg\",\"width\":1000,\"height\":1000},{\"@type\":\"BreadcrumbList\",\"@id\":\"https:\\\/\\\/vitablanca.ma\\\/produit\\\/svr-sebiaclear-hydra-40ml\\\/#breadcrumb\",\"itemListElement\":[{\"@type\":\"ListItem\",\"position\":1,\"name\":\"Home\",\"item\":\"https:\\\/\\\/vitablanca.ma\\\/\"},{\"@type\":\"ListItem\",\"position\":2,\"name\":\"Tous Les Produits\",\"item\":\"https:\\\/\\\/vitablanca.ma\\\/tous-les-produits\\\/\"},{\"@type\":\"ListItem\",\"position\":3,\"name\":\"SVR SEBIACLEAR Hydra 40ml\"}]},{\"@type\":\"WebSite\",\"@id\":\"https:\\\/\\\/vitablanca.ma\\\/#website\",\"url\":\"https:\\\/\\\/vitablanca.ma\\\/\",\"name\":\"VitaBlanca.ma | Compl\u00e9ments alimentaires, sant\u00e9 & beaut\u00e9 au Maroc\",\"description\":\"vendre vitamines et compl\u00e9ments premium des USA &amp; Canada, Nouvelle Z\u00e9lande,Maroc (NOW Foods, Solgar, Manuka). Livraison rapide partout au Maroc.\",\"publisher\":{\"@id\":\"https:\\\/\\\/vitablanca.ma\\\/#organization\"},\"alternateName\":\"VitaBlanca.ma\",\"potentialAction\":[{\"@type\":\"SearchAction\",\"target\":{\"@type\":\"EntryPoint\",\"urlTemplate\":\"https:\\\/\\\/vitablanca.ma\\\/?s={search_term_string}\"},\"query-input\":{\"@type\":\"PropertyValueSpecification\",\"valueRequired\":true,\"valueName\":\"search_term_string\"}}],\"inLanguage\":\"en-US\"},{\"@type\":\"Organization\",\"@id\":\"https:\\\/\\\/vitablanca.ma\\\/#organization\",\"name\":\"VitaBlanca\",\"url\":\"https:\\\/\\\/vitablanca.ma\\\/\",\"logo\":{\"@type\":\"ImageObject\",\"inLanguage\":\"en-US\",\"@id\":\"https:\\\/\\\/vitablanca.ma\\\/#\\\/schema\\\/logo\\\/image\\\/\",\"url\":\"https:\\\/\\\/vitablanca.ma\\\/wp-content\\\/uploads\\\/2025\\\/05\\\/cropped-vitablanca.png\",\"contentUrl\":\"https:\\\/\\\/vitablanca.ma\\\/wp-content\\\/uploads\\\/2025\\\/05\\\/cropped-vitablanca.png\",\"width\":360,\"height\":67,\"caption\":\"VitaBlanca\"},\"image\":{\"@id\":\"https:\\\/\\\/vitablanca.ma\\\/#\\\/schema\\\/logo\\\/image\\\/\"},\"sameAs\":[\"https:\\\/\\\/www.facebook.com\\\/profile.php?id=61576678196717\",\"https:\\\/\\\/www.tiktok.com\\\/@vitablanca.ma\",\"https:\\\/\\\/www.instagram.com\\\/vitablanca.ma\\\/\"]}]}<\/script>\n<!-- \/ Yoast SEO plugin. -->","yoast_head_json":{"title":"SVR SEBIACLEAR Hydra 40ml - Morocco Price","description":"SVR Sebiaclear Hydra 40ml hydrate les peaux mixtes \u00e0 grasses, r\u00e9gule le s\u00e9bum et pr\u00e9vient boutons et imperfections pour un fini mat et confortable.","robots":{"index":"index","follow":"follow","max-snippet":"max-snippet:-1","max-image-preview":"max-image-preview:large","max-video-preview":"max-video-preview:-1"},"canonical":"https:\/\/vitablanca.ma\/en\/product\/svr-sebiaclear-hydra-40ml\/","og_locale":"en_US","og_type":"article","og_title":"SVR SEBIACLEAR Hydra 40ml - Maroc Prix","og_description":"SVR Sebiaclear Hydra 40ml hydrate les peaux mixtes \u00e0 grasses, r\u00e9gule le s\u00e9bum et pr\u00e9vient boutons et imperfections pour un fini mat et confortable.","og_url":"https:\/\/vitablanca.ma\/en\/product\/svr-sebiaclear-hydra-40ml\/","og_site_name":"Vitablanca.ma &ndash; Sant&eacute;, vitalit&eacute; et bien-&ecirc;tre pour tous les Marocains","article_publisher":"https:\/\/www.facebook.com\/profile.php?id=61576678196717","article_modified_time":"2026-02-08T22:44:50+00:00","og_image":[{"width":1000,"height":1000,"url":"https:\/\/vitablanca.ma\/wp-content\/uploads\/2025\/06\/SVR-SEBIACLEAR-Hydra-40ml-nova-parapharmacie-casablanca.jpg","type":"image\/jpeg"}],"twitter_card":"summary_large_image","twitter_misc":{"Est. reading time":"2 minutes"},"schema":{"@context":"https:\/\/schema.org","@graph":[{"@type":["WebPage","ItemPage"],"@id":"https:\/\/vitablanca.ma\/produit\/svr-sebiaclear-hydra-40ml\/","url":"https:\/\/vitablanca.ma\/produit\/svr-sebiaclear-hydra-40ml\/","name":"SVR SEBIACLEAR Hydra 40ml - Morocco Price","isPartOf":{"@id":"https:\/\/vitablanca.ma\/#website"},"primaryImageOfPage":{"@id":"https:\/\/vitablanca.ma\/produit\/svr-sebiaclear-hydra-40ml\/#primaryimage"},"image":{"@id":"https:\/\/vitablanca.ma\/produit\/svr-sebiaclear-hydra-40ml\/#primaryimage"},"thumbnailUrl":"https:\/\/vitablanca.ma\/wp-content\/uploads\/2025\/06\/SVR-SEBIACLEAR-Hydra-40ml-nova-parapharmacie-casablanca.jpg","datePublished":"2025-06-11T21:29:57+00:00","dateModified":"2026-02-08T22:44:50+00:00","description":"SVR Sebiaclear Hydra 40ml hydrate les peaux mixtes \u00e0 grasses, r\u00e9gule le s\u00e9bum et pr\u00e9vient boutons et imperfections pour un fini mat et confortable.","breadcrumb":{"@id":"https:\/\/vitablanca.ma\/produit\/svr-sebiaclear-hydra-40ml\/#breadcrumb"},"inLanguage":"en-US","potentialAction":[{"@type":"ReadAction","target":["https:\/\/vitablanca.ma\/produit\/svr-sebiaclear-hydra-40ml\/"]}]},{"@type":"ImageObject","inLanguage":"en-US","@id":"https:\/\/vitablanca.ma\/produit\/svr-sebiaclear-hydra-40ml\/#primaryimage","url":"https:\/\/vitablanca.ma\/wp-content\/uploads\/2025\/06\/SVR-SEBIACLEAR-Hydra-40ml-nova-parapharmacie-casablanca.jpg","contentUrl":"https:\/\/vitablanca.ma\/wp-content\/uploads\/2025\/06\/SVR-SEBIACLEAR-Hydra-40ml-nova-parapharmacie-casablanca.jpg","width":1000,"height":1000},{"@type":"BreadcrumbList","@id":"https:\/\/vitablanca.ma\/produit\/svr-sebiaclear-hydra-40ml\/#breadcrumb","itemListElement":[{"@type":"ListItem","position":1,"name":"Home","item":"https:\/\/vitablanca.ma\/"},{"@type":"ListItem","position":2,"name":"Tous Les Produits","item":"https:\/\/vitablanca.ma\/tous-les-produits\/"},{"@type":"ListItem","position":3,"name":"SVR SEBIACLEAR Hydra 40ml"}]},{"@type":"WebSite","@id":"https:\/\/vitablanca.ma\/#website","url":"https:\/\/vitablanca.ma\/","name":"VitaBlanca.ma | Food supplements, health &amp; beauty in Morocco","description":"sell premium vitamins and supplements from USA &amp; Canada, New Zealand, Morocco (NOW Foods, Solgar, Manuka). Fast delivery anywhere in Morocco.","publisher":{"@id":"https:\/\/vitablanca.ma\/#organization"},"alternateName":"VitaBlanca.ma","potentialAction":[{"@type":"SearchAction","target":{"@type":"EntryPoint","urlTemplate":"https:\/\/vitablanca.ma\/?s={search_term_string}"},"query-input":{"@type":"PropertyValueSpecification","valueRequired":true,"valueName":"search_term_string"}}],"inLanguage":"en-US"},{"@type":"Organization","@id":"https:\/\/vitablanca.ma\/#organization","name":"VitaBlanca","url":"https:\/\/vitablanca.ma\/","logo":{"@type":"ImageObject","inLanguage":"en-US","@id":"https:\/\/vitablanca.ma\/#\/schema\/logo\/image\/","url":"https:\/\/vitablanca.ma\/wp-content\/uploads\/2025\/05\/cropped-vitablanca.png","contentUrl":"https:\/\/vitablanca.ma\/wp-content\/uploads\/2025\/05\/cropped-vitablanca.png","width":360,"height":67,"caption":"VitaBlanca"},"image":{"@id":"https:\/\/vitablanca.ma\/#\/schema\/logo\/image\/"},"sameAs":["https:\/\/www.facebook.com\/profile.php?id=61576678196717","https:\/\/www.tiktok.com\/@vitablanca.ma","https:\/\/www.instagram.com\/vitablanca.ma\/"]}]}},"jetpack_sharing_enabled":true,"_links":{"self":[{"href":"https:\/\/vitablanca.ma\/en\/wp-json\/wp\/v2\/product\/21752","targetHints":{"allow":["GET"]}}],"collection":[{"href":"https:\/\/vitablanca.ma\/en\/wp-json\/wp\/v2\/product"}],"about":[{"href":"https:\/\/vitablanca.ma\/en\/wp-json\/wp\/v2\/types\/product"}],"wp:featuredmedia":[{"embeddable":true,"href":"https:\/\/vitablanca.ma\/en\/wp-json\/wp\/v2\/media\/21750"}],"wp:attachment":[{"href":"https:\/\/vitablanca.ma\/en\/wp-json\/wp\/v2\/media?parent=21752"}],"wp:term":[{"taxonomy":"product_brand","embeddable":true,"href":"https:\/\/vitablanca.ma\/en\/wp-json\/wp\/v2\/product_brand?post=21752"},{"taxonomy":"product_cat","embeddable":true,"href":"https:\/\/vitablanca.ma\/en\/wp-json\/wp\/v2\/product_cat?post=21752"},{"taxonomy":"product_tag","embeddable":true,"href":"https:\/\/vitablanca.ma\/en\/wp-json\/wp\/v2\/product_tag?post=21752"}],"curies":[{"name":"wp","href":"https:\/\/api.w.org\/{rel}","templated":true}]}}