{"id":21748,"date":"2025-06-11T21:29:53","date_gmt":"2025-06-11T21:29:53","guid":{"rendered":"https:\/\/vitablanca.ma\/product\/svr-sensifine-aqua-gel-40ml\/"},"modified":"2026-02-08T22:49:16","modified_gmt":"2026-02-08T22:49:16","slug":"svr-sensifine-aqua-gel-40ml","status":"publish","type":"product","link":"https:\/\/vitablanca.ma\/en\/product\/svr-sensifine-aqua-gel-40ml\/","title":{"rendered":"SVR SENSIFINE Aqua-Gel 40ml"},"content":{"rendered":"<h2>SVR SENSIFINE Aqua-Gel\u00a0<span data-mce-fragment=\"1\">Soothing thirst-quenching treatment.<\/span><\/h2>\n<p><span data-mce-fragment=\"1\">Minimalist gel formulated with only 8 ingredients and 97% of naturally derived ingredients.<br \/>\n40ml.<\/span><\/p>\n<div class=\"product__main\">\n<div class=\"product__sidebar product__sidebar--is-sticky\">\n<div class=\"inner-wrapper-sticky\">\n<div class=\"product__variants\">\n<div class=\"product__prices\" data-price-wrapper=\"\"><\/div>\n<\/div>\n<div class=\"product__actions\"><\/div>\n<\/div>\n<\/div>\n<\/div>\n<div class=\"product__content\">\n<div class=\"product__tab expanded\" data-drawer-container=\"\">\n<h3 class=\"product__tab-header\">For whom? For what?<\/h3>\n<div class=\"product__tab-content\" data-drawer-content=\"\">\n<p>For all sensitive, poly-allergic, normal to combination skin. Face.<\/p>\n<p>Combining tolerance, effectiveness, and pleasure, a challenge met for this new Sensifine treatment. This minimalist gel was formulated with only 8 ingredients and 97% of ingredients of natural origin, all carefully selected and chosen to instantly soothe and intensely hydrate fragile skin. Its ultra-fresh gel texture enriched with aloe vera infuses the skin with water, ensuring comfort and 12-hour hydration. A treatment that comforts hypersensitive skin, but also takes care of the planet with plastic-free packaging.<\/p>\n<p><strong>A mixed texture that men will also love!<\/strong><\/p>\n<ul>\n<li>Reduced by\u00a0<strong>70%<\/strong>\u00a0skin discomfort in 1 application\u00a0<sup>(1)<\/sup><\/li>\n<li>The skin is intensely hydrated:\u00a0<strong>90%<\/strong>\u00a0<sup>(2)<\/sup><\/li>\n<li>The product offers an immediate sensation of freshness:\u00a0<strong>95%<\/strong>\u00a0<sup>(2)<\/sup><\/li>\n<\/ul>\n<\/div>\n<\/div>\n<div class=\"product__tab expanded\" data-drawer-container=\"\">\n<h3 class=\"product__tab-header\">How does it work?<\/h3>\n<div class=\"product__tab-content\" data-drawer-content=\"\">\n<p>SENSIFINE Aqua-Gel is a combination of\u00a0<strong>Panthenol<\/strong>\u00a0and of\u00a0<strong>30% Aloe Vera Gel<\/strong>\u00a0for enhanced soothing and moisturizing effectiveness, without compromising tolerance and naturalness. And we don&#039;t forget the pleasure thanks to an ultra-sensory texture.<\/p>\n<p>An ultra-minimalist formula with only\u00a0<strong>8 essential ingredients.<\/strong><\/p>\n<p>Composed of\u00a0<strong>97% of ingredients of natural origin<\/strong>.<\/p>\n<p>In complete transparency:<\/p>\n<ul>\n<li><strong>Purified water<\/strong>\u00a0: Quenches the skin<\/li>\n<li><strong>Glycerin\u00a0<\/strong>: Plant emollient, immediately hydrates<\/li>\n<li><strong>1,2 Hexanediol\u00a0<\/strong>: Humectant, promotes skin comfort<\/li>\n<li><strong>Aloe Vera<\/strong>\u00a0: Its naturally derived juice soothes and hydrates<\/li>\n<li><strong>Panthenol\u00a0<\/strong>: Reference active ingredient, soothes and maintains the barrier<\/li>\n<li><strong>Acrylate<\/strong>\u00a0: gelling agent for a fresh texture<\/li>\n<li><strong>Caprylic Glycol<\/strong>\u00a0: Humectant provides softness and suppleness<\/li>\n<li><strong>Sodium Hydroxide<\/strong>\u00a0: pH adjuster to respect the skin<\/li>\n<\/ul>\n<p>Proven effectiveness under dermatological control on hypersensitive and poly-allergic skin. Fragrance-free. Physiological pH. Hypoallergenic. Non-comedogenic.<\/p>\n<\/div>\n<\/div>\n<div class=\"product__tab expanded\" data-drawer-container=\"\">\n<h3 class=\"product__tab-header\">How to use it?<\/h3>\n<div class=\"product__tab-content\" data-drawer-content=\"\">\n<p>Apply morning and evening to the entire face and neck, on clean, dry skin.<\/p>\n<p>Excellent makeup base.<\/p>\n<\/div>\n<\/div>\n<\/div>","protected":false},"excerpt":{"rendered":"<p>SVR SENSIFINE Aqua-Gel\u00a0Soin d\u00e9salt\u00e9rant apaisant. Gel minimaliste formul\u00e9 avec uniquement 8 ingr\u00e9dients et 97% d\u2019ingr\u00e9dients d\u2019origine naturelle. 40ml. Pour qui ? Pour quoi ? Pour toutes les peaux sensibles, poly-allergiques normales \u00e0 mixtes. Visage. Associer tol\u00e9rance, efficacit\u00e9 et plaisir, challenge relev\u00e9 pour ce nouveau soin Sensifine. Ce gel minimaliste a \u00e9t\u00e9 formul\u00e9 avec uniquement 8 [&hellip;]<\/p>\n","protected":false},"featured_media":21746,"template":"","meta":{"om_disable_all_campaigns":false},"product_brand":[5981],"product_cat":[18,15],"product_tag":[6322,8786,8787,8789,7451,270,5982,5983,6957,8788,6176,5984,8785,6230,5988,5987,5986,5985],"class_list":{"0":"post-21748","1":"product","2":"type-product","3":"status-publish","4":"has-post-thumbnail","6":"product_brand-svr-original-maroc-au-meilleur-prix","7":"product_cat-beaute-sante","8":"product_cat-beaute-sante-complements-alimentaires-soins-et-bien-etre-au-meilleur-prix","9":"product_tag-acide-hyaluronique","10":"product_tag-aqua-gel","11":"product_tag-gel-apaisant","12":"product_tag-gel-leger","13":"product_tag-hydratant-visage","14":"product_tag-hypoallergenique","15":"product_tag-laboratoire-svr","16":"product_tag-marque-dermatologique-francaise","17":"product_tag-parapharmacie","18":"product_tag-peau-reactive","19":"product_tag-peau-sensible","20":"product_tag-produits-svr-originaux","21":"product_tag-sensifine","22":"product_tag-soin-quotidien","23":"product_tag-sun-secure-svr","24":"product_tag-svr","25":"product_tag-svr-laboratoire-dermatologique","26":"product_tag-svr-maroc","28":"first","29":"instock","30":"sale","31":"taxable","32":"shipping-taxable","33":"purchasable","34":"product-type-simple"},"yoast_head":"<!-- This site is optimized with the Yoast SEO plugin v27.4 - https:\/\/yoast.com\/product\/yoast-seo-wordpress\/ -->\n<title>SVR SENSIFINE Aqua-Gel 40ml - Maroc Prix<\/title>\n<meta name=\"description\" content=\"SVR Sensifine Aqua-Gel 40ml hydrate et apaise les peaux sensibles et r\u00e9actives avec une texture gel l\u00e9g\u00e8re pour un confort et une douceur quotidienne.\" \/>\n<meta name=\"robots\" content=\"index, follow, max-snippet:-1, max-image-preview:large, max-video-preview:-1\" \/>\n<link rel=\"canonical\" href=\"https:\/\/vitablanca.ma\/en\/product\/svr-sensifine-aqua-gel-40ml\/\" \/>\n<meta property=\"og:locale\" content=\"en_US\" \/>\n<meta property=\"og:type\" content=\"article\" \/>\n<meta property=\"og:title\" content=\"SVR SENSIFINE Aqua-Gel 40ml - Maroc Prix\" \/>\n<meta property=\"og:description\" content=\"SVR Sensifine Aqua-Gel 40ml hydrate et apaise les peaux sensibles et r\u00e9actives avec une texture gel l\u00e9g\u00e8re pour un confort et une douceur quotidienne.\" \/>\n<meta property=\"og:url\" content=\"https:\/\/vitablanca.ma\/en\/product\/svr-sensifine-aqua-gel-40ml\/\" \/>\n<meta property=\"og:site_name\" content=\"Vitablanca.ma &ndash; Sant&eacute;, vitalit&eacute; et bien-&ecirc;tre pour tous les Marocains\" \/>\n<meta property=\"article:publisher\" content=\"https:\/\/www.facebook.com\/profile.php?id=61576678196717\" \/>\n<meta property=\"article:modified_time\" content=\"2026-02-08T22:49:16+00:00\" \/>\n<meta property=\"og:image\" content=\"https:\/\/vitablanca.ma\/wp-content\/uploads\/2025\/06\/SVR-SENSIFINE-Aqua-Gel-40ml-nova-parapharmacie-casablanca.jpg\" \/>\n\t<meta property=\"og:image:width\" content=\"1000\" \/>\n\t<meta property=\"og:image:height\" content=\"1000\" \/>\n\t<meta property=\"og:image:type\" content=\"image\/jpeg\" \/>\n<meta name=\"twitter:card\" content=\"summary_large_image\" \/>\n<meta name=\"twitter:label1\" content=\"Est. reading time\" \/>\n\t<meta name=\"twitter:data1\" content=\"2 minutes\" \/>\n<script type=\"application\/ld+json\" class=\"yoast-schema-graph\">{\"@context\":\"https:\\\/\\\/schema.org\",\"@graph\":[{\"@type\":[\"WebPage\",\"ItemPage\"],\"@id\":\"https:\\\/\\\/vitablanca.ma\\\/produit\\\/svr-sensifine-aqua-gel-40ml\\\/\",\"url\":\"https:\\\/\\\/vitablanca.ma\\\/produit\\\/svr-sensifine-aqua-gel-40ml\\\/\",\"name\":\"SVR SENSIFINE Aqua-Gel 40ml - Maroc Prix\",\"isPartOf\":{\"@id\":\"https:\\\/\\\/vitablanca.ma\\\/#website\"},\"primaryImageOfPage\":{\"@id\":\"https:\\\/\\\/vitablanca.ma\\\/produit\\\/svr-sensifine-aqua-gel-40ml\\\/#primaryimage\"},\"image\":{\"@id\":\"https:\\\/\\\/vitablanca.ma\\\/produit\\\/svr-sensifine-aqua-gel-40ml\\\/#primaryimage\"},\"thumbnailUrl\":\"https:\\\/\\\/vitablanca.ma\\\/wp-content\\\/uploads\\\/2025\\\/06\\\/SVR-SENSIFINE-Aqua-Gel-40ml-nova-parapharmacie-casablanca.jpg\",\"datePublished\":\"2025-06-11T21:29:53+00:00\",\"dateModified\":\"2026-02-08T22:49:16+00:00\",\"description\":\"SVR Sensifine Aqua-Gel 40ml hydrate et apaise les peaux sensibles et r\u00e9actives avec une texture gel l\u00e9g\u00e8re pour un confort et une douceur quotidienne.\",\"breadcrumb\":{\"@id\":\"https:\\\/\\\/vitablanca.ma\\\/produit\\\/svr-sensifine-aqua-gel-40ml\\\/#breadcrumb\"},\"inLanguage\":\"en-US\",\"potentialAction\":[{\"@type\":\"ReadAction\",\"target\":[\"https:\\\/\\\/vitablanca.ma\\\/produit\\\/svr-sensifine-aqua-gel-40ml\\\/\"]}]},{\"@type\":\"ImageObject\",\"inLanguage\":\"en-US\",\"@id\":\"https:\\\/\\\/vitablanca.ma\\\/produit\\\/svr-sensifine-aqua-gel-40ml\\\/#primaryimage\",\"url\":\"https:\\\/\\\/vitablanca.ma\\\/wp-content\\\/uploads\\\/2025\\\/06\\\/SVR-SENSIFINE-Aqua-Gel-40ml-nova-parapharmacie-casablanca.jpg\",\"contentUrl\":\"https:\\\/\\\/vitablanca.ma\\\/wp-content\\\/uploads\\\/2025\\\/06\\\/SVR-SENSIFINE-Aqua-Gel-40ml-nova-parapharmacie-casablanca.jpg\",\"width\":1000,\"height\":1000},{\"@type\":\"BreadcrumbList\",\"@id\":\"https:\\\/\\\/vitablanca.ma\\\/produit\\\/svr-sensifine-aqua-gel-40ml\\\/#breadcrumb\",\"itemListElement\":[{\"@type\":\"ListItem\",\"position\":1,\"name\":\"Home\",\"item\":\"https:\\\/\\\/vitablanca.ma\\\/\"},{\"@type\":\"ListItem\",\"position\":2,\"name\":\"Tous Les Produits\",\"item\":\"https:\\\/\\\/vitablanca.ma\\\/tous-les-produits\\\/\"},{\"@type\":\"ListItem\",\"position\":3,\"name\":\"SVR SENSIFINE Aqua-Gel 40ml\"}]},{\"@type\":\"WebSite\",\"@id\":\"https:\\\/\\\/vitablanca.ma\\\/#website\",\"url\":\"https:\\\/\\\/vitablanca.ma\\\/\",\"name\":\"VitaBlanca.ma | Compl\u00e9ments alimentaires, sant\u00e9 & beaut\u00e9 au Maroc\",\"description\":\"vendre vitamines et compl\u00e9ments premium des USA &amp; Canada, Nouvelle Z\u00e9lande,Maroc (NOW Foods, Solgar, Manuka). Livraison rapide partout au Maroc.\",\"publisher\":{\"@id\":\"https:\\\/\\\/vitablanca.ma\\\/#organization\"},\"alternateName\":\"VitaBlanca.ma\",\"potentialAction\":[{\"@type\":\"SearchAction\",\"target\":{\"@type\":\"EntryPoint\",\"urlTemplate\":\"https:\\\/\\\/vitablanca.ma\\\/?s={search_term_string}\"},\"query-input\":{\"@type\":\"PropertyValueSpecification\",\"valueRequired\":true,\"valueName\":\"search_term_string\"}}],\"inLanguage\":\"en-US\"},{\"@type\":\"Organization\",\"@id\":\"https:\\\/\\\/vitablanca.ma\\\/#organization\",\"name\":\"VitaBlanca\",\"url\":\"https:\\\/\\\/vitablanca.ma\\\/\",\"logo\":{\"@type\":\"ImageObject\",\"inLanguage\":\"en-US\",\"@id\":\"https:\\\/\\\/vitablanca.ma\\\/#\\\/schema\\\/logo\\\/image\\\/\",\"url\":\"https:\\\/\\\/vitablanca.ma\\\/wp-content\\\/uploads\\\/2025\\\/05\\\/cropped-vitablanca.png\",\"contentUrl\":\"https:\\\/\\\/vitablanca.ma\\\/wp-content\\\/uploads\\\/2025\\\/05\\\/cropped-vitablanca.png\",\"width\":360,\"height\":67,\"caption\":\"VitaBlanca\"},\"image\":{\"@id\":\"https:\\\/\\\/vitablanca.ma\\\/#\\\/schema\\\/logo\\\/image\\\/\"},\"sameAs\":[\"https:\\\/\\\/www.facebook.com\\\/profile.php?id=61576678196717\",\"https:\\\/\\\/www.tiktok.com\\\/@vitablanca.ma\",\"https:\\\/\\\/www.instagram.com\\\/vitablanca.ma\\\/\"]}]}<\/script>\n<!-- \/ Yoast SEO plugin. -->","yoast_head_json":{"title":"SVR SENSIFINE Aqua-Gel 40ml - Morocco Price","description":"SVR Sensifine Aqua-Gel 40ml hydrate et apaise les peaux sensibles et r\u00e9actives avec une texture gel l\u00e9g\u00e8re pour un confort et une douceur quotidienne.","robots":{"index":"index","follow":"follow","max-snippet":"max-snippet:-1","max-image-preview":"max-image-preview:large","max-video-preview":"max-video-preview:-1"},"canonical":"https:\/\/vitablanca.ma\/en\/product\/svr-sensifine-aqua-gel-40ml\/","og_locale":"en_US","og_type":"article","og_title":"SVR SENSIFINE Aqua-Gel 40ml - Maroc Prix","og_description":"SVR Sensifine Aqua-Gel 40ml hydrate et apaise les peaux sensibles et r\u00e9actives avec une texture gel l\u00e9g\u00e8re pour un confort et une douceur quotidienne.","og_url":"https:\/\/vitablanca.ma\/en\/product\/svr-sensifine-aqua-gel-40ml\/","og_site_name":"Vitablanca.ma &ndash; Sant&eacute;, vitalit&eacute; et bien-&ecirc;tre pour tous les Marocains","article_publisher":"https:\/\/www.facebook.com\/profile.php?id=61576678196717","article_modified_time":"2026-02-08T22:49:16+00:00","og_image":[{"width":1000,"height":1000,"url":"https:\/\/vitablanca.ma\/wp-content\/uploads\/2025\/06\/SVR-SENSIFINE-Aqua-Gel-40ml-nova-parapharmacie-casablanca.jpg","type":"image\/jpeg"}],"twitter_card":"summary_large_image","twitter_misc":{"Est. reading time":"2 minutes"},"schema":{"@context":"https:\/\/schema.org","@graph":[{"@type":["WebPage","ItemPage"],"@id":"https:\/\/vitablanca.ma\/produit\/svr-sensifine-aqua-gel-40ml\/","url":"https:\/\/vitablanca.ma\/produit\/svr-sensifine-aqua-gel-40ml\/","name":"SVR SENSIFINE Aqua-Gel 40ml - Morocco Price","isPartOf":{"@id":"https:\/\/vitablanca.ma\/#website"},"primaryImageOfPage":{"@id":"https:\/\/vitablanca.ma\/produit\/svr-sensifine-aqua-gel-40ml\/#primaryimage"},"image":{"@id":"https:\/\/vitablanca.ma\/produit\/svr-sensifine-aqua-gel-40ml\/#primaryimage"},"thumbnailUrl":"https:\/\/vitablanca.ma\/wp-content\/uploads\/2025\/06\/SVR-SENSIFINE-Aqua-Gel-40ml-nova-parapharmacie-casablanca.jpg","datePublished":"2025-06-11T21:29:53+00:00","dateModified":"2026-02-08T22:49:16+00:00","description":"SVR Sensifine Aqua-Gel 40ml hydrate et apaise les peaux sensibles et r\u00e9actives avec une texture gel l\u00e9g\u00e8re pour un confort et une douceur quotidienne.","breadcrumb":{"@id":"https:\/\/vitablanca.ma\/produit\/svr-sensifine-aqua-gel-40ml\/#breadcrumb"},"inLanguage":"en-US","potentialAction":[{"@type":"ReadAction","target":["https:\/\/vitablanca.ma\/produit\/svr-sensifine-aqua-gel-40ml\/"]}]},{"@type":"ImageObject","inLanguage":"en-US","@id":"https:\/\/vitablanca.ma\/produit\/svr-sensifine-aqua-gel-40ml\/#primaryimage","url":"https:\/\/vitablanca.ma\/wp-content\/uploads\/2025\/06\/SVR-SENSIFINE-Aqua-Gel-40ml-nova-parapharmacie-casablanca.jpg","contentUrl":"https:\/\/vitablanca.ma\/wp-content\/uploads\/2025\/06\/SVR-SENSIFINE-Aqua-Gel-40ml-nova-parapharmacie-casablanca.jpg","width":1000,"height":1000},{"@type":"BreadcrumbList","@id":"https:\/\/vitablanca.ma\/produit\/svr-sensifine-aqua-gel-40ml\/#breadcrumb","itemListElement":[{"@type":"ListItem","position":1,"name":"Home","item":"https:\/\/vitablanca.ma\/"},{"@type":"ListItem","position":2,"name":"Tous Les Produits","item":"https:\/\/vitablanca.ma\/tous-les-produits\/"},{"@type":"ListItem","position":3,"name":"SVR SENSIFINE Aqua-Gel 40ml"}]},{"@type":"WebSite","@id":"https:\/\/vitablanca.ma\/#website","url":"https:\/\/vitablanca.ma\/","name":"VitaBlanca.ma | Food supplements, health &amp; beauty in Morocco","description":"sell premium vitamins and supplements from USA &amp; Canada, New Zealand, Morocco (NOW Foods, Solgar, Manuka). Fast delivery anywhere in Morocco.","publisher":{"@id":"https:\/\/vitablanca.ma\/#organization"},"alternateName":"VitaBlanca.ma","potentialAction":[{"@type":"SearchAction","target":{"@type":"EntryPoint","urlTemplate":"https:\/\/vitablanca.ma\/?s={search_term_string}"},"query-input":{"@type":"PropertyValueSpecification","valueRequired":true,"valueName":"search_term_string"}}],"inLanguage":"en-US"},{"@type":"Organization","@id":"https:\/\/vitablanca.ma\/#organization","name":"VitaBlanca","url":"https:\/\/vitablanca.ma\/","logo":{"@type":"ImageObject","inLanguage":"en-US","@id":"https:\/\/vitablanca.ma\/#\/schema\/logo\/image\/","url":"https:\/\/vitablanca.ma\/wp-content\/uploads\/2025\/05\/cropped-vitablanca.png","contentUrl":"https:\/\/vitablanca.ma\/wp-content\/uploads\/2025\/05\/cropped-vitablanca.png","width":360,"height":67,"caption":"VitaBlanca"},"image":{"@id":"https:\/\/vitablanca.ma\/#\/schema\/logo\/image\/"},"sameAs":["https:\/\/www.facebook.com\/profile.php?id=61576678196717","https:\/\/www.tiktok.com\/@vitablanca.ma","https:\/\/www.instagram.com\/vitablanca.ma\/"]}]}},"jetpack_sharing_enabled":true,"_links":{"self":[{"href":"https:\/\/vitablanca.ma\/en\/wp-json\/wp\/v2\/product\/21748","targetHints":{"allow":["GET"]}}],"collection":[{"href":"https:\/\/vitablanca.ma\/en\/wp-json\/wp\/v2\/product"}],"about":[{"href":"https:\/\/vitablanca.ma\/en\/wp-json\/wp\/v2\/types\/product"}],"wp:featuredmedia":[{"embeddable":true,"href":"https:\/\/vitablanca.ma\/en\/wp-json\/wp\/v2\/media\/21746"}],"wp:attachment":[{"href":"https:\/\/vitablanca.ma\/en\/wp-json\/wp\/v2\/media?parent=21748"}],"wp:term":[{"taxonomy":"product_brand","embeddable":true,"href":"https:\/\/vitablanca.ma\/en\/wp-json\/wp\/v2\/product_brand?post=21748"},{"taxonomy":"product_cat","embeddable":true,"href":"https:\/\/vitablanca.ma\/en\/wp-json\/wp\/v2\/product_cat?post=21748"},{"taxonomy":"product_tag","embeddable":true,"href":"https:\/\/vitablanca.ma\/en\/wp-json\/wp\/v2\/product_tag?post=21748"}],"curies":[{"name":"wp","href":"https:\/\/api.w.org\/{rel}","templated":true}]}}