{"id":21731,"date":"2025-06-11T21:29:31","date_gmt":"2025-06-11T21:29:31","guid":{"rendered":"https:\/\/vitablanca.ma\/product\/roge-cavailles-deo-soin-dermato-spray-compresse-75ml\/"},"modified":"2026-02-08T23:29:41","modified_gmt":"2026-02-08T23:29:41","slug":"roge-cavailles-deo-soin-dermato-spray-compresse-75ml","status":"publish","type":"product","link":"https:\/\/vitablanca.ma\/en\/product\/roge-cavailles-deo-soin-dermato-spray-compresse-75ml\/","title":{"rendered":"Rog\u00e9 Cavaill\u00e8s Deodorant Dermato Compressed Spray 75ml"},"content":{"rendered":"<h2 data-mce-fragment=\"1\">Rog\u00e9 Cavaill\u00e8s Compressed Dermato Spray Deodorant <span data-mce-fragment=\"1\">Ideal for daily use without aluminum salts<\/span><\/h2>\n<p data-mce-fragment=\"1\">Lighter and more practical than a classic spray and just as cost-effective, this Aluminum-Free Deodorant goes everywhere with you. A regenerating well-being ally throughout the day.<\/p>\n<p data-mce-fragment=\"1\">-A formula enriched with absorbent micro-talc to combat humidity and neutralize rings and odors<\/p>\n<p data-mce-fragment=\"1\">-Without Aluminum Salts to combine respect for your skin, optimal effectiveness and regenerating comfort<\/p>\n<p data-mce-fragment=\"1\">- Environmentally friendly by releasing half as much gas and producing less waste<\/p>\n<div class=\"accordion collapse show\">\n<div class=\"accordion-header\">\n<h3 class=\"mb-0\">DIRECTIONS FOR USE<\/h3>\n<\/div>\n<div class=\"accordion-body\">\n<div class=\"wysiwyg\">\n<p>This talc deodorant is used daily on clean, dry underarms. Shake and spray from a distance of 15 cm.<\/p>\n<\/div>\n<\/div>\n<\/div>\n<div class=\"accordion collapse show\">\n<div class=\"accordion-header\">\n<h3 class=\"mb-0\"><a class=\"\" href=\"https:\/\/www.rogecavailles.fr\/produits\/deo-soin-dermato-spray-compresse\/#\">PRODUCT COMPOSITION<\/a><\/h3>\n<\/div>\n<div class=\"accordion-body\">\n<div>\n<p>Butane, Isobutane, Propane, Cyclopentasiloxane, Caprylic\/Capric Triglyceride, Triethyl Citrate, Parfum, Talc, Tocopheryl Acetate, Pentylene Glycol, Dimethyl, Phenylpropanol, PEG-6 Caprylic\/Capric Glycerides, Stearalkonium Bentonite, Bisabolol, Propylene Carbonate<\/p>\n<\/div>\n<\/div>\n<\/div>","protected":false},"excerpt":{"rendered":"<p>Rog\u00e9 Cavaill\u00e8s D\u00e9o Soin Dermato Spray Compress\u00e9 Id\u00e9al pour une utilisation quotidienne sans sels d\u2019aluminium Plus l\u00e9ger et pratique qu\u2019un spray classique et tout aussi rentable, ce D\u00e9odorant Sans Sels d\u2019Aluminium vous accompagne partout. Un alli\u00e9 bien-\u00eatre r\u00e9g\u00e9n\u00e9rant tout au long de la journ\u00e9e. -Une formule enrichie en micro-talc absorbant pour combattre l\u2019humidit\u00e9 et neutraliser [&hellip;]<\/p>\n","protected":false},"featured_media":21726,"template":"","meta":{"om_disable_all_campaigns":false},"product_brand":[],"product_cat":[15],"product_tag":[8802,8800,6577,6957,6721,8573,8803,6230,8801,8804],"class_list":{"0":"post-21731","1":"product","2":"type-product","3":"status-publish","4":"has-post-thumbnail","6":"product_cat-beaute-sante-complements-alimentaires-soins-et-bien-etre-au-meilleur-prix","7":"product_tag-anti-odeurs-longue-duree","8":"product_tag-deo-soin-dermato","9":"product_tag-deodorant-peau-sensible","10":"product_tag-parapharmacie","11":"product_tag-protection-aisselles","12":"product_tag-roge-cavailles","13":"product_tag-roge-cavailles-deo-hypoallergenique","14":"product_tag-soin-quotidien","15":"product_tag-spray-compresse-75ml","16":"product_tag-spray-dermato","18":"first","19":"instock","20":"sale","21":"taxable","22":"shipping-taxable","23":"purchasable","24":"product-type-simple"},"yoast_head":"<!-- This site is optimized with the Yoast SEO plugin v27.4 - https:\/\/yoast.com\/product\/yoast-seo-wordpress\/ -->\n<title>Rog\u00e9 Cavaill\u00e8s D\u00e9o Soin Dermato Spray 75ml - Maroc Prix<\/title>\n<meta name=\"description\" content=\"Rog\u00e9 Cavaill\u00e8s D\u00e9o Soin Dermato Spray Compress\u00e9 75ml prot\u00e8ge les aisselles sensibles contre les odeurs et l\u2019humidit\u00e9 tout en offrant fra\u00eecheur et confort\" \/>\n<meta name=\"robots\" content=\"index, follow, max-snippet:-1, max-image-preview:large, max-video-preview:-1\" \/>\n<link rel=\"canonical\" href=\"https:\/\/vitablanca.ma\/en\/product\/roge-cavailles-deo-soin-dermato-spray-compresse-75ml\/\" \/>\n<meta property=\"og:locale\" content=\"en_US\" \/>\n<meta property=\"og:type\" content=\"article\" \/>\n<meta property=\"og:title\" content=\"Rog\u00e9 Cavaill\u00e8s D\u00e9o Soin Dermato Spray 75ml - Maroc Prix\" \/>\n<meta property=\"og:description\" content=\"Rog\u00e9 Cavaill\u00e8s D\u00e9o Soin Dermato Spray Compress\u00e9 75ml prot\u00e8ge les aisselles sensibles contre les odeurs et l\u2019humidit\u00e9 tout en offrant fra\u00eecheur et confort\" \/>\n<meta property=\"og:url\" content=\"https:\/\/vitablanca.ma\/en\/product\/roge-cavailles-deo-soin-dermato-spray-compresse-75ml\/\" \/>\n<meta property=\"og:site_name\" content=\"Vitablanca.ma &ndash; Sant&eacute;, vitalit&eacute; et bien-&ecirc;tre pour tous les Marocains\" \/>\n<meta property=\"article:publisher\" content=\"https:\/\/www.facebook.com\/profile.php?id=61576678196717\" \/>\n<meta property=\"article:modified_time\" content=\"2026-02-08T23:29:41+00:00\" \/>\n<meta property=\"og:image\" content=\"https:\/\/vitablanca.ma\/wp-content\/uploads\/2025\/06\/Roge-Cavailles-Deo-Soin-Dermato-Spray-Compresse-75ml-nova-parapharmacie-maroc.png\" \/>\n\t<meta property=\"og:image:width\" content=\"1000\" \/>\n\t<meta property=\"og:image:height\" content=\"1000\" \/>\n\t<meta property=\"og:image:type\" content=\"image\/png\" \/>\n<meta name=\"twitter:card\" content=\"summary_large_image\" \/>\n<meta name=\"twitter:label1\" content=\"Est. reading time\" \/>\n\t<meta name=\"twitter:data1\" content=\"1 minute\" \/>\n<script type=\"application\/ld+json\" class=\"yoast-schema-graph\">{\"@context\":\"https:\\\/\\\/schema.org\",\"@graph\":[{\"@type\":[\"WebPage\",\"ItemPage\"],\"@id\":\"https:\\\/\\\/vitablanca.ma\\\/produit\\\/roge-cavailles-deo-soin-dermato-spray-compresse-75ml\\\/\",\"url\":\"https:\\\/\\\/vitablanca.ma\\\/produit\\\/roge-cavailles-deo-soin-dermato-spray-compresse-75ml\\\/\",\"name\":\"Rog\u00e9 Cavaill\u00e8s D\u00e9o Soin Dermato Spray 75ml - Maroc Prix\",\"isPartOf\":{\"@id\":\"https:\\\/\\\/vitablanca.ma\\\/#website\"},\"primaryImageOfPage\":{\"@id\":\"https:\\\/\\\/vitablanca.ma\\\/produit\\\/roge-cavailles-deo-soin-dermato-spray-compresse-75ml\\\/#primaryimage\"},\"image\":{\"@id\":\"https:\\\/\\\/vitablanca.ma\\\/produit\\\/roge-cavailles-deo-soin-dermato-spray-compresse-75ml\\\/#primaryimage\"},\"thumbnailUrl\":\"https:\\\/\\\/vitablanca.ma\\\/wp-content\\\/uploads\\\/2025\\\/06\\\/Roge-Cavailles-Deo-Soin-Dermato-Spray-Compresse-75ml-nova-parapharmacie-maroc.png\",\"datePublished\":\"2025-06-11T21:29:31+00:00\",\"dateModified\":\"2026-02-08T23:29:41+00:00\",\"description\":\"Rog\u00e9 Cavaill\u00e8s D\u00e9o Soin Dermato Spray Compress\u00e9 75ml prot\u00e8ge les aisselles sensibles contre les odeurs et l\u2019humidit\u00e9 tout en offrant fra\u00eecheur et confort\",\"breadcrumb\":{\"@id\":\"https:\\\/\\\/vitablanca.ma\\\/produit\\\/roge-cavailles-deo-soin-dermato-spray-compresse-75ml\\\/#breadcrumb\"},\"inLanguage\":\"en-US\",\"potentialAction\":[{\"@type\":\"ReadAction\",\"target\":[\"https:\\\/\\\/vitablanca.ma\\\/produit\\\/roge-cavailles-deo-soin-dermato-spray-compresse-75ml\\\/\"]}]},{\"@type\":\"ImageObject\",\"inLanguage\":\"en-US\",\"@id\":\"https:\\\/\\\/vitablanca.ma\\\/produit\\\/roge-cavailles-deo-soin-dermato-spray-compresse-75ml\\\/#primaryimage\",\"url\":\"https:\\\/\\\/vitablanca.ma\\\/wp-content\\\/uploads\\\/2025\\\/06\\\/Roge-Cavailles-Deo-Soin-Dermato-Spray-Compresse-75ml-nova-parapharmacie-maroc.png\",\"contentUrl\":\"https:\\\/\\\/vitablanca.ma\\\/wp-content\\\/uploads\\\/2025\\\/06\\\/Roge-Cavailles-Deo-Soin-Dermato-Spray-Compresse-75ml-nova-parapharmacie-maroc.png\",\"width\":1000,\"height\":1000},{\"@type\":\"BreadcrumbList\",\"@id\":\"https:\\\/\\\/vitablanca.ma\\\/produit\\\/roge-cavailles-deo-soin-dermato-spray-compresse-75ml\\\/#breadcrumb\",\"itemListElement\":[{\"@type\":\"ListItem\",\"position\":1,\"name\":\"Home\",\"item\":\"https:\\\/\\\/vitablanca.ma\\\/\"},{\"@type\":\"ListItem\",\"position\":2,\"name\":\"Tous Les Produits\",\"item\":\"https:\\\/\\\/vitablanca.ma\\\/tous-les-produits\\\/\"},{\"@type\":\"ListItem\",\"position\":3,\"name\":\"Rog\u00e9 Cavaill\u00e8s D\u00e9o Soin Dermato Spray Compress\u00e9 75ml\"}]},{\"@type\":\"WebSite\",\"@id\":\"https:\\\/\\\/vitablanca.ma\\\/#website\",\"url\":\"https:\\\/\\\/vitablanca.ma\\\/\",\"name\":\"VitaBlanca.ma | Compl\u00e9ments alimentaires, sant\u00e9 & beaut\u00e9 au Maroc\",\"description\":\"vendre vitamines et compl\u00e9ments premium des USA &amp; Canada, Nouvelle Z\u00e9lande,Maroc (NOW Foods, Solgar, Manuka). Livraison rapide partout au Maroc.\",\"publisher\":{\"@id\":\"https:\\\/\\\/vitablanca.ma\\\/#organization\"},\"alternateName\":\"VitaBlanca.ma\",\"potentialAction\":[{\"@type\":\"SearchAction\",\"target\":{\"@type\":\"EntryPoint\",\"urlTemplate\":\"https:\\\/\\\/vitablanca.ma\\\/?s={search_term_string}\"},\"query-input\":{\"@type\":\"PropertyValueSpecification\",\"valueRequired\":true,\"valueName\":\"search_term_string\"}}],\"inLanguage\":\"en-US\"},{\"@type\":\"Organization\",\"@id\":\"https:\\\/\\\/vitablanca.ma\\\/#organization\",\"name\":\"VitaBlanca\",\"url\":\"https:\\\/\\\/vitablanca.ma\\\/\",\"logo\":{\"@type\":\"ImageObject\",\"inLanguage\":\"en-US\",\"@id\":\"https:\\\/\\\/vitablanca.ma\\\/#\\\/schema\\\/logo\\\/image\\\/\",\"url\":\"https:\\\/\\\/vitablanca.ma\\\/wp-content\\\/uploads\\\/2025\\\/05\\\/cropped-vitablanca.png\",\"contentUrl\":\"https:\\\/\\\/vitablanca.ma\\\/wp-content\\\/uploads\\\/2025\\\/05\\\/cropped-vitablanca.png\",\"width\":360,\"height\":67,\"caption\":\"VitaBlanca\"},\"image\":{\"@id\":\"https:\\\/\\\/vitablanca.ma\\\/#\\\/schema\\\/logo\\\/image\\\/\"},\"sameAs\":[\"https:\\\/\\\/www.facebook.com\\\/profile.php?id=61576678196717\",\"https:\\\/\\\/www.tiktok.com\\\/@vitablanca.ma\",\"https:\\\/\\\/www.instagram.com\\\/vitablanca.ma\\\/\"]}]}<\/script>\n<!-- \/ Yoast SEO plugin. -->","yoast_head_json":{"title":"Rog\u00e9 Cavaill\u00e8s D\u00e9o Soin Dermato Spray 75ml - Maroc Prix","description":"Rog\u00e9 Cavaill\u00e8s D\u00e9o Soin Dermato Spray Compress\u00e9 75ml prot\u00e8ge les aisselles sensibles contre les odeurs et l\u2019humidit\u00e9 tout en offrant fra\u00eecheur et confort","robots":{"index":"index","follow":"follow","max-snippet":"max-snippet:-1","max-image-preview":"max-image-preview:large","max-video-preview":"max-video-preview:-1"},"canonical":"https:\/\/vitablanca.ma\/en\/product\/roge-cavailles-deo-soin-dermato-spray-compresse-75ml\/","og_locale":"en_US","og_type":"article","og_title":"Rog\u00e9 Cavaill\u00e8s D\u00e9o Soin Dermato Spray 75ml - Maroc Prix","og_description":"Rog\u00e9 Cavaill\u00e8s D\u00e9o Soin Dermato Spray Compress\u00e9 75ml prot\u00e8ge les aisselles sensibles contre les odeurs et l\u2019humidit\u00e9 tout en offrant fra\u00eecheur et confort","og_url":"https:\/\/vitablanca.ma\/en\/product\/roge-cavailles-deo-soin-dermato-spray-compresse-75ml\/","og_site_name":"Vitablanca.ma &ndash; Sant&eacute;, vitalit&eacute; et bien-&ecirc;tre pour tous les Marocains","article_publisher":"https:\/\/www.facebook.com\/profile.php?id=61576678196717","article_modified_time":"2026-02-08T23:29:41+00:00","og_image":[{"width":1000,"height":1000,"url":"https:\/\/vitablanca.ma\/wp-content\/uploads\/2025\/06\/Roge-Cavailles-Deo-Soin-Dermato-Spray-Compresse-75ml-nova-parapharmacie-maroc.png","type":"image\/png"}],"twitter_card":"summary_large_image","twitter_misc":{"Est. reading time":"1 minute"},"schema":{"@context":"https:\/\/schema.org","@graph":[{"@type":["WebPage","ItemPage"],"@id":"https:\/\/vitablanca.ma\/produit\/roge-cavailles-deo-soin-dermato-spray-compresse-75ml\/","url":"https:\/\/vitablanca.ma\/produit\/roge-cavailles-deo-soin-dermato-spray-compresse-75ml\/","name":"Rog\u00e9 Cavaill\u00e8s D\u00e9o Soin Dermato Spray 75ml - Maroc Prix","isPartOf":{"@id":"https:\/\/vitablanca.ma\/#website"},"primaryImageOfPage":{"@id":"https:\/\/vitablanca.ma\/produit\/roge-cavailles-deo-soin-dermato-spray-compresse-75ml\/#primaryimage"},"image":{"@id":"https:\/\/vitablanca.ma\/produit\/roge-cavailles-deo-soin-dermato-spray-compresse-75ml\/#primaryimage"},"thumbnailUrl":"https:\/\/vitablanca.ma\/wp-content\/uploads\/2025\/06\/Roge-Cavailles-Deo-Soin-Dermato-Spray-Compresse-75ml-nova-parapharmacie-maroc.png","datePublished":"2025-06-11T21:29:31+00:00","dateModified":"2026-02-08T23:29:41+00:00","description":"Rog\u00e9 Cavaill\u00e8s D\u00e9o Soin Dermato Spray Compress\u00e9 75ml prot\u00e8ge les aisselles sensibles contre les odeurs et l\u2019humidit\u00e9 tout en offrant fra\u00eecheur et confort","breadcrumb":{"@id":"https:\/\/vitablanca.ma\/produit\/roge-cavailles-deo-soin-dermato-spray-compresse-75ml\/#breadcrumb"},"inLanguage":"en-US","potentialAction":[{"@type":"ReadAction","target":["https:\/\/vitablanca.ma\/produit\/roge-cavailles-deo-soin-dermato-spray-compresse-75ml\/"]}]},{"@type":"ImageObject","inLanguage":"en-US","@id":"https:\/\/vitablanca.ma\/produit\/roge-cavailles-deo-soin-dermato-spray-compresse-75ml\/#primaryimage","url":"https:\/\/vitablanca.ma\/wp-content\/uploads\/2025\/06\/Roge-Cavailles-Deo-Soin-Dermato-Spray-Compresse-75ml-nova-parapharmacie-maroc.png","contentUrl":"https:\/\/vitablanca.ma\/wp-content\/uploads\/2025\/06\/Roge-Cavailles-Deo-Soin-Dermato-Spray-Compresse-75ml-nova-parapharmacie-maroc.png","width":1000,"height":1000},{"@type":"BreadcrumbList","@id":"https:\/\/vitablanca.ma\/produit\/roge-cavailles-deo-soin-dermato-spray-compresse-75ml\/#breadcrumb","itemListElement":[{"@type":"ListItem","position":1,"name":"Home","item":"https:\/\/vitablanca.ma\/"},{"@type":"ListItem","position":2,"name":"Tous Les Produits","item":"https:\/\/vitablanca.ma\/tous-les-produits\/"},{"@type":"ListItem","position":3,"name":"Rog\u00e9 Cavaill\u00e8s D\u00e9o Soin Dermato Spray Compress\u00e9 75ml"}]},{"@type":"WebSite","@id":"https:\/\/vitablanca.ma\/#website","url":"https:\/\/vitablanca.ma\/","name":"VitaBlanca.ma | Food supplements, health &amp; beauty in Morocco","description":"sell premium vitamins and supplements from USA &amp; Canada, New Zealand, Morocco (NOW Foods, Solgar, Manuka). Fast delivery anywhere in Morocco.","publisher":{"@id":"https:\/\/vitablanca.ma\/#organization"},"alternateName":"VitaBlanca.ma","potentialAction":[{"@type":"SearchAction","target":{"@type":"EntryPoint","urlTemplate":"https:\/\/vitablanca.ma\/?s={search_term_string}"},"query-input":{"@type":"PropertyValueSpecification","valueRequired":true,"valueName":"search_term_string"}}],"inLanguage":"en-US"},{"@type":"Organization","@id":"https:\/\/vitablanca.ma\/#organization","name":"VitaBlanca","url":"https:\/\/vitablanca.ma\/","logo":{"@type":"ImageObject","inLanguage":"en-US","@id":"https:\/\/vitablanca.ma\/#\/schema\/logo\/image\/","url":"https:\/\/vitablanca.ma\/wp-content\/uploads\/2025\/05\/cropped-vitablanca.png","contentUrl":"https:\/\/vitablanca.ma\/wp-content\/uploads\/2025\/05\/cropped-vitablanca.png","width":360,"height":67,"caption":"VitaBlanca"},"image":{"@id":"https:\/\/vitablanca.ma\/#\/schema\/logo\/image\/"},"sameAs":["https:\/\/www.facebook.com\/profile.php?id=61576678196717","https:\/\/www.tiktok.com\/@vitablanca.ma","https:\/\/www.instagram.com\/vitablanca.ma\/"]}]}},"jetpack_sharing_enabled":true,"_links":{"self":[{"href":"https:\/\/vitablanca.ma\/en\/wp-json\/wp\/v2\/product\/21731","targetHints":{"allow":["GET"]}}],"collection":[{"href":"https:\/\/vitablanca.ma\/en\/wp-json\/wp\/v2\/product"}],"about":[{"href":"https:\/\/vitablanca.ma\/en\/wp-json\/wp\/v2\/types\/product"}],"wp:featuredmedia":[{"embeddable":true,"href":"https:\/\/vitablanca.ma\/en\/wp-json\/wp\/v2\/media\/21726"}],"wp:attachment":[{"href":"https:\/\/vitablanca.ma\/en\/wp-json\/wp\/v2\/media?parent=21731"}],"wp:term":[{"taxonomy":"product_brand","embeddable":true,"href":"https:\/\/vitablanca.ma\/en\/wp-json\/wp\/v2\/product_brand?post=21731"},{"taxonomy":"product_cat","embeddable":true,"href":"https:\/\/vitablanca.ma\/en\/wp-json\/wp\/v2\/product_cat?post=21731"},{"taxonomy":"product_tag","embeddable":true,"href":"https:\/\/vitablanca.ma\/en\/wp-json\/wp\/v2\/product_tag?post=21731"}],"curies":[{"name":"wp","href":"https:\/\/api.w.org\/{rel}","templated":true}]}}