{"id":21716,"date":"2025-06-11T21:29:14","date_gmt":"2025-06-11T21:29:14","guid":{"rendered":"https:\/\/vitablanca.ma\/product\/svr-sun-secure-ecran-mineral-teinte-peaux-seches-a-tres-seches-60g\/"},"modified":"2026-02-08T23:48:02","modified_gmt":"2026-02-08T23:48:02","slug":"svr-sun-secure-ecran-mineral-teinte-peaux-seches-a-tres-seches-60g","status":"publish","type":"product","link":"https:\/\/vitablanca.ma\/en\/product\/svr-sun-secure-ecran-mineral-teinte-peaux-seches-a-tres-seches-60g\/","title":{"rendered":"SVR SUN SECURE Tinted Mineral Screen Dry to very dry skin 60g"},"content":{"rendered":"<h2>SVR SUN SECURE Tinted Mineral Screen Dry to very dry skin.<\/h2>\n<p>SUN SECURE Tinted Mineral Screen SPF50+ is a treatment that combines very high SPF50+ 100% mineral protection and makeup.<br \/>\n60g.<\/p>\n<div class=\"product__main\">\n<div class=\"product__sidebar product__sidebar--is-sticky\">\n<div class=\"inner-wrapper-sticky\">\n<div class=\"product__variants\"><\/div>\n<\/div>\n<\/div>\n<\/div>\n<div class=\"product__content\">\n<div class=\"product__tab expanded\" data-drawer-container=\"\">\n<h3 class=\"product__tab-header\">For whom? For what?<\/h3>\n<div class=\"product__tab-content\" data-drawer-content=\"\">\n<p><strong>UVB + UVA + VISIBLE + INFRARED<\/strong><\/p>\n<p>SUN SECURE Tinted Mineral Sunscreen SPF50+ is a treatment that combines very high SPF50+ 100% mineral protection and makeup. It is suitable for intolerant skin but also for anyone who wants to wear makeup in the sun all year round. Thanks to its good coverage, imperfections are camouflaged, the complexion evens out all day long. It is available in two versions: dry touch cream for normal to combination skin and comfort cream for dry to very dry skin.<\/p>\n<p>Thanks to its universal shade, it&#039;s suitable for all skin tones. This treatment is water, sweat, and friction resistant for optimal protection.<\/p>\n<p><strong>His plus?<\/strong>\u00a0SUN SECURE Tinted Mineral Sunscreen SPF50+ is environmentally friendly. It has passed eco-toxicity tests on algae (ISO 10253) and aquatic invertebrates (ISO 14669). These two species belong to the zooplankton and phytoplankton families, which are essential for the healthy development of corals.<\/p>\n<p><strong>EFFECTIVENESS* PROVEN UNDER DERMATOLOGICAL CONTROL<\/strong><\/p>\n<ul>\n<li><strong>95%<\/strong>\u00a0Good coverage, Resists friction, Conceals imperfections<\/li>\n<li><strong>90%<\/strong>\u00a0Does not leave skin shiny<\/li>\n<li><strong>85%<\/strong>\u00a0convinced volunteers<\/li>\n<\/ul>\n<\/div>\n<\/div>\n<div class=\"product__tab expanded\" data-drawer-container=\"\">\n<h3 class=\"product__tab-header\">How does it work?<\/h3>\n<div class=\"product__tab-content\" data-drawer-content=\"\">\n<p>A strict formulation charter adapted to skin hypersensitive to the sun. Dermatologically proven effectiveness without compromising on the pleasure of use. Hypoallergenic. 100% mineral protection.<\/p>\n<p><strong>\u2022 Very high Anti-UVA and UVB protection<\/strong>\u00a0thanks to a combination of photostable mineral filters:<br \/>\nZINC OXIDE<br \/>\nTITANIUM DIOXIDE<\/p>\n<\/div>\n<\/div>\n<div class=\"product__tab expanded\" data-drawer-container=\"\">\n<h3 class=\"product__tab-header\">How to use it?<\/h3>\n<div class=\"product__tab-content\" data-drawer-content=\"\">\n<p>Apply morning and before each sun exposure to the face. Reapply frequently during prolonged exposure.<\/p>\n<p>Remember to sort when your product is finished:<br \/>\n\u2022 The tube is 100% recyclable and can be placed in the recycling bin.<br \/>\n\u2022 The capsule unclips and, depending on the municipality, can be put in the recycling bin or not.<br \/>\n\u2022 The case in the recycling bin.<\/p>\n<\/div>\n<\/div>\n<\/div>","protected":false},"excerpt":{"rendered":"<p>SVR SUN SECURE \u00c9cran Min\u00e9ral Teint\u00e9 Peaux s\u00e8ches \u00e0 tr\u00e8s s\u00e8ches. SUN SECURE \u00c9cran Min\u00e9ral Teint\u00e9 SPF50+ est un soin qui allie tr\u00e8s haute protection SPF50+ 100% min\u00e9rale et maquillage. 60g. Pour qui ? Pour quoi ? UVB + UVA + VISIBLE + INFRAROUGES SUN SECURE \u00c9cran Min\u00e9ral Teint\u00e9 SPF50+ est un soin qui allie [&hellip;]<\/p>\n","protected":false},"featured_media":21715,"template":"","meta":{"om_disable_all_campaigns":false},"product_brand":[5981],"product_cat":[18,15],"product_tag":[5982,5983,5984,5988,5987,5986,5985],"class_list":{"0":"post-21716","1":"product","2":"type-product","3":"status-publish","4":"has-post-thumbnail","6":"product_brand-svr-original-maroc-au-meilleur-prix","7":"product_cat-beaute-sante","8":"product_cat-beaute-sante-complements-alimentaires-soins-et-bien-etre-au-meilleur-prix","9":"product_tag-laboratoire-svr","10":"product_tag-marque-dermatologique-francaise","11":"product_tag-produits-svr-originaux","12":"product_tag-sun-secure-svr","13":"product_tag-svr","14":"product_tag-svr-laboratoire-dermatologique","15":"product_tag-svr-maroc","17":"first","18":"instock","19":"sale","20":"taxable","21":"shipping-taxable","22":"purchasable","23":"product-type-simple"},"yoast_head":"<!-- This site is optimized with the Yoast SEO plugin v27.4 - https:\/\/yoast.com\/product\/yoast-seo-wordpress\/ -->\n<title>SVR SUN SECURE \u00c9cran Min\u00e9ral Teint\u00e9 Peaux 60g - Maroc Prix<\/title>\n<meta name=\"description\" content=\"SVR Sun Secure \u00c9cran Min\u00e9ral Teint\u00e9 60g prot\u00e8ge les peaux s\u00e8ches \u00e0 tr\u00e8s s\u00e8ches contre les UVA\/UVB, hydrate intens\u00e9ment et unifie le teint.\" \/>\n<meta name=\"robots\" content=\"index, follow, max-snippet:-1, max-image-preview:large, max-video-preview:-1\" \/>\n<link rel=\"canonical\" href=\"https:\/\/vitablanca.ma\/en\/product\/svr-sun-secure-ecran-mineral-teinte-peaux-seches-a-tres-seches-60g\/\" \/>\n<meta property=\"og:locale\" content=\"en_US\" \/>\n<meta property=\"og:type\" content=\"article\" \/>\n<meta property=\"og:title\" content=\"SVR SUN SECURE \u00c9cran Min\u00e9ral Teint\u00e9 Peaux 60g - Maroc Prix\" \/>\n<meta property=\"og:description\" content=\"SVR Sun Secure \u00c9cran Min\u00e9ral Teint\u00e9 60g prot\u00e8ge les peaux s\u00e8ches \u00e0 tr\u00e8s s\u00e8ches contre les UVA\/UVB, hydrate intens\u00e9ment et unifie le teint.\" \/>\n<meta property=\"og:url\" content=\"https:\/\/vitablanca.ma\/en\/product\/svr-sun-secure-ecran-mineral-teinte-peaux-seches-a-tres-seches-60g\/\" \/>\n<meta property=\"og:site_name\" content=\"Vitablanca.ma &ndash; Sant&eacute;, vitalit&eacute; et bien-&ecirc;tre pour tous les Marocains\" \/>\n<meta property=\"article:publisher\" content=\"https:\/\/www.facebook.com\/profile.php?id=61576678196717\" \/>\n<meta property=\"article:modified_time\" content=\"2026-02-08T23:48:02+00:00\" \/>\n<meta property=\"og:image\" content=\"https:\/\/vitablanca.ma\/wp-content\/uploads\/2025\/06\/SVR-SUN-SECURE-Ecran-Mineral-Teinte-Peaux-seches-a-tres-seches-60g-nova-parapharmacie-casablanca.jpg\" \/>\n\t<meta property=\"og:image:width\" content=\"1000\" \/>\n\t<meta property=\"og:image:height\" content=\"1000\" \/>\n\t<meta property=\"og:image:type\" content=\"image\/jpeg\" \/>\n<meta name=\"twitter:card\" content=\"summary_large_image\" \/>\n<meta name=\"twitter:label1\" content=\"Est. reading time\" \/>\n\t<meta name=\"twitter:data1\" content=\"2 minutes\" \/>\n<script type=\"application\/ld+json\" class=\"yoast-schema-graph\">{\"@context\":\"https:\\\/\\\/schema.org\",\"@graph\":[{\"@type\":[\"WebPage\",\"ItemPage\"],\"@id\":\"https:\\\/\\\/vitablanca.ma\\\/produit\\\/svr-sun-secure-ecran-mineral-teinte-peaux-seches-a-tres-seches-60g\\\/\",\"url\":\"https:\\\/\\\/vitablanca.ma\\\/produit\\\/svr-sun-secure-ecran-mineral-teinte-peaux-seches-a-tres-seches-60g\\\/\",\"name\":\"SVR SUN SECURE \u00c9cran Min\u00e9ral Teint\u00e9 Peaux 60g - Maroc Prix\",\"isPartOf\":{\"@id\":\"https:\\\/\\\/vitablanca.ma\\\/#website\"},\"primaryImageOfPage\":{\"@id\":\"https:\\\/\\\/vitablanca.ma\\\/produit\\\/svr-sun-secure-ecran-mineral-teinte-peaux-seches-a-tres-seches-60g\\\/#primaryimage\"},\"image\":{\"@id\":\"https:\\\/\\\/vitablanca.ma\\\/produit\\\/svr-sun-secure-ecran-mineral-teinte-peaux-seches-a-tres-seches-60g\\\/#primaryimage\"},\"thumbnailUrl\":\"https:\\\/\\\/vitablanca.ma\\\/wp-content\\\/uploads\\\/2025\\\/06\\\/SVR-SUN-SECURE-Ecran-Mineral-Teinte-Peaux-seches-a-tres-seches-60g-nova-parapharmacie-casablanca.jpg\",\"datePublished\":\"2025-06-11T21:29:14+00:00\",\"dateModified\":\"2026-02-08T23:48:02+00:00\",\"description\":\"SVR Sun Secure \u00c9cran Min\u00e9ral Teint\u00e9 60g prot\u00e8ge les peaux s\u00e8ches \u00e0 tr\u00e8s s\u00e8ches contre les UVA\\\/UVB, hydrate intens\u00e9ment et unifie le teint.\",\"breadcrumb\":{\"@id\":\"https:\\\/\\\/vitablanca.ma\\\/produit\\\/svr-sun-secure-ecran-mineral-teinte-peaux-seches-a-tres-seches-60g\\\/#breadcrumb\"},\"inLanguage\":\"en-US\",\"potentialAction\":[{\"@type\":\"ReadAction\",\"target\":[\"https:\\\/\\\/vitablanca.ma\\\/produit\\\/svr-sun-secure-ecran-mineral-teinte-peaux-seches-a-tres-seches-60g\\\/\"]}]},{\"@type\":\"ImageObject\",\"inLanguage\":\"en-US\",\"@id\":\"https:\\\/\\\/vitablanca.ma\\\/produit\\\/svr-sun-secure-ecran-mineral-teinte-peaux-seches-a-tres-seches-60g\\\/#primaryimage\",\"url\":\"https:\\\/\\\/vitablanca.ma\\\/wp-content\\\/uploads\\\/2025\\\/06\\\/SVR-SUN-SECURE-Ecran-Mineral-Teinte-Peaux-seches-a-tres-seches-60g-nova-parapharmacie-casablanca.jpg\",\"contentUrl\":\"https:\\\/\\\/vitablanca.ma\\\/wp-content\\\/uploads\\\/2025\\\/06\\\/SVR-SUN-SECURE-Ecran-Mineral-Teinte-Peaux-seches-a-tres-seches-60g-nova-parapharmacie-casablanca.jpg\",\"width\":1000,\"height\":1000},{\"@type\":\"BreadcrumbList\",\"@id\":\"https:\\\/\\\/vitablanca.ma\\\/produit\\\/svr-sun-secure-ecran-mineral-teinte-peaux-seches-a-tres-seches-60g\\\/#breadcrumb\",\"itemListElement\":[{\"@type\":\"ListItem\",\"position\":1,\"name\":\"Home\",\"item\":\"https:\\\/\\\/vitablanca.ma\\\/\"},{\"@type\":\"ListItem\",\"position\":2,\"name\":\"Tous Les Produits\",\"item\":\"https:\\\/\\\/vitablanca.ma\\\/tous-les-produits\\\/\"},{\"@type\":\"ListItem\",\"position\":3,\"name\":\"SVR SUN SECURE \u00c9cran Min\u00e9ral Teint\u00e9 Peaux s\u00e8ches \u00e0 tr\u00e8s s\u00e8ches 60g\"}]},{\"@type\":\"WebSite\",\"@id\":\"https:\\\/\\\/vitablanca.ma\\\/#website\",\"url\":\"https:\\\/\\\/vitablanca.ma\\\/\",\"name\":\"VitaBlanca.ma | Compl\u00e9ments alimentaires, sant\u00e9 & beaut\u00e9 au Maroc\",\"description\":\"vendre vitamines et compl\u00e9ments premium des USA &amp; Canada, Nouvelle Z\u00e9lande,Maroc (NOW Foods, Solgar, Manuka). Livraison rapide partout au Maroc.\",\"publisher\":{\"@id\":\"https:\\\/\\\/vitablanca.ma\\\/#organization\"},\"alternateName\":\"VitaBlanca.ma\",\"potentialAction\":[{\"@type\":\"SearchAction\",\"target\":{\"@type\":\"EntryPoint\",\"urlTemplate\":\"https:\\\/\\\/vitablanca.ma\\\/?s={search_term_string}\"},\"query-input\":{\"@type\":\"PropertyValueSpecification\",\"valueRequired\":true,\"valueName\":\"search_term_string\"}}],\"inLanguage\":\"en-US\"},{\"@type\":\"Organization\",\"@id\":\"https:\\\/\\\/vitablanca.ma\\\/#organization\",\"name\":\"VitaBlanca\",\"url\":\"https:\\\/\\\/vitablanca.ma\\\/\",\"logo\":{\"@type\":\"ImageObject\",\"inLanguage\":\"en-US\",\"@id\":\"https:\\\/\\\/vitablanca.ma\\\/#\\\/schema\\\/logo\\\/image\\\/\",\"url\":\"https:\\\/\\\/vitablanca.ma\\\/wp-content\\\/uploads\\\/2025\\\/05\\\/cropped-vitablanca.png\",\"contentUrl\":\"https:\\\/\\\/vitablanca.ma\\\/wp-content\\\/uploads\\\/2025\\\/05\\\/cropped-vitablanca.png\",\"width\":360,\"height\":67,\"caption\":\"VitaBlanca\"},\"image\":{\"@id\":\"https:\\\/\\\/vitablanca.ma\\\/#\\\/schema\\\/logo\\\/image\\\/\"},\"sameAs\":[\"https:\\\/\\\/www.facebook.com\\\/profile.php?id=61576678196717\",\"https:\\\/\\\/www.tiktok.com\\\/@vitablanca.ma\",\"https:\\\/\\\/www.instagram.com\\\/vitablanca.ma\\\/\"]}]}<\/script>\n<!-- \/ Yoast SEO plugin. -->","yoast_head_json":{"title":"SVR SUN SECURE \u00c9cran Min\u00e9ral Teint\u00e9 Peaux 60g - Maroc Prix","description":"SVR Sun Secure \u00c9cran Min\u00e9ral Teint\u00e9 60g prot\u00e8ge les peaux s\u00e8ches \u00e0 tr\u00e8s s\u00e8ches contre les UVA\/UVB, hydrate intens\u00e9ment et unifie le teint.","robots":{"index":"index","follow":"follow","max-snippet":"max-snippet:-1","max-image-preview":"max-image-preview:large","max-video-preview":"max-video-preview:-1"},"canonical":"https:\/\/vitablanca.ma\/en\/product\/svr-sun-secure-ecran-mineral-teinte-peaux-seches-a-tres-seches-60g\/","og_locale":"en_US","og_type":"article","og_title":"SVR SUN SECURE \u00c9cran Min\u00e9ral Teint\u00e9 Peaux 60g - Maroc Prix","og_description":"SVR Sun Secure \u00c9cran Min\u00e9ral Teint\u00e9 60g prot\u00e8ge les peaux s\u00e8ches \u00e0 tr\u00e8s s\u00e8ches contre les UVA\/UVB, hydrate intens\u00e9ment et unifie le teint.","og_url":"https:\/\/vitablanca.ma\/en\/product\/svr-sun-secure-ecran-mineral-teinte-peaux-seches-a-tres-seches-60g\/","og_site_name":"Vitablanca.ma &ndash; Sant&eacute;, vitalit&eacute; et bien-&ecirc;tre pour tous les Marocains","article_publisher":"https:\/\/www.facebook.com\/profile.php?id=61576678196717","article_modified_time":"2026-02-08T23:48:02+00:00","og_image":[{"width":1000,"height":1000,"url":"https:\/\/vitablanca.ma\/wp-content\/uploads\/2025\/06\/SVR-SUN-SECURE-Ecran-Mineral-Teinte-Peaux-seches-a-tres-seches-60g-nova-parapharmacie-casablanca.jpg","type":"image\/jpeg"}],"twitter_card":"summary_large_image","twitter_misc":{"Est. reading time":"2 minutes"},"schema":{"@context":"https:\/\/schema.org","@graph":[{"@type":["WebPage","ItemPage"],"@id":"https:\/\/vitablanca.ma\/produit\/svr-sun-secure-ecran-mineral-teinte-peaux-seches-a-tres-seches-60g\/","url":"https:\/\/vitablanca.ma\/produit\/svr-sun-secure-ecran-mineral-teinte-peaux-seches-a-tres-seches-60g\/","name":"SVR SUN SECURE \u00c9cran Min\u00e9ral Teint\u00e9 Peaux 60g - Maroc Prix","isPartOf":{"@id":"https:\/\/vitablanca.ma\/#website"},"primaryImageOfPage":{"@id":"https:\/\/vitablanca.ma\/produit\/svr-sun-secure-ecran-mineral-teinte-peaux-seches-a-tres-seches-60g\/#primaryimage"},"image":{"@id":"https:\/\/vitablanca.ma\/produit\/svr-sun-secure-ecran-mineral-teinte-peaux-seches-a-tres-seches-60g\/#primaryimage"},"thumbnailUrl":"https:\/\/vitablanca.ma\/wp-content\/uploads\/2025\/06\/SVR-SUN-SECURE-Ecran-Mineral-Teinte-Peaux-seches-a-tres-seches-60g-nova-parapharmacie-casablanca.jpg","datePublished":"2025-06-11T21:29:14+00:00","dateModified":"2026-02-08T23:48:02+00:00","description":"SVR Sun Secure \u00c9cran Min\u00e9ral Teint\u00e9 60g prot\u00e8ge les peaux s\u00e8ches \u00e0 tr\u00e8s s\u00e8ches contre les UVA\/UVB, hydrate intens\u00e9ment et unifie le teint.","breadcrumb":{"@id":"https:\/\/vitablanca.ma\/produit\/svr-sun-secure-ecran-mineral-teinte-peaux-seches-a-tres-seches-60g\/#breadcrumb"},"inLanguage":"en-US","potentialAction":[{"@type":"ReadAction","target":["https:\/\/vitablanca.ma\/produit\/svr-sun-secure-ecran-mineral-teinte-peaux-seches-a-tres-seches-60g\/"]}]},{"@type":"ImageObject","inLanguage":"en-US","@id":"https:\/\/vitablanca.ma\/produit\/svr-sun-secure-ecran-mineral-teinte-peaux-seches-a-tres-seches-60g\/#primaryimage","url":"https:\/\/vitablanca.ma\/wp-content\/uploads\/2025\/06\/SVR-SUN-SECURE-Ecran-Mineral-Teinte-Peaux-seches-a-tres-seches-60g-nova-parapharmacie-casablanca.jpg","contentUrl":"https:\/\/vitablanca.ma\/wp-content\/uploads\/2025\/06\/SVR-SUN-SECURE-Ecran-Mineral-Teinte-Peaux-seches-a-tres-seches-60g-nova-parapharmacie-casablanca.jpg","width":1000,"height":1000},{"@type":"BreadcrumbList","@id":"https:\/\/vitablanca.ma\/produit\/svr-sun-secure-ecran-mineral-teinte-peaux-seches-a-tres-seches-60g\/#breadcrumb","itemListElement":[{"@type":"ListItem","position":1,"name":"Home","item":"https:\/\/vitablanca.ma\/"},{"@type":"ListItem","position":2,"name":"Tous Les Produits","item":"https:\/\/vitablanca.ma\/tous-les-produits\/"},{"@type":"ListItem","position":3,"name":"SVR SUN SECURE \u00c9cran Min\u00e9ral Teint\u00e9 Peaux s\u00e8ches \u00e0 tr\u00e8s s\u00e8ches 60g"}]},{"@type":"WebSite","@id":"https:\/\/vitablanca.ma\/#website","url":"https:\/\/vitablanca.ma\/","name":"VitaBlanca.ma | Food supplements, health &amp; beauty in Morocco","description":"sell premium vitamins and supplements from USA &amp; Canada, New Zealand, Morocco (NOW Foods, Solgar, Manuka). Fast delivery anywhere in Morocco.","publisher":{"@id":"https:\/\/vitablanca.ma\/#organization"},"alternateName":"VitaBlanca.ma","potentialAction":[{"@type":"SearchAction","target":{"@type":"EntryPoint","urlTemplate":"https:\/\/vitablanca.ma\/?s={search_term_string}"},"query-input":{"@type":"PropertyValueSpecification","valueRequired":true,"valueName":"search_term_string"}}],"inLanguage":"en-US"},{"@type":"Organization","@id":"https:\/\/vitablanca.ma\/#organization","name":"VitaBlanca","url":"https:\/\/vitablanca.ma\/","logo":{"@type":"ImageObject","inLanguage":"en-US","@id":"https:\/\/vitablanca.ma\/#\/schema\/logo\/image\/","url":"https:\/\/vitablanca.ma\/wp-content\/uploads\/2025\/05\/cropped-vitablanca.png","contentUrl":"https:\/\/vitablanca.ma\/wp-content\/uploads\/2025\/05\/cropped-vitablanca.png","width":360,"height":67,"caption":"VitaBlanca"},"image":{"@id":"https:\/\/vitablanca.ma\/#\/schema\/logo\/image\/"},"sameAs":["https:\/\/www.facebook.com\/profile.php?id=61576678196717","https:\/\/www.tiktok.com\/@vitablanca.ma","https:\/\/www.instagram.com\/vitablanca.ma\/"]}]}},"jetpack_sharing_enabled":true,"_links":{"self":[{"href":"https:\/\/vitablanca.ma\/en\/wp-json\/wp\/v2\/product\/21716","targetHints":{"allow":["GET"]}}],"collection":[{"href":"https:\/\/vitablanca.ma\/en\/wp-json\/wp\/v2\/product"}],"about":[{"href":"https:\/\/vitablanca.ma\/en\/wp-json\/wp\/v2\/types\/product"}],"wp:featuredmedia":[{"embeddable":true,"href":"https:\/\/vitablanca.ma\/en\/wp-json\/wp\/v2\/media\/21715"}],"wp:attachment":[{"href":"https:\/\/vitablanca.ma\/en\/wp-json\/wp\/v2\/media?parent=21716"}],"wp:term":[{"taxonomy":"product_brand","embeddable":true,"href":"https:\/\/vitablanca.ma\/en\/wp-json\/wp\/v2\/product_brand?post=21716"},{"taxonomy":"product_cat","embeddable":true,"href":"https:\/\/vitablanca.ma\/en\/wp-json\/wp\/v2\/product_cat?post=21716"},{"taxonomy":"product_tag","embeddable":true,"href":"https:\/\/vitablanca.ma\/en\/wp-json\/wp\/v2\/product_tag?post=21716"}],"curies":[{"name":"wp","href":"https:\/\/api.w.org\/{rel}","templated":true}]}}