{"id":21691,"date":"2025-06-11T21:28:43","date_gmt":"2025-06-11T21:28:43","guid":{"rendered":"https:\/\/vitablanca.ma\/product\/roge-cavailles-soin-naturel-toilette-intime-petite-fille-250ml\/"},"modified":"2026-02-09T00:46:02","modified_gmt":"2026-02-09T00:46:02","slug":"roge-cavailles-soin-naturel-toilette-intime-petite-fille-250ml","status":"publish","type":"product","link":"https:\/\/vitablanca.ma\/en\/product\/roge-cavailles-soin-naturel-toilette-intime-petite-fille-250ml\/","title":{"rendered":"Rog\u00e9 Cavaill\u00e8s Natural Intimate Care for Little Girls 250ml"},"content":{"rendered":"<h2>Rog\u00e9 Cavaill\u00e8s Natural Intimate Care for Little Girls\u00a0<span data-mce-fragment=\"1\">Ideal for the daily hygiene of little girls<\/span><\/h2>\n<p>Made with 97% of naturally derived ingredients, this ultra-gentle Children&#039;s Intimate Gel has been specially developed for the daily cleansing of little girls. Particularly those prone to redness and irritation. A gentle treatment combined with unique regenerating comfort.<\/p>\n<p>-Formula enriched with prebiotics to strengthen the flora, respect and protect the intimate balance<\/p>\n<p>-Tested under pediatric control, at physiological pH and soap-free for maximum respect for intimate mucous membranes<\/p>\n<p>-Enriched with softening marshmallow for a gentle wash<\/p>\n<div class=\"accordion collapse show\">\n<div class=\"accordion-header\">\n<h3 class=\"mb-0\">DIRECTIONS FOR USE<\/h3>\n<\/div>\n<div class=\"accordion-body\">\n<div class=\"wysiwyg\">\n<p>This Intimate Gel for Little Girls can be used like a liquid soap on the body and intimate mucous membranes, even the most sensitive. Once or twice a day and daily, for external use only. Remember to rinse thoroughly!<\/p>\n<\/div>\n<\/div>\n<\/div>\n<div class=\"accordion collapse show\">\n<div class=\"accordion-header\">\n<h3 class=\"mb-0\">PRODUCT COMPOSITION<\/h3>\n<\/div>\n<div class=\"accordion-body\">\n<div>\n<p>Aqua, Decyl Glucoside, Glycerin, Coco-Betaine, Sodium Lauroyl Glutamate, Glyceryl Oleate, Spinosa Gum, Sodium Gluconate, Citric Acid, Sodium Hydroxide, CI 17200<\/p>\n<\/div>\n<\/div>\n<\/div>","protected":false},"excerpt":{"rendered":"<p>Rog\u00e9 cavaill\u00e8s Soin Naturel Toilette Intime Petite Fille\u00a0Id\u00e9al pour la toilette quotidienne des petites filles Compos\u00e9 \u00e0 97% d\u2019ingr\u00e9dients d\u2019origine naturelle, ce Gel Intime Enfant ultra-respectueux a \u00e9t\u00e9 sp\u00e9cialement d\u00e9velopp\u00e9 pour la toilette quotidienne des petites filles. Particuli\u00e8rement celles sujettes aux rougeurs et aux irritations. Un soin tout en douceur doubl\u00e9 d\u2019un confort r\u00e9g\u00e9n\u00e9rant unique. [&hellip;]<\/p>\n","protected":false},"featured_media":21688,"template":"","meta":{"om_disable_all_campaigns":false},"product_brand":[],"product_cat":[15],"product_tag":[8835,8837,8836,270,6957,8834,8838,8573,8833,8839],"class_list":{"0":"post-21691","1":"product","2":"type-product","3":"status-publish","4":"has-post-thumbnail","6":"product_cat-beaute-sante-complements-alimentaires-soins-et-bien-etre-au-meilleur-prix","7":"product_tag-gel-250ml","8":"product_tag-gel-doux","9":"product_tag-hygiene-intime-enfants","10":"product_tag-hypoallergenique","11":"product_tag-parapharmacie","12":"product_tag-petite-fille","13":"product_tag-ph-physiologique","14":"product_tag-roge-cavailles","15":"product_tag-soin-naturel-toilette-intime","16":"product_tag-toilette-quotidienne","18":"first","19":"instock","20":"sale","21":"taxable","22":"shipping-taxable","23":"purchasable","24":"product-type-simple"},"yoast_head":"<!-- This site is optimized with the Yoast SEO plugin v27.4 - https:\/\/yoast.com\/product\/yoast-seo-wordpress\/ -->\n<title>Rog\u00e9 cavaill\u00e8s Soin Naturel Toilette Intime 250ml - Maroc Prix<\/title>\n<meta name=\"description\" content=\"Rog\u00e9 Cavaill\u00e8s Soin Naturel Toilette Intime Petite Fille 250ml nettoie en douceur, respecte le pH physiologique et prot\u00e8ge l\u2019\u00e9quilibre des muqueuses\" \/>\n<meta name=\"robots\" content=\"index, follow, max-snippet:-1, max-image-preview:large, max-video-preview:-1\" \/>\n<link rel=\"canonical\" href=\"https:\/\/vitablanca.ma\/en\/product\/roge-cavailles-soin-naturel-toilette-intime-petite-fille-250ml\/\" \/>\n<meta property=\"og:locale\" content=\"en_US\" \/>\n<meta property=\"og:type\" content=\"article\" \/>\n<meta property=\"og:title\" content=\"Rog\u00e9 cavaill\u00e8s Soin Naturel Toilette Intime 250ml - Maroc Prix\" \/>\n<meta property=\"og:description\" content=\"Rog\u00e9 Cavaill\u00e8s Soin Naturel Toilette Intime Petite Fille 250ml nettoie en douceur, respecte le pH physiologique et prot\u00e8ge l\u2019\u00e9quilibre des muqueuses\" \/>\n<meta property=\"og:url\" content=\"https:\/\/vitablanca.ma\/en\/product\/roge-cavailles-soin-naturel-toilette-intime-petite-fille-250ml\/\" \/>\n<meta property=\"og:site_name\" content=\"Vitablanca.ma &ndash; Sant&eacute;, vitalit&eacute; et bien-&ecirc;tre pour tous les Marocains\" \/>\n<meta property=\"article:publisher\" content=\"https:\/\/www.facebook.com\/profile.php?id=61576678196717\" \/>\n<meta property=\"article:modified_time\" content=\"2026-02-09T00:46:02+00:00\" \/>\n<meta property=\"og:image\" content=\"https:\/\/vitablanca.ma\/wp-content\/uploads\/2025\/06\/Roge-cavailles-Soin-Naturel-Toilette-Intime-Petite-Fille-250ml-nova-parapharmacie-maroc.png\" \/>\n\t<meta property=\"og:image:width\" content=\"1000\" \/>\n\t<meta property=\"og:image:height\" content=\"1000\" \/>\n\t<meta property=\"og:image:type\" content=\"image\/png\" \/>\n<meta name=\"twitter:card\" content=\"summary_large_image\" \/>\n<meta name=\"twitter:label1\" content=\"Est. reading time\" \/>\n\t<meta name=\"twitter:data1\" content=\"2 minutes\" \/>\n<script type=\"application\/ld+json\" class=\"yoast-schema-graph\">{\"@context\":\"https:\\\/\\\/schema.org\",\"@graph\":[{\"@type\":[\"WebPage\",\"ItemPage\"],\"@id\":\"https:\\\/\\\/vitablanca.ma\\\/produit\\\/roge-cavailles-soin-naturel-toilette-intime-petite-fille-250ml\\\/\",\"url\":\"https:\\\/\\\/vitablanca.ma\\\/produit\\\/roge-cavailles-soin-naturel-toilette-intime-petite-fille-250ml\\\/\",\"name\":\"Rog\u00e9 cavaill\u00e8s Soin Naturel Toilette Intime 250ml - Maroc Prix\",\"isPartOf\":{\"@id\":\"https:\\\/\\\/vitablanca.ma\\\/#website\"},\"primaryImageOfPage\":{\"@id\":\"https:\\\/\\\/vitablanca.ma\\\/produit\\\/roge-cavailles-soin-naturel-toilette-intime-petite-fille-250ml\\\/#primaryimage\"},\"image\":{\"@id\":\"https:\\\/\\\/vitablanca.ma\\\/produit\\\/roge-cavailles-soin-naturel-toilette-intime-petite-fille-250ml\\\/#primaryimage\"},\"thumbnailUrl\":\"https:\\\/\\\/vitablanca.ma\\\/wp-content\\\/uploads\\\/2025\\\/06\\\/Roge-cavailles-Soin-Naturel-Toilette-Intime-Petite-Fille-250ml-nova-parapharmacie-maroc.png\",\"datePublished\":\"2025-06-11T21:28:43+00:00\",\"dateModified\":\"2026-02-09T00:46:02+00:00\",\"description\":\"Rog\u00e9 Cavaill\u00e8s Soin Naturel Toilette Intime Petite Fille 250ml nettoie en douceur, respecte le pH physiologique et prot\u00e8ge l\u2019\u00e9quilibre des muqueuses\",\"breadcrumb\":{\"@id\":\"https:\\\/\\\/vitablanca.ma\\\/produit\\\/roge-cavailles-soin-naturel-toilette-intime-petite-fille-250ml\\\/#breadcrumb\"},\"inLanguage\":\"en-US\",\"potentialAction\":[{\"@type\":\"ReadAction\",\"target\":[\"https:\\\/\\\/vitablanca.ma\\\/produit\\\/roge-cavailles-soin-naturel-toilette-intime-petite-fille-250ml\\\/\"]}]},{\"@type\":\"ImageObject\",\"inLanguage\":\"en-US\",\"@id\":\"https:\\\/\\\/vitablanca.ma\\\/produit\\\/roge-cavailles-soin-naturel-toilette-intime-petite-fille-250ml\\\/#primaryimage\",\"url\":\"https:\\\/\\\/vitablanca.ma\\\/wp-content\\\/uploads\\\/2025\\\/06\\\/Roge-cavailles-Soin-Naturel-Toilette-Intime-Petite-Fille-250ml-nova-parapharmacie-maroc.png\",\"contentUrl\":\"https:\\\/\\\/vitablanca.ma\\\/wp-content\\\/uploads\\\/2025\\\/06\\\/Roge-cavailles-Soin-Naturel-Toilette-Intime-Petite-Fille-250ml-nova-parapharmacie-maroc.png\",\"width\":1000,\"height\":1000},{\"@type\":\"BreadcrumbList\",\"@id\":\"https:\\\/\\\/vitablanca.ma\\\/produit\\\/roge-cavailles-soin-naturel-toilette-intime-petite-fille-250ml\\\/#breadcrumb\",\"itemListElement\":[{\"@type\":\"ListItem\",\"position\":1,\"name\":\"Home\",\"item\":\"https:\\\/\\\/vitablanca.ma\\\/\"},{\"@type\":\"ListItem\",\"position\":2,\"name\":\"Tous Les Produits\",\"item\":\"https:\\\/\\\/vitablanca.ma\\\/tous-les-produits\\\/\"},{\"@type\":\"ListItem\",\"position\":3,\"name\":\"Rog\u00e9 cavaill\u00e8s Soin Naturel Toilette Intime Petite Fille 250ml\"}]},{\"@type\":\"WebSite\",\"@id\":\"https:\\\/\\\/vitablanca.ma\\\/#website\",\"url\":\"https:\\\/\\\/vitablanca.ma\\\/\",\"name\":\"VitaBlanca.ma | Compl\u00e9ments alimentaires, sant\u00e9 & beaut\u00e9 au Maroc\",\"description\":\"vendre vitamines et compl\u00e9ments premium des USA &amp; Canada, Nouvelle Z\u00e9lande,Maroc (NOW Foods, Solgar, Manuka). Livraison rapide partout au Maroc.\",\"publisher\":{\"@id\":\"https:\\\/\\\/vitablanca.ma\\\/#organization\"},\"alternateName\":\"VitaBlanca.ma\",\"potentialAction\":[{\"@type\":\"SearchAction\",\"target\":{\"@type\":\"EntryPoint\",\"urlTemplate\":\"https:\\\/\\\/vitablanca.ma\\\/?s={search_term_string}\"},\"query-input\":{\"@type\":\"PropertyValueSpecification\",\"valueRequired\":true,\"valueName\":\"search_term_string\"}}],\"inLanguage\":\"en-US\"},{\"@type\":\"Organization\",\"@id\":\"https:\\\/\\\/vitablanca.ma\\\/#organization\",\"name\":\"VitaBlanca\",\"url\":\"https:\\\/\\\/vitablanca.ma\\\/\",\"logo\":{\"@type\":\"ImageObject\",\"inLanguage\":\"en-US\",\"@id\":\"https:\\\/\\\/vitablanca.ma\\\/#\\\/schema\\\/logo\\\/image\\\/\",\"url\":\"https:\\\/\\\/vitablanca.ma\\\/wp-content\\\/uploads\\\/2025\\\/05\\\/cropped-vitablanca.png\",\"contentUrl\":\"https:\\\/\\\/vitablanca.ma\\\/wp-content\\\/uploads\\\/2025\\\/05\\\/cropped-vitablanca.png\",\"width\":360,\"height\":67,\"caption\":\"VitaBlanca\"},\"image\":{\"@id\":\"https:\\\/\\\/vitablanca.ma\\\/#\\\/schema\\\/logo\\\/image\\\/\"},\"sameAs\":[\"https:\\\/\\\/www.facebook.com\\\/profile.php?id=61576678196717\",\"https:\\\/\\\/www.tiktok.com\\\/@vitablanca.ma\",\"https:\\\/\\\/www.instagram.com\\\/vitablanca.ma\\\/\"]}]}<\/script>\n<!-- \/ Yoast SEO plugin. -->","yoast_head_json":{"title":"Rog\u00e9 cavaill\u00e8s Soin Naturel Toilette Intime 250ml - Maroc Prix","description":"Rog\u00e9 Cavaill\u00e8s Soin Naturel Toilette Intime Petite Fille 250ml nettoie en douceur, respecte le pH physiologique et prot\u00e8ge l\u2019\u00e9quilibre des muqueuses","robots":{"index":"index","follow":"follow","max-snippet":"max-snippet:-1","max-image-preview":"max-image-preview:large","max-video-preview":"max-video-preview:-1"},"canonical":"https:\/\/vitablanca.ma\/en\/product\/roge-cavailles-soin-naturel-toilette-intime-petite-fille-250ml\/","og_locale":"en_US","og_type":"article","og_title":"Rog\u00e9 cavaill\u00e8s Soin Naturel Toilette Intime 250ml - Maroc Prix","og_description":"Rog\u00e9 Cavaill\u00e8s Soin Naturel Toilette Intime Petite Fille 250ml nettoie en douceur, respecte le pH physiologique et prot\u00e8ge l\u2019\u00e9quilibre des muqueuses","og_url":"https:\/\/vitablanca.ma\/en\/product\/roge-cavailles-soin-naturel-toilette-intime-petite-fille-250ml\/","og_site_name":"Vitablanca.ma &ndash; Sant&eacute;, vitalit&eacute; et bien-&ecirc;tre pour tous les Marocains","article_publisher":"https:\/\/www.facebook.com\/profile.php?id=61576678196717","article_modified_time":"2026-02-09T00:46:02+00:00","og_image":[{"width":1000,"height":1000,"url":"https:\/\/vitablanca.ma\/wp-content\/uploads\/2025\/06\/Roge-cavailles-Soin-Naturel-Toilette-Intime-Petite-Fille-250ml-nova-parapharmacie-maroc.png","type":"image\/png"}],"twitter_card":"summary_large_image","twitter_misc":{"Est. reading time":"2 minutes"},"schema":{"@context":"https:\/\/schema.org","@graph":[{"@type":["WebPage","ItemPage"],"@id":"https:\/\/vitablanca.ma\/produit\/roge-cavailles-soin-naturel-toilette-intime-petite-fille-250ml\/","url":"https:\/\/vitablanca.ma\/produit\/roge-cavailles-soin-naturel-toilette-intime-petite-fille-250ml\/","name":"Rog\u00e9 cavaill\u00e8s Soin Naturel Toilette Intime 250ml - Maroc Prix","isPartOf":{"@id":"https:\/\/vitablanca.ma\/#website"},"primaryImageOfPage":{"@id":"https:\/\/vitablanca.ma\/produit\/roge-cavailles-soin-naturel-toilette-intime-petite-fille-250ml\/#primaryimage"},"image":{"@id":"https:\/\/vitablanca.ma\/produit\/roge-cavailles-soin-naturel-toilette-intime-petite-fille-250ml\/#primaryimage"},"thumbnailUrl":"https:\/\/vitablanca.ma\/wp-content\/uploads\/2025\/06\/Roge-cavailles-Soin-Naturel-Toilette-Intime-Petite-Fille-250ml-nova-parapharmacie-maroc.png","datePublished":"2025-06-11T21:28:43+00:00","dateModified":"2026-02-09T00:46:02+00:00","description":"Rog\u00e9 Cavaill\u00e8s Soin Naturel Toilette Intime Petite Fille 250ml nettoie en douceur, respecte le pH physiologique et prot\u00e8ge l\u2019\u00e9quilibre des muqueuses","breadcrumb":{"@id":"https:\/\/vitablanca.ma\/produit\/roge-cavailles-soin-naturel-toilette-intime-petite-fille-250ml\/#breadcrumb"},"inLanguage":"en-US","potentialAction":[{"@type":"ReadAction","target":["https:\/\/vitablanca.ma\/produit\/roge-cavailles-soin-naturel-toilette-intime-petite-fille-250ml\/"]}]},{"@type":"ImageObject","inLanguage":"en-US","@id":"https:\/\/vitablanca.ma\/produit\/roge-cavailles-soin-naturel-toilette-intime-petite-fille-250ml\/#primaryimage","url":"https:\/\/vitablanca.ma\/wp-content\/uploads\/2025\/06\/Roge-cavailles-Soin-Naturel-Toilette-Intime-Petite-Fille-250ml-nova-parapharmacie-maroc.png","contentUrl":"https:\/\/vitablanca.ma\/wp-content\/uploads\/2025\/06\/Roge-cavailles-Soin-Naturel-Toilette-Intime-Petite-Fille-250ml-nova-parapharmacie-maroc.png","width":1000,"height":1000},{"@type":"BreadcrumbList","@id":"https:\/\/vitablanca.ma\/produit\/roge-cavailles-soin-naturel-toilette-intime-petite-fille-250ml\/#breadcrumb","itemListElement":[{"@type":"ListItem","position":1,"name":"Home","item":"https:\/\/vitablanca.ma\/"},{"@type":"ListItem","position":2,"name":"Tous Les Produits","item":"https:\/\/vitablanca.ma\/tous-les-produits\/"},{"@type":"ListItem","position":3,"name":"Rog\u00e9 cavaill\u00e8s Soin Naturel Toilette Intime Petite Fille 250ml"}]},{"@type":"WebSite","@id":"https:\/\/vitablanca.ma\/#website","url":"https:\/\/vitablanca.ma\/","name":"VitaBlanca.ma | Food supplements, health &amp; beauty in Morocco","description":"sell premium vitamins and supplements from USA &amp; Canada, New Zealand, Morocco (NOW Foods, Solgar, Manuka). Fast delivery anywhere in Morocco.","publisher":{"@id":"https:\/\/vitablanca.ma\/#organization"},"alternateName":"VitaBlanca.ma","potentialAction":[{"@type":"SearchAction","target":{"@type":"EntryPoint","urlTemplate":"https:\/\/vitablanca.ma\/?s={search_term_string}"},"query-input":{"@type":"PropertyValueSpecification","valueRequired":true,"valueName":"search_term_string"}}],"inLanguage":"en-US"},{"@type":"Organization","@id":"https:\/\/vitablanca.ma\/#organization","name":"VitaBlanca","url":"https:\/\/vitablanca.ma\/","logo":{"@type":"ImageObject","inLanguage":"en-US","@id":"https:\/\/vitablanca.ma\/#\/schema\/logo\/image\/","url":"https:\/\/vitablanca.ma\/wp-content\/uploads\/2025\/05\/cropped-vitablanca.png","contentUrl":"https:\/\/vitablanca.ma\/wp-content\/uploads\/2025\/05\/cropped-vitablanca.png","width":360,"height":67,"caption":"VitaBlanca"},"image":{"@id":"https:\/\/vitablanca.ma\/#\/schema\/logo\/image\/"},"sameAs":["https:\/\/www.facebook.com\/profile.php?id=61576678196717","https:\/\/www.tiktok.com\/@vitablanca.ma","https:\/\/www.instagram.com\/vitablanca.ma\/"]}]}},"jetpack_sharing_enabled":true,"_links":{"self":[{"href":"https:\/\/vitablanca.ma\/en\/wp-json\/wp\/v2\/product\/21691","targetHints":{"allow":["GET"]}}],"collection":[{"href":"https:\/\/vitablanca.ma\/en\/wp-json\/wp\/v2\/product"}],"about":[{"href":"https:\/\/vitablanca.ma\/en\/wp-json\/wp\/v2\/types\/product"}],"wp:featuredmedia":[{"embeddable":true,"href":"https:\/\/vitablanca.ma\/en\/wp-json\/wp\/v2\/media\/21688"}],"wp:attachment":[{"href":"https:\/\/vitablanca.ma\/en\/wp-json\/wp\/v2\/media?parent=21691"}],"wp:term":[{"taxonomy":"product_brand","embeddable":true,"href":"https:\/\/vitablanca.ma\/en\/wp-json\/wp\/v2\/product_brand?post=21691"},{"taxonomy":"product_cat","embeddable":true,"href":"https:\/\/vitablanca.ma\/en\/wp-json\/wp\/v2\/product_cat?post=21691"},{"taxonomy":"product_tag","embeddable":true,"href":"https:\/\/vitablanca.ma\/en\/wp-json\/wp\/v2\/product_tag?post=21691"}],"curies":[{"name":"wp","href":"https:\/\/api.w.org\/{rel}","templated":true}]}}