{"id":21680,"date":"2025-06-11T21:28:27","date_gmt":"2025-06-11T21:28:27","guid":{"rendered":"https:\/\/vitablanca.ma\/product\/roge-cavailles-savon-creme-beurre-de-karite-et-magnolia-115g\/"},"modified":"2026-02-09T01:01:18","modified_gmt":"2026-02-09T01:01:18","slug":"roge-cavailles-savon-creme-beurre-de-karite-et-magnolia-115g","status":"publish","type":"product","link":"https:\/\/vitablanca.ma\/en\/product\/roge-cavailles-savon-creme-beurre-de-karite-et-magnolia-115g\/","title":{"rendered":"Rog\u00e9 Cavaill\u00e8s Cream Soap Shea Butter and Magnolia 115g"},"content":{"rendered":"<h2>Rog\u00e9 Cavaill\u00e8s Cream Soap Shea Butter and Magnolia<\/h2>\n<p>115g<\/p>\n<p data-mce-fragment=\"1\"><strong data-mce-fragment=\"1\">Rog\u00e9 Cavaill\u00e8s Shea Butter &amp; Magnolia Cream Soap<span data-mce-fragment=\"1\">\u00a0<\/span><\/strong>It is an ideal soap for the hygiene of sensitive and dry skin.<\/p>\n<p data-mce-fragment=\"1\">It concentrates all the smoothness of a cream. It contains a formula that combines nourishing ingredients with a plant base: shea butter and magnolia. It cleanses and protects dry and sensitive skin while nourishing it. Its mousse texture envelops the skin in a delicate fragrance with notes of magnolia flowers.<\/p>\n<p data-mce-fragment=\"1\">Thanks to its extreme softness, it can be used daily on the face and body. It leaves the skin soft, supple, and delicately scented.<\/p>\n<h3 data-mce-fragment=\"1\">Indications:<\/h3>\n<p data-mce-fragment=\"1\">Soap for body and facial hygiene. Formulated without parabens or phenoxyethanol. Hypoallergenic. Dermatologically tested.<\/p>\n<h3 data-mce-fragment=\"1\">Directions for use:<\/h3>\n<p data-mce-fragment=\"1\">In the shower or bath, rub the soap in the palm of your hand and let yourself be intoxicated by its fragrance. Lather all over your body then rinse thoroughly with clean water.<\/p>\n<h3 data-mce-fragment=\"1\">Composition :<\/h3>\n<p data-mce-fragment=\"1\">Sodium Palmitate, Sodium Palm Kermelate, Aqua, Glycerin, Palm Kernel Acid, Parfum, Butyrospermum Parkii Butter, PPG-5-Ceteth-20, Magnolia Officinalis Flower Extract, Sodium Chloride, Tetrasodium Edta, Tetrasodium Etidronate, CI77891.<\/p>\n<h3 data-mce-fragment=\"1\">Packaging:<\/h3>\n<p data-mce-fragment=\"1\">1 bar of soap of 115g.<\/p>\n<p data-mce-fragment=\"1\">","protected":false},"excerpt":{"rendered":"<p>Rog\u00e9 Cavaill\u00e8s Savon Cr\u00e8me Beurre de Karit\u00e9 Et Magnolia 115g Rog\u00e9 Cavaill\u00e8s Savon Cr\u00e8me Beurre de Karit\u00e9 &amp; Magnolia\u00a0c&rsquo;est un savon d\u00e9al pour l&rsquo;hygi\u00e8ne des peaux sensibles et s\u00e8ches. Il concentre toute l&rsquo;onctuosit\u00e9 d&rsquo;une cr\u00e8me.Il contient une formule qui associe des ingr\u00e9dients nourrissants \u00e0 une base v\u00e9g\u00e9tale : du beurre de karit\u00e9 et du magnolia. [&hellip;]<\/p>\n","protected":false},"featured_media":21678,"template":"","meta":{"om_disable_all_campaigns":false},"product_brand":[],"product_cat":[15],"product_tag":[8783,6774,8827,8848,8609,6957,6303,6176,8573,8849,8847,6230],"class_list":{"0":"post-21680","1":"product","2":"type-product","3":"status-publish","4":"has-post-thumbnail","6":"product_cat-beaute-sante-complements-alimentaires-soins-et-bien-etre-au-meilleur-prix","7":"product_tag-beurre-de-karite","8":"product_tag-hydratant","9":"product_tag-hygiene-peau-delicate","10":"product_tag-magnolia","11":"product_tag-nettoyant-doux","12":"product_tag-parapharmacie","13":"product_tag-parfum-delicat","14":"product_tag-peau-sensible","15":"product_tag-roge-cavailles","16":"product_tag-savon-115g","17":"product_tag-savon-creme","18":"product_tag-soin-quotidien","20":"first","21":"instock","22":"sale","23":"taxable","24":"shipping-taxable","25":"purchasable","26":"product-type-simple"},"yoast_head":"<!-- This site is optimized with the Yoast SEO plugin v27.4 - https:\/\/yoast.com\/product\/yoast-seo-wordpress\/ -->\n<title>Rog\u00e9 Cavaill\u00e8s Savon Cr\u00e8me Beurre de Karit\u00e9 115g 6 Maroc Prix<\/title>\n<meta name=\"description\" content=\"Rog\u00e9 Cavaill\u00e8s Savon Cr\u00e8me Beurre de Karit\u00e9 et Magnolia 115g nettoie en douceur, hydrate et prot\u00e8ge les peaux sensibles tout en laissant un parfum.\" \/>\n<meta name=\"robots\" content=\"index, follow, max-snippet:-1, max-image-preview:large, max-video-preview:-1\" \/>\n<link rel=\"canonical\" href=\"https:\/\/vitablanca.ma\/en\/product\/roge-cavailles-savon-creme-beurre-de-karite-et-magnolia-115g\/\" \/>\n<meta property=\"og:locale\" content=\"en_US\" \/>\n<meta property=\"og:type\" content=\"article\" \/>\n<meta property=\"og:title\" content=\"Rog\u00e9 Cavaill\u00e8s Savon Cr\u00e8me Beurre de Karit\u00e9 115g 6 Maroc Prix\" \/>\n<meta property=\"og:description\" content=\"Rog\u00e9 Cavaill\u00e8s Savon Cr\u00e8me Beurre de Karit\u00e9 et Magnolia 115g nettoie en douceur, hydrate et prot\u00e8ge les peaux sensibles tout en laissant un parfum.\" \/>\n<meta property=\"og:url\" content=\"https:\/\/vitablanca.ma\/en\/product\/roge-cavailles-savon-creme-beurre-de-karite-et-magnolia-115g\/\" \/>\n<meta property=\"og:site_name\" content=\"Vitablanca.ma &ndash; Sant&eacute;, vitalit&eacute; et bien-&ecirc;tre pour tous les Marocains\" \/>\n<meta property=\"article:publisher\" content=\"https:\/\/www.facebook.com\/profile.php?id=61576678196717\" \/>\n<meta property=\"article:modified_time\" content=\"2026-02-09T01:01:18+00:00\" \/>\n<meta property=\"og:image\" content=\"https:\/\/vitablanca.ma\/wp-content\/uploads\/2025\/06\/Roge-Cavailles-Savon-Creme-Beurre-de-Karite-Et-Magnolia-115g-Nova-para-prix-Maroc.jpg\" \/>\n\t<meta property=\"og:image:width\" content=\"1000\" \/>\n\t<meta property=\"og:image:height\" content=\"1000\" \/>\n\t<meta property=\"og:image:type\" content=\"image\/jpeg\" \/>\n<meta name=\"twitter:card\" content=\"summary_large_image\" \/>\n<meta name=\"twitter:label1\" content=\"Est. reading time\" \/>\n\t<meta name=\"twitter:data1\" content=\"2 minutes\" \/>\n<script type=\"application\/ld+json\" class=\"yoast-schema-graph\">{\"@context\":\"https:\\\/\\\/schema.org\",\"@graph\":[{\"@type\":[\"WebPage\",\"ItemPage\"],\"@id\":\"https:\\\/\\\/vitablanca.ma\\\/produit\\\/roge-cavailles-savon-creme-beurre-de-karite-et-magnolia-115g\\\/\",\"url\":\"https:\\\/\\\/vitablanca.ma\\\/produit\\\/roge-cavailles-savon-creme-beurre-de-karite-et-magnolia-115g\\\/\",\"name\":\"Rog\u00e9 Cavaill\u00e8s Savon Cr\u00e8me Beurre de Karit\u00e9 115g 6 Maroc Prix\",\"isPartOf\":{\"@id\":\"https:\\\/\\\/vitablanca.ma\\\/#website\"},\"primaryImageOfPage\":{\"@id\":\"https:\\\/\\\/vitablanca.ma\\\/produit\\\/roge-cavailles-savon-creme-beurre-de-karite-et-magnolia-115g\\\/#primaryimage\"},\"image\":{\"@id\":\"https:\\\/\\\/vitablanca.ma\\\/produit\\\/roge-cavailles-savon-creme-beurre-de-karite-et-magnolia-115g\\\/#primaryimage\"},\"thumbnailUrl\":\"https:\\\/\\\/vitablanca.ma\\\/wp-content\\\/uploads\\\/2025\\\/06\\\/Roge-Cavailles-Savon-Creme-Beurre-de-Karite-Et-Magnolia-115g-Nova-para-prix-Maroc.jpg\",\"datePublished\":\"2025-06-11T21:28:27+00:00\",\"dateModified\":\"2026-02-09T01:01:18+00:00\",\"description\":\"Rog\u00e9 Cavaill\u00e8s Savon Cr\u00e8me Beurre de Karit\u00e9 et Magnolia 115g nettoie en douceur, hydrate et prot\u00e8ge les peaux sensibles tout en laissant un parfum.\",\"breadcrumb\":{\"@id\":\"https:\\\/\\\/vitablanca.ma\\\/produit\\\/roge-cavailles-savon-creme-beurre-de-karite-et-magnolia-115g\\\/#breadcrumb\"},\"inLanguage\":\"en-US\",\"potentialAction\":[{\"@type\":\"ReadAction\",\"target\":[\"https:\\\/\\\/vitablanca.ma\\\/produit\\\/roge-cavailles-savon-creme-beurre-de-karite-et-magnolia-115g\\\/\"]}]},{\"@type\":\"ImageObject\",\"inLanguage\":\"en-US\",\"@id\":\"https:\\\/\\\/vitablanca.ma\\\/produit\\\/roge-cavailles-savon-creme-beurre-de-karite-et-magnolia-115g\\\/#primaryimage\",\"url\":\"https:\\\/\\\/vitablanca.ma\\\/wp-content\\\/uploads\\\/2025\\\/06\\\/Roge-Cavailles-Savon-Creme-Beurre-de-Karite-Et-Magnolia-115g-Nova-para-prix-Maroc.jpg\",\"contentUrl\":\"https:\\\/\\\/vitablanca.ma\\\/wp-content\\\/uploads\\\/2025\\\/06\\\/Roge-Cavailles-Savon-Creme-Beurre-de-Karite-Et-Magnolia-115g-Nova-para-prix-Maroc.jpg\",\"width\":1000,\"height\":1000},{\"@type\":\"BreadcrumbList\",\"@id\":\"https:\\\/\\\/vitablanca.ma\\\/produit\\\/roge-cavailles-savon-creme-beurre-de-karite-et-magnolia-115g\\\/#breadcrumb\",\"itemListElement\":[{\"@type\":\"ListItem\",\"position\":1,\"name\":\"Home\",\"item\":\"https:\\\/\\\/vitablanca.ma\\\/\"},{\"@type\":\"ListItem\",\"position\":2,\"name\":\"Tous Les Produits\",\"item\":\"https:\\\/\\\/vitablanca.ma\\\/tous-les-produits\\\/\"},{\"@type\":\"ListItem\",\"position\":3,\"name\":\"Rog\u00e9 Cavaill\u00e8s Savon Cr\u00e8me Beurre de Karit\u00e9 Et Magnolia 115g\"}]},{\"@type\":\"WebSite\",\"@id\":\"https:\\\/\\\/vitablanca.ma\\\/#website\",\"url\":\"https:\\\/\\\/vitablanca.ma\\\/\",\"name\":\"VitaBlanca.ma | Compl\u00e9ments alimentaires, sant\u00e9 & beaut\u00e9 au Maroc\",\"description\":\"vendre vitamines et compl\u00e9ments premium des USA &amp; Canada, Nouvelle Z\u00e9lande,Maroc (NOW Foods, Solgar, Manuka). Livraison rapide partout au Maroc.\",\"publisher\":{\"@id\":\"https:\\\/\\\/vitablanca.ma\\\/#organization\"},\"alternateName\":\"VitaBlanca.ma\",\"potentialAction\":[{\"@type\":\"SearchAction\",\"target\":{\"@type\":\"EntryPoint\",\"urlTemplate\":\"https:\\\/\\\/vitablanca.ma\\\/?s={search_term_string}\"},\"query-input\":{\"@type\":\"PropertyValueSpecification\",\"valueRequired\":true,\"valueName\":\"search_term_string\"}}],\"inLanguage\":\"en-US\"},{\"@type\":\"Organization\",\"@id\":\"https:\\\/\\\/vitablanca.ma\\\/#organization\",\"name\":\"VitaBlanca\",\"url\":\"https:\\\/\\\/vitablanca.ma\\\/\",\"logo\":{\"@type\":\"ImageObject\",\"inLanguage\":\"en-US\",\"@id\":\"https:\\\/\\\/vitablanca.ma\\\/#\\\/schema\\\/logo\\\/image\\\/\",\"url\":\"https:\\\/\\\/vitablanca.ma\\\/wp-content\\\/uploads\\\/2025\\\/05\\\/cropped-vitablanca.png\",\"contentUrl\":\"https:\\\/\\\/vitablanca.ma\\\/wp-content\\\/uploads\\\/2025\\\/05\\\/cropped-vitablanca.png\",\"width\":360,\"height\":67,\"caption\":\"VitaBlanca\"},\"image\":{\"@id\":\"https:\\\/\\\/vitablanca.ma\\\/#\\\/schema\\\/logo\\\/image\\\/\"},\"sameAs\":[\"https:\\\/\\\/www.facebook.com\\\/profile.php?id=61576678196717\",\"https:\\\/\\\/www.tiktok.com\\\/@vitablanca.ma\",\"https:\\\/\\\/www.instagram.com\\\/vitablanca.ma\\\/\"]}]}<\/script>\n<!-- \/ Yoast SEO plugin. -->","yoast_head_json":{"title":"Rog\u00e9 Cavaill\u00e8s Savon Cr\u00e8me Beurre de Karit\u00e9 115g 6 Maroc Prix","description":"Rog\u00e9 Cavaill\u00e8s Savon Cr\u00e8me Beurre de Karit\u00e9 et Magnolia 115g nettoie en douceur, hydrate et prot\u00e8ge les peaux sensibles tout en laissant un parfum.","robots":{"index":"index","follow":"follow","max-snippet":"max-snippet:-1","max-image-preview":"max-image-preview:large","max-video-preview":"max-video-preview:-1"},"canonical":"https:\/\/vitablanca.ma\/en\/product\/roge-cavailles-savon-creme-beurre-de-karite-et-magnolia-115g\/","og_locale":"en_US","og_type":"article","og_title":"Rog\u00e9 Cavaill\u00e8s Savon Cr\u00e8me Beurre de Karit\u00e9 115g 6 Maroc Prix","og_description":"Rog\u00e9 Cavaill\u00e8s Savon Cr\u00e8me Beurre de Karit\u00e9 et Magnolia 115g nettoie en douceur, hydrate et prot\u00e8ge les peaux sensibles tout en laissant un parfum.","og_url":"https:\/\/vitablanca.ma\/en\/product\/roge-cavailles-savon-creme-beurre-de-karite-et-magnolia-115g\/","og_site_name":"Vitablanca.ma &ndash; Sant&eacute;, vitalit&eacute; et bien-&ecirc;tre pour tous les Marocains","article_publisher":"https:\/\/www.facebook.com\/profile.php?id=61576678196717","article_modified_time":"2026-02-09T01:01:18+00:00","og_image":[{"width":1000,"height":1000,"url":"https:\/\/vitablanca.ma\/wp-content\/uploads\/2025\/06\/Roge-Cavailles-Savon-Creme-Beurre-de-Karite-Et-Magnolia-115g-Nova-para-prix-Maroc.jpg","type":"image\/jpeg"}],"twitter_card":"summary_large_image","twitter_misc":{"Est. reading time":"2 minutes"},"schema":{"@context":"https:\/\/schema.org","@graph":[{"@type":["WebPage","ItemPage"],"@id":"https:\/\/vitablanca.ma\/produit\/roge-cavailles-savon-creme-beurre-de-karite-et-magnolia-115g\/","url":"https:\/\/vitablanca.ma\/produit\/roge-cavailles-savon-creme-beurre-de-karite-et-magnolia-115g\/","name":"Rog\u00e9 Cavaill\u00e8s Savon Cr\u00e8me Beurre de Karit\u00e9 115g 6 Maroc Prix","isPartOf":{"@id":"https:\/\/vitablanca.ma\/#website"},"primaryImageOfPage":{"@id":"https:\/\/vitablanca.ma\/produit\/roge-cavailles-savon-creme-beurre-de-karite-et-magnolia-115g\/#primaryimage"},"image":{"@id":"https:\/\/vitablanca.ma\/produit\/roge-cavailles-savon-creme-beurre-de-karite-et-magnolia-115g\/#primaryimage"},"thumbnailUrl":"https:\/\/vitablanca.ma\/wp-content\/uploads\/2025\/06\/Roge-Cavailles-Savon-Creme-Beurre-de-Karite-Et-Magnolia-115g-Nova-para-prix-Maroc.jpg","datePublished":"2025-06-11T21:28:27+00:00","dateModified":"2026-02-09T01:01:18+00:00","description":"Rog\u00e9 Cavaill\u00e8s Savon Cr\u00e8me Beurre de Karit\u00e9 et Magnolia 115g nettoie en douceur, hydrate et prot\u00e8ge les peaux sensibles tout en laissant un parfum.","breadcrumb":{"@id":"https:\/\/vitablanca.ma\/produit\/roge-cavailles-savon-creme-beurre-de-karite-et-magnolia-115g\/#breadcrumb"},"inLanguage":"en-US","potentialAction":[{"@type":"ReadAction","target":["https:\/\/vitablanca.ma\/produit\/roge-cavailles-savon-creme-beurre-de-karite-et-magnolia-115g\/"]}]},{"@type":"ImageObject","inLanguage":"en-US","@id":"https:\/\/vitablanca.ma\/produit\/roge-cavailles-savon-creme-beurre-de-karite-et-magnolia-115g\/#primaryimage","url":"https:\/\/vitablanca.ma\/wp-content\/uploads\/2025\/06\/Roge-Cavailles-Savon-Creme-Beurre-de-Karite-Et-Magnolia-115g-Nova-para-prix-Maroc.jpg","contentUrl":"https:\/\/vitablanca.ma\/wp-content\/uploads\/2025\/06\/Roge-Cavailles-Savon-Creme-Beurre-de-Karite-Et-Magnolia-115g-Nova-para-prix-Maroc.jpg","width":1000,"height":1000},{"@type":"BreadcrumbList","@id":"https:\/\/vitablanca.ma\/produit\/roge-cavailles-savon-creme-beurre-de-karite-et-magnolia-115g\/#breadcrumb","itemListElement":[{"@type":"ListItem","position":1,"name":"Home","item":"https:\/\/vitablanca.ma\/"},{"@type":"ListItem","position":2,"name":"Tous Les Produits","item":"https:\/\/vitablanca.ma\/tous-les-produits\/"},{"@type":"ListItem","position":3,"name":"Rog\u00e9 Cavaill\u00e8s Savon Cr\u00e8me Beurre de Karit\u00e9 Et Magnolia 115g"}]},{"@type":"WebSite","@id":"https:\/\/vitablanca.ma\/#website","url":"https:\/\/vitablanca.ma\/","name":"VitaBlanca.ma | Food supplements, health &amp; beauty in Morocco","description":"sell premium vitamins and supplements from USA &amp; Canada, New Zealand, Morocco (NOW Foods, Solgar, Manuka). Fast delivery anywhere in Morocco.","publisher":{"@id":"https:\/\/vitablanca.ma\/#organization"},"alternateName":"VitaBlanca.ma","potentialAction":[{"@type":"SearchAction","target":{"@type":"EntryPoint","urlTemplate":"https:\/\/vitablanca.ma\/?s={search_term_string}"},"query-input":{"@type":"PropertyValueSpecification","valueRequired":true,"valueName":"search_term_string"}}],"inLanguage":"en-US"},{"@type":"Organization","@id":"https:\/\/vitablanca.ma\/#organization","name":"VitaBlanca","url":"https:\/\/vitablanca.ma\/","logo":{"@type":"ImageObject","inLanguage":"en-US","@id":"https:\/\/vitablanca.ma\/#\/schema\/logo\/image\/","url":"https:\/\/vitablanca.ma\/wp-content\/uploads\/2025\/05\/cropped-vitablanca.png","contentUrl":"https:\/\/vitablanca.ma\/wp-content\/uploads\/2025\/05\/cropped-vitablanca.png","width":360,"height":67,"caption":"VitaBlanca"},"image":{"@id":"https:\/\/vitablanca.ma\/#\/schema\/logo\/image\/"},"sameAs":["https:\/\/www.facebook.com\/profile.php?id=61576678196717","https:\/\/www.tiktok.com\/@vitablanca.ma","https:\/\/www.instagram.com\/vitablanca.ma\/"]}]}},"jetpack_sharing_enabled":true,"_links":{"self":[{"href":"https:\/\/vitablanca.ma\/en\/wp-json\/wp\/v2\/product\/21680","targetHints":{"allow":["GET"]}}],"collection":[{"href":"https:\/\/vitablanca.ma\/en\/wp-json\/wp\/v2\/product"}],"about":[{"href":"https:\/\/vitablanca.ma\/en\/wp-json\/wp\/v2\/types\/product"}],"wp:featuredmedia":[{"embeddable":true,"href":"https:\/\/vitablanca.ma\/en\/wp-json\/wp\/v2\/media\/21678"}],"wp:attachment":[{"href":"https:\/\/vitablanca.ma\/en\/wp-json\/wp\/v2\/media?parent=21680"}],"wp:term":[{"taxonomy":"product_brand","embeddable":true,"href":"https:\/\/vitablanca.ma\/en\/wp-json\/wp\/v2\/product_brand?post=21680"},{"taxonomy":"product_cat","embeddable":true,"href":"https:\/\/vitablanca.ma\/en\/wp-json\/wp\/v2\/product_cat?post=21680"},{"taxonomy":"product_tag","embeddable":true,"href":"https:\/\/vitablanca.ma\/en\/wp-json\/wp\/v2\/product_tag?post=21680"}],"curies":[{"name":"wp","href":"https:\/\/api.w.org\/{rel}","templated":true}]}}