{"id":21662,"date":"2025-06-11T21:28:03","date_gmt":"2025-06-11T21:28:03","guid":{"rendered":"https:\/\/vitablanca.ma\/product\/svr-xerial-fissures-et-crevasses-50ml\/"},"modified":"2026-02-09T17:20:00","modified_gmt":"2026-02-09T17:20:00","slug":"svr-xerial-fissures-et-crevasses-50ml","status":"publish","type":"product","link":"https:\/\/vitablanca.ma\/en\/product\/svr-xerial-fissures-et-crevasses-50ml\/","title":{"rendered":"SVR Xerial Cracks and Crevices 50ml"},"content":{"rendered":"<h2>SVR X\u00e9rial Fissures et Crevasses r\u00e9pare en 7 jours les fissures et crevasses des pieds et des mains.<\/h2>\n<div class=\"product__main\">\n<div class=\"product__gallery product__gallery--single\">\n<div class=\"product__gallery-slides\"><\/div>\n<\/div>\n<div class=\"product__sidebar product__sidebar--is-sticky\">\n<div class=\"inner-wrapper-sticky\">\n<div class=\"product__actions\"><\/div>\n<\/div>\n<\/div>\n<\/div>\n<div class=\"product__content\">\n<div class=\"product__tab expanded\" data-drawer-container=\"\">\n<h3 class=\"product__tab-header\">For whom? For what?<\/h3>\n<div class=\"product__tab-content\" data-drawer-content=\"\">\n<p>Cracked, chapped, severely damaged hands and feet. Do not apply to children under 3 years old.<\/p>\n<p>Insulating and soothing, this treatment repairs in 7 days<sup>(1)<\/sup>\u00a0cracks and crevices in the heels, feet and hands. Immediately soothed and hydrated, the skin regains its smooth, supple and above all comfortable appearance!<\/p>\n<p>(1) Usage test, 21 volunteers, application twice a day, % satisfaction<\/p>\n<\/div>\n<\/div>\n<div class=\"product__tab expanded\" data-drawer-container=\"\">\n<h3 class=\"product__tab-header\">How does it work?<\/h3>\n<div class=\"product__tab-content\" data-drawer-content=\"\">\n<p>Dermatologically tested.<\/p>\n<p>Pure Urea Patent:<\/p>\n<p>\u2022\u00a0<strong>5% urea:<\/strong>\u00a0moisturizing action<br \/>\n\u2022\u00a0<strong>8% glycerol\u00a0<\/strong>: reinforced moisturizing action<br \/>\n\u2022\u00a0<strong>5<\/strong><strong>%<\/strong>\u00a0<strong>of shea butter<\/strong>\u00a0: intense nutrition<br \/>\n\u2022\u00a0<strong>Allantoin\u00a0<\/strong>: soothing action<\/p>\n<p>INCI: 110217 \u2013 INGREDIENTS (CONTAINS): AQUA (PURIFIED WATER). GLYCERIN. UREA. BUTYROSPERMUM PARKII BUTTER (SHEA BUTTER) . ORBIGNYA OLEIFERA SEED OIL. CAPRYLIC\/CAPRIC TRIGLYCERIDE. DICAPRYLYL CARBONATE. CYCLOPENTASILOXANE. PARAFFINUM LIQUIDUM (MINERAL OIL). POLYGLYCERYL-4 ISOSTEARATE. CETYL PEG\/PPG-10\/1 DIMETHICONE. HEXYL LAURATE. PENTYLENE GLYCOL. POLYISOPRENE. SORBITOL. SILICA DIMETHYL SILYLATE. SODIUM CHLORIDE. PETROLATUM. SERINE. ALLANTOIN. HISTIDINE. BACILLUS FERMENT. YEAST EXTRACT (FAEX EXTRACT) . TOCOPHEROL. SODIUM PHOSPHATE. CITRIC ACID. DISODIUM EDTA. PROPYLENE GLYCOL. PENTAERYTHRITYL TETRA-DI-T-BUTYL HYDROXYHYDROCINNAMATE. PHENOXYETHANOL. CHLORPHENESIN. OCYMEN-5-OL. POTASSIUM SORBATE<\/p>\n<p>The list of ingredients may be subject to change, we advise you to check the list on the product purchased.<\/p>\n<\/div>\n<\/div>\n<div class=\"product__tab expanded\" data-drawer-container=\"\">\n<h3 class=\"product__tab-header\">How to use it?<\/h3>\n<div class=\"product__tab-content\" data-drawer-content=\"\">\n<p>Easy to apply. Apply 1 to 2 times a day to the affected area until the desired effect is achieved.<br \/>\nDo not apply to children under 3 years old<\/p>\n<p style=\"text-align: center;\">Discover SVR X\u00e9rial Fissures et Crevasses, a product carefully selected to meet your specific needs, and enjoy an exceptional shopping experience on our site,\u00a0<strong>Vita Blanca Parapharmacie Maroc<\/strong><\/p>\n<\/div>\n<\/div>\n<\/div>","protected":false},"excerpt":{"rendered":"<p>SVR X\u00e9rial Fissures et Crevasses r\u00e9pare en 7 jours les fissures et crevasses des pieds et des mains. Pour qui ? Pour quoi ? Mains et pieds fissur\u00e9s, crevass\u00e9s, tr\u00e8s ab\u00eem\u00e9s. Ne pas appliquer chez l\u2019enfant de moins de 3 ans Isolant et apaisant, ce soin r\u00e9pare en 7 jours(1)\u00a0les fissures et crevasses des talons, [&hellip;]<\/p>\n","protected":false},"featured_media":21660,"template":"","meta":{"om_disable_all_campaigns":false},"product_brand":[5981],"product_cat":[18,15],"product_tag":[5982,5983,5984,5988,5987,5986,5985],"class_list":{"0":"post-21662","1":"product","2":"type-product","3":"status-publish","4":"has-post-thumbnail","6":"product_brand-svr-original-maroc-au-meilleur-prix","7":"product_cat-beaute-sante","8":"product_cat-beaute-sante-complements-alimentaires-soins-et-bien-etre-au-meilleur-prix","9":"product_tag-laboratoire-svr","10":"product_tag-marque-dermatologique-francaise","11":"product_tag-produits-svr-originaux","12":"product_tag-sun-secure-svr","13":"product_tag-svr","14":"product_tag-svr-laboratoire-dermatologique","15":"product_tag-svr-maroc","17":"first","18":"instock","19":"sale","20":"taxable","21":"shipping-taxable","22":"purchasable","23":"product-type-simple"},"yoast_head":"<!-- This site is optimized with the Yoast SEO plugin v27.4 - https:\/\/yoast.com\/product\/yoast-seo-wordpress\/ -->\n<title>SVR X\u00e9rial Fissures et Crevasses 50ml - Maroc Prix<\/title>\n<meta name=\"description\" content=\"SVR X\u00e9rial Fissures et Crevasses 50ml r\u00e9pare, hydrate et apaise les mains et pieds tr\u00e8s secs ou fissur\u00e9s. Soin intensif pour confort et peau prot\u00e9g\u00e9e.\" \/>\n<meta name=\"robots\" content=\"index, follow, max-snippet:-1, max-image-preview:large, max-video-preview:-1\" \/>\n<link rel=\"canonical\" href=\"https:\/\/vitablanca.ma\/en\/product\/svr-xerial-fissures-et-crevasses-50ml\/\" \/>\n<meta property=\"og:locale\" content=\"en_US\" \/>\n<meta property=\"og:type\" content=\"article\" \/>\n<meta property=\"og:title\" content=\"SVR X\u00e9rial Fissures et Crevasses 50ml - Maroc Prix\" \/>\n<meta property=\"og:description\" content=\"SVR X\u00e9rial Fissures et Crevasses 50ml r\u00e9pare, hydrate et apaise les mains et pieds tr\u00e8s secs ou fissur\u00e9s. Soin intensif pour confort et peau prot\u00e9g\u00e9e.\" \/>\n<meta property=\"og:url\" content=\"https:\/\/vitablanca.ma\/en\/product\/svr-xerial-fissures-et-crevasses-50ml\/\" \/>\n<meta property=\"og:site_name\" content=\"Vitablanca.ma &ndash; Sant&eacute;, vitalit&eacute; et bien-&ecirc;tre pour tous les Marocains\" \/>\n<meta property=\"article:publisher\" content=\"https:\/\/www.facebook.com\/profile.php?id=61576678196717\" \/>\n<meta property=\"article:modified_time\" content=\"2026-02-09T17:20:00+00:00\" \/>\n<meta property=\"og:image\" content=\"https:\/\/vitablanca.ma\/wp-content\/uploads\/2025\/06\/SVR-Xerial-Fissures-et-Crevasses-50ml-nova-parapharmacie-maroc.png\" \/>\n\t<meta property=\"og:image:width\" content=\"1000\" \/>\n\t<meta property=\"og:image:height\" content=\"1000\" \/>\n\t<meta property=\"og:image:type\" content=\"image\/png\" \/>\n<meta name=\"twitter:card\" content=\"summary_large_image\" \/>\n<meta name=\"twitter:label1\" content=\"Est. reading time\" \/>\n\t<meta name=\"twitter:data1\" content=\"2 minutes\" \/>\n<script type=\"application\/ld+json\" class=\"yoast-schema-graph\">{\"@context\":\"https:\\\/\\\/schema.org\",\"@graph\":[{\"@type\":[\"WebPage\",\"ItemPage\"],\"@id\":\"https:\\\/\\\/vitablanca.ma\\\/produit\\\/svr-xerial-fissures-et-crevasses-50ml\\\/\",\"url\":\"https:\\\/\\\/vitablanca.ma\\\/produit\\\/svr-xerial-fissures-et-crevasses-50ml\\\/\",\"name\":\"SVR X\u00e9rial Fissures et Crevasses 50ml - Maroc Prix\",\"isPartOf\":{\"@id\":\"https:\\\/\\\/vitablanca.ma\\\/#website\"},\"primaryImageOfPage\":{\"@id\":\"https:\\\/\\\/vitablanca.ma\\\/produit\\\/svr-xerial-fissures-et-crevasses-50ml\\\/#primaryimage\"},\"image\":{\"@id\":\"https:\\\/\\\/vitablanca.ma\\\/produit\\\/svr-xerial-fissures-et-crevasses-50ml\\\/#primaryimage\"},\"thumbnailUrl\":\"https:\\\/\\\/vitablanca.ma\\\/wp-content\\\/uploads\\\/2025\\\/06\\\/SVR-Xerial-Fissures-et-Crevasses-50ml-nova-parapharmacie-maroc.png\",\"datePublished\":\"2025-06-11T21:28:03+00:00\",\"dateModified\":\"2026-02-09T17:20:00+00:00\",\"description\":\"SVR X\u00e9rial Fissures et Crevasses 50ml r\u00e9pare, hydrate et apaise les mains et pieds tr\u00e8s secs ou fissur\u00e9s. Soin intensif pour confort et peau prot\u00e9g\u00e9e.\",\"breadcrumb\":{\"@id\":\"https:\\\/\\\/vitablanca.ma\\\/produit\\\/svr-xerial-fissures-et-crevasses-50ml\\\/#breadcrumb\"},\"inLanguage\":\"en-US\",\"potentialAction\":[{\"@type\":\"ReadAction\",\"target\":[\"https:\\\/\\\/vitablanca.ma\\\/produit\\\/svr-xerial-fissures-et-crevasses-50ml\\\/\"]}]},{\"@type\":\"ImageObject\",\"inLanguage\":\"en-US\",\"@id\":\"https:\\\/\\\/vitablanca.ma\\\/produit\\\/svr-xerial-fissures-et-crevasses-50ml\\\/#primaryimage\",\"url\":\"https:\\\/\\\/vitablanca.ma\\\/wp-content\\\/uploads\\\/2025\\\/06\\\/SVR-Xerial-Fissures-et-Crevasses-50ml-nova-parapharmacie-maroc.png\",\"contentUrl\":\"https:\\\/\\\/vitablanca.ma\\\/wp-content\\\/uploads\\\/2025\\\/06\\\/SVR-Xerial-Fissures-et-Crevasses-50ml-nova-parapharmacie-maroc.png\",\"width\":1000,\"height\":1000},{\"@type\":\"BreadcrumbList\",\"@id\":\"https:\\\/\\\/vitablanca.ma\\\/produit\\\/svr-xerial-fissures-et-crevasses-50ml\\\/#breadcrumb\",\"itemListElement\":[{\"@type\":\"ListItem\",\"position\":1,\"name\":\"Home\",\"item\":\"https:\\\/\\\/vitablanca.ma\\\/\"},{\"@type\":\"ListItem\",\"position\":2,\"name\":\"Tous Les Produits\",\"item\":\"https:\\\/\\\/vitablanca.ma\\\/tous-les-produits\\\/\"},{\"@type\":\"ListItem\",\"position\":3,\"name\":\"SVR X\u00e9rial Fissures et Crevasses 50ml\"}]},{\"@type\":\"WebSite\",\"@id\":\"https:\\\/\\\/vitablanca.ma\\\/#website\",\"url\":\"https:\\\/\\\/vitablanca.ma\\\/\",\"name\":\"VitaBlanca.ma | Compl\u00e9ments alimentaires, sant\u00e9 & beaut\u00e9 au Maroc\",\"description\":\"vendre vitamines et compl\u00e9ments premium des USA &amp; Canada, Nouvelle Z\u00e9lande,Maroc (NOW Foods, Solgar, Manuka). Livraison rapide partout au Maroc.\",\"publisher\":{\"@id\":\"https:\\\/\\\/vitablanca.ma\\\/#organization\"},\"alternateName\":\"VitaBlanca.ma\",\"potentialAction\":[{\"@type\":\"SearchAction\",\"target\":{\"@type\":\"EntryPoint\",\"urlTemplate\":\"https:\\\/\\\/vitablanca.ma\\\/?s={search_term_string}\"},\"query-input\":{\"@type\":\"PropertyValueSpecification\",\"valueRequired\":true,\"valueName\":\"search_term_string\"}}],\"inLanguage\":\"en-US\"},{\"@type\":\"Organization\",\"@id\":\"https:\\\/\\\/vitablanca.ma\\\/#organization\",\"name\":\"VitaBlanca\",\"url\":\"https:\\\/\\\/vitablanca.ma\\\/\",\"logo\":{\"@type\":\"ImageObject\",\"inLanguage\":\"en-US\",\"@id\":\"https:\\\/\\\/vitablanca.ma\\\/#\\\/schema\\\/logo\\\/image\\\/\",\"url\":\"https:\\\/\\\/vitablanca.ma\\\/wp-content\\\/uploads\\\/2025\\\/05\\\/cropped-vitablanca.png\",\"contentUrl\":\"https:\\\/\\\/vitablanca.ma\\\/wp-content\\\/uploads\\\/2025\\\/05\\\/cropped-vitablanca.png\",\"width\":360,\"height\":67,\"caption\":\"VitaBlanca\"},\"image\":{\"@id\":\"https:\\\/\\\/vitablanca.ma\\\/#\\\/schema\\\/logo\\\/image\\\/\"},\"sameAs\":[\"https:\\\/\\\/www.facebook.com\\\/profile.php?id=61576678196717\",\"https:\\\/\\\/www.tiktok.com\\\/@vitablanca.ma\",\"https:\\\/\\\/www.instagram.com\\\/vitablanca.ma\\\/\"]}]}<\/script>\n<!-- \/ Yoast SEO plugin. -->","yoast_head_json":{"title":"SVR X\u00e9rial Fissures and Crevices 50ml - Morocco Price","description":"SVR X\u00e9rial Fissures et Crevasses 50ml r\u00e9pare, hydrate et apaise les mains et pieds tr\u00e8s secs ou fissur\u00e9s. Soin intensif pour confort et peau prot\u00e9g\u00e9e.","robots":{"index":"index","follow":"follow","max-snippet":"max-snippet:-1","max-image-preview":"max-image-preview:large","max-video-preview":"max-video-preview:-1"},"canonical":"https:\/\/vitablanca.ma\/en\/product\/svr-xerial-fissures-et-crevasses-50ml\/","og_locale":"en_US","og_type":"article","og_title":"SVR X\u00e9rial Fissures et Crevasses 50ml - Maroc Prix","og_description":"SVR X\u00e9rial Fissures et Crevasses 50ml r\u00e9pare, hydrate et apaise les mains et pieds tr\u00e8s secs ou fissur\u00e9s. Soin intensif pour confort et peau prot\u00e9g\u00e9e.","og_url":"https:\/\/vitablanca.ma\/en\/product\/svr-xerial-fissures-et-crevasses-50ml\/","og_site_name":"Vitablanca.ma &ndash; Sant&eacute;, vitalit&eacute; et bien-&ecirc;tre pour tous les Marocains","article_publisher":"https:\/\/www.facebook.com\/profile.php?id=61576678196717","article_modified_time":"2026-02-09T17:20:00+00:00","og_image":[{"width":1000,"height":1000,"url":"https:\/\/vitablanca.ma\/wp-content\/uploads\/2025\/06\/SVR-Xerial-Fissures-et-Crevasses-50ml-nova-parapharmacie-maroc.png","type":"image\/png"}],"twitter_card":"summary_large_image","twitter_misc":{"Est. reading time":"2 minutes"},"schema":{"@context":"https:\/\/schema.org","@graph":[{"@type":["WebPage","ItemPage"],"@id":"https:\/\/vitablanca.ma\/produit\/svr-xerial-fissures-et-crevasses-50ml\/","url":"https:\/\/vitablanca.ma\/produit\/svr-xerial-fissures-et-crevasses-50ml\/","name":"SVR X\u00e9rial Fissures and Crevices 50ml - Morocco Price","isPartOf":{"@id":"https:\/\/vitablanca.ma\/#website"},"primaryImageOfPage":{"@id":"https:\/\/vitablanca.ma\/produit\/svr-xerial-fissures-et-crevasses-50ml\/#primaryimage"},"image":{"@id":"https:\/\/vitablanca.ma\/produit\/svr-xerial-fissures-et-crevasses-50ml\/#primaryimage"},"thumbnailUrl":"https:\/\/vitablanca.ma\/wp-content\/uploads\/2025\/06\/SVR-Xerial-Fissures-et-Crevasses-50ml-nova-parapharmacie-maroc.png","datePublished":"2025-06-11T21:28:03+00:00","dateModified":"2026-02-09T17:20:00+00:00","description":"SVR X\u00e9rial Fissures et Crevasses 50ml r\u00e9pare, hydrate et apaise les mains et pieds tr\u00e8s secs ou fissur\u00e9s. Soin intensif pour confort et peau prot\u00e9g\u00e9e.","breadcrumb":{"@id":"https:\/\/vitablanca.ma\/produit\/svr-xerial-fissures-et-crevasses-50ml\/#breadcrumb"},"inLanguage":"en-US","potentialAction":[{"@type":"ReadAction","target":["https:\/\/vitablanca.ma\/produit\/svr-xerial-fissures-et-crevasses-50ml\/"]}]},{"@type":"ImageObject","inLanguage":"en-US","@id":"https:\/\/vitablanca.ma\/produit\/svr-xerial-fissures-et-crevasses-50ml\/#primaryimage","url":"https:\/\/vitablanca.ma\/wp-content\/uploads\/2025\/06\/SVR-Xerial-Fissures-et-Crevasses-50ml-nova-parapharmacie-maroc.png","contentUrl":"https:\/\/vitablanca.ma\/wp-content\/uploads\/2025\/06\/SVR-Xerial-Fissures-et-Crevasses-50ml-nova-parapharmacie-maroc.png","width":1000,"height":1000},{"@type":"BreadcrumbList","@id":"https:\/\/vitablanca.ma\/produit\/svr-xerial-fissures-et-crevasses-50ml\/#breadcrumb","itemListElement":[{"@type":"ListItem","position":1,"name":"Home","item":"https:\/\/vitablanca.ma\/"},{"@type":"ListItem","position":2,"name":"Tous Les Produits","item":"https:\/\/vitablanca.ma\/tous-les-produits\/"},{"@type":"ListItem","position":3,"name":"SVR X\u00e9rial Fissures et Crevasses 50ml"}]},{"@type":"WebSite","@id":"https:\/\/vitablanca.ma\/#website","url":"https:\/\/vitablanca.ma\/","name":"VitaBlanca.ma | Food supplements, health &amp; beauty in Morocco","description":"sell premium vitamins and supplements from USA &amp; Canada, New Zealand, Morocco (NOW Foods, Solgar, Manuka). Fast delivery anywhere in Morocco.","publisher":{"@id":"https:\/\/vitablanca.ma\/#organization"},"alternateName":"VitaBlanca.ma","potentialAction":[{"@type":"SearchAction","target":{"@type":"EntryPoint","urlTemplate":"https:\/\/vitablanca.ma\/?s={search_term_string}"},"query-input":{"@type":"PropertyValueSpecification","valueRequired":true,"valueName":"search_term_string"}}],"inLanguage":"en-US"},{"@type":"Organization","@id":"https:\/\/vitablanca.ma\/#organization","name":"VitaBlanca","url":"https:\/\/vitablanca.ma\/","logo":{"@type":"ImageObject","inLanguage":"en-US","@id":"https:\/\/vitablanca.ma\/#\/schema\/logo\/image\/","url":"https:\/\/vitablanca.ma\/wp-content\/uploads\/2025\/05\/cropped-vitablanca.png","contentUrl":"https:\/\/vitablanca.ma\/wp-content\/uploads\/2025\/05\/cropped-vitablanca.png","width":360,"height":67,"caption":"VitaBlanca"},"image":{"@id":"https:\/\/vitablanca.ma\/#\/schema\/logo\/image\/"},"sameAs":["https:\/\/www.facebook.com\/profile.php?id=61576678196717","https:\/\/www.tiktok.com\/@vitablanca.ma","https:\/\/www.instagram.com\/vitablanca.ma\/"]}]}},"jetpack_sharing_enabled":true,"_links":{"self":[{"href":"https:\/\/vitablanca.ma\/en\/wp-json\/wp\/v2\/product\/21662","targetHints":{"allow":["GET"]}}],"collection":[{"href":"https:\/\/vitablanca.ma\/en\/wp-json\/wp\/v2\/product"}],"about":[{"href":"https:\/\/vitablanca.ma\/en\/wp-json\/wp\/v2\/types\/product"}],"wp:featuredmedia":[{"embeddable":true,"href":"https:\/\/vitablanca.ma\/en\/wp-json\/wp\/v2\/media\/21660"}],"wp:attachment":[{"href":"https:\/\/vitablanca.ma\/en\/wp-json\/wp\/v2\/media?parent=21662"}],"wp:term":[{"taxonomy":"product_brand","embeddable":true,"href":"https:\/\/vitablanca.ma\/en\/wp-json\/wp\/v2\/product_brand?post=21662"},{"taxonomy":"product_cat","embeddable":true,"href":"https:\/\/vitablanca.ma\/en\/wp-json\/wp\/v2\/product_cat?post=21662"},{"taxonomy":"product_tag","embeddable":true,"href":"https:\/\/vitablanca.ma\/en\/wp-json\/wp\/v2\/product_tag?post=21662"}],"curies":[{"name":"wp","href":"https:\/\/api.w.org\/{rel}","templated":true}]}}