{"id":21638,"date":"2025-06-11T21:27:28","date_gmt":"2025-06-11T21:27:28","guid":{"rendered":"https:\/\/vitablanca.ma\/product\/svr-densitium-contour-des-yeux-15ml\/"},"modified":"2026-01-21T17:42:42","modified_gmt":"2026-01-21T17:42:42","slug":"svr-densitium-contour-des-yeux-15ml","status":"publish","type":"product","link":"https:\/\/vitablanca.ma\/en\/product\/svr-densitium-contour-des-yeux-15ml\/","title":{"rendered":"SVR DENSITIUM Eye Contour 15ml"},"content":{"rendered":"<h2>SVR DENSITIUM Eye Contour\u00a0<span data-mce-fragment=\"1\">Overall correction, filling, smoothing.<\/span><br \/>\n<\/h2>\n<p><span data-mce-fragment=\"1\">Stubborn wrinkles, dark circles, puffiness. All skin types. Eye contour.<br \/>15ml.<\/span><a class=\"product__gallery-thumbs-item\" data-thumbnail-video=\"false\" data-thumbnail-id=\"28914729549889\"><\/a><\/p>\n<div class=\"product__content\">\n<div class=\"product__tab expanded\" data-drawer-container=\"\">\n<h3 class=\"product__tab-header\">For whom? For what?<\/h3>\n<div class=\"product__tab-content\" data-drawer-content=\"\">\n<p>DENSITIUM innovation, global dermatological correction for enhanced effectiveness on all signs of aging: dryness, wrinkles, sagging skin, loss of radiance and uniformity.<\/p>\n<p>DENSITIUM EYE CONTOUR has been specially formulated to support the skin through the upheavals caused by menopause and correct the very fragile and over-stressed eye contour area. The skin becomes thinner and slackens, expression lines deepen, dark circles and puffiness are more visible.<\/p>\n<p>As expert as it is sensory, it is composed of an ultra-complete formula core: ultra-fragmented hyaluronic acid and bio-calcium, historical active ingredients of the range, durably hydrate and redensify the skin for redefined features. A duo of amino acids and probiotics even out and brighten the eyes. The formula is enriched with tetrapeptides and Goji Berries offering a smoothing action, the features are smoothed, dark circles and puffiness reduced. Its innovative texture with a smoothing and tightening effect hydrates, refreshes and opens the eyes.<\/p>\n<p><strong>His plus?<\/strong><\/p>\n<p>An eco-designed treatment with 94% ingredients of natural origin in attractive packaging made up of a recyclable 100% glass bottle.<\/p>\n<p><strong>Proven effectiveness in 2 months:<\/strong><\/p>\n<ul>\n<li>\n<strong>-31%<\/strong><span>\u00a0<\/span>crow&#039;s feet wrinkles<sup>(1)<\/sup>\n<\/li>\n<li>\n<strong>-22%<\/strong><span>\u00a0<\/span>dark circles<sup>(1)<\/sup>\n<\/li>\n<li>\n<strong>-22%<\/strong><span>\u00a0<\/span>pockets<sup>(1)<\/sup>\n<\/li>\n<\/ul>\n<p><span>Clinical scoring on 33 subjects for 56 days \u2013 Twice-daily application, % variation.<\/span><\/p>\n<\/div>\n<\/div>\n<div class=\"product__tab expanded\" data-drawer-container=\"\">\n<h3 class=\"product__tab-header\">How does it work?<\/h3>\n<div class=\"product__tab-content\" data-drawer-content=\"\">\n<p>The onset of menopause disrupts the skin&#039;s metabolism. Hormonal changes cause this: the drop in estrogen and progesterone. The synthesis of supporting tissues and cell regeneration are less efficient. The consequences? The skin thins and sags, particularly around the eyes, where the skin is physiologically thinner and overworked on a daily basis. Expression lines deepen. Vascularization and the elimination of toxins slow down, and dark circles and puffiness appear. The face appears more tired, and skin aging accelerates.\u00a0<\/p>\n<p>DENSITIUM EYE CONTOUR composed of an ultra-complete core formula with the right dose of dermatological active ingredients corrects skin imbalances around the eyes:<\/p>\n<p><strong>Ultra-fragmented hyaluronic acid:<\/strong><span>\u00a0<\/span>plumps, hydrates, fills wrinkles.<br \/><strong>Bio-calcium<sup>(1)<\/sup>\u00a0:<\/strong><span>\u00a0<\/span>Redensifies and restructures volumes.<br \/><strong>Probiotics:<\/strong><span>\u00a0<\/span>strengthen the skin, restore it by strengthening the skin barrier.<br \/><strong>Peptides:<span>\u00a0<\/span><\/strong>Smoothes wrinkles and fine lines and fills in deep wrinkles (crow&#039;s feet).<br \/><strong>Goji Berries:<\/strong><span>\u00a0<\/span>Harmonizes the volumes of the tear trough, smooths wrinkles and opens the eyes.\u00a0\u00a0<\/p>\n<\/div>\n<\/div>\n<div class=\"product__tab expanded\" data-drawer-container=\"\">\n<h3 class=\"product__tab-header\">How to use it?<\/h3>\n<div class=\"product__tab-content\" data-drawer-content=\"\">\n<p>Apply morning and evening by patting lightly from the inner corner of the eye outwards. Concentrate on the crow&#039;s feet for more established wrinkles.<\/p>\n<\/div>\n<\/div>\n<\/div>","protected":false},"excerpt":{"rendered":"<p>SVR DENSITIUM Contour des Yeux\u00a0Correction globale, comblant, lissant. Rides install\u00e9es, cernes, poches. Tous types de peau. Contour des yeux.15ml. Pour qui ? Pour quoi ? Innovation DENSITIUM, la correction globale dermatologique pour une efficacit\u00e9 renforc\u00e9e sur l\u2019ensemble des signes de l\u2019\u00e2ge\u00a0: s\u00e9cheresse, rides, rel\u00e2chement cutan\u00e9, perte d\u2019\u00e9clat et d\u2019uniformit\u00e9. DENSITIUM CONTOUR DES YEUX a \u00e9t\u00e9 [&hellip;]<\/p>\n","protected":false},"featured_media":21637,"template":"","meta":{"om_disable_all_campaigns":false},"product_brand":[5981],"product_cat":[18,15],"product_tag":[5982,5983,5984,5988,5987,5986,5985],"class_list":{"0":"post-21638","1":"product","2":"type-product","3":"status-publish","4":"has-post-thumbnail","6":"product_brand-svr-original-maroc-au-meilleur-prix","7":"product_cat-beaute-sante","8":"product_cat-beaute-sante-complements-alimentaires-soins-et-bien-etre-au-meilleur-prix","9":"product_tag-laboratoire-svr","10":"product_tag-marque-dermatologique-francaise","11":"product_tag-produits-svr-originaux","12":"product_tag-sun-secure-svr","13":"product_tag-svr","14":"product_tag-svr-laboratoire-dermatologique","15":"product_tag-svr-maroc","17":"first","18":"instock","19":"sale","20":"taxable","21":"shipping-taxable","22":"purchasable","23":"product-type-simple"},"yoast_head":"<!-- This site is optimized with the Yoast SEO plugin v27.4 - https:\/\/yoast.com\/product\/yoast-seo-wordpress\/ -->\n<title>SVR DENSITIUM Contour des Yeux 15ml - Maroc Prix<\/title>\n<meta name=\"description\" content=\"SVR DENSITIUM Contour des Yeux 15ml\" \/>\n<meta name=\"robots\" content=\"index, follow, max-snippet:-1, max-image-preview:large, max-video-preview:-1\" \/>\n<link rel=\"canonical\" href=\"https:\/\/vitablanca.ma\/en\/product\/svr-densitium-contour-des-yeux-15ml\/\" \/>\n<meta property=\"og:locale\" content=\"en_US\" \/>\n<meta property=\"og:type\" content=\"article\" \/>\n<meta property=\"og:title\" content=\"SVR DENSITIUM Contour des Yeux 15ml - Maroc Prix\" \/>\n<meta property=\"og:description\" content=\"SVR DENSITIUM Contour des Yeux 15ml\" \/>\n<meta property=\"og:url\" content=\"https:\/\/vitablanca.ma\/en\/product\/svr-densitium-contour-des-yeux-15ml\/\" \/>\n<meta property=\"og:site_name\" content=\"Vitablanca.ma &ndash; Sant&eacute;, vitalit&eacute; et bien-&ecirc;tre pour tous les Marocains\" \/>\n<meta property=\"article:publisher\" content=\"https:\/\/www.facebook.com\/profile.php?id=61576678196717\" \/>\n<meta property=\"article:modified_time\" content=\"2026-01-21T17:42:42+00:00\" \/>\n<meta property=\"og:image\" content=\"https:\/\/vitablanca.ma\/wp-content\/uploads\/2025\/06\/SVR-DENSITIUM-Contour-des-Yeux-15ml-nova-parapharmacie-casablanca.jpg\" \/>\n\t<meta property=\"og:image:width\" content=\"1000\" \/>\n\t<meta property=\"og:image:height\" content=\"1000\" \/>\n\t<meta property=\"og:image:type\" content=\"image\/jpeg\" \/>\n<meta name=\"twitter:card\" content=\"summary_large_image\" \/>\n<meta name=\"twitter:label1\" content=\"Est. reading time\" \/>\n\t<meta name=\"twitter:data1\" content=\"2 minutes\" \/>\n<script type=\"application\/ld+json\" class=\"yoast-schema-graph\">{\"@context\":\"https:\\\/\\\/schema.org\",\"@graph\":[{\"@type\":[\"WebPage\",\"ItemPage\"],\"@id\":\"https:\\\/\\\/vitablanca.ma\\\/produit\\\/svr-densitium-contour-des-yeux-15ml\\\/\",\"url\":\"https:\\\/\\\/vitablanca.ma\\\/produit\\\/svr-densitium-contour-des-yeux-15ml\\\/\",\"name\":\"SVR DENSITIUM Contour des Yeux 15ml - Maroc Prix\",\"isPartOf\":{\"@id\":\"https:\\\/\\\/vitablanca.ma\\\/#website\"},\"primaryImageOfPage\":{\"@id\":\"https:\\\/\\\/vitablanca.ma\\\/produit\\\/svr-densitium-contour-des-yeux-15ml\\\/#primaryimage\"},\"image\":{\"@id\":\"https:\\\/\\\/vitablanca.ma\\\/produit\\\/svr-densitium-contour-des-yeux-15ml\\\/#primaryimage\"},\"thumbnailUrl\":\"https:\\\/\\\/vitablanca.ma\\\/wp-content\\\/uploads\\\/2025\\\/06\\\/SVR-DENSITIUM-Contour-des-Yeux-15ml-nova-parapharmacie-casablanca.jpg\",\"datePublished\":\"2025-06-11T21:27:28+00:00\",\"dateModified\":\"2026-01-21T17:42:42+00:00\",\"description\":\"SVR DENSITIUM Contour des Yeux 15ml\",\"breadcrumb\":{\"@id\":\"https:\\\/\\\/vitablanca.ma\\\/produit\\\/svr-densitium-contour-des-yeux-15ml\\\/#breadcrumb\"},\"inLanguage\":\"en-US\",\"potentialAction\":[{\"@type\":\"ReadAction\",\"target\":[\"https:\\\/\\\/vitablanca.ma\\\/produit\\\/svr-densitium-contour-des-yeux-15ml\\\/\"]}]},{\"@type\":\"ImageObject\",\"inLanguage\":\"en-US\",\"@id\":\"https:\\\/\\\/vitablanca.ma\\\/produit\\\/svr-densitium-contour-des-yeux-15ml\\\/#primaryimage\",\"url\":\"https:\\\/\\\/vitablanca.ma\\\/wp-content\\\/uploads\\\/2025\\\/06\\\/SVR-DENSITIUM-Contour-des-Yeux-15ml-nova-parapharmacie-casablanca.jpg\",\"contentUrl\":\"https:\\\/\\\/vitablanca.ma\\\/wp-content\\\/uploads\\\/2025\\\/06\\\/SVR-DENSITIUM-Contour-des-Yeux-15ml-nova-parapharmacie-casablanca.jpg\",\"width\":1000,\"height\":1000},{\"@type\":\"BreadcrumbList\",\"@id\":\"https:\\\/\\\/vitablanca.ma\\\/produit\\\/svr-densitium-contour-des-yeux-15ml\\\/#breadcrumb\",\"itemListElement\":[{\"@type\":\"ListItem\",\"position\":1,\"name\":\"Home\",\"item\":\"https:\\\/\\\/vitablanca.ma\\\/\"},{\"@type\":\"ListItem\",\"position\":2,\"name\":\"Tous Les Produits\",\"item\":\"https:\\\/\\\/vitablanca.ma\\\/tous-les-produits\\\/\"},{\"@type\":\"ListItem\",\"position\":3,\"name\":\"SVR DENSITIUM Contour des Yeux 15ml\"}]},{\"@type\":\"WebSite\",\"@id\":\"https:\\\/\\\/vitablanca.ma\\\/#website\",\"url\":\"https:\\\/\\\/vitablanca.ma\\\/\",\"name\":\"VitaBlanca.ma | Compl\u00e9ments alimentaires, sant\u00e9 & beaut\u00e9 au Maroc\",\"description\":\"vendre vitamines et compl\u00e9ments premium des USA &amp; Canada, Nouvelle Z\u00e9lande,Maroc (NOW Foods, Solgar, Manuka). Livraison rapide partout au Maroc.\",\"publisher\":{\"@id\":\"https:\\\/\\\/vitablanca.ma\\\/#organization\"},\"alternateName\":\"VitaBlanca.ma\",\"potentialAction\":[{\"@type\":\"SearchAction\",\"target\":{\"@type\":\"EntryPoint\",\"urlTemplate\":\"https:\\\/\\\/vitablanca.ma\\\/?s={search_term_string}\"},\"query-input\":{\"@type\":\"PropertyValueSpecification\",\"valueRequired\":true,\"valueName\":\"search_term_string\"}}],\"inLanguage\":\"en-US\"},{\"@type\":\"Organization\",\"@id\":\"https:\\\/\\\/vitablanca.ma\\\/#organization\",\"name\":\"VitaBlanca\",\"url\":\"https:\\\/\\\/vitablanca.ma\\\/\",\"logo\":{\"@type\":\"ImageObject\",\"inLanguage\":\"en-US\",\"@id\":\"https:\\\/\\\/vitablanca.ma\\\/#\\\/schema\\\/logo\\\/image\\\/\",\"url\":\"https:\\\/\\\/vitablanca.ma\\\/wp-content\\\/uploads\\\/2025\\\/05\\\/cropped-vitablanca.png\",\"contentUrl\":\"https:\\\/\\\/vitablanca.ma\\\/wp-content\\\/uploads\\\/2025\\\/05\\\/cropped-vitablanca.png\",\"width\":360,\"height\":67,\"caption\":\"VitaBlanca\"},\"image\":{\"@id\":\"https:\\\/\\\/vitablanca.ma\\\/#\\\/schema\\\/logo\\\/image\\\/\"},\"sameAs\":[\"https:\\\/\\\/www.facebook.com\\\/profile.php?id=61576678196717\",\"https:\\\/\\\/www.tiktok.com\\\/@vitablanca.ma\",\"https:\\\/\\\/www.instagram.com\\\/vitablanca.ma\\\/\"]}]}<\/script>\n<!-- \/ Yoast SEO plugin. -->","yoast_head_json":{"title":"SVR DENSITIUM Eye Contour 15ml - Morocco Price","description":"SVR DENSITIUM Eye Contour 15ml","robots":{"index":"index","follow":"follow","max-snippet":"max-snippet:-1","max-image-preview":"max-image-preview:large","max-video-preview":"max-video-preview:-1"},"canonical":"https:\/\/vitablanca.ma\/en\/product\/svr-densitium-contour-des-yeux-15ml\/","og_locale":"en_US","og_type":"article","og_title":"SVR DENSITIUM Contour des Yeux 15ml - Maroc Prix","og_description":"SVR DENSITIUM Contour des Yeux 15ml","og_url":"https:\/\/vitablanca.ma\/en\/product\/svr-densitium-contour-des-yeux-15ml\/","og_site_name":"Vitablanca.ma &ndash; Sant&eacute;, vitalit&eacute; et bien-&ecirc;tre pour tous les Marocains","article_publisher":"https:\/\/www.facebook.com\/profile.php?id=61576678196717","article_modified_time":"2026-01-21T17:42:42+00:00","og_image":[{"width":1000,"height":1000,"url":"https:\/\/vitablanca.ma\/wp-content\/uploads\/2025\/06\/SVR-DENSITIUM-Contour-des-Yeux-15ml-nova-parapharmacie-casablanca.jpg","type":"image\/jpeg"}],"twitter_card":"summary_large_image","twitter_misc":{"Est. reading time":"2 minutes"},"schema":{"@context":"https:\/\/schema.org","@graph":[{"@type":["WebPage","ItemPage"],"@id":"https:\/\/vitablanca.ma\/produit\/svr-densitium-contour-des-yeux-15ml\/","url":"https:\/\/vitablanca.ma\/produit\/svr-densitium-contour-des-yeux-15ml\/","name":"SVR DENSITIUM Eye Contour 15ml - Morocco Price","isPartOf":{"@id":"https:\/\/vitablanca.ma\/#website"},"primaryImageOfPage":{"@id":"https:\/\/vitablanca.ma\/produit\/svr-densitium-contour-des-yeux-15ml\/#primaryimage"},"image":{"@id":"https:\/\/vitablanca.ma\/produit\/svr-densitium-contour-des-yeux-15ml\/#primaryimage"},"thumbnailUrl":"https:\/\/vitablanca.ma\/wp-content\/uploads\/2025\/06\/SVR-DENSITIUM-Contour-des-Yeux-15ml-nova-parapharmacie-casablanca.jpg","datePublished":"2025-06-11T21:27:28+00:00","dateModified":"2026-01-21T17:42:42+00:00","description":"SVR DENSITIUM Eye Contour 15ml","breadcrumb":{"@id":"https:\/\/vitablanca.ma\/produit\/svr-densitium-contour-des-yeux-15ml\/#breadcrumb"},"inLanguage":"en-US","potentialAction":[{"@type":"ReadAction","target":["https:\/\/vitablanca.ma\/produit\/svr-densitium-contour-des-yeux-15ml\/"]}]},{"@type":"ImageObject","inLanguage":"en-US","@id":"https:\/\/vitablanca.ma\/produit\/svr-densitium-contour-des-yeux-15ml\/#primaryimage","url":"https:\/\/vitablanca.ma\/wp-content\/uploads\/2025\/06\/SVR-DENSITIUM-Contour-des-Yeux-15ml-nova-parapharmacie-casablanca.jpg","contentUrl":"https:\/\/vitablanca.ma\/wp-content\/uploads\/2025\/06\/SVR-DENSITIUM-Contour-des-Yeux-15ml-nova-parapharmacie-casablanca.jpg","width":1000,"height":1000},{"@type":"BreadcrumbList","@id":"https:\/\/vitablanca.ma\/produit\/svr-densitium-contour-des-yeux-15ml\/#breadcrumb","itemListElement":[{"@type":"ListItem","position":1,"name":"Home","item":"https:\/\/vitablanca.ma\/"},{"@type":"ListItem","position":2,"name":"Tous Les Produits","item":"https:\/\/vitablanca.ma\/tous-les-produits\/"},{"@type":"ListItem","position":3,"name":"SVR DENSITIUM Contour des Yeux 15ml"}]},{"@type":"WebSite","@id":"https:\/\/vitablanca.ma\/#website","url":"https:\/\/vitablanca.ma\/","name":"VitaBlanca.ma | Food supplements, health &amp; beauty in Morocco","description":"sell premium vitamins and supplements from USA &amp; Canada, New Zealand, Morocco (NOW Foods, Solgar, Manuka). Fast delivery anywhere in Morocco.","publisher":{"@id":"https:\/\/vitablanca.ma\/#organization"},"alternateName":"VitaBlanca.ma","potentialAction":[{"@type":"SearchAction","target":{"@type":"EntryPoint","urlTemplate":"https:\/\/vitablanca.ma\/?s={search_term_string}"},"query-input":{"@type":"PropertyValueSpecification","valueRequired":true,"valueName":"search_term_string"}}],"inLanguage":"en-US"},{"@type":"Organization","@id":"https:\/\/vitablanca.ma\/#organization","name":"VitaBlanca","url":"https:\/\/vitablanca.ma\/","logo":{"@type":"ImageObject","inLanguage":"en-US","@id":"https:\/\/vitablanca.ma\/#\/schema\/logo\/image\/","url":"https:\/\/vitablanca.ma\/wp-content\/uploads\/2025\/05\/cropped-vitablanca.png","contentUrl":"https:\/\/vitablanca.ma\/wp-content\/uploads\/2025\/05\/cropped-vitablanca.png","width":360,"height":67,"caption":"VitaBlanca"},"image":{"@id":"https:\/\/vitablanca.ma\/#\/schema\/logo\/image\/"},"sameAs":["https:\/\/www.facebook.com\/profile.php?id=61576678196717","https:\/\/www.tiktok.com\/@vitablanca.ma","https:\/\/www.instagram.com\/vitablanca.ma\/"]}]}},"jetpack_sharing_enabled":true,"_links":{"self":[{"href":"https:\/\/vitablanca.ma\/en\/wp-json\/wp\/v2\/product\/21638","targetHints":{"allow":["GET"]}}],"collection":[{"href":"https:\/\/vitablanca.ma\/en\/wp-json\/wp\/v2\/product"}],"about":[{"href":"https:\/\/vitablanca.ma\/en\/wp-json\/wp\/v2\/types\/product"}],"wp:featuredmedia":[{"embeddable":true,"href":"https:\/\/vitablanca.ma\/en\/wp-json\/wp\/v2\/media\/21637"}],"wp:attachment":[{"href":"https:\/\/vitablanca.ma\/en\/wp-json\/wp\/v2\/media?parent=21638"}],"wp:term":[{"taxonomy":"product_brand","embeddable":true,"href":"https:\/\/vitablanca.ma\/en\/wp-json\/wp\/v2\/product_brand?post=21638"},{"taxonomy":"product_cat","embeddable":true,"href":"https:\/\/vitablanca.ma\/en\/wp-json\/wp\/v2\/product_cat?post=21638"},{"taxonomy":"product_tag","embeddable":true,"href":"https:\/\/vitablanca.ma\/en\/wp-json\/wp\/v2\/product_tag?post=21638"}],"curies":[{"name":"wp","href":"https:\/\/api.w.org\/{rel}","templated":true}]}}