{"id":21635,"date":"2025-06-11T21:27:25","date_gmt":"2025-06-11T21:27:25","guid":{"rendered":"https:\/\/vitablanca.ma\/product\/svr-densitium-rose-eclat-50ml\/"},"modified":"2026-01-21T17:42:43","modified_gmt":"2026-01-21T17:42:43","slug":"svr-densitium-rose-eclat-50ml","status":"publish","type":"product","link":"https:\/\/vitablanca.ma\/en\/product\/svr-densitium-rose-eclat-50ml\/","title":{"rendered":"SVR DENSITIUM Rose Eclat 50ml"},"content":{"rendered":"<h2>SVR DENSITIUM Rose Eclat\u00a0<span data-mce-fragment=\"1\">Dual action anti-gravity and anti-yellowing anti-aging cream.<\/span><br \/>\n<\/h2>\n<div class=\"product product--template\" data-section-id=\"\" data-section-type=\"product\" data-enable-history-state=\"true\">\n<div class=\"container\">\n<div class=\"product__content\">\n<div class=\"product__resume\">50ml.<\/div>\n<div class=\"product__tab expanded\" data-drawer-container=\"\">\n<h3 class=\"product__tab-header\">For whom? For what?<\/h3>\n<div class=\"product__tab-content\" data-drawer-content=\"\">\n<p>Normal to dry mature skin. Dull complexion. Face and neck.<\/p>\n<p>DENSITIUM CREME ROSE reveals the radiance of mature skin. Its dual-action formula redensifies and revitalizes the skin for a long time. No need for gimmicks! Its pink pigments correct color imbalances and immediately brighten the complexion. Its generous, non-sticky texture provides ultimate comfort all day long. Dare to wear pink, it suits you so well! \u00a0<\/p>\n<p>Effectiveness measured by dermatologists!<\/p>\n<ul>\n<li>\u00a0Crow&#039;s feet wrinkles:<span>\u00a0<\/span><strong>-26<\/strong><span><strong>%<\/strong>\u00a0<\/span><sup>(1)<br \/><\/sup>\n<\/li>\n<li>\u00a0Ptosis of the oval of the face:<span>\u00a0<\/span><strong>-11%<\/strong><sup>(1)<br \/><\/sup>\n<\/li>\n<li>\u00a0Skin firmness:<span>\u00a0<\/span><strong>+36%<\/strong><sup>(1)<br \/><\/sup>\n<\/li>\n<li>\n<span>\u00a0<\/span>Pink complexion:<strong><span>\u00a0<\/span>+102%<\/strong><sup>(1)<\/sup>\n<\/li>\n<li>\u00a0Complexion brightness:<span>\u00a0<\/span><strong>+38%<\/strong><span>\u00a0<\/span><sup>(2)<\/sup>\n<\/li>\n<\/ul>\n<\/div>\n<\/div>\n<div class=\"product__tab expanded\" data-drawer-container=\"\">\n<h3 class=\"product__tab-header\">How does it work?<\/h3>\n<div class=\"product__tab-content\" data-drawer-content=\"\">\n<p>The life of the epidermis is intense. Every day, the skin must produce energy, renew its cells, and fight against external aggressions. Over time, it becomes exhausted and its activity slows down. The skin&#039;s structure becomes unbalanced.<\/p>\n<p>Hormonal changes in the fifties accentuate its weakening. Dryness, sagging skin, hollowing of features, and weakening of the oval of the face become more pronounced. The complexion turns yellow and loses its radiance.<\/p>\n<p>DENSITIUM ROSE ECLAT combines 10 years of dermatological expertise with color technologies for immediate and lasting correction of mature skin.\u00a0\u00a0<\/p>\n<p><strong>REDENSIFYING ACTION<\/strong><\/p>\n<p>\u2022 Ultra-fragmented hyaluronic acid fills the skin and restores its water reserves<br \/>\u2022 Bio-calcium<sup>(1)<\/sup>\u00a0restructures and strengthens the epidermis<br \/>\u2022 An anti-gravity active ingredient stimulates collagen synthesis for an anti-sagging effect<\/p>\n<p><strong>REVITALIZING ACTION<br \/><\/strong>\u2022 An anti-dull complexion active ingredient boosts skin microcirculation<br \/>\u2022 Pink pigments correct yellowing and provide an immediate healthy glow effect<\/p>\n<p><span>(1) Bio-assimilable by the skin<\/span><\/p>\n<p>\u00a0<\/p>\n<\/div>\n<\/div>\n<div class=\"product__tab expanded\" data-drawer-container=\"\">\n<h3 class=\"product__tab-header\">How to use it?<\/h3>\n<div class=\"product__tab-content\" data-drawer-content=\"\">\n<p>Apply in the morning to the entire face and neck, working from the center outwards.\u00a0<\/p>\n<\/div>\n<\/div>\n<\/div>\n<\/div>\n<\/div>","protected":false},"excerpt":{"rendered":"<p>SVR DENSITIUM Rose Eclat\u00a0Cr\u00e8me anti-\u00e2ge double action anti-gravit\u00e9 et anti-jaunissement. 50ml. Pour qui ? Pour quoi ? Peau mature normale \u00e0 s\u00e8che. Teint terne. Visage et cou. DENSITIUM CREME ROSE r\u00e9v\u00e8le l\u2019\u00e9clat des peaux matures. Sa formule double action redensifie et revitalise durablement la peau. Plus besoin d\u2019artifice\u00a0! Ses pigments roses corrigent les d\u00e9s\u00e9quilibres colorielles [&hellip;]<\/p>\n","protected":false},"featured_media":21633,"template":"","meta":{"om_disable_all_campaigns":false},"product_brand":[5981],"product_cat":[18,15],"product_tag":[5982,5983,5984,5988,5987,5986,5985],"class_list":{"0":"post-21635","1":"product","2":"type-product","3":"status-publish","4":"has-post-thumbnail","6":"product_brand-svr-original-maroc-au-meilleur-prix","7":"product_cat-beaute-sante","8":"product_cat-beaute-sante-complements-alimentaires-soins-et-bien-etre-au-meilleur-prix","9":"product_tag-laboratoire-svr","10":"product_tag-marque-dermatologique-francaise","11":"product_tag-produits-svr-originaux","12":"product_tag-sun-secure-svr","13":"product_tag-svr","14":"product_tag-svr-laboratoire-dermatologique","15":"product_tag-svr-maroc","17":"first","18":"instock","19":"sale","20":"taxable","21":"shipping-taxable","22":"purchasable","23":"product-type-simple"},"yoast_head":"<!-- This site is optimized with the Yoast SEO plugin v27.4 - https:\/\/yoast.com\/product\/yoast-seo-wordpress\/ -->\n<title>SVR DENSITIUM Rose Eclat 50ml - Maroc Prix<\/title>\n<meta name=\"description\" content=\"SVR DENSITIUM Rose Eclat 50ml\" \/>\n<meta name=\"robots\" content=\"index, follow, max-snippet:-1, max-image-preview:large, max-video-preview:-1\" \/>\n<link rel=\"canonical\" href=\"https:\/\/vitablanca.ma\/en\/product\/svr-densitium-rose-eclat-50ml\/\" \/>\n<meta property=\"og:locale\" content=\"en_US\" \/>\n<meta property=\"og:type\" content=\"article\" \/>\n<meta property=\"og:title\" content=\"SVR DENSITIUM Rose Eclat 50ml - Maroc Prix\" \/>\n<meta property=\"og:description\" content=\"SVR DENSITIUM Rose Eclat 50ml\" \/>\n<meta property=\"og:url\" content=\"https:\/\/vitablanca.ma\/en\/product\/svr-densitium-rose-eclat-50ml\/\" \/>\n<meta property=\"og:site_name\" content=\"Vitablanca.ma &ndash; Sant&eacute;, vitalit&eacute; et bien-&ecirc;tre pour tous les Marocains\" \/>\n<meta property=\"article:publisher\" content=\"https:\/\/www.facebook.com\/profile.php?id=61576678196717\" \/>\n<meta property=\"article:modified_time\" content=\"2026-01-21T17:42:43+00:00\" \/>\n<meta property=\"og:image\" content=\"https:\/\/vitablanca.ma\/wp-content\/uploads\/2025\/06\/SVR-DENSITIUM-Rose-Eclat-50ml-nova-parapharmacie-casablanca.jpg\" \/>\n\t<meta property=\"og:image:width\" content=\"1000\" \/>\n\t<meta property=\"og:image:height\" content=\"1000\" \/>\n\t<meta property=\"og:image:type\" content=\"image\/jpeg\" \/>\n<meta name=\"twitter:card\" content=\"summary_large_image\" \/>\n<meta name=\"twitter:label1\" content=\"Est. reading time\" \/>\n\t<meta name=\"twitter:data1\" content=\"2 minutes\" \/>\n<script type=\"application\/ld+json\" class=\"yoast-schema-graph\">{\"@context\":\"https:\\\/\\\/schema.org\",\"@graph\":[{\"@type\":[\"WebPage\",\"ItemPage\"],\"@id\":\"https:\\\/\\\/vitablanca.ma\\\/produit\\\/svr-densitium-rose-eclat-50ml\\\/\",\"url\":\"https:\\\/\\\/vitablanca.ma\\\/produit\\\/svr-densitium-rose-eclat-50ml\\\/\",\"name\":\"SVR DENSITIUM Rose Eclat 50ml - Maroc Prix\",\"isPartOf\":{\"@id\":\"https:\\\/\\\/vitablanca.ma\\\/#website\"},\"primaryImageOfPage\":{\"@id\":\"https:\\\/\\\/vitablanca.ma\\\/produit\\\/svr-densitium-rose-eclat-50ml\\\/#primaryimage\"},\"image\":{\"@id\":\"https:\\\/\\\/vitablanca.ma\\\/produit\\\/svr-densitium-rose-eclat-50ml\\\/#primaryimage\"},\"thumbnailUrl\":\"https:\\\/\\\/vitablanca.ma\\\/wp-content\\\/uploads\\\/2025\\\/06\\\/SVR-DENSITIUM-Rose-Eclat-50ml-nova-parapharmacie-casablanca.jpg\",\"datePublished\":\"2025-06-11T21:27:25+00:00\",\"dateModified\":\"2026-01-21T17:42:43+00:00\",\"description\":\"SVR DENSITIUM Rose Eclat 50ml\",\"breadcrumb\":{\"@id\":\"https:\\\/\\\/vitablanca.ma\\\/produit\\\/svr-densitium-rose-eclat-50ml\\\/#breadcrumb\"},\"inLanguage\":\"en-US\",\"potentialAction\":[{\"@type\":\"ReadAction\",\"target\":[\"https:\\\/\\\/vitablanca.ma\\\/produit\\\/svr-densitium-rose-eclat-50ml\\\/\"]}]},{\"@type\":\"ImageObject\",\"inLanguage\":\"en-US\",\"@id\":\"https:\\\/\\\/vitablanca.ma\\\/produit\\\/svr-densitium-rose-eclat-50ml\\\/#primaryimage\",\"url\":\"https:\\\/\\\/vitablanca.ma\\\/wp-content\\\/uploads\\\/2025\\\/06\\\/SVR-DENSITIUM-Rose-Eclat-50ml-nova-parapharmacie-casablanca.jpg\",\"contentUrl\":\"https:\\\/\\\/vitablanca.ma\\\/wp-content\\\/uploads\\\/2025\\\/06\\\/SVR-DENSITIUM-Rose-Eclat-50ml-nova-parapharmacie-casablanca.jpg\",\"width\":1000,\"height\":1000},{\"@type\":\"BreadcrumbList\",\"@id\":\"https:\\\/\\\/vitablanca.ma\\\/produit\\\/svr-densitium-rose-eclat-50ml\\\/#breadcrumb\",\"itemListElement\":[{\"@type\":\"ListItem\",\"position\":1,\"name\":\"Home\",\"item\":\"https:\\\/\\\/vitablanca.ma\\\/\"},{\"@type\":\"ListItem\",\"position\":2,\"name\":\"Tous Les Produits\",\"item\":\"https:\\\/\\\/vitablanca.ma\\\/tous-les-produits\\\/\"},{\"@type\":\"ListItem\",\"position\":3,\"name\":\"SVR DENSITIUM Rose Eclat 50ml\"}]},{\"@type\":\"WebSite\",\"@id\":\"https:\\\/\\\/vitablanca.ma\\\/#website\",\"url\":\"https:\\\/\\\/vitablanca.ma\\\/\",\"name\":\"VitaBlanca.ma | Compl\u00e9ments alimentaires, sant\u00e9 & beaut\u00e9 au Maroc\",\"description\":\"vendre vitamines et compl\u00e9ments premium des USA &amp; Canada, Nouvelle Z\u00e9lande,Maroc (NOW Foods, Solgar, Manuka). Livraison rapide partout au Maroc.\",\"publisher\":{\"@id\":\"https:\\\/\\\/vitablanca.ma\\\/#organization\"},\"alternateName\":\"VitaBlanca.ma\",\"potentialAction\":[{\"@type\":\"SearchAction\",\"target\":{\"@type\":\"EntryPoint\",\"urlTemplate\":\"https:\\\/\\\/vitablanca.ma\\\/?s={search_term_string}\"},\"query-input\":{\"@type\":\"PropertyValueSpecification\",\"valueRequired\":true,\"valueName\":\"search_term_string\"}}],\"inLanguage\":\"en-US\"},{\"@type\":\"Organization\",\"@id\":\"https:\\\/\\\/vitablanca.ma\\\/#organization\",\"name\":\"VitaBlanca\",\"url\":\"https:\\\/\\\/vitablanca.ma\\\/\",\"logo\":{\"@type\":\"ImageObject\",\"inLanguage\":\"en-US\",\"@id\":\"https:\\\/\\\/vitablanca.ma\\\/#\\\/schema\\\/logo\\\/image\\\/\",\"url\":\"https:\\\/\\\/vitablanca.ma\\\/wp-content\\\/uploads\\\/2025\\\/05\\\/cropped-vitablanca.png\",\"contentUrl\":\"https:\\\/\\\/vitablanca.ma\\\/wp-content\\\/uploads\\\/2025\\\/05\\\/cropped-vitablanca.png\",\"width\":360,\"height\":67,\"caption\":\"VitaBlanca\"},\"image\":{\"@id\":\"https:\\\/\\\/vitablanca.ma\\\/#\\\/schema\\\/logo\\\/image\\\/\"},\"sameAs\":[\"https:\\\/\\\/www.facebook.com\\\/profile.php?id=61576678196717\",\"https:\\\/\\\/www.tiktok.com\\\/@vitablanca.ma\",\"https:\\\/\\\/www.instagram.com\\\/vitablanca.ma\\\/\"]}]}<\/script>\n<!-- \/ Yoast SEO plugin. -->","yoast_head_json":{"title":"SVR DENSITIUM Rose Eclat 50ml - Morocco Price","description":"SVR DENSITIUM Rose Eclat 50ml","robots":{"index":"index","follow":"follow","max-snippet":"max-snippet:-1","max-image-preview":"max-image-preview:large","max-video-preview":"max-video-preview:-1"},"canonical":"https:\/\/vitablanca.ma\/en\/product\/svr-densitium-rose-eclat-50ml\/","og_locale":"en_US","og_type":"article","og_title":"SVR DENSITIUM Rose Eclat 50ml - Maroc Prix","og_description":"SVR DENSITIUM Rose Eclat 50ml","og_url":"https:\/\/vitablanca.ma\/en\/product\/svr-densitium-rose-eclat-50ml\/","og_site_name":"Vitablanca.ma &ndash; Sant&eacute;, vitalit&eacute; et bien-&ecirc;tre pour tous les Marocains","article_publisher":"https:\/\/www.facebook.com\/profile.php?id=61576678196717","article_modified_time":"2026-01-21T17:42:43+00:00","og_image":[{"width":1000,"height":1000,"url":"https:\/\/vitablanca.ma\/wp-content\/uploads\/2025\/06\/SVR-DENSITIUM-Rose-Eclat-50ml-nova-parapharmacie-casablanca.jpg","type":"image\/jpeg"}],"twitter_card":"summary_large_image","twitter_misc":{"Est. reading time":"2 minutes"},"schema":{"@context":"https:\/\/schema.org","@graph":[{"@type":["WebPage","ItemPage"],"@id":"https:\/\/vitablanca.ma\/produit\/svr-densitium-rose-eclat-50ml\/","url":"https:\/\/vitablanca.ma\/produit\/svr-densitium-rose-eclat-50ml\/","name":"SVR DENSITIUM Rose Eclat 50ml - Morocco Price","isPartOf":{"@id":"https:\/\/vitablanca.ma\/#website"},"primaryImageOfPage":{"@id":"https:\/\/vitablanca.ma\/produit\/svr-densitium-rose-eclat-50ml\/#primaryimage"},"image":{"@id":"https:\/\/vitablanca.ma\/produit\/svr-densitium-rose-eclat-50ml\/#primaryimage"},"thumbnailUrl":"https:\/\/vitablanca.ma\/wp-content\/uploads\/2025\/06\/SVR-DENSITIUM-Rose-Eclat-50ml-nova-parapharmacie-casablanca.jpg","datePublished":"2025-06-11T21:27:25+00:00","dateModified":"2026-01-21T17:42:43+00:00","description":"SVR DENSITIUM Rose Eclat 50ml","breadcrumb":{"@id":"https:\/\/vitablanca.ma\/produit\/svr-densitium-rose-eclat-50ml\/#breadcrumb"},"inLanguage":"en-US","potentialAction":[{"@type":"ReadAction","target":["https:\/\/vitablanca.ma\/produit\/svr-densitium-rose-eclat-50ml\/"]}]},{"@type":"ImageObject","inLanguage":"en-US","@id":"https:\/\/vitablanca.ma\/produit\/svr-densitium-rose-eclat-50ml\/#primaryimage","url":"https:\/\/vitablanca.ma\/wp-content\/uploads\/2025\/06\/SVR-DENSITIUM-Rose-Eclat-50ml-nova-parapharmacie-casablanca.jpg","contentUrl":"https:\/\/vitablanca.ma\/wp-content\/uploads\/2025\/06\/SVR-DENSITIUM-Rose-Eclat-50ml-nova-parapharmacie-casablanca.jpg","width":1000,"height":1000},{"@type":"BreadcrumbList","@id":"https:\/\/vitablanca.ma\/produit\/svr-densitium-rose-eclat-50ml\/#breadcrumb","itemListElement":[{"@type":"ListItem","position":1,"name":"Home","item":"https:\/\/vitablanca.ma\/"},{"@type":"ListItem","position":2,"name":"Tous Les Produits","item":"https:\/\/vitablanca.ma\/tous-les-produits\/"},{"@type":"ListItem","position":3,"name":"SVR DENSITIUM Rose Eclat 50ml"}]},{"@type":"WebSite","@id":"https:\/\/vitablanca.ma\/#website","url":"https:\/\/vitablanca.ma\/","name":"VitaBlanca.ma | Food supplements, health &amp; beauty in Morocco","description":"sell premium vitamins and supplements from USA &amp; Canada, New Zealand, Morocco (NOW Foods, Solgar, Manuka). Fast delivery anywhere in Morocco.","publisher":{"@id":"https:\/\/vitablanca.ma\/#organization"},"alternateName":"VitaBlanca.ma","potentialAction":[{"@type":"SearchAction","target":{"@type":"EntryPoint","urlTemplate":"https:\/\/vitablanca.ma\/?s={search_term_string}"},"query-input":{"@type":"PropertyValueSpecification","valueRequired":true,"valueName":"search_term_string"}}],"inLanguage":"en-US"},{"@type":"Organization","@id":"https:\/\/vitablanca.ma\/#organization","name":"VitaBlanca","url":"https:\/\/vitablanca.ma\/","logo":{"@type":"ImageObject","inLanguage":"en-US","@id":"https:\/\/vitablanca.ma\/#\/schema\/logo\/image\/","url":"https:\/\/vitablanca.ma\/wp-content\/uploads\/2025\/05\/cropped-vitablanca.png","contentUrl":"https:\/\/vitablanca.ma\/wp-content\/uploads\/2025\/05\/cropped-vitablanca.png","width":360,"height":67,"caption":"VitaBlanca"},"image":{"@id":"https:\/\/vitablanca.ma\/#\/schema\/logo\/image\/"},"sameAs":["https:\/\/www.facebook.com\/profile.php?id=61576678196717","https:\/\/www.tiktok.com\/@vitablanca.ma","https:\/\/www.instagram.com\/vitablanca.ma\/"]}]}},"jetpack_sharing_enabled":true,"_links":{"self":[{"href":"https:\/\/vitablanca.ma\/en\/wp-json\/wp\/v2\/product\/21635","targetHints":{"allow":["GET"]}}],"collection":[{"href":"https:\/\/vitablanca.ma\/en\/wp-json\/wp\/v2\/product"}],"about":[{"href":"https:\/\/vitablanca.ma\/en\/wp-json\/wp\/v2\/types\/product"}],"wp:featuredmedia":[{"embeddable":true,"href":"https:\/\/vitablanca.ma\/en\/wp-json\/wp\/v2\/media\/21633"}],"wp:attachment":[{"href":"https:\/\/vitablanca.ma\/en\/wp-json\/wp\/v2\/media?parent=21635"}],"wp:term":[{"taxonomy":"product_brand","embeddable":true,"href":"https:\/\/vitablanca.ma\/en\/wp-json\/wp\/v2\/product_brand?post=21635"},{"taxonomy":"product_cat","embeddable":true,"href":"https:\/\/vitablanca.ma\/en\/wp-json\/wp\/v2\/product_cat?post=21635"},{"taxonomy":"product_tag","embeddable":true,"href":"https:\/\/vitablanca.ma\/en\/wp-json\/wp\/v2\/product_tag?post=21635"}],"curies":[{"name":"wp","href":"https:\/\/api.w.org\/{rel}","templated":true}]}}