{"id":21628,"date":"2025-06-11T21:27:16","date_gmt":"2025-06-11T21:27:16","guid":{"rendered":"https:\/\/vitablanca.ma\/product\/roge-cavailles-savon-surgras-extra-doux-lait-et-miel-150g\/"},"modified":"2025-06-11T21:27:16","modified_gmt":"2025-06-11T21:27:16","slug":"roge-cavailles-savon-surgras-extra-doux-lait-et-miel-150g","status":"publish","type":"product","link":"https:\/\/vitablanca.ma\/en\/product\/roge-cavailles-savon-surgras-extra-doux-lait-et-miel-150g\/","title":{"rendered":"Rog\u00e9 Cavaill\u00e8s Extra Gentle Surgras Soap Milk and Honey 150g"},"content":{"rendered":"<h2 data-mce-fragment=\"1\">Rog\u00e9 Cavaill\u00e8s Extra Gentle Surgras Soap Milk and Honey\u00a0<span data-mce-fragment=\"1\">Ideal for sensitive skin of the whole family<\/span><br \/>\n<\/h2>\n<p data-mce-fragment=\"1\">An iconic product from the Rog\u00e9 Cavaill\u00e8s brand, Surgras Soap is synonymous with softness and suppleness every day. With the Extra-Gentle Surgras Soap Milk and Honey, the sensitive skin of the whole family can benefit from its virtues!<\/p>\n<p data-mce-fragment=\"1\">- Pro-Regenerating superfatting agents and Sweet Almond Oil to strengthen the skin&#039;s hydrolipidic film, a natural barrier against external aggressions<\/p>\n<p data-mce-fragment=\"1\">-The combination of the nourishing and softening properties of Sweet Almond Oil and Peach Kernel Oil<\/p>\n<p data-mce-fragment=\"1\">-This gentle skin soap provides comfort and natural hydration to your skin<\/p>\n<div class=\"accordion collapse show\">\n<div class=\"accordion-header\">\n<h3 class=\"mb-0\">DIRECTIONS FOR USE<\/h3>\n<\/div>\n<div class=\"accordion-body\">\n<div class=\"wysiwyg\">\n<p>Apply the Extra-Gentle Milk and Honey Surgras Soap to wet skin. Rinse with warm water. Experience extreme softness every day, on the face and body of children and adults.<\/p>\n<\/div>\n<\/div>\n<\/div>\n<div class=\"accordion collapse show\">\n<div class=\"accordion-header\">\n<h3 class=\"mb-0\">PRODUCT COMPOSITION<\/h3>\n<\/div>\n<div class=\"accordion-body\">\n<div>\n<p>Sodium Tallowate, Sodium Cocoate, Aqua, Lanolin, Glycerin, Parfum, Prunus Amygdalus Dulcis Oil, Prunus Persica Kernel Oil, Pentasodium Pentetate, Tetrasodium EDTA, Sodium Chloride, Unsaponifiable<\/p>\n<\/div>\n<\/div>\n<\/div>","protected":false},"excerpt":{"rendered":"<p>Rog\u00e9 cavaill\u00e8s Savon Surgras Extra Doux Lait et Miel\u00a0Id\u00e9al pour les peaux sensibles de toute la famille Produit iconique de la marque Rog\u00e9 Cavaill\u00e8s, le Savon Surgras est synonyme de douceur et de souplesse au quotidien. Avec le Savon Surgras Extra-Doux Lait et Miel, ce sont les peaux sensibles de toute la famille qui b\u00e9n\u00e9ficient [&hellip;]<\/p>\n","protected":false},"featured_media":21624,"template":"","meta":{"om_disable_all_campaigns":false},"product_brand":[],"product_cat":[15],"product_tag":[],"class_list":{"0":"post-21628","1":"product","2":"type-product","3":"status-publish","4":"has-post-thumbnail","6":"product_cat-beaute-sante-complements-alimentaires-soins-et-bien-etre-au-meilleur-prix","8":"first","9":"instock","10":"sale","11":"taxable","12":"shipping-taxable","13":"purchasable","14":"product-type-simple"},"yoast_head":"<!-- This site is optimized with the Yoast SEO plugin v27.4 - https:\/\/yoast.com\/product\/yoast-seo-wordpress\/ -->\n<title>Rog\u00e9 cavaill\u00e8s Savon Surgras Extra Doux Lait et Miel 150g - Maroc Prix<\/title>\n<meta name=\"description\" content=\"Rog\u00e9 cavaill\u00e8s Savon Surgras Extra Doux Lait et Miel 150g\" \/>\n<meta name=\"robots\" content=\"index, follow, max-snippet:-1, max-image-preview:large, max-video-preview:-1\" \/>\n<link rel=\"canonical\" href=\"https:\/\/vitablanca.ma\/en\/product\/roge-cavailles-savon-surgras-extra-doux-lait-et-miel-150g\/\" \/>\n<meta property=\"og:locale\" content=\"en_US\" \/>\n<meta property=\"og:type\" content=\"article\" \/>\n<meta property=\"og:title\" content=\"Rog\u00e9 cavaill\u00e8s Savon Surgras Extra Doux Lait et Miel 150g - Maroc Prix\" \/>\n<meta property=\"og:description\" content=\"Rog\u00e9 cavaill\u00e8s Savon Surgras Extra Doux Lait et Miel 150g\" \/>\n<meta property=\"og:url\" content=\"https:\/\/vitablanca.ma\/en\/product\/roge-cavailles-savon-surgras-extra-doux-lait-et-miel-150g\/\" \/>\n<meta property=\"og:site_name\" content=\"Vitablanca.ma &ndash; Sant&eacute;, vitalit&eacute; et bien-&ecirc;tre pour tous les Marocains\" \/>\n<meta property=\"article:publisher\" content=\"https:\/\/www.facebook.com\/profile.php?id=61576678196717\" \/>\n<meta property=\"og:image\" content=\"https:\/\/vitablanca.ma\/wp-content\/uploads\/2025\/06\/Roge-cavailles-Savon-Surgras-Extra-Doux-Lait-et-Miel-150g-nova-parapharmacie-maroc.png\" \/>\n\t<meta property=\"og:image:width\" content=\"1000\" \/>\n\t<meta property=\"og:image:height\" content=\"1000\" \/>\n\t<meta property=\"og:image:type\" content=\"image\/png\" \/>\n<meta name=\"twitter:card\" content=\"summary_large_image\" \/>\n<meta name=\"twitter:label1\" content=\"Est. reading time\" \/>\n\t<meta name=\"twitter:data1\" content=\"1 minute\" \/>\n<script type=\"application\/ld+json\" class=\"yoast-schema-graph\">{\"@context\":\"https:\\\/\\\/schema.org\",\"@graph\":[{\"@type\":[\"WebPage\",\"ItemPage\"],\"@id\":\"https:\\\/\\\/vitablanca.ma\\\/produit\\\/roge-cavailles-savon-surgras-extra-doux-lait-et-miel-150g\\\/\",\"url\":\"https:\\\/\\\/vitablanca.ma\\\/produit\\\/roge-cavailles-savon-surgras-extra-doux-lait-et-miel-150g\\\/\",\"name\":\"Rog\u00e9 cavaill\u00e8s Savon Surgras Extra Doux Lait et Miel 150g - Maroc Prix\",\"isPartOf\":{\"@id\":\"https:\\\/\\\/vitablanca.ma\\\/#website\"},\"primaryImageOfPage\":{\"@id\":\"https:\\\/\\\/vitablanca.ma\\\/produit\\\/roge-cavailles-savon-surgras-extra-doux-lait-et-miel-150g\\\/#primaryimage\"},\"image\":{\"@id\":\"https:\\\/\\\/vitablanca.ma\\\/produit\\\/roge-cavailles-savon-surgras-extra-doux-lait-et-miel-150g\\\/#primaryimage\"},\"thumbnailUrl\":\"https:\\\/\\\/vitablanca.ma\\\/wp-content\\\/uploads\\\/2025\\\/06\\\/Roge-cavailles-Savon-Surgras-Extra-Doux-Lait-et-Miel-150g-nova-parapharmacie-maroc.png\",\"datePublished\":\"2025-06-11T21:27:16+00:00\",\"description\":\"Rog\u00e9 cavaill\u00e8s Savon Surgras Extra Doux Lait et Miel 150g\",\"breadcrumb\":{\"@id\":\"https:\\\/\\\/vitablanca.ma\\\/produit\\\/roge-cavailles-savon-surgras-extra-doux-lait-et-miel-150g\\\/#breadcrumb\"},\"inLanguage\":\"en-US\",\"potentialAction\":[{\"@type\":\"ReadAction\",\"target\":[\"https:\\\/\\\/vitablanca.ma\\\/produit\\\/roge-cavailles-savon-surgras-extra-doux-lait-et-miel-150g\\\/\"]}]},{\"@type\":\"ImageObject\",\"inLanguage\":\"en-US\",\"@id\":\"https:\\\/\\\/vitablanca.ma\\\/produit\\\/roge-cavailles-savon-surgras-extra-doux-lait-et-miel-150g\\\/#primaryimage\",\"url\":\"https:\\\/\\\/vitablanca.ma\\\/wp-content\\\/uploads\\\/2025\\\/06\\\/Roge-cavailles-Savon-Surgras-Extra-Doux-Lait-et-Miel-150g-nova-parapharmacie-maroc.png\",\"contentUrl\":\"https:\\\/\\\/vitablanca.ma\\\/wp-content\\\/uploads\\\/2025\\\/06\\\/Roge-cavailles-Savon-Surgras-Extra-Doux-Lait-et-Miel-150g-nova-parapharmacie-maroc.png\",\"width\":1000,\"height\":1000},{\"@type\":\"BreadcrumbList\",\"@id\":\"https:\\\/\\\/vitablanca.ma\\\/produit\\\/roge-cavailles-savon-surgras-extra-doux-lait-et-miel-150g\\\/#breadcrumb\",\"itemListElement\":[{\"@type\":\"ListItem\",\"position\":1,\"name\":\"Home\",\"item\":\"https:\\\/\\\/vitablanca.ma\\\/\"},{\"@type\":\"ListItem\",\"position\":2,\"name\":\"Tous Les Produits\",\"item\":\"https:\\\/\\\/vitablanca.ma\\\/tous-les-produits\\\/\"},{\"@type\":\"ListItem\",\"position\":3,\"name\":\"Rog\u00e9 cavaill\u00e8s Savon Surgras Extra Doux Lait et Miel 150g\"}]},{\"@type\":\"WebSite\",\"@id\":\"https:\\\/\\\/vitablanca.ma\\\/#website\",\"url\":\"https:\\\/\\\/vitablanca.ma\\\/\",\"name\":\"VitaBlanca.ma | Compl\u00e9ments alimentaires, sant\u00e9 & beaut\u00e9 au Maroc\",\"description\":\"vendre vitamines et compl\u00e9ments premium des USA &amp; Canada, Nouvelle Z\u00e9lande,Maroc (NOW Foods, Solgar, Manuka). Livraison rapide partout au Maroc.\",\"publisher\":{\"@id\":\"https:\\\/\\\/vitablanca.ma\\\/#organization\"},\"alternateName\":\"VitaBlanca.ma\",\"potentialAction\":[{\"@type\":\"SearchAction\",\"target\":{\"@type\":\"EntryPoint\",\"urlTemplate\":\"https:\\\/\\\/vitablanca.ma\\\/?s={search_term_string}\"},\"query-input\":{\"@type\":\"PropertyValueSpecification\",\"valueRequired\":true,\"valueName\":\"search_term_string\"}}],\"inLanguage\":\"en-US\"},{\"@type\":\"Organization\",\"@id\":\"https:\\\/\\\/vitablanca.ma\\\/#organization\",\"name\":\"VitaBlanca\",\"url\":\"https:\\\/\\\/vitablanca.ma\\\/\",\"logo\":{\"@type\":\"ImageObject\",\"inLanguage\":\"en-US\",\"@id\":\"https:\\\/\\\/vitablanca.ma\\\/#\\\/schema\\\/logo\\\/image\\\/\",\"url\":\"https:\\\/\\\/vitablanca.ma\\\/wp-content\\\/uploads\\\/2025\\\/05\\\/cropped-vitablanca.png\",\"contentUrl\":\"https:\\\/\\\/vitablanca.ma\\\/wp-content\\\/uploads\\\/2025\\\/05\\\/cropped-vitablanca.png\",\"width\":360,\"height\":67,\"caption\":\"VitaBlanca\"},\"image\":{\"@id\":\"https:\\\/\\\/vitablanca.ma\\\/#\\\/schema\\\/logo\\\/image\\\/\"},\"sameAs\":[\"https:\\\/\\\/www.facebook.com\\\/profile.php?id=61576678196717\",\"https:\\\/\\\/www.tiktok.com\\\/@vitablanca.ma\",\"https:\\\/\\\/www.instagram.com\\\/vitablanca.ma\\\/\"]}]}<\/script>\n<!-- \/ Yoast SEO plugin. -->","yoast_head_json":{"title":"Rog\u00e9 Cavaill\u00e8s Extra Gentle Surgras Soap Milk and Honey 150g - Morocco Price","description":"Rog\u00e9 Cavaill\u00e8s Extra Gentle Surgras Soap Milk and Honey 150g","robots":{"index":"index","follow":"follow","max-snippet":"max-snippet:-1","max-image-preview":"max-image-preview:large","max-video-preview":"max-video-preview:-1"},"canonical":"https:\/\/vitablanca.ma\/en\/product\/roge-cavailles-savon-surgras-extra-doux-lait-et-miel-150g\/","og_locale":"en_US","og_type":"article","og_title":"Rog\u00e9 cavaill\u00e8s Savon Surgras Extra Doux Lait et Miel 150g - Maroc Prix","og_description":"Rog\u00e9 cavaill\u00e8s Savon Surgras Extra Doux Lait et Miel 150g","og_url":"https:\/\/vitablanca.ma\/en\/product\/roge-cavailles-savon-surgras-extra-doux-lait-et-miel-150g\/","og_site_name":"Vitablanca.ma &ndash; Sant&eacute;, vitalit&eacute; et bien-&ecirc;tre pour tous les Marocains","article_publisher":"https:\/\/www.facebook.com\/profile.php?id=61576678196717","og_image":[{"width":1000,"height":1000,"url":"https:\/\/vitablanca.ma\/wp-content\/uploads\/2025\/06\/Roge-cavailles-Savon-Surgras-Extra-Doux-Lait-et-Miel-150g-nova-parapharmacie-maroc.png","type":"image\/png"}],"twitter_card":"summary_large_image","twitter_misc":{"Est. reading time":"1 minute"},"schema":{"@context":"https:\/\/schema.org","@graph":[{"@type":["WebPage","ItemPage"],"@id":"https:\/\/vitablanca.ma\/produit\/roge-cavailles-savon-surgras-extra-doux-lait-et-miel-150g\/","url":"https:\/\/vitablanca.ma\/produit\/roge-cavailles-savon-surgras-extra-doux-lait-et-miel-150g\/","name":"Rog\u00e9 Cavaill\u00e8s Extra Gentle Surgras Soap Milk and Honey 150g - Morocco Price","isPartOf":{"@id":"https:\/\/vitablanca.ma\/#website"},"primaryImageOfPage":{"@id":"https:\/\/vitablanca.ma\/produit\/roge-cavailles-savon-surgras-extra-doux-lait-et-miel-150g\/#primaryimage"},"image":{"@id":"https:\/\/vitablanca.ma\/produit\/roge-cavailles-savon-surgras-extra-doux-lait-et-miel-150g\/#primaryimage"},"thumbnailUrl":"https:\/\/vitablanca.ma\/wp-content\/uploads\/2025\/06\/Roge-cavailles-Savon-Surgras-Extra-Doux-Lait-et-Miel-150g-nova-parapharmacie-maroc.png","datePublished":"2025-06-11T21:27:16+00:00","description":"Rog\u00e9 Cavaill\u00e8s Extra Gentle Surgras Soap Milk and Honey 150g","breadcrumb":{"@id":"https:\/\/vitablanca.ma\/produit\/roge-cavailles-savon-surgras-extra-doux-lait-et-miel-150g\/#breadcrumb"},"inLanguage":"en-US","potentialAction":[{"@type":"ReadAction","target":["https:\/\/vitablanca.ma\/produit\/roge-cavailles-savon-surgras-extra-doux-lait-et-miel-150g\/"]}]},{"@type":"ImageObject","inLanguage":"en-US","@id":"https:\/\/vitablanca.ma\/produit\/roge-cavailles-savon-surgras-extra-doux-lait-et-miel-150g\/#primaryimage","url":"https:\/\/vitablanca.ma\/wp-content\/uploads\/2025\/06\/Roge-cavailles-Savon-Surgras-Extra-Doux-Lait-et-Miel-150g-nova-parapharmacie-maroc.png","contentUrl":"https:\/\/vitablanca.ma\/wp-content\/uploads\/2025\/06\/Roge-cavailles-Savon-Surgras-Extra-Doux-Lait-et-Miel-150g-nova-parapharmacie-maroc.png","width":1000,"height":1000},{"@type":"BreadcrumbList","@id":"https:\/\/vitablanca.ma\/produit\/roge-cavailles-savon-surgras-extra-doux-lait-et-miel-150g\/#breadcrumb","itemListElement":[{"@type":"ListItem","position":1,"name":"Home","item":"https:\/\/vitablanca.ma\/"},{"@type":"ListItem","position":2,"name":"Tous Les Produits","item":"https:\/\/vitablanca.ma\/tous-les-produits\/"},{"@type":"ListItem","position":3,"name":"Rog\u00e9 cavaill\u00e8s Savon Surgras Extra Doux Lait et Miel 150g"}]},{"@type":"WebSite","@id":"https:\/\/vitablanca.ma\/#website","url":"https:\/\/vitablanca.ma\/","name":"VitaBlanca.ma | Food supplements, health &amp; beauty in Morocco","description":"sell premium vitamins and supplements from USA &amp; Canada, New Zealand, Morocco (NOW Foods, Solgar, Manuka). Fast delivery anywhere in Morocco.","publisher":{"@id":"https:\/\/vitablanca.ma\/#organization"},"alternateName":"VitaBlanca.ma","potentialAction":[{"@type":"SearchAction","target":{"@type":"EntryPoint","urlTemplate":"https:\/\/vitablanca.ma\/?s={search_term_string}"},"query-input":{"@type":"PropertyValueSpecification","valueRequired":true,"valueName":"search_term_string"}}],"inLanguage":"en-US"},{"@type":"Organization","@id":"https:\/\/vitablanca.ma\/#organization","name":"VitaBlanca","url":"https:\/\/vitablanca.ma\/","logo":{"@type":"ImageObject","inLanguage":"en-US","@id":"https:\/\/vitablanca.ma\/#\/schema\/logo\/image\/","url":"https:\/\/vitablanca.ma\/wp-content\/uploads\/2025\/05\/cropped-vitablanca.png","contentUrl":"https:\/\/vitablanca.ma\/wp-content\/uploads\/2025\/05\/cropped-vitablanca.png","width":360,"height":67,"caption":"VitaBlanca"},"image":{"@id":"https:\/\/vitablanca.ma\/#\/schema\/logo\/image\/"},"sameAs":["https:\/\/www.facebook.com\/profile.php?id=61576678196717","https:\/\/www.tiktok.com\/@vitablanca.ma","https:\/\/www.instagram.com\/vitablanca.ma\/"]}]}},"jetpack_sharing_enabled":true,"_links":{"self":[{"href":"https:\/\/vitablanca.ma\/en\/wp-json\/wp\/v2\/product\/21628","targetHints":{"allow":["GET"]}}],"collection":[{"href":"https:\/\/vitablanca.ma\/en\/wp-json\/wp\/v2\/product"}],"about":[{"href":"https:\/\/vitablanca.ma\/en\/wp-json\/wp\/v2\/types\/product"}],"wp:featuredmedia":[{"embeddable":true,"href":"https:\/\/vitablanca.ma\/en\/wp-json\/wp\/v2\/media\/21624"}],"wp:attachment":[{"href":"https:\/\/vitablanca.ma\/en\/wp-json\/wp\/v2\/media?parent=21628"}],"wp:term":[{"taxonomy":"product_brand","embeddable":true,"href":"https:\/\/vitablanca.ma\/en\/wp-json\/wp\/v2\/product_brand?post=21628"},{"taxonomy":"product_cat","embeddable":true,"href":"https:\/\/vitablanca.ma\/en\/wp-json\/wp\/v2\/product_cat?post=21628"},{"taxonomy":"product_tag","embeddable":true,"href":"https:\/\/vitablanca.ma\/en\/wp-json\/wp\/v2\/product_tag?post=21628"}],"curies":[{"name":"wp","href":"https:\/\/api.w.org\/{rel}","templated":true}]}}