{"id":21587,"date":"2025-06-11T21:26:01","date_gmt":"2025-06-11T21:26:01","guid":{"rendered":"https:\/\/vitablanca.ma\/product\/roge-cavailles-douche-surgras-nourrissant-nectar-de-rose-200ml\/"},"modified":"2025-09-16T17:58:00","modified_gmt":"2025-09-16T17:58:00","slug":"roge-cavailles-douche-surgras-nourrissant-nectar-de-rose-200ml","status":"publish","type":"product","link":"https:\/\/vitablanca.ma\/en\/product\/roge-cavailles-douche-surgras-nourrissant-nectar-de-rose-200ml\/","title":{"rendered":"Rog\u00e9 Cavaill\u00e8s Nourishing Shower Gel Rose Nectar 200ml"},"content":{"rendered":"<h2>Rog\u00e9 Cavaill\u00e8s Nourishing Shower Gel Rose Nectar<\/h2>\n<p>200ml<\/p>\n<h3>Description:<\/h3>\n<div id=\"tab-content\" class=\"tab-content\">\n<div role=\"tabpanel\" id=\"description\" class=\"tab-pane fade in active\">\n<div class=\"product-description\">\n<p>ROGE CAVAILLES<br \/>Nourishing superfatted shower gel<br \/>Rose Nectar<br \/>Protects against skin dryness<br \/>Sensitive skin<\/p>\n<p>Day after day, your skin is protected from external aggressions.\u00a0<br \/>It is soft, supple and intensely nourished.<br \/>Enriched with natural Rose 100% nectar, the Nourishing Shower Gel gently cleanses your sensitive skin and helps protect it from drying out thanks to its specific superfatting agents.\u00a0<\/p>\n<p>Rose Nectar Nourishing Shower Gel is specifically formulated for daily cleansing of delicate and sensitive skin for the whole family.<\/p>\n<div class=\"title-border\">\n<h3 class=\"h2\">Directions for use:<\/h3>\n<\/div>\n<div class=\"std\">\n<p>In the shower or bath, apply the Rose Nectar Nourishing Shower Gel to wet skin.\u00a0<br \/>Rinse with lukewarm water.<\/p>\n<p style=\"text-align: center\">Discover RC Douche Surgras Nourrissant Nectar De Rose, a product carefully selected to meet your specific needs, and enjoy an exceptional shopping experience on our site,\u00a0<strong>Vita Blanca Parapharmacie Maroc<\/strong><\/p>\n<\/div>\n<\/div>\n<\/div>\n<\/div>","protected":false},"excerpt":{"rendered":"<p>Rog\u00e9 Cavaill\u00e8s Douche Surgras Nourrissant Nectar De Rose 200ml Description: ROGE CAVAILLESDouche surgras nourrissantNectar de roseProt\u00e8ge du dess\u00e8chement cutan\u00e9Peaux sensibles Jour apr\u00e8s jour, votre peau est prot\u00e9g\u00e9e des agressions ext\u00e9rieures.\u00a0Elle est douce, souple et intens\u00e9ment nourrie.Enrichi en nectar de Rose 100% naturel, le Gel douche Nourrissant nettoie d\u00e9licatement votre peau sensible et aide \u00e0 pr\u00e9server [&hellip;]<\/p>\n","protected":false},"featured_media":21586,"template":"","meta":{"om_disable_all_campaigns":false},"product_brand":[],"product_cat":[15],"product_tag":[],"class_list":{"0":"post-21587","1":"product","2":"type-product","3":"status-publish","4":"has-post-thumbnail","6":"product_cat-beaute-sante-complements-alimentaires-soins-et-bien-etre-au-meilleur-prix","8":"first","9":"instock","10":"sale","11":"taxable","12":"shipping-taxable","13":"purchasable","14":"product-type-simple"},"yoast_head":"<!-- This site is optimized with the Yoast SEO plugin v27.4 - https:\/\/yoast.com\/product\/yoast-seo-wordpress\/ -->\n<title>Rog\u00e9 Cavaill\u00e8s Douche Surgras Nourrissant Nectar De Rose 200ml - Maroc Prix<\/title>\n<meta name=\"description\" content=\"Rog\u00e9 Cavaill\u00e8s Douche Surgras Nourrissant Nectar De Rose 200ml\" \/>\n<meta name=\"robots\" content=\"index, follow, max-snippet:-1, max-image-preview:large, max-video-preview:-1\" \/>\n<link rel=\"canonical\" href=\"https:\/\/vitablanca.ma\/en\/product\/roge-cavailles-douche-surgras-nourrissant-nectar-de-rose-200ml\/\" \/>\n<meta property=\"og:locale\" content=\"en_US\" \/>\n<meta property=\"og:type\" content=\"article\" \/>\n<meta property=\"og:title\" content=\"Rog\u00e9 Cavaill\u00e8s Douche Surgras Nourrissant Nectar De Rose 200ml - Maroc Prix\" \/>\n<meta property=\"og:description\" content=\"Rog\u00e9 Cavaill\u00e8s Douche Surgras Nourrissant Nectar De Rose 200ml\" \/>\n<meta property=\"og:url\" content=\"https:\/\/vitablanca.ma\/en\/product\/roge-cavailles-douche-surgras-nourrissant-nectar-de-rose-200ml\/\" \/>\n<meta property=\"og:site_name\" content=\"Vitablanca.ma &ndash; Sant&eacute;, vitalit&eacute; et bien-&ecirc;tre pour tous les Marocains\" \/>\n<meta property=\"article:publisher\" content=\"https:\/\/www.facebook.com\/profile.php?id=61576678196717\" \/>\n<meta property=\"article:modified_time\" content=\"2025-09-16T17:58:00+00:00\" \/>\n<meta property=\"og:image\" content=\"https:\/\/vitablanca.ma\/wp-content\/uploads\/2025\/06\/Roge-Cavailles-Douche-Surgras-Nourrissant-Nectar-De-Rose-200ml-prix-maroc-parapharmacie-casablanca.jpg\" \/>\n\t<meta property=\"og:image:width\" content=\"1000\" \/>\n\t<meta property=\"og:image:height\" content=\"1000\" \/>\n\t<meta property=\"og:image:type\" content=\"image\/jpeg\" \/>\n<meta name=\"twitter:card\" content=\"summary_large_image\" \/>\n<meta name=\"twitter:label1\" content=\"Est. reading time\" \/>\n\t<meta name=\"twitter:data1\" content=\"1 minute\" \/>\n<script type=\"application\/ld+json\" class=\"yoast-schema-graph\">{\"@context\":\"https:\\\/\\\/schema.org\",\"@graph\":[{\"@type\":[\"WebPage\",\"ItemPage\"],\"@id\":\"https:\\\/\\\/vitablanca.ma\\\/produit\\\/roge-cavailles-douche-surgras-nourrissant-nectar-de-rose-200ml\\\/\",\"url\":\"https:\\\/\\\/vitablanca.ma\\\/produit\\\/roge-cavailles-douche-surgras-nourrissant-nectar-de-rose-200ml\\\/\",\"name\":\"Rog\u00e9 Cavaill\u00e8s Douche Surgras Nourrissant Nectar De Rose 200ml - Maroc Prix\",\"isPartOf\":{\"@id\":\"https:\\\/\\\/vitablanca.ma\\\/#website\"},\"primaryImageOfPage\":{\"@id\":\"https:\\\/\\\/vitablanca.ma\\\/produit\\\/roge-cavailles-douche-surgras-nourrissant-nectar-de-rose-200ml\\\/#primaryimage\"},\"image\":{\"@id\":\"https:\\\/\\\/vitablanca.ma\\\/produit\\\/roge-cavailles-douche-surgras-nourrissant-nectar-de-rose-200ml\\\/#primaryimage\"},\"thumbnailUrl\":\"https:\\\/\\\/vitablanca.ma\\\/wp-content\\\/uploads\\\/2025\\\/06\\\/Roge-Cavailles-Douche-Surgras-Nourrissant-Nectar-De-Rose-200ml-prix-maroc-parapharmacie-casablanca.jpg\",\"datePublished\":\"2025-06-11T21:26:01+00:00\",\"dateModified\":\"2025-09-16T17:58:00+00:00\",\"description\":\"Rog\u00e9 Cavaill\u00e8s Douche Surgras Nourrissant Nectar De Rose 200ml\",\"breadcrumb\":{\"@id\":\"https:\\\/\\\/vitablanca.ma\\\/produit\\\/roge-cavailles-douche-surgras-nourrissant-nectar-de-rose-200ml\\\/#breadcrumb\"},\"inLanguage\":\"en-US\",\"potentialAction\":[{\"@type\":\"ReadAction\",\"target\":[\"https:\\\/\\\/vitablanca.ma\\\/produit\\\/roge-cavailles-douche-surgras-nourrissant-nectar-de-rose-200ml\\\/\"]}]},{\"@type\":\"ImageObject\",\"inLanguage\":\"en-US\",\"@id\":\"https:\\\/\\\/vitablanca.ma\\\/produit\\\/roge-cavailles-douche-surgras-nourrissant-nectar-de-rose-200ml\\\/#primaryimage\",\"url\":\"https:\\\/\\\/vitablanca.ma\\\/wp-content\\\/uploads\\\/2025\\\/06\\\/Roge-Cavailles-Douche-Surgras-Nourrissant-Nectar-De-Rose-200ml-prix-maroc-parapharmacie-casablanca.jpg\",\"contentUrl\":\"https:\\\/\\\/vitablanca.ma\\\/wp-content\\\/uploads\\\/2025\\\/06\\\/Roge-Cavailles-Douche-Surgras-Nourrissant-Nectar-De-Rose-200ml-prix-maroc-parapharmacie-casablanca.jpg\",\"width\":1000,\"height\":1000},{\"@type\":\"BreadcrumbList\",\"@id\":\"https:\\\/\\\/vitablanca.ma\\\/produit\\\/roge-cavailles-douche-surgras-nourrissant-nectar-de-rose-200ml\\\/#breadcrumb\",\"itemListElement\":[{\"@type\":\"ListItem\",\"position\":1,\"name\":\"Home\",\"item\":\"https:\\\/\\\/vitablanca.ma\\\/\"},{\"@type\":\"ListItem\",\"position\":2,\"name\":\"Tous Les Produits\",\"item\":\"https:\\\/\\\/vitablanca.ma\\\/tous-les-produits\\\/\"},{\"@type\":\"ListItem\",\"position\":3,\"name\":\"Rog\u00e9 Cavaill\u00e8s Douche Surgras Nourrissant Nectar De Rose 200ml\"}]},{\"@type\":\"WebSite\",\"@id\":\"https:\\\/\\\/vitablanca.ma\\\/#website\",\"url\":\"https:\\\/\\\/vitablanca.ma\\\/\",\"name\":\"VitaBlanca.ma | Compl\u00e9ments alimentaires, sant\u00e9 & beaut\u00e9 au Maroc\",\"description\":\"vendre vitamines et compl\u00e9ments premium des USA &amp; Canada, Nouvelle Z\u00e9lande,Maroc (NOW Foods, Solgar, Manuka). Livraison rapide partout au Maroc.\",\"publisher\":{\"@id\":\"https:\\\/\\\/vitablanca.ma\\\/#organization\"},\"alternateName\":\"VitaBlanca.ma\",\"potentialAction\":[{\"@type\":\"SearchAction\",\"target\":{\"@type\":\"EntryPoint\",\"urlTemplate\":\"https:\\\/\\\/vitablanca.ma\\\/?s={search_term_string}\"},\"query-input\":{\"@type\":\"PropertyValueSpecification\",\"valueRequired\":true,\"valueName\":\"search_term_string\"}}],\"inLanguage\":\"en-US\"},{\"@type\":\"Organization\",\"@id\":\"https:\\\/\\\/vitablanca.ma\\\/#organization\",\"name\":\"VitaBlanca\",\"url\":\"https:\\\/\\\/vitablanca.ma\\\/\",\"logo\":{\"@type\":\"ImageObject\",\"inLanguage\":\"en-US\",\"@id\":\"https:\\\/\\\/vitablanca.ma\\\/#\\\/schema\\\/logo\\\/image\\\/\",\"url\":\"https:\\\/\\\/vitablanca.ma\\\/wp-content\\\/uploads\\\/2025\\\/05\\\/cropped-vitablanca.png\",\"contentUrl\":\"https:\\\/\\\/vitablanca.ma\\\/wp-content\\\/uploads\\\/2025\\\/05\\\/cropped-vitablanca.png\",\"width\":360,\"height\":67,\"caption\":\"VitaBlanca\"},\"image\":{\"@id\":\"https:\\\/\\\/vitablanca.ma\\\/#\\\/schema\\\/logo\\\/image\\\/\"},\"sameAs\":[\"https:\\\/\\\/www.facebook.com\\\/profile.php?id=61576678196717\",\"https:\\\/\\\/www.tiktok.com\\\/@vitablanca.ma\",\"https:\\\/\\\/www.instagram.com\\\/vitablanca.ma\\\/\"]}]}<\/script>\n<!-- \/ Yoast SEO plugin. -->","yoast_head_json":{"title":"Rog\u00e9 Cavaill\u00e8s Nourishing Shower Gel Rose Nectar 200ml - Morocco Price","description":"Rog\u00e9 Cavaill\u00e8s Nourishing Shower Gel Rose Nectar 200ml","robots":{"index":"index","follow":"follow","max-snippet":"max-snippet:-1","max-image-preview":"max-image-preview:large","max-video-preview":"max-video-preview:-1"},"canonical":"https:\/\/vitablanca.ma\/en\/product\/roge-cavailles-douche-surgras-nourrissant-nectar-de-rose-200ml\/","og_locale":"en_US","og_type":"article","og_title":"Rog\u00e9 Cavaill\u00e8s Douche Surgras Nourrissant Nectar De Rose 200ml - Maroc Prix","og_description":"Rog\u00e9 Cavaill\u00e8s Douche Surgras Nourrissant Nectar De Rose 200ml","og_url":"https:\/\/vitablanca.ma\/en\/product\/roge-cavailles-douche-surgras-nourrissant-nectar-de-rose-200ml\/","og_site_name":"Vitablanca.ma &ndash; Sant&eacute;, vitalit&eacute; et bien-&ecirc;tre pour tous les Marocains","article_publisher":"https:\/\/www.facebook.com\/profile.php?id=61576678196717","article_modified_time":"2025-09-16T17:58:00+00:00","og_image":[{"width":1000,"height":1000,"url":"https:\/\/vitablanca.ma\/wp-content\/uploads\/2025\/06\/Roge-Cavailles-Douche-Surgras-Nourrissant-Nectar-De-Rose-200ml-prix-maroc-parapharmacie-casablanca.jpg","type":"image\/jpeg"}],"twitter_card":"summary_large_image","twitter_misc":{"Est. reading time":"1 minute"},"schema":{"@context":"https:\/\/schema.org","@graph":[{"@type":["WebPage","ItemPage"],"@id":"https:\/\/vitablanca.ma\/produit\/roge-cavailles-douche-surgras-nourrissant-nectar-de-rose-200ml\/","url":"https:\/\/vitablanca.ma\/produit\/roge-cavailles-douche-surgras-nourrissant-nectar-de-rose-200ml\/","name":"Rog\u00e9 Cavaill\u00e8s Nourishing Shower Gel Rose Nectar 200ml - Morocco Price","isPartOf":{"@id":"https:\/\/vitablanca.ma\/#website"},"primaryImageOfPage":{"@id":"https:\/\/vitablanca.ma\/produit\/roge-cavailles-douche-surgras-nourrissant-nectar-de-rose-200ml\/#primaryimage"},"image":{"@id":"https:\/\/vitablanca.ma\/produit\/roge-cavailles-douche-surgras-nourrissant-nectar-de-rose-200ml\/#primaryimage"},"thumbnailUrl":"https:\/\/vitablanca.ma\/wp-content\/uploads\/2025\/06\/Roge-Cavailles-Douche-Surgras-Nourrissant-Nectar-De-Rose-200ml-prix-maroc-parapharmacie-casablanca.jpg","datePublished":"2025-06-11T21:26:01+00:00","dateModified":"2025-09-16T17:58:00+00:00","description":"Rog\u00e9 Cavaill\u00e8s Nourishing Shower Gel Rose Nectar 200ml","breadcrumb":{"@id":"https:\/\/vitablanca.ma\/produit\/roge-cavailles-douche-surgras-nourrissant-nectar-de-rose-200ml\/#breadcrumb"},"inLanguage":"en-US","potentialAction":[{"@type":"ReadAction","target":["https:\/\/vitablanca.ma\/produit\/roge-cavailles-douche-surgras-nourrissant-nectar-de-rose-200ml\/"]}]},{"@type":"ImageObject","inLanguage":"en-US","@id":"https:\/\/vitablanca.ma\/produit\/roge-cavailles-douche-surgras-nourrissant-nectar-de-rose-200ml\/#primaryimage","url":"https:\/\/vitablanca.ma\/wp-content\/uploads\/2025\/06\/Roge-Cavailles-Douche-Surgras-Nourrissant-Nectar-De-Rose-200ml-prix-maroc-parapharmacie-casablanca.jpg","contentUrl":"https:\/\/vitablanca.ma\/wp-content\/uploads\/2025\/06\/Roge-Cavailles-Douche-Surgras-Nourrissant-Nectar-De-Rose-200ml-prix-maroc-parapharmacie-casablanca.jpg","width":1000,"height":1000},{"@type":"BreadcrumbList","@id":"https:\/\/vitablanca.ma\/produit\/roge-cavailles-douche-surgras-nourrissant-nectar-de-rose-200ml\/#breadcrumb","itemListElement":[{"@type":"ListItem","position":1,"name":"Home","item":"https:\/\/vitablanca.ma\/"},{"@type":"ListItem","position":2,"name":"Tous Les Produits","item":"https:\/\/vitablanca.ma\/tous-les-produits\/"},{"@type":"ListItem","position":3,"name":"Rog\u00e9 Cavaill\u00e8s Douche Surgras Nourrissant Nectar De Rose 200ml"}]},{"@type":"WebSite","@id":"https:\/\/vitablanca.ma\/#website","url":"https:\/\/vitablanca.ma\/","name":"VitaBlanca.ma | Food supplements, health &amp; beauty in Morocco","description":"sell premium vitamins and supplements from USA &amp; Canada, New Zealand, Morocco (NOW Foods, Solgar, Manuka). Fast delivery anywhere in Morocco.","publisher":{"@id":"https:\/\/vitablanca.ma\/#organization"},"alternateName":"VitaBlanca.ma","potentialAction":[{"@type":"SearchAction","target":{"@type":"EntryPoint","urlTemplate":"https:\/\/vitablanca.ma\/?s={search_term_string}"},"query-input":{"@type":"PropertyValueSpecification","valueRequired":true,"valueName":"search_term_string"}}],"inLanguage":"en-US"},{"@type":"Organization","@id":"https:\/\/vitablanca.ma\/#organization","name":"VitaBlanca","url":"https:\/\/vitablanca.ma\/","logo":{"@type":"ImageObject","inLanguage":"en-US","@id":"https:\/\/vitablanca.ma\/#\/schema\/logo\/image\/","url":"https:\/\/vitablanca.ma\/wp-content\/uploads\/2025\/05\/cropped-vitablanca.png","contentUrl":"https:\/\/vitablanca.ma\/wp-content\/uploads\/2025\/05\/cropped-vitablanca.png","width":360,"height":67,"caption":"VitaBlanca"},"image":{"@id":"https:\/\/vitablanca.ma\/#\/schema\/logo\/image\/"},"sameAs":["https:\/\/www.facebook.com\/profile.php?id=61576678196717","https:\/\/www.tiktok.com\/@vitablanca.ma","https:\/\/www.instagram.com\/vitablanca.ma\/"]}]}},"jetpack_sharing_enabled":true,"_links":{"self":[{"href":"https:\/\/vitablanca.ma\/en\/wp-json\/wp\/v2\/product\/21587","targetHints":{"allow":["GET"]}}],"collection":[{"href":"https:\/\/vitablanca.ma\/en\/wp-json\/wp\/v2\/product"}],"about":[{"href":"https:\/\/vitablanca.ma\/en\/wp-json\/wp\/v2\/types\/product"}],"wp:featuredmedia":[{"embeddable":true,"href":"https:\/\/vitablanca.ma\/en\/wp-json\/wp\/v2\/media\/21586"}],"wp:attachment":[{"href":"https:\/\/vitablanca.ma\/en\/wp-json\/wp\/v2\/media?parent=21587"}],"wp:term":[{"taxonomy":"product_brand","embeddable":true,"href":"https:\/\/vitablanca.ma\/en\/wp-json\/wp\/v2\/product_brand?post=21587"},{"taxonomy":"product_cat","embeddable":true,"href":"https:\/\/vitablanca.ma\/en\/wp-json\/wp\/v2\/product_cat?post=21587"},{"taxonomy":"product_tag","embeddable":true,"href":"https:\/\/vitablanca.ma\/en\/wp-json\/wp\/v2\/product_tag?post=21587"}],"curies":[{"name":"wp","href":"https:\/\/api.w.org\/{rel}","templated":true}]}}