{"id":21553,"date":"2025-06-11T21:25:06","date_gmt":"2025-06-11T21:25:06","guid":{"rendered":"https:\/\/vitablanca.ma\/product\/roge-cavailles-gel-bain-douche-lait-et-miel-1l\/"},"modified":"2025-09-16T17:57:58","modified_gmt":"2025-09-16T17:57:58","slug":"roge-cavailles-gel-bain-douche-lait-et-miel-1l","status":"publish","type":"product","link":"https:\/\/vitablanca.ma\/en\/product\/roge-cavailles-gel-bain-douche-lait-et-miel-1l\/","title":{"rendered":"Rog\u00e9 Cavaill\u00e8s Milk and Honey Bath and Shower Gel 1L"},"content":{"rendered":"<h2>Rog\u00e9 Cavaill\u00e8s Milk and Honey Bath and Shower Gel <span>Ideal for sensitive skin of the whole family<\/span><br \/>\n<\/h2>\n<p>The Milk and Honey Sensitive Skin Bath and Shower Gel is enriched with active Surgras to cleanse the delicate and sensitive skin of the whole family in the shower or bath. Whether you&#039;re young or old!<\/p>\n<p>- Pro-Regenerating superfatting agents that help the skin&#039;s natural regeneration process<\/p>\n<p>-A very gentle milk formula for well-hydrated skin<\/p>\n<p>-A creamy mousse for a moment of regenerating pleasure<\/p>\n<p>-A delicious scent of Milk and<span>\u00a0Honey that seduces and regenerates the whole family<\/span><\/p>\n<div class=\"accordion collapse show\">\n<div class=\"accordion-header\">\n<h3 class=\"mb-0\">DIRECTIONS FOR USE<\/h3>\n<\/div>\n<div class=\"accordion-body\">\n<div class=\"wysiwyg\">\n<p>In the shower or bath, apply this Sensitive Skin Shower Gel to wet skin. Lather, rinse, and your skin will be moisturized, protected, and more vibrant than ever.<\/p>\n<\/div>\n<\/div>\n<\/div>\n<div class=\"accordion collapse show\">\n<div class=\"accordion-header\">\n<h3 class=\"mb-0\">PRODUCT COMPOSITION<\/h3>\n<\/div>\n<div class=\"accordion-body\">\n<div>\n<p>Aqua, Magnesium Laureth Sulfate, Cocamidopropyl Betaine, Glycerin, Propylene Glycol, PEG-6 Caprylic\/Capric Glycerides, Olive PEG-7 Esters, PEG-75 Lanolin, Parfum, Hydrolyzed Collagen, Citric Acid, Sodium Benzoate, Tetrasodium EDTA, Caramel, CI 15510<\/p>\n<p style=\"text-align: center\">Discover Rc Milk and Honey Bath and Shower Gel, a product carefully selected to meet your specific needs, and enjoy an exceptional shopping experience on our site, <strong>Vita Blanca Parapharmacie Maroc<\/strong><\/p>\n<\/div>\n<\/div>\n<\/div>","protected":false},"excerpt":{"rendered":"<p>Rog\u00e9 cavaill\u00e8s Gel Bain Douche Lait et Miel Id\u00e9al pour les peaux sensibles de toute la famille Le Gel Bain Douche Peau Sensible Lait et Miel est enrichi en Surgras actif pour nettoyer les peaux d\u00e9licates et sensibles de toute la famille sous la douche ou dans le bain. Que l\u2019on soit petit ou grand [&hellip;]<\/p>\n","protected":false},"featured_media":21549,"template":"","meta":{"om_disable_all_campaigns":false},"product_brand":[],"product_cat":[15],"product_tag":[],"class_list":{"0":"post-21553","1":"product","2":"type-product","3":"status-publish","4":"has-post-thumbnail","6":"product_cat-beaute-sante-complements-alimentaires-soins-et-bien-etre-au-meilleur-prix","8":"first","9":"instock","10":"sale","11":"taxable","12":"shipping-taxable","13":"purchasable","14":"product-type-simple"},"yoast_head":"<!-- This site is optimized with the Yoast SEO plugin v27.3 - https:\/\/yoast.com\/product\/yoast-seo-wordpress\/ -->\n<title>Rog\u00e9 cavaill\u00e8s Gel Bain Douche Lait et Miel 1L - Maroc Prix<\/title>\n<meta name=\"description\" content=\"Rog\u00e9 cavaill\u00e8s Gel Bain Douche Lait et Miel 1L\" \/>\n<meta name=\"robots\" content=\"index, follow, max-snippet:-1, max-image-preview:large, max-video-preview:-1\" \/>\n<link rel=\"canonical\" href=\"https:\/\/vitablanca.ma\/en\/product\/roge-cavailles-gel-bain-douche-lait-et-miel-1l\/\" \/>\n<meta property=\"og:locale\" content=\"en_US\" \/>\n<meta property=\"og:type\" content=\"article\" \/>\n<meta property=\"og:title\" content=\"Rog\u00e9 cavaill\u00e8s Gel Bain Douche Lait et Miel 1L - Maroc Prix\" \/>\n<meta property=\"og:description\" content=\"Rog\u00e9 cavaill\u00e8s Gel Bain Douche Lait et Miel 1L\" \/>\n<meta property=\"og:url\" content=\"https:\/\/vitablanca.ma\/en\/product\/roge-cavailles-gel-bain-douche-lait-et-miel-1l\/\" \/>\n<meta property=\"og:site_name\" content=\"Vitablanca.ma &ndash; Sant&eacute;, vitalit&eacute; et bien-&ecirc;tre pour tous les Marocains\" \/>\n<meta property=\"article:publisher\" content=\"https:\/\/www.facebook.com\/profile.php?id=61576678196717\" \/>\n<meta property=\"article:modified_time\" content=\"2025-09-16T17:57:58+00:00\" \/>\n<meta property=\"og:image\" content=\"https:\/\/vitablanca.ma\/wp-content\/uploads\/2025\/06\/Roge-cavailles-Gel-Bain-Douche-Lait-et-Miel-1l-Nova-para-prix-Maroc.png\" \/>\n\t<meta property=\"og:image:width\" content=\"1000\" \/>\n\t<meta property=\"og:image:height\" content=\"1000\" \/>\n\t<meta property=\"og:image:type\" content=\"image\/png\" \/>\n<meta name=\"twitter:card\" content=\"summary_large_image\" \/>\n<meta name=\"twitter:label1\" content=\"Est. reading time\" \/>\n\t<meta name=\"twitter:data1\" content=\"1 minute\" \/>\n<script type=\"application\/ld+json\" class=\"yoast-schema-graph\">{\"@context\":\"https:\\\/\\\/schema.org\",\"@graph\":[{\"@type\":[\"WebPage\",\"ItemPage\"],\"@id\":\"https:\\\/\\\/vitablanca.ma\\\/produit\\\/roge-cavailles-gel-bain-douche-lait-et-miel-1l\\\/\",\"url\":\"https:\\\/\\\/vitablanca.ma\\\/produit\\\/roge-cavailles-gel-bain-douche-lait-et-miel-1l\\\/\",\"name\":\"Rog\u00e9 cavaill\u00e8s Gel Bain Douche Lait et Miel 1L - Maroc Prix\",\"isPartOf\":{\"@id\":\"https:\\\/\\\/vitablanca.ma\\\/#website\"},\"primaryImageOfPage\":{\"@id\":\"https:\\\/\\\/vitablanca.ma\\\/produit\\\/roge-cavailles-gel-bain-douche-lait-et-miel-1l\\\/#primaryimage\"},\"image\":{\"@id\":\"https:\\\/\\\/vitablanca.ma\\\/produit\\\/roge-cavailles-gel-bain-douche-lait-et-miel-1l\\\/#primaryimage\"},\"thumbnailUrl\":\"https:\\\/\\\/vitablanca.ma\\\/wp-content\\\/uploads\\\/2025\\\/06\\\/Roge-cavailles-Gel-Bain-Douche-Lait-et-Miel-1l-Nova-para-prix-Maroc.png\",\"datePublished\":\"2025-06-11T21:25:06+00:00\",\"dateModified\":\"2025-09-16T17:57:58+00:00\",\"description\":\"Rog\u00e9 cavaill\u00e8s Gel Bain Douche Lait et Miel 1L\",\"breadcrumb\":{\"@id\":\"https:\\\/\\\/vitablanca.ma\\\/produit\\\/roge-cavailles-gel-bain-douche-lait-et-miel-1l\\\/#breadcrumb\"},\"inLanguage\":\"en-US\",\"potentialAction\":[{\"@type\":\"ReadAction\",\"target\":[\"https:\\\/\\\/vitablanca.ma\\\/produit\\\/roge-cavailles-gel-bain-douche-lait-et-miel-1l\\\/\"]}]},{\"@type\":\"ImageObject\",\"inLanguage\":\"en-US\",\"@id\":\"https:\\\/\\\/vitablanca.ma\\\/produit\\\/roge-cavailles-gel-bain-douche-lait-et-miel-1l\\\/#primaryimage\",\"url\":\"https:\\\/\\\/vitablanca.ma\\\/wp-content\\\/uploads\\\/2025\\\/06\\\/Roge-cavailles-Gel-Bain-Douche-Lait-et-Miel-1l-Nova-para-prix-Maroc.png\",\"contentUrl\":\"https:\\\/\\\/vitablanca.ma\\\/wp-content\\\/uploads\\\/2025\\\/06\\\/Roge-cavailles-Gel-Bain-Douche-Lait-et-Miel-1l-Nova-para-prix-Maroc.png\",\"width\":1000,\"height\":1000},{\"@type\":\"BreadcrumbList\",\"@id\":\"https:\\\/\\\/vitablanca.ma\\\/produit\\\/roge-cavailles-gel-bain-douche-lait-et-miel-1l\\\/#breadcrumb\",\"itemListElement\":[{\"@type\":\"ListItem\",\"position\":1,\"name\":\"Home\",\"item\":\"https:\\\/\\\/vitablanca.ma\\\/\"},{\"@type\":\"ListItem\",\"position\":2,\"name\":\"Tous Les Produits\",\"item\":\"https:\\\/\\\/vitablanca.ma\\\/tous-les-produits\\\/\"},{\"@type\":\"ListItem\",\"position\":3,\"name\":\"Rog\u00e9 cavaill\u00e8s Gel Bain Douche Lait et Miel 1L\"}]},{\"@type\":\"WebSite\",\"@id\":\"https:\\\/\\\/vitablanca.ma\\\/#website\",\"url\":\"https:\\\/\\\/vitablanca.ma\\\/\",\"name\":\"VitaBlanca.ma | Compl\u00e9ments alimentaires, sant\u00e9 & beaut\u00e9 au Maroc\",\"description\":\"vendre vitamines et compl\u00e9ments premium des USA &amp; Canada, Nouvelle Z\u00e9lande,Maroc (NOW Foods, Solgar, Manuka). Livraison rapide partout au Maroc.\",\"publisher\":{\"@id\":\"https:\\\/\\\/vitablanca.ma\\\/#organization\"},\"alternateName\":\"VitaBlanca.ma\",\"potentialAction\":[{\"@type\":\"SearchAction\",\"target\":{\"@type\":\"EntryPoint\",\"urlTemplate\":\"https:\\\/\\\/vitablanca.ma\\\/?s={search_term_string}\"},\"query-input\":{\"@type\":\"PropertyValueSpecification\",\"valueRequired\":true,\"valueName\":\"search_term_string\"}}],\"inLanguage\":\"en-US\"},{\"@type\":\"Organization\",\"@id\":\"https:\\\/\\\/vitablanca.ma\\\/#organization\",\"name\":\"VitaBlanca\",\"url\":\"https:\\\/\\\/vitablanca.ma\\\/\",\"logo\":{\"@type\":\"ImageObject\",\"inLanguage\":\"en-US\",\"@id\":\"https:\\\/\\\/vitablanca.ma\\\/#\\\/schema\\\/logo\\\/image\\\/\",\"url\":\"https:\\\/\\\/vitablanca.ma\\\/wp-content\\\/uploads\\\/2025\\\/05\\\/cropped-vitablanca.png\",\"contentUrl\":\"https:\\\/\\\/vitablanca.ma\\\/wp-content\\\/uploads\\\/2025\\\/05\\\/cropped-vitablanca.png\",\"width\":360,\"height\":67,\"caption\":\"VitaBlanca\"},\"image\":{\"@id\":\"https:\\\/\\\/vitablanca.ma\\\/#\\\/schema\\\/logo\\\/image\\\/\"},\"sameAs\":[\"https:\\\/\\\/www.facebook.com\\\/profile.php?id=61576678196717\",\"https:\\\/\\\/www.tiktok.com\\\/@vitablanca.ma\",\"https:\\\/\\\/www.instagram.com\\\/vitablanca.ma\\\/\"]}]}<\/script>\n<!-- \/ Yoast SEO plugin. -->","yoast_head_json":{"title":"Rog\u00e9 Cavaill\u00e8s Milk and Honey Bath and Shower Gel 1L - Morocco Price","description":"Rog\u00e9 Cavaill\u00e8s Milk and Honey Bath and Shower Gel 1L","robots":{"index":"index","follow":"follow","max-snippet":"max-snippet:-1","max-image-preview":"max-image-preview:large","max-video-preview":"max-video-preview:-1"},"canonical":"https:\/\/vitablanca.ma\/en\/product\/roge-cavailles-gel-bain-douche-lait-et-miel-1l\/","og_locale":"en_US","og_type":"article","og_title":"Rog\u00e9 cavaill\u00e8s Gel Bain Douche Lait et Miel 1L - Maroc Prix","og_description":"Rog\u00e9 cavaill\u00e8s Gel Bain Douche Lait et Miel 1L","og_url":"https:\/\/vitablanca.ma\/en\/product\/roge-cavailles-gel-bain-douche-lait-et-miel-1l\/","og_site_name":"Vitablanca.ma &ndash; Sant&eacute;, vitalit&eacute; et bien-&ecirc;tre pour tous les Marocains","article_publisher":"https:\/\/www.facebook.com\/profile.php?id=61576678196717","article_modified_time":"2025-09-16T17:57:58+00:00","og_image":[{"width":1000,"height":1000,"url":"https:\/\/vitablanca.ma\/wp-content\/uploads\/2025\/06\/Roge-cavailles-Gel-Bain-Douche-Lait-et-Miel-1l-Nova-para-prix-Maroc.png","type":"image\/png"}],"twitter_card":"summary_large_image","twitter_misc":{"Est. reading time":"1 minute"},"schema":{"@context":"https:\/\/schema.org","@graph":[{"@type":["WebPage","ItemPage"],"@id":"https:\/\/vitablanca.ma\/produit\/roge-cavailles-gel-bain-douche-lait-et-miel-1l\/","url":"https:\/\/vitablanca.ma\/produit\/roge-cavailles-gel-bain-douche-lait-et-miel-1l\/","name":"Rog\u00e9 Cavaill\u00e8s Milk and Honey Bath and Shower Gel 1L - Morocco Price","isPartOf":{"@id":"https:\/\/vitablanca.ma\/#website"},"primaryImageOfPage":{"@id":"https:\/\/vitablanca.ma\/produit\/roge-cavailles-gel-bain-douche-lait-et-miel-1l\/#primaryimage"},"image":{"@id":"https:\/\/vitablanca.ma\/produit\/roge-cavailles-gel-bain-douche-lait-et-miel-1l\/#primaryimage"},"thumbnailUrl":"https:\/\/vitablanca.ma\/wp-content\/uploads\/2025\/06\/Roge-cavailles-Gel-Bain-Douche-Lait-et-Miel-1l-Nova-para-prix-Maroc.png","datePublished":"2025-06-11T21:25:06+00:00","dateModified":"2025-09-16T17:57:58+00:00","description":"Rog\u00e9 Cavaill\u00e8s Milk and Honey Bath and Shower Gel 1L","breadcrumb":{"@id":"https:\/\/vitablanca.ma\/produit\/roge-cavailles-gel-bain-douche-lait-et-miel-1l\/#breadcrumb"},"inLanguage":"en-US","potentialAction":[{"@type":"ReadAction","target":["https:\/\/vitablanca.ma\/produit\/roge-cavailles-gel-bain-douche-lait-et-miel-1l\/"]}]},{"@type":"ImageObject","inLanguage":"en-US","@id":"https:\/\/vitablanca.ma\/produit\/roge-cavailles-gel-bain-douche-lait-et-miel-1l\/#primaryimage","url":"https:\/\/vitablanca.ma\/wp-content\/uploads\/2025\/06\/Roge-cavailles-Gel-Bain-Douche-Lait-et-Miel-1l-Nova-para-prix-Maroc.png","contentUrl":"https:\/\/vitablanca.ma\/wp-content\/uploads\/2025\/06\/Roge-cavailles-Gel-Bain-Douche-Lait-et-Miel-1l-Nova-para-prix-Maroc.png","width":1000,"height":1000},{"@type":"BreadcrumbList","@id":"https:\/\/vitablanca.ma\/produit\/roge-cavailles-gel-bain-douche-lait-et-miel-1l\/#breadcrumb","itemListElement":[{"@type":"ListItem","position":1,"name":"Home","item":"https:\/\/vitablanca.ma\/"},{"@type":"ListItem","position":2,"name":"Tous Les Produits","item":"https:\/\/vitablanca.ma\/tous-les-produits\/"},{"@type":"ListItem","position":3,"name":"Rog\u00e9 cavaill\u00e8s Gel Bain Douche Lait et Miel 1L"}]},{"@type":"WebSite","@id":"https:\/\/vitablanca.ma\/#website","url":"https:\/\/vitablanca.ma\/","name":"VitaBlanca.ma | Food supplements, health &amp; beauty in Morocco","description":"sell premium vitamins and supplements from USA &amp; Canada, New Zealand, Morocco (NOW Foods, Solgar, Manuka). Fast delivery anywhere in Morocco.","publisher":{"@id":"https:\/\/vitablanca.ma\/#organization"},"alternateName":"VitaBlanca.ma","potentialAction":[{"@type":"SearchAction","target":{"@type":"EntryPoint","urlTemplate":"https:\/\/vitablanca.ma\/?s={search_term_string}"},"query-input":{"@type":"PropertyValueSpecification","valueRequired":true,"valueName":"search_term_string"}}],"inLanguage":"en-US"},{"@type":"Organization","@id":"https:\/\/vitablanca.ma\/#organization","name":"VitaBlanca","url":"https:\/\/vitablanca.ma\/","logo":{"@type":"ImageObject","inLanguage":"en-US","@id":"https:\/\/vitablanca.ma\/#\/schema\/logo\/image\/","url":"https:\/\/vitablanca.ma\/wp-content\/uploads\/2025\/05\/cropped-vitablanca.png","contentUrl":"https:\/\/vitablanca.ma\/wp-content\/uploads\/2025\/05\/cropped-vitablanca.png","width":360,"height":67,"caption":"VitaBlanca"},"image":{"@id":"https:\/\/vitablanca.ma\/#\/schema\/logo\/image\/"},"sameAs":["https:\/\/www.facebook.com\/profile.php?id=61576678196717","https:\/\/www.tiktok.com\/@vitablanca.ma","https:\/\/www.instagram.com\/vitablanca.ma\/"]}]}},"jetpack_sharing_enabled":true,"_links":{"self":[{"href":"https:\/\/vitablanca.ma\/en\/wp-json\/wp\/v2\/product\/21553","targetHints":{"allow":["GET"]}}],"collection":[{"href":"https:\/\/vitablanca.ma\/en\/wp-json\/wp\/v2\/product"}],"about":[{"href":"https:\/\/vitablanca.ma\/en\/wp-json\/wp\/v2\/types\/product"}],"wp:featuredmedia":[{"embeddable":true,"href":"https:\/\/vitablanca.ma\/en\/wp-json\/wp\/v2\/media\/21549"}],"wp:attachment":[{"href":"https:\/\/vitablanca.ma\/en\/wp-json\/wp\/v2\/media?parent=21553"}],"wp:term":[{"taxonomy":"product_brand","embeddable":true,"href":"https:\/\/vitablanca.ma\/en\/wp-json\/wp\/v2\/product_brand?post=21553"},{"taxonomy":"product_cat","embeddable":true,"href":"https:\/\/vitablanca.ma\/en\/wp-json\/wp\/v2\/product_cat?post=21553"},{"taxonomy":"product_tag","embeddable":true,"href":"https:\/\/vitablanca.ma\/en\/wp-json\/wp\/v2\/product_tag?post=21553"}],"curies":[{"name":"wp","href":"https:\/\/api.w.org\/{rel}","templated":true}]}}