{"id":21546,"date":"2025-06-11T21:24:56","date_gmt":"2025-06-11T21:24:56","guid":{"rendered":"https:\/\/vitablanca.ma\/product\/roge-cavailles-deodorant-dermato-anti-odeurs-roll-on-50ml\/"},"modified":"2025-06-11T21:24:56","modified_gmt":"2025-06-11T21:24:56","slug":"roge-cavailles-deodorant-dermato-anti-odeurs-roll-on-50ml","status":"publish","type":"product","link":"https:\/\/vitablanca.ma\/en\/product\/roge-cavailles-deodorant-dermato-anti-odeurs-roll-on-50ml\/","title":{"rendered":"Rog\u00e9 Cavaill\u00e8s Dermato Anti-odor Roll-on Deodorant 50ml"},"content":{"rendered":"<h2 data-mce-fragment=\"1\">Rog\u00e9 Cavaill\u00e8s Dermato Anti-odor Roll-on Deodorant <span data-mce-fragment=\"1\">Ideal for daily efficiency without aluminum salts<\/span><br \/>\n<\/h2>\n<p data-mce-fragment=\"1\">This Women&#039;s Deodorant Without Aluminum Salts combines effectiveness and softness, without compromise.<\/p>\n<p data-mce-fragment=\"1\">-Specially designed for the most sensitive skin, it ensures long-lasting comfort and 48-hour effectiveness against unpleasant odors. Its highly effective formula with plant-based superfatting and antibacterial agents gives you a long-lasting feeling of freshness.<\/p>\n<p data-mce-fragment=\"1\">-Its unique formula with natural oils of rice, sweet almond and jojoba, known for their soothing and protective properties, guarantees softness and a dry finish<\/p>\n<div class=\"accordion collapse show\">\n<div class=\"accordion-header\">\n<h3 class=\"mb-0\">DIRECTIONS FOR USE<\/h3>\n<\/div>\n<div class=\"accordion-body\">\n<div class=\"wysiwyg\">\n<p>This Aluminum-Free Deodorant should be applied daily to clean, dry underarms. Remember to let it dry for a few moments before getting dressed.<\/p>\n<\/div>\n<\/div>\n<\/div>\n<div class=\"accordion collapse show\">\n<div class=\"accordion-header\">\n<h3 class=\"mb-0\">PRODUCT COMPOSITION<\/h3>\n<\/div>\n<div class=\"accordion-body\">\n<div>\n<p>Aqua, Glycerin, Triethyl Citrate, Cetearyl Alcohol, Cetearyl Glucoside, Sorbitan Olivate, Glyceryl Stearate, Parfum, Sorbic Acid, Benzoic Acid, o-Cymen-5-ol, Undecylenoyl Glycine, Capryloyl Glycine, Bisabolol<\/p>\n<\/div>\n<\/div>\n<\/div>","protected":false},"excerpt":{"rendered":"<p>Rog\u00e9 Cavaill\u00e8s D\u00e9odorant Dermato Anti-odeurs Roll-on Id\u00e9al pour une efficacit\u00e9 au quotidien sans sels d\u2019aluminium Ce D\u00e9odorant Femme Sans Sels d\u2019Aluminium allie efficacit\u00e9 et douceur, sans compromis -Sp\u00e9cialement con\u00e7u pour les peaux les plus sensibles, il vous assure un confort durable et une efficacit\u00e9 48h contre les mauvaises odeurs. Tr\u00e8s efficace, sa formule au surgras [&hellip;]<\/p>\n","protected":false},"featured_media":21542,"template":"","meta":{"om_disable_all_campaigns":false},"product_brand":[],"product_cat":[15],"product_tag":[],"class_list":{"0":"post-21546","1":"product","2":"type-product","3":"status-publish","4":"has-post-thumbnail","6":"product_cat-beaute-sante-complements-alimentaires-soins-et-bien-etre-au-meilleur-prix","8":"first","9":"instock","10":"sale","11":"taxable","12":"shipping-taxable","13":"purchasable","14":"product-type-simple"},"yoast_head":"<!-- This site is optimized with the Yoast SEO plugin v27.3 - https:\/\/yoast.com\/product\/yoast-seo-wordpress\/ -->\n<title>Rog\u00e9 Cavaill\u00e8s D\u00e9odorant Dermato Anti-odeurs Roll-on 50ml - Maroc Prix<\/title>\n<meta name=\"description\" content=\"Rog\u00e9 Cavaill\u00e8s D\u00e9odorant Dermato Anti-odeurs Roll-on 50ml\" \/>\n<meta name=\"robots\" content=\"index, follow, max-snippet:-1, max-image-preview:large, max-video-preview:-1\" \/>\n<link rel=\"canonical\" href=\"https:\/\/vitablanca.ma\/en\/product\/roge-cavailles-deodorant-dermato-anti-odeurs-roll-on-50ml\/\" \/>\n<meta property=\"og:locale\" content=\"en_US\" \/>\n<meta property=\"og:type\" content=\"article\" \/>\n<meta property=\"og:title\" content=\"Rog\u00e9 Cavaill\u00e8s D\u00e9odorant Dermato Anti-odeurs Roll-on 50ml - Maroc Prix\" \/>\n<meta property=\"og:description\" content=\"Rog\u00e9 Cavaill\u00e8s D\u00e9odorant Dermato Anti-odeurs Roll-on 50ml\" \/>\n<meta property=\"og:url\" content=\"https:\/\/vitablanca.ma\/en\/product\/roge-cavailles-deodorant-dermato-anti-odeurs-roll-on-50ml\/\" \/>\n<meta property=\"og:site_name\" content=\"Vitablanca.ma &ndash; Sant&eacute;, vitalit&eacute; et bien-&ecirc;tre pour tous les Marocains\" \/>\n<meta property=\"article:publisher\" content=\"https:\/\/www.facebook.com\/profile.php?id=61576678196717\" \/>\n<meta property=\"og:image\" content=\"https:\/\/vitablanca.ma\/wp-content\/uploads\/2025\/06\/Roge-Cavailles-Deodorant-Dermato-Anti-odeurs-Roll-on-50ml-nova-parapharmacie-maroc.png\" \/>\n\t<meta property=\"og:image:width\" content=\"1000\" \/>\n\t<meta property=\"og:image:height\" content=\"1000\" \/>\n\t<meta property=\"og:image:type\" content=\"image\/png\" \/>\n<meta name=\"twitter:card\" content=\"summary_large_image\" \/>\n<meta name=\"twitter:label1\" content=\"Est. reading time\" \/>\n\t<meta name=\"twitter:data1\" content=\"1 minute\" \/>\n<script type=\"application\/ld+json\" class=\"yoast-schema-graph\">{\"@context\":\"https:\\\/\\\/schema.org\",\"@graph\":[{\"@type\":[\"WebPage\",\"ItemPage\"],\"@id\":\"https:\\\/\\\/vitablanca.ma\\\/produit\\\/roge-cavailles-deodorant-dermato-anti-odeurs-roll-on-50ml\\\/\",\"url\":\"https:\\\/\\\/vitablanca.ma\\\/produit\\\/roge-cavailles-deodorant-dermato-anti-odeurs-roll-on-50ml\\\/\",\"name\":\"Rog\u00e9 Cavaill\u00e8s D\u00e9odorant Dermato Anti-odeurs Roll-on 50ml - Maroc Prix\",\"isPartOf\":{\"@id\":\"https:\\\/\\\/vitablanca.ma\\\/#website\"},\"primaryImageOfPage\":{\"@id\":\"https:\\\/\\\/vitablanca.ma\\\/produit\\\/roge-cavailles-deodorant-dermato-anti-odeurs-roll-on-50ml\\\/#primaryimage\"},\"image\":{\"@id\":\"https:\\\/\\\/vitablanca.ma\\\/produit\\\/roge-cavailles-deodorant-dermato-anti-odeurs-roll-on-50ml\\\/#primaryimage\"},\"thumbnailUrl\":\"https:\\\/\\\/vitablanca.ma\\\/wp-content\\\/uploads\\\/2025\\\/06\\\/Roge-Cavailles-Deodorant-Dermato-Anti-odeurs-Roll-on-50ml-nova-parapharmacie-maroc.png\",\"datePublished\":\"2025-06-11T21:24:56+00:00\",\"description\":\"Rog\u00e9 Cavaill\u00e8s D\u00e9odorant Dermato Anti-odeurs Roll-on 50ml\",\"breadcrumb\":{\"@id\":\"https:\\\/\\\/vitablanca.ma\\\/produit\\\/roge-cavailles-deodorant-dermato-anti-odeurs-roll-on-50ml\\\/#breadcrumb\"},\"inLanguage\":\"en-US\",\"potentialAction\":[{\"@type\":\"ReadAction\",\"target\":[\"https:\\\/\\\/vitablanca.ma\\\/produit\\\/roge-cavailles-deodorant-dermato-anti-odeurs-roll-on-50ml\\\/\"]}]},{\"@type\":\"ImageObject\",\"inLanguage\":\"en-US\",\"@id\":\"https:\\\/\\\/vitablanca.ma\\\/produit\\\/roge-cavailles-deodorant-dermato-anti-odeurs-roll-on-50ml\\\/#primaryimage\",\"url\":\"https:\\\/\\\/vitablanca.ma\\\/wp-content\\\/uploads\\\/2025\\\/06\\\/Roge-Cavailles-Deodorant-Dermato-Anti-odeurs-Roll-on-50ml-nova-parapharmacie-maroc.png\",\"contentUrl\":\"https:\\\/\\\/vitablanca.ma\\\/wp-content\\\/uploads\\\/2025\\\/06\\\/Roge-Cavailles-Deodorant-Dermato-Anti-odeurs-Roll-on-50ml-nova-parapharmacie-maroc.png\",\"width\":1000,\"height\":1000},{\"@type\":\"BreadcrumbList\",\"@id\":\"https:\\\/\\\/vitablanca.ma\\\/produit\\\/roge-cavailles-deodorant-dermato-anti-odeurs-roll-on-50ml\\\/#breadcrumb\",\"itemListElement\":[{\"@type\":\"ListItem\",\"position\":1,\"name\":\"Home\",\"item\":\"https:\\\/\\\/vitablanca.ma\\\/\"},{\"@type\":\"ListItem\",\"position\":2,\"name\":\"Tous Les Produits\",\"item\":\"https:\\\/\\\/vitablanca.ma\\\/tous-les-produits\\\/\"},{\"@type\":\"ListItem\",\"position\":3,\"name\":\"Rog\u00e9 Cavaill\u00e8s D\u00e9odorant Dermato Anti-odeurs Roll-on 50ml\"}]},{\"@type\":\"WebSite\",\"@id\":\"https:\\\/\\\/vitablanca.ma\\\/#website\",\"url\":\"https:\\\/\\\/vitablanca.ma\\\/\",\"name\":\"VitaBlanca.ma | Compl\u00e9ments alimentaires, sant\u00e9 & beaut\u00e9 au Maroc\",\"description\":\"vendre vitamines et compl\u00e9ments premium des USA &amp; Canada, Nouvelle Z\u00e9lande,Maroc (NOW Foods, Solgar, Manuka). Livraison rapide partout au Maroc.\",\"publisher\":{\"@id\":\"https:\\\/\\\/vitablanca.ma\\\/#organization\"},\"alternateName\":\"VitaBlanca.ma\",\"potentialAction\":[{\"@type\":\"SearchAction\",\"target\":{\"@type\":\"EntryPoint\",\"urlTemplate\":\"https:\\\/\\\/vitablanca.ma\\\/?s={search_term_string}\"},\"query-input\":{\"@type\":\"PropertyValueSpecification\",\"valueRequired\":true,\"valueName\":\"search_term_string\"}}],\"inLanguage\":\"en-US\"},{\"@type\":\"Organization\",\"@id\":\"https:\\\/\\\/vitablanca.ma\\\/#organization\",\"name\":\"VitaBlanca\",\"url\":\"https:\\\/\\\/vitablanca.ma\\\/\",\"logo\":{\"@type\":\"ImageObject\",\"inLanguage\":\"en-US\",\"@id\":\"https:\\\/\\\/vitablanca.ma\\\/#\\\/schema\\\/logo\\\/image\\\/\",\"url\":\"https:\\\/\\\/vitablanca.ma\\\/wp-content\\\/uploads\\\/2025\\\/05\\\/cropped-vitablanca.png\",\"contentUrl\":\"https:\\\/\\\/vitablanca.ma\\\/wp-content\\\/uploads\\\/2025\\\/05\\\/cropped-vitablanca.png\",\"width\":360,\"height\":67,\"caption\":\"VitaBlanca\"},\"image\":{\"@id\":\"https:\\\/\\\/vitablanca.ma\\\/#\\\/schema\\\/logo\\\/image\\\/\"},\"sameAs\":[\"https:\\\/\\\/www.facebook.com\\\/profile.php?id=61576678196717\",\"https:\\\/\\\/www.tiktok.com\\\/@vitablanca.ma\",\"https:\\\/\\\/www.instagram.com\\\/vitablanca.ma\\\/\"]}]}<\/script>\n<!-- \/ Yoast SEO plugin. -->","yoast_head_json":{"title":"Rog\u00e9 Cavaill\u00e8s Dermato Anti-odor Roll-on Deodorant 50ml - Morocco Price","description":"Rog\u00e9 Cavaill\u00e8s Dermato Anti-odor Roll-on Deodorant 50ml","robots":{"index":"index","follow":"follow","max-snippet":"max-snippet:-1","max-image-preview":"max-image-preview:large","max-video-preview":"max-video-preview:-1"},"canonical":"https:\/\/vitablanca.ma\/en\/product\/roge-cavailles-deodorant-dermato-anti-odeurs-roll-on-50ml\/","og_locale":"en_US","og_type":"article","og_title":"Rog\u00e9 Cavaill\u00e8s D\u00e9odorant Dermato Anti-odeurs Roll-on 50ml - Maroc Prix","og_description":"Rog\u00e9 Cavaill\u00e8s D\u00e9odorant Dermato Anti-odeurs Roll-on 50ml","og_url":"https:\/\/vitablanca.ma\/en\/product\/roge-cavailles-deodorant-dermato-anti-odeurs-roll-on-50ml\/","og_site_name":"Vitablanca.ma &ndash; Sant&eacute;, vitalit&eacute; et bien-&ecirc;tre pour tous les Marocains","article_publisher":"https:\/\/www.facebook.com\/profile.php?id=61576678196717","og_image":[{"width":1000,"height":1000,"url":"https:\/\/vitablanca.ma\/wp-content\/uploads\/2025\/06\/Roge-Cavailles-Deodorant-Dermato-Anti-odeurs-Roll-on-50ml-nova-parapharmacie-maroc.png","type":"image\/png"}],"twitter_card":"summary_large_image","twitter_misc":{"Est. reading time":"1 minute"},"schema":{"@context":"https:\/\/schema.org","@graph":[{"@type":["WebPage","ItemPage"],"@id":"https:\/\/vitablanca.ma\/produit\/roge-cavailles-deodorant-dermato-anti-odeurs-roll-on-50ml\/","url":"https:\/\/vitablanca.ma\/produit\/roge-cavailles-deodorant-dermato-anti-odeurs-roll-on-50ml\/","name":"Rog\u00e9 Cavaill\u00e8s Dermato Anti-odor Roll-on Deodorant 50ml - Morocco Price","isPartOf":{"@id":"https:\/\/vitablanca.ma\/#website"},"primaryImageOfPage":{"@id":"https:\/\/vitablanca.ma\/produit\/roge-cavailles-deodorant-dermato-anti-odeurs-roll-on-50ml\/#primaryimage"},"image":{"@id":"https:\/\/vitablanca.ma\/produit\/roge-cavailles-deodorant-dermato-anti-odeurs-roll-on-50ml\/#primaryimage"},"thumbnailUrl":"https:\/\/vitablanca.ma\/wp-content\/uploads\/2025\/06\/Roge-Cavailles-Deodorant-Dermato-Anti-odeurs-Roll-on-50ml-nova-parapharmacie-maroc.png","datePublished":"2025-06-11T21:24:56+00:00","description":"Rog\u00e9 Cavaill\u00e8s Dermato Anti-odor Roll-on Deodorant 50ml","breadcrumb":{"@id":"https:\/\/vitablanca.ma\/produit\/roge-cavailles-deodorant-dermato-anti-odeurs-roll-on-50ml\/#breadcrumb"},"inLanguage":"en-US","potentialAction":[{"@type":"ReadAction","target":["https:\/\/vitablanca.ma\/produit\/roge-cavailles-deodorant-dermato-anti-odeurs-roll-on-50ml\/"]}]},{"@type":"ImageObject","inLanguage":"en-US","@id":"https:\/\/vitablanca.ma\/produit\/roge-cavailles-deodorant-dermato-anti-odeurs-roll-on-50ml\/#primaryimage","url":"https:\/\/vitablanca.ma\/wp-content\/uploads\/2025\/06\/Roge-Cavailles-Deodorant-Dermato-Anti-odeurs-Roll-on-50ml-nova-parapharmacie-maroc.png","contentUrl":"https:\/\/vitablanca.ma\/wp-content\/uploads\/2025\/06\/Roge-Cavailles-Deodorant-Dermato-Anti-odeurs-Roll-on-50ml-nova-parapharmacie-maroc.png","width":1000,"height":1000},{"@type":"BreadcrumbList","@id":"https:\/\/vitablanca.ma\/produit\/roge-cavailles-deodorant-dermato-anti-odeurs-roll-on-50ml\/#breadcrumb","itemListElement":[{"@type":"ListItem","position":1,"name":"Home","item":"https:\/\/vitablanca.ma\/"},{"@type":"ListItem","position":2,"name":"Tous Les Produits","item":"https:\/\/vitablanca.ma\/tous-les-produits\/"},{"@type":"ListItem","position":3,"name":"Rog\u00e9 Cavaill\u00e8s D\u00e9odorant Dermato Anti-odeurs Roll-on 50ml"}]},{"@type":"WebSite","@id":"https:\/\/vitablanca.ma\/#website","url":"https:\/\/vitablanca.ma\/","name":"VitaBlanca.ma | Food supplements, health &amp; beauty in Morocco","description":"sell premium vitamins and supplements from USA &amp; Canada, New Zealand, Morocco (NOW Foods, Solgar, Manuka). Fast delivery anywhere in Morocco.","publisher":{"@id":"https:\/\/vitablanca.ma\/#organization"},"alternateName":"VitaBlanca.ma","potentialAction":[{"@type":"SearchAction","target":{"@type":"EntryPoint","urlTemplate":"https:\/\/vitablanca.ma\/?s={search_term_string}"},"query-input":{"@type":"PropertyValueSpecification","valueRequired":true,"valueName":"search_term_string"}}],"inLanguage":"en-US"},{"@type":"Organization","@id":"https:\/\/vitablanca.ma\/#organization","name":"VitaBlanca","url":"https:\/\/vitablanca.ma\/","logo":{"@type":"ImageObject","inLanguage":"en-US","@id":"https:\/\/vitablanca.ma\/#\/schema\/logo\/image\/","url":"https:\/\/vitablanca.ma\/wp-content\/uploads\/2025\/05\/cropped-vitablanca.png","contentUrl":"https:\/\/vitablanca.ma\/wp-content\/uploads\/2025\/05\/cropped-vitablanca.png","width":360,"height":67,"caption":"VitaBlanca"},"image":{"@id":"https:\/\/vitablanca.ma\/#\/schema\/logo\/image\/"},"sameAs":["https:\/\/www.facebook.com\/profile.php?id=61576678196717","https:\/\/www.tiktok.com\/@vitablanca.ma","https:\/\/www.instagram.com\/vitablanca.ma\/"]}]}},"jetpack_sharing_enabled":true,"_links":{"self":[{"href":"https:\/\/vitablanca.ma\/en\/wp-json\/wp\/v2\/product\/21546","targetHints":{"allow":["GET"]}}],"collection":[{"href":"https:\/\/vitablanca.ma\/en\/wp-json\/wp\/v2\/product"}],"about":[{"href":"https:\/\/vitablanca.ma\/en\/wp-json\/wp\/v2\/types\/product"}],"wp:featuredmedia":[{"embeddable":true,"href":"https:\/\/vitablanca.ma\/en\/wp-json\/wp\/v2\/media\/21542"}],"wp:attachment":[{"href":"https:\/\/vitablanca.ma\/en\/wp-json\/wp\/v2\/media?parent=21546"}],"wp:term":[{"taxonomy":"product_brand","embeddable":true,"href":"https:\/\/vitablanca.ma\/en\/wp-json\/wp\/v2\/product_brand?post=21546"},{"taxonomy":"product_cat","embeddable":true,"href":"https:\/\/vitablanca.ma\/en\/wp-json\/wp\/v2\/product_cat?post=21546"},{"taxonomy":"product_tag","embeddable":true,"href":"https:\/\/vitablanca.ma\/en\/wp-json\/wp\/v2\/product_tag?post=21546"}],"curies":[{"name":"wp","href":"https:\/\/api.w.org\/{rel}","templated":true}]}}