{"id":21520,"date":"2025-06-11T21:24:24","date_gmt":"2025-06-11T21:24:24","guid":{"rendered":"https:\/\/vitablanca.ma\/product\/rilastil-xerolact-gel-nettoyant-400ml\/"},"modified":"2025-06-11T21:24:24","modified_gmt":"2025-06-11T21:24:24","slug":"rilastil-xerolact-gel-nettoyant-400ml","status":"publish","type":"product","link":"https:\/\/vitablanca.ma\/en\/product\/rilastil-xerolact-gel-nettoyant-400ml\/","title":{"rendered":"Rilastil Xerolact Cleansing Gel 400ml"},"content":{"rendered":"<h2>Rilastil Xerolact Cleansing Gel <span data-mce-fragment=\"1\">ideal for daily cleansing of dry and very dry skin<\/span><br \/>\n<\/h2>\n<p>Delicate foaming gel, with physiological pH (5.5), ideal for daily cleansing of dry and very dry skin, prone to redness, flaking, itching and irritation.<\/p>\n<p>\u00a0<\/p>\n<h3><span class=\"formato\">Application<\/span><\/h3>\n<div class=\"wpb_text_column wpb_content_element  descrizione-lunga\">\n<div class=\"wpb_wrapper\">\n<p>Delicate foaming gel with physiological pH (5.5), ideal for daily cleansing of dry and very dry skin prone to redness, flaking, itching and irritation. The formula, enriched with sodium lactate, sodium DNA and shea butter, cleanses the skin without depleting its hydrolipidic film.<\/p>\n<\/div>\n<\/div>","protected":false},"excerpt":{"rendered":"<p>Rilastil Xerolact Gel Nettoyant id\u00e9al pour le nettoyage quotidien des peaux s\u00e8ches et tr\u00e8s s\u00e8ches Gel moussant d\u00e9licat, au pH physiologique (5,5), id\u00e9al pour le nettoyage quotidien des peaux s\u00e8ches et tr\u00e8s s\u00e8ches, sujettes aux rougeurs, \u00e0 la desquamation, aux d\u00e9mangeaisons et aux irritations. \u00a0 Application Gel moussant d\u00e9licat, au pH physiologique (5,5), id\u00e9al pour [&hellip;]<\/p>\n","protected":false},"featured_media":21519,"template":"","meta":{"om_disable_all_campaigns":false},"product_brand":[],"product_cat":[15],"product_tag":[],"class_list":{"0":"post-21520","1":"product","2":"type-product","3":"status-publish","4":"has-post-thumbnail","6":"product_cat-beaute-sante-complements-alimentaires-soins-et-bien-etre-au-meilleur-prix","8":"first","9":"instock","10":"sale","11":"taxable","12":"shipping-taxable","13":"purchasable","14":"product-type-simple"},"yoast_head":"<!-- This site is optimized with the Yoast SEO plugin v27.3 - https:\/\/yoast.com\/product\/yoast-seo-wordpress\/ -->\n<title>Rilastil Xerolact Gel Nettoyant 400ml - Maroc Prix<\/title>\n<meta name=\"description\" content=\"Rilastil Xerolact Gel Nettoyant 400ml\" \/>\n<meta name=\"robots\" content=\"index, follow, max-snippet:-1, max-image-preview:large, max-video-preview:-1\" \/>\n<link rel=\"canonical\" href=\"https:\/\/vitablanca.ma\/en\/product\/rilastil-xerolact-gel-nettoyant-400ml\/\" \/>\n<meta property=\"og:locale\" content=\"en_US\" \/>\n<meta property=\"og:type\" content=\"article\" \/>\n<meta property=\"og:title\" content=\"Rilastil Xerolact Gel Nettoyant 400ml - Maroc Prix\" \/>\n<meta property=\"og:description\" content=\"Rilastil Xerolact Gel Nettoyant 400ml\" \/>\n<meta property=\"og:url\" content=\"https:\/\/vitablanca.ma\/en\/product\/rilastil-xerolact-gel-nettoyant-400ml\/\" \/>\n<meta property=\"og:site_name\" content=\"Vitablanca.ma &ndash; Sant&eacute;, vitalit&eacute; et bien-&ecirc;tre pour tous les Marocains\" \/>\n<meta property=\"article:publisher\" content=\"https:\/\/www.facebook.com\/profile.php?id=61576678196717\" \/>\n<meta property=\"og:image\" content=\"https:\/\/vitablanca.ma\/wp-content\/uploads\/2025\/06\/Rilastil-Xerolact-Gel-Nettoyant-400ml-nova-prapharmacie-maroc.jpg\" \/>\n\t<meta property=\"og:image:width\" content=\"1000\" \/>\n\t<meta property=\"og:image:height\" content=\"1000\" \/>\n\t<meta property=\"og:image:type\" content=\"image\/jpeg\" \/>\n<meta name=\"twitter:card\" content=\"summary_large_image\" \/>\n<meta name=\"twitter:label1\" content=\"Est. reading time\" \/>\n\t<meta name=\"twitter:data1\" content=\"1 minute\" \/>\n<script type=\"application\/ld+json\" class=\"yoast-schema-graph\">{\"@context\":\"https:\\\/\\\/schema.org\",\"@graph\":[{\"@type\":[\"WebPage\",\"ItemPage\"],\"@id\":\"https:\\\/\\\/vitablanca.ma\\\/produit\\\/rilastil-xerolact-gel-nettoyant-400ml\\\/\",\"url\":\"https:\\\/\\\/vitablanca.ma\\\/produit\\\/rilastil-xerolact-gel-nettoyant-400ml\\\/\",\"name\":\"Rilastil Xerolact Gel Nettoyant 400ml - Maroc Prix\",\"isPartOf\":{\"@id\":\"https:\\\/\\\/vitablanca.ma\\\/#website\"},\"primaryImageOfPage\":{\"@id\":\"https:\\\/\\\/vitablanca.ma\\\/produit\\\/rilastil-xerolact-gel-nettoyant-400ml\\\/#primaryimage\"},\"image\":{\"@id\":\"https:\\\/\\\/vitablanca.ma\\\/produit\\\/rilastil-xerolact-gel-nettoyant-400ml\\\/#primaryimage\"},\"thumbnailUrl\":\"https:\\\/\\\/vitablanca.ma\\\/wp-content\\\/uploads\\\/2025\\\/06\\\/Rilastil-Xerolact-Gel-Nettoyant-400ml-nova-prapharmacie-maroc.jpg\",\"datePublished\":\"2025-06-11T21:24:24+00:00\",\"description\":\"Rilastil Xerolact Gel Nettoyant 400ml\",\"breadcrumb\":{\"@id\":\"https:\\\/\\\/vitablanca.ma\\\/produit\\\/rilastil-xerolact-gel-nettoyant-400ml\\\/#breadcrumb\"},\"inLanguage\":\"en-US\",\"potentialAction\":[{\"@type\":\"ReadAction\",\"target\":[\"https:\\\/\\\/vitablanca.ma\\\/produit\\\/rilastil-xerolact-gel-nettoyant-400ml\\\/\"]}]},{\"@type\":\"ImageObject\",\"inLanguage\":\"en-US\",\"@id\":\"https:\\\/\\\/vitablanca.ma\\\/produit\\\/rilastil-xerolact-gel-nettoyant-400ml\\\/#primaryimage\",\"url\":\"https:\\\/\\\/vitablanca.ma\\\/wp-content\\\/uploads\\\/2025\\\/06\\\/Rilastil-Xerolact-Gel-Nettoyant-400ml-nova-prapharmacie-maroc.jpg\",\"contentUrl\":\"https:\\\/\\\/vitablanca.ma\\\/wp-content\\\/uploads\\\/2025\\\/06\\\/Rilastil-Xerolact-Gel-Nettoyant-400ml-nova-prapharmacie-maroc.jpg\",\"width\":1000,\"height\":1000},{\"@type\":\"BreadcrumbList\",\"@id\":\"https:\\\/\\\/vitablanca.ma\\\/produit\\\/rilastil-xerolact-gel-nettoyant-400ml\\\/#breadcrumb\",\"itemListElement\":[{\"@type\":\"ListItem\",\"position\":1,\"name\":\"Home\",\"item\":\"https:\\\/\\\/vitablanca.ma\\\/\"},{\"@type\":\"ListItem\",\"position\":2,\"name\":\"Tous Les Produits\",\"item\":\"https:\\\/\\\/vitablanca.ma\\\/tous-les-produits\\\/\"},{\"@type\":\"ListItem\",\"position\":3,\"name\":\"Rilastil Xerolact Gel Nettoyant 400ml\"}]},{\"@type\":\"WebSite\",\"@id\":\"https:\\\/\\\/vitablanca.ma\\\/#website\",\"url\":\"https:\\\/\\\/vitablanca.ma\\\/\",\"name\":\"VitaBlanca.ma | Compl\u00e9ments alimentaires, sant\u00e9 & beaut\u00e9 au Maroc\",\"description\":\"vendre vitamines et compl\u00e9ments premium des USA &amp; Canada, Nouvelle Z\u00e9lande,Maroc (NOW Foods, Solgar, Manuka). Livraison rapide partout au Maroc.\",\"publisher\":{\"@id\":\"https:\\\/\\\/vitablanca.ma\\\/#organization\"},\"alternateName\":\"VitaBlanca.ma\",\"potentialAction\":[{\"@type\":\"SearchAction\",\"target\":{\"@type\":\"EntryPoint\",\"urlTemplate\":\"https:\\\/\\\/vitablanca.ma\\\/?s={search_term_string}\"},\"query-input\":{\"@type\":\"PropertyValueSpecification\",\"valueRequired\":true,\"valueName\":\"search_term_string\"}}],\"inLanguage\":\"en-US\"},{\"@type\":\"Organization\",\"@id\":\"https:\\\/\\\/vitablanca.ma\\\/#organization\",\"name\":\"VitaBlanca\",\"url\":\"https:\\\/\\\/vitablanca.ma\\\/\",\"logo\":{\"@type\":\"ImageObject\",\"inLanguage\":\"en-US\",\"@id\":\"https:\\\/\\\/vitablanca.ma\\\/#\\\/schema\\\/logo\\\/image\\\/\",\"url\":\"https:\\\/\\\/vitablanca.ma\\\/wp-content\\\/uploads\\\/2025\\\/05\\\/cropped-vitablanca.png\",\"contentUrl\":\"https:\\\/\\\/vitablanca.ma\\\/wp-content\\\/uploads\\\/2025\\\/05\\\/cropped-vitablanca.png\",\"width\":360,\"height\":67,\"caption\":\"VitaBlanca\"},\"image\":{\"@id\":\"https:\\\/\\\/vitablanca.ma\\\/#\\\/schema\\\/logo\\\/image\\\/\"},\"sameAs\":[\"https:\\\/\\\/www.facebook.com\\\/profile.php?id=61576678196717\",\"https:\\\/\\\/www.tiktok.com\\\/@vitablanca.ma\",\"https:\\\/\\\/www.instagram.com\\\/vitablanca.ma\\\/\"]}]}<\/script>\n<!-- \/ Yoast SEO plugin. -->","yoast_head_json":{"title":"Rilastil Xerolact Cleansing Gel 400ml - Morocco Price","description":"Rilastil Xerolact Cleansing Gel 400ml","robots":{"index":"index","follow":"follow","max-snippet":"max-snippet:-1","max-image-preview":"max-image-preview:large","max-video-preview":"max-video-preview:-1"},"canonical":"https:\/\/vitablanca.ma\/en\/product\/rilastil-xerolact-gel-nettoyant-400ml\/","og_locale":"en_US","og_type":"article","og_title":"Rilastil Xerolact Gel Nettoyant 400ml - Maroc Prix","og_description":"Rilastil Xerolact Gel Nettoyant 400ml","og_url":"https:\/\/vitablanca.ma\/en\/product\/rilastil-xerolact-gel-nettoyant-400ml\/","og_site_name":"Vitablanca.ma &ndash; Sant&eacute;, vitalit&eacute; et bien-&ecirc;tre pour tous les Marocains","article_publisher":"https:\/\/www.facebook.com\/profile.php?id=61576678196717","og_image":[{"width":1000,"height":1000,"url":"https:\/\/vitablanca.ma\/wp-content\/uploads\/2025\/06\/Rilastil-Xerolact-Gel-Nettoyant-400ml-nova-prapharmacie-maroc.jpg","type":"image\/jpeg"}],"twitter_card":"summary_large_image","twitter_misc":{"Est. reading time":"1 minute"},"schema":{"@context":"https:\/\/schema.org","@graph":[{"@type":["WebPage","ItemPage"],"@id":"https:\/\/vitablanca.ma\/produit\/rilastil-xerolact-gel-nettoyant-400ml\/","url":"https:\/\/vitablanca.ma\/produit\/rilastil-xerolact-gel-nettoyant-400ml\/","name":"Rilastil Xerolact Cleansing Gel 400ml - Morocco Price","isPartOf":{"@id":"https:\/\/vitablanca.ma\/#website"},"primaryImageOfPage":{"@id":"https:\/\/vitablanca.ma\/produit\/rilastil-xerolact-gel-nettoyant-400ml\/#primaryimage"},"image":{"@id":"https:\/\/vitablanca.ma\/produit\/rilastil-xerolact-gel-nettoyant-400ml\/#primaryimage"},"thumbnailUrl":"https:\/\/vitablanca.ma\/wp-content\/uploads\/2025\/06\/Rilastil-Xerolact-Gel-Nettoyant-400ml-nova-prapharmacie-maroc.jpg","datePublished":"2025-06-11T21:24:24+00:00","description":"Rilastil Xerolact Cleansing Gel 400ml","breadcrumb":{"@id":"https:\/\/vitablanca.ma\/produit\/rilastil-xerolact-gel-nettoyant-400ml\/#breadcrumb"},"inLanguage":"en-US","potentialAction":[{"@type":"ReadAction","target":["https:\/\/vitablanca.ma\/produit\/rilastil-xerolact-gel-nettoyant-400ml\/"]}]},{"@type":"ImageObject","inLanguage":"en-US","@id":"https:\/\/vitablanca.ma\/produit\/rilastil-xerolact-gel-nettoyant-400ml\/#primaryimage","url":"https:\/\/vitablanca.ma\/wp-content\/uploads\/2025\/06\/Rilastil-Xerolact-Gel-Nettoyant-400ml-nova-prapharmacie-maroc.jpg","contentUrl":"https:\/\/vitablanca.ma\/wp-content\/uploads\/2025\/06\/Rilastil-Xerolact-Gel-Nettoyant-400ml-nova-prapharmacie-maroc.jpg","width":1000,"height":1000},{"@type":"BreadcrumbList","@id":"https:\/\/vitablanca.ma\/produit\/rilastil-xerolact-gel-nettoyant-400ml\/#breadcrumb","itemListElement":[{"@type":"ListItem","position":1,"name":"Home","item":"https:\/\/vitablanca.ma\/"},{"@type":"ListItem","position":2,"name":"Tous Les Produits","item":"https:\/\/vitablanca.ma\/tous-les-produits\/"},{"@type":"ListItem","position":3,"name":"Rilastil Xerolact Gel Nettoyant 400ml"}]},{"@type":"WebSite","@id":"https:\/\/vitablanca.ma\/#website","url":"https:\/\/vitablanca.ma\/","name":"VitaBlanca.ma | Food supplements, health &amp; beauty in Morocco","description":"sell premium vitamins and supplements from USA &amp; Canada, New Zealand, Morocco (NOW Foods, Solgar, Manuka). Fast delivery anywhere in Morocco.","publisher":{"@id":"https:\/\/vitablanca.ma\/#organization"},"alternateName":"VitaBlanca.ma","potentialAction":[{"@type":"SearchAction","target":{"@type":"EntryPoint","urlTemplate":"https:\/\/vitablanca.ma\/?s={search_term_string}"},"query-input":{"@type":"PropertyValueSpecification","valueRequired":true,"valueName":"search_term_string"}}],"inLanguage":"en-US"},{"@type":"Organization","@id":"https:\/\/vitablanca.ma\/#organization","name":"VitaBlanca","url":"https:\/\/vitablanca.ma\/","logo":{"@type":"ImageObject","inLanguage":"en-US","@id":"https:\/\/vitablanca.ma\/#\/schema\/logo\/image\/","url":"https:\/\/vitablanca.ma\/wp-content\/uploads\/2025\/05\/cropped-vitablanca.png","contentUrl":"https:\/\/vitablanca.ma\/wp-content\/uploads\/2025\/05\/cropped-vitablanca.png","width":360,"height":67,"caption":"VitaBlanca"},"image":{"@id":"https:\/\/vitablanca.ma\/#\/schema\/logo\/image\/"},"sameAs":["https:\/\/www.facebook.com\/profile.php?id=61576678196717","https:\/\/www.tiktok.com\/@vitablanca.ma","https:\/\/www.instagram.com\/vitablanca.ma\/"]}]}},"jetpack_sharing_enabled":true,"_links":{"self":[{"href":"https:\/\/vitablanca.ma\/en\/wp-json\/wp\/v2\/product\/21520","targetHints":{"allow":["GET"]}}],"collection":[{"href":"https:\/\/vitablanca.ma\/en\/wp-json\/wp\/v2\/product"}],"about":[{"href":"https:\/\/vitablanca.ma\/en\/wp-json\/wp\/v2\/types\/product"}],"wp:featuredmedia":[{"embeddable":true,"href":"https:\/\/vitablanca.ma\/en\/wp-json\/wp\/v2\/media\/21519"}],"wp:attachment":[{"href":"https:\/\/vitablanca.ma\/en\/wp-json\/wp\/v2\/media?parent=21520"}],"wp:term":[{"taxonomy":"product_brand","embeddable":true,"href":"https:\/\/vitablanca.ma\/en\/wp-json\/wp\/v2\/product_brand?post=21520"},{"taxonomy":"product_cat","embeddable":true,"href":"https:\/\/vitablanca.ma\/en\/wp-json\/wp\/v2\/product_cat?post=21520"},{"taxonomy":"product_tag","embeddable":true,"href":"https:\/\/vitablanca.ma\/en\/wp-json\/wp\/v2\/product_tag?post=21520"}],"curies":[{"name":"wp","href":"https:\/\/api.w.org\/{rel}","templated":true}]}}