{"id":21514,"date":"2025-06-11T21:24:20","date_gmt":"2025-06-11T21:24:20","guid":{"rendered":"https:\/\/vitablanca.ma\/product\/rilastil-creme-mains-reparatrice-30ml\/"},"modified":"2025-09-16T17:57:57","modified_gmt":"2025-09-16T17:57:57","slug":"rilastil-creme-mains-reparatrice-30ml","status":"publish","type":"product","link":"https:\/\/vitablanca.ma\/en\/product\/rilastil-creme-mains-reparatrice-30ml\/","title":{"rendered":"Rilastil Repairing Hand Cream 30ml"},"content":{"rendered":"<h2>Rilastil Repairing Hand Cream <span>\u00a0nourishes and protects the skin of the hands<\/span><br \/>\n<\/h2>\n<p>Rilastil Restorative Hand Cream is a restorative treatment that moisturizes, nourishes and protects the skin of the hands, leaving it soft, elastic and velvety.<\/p>\n<div class=\"wpb_text_column wpb_content_element  descrizione-lunga\">\n<div class=\"wpb_wrapper\">\n<p>Rilastil Restorative Hand Cream is a restorative treatment that moisturizes, nourishes and protects the skin of the hands, leaving it soft, elastic and velvety.<\/p>\n<h3>FEATURES\u00a0<\/h3>\n<p>\u2022 Repair of damage caused by atmospheric agents or aggressive substances, restoring the hydrolipidic film<br \/>\u2022 Nourishes the skin of the hands while maintaining its elasticity<br \/>\u2022 Provides instant comfort and is quickly absorbed.<\/p>\n<p style=\"text-align: center\">Discover Rilastil Repairing Hand Cream, a product carefully selected to meet your specific needs, and enjoy an exceptional shopping experience on our site,\u00a0<strong>Vita Blanca Parapharmacie Maroc<\/strong><\/p>\n<\/div>\n<\/div>","protected":false},"excerpt":{"rendered":"<p>Rilastil Cr\u00e8me Mains R\u00e9paratrice \u00a0nourrit et prot\u00e8ge la peau des mains La cr\u00e8me mains r\u00e9paratrice Rilastil est un soin reconstituant qui hydrate, nourrit et prot\u00e8ge la peau des mains, la laissant douce, \u00e9lastique et velou La cr\u00e8me mains r\u00e9paratrice Rilastil est un soin reconstituant qui hydrate, nourrit et prot\u00e8ge la peau des mains, la laissant [&hellip;]<\/p>\n","protected":false},"featured_media":21513,"template":"","meta":{"om_disable_all_campaigns":false},"product_brand":[],"product_cat":[15],"product_tag":[],"class_list":{"0":"post-21514","1":"product","2":"type-product","3":"status-publish","4":"has-post-thumbnail","6":"product_cat-beaute-sante-complements-alimentaires-soins-et-bien-etre-au-meilleur-prix","8":"first","9":"instock","10":"sale","11":"taxable","12":"shipping-taxable","13":"purchasable","14":"product-type-simple"},"yoast_head":"<!-- This site is optimized with the Yoast SEO plugin v27.3 - https:\/\/yoast.com\/product\/yoast-seo-wordpress\/ -->\n<title>Rilastil Cr\u00e8me Mains R\u00e9paratrice 30ml - Maroc Prix<\/title>\n<meta name=\"description\" content=\"Rilastil Cr\u00e8me Mains R\u00e9paratrice 30ml\" \/>\n<meta name=\"robots\" content=\"index, follow, max-snippet:-1, max-image-preview:large, max-video-preview:-1\" \/>\n<link rel=\"canonical\" href=\"https:\/\/vitablanca.ma\/en\/product\/rilastil-creme-mains-reparatrice-30ml\/\" \/>\n<meta property=\"og:locale\" content=\"en_US\" \/>\n<meta property=\"og:type\" content=\"article\" \/>\n<meta property=\"og:title\" content=\"Rilastil Cr\u00e8me Mains R\u00e9paratrice 30ml - Maroc Prix\" \/>\n<meta property=\"og:description\" content=\"Rilastil Cr\u00e8me Mains R\u00e9paratrice 30ml\" \/>\n<meta property=\"og:url\" content=\"https:\/\/vitablanca.ma\/en\/product\/rilastil-creme-mains-reparatrice-30ml\/\" \/>\n<meta property=\"og:site_name\" content=\"Vitablanca.ma &ndash; Sant&eacute;, vitalit&eacute; et bien-&ecirc;tre pour tous les Marocains\" \/>\n<meta property=\"article:publisher\" content=\"https:\/\/www.facebook.com\/profile.php?id=61576678196717\" \/>\n<meta property=\"article:modified_time\" content=\"2025-09-16T17:57:57+00:00\" \/>\n<meta property=\"og:image\" content=\"https:\/\/vitablanca.ma\/wp-content\/uploads\/2025\/06\/XEROLACT-_-CREMA-MANI.png\" \/>\n\t<meta property=\"og:image:width\" content=\"240\" \/>\n\t<meta property=\"og:image:height\" content=\"587\" \/>\n\t<meta property=\"og:image:type\" content=\"image\/png\" \/>\n<meta name=\"twitter:card\" content=\"summary_large_image\" \/>\n<meta name=\"twitter:label1\" content=\"Est. reading time\" \/>\n\t<meta name=\"twitter:data1\" content=\"1 minute\" \/>\n<script type=\"application\/ld+json\" class=\"yoast-schema-graph\">{\"@context\":\"https:\\\/\\\/schema.org\",\"@graph\":[{\"@type\":[\"WebPage\",\"ItemPage\"],\"@id\":\"https:\\\/\\\/vitablanca.ma\\\/produit\\\/rilastil-creme-mains-reparatrice-30ml\\\/\",\"url\":\"https:\\\/\\\/vitablanca.ma\\\/produit\\\/rilastil-creme-mains-reparatrice-30ml\\\/\",\"name\":\"Rilastil Cr\u00e8me Mains R\u00e9paratrice 30ml - Maroc Prix\",\"isPartOf\":{\"@id\":\"https:\\\/\\\/vitablanca.ma\\\/#website\"},\"primaryImageOfPage\":{\"@id\":\"https:\\\/\\\/vitablanca.ma\\\/produit\\\/rilastil-creme-mains-reparatrice-30ml\\\/#primaryimage\"},\"image\":{\"@id\":\"https:\\\/\\\/vitablanca.ma\\\/produit\\\/rilastil-creme-mains-reparatrice-30ml\\\/#primaryimage\"},\"thumbnailUrl\":\"https:\\\/\\\/vitablanca.ma\\\/wp-content\\\/uploads\\\/2025\\\/06\\\/XEROLACT-_-CREMA-MANI.png\",\"datePublished\":\"2025-06-11T21:24:20+00:00\",\"dateModified\":\"2025-09-16T17:57:57+00:00\",\"description\":\"Rilastil Cr\u00e8me Mains R\u00e9paratrice 30ml\",\"breadcrumb\":{\"@id\":\"https:\\\/\\\/vitablanca.ma\\\/produit\\\/rilastil-creme-mains-reparatrice-30ml\\\/#breadcrumb\"},\"inLanguage\":\"en-US\",\"potentialAction\":[{\"@type\":\"ReadAction\",\"target\":[\"https:\\\/\\\/vitablanca.ma\\\/produit\\\/rilastil-creme-mains-reparatrice-30ml\\\/\"]}]},{\"@type\":\"ImageObject\",\"inLanguage\":\"en-US\",\"@id\":\"https:\\\/\\\/vitablanca.ma\\\/produit\\\/rilastil-creme-mains-reparatrice-30ml\\\/#primaryimage\",\"url\":\"https:\\\/\\\/vitablanca.ma\\\/wp-content\\\/uploads\\\/2025\\\/06\\\/XEROLACT-_-CREMA-MANI.png\",\"contentUrl\":\"https:\\\/\\\/vitablanca.ma\\\/wp-content\\\/uploads\\\/2025\\\/06\\\/XEROLACT-_-CREMA-MANI.png\",\"width\":240,\"height\":587},{\"@type\":\"BreadcrumbList\",\"@id\":\"https:\\\/\\\/vitablanca.ma\\\/produit\\\/rilastil-creme-mains-reparatrice-30ml\\\/#breadcrumb\",\"itemListElement\":[{\"@type\":\"ListItem\",\"position\":1,\"name\":\"Home\",\"item\":\"https:\\\/\\\/vitablanca.ma\\\/\"},{\"@type\":\"ListItem\",\"position\":2,\"name\":\"Tous Les Produits\",\"item\":\"https:\\\/\\\/vitablanca.ma\\\/tous-les-produits\\\/\"},{\"@type\":\"ListItem\",\"position\":3,\"name\":\"Rilastil Cr\u00e8me Mains R\u00e9paratrice 30ml\"}]},{\"@type\":\"WebSite\",\"@id\":\"https:\\\/\\\/vitablanca.ma\\\/#website\",\"url\":\"https:\\\/\\\/vitablanca.ma\\\/\",\"name\":\"VitaBlanca.ma | Compl\u00e9ments alimentaires, sant\u00e9 & beaut\u00e9 au Maroc\",\"description\":\"vendre vitamines et compl\u00e9ments premium des USA &amp; Canada, Nouvelle Z\u00e9lande,Maroc (NOW Foods, Solgar, Manuka). Livraison rapide partout au Maroc.\",\"publisher\":{\"@id\":\"https:\\\/\\\/vitablanca.ma\\\/#organization\"},\"alternateName\":\"VitaBlanca.ma\",\"potentialAction\":[{\"@type\":\"SearchAction\",\"target\":{\"@type\":\"EntryPoint\",\"urlTemplate\":\"https:\\\/\\\/vitablanca.ma\\\/?s={search_term_string}\"},\"query-input\":{\"@type\":\"PropertyValueSpecification\",\"valueRequired\":true,\"valueName\":\"search_term_string\"}}],\"inLanguage\":\"en-US\"},{\"@type\":\"Organization\",\"@id\":\"https:\\\/\\\/vitablanca.ma\\\/#organization\",\"name\":\"VitaBlanca\",\"url\":\"https:\\\/\\\/vitablanca.ma\\\/\",\"logo\":{\"@type\":\"ImageObject\",\"inLanguage\":\"en-US\",\"@id\":\"https:\\\/\\\/vitablanca.ma\\\/#\\\/schema\\\/logo\\\/image\\\/\",\"url\":\"https:\\\/\\\/vitablanca.ma\\\/wp-content\\\/uploads\\\/2025\\\/05\\\/cropped-vitablanca.png\",\"contentUrl\":\"https:\\\/\\\/vitablanca.ma\\\/wp-content\\\/uploads\\\/2025\\\/05\\\/cropped-vitablanca.png\",\"width\":360,\"height\":67,\"caption\":\"VitaBlanca\"},\"image\":{\"@id\":\"https:\\\/\\\/vitablanca.ma\\\/#\\\/schema\\\/logo\\\/image\\\/\"},\"sameAs\":[\"https:\\\/\\\/www.facebook.com\\\/profile.php?id=61576678196717\",\"https:\\\/\\\/www.tiktok.com\\\/@vitablanca.ma\",\"https:\\\/\\\/www.instagram.com\\\/vitablanca.ma\\\/\"]}]}<\/script>\n<!-- \/ Yoast SEO plugin. -->","yoast_head_json":{"title":"Rilastil Repairing Hand Cream 30ml - Morocco Price","description":"Rilastil Repairing Hand Cream 30ml","robots":{"index":"index","follow":"follow","max-snippet":"max-snippet:-1","max-image-preview":"max-image-preview:large","max-video-preview":"max-video-preview:-1"},"canonical":"https:\/\/vitablanca.ma\/en\/product\/rilastil-creme-mains-reparatrice-30ml\/","og_locale":"en_US","og_type":"article","og_title":"Rilastil Cr\u00e8me Mains R\u00e9paratrice 30ml - Maroc Prix","og_description":"Rilastil Cr\u00e8me Mains R\u00e9paratrice 30ml","og_url":"https:\/\/vitablanca.ma\/en\/product\/rilastil-creme-mains-reparatrice-30ml\/","og_site_name":"Vitablanca.ma &ndash; Sant&eacute;, vitalit&eacute; et bien-&ecirc;tre pour tous les Marocains","article_publisher":"https:\/\/www.facebook.com\/profile.php?id=61576678196717","article_modified_time":"2025-09-16T17:57:57+00:00","og_image":[{"width":240,"height":587,"url":"https:\/\/vitablanca.ma\/wp-content\/uploads\/2025\/06\/XEROLACT-_-CREMA-MANI.png","type":"image\/png"}],"twitter_card":"summary_large_image","twitter_misc":{"Est. reading time":"1 minute"},"schema":{"@context":"https:\/\/schema.org","@graph":[{"@type":["WebPage","ItemPage"],"@id":"https:\/\/vitablanca.ma\/produit\/rilastil-creme-mains-reparatrice-30ml\/","url":"https:\/\/vitablanca.ma\/produit\/rilastil-creme-mains-reparatrice-30ml\/","name":"Rilastil Repairing Hand Cream 30ml - Morocco Price","isPartOf":{"@id":"https:\/\/vitablanca.ma\/#website"},"primaryImageOfPage":{"@id":"https:\/\/vitablanca.ma\/produit\/rilastil-creme-mains-reparatrice-30ml\/#primaryimage"},"image":{"@id":"https:\/\/vitablanca.ma\/produit\/rilastil-creme-mains-reparatrice-30ml\/#primaryimage"},"thumbnailUrl":"https:\/\/vitablanca.ma\/wp-content\/uploads\/2025\/06\/XEROLACT-_-CREMA-MANI.png","datePublished":"2025-06-11T21:24:20+00:00","dateModified":"2025-09-16T17:57:57+00:00","description":"Rilastil Repairing Hand Cream 30ml","breadcrumb":{"@id":"https:\/\/vitablanca.ma\/produit\/rilastil-creme-mains-reparatrice-30ml\/#breadcrumb"},"inLanguage":"en-US","potentialAction":[{"@type":"ReadAction","target":["https:\/\/vitablanca.ma\/produit\/rilastil-creme-mains-reparatrice-30ml\/"]}]},{"@type":"ImageObject","inLanguage":"en-US","@id":"https:\/\/vitablanca.ma\/produit\/rilastil-creme-mains-reparatrice-30ml\/#primaryimage","url":"https:\/\/vitablanca.ma\/wp-content\/uploads\/2025\/06\/XEROLACT-_-CREMA-MANI.png","contentUrl":"https:\/\/vitablanca.ma\/wp-content\/uploads\/2025\/06\/XEROLACT-_-CREMA-MANI.png","width":240,"height":587},{"@type":"BreadcrumbList","@id":"https:\/\/vitablanca.ma\/produit\/rilastil-creme-mains-reparatrice-30ml\/#breadcrumb","itemListElement":[{"@type":"ListItem","position":1,"name":"Home","item":"https:\/\/vitablanca.ma\/"},{"@type":"ListItem","position":2,"name":"Tous Les Produits","item":"https:\/\/vitablanca.ma\/tous-les-produits\/"},{"@type":"ListItem","position":3,"name":"Rilastil Cr\u00e8me Mains R\u00e9paratrice 30ml"}]},{"@type":"WebSite","@id":"https:\/\/vitablanca.ma\/#website","url":"https:\/\/vitablanca.ma\/","name":"VitaBlanca.ma | Food supplements, health &amp; beauty in Morocco","description":"sell premium vitamins and supplements from USA &amp; Canada, New Zealand, Morocco (NOW Foods, Solgar, Manuka). Fast delivery anywhere in Morocco.","publisher":{"@id":"https:\/\/vitablanca.ma\/#organization"},"alternateName":"VitaBlanca.ma","potentialAction":[{"@type":"SearchAction","target":{"@type":"EntryPoint","urlTemplate":"https:\/\/vitablanca.ma\/?s={search_term_string}"},"query-input":{"@type":"PropertyValueSpecification","valueRequired":true,"valueName":"search_term_string"}}],"inLanguage":"en-US"},{"@type":"Organization","@id":"https:\/\/vitablanca.ma\/#organization","name":"VitaBlanca","url":"https:\/\/vitablanca.ma\/","logo":{"@type":"ImageObject","inLanguage":"en-US","@id":"https:\/\/vitablanca.ma\/#\/schema\/logo\/image\/","url":"https:\/\/vitablanca.ma\/wp-content\/uploads\/2025\/05\/cropped-vitablanca.png","contentUrl":"https:\/\/vitablanca.ma\/wp-content\/uploads\/2025\/05\/cropped-vitablanca.png","width":360,"height":67,"caption":"VitaBlanca"},"image":{"@id":"https:\/\/vitablanca.ma\/#\/schema\/logo\/image\/"},"sameAs":["https:\/\/www.facebook.com\/profile.php?id=61576678196717","https:\/\/www.tiktok.com\/@vitablanca.ma","https:\/\/www.instagram.com\/vitablanca.ma\/"]}]}},"jetpack_sharing_enabled":true,"_links":{"self":[{"href":"https:\/\/vitablanca.ma\/en\/wp-json\/wp\/v2\/product\/21514","targetHints":{"allow":["GET"]}}],"collection":[{"href":"https:\/\/vitablanca.ma\/en\/wp-json\/wp\/v2\/product"}],"about":[{"href":"https:\/\/vitablanca.ma\/en\/wp-json\/wp\/v2\/types\/product"}],"wp:featuredmedia":[{"embeddable":true,"href":"https:\/\/vitablanca.ma\/en\/wp-json\/wp\/v2\/media\/21513"}],"wp:attachment":[{"href":"https:\/\/vitablanca.ma\/en\/wp-json\/wp\/v2\/media?parent=21514"}],"wp:term":[{"taxonomy":"product_brand","embeddable":true,"href":"https:\/\/vitablanca.ma\/en\/wp-json\/wp\/v2\/product_brand?post=21514"},{"taxonomy":"product_cat","embeddable":true,"href":"https:\/\/vitablanca.ma\/en\/wp-json\/wp\/v2\/product_cat?post=21514"},{"taxonomy":"product_tag","embeddable":true,"href":"https:\/\/vitablanca.ma\/en\/wp-json\/wp\/v2\/product_tag?post=21514"}],"curies":[{"name":"wp","href":"https:\/\/api.w.org\/{rel}","templated":true}]}}