{"id":21509,"date":"2025-06-11T21:24:12","date_gmt":"2025-06-11T21:24:12","guid":{"rendered":"https:\/\/vitablanca.ma\/product\/rilastil-xerolact-atopic-huile-nettoyante-400ml\/"},"modified":"2025-06-11T21:24:12","modified_gmt":"2025-06-11T21:24:12","slug":"rilastil-xerolact-atopic-huile-nettoyante-400ml","status":"publish","type":"product","link":"https:\/\/vitablanca.ma\/en\/product\/rilastil-xerolact-atopic-huile-nettoyante-400ml\/","title":{"rendered":"Rilastil Xerolact Atopic Cleansing Oil 400ml"},"content":{"rendered":"<h2>Rilastil Xerolact Atopic Cleansing Oil <span data-mce-fragment=\"1\">helps restore the skin barrier by making the skin more hydrated.\u00a0<\/span><br \/>\n<\/h2>\n<p>It gently cleanses and comforts the skin of the face and body. It helps restore the skin barrier by making the skin more hydrated. Suitable for babies, children, and adults with severe dryness, fragile, atopic, and itchy skin. Does not irritate the eyes.*<\/p>\n<p>USE: Apply the product to wet skin, massaging gently, like any cleanser. For bathing, add 5 sprays when filling the bathtub. EXTERNAL USE ONLY \u2013 In case of contact with eyes, rinse thoroughly with water. Keep the product closed and away from heat.<\/p>\n<p>* Formulated to reduce the risk of itchy eyes.<br \/>**Preserves skin hydration for 24 hours.<\/p>","protected":false},"excerpt":{"rendered":"<p>Rilastil Xerolact Atopic Huile Nettoyante aide \u00e0 restaurer la barri\u00e8re cutan\u00e9e en rendant la peau plus hydrat\u00e9e.\u00a0 Elle nettoie en douceur la peau du visage et du corps et leur apporte du confort. Elle aide \u00e0 restaurer la barri\u00e8re cutan\u00e9e en rendant la peau plus hydrat\u00e9e. Indiqu\u00e9e pour les b\u00e9b\u00e9s, les enfants et les adultes [&hellip;]<\/p>\n","protected":false},"featured_media":21508,"template":"","meta":{"om_disable_all_campaigns":false},"product_brand":[],"product_cat":[15],"product_tag":[],"class_list":{"0":"post-21509","1":"product","2":"type-product","3":"status-publish","4":"has-post-thumbnail","6":"product_cat-beaute-sante-complements-alimentaires-soins-et-bien-etre-au-meilleur-prix","8":"first","9":"instock","10":"sale","11":"taxable","12":"shipping-taxable","13":"purchasable","14":"product-type-simple"},"yoast_head":"<!-- This site is optimized with the Yoast SEO plugin v27.3 - https:\/\/yoast.com\/product\/yoast-seo-wordpress\/ -->\n<title>Rilastil Xerolact Atopic Huile Nettoyante 400ml - Maroc Prix<\/title>\n<meta name=\"description\" content=\"Rilastil Xerolact Atopic Huile Nettoyante 400ml\" \/>\n<meta name=\"robots\" content=\"index, follow, max-snippet:-1, max-image-preview:large, max-video-preview:-1\" \/>\n<link rel=\"canonical\" href=\"https:\/\/vitablanca.ma\/en\/product\/rilastil-xerolact-atopic-huile-nettoyante-400ml\/\" \/>\n<meta property=\"og:locale\" content=\"en_US\" \/>\n<meta property=\"og:type\" content=\"article\" \/>\n<meta property=\"og:title\" content=\"Rilastil Xerolact Atopic Huile Nettoyante 400ml - Maroc Prix\" \/>\n<meta property=\"og:description\" content=\"Rilastil Xerolact Atopic Huile Nettoyante 400ml\" \/>\n<meta property=\"og:url\" content=\"https:\/\/vitablanca.ma\/en\/product\/rilastil-xerolact-atopic-huile-nettoyante-400ml\/\" \/>\n<meta property=\"og:site_name\" content=\"Vitablanca.ma &ndash; Sant&eacute;, vitalit&eacute; et bien-&ecirc;tre pour tous les Marocains\" \/>\n<meta property=\"article:publisher\" content=\"https:\/\/www.facebook.com\/profile.php?id=61576678196717\" \/>\n<meta property=\"og:image\" content=\"https:\/\/vitablanca.ma\/wp-content\/uploads\/2025\/06\/Rilastil-Xerolact-Atopic-Huile-Nettoyante-400ml-nova-prapharmacie-maroc.jpg\" \/>\n\t<meta property=\"og:image:width\" content=\"1000\" \/>\n\t<meta property=\"og:image:height\" content=\"1000\" \/>\n\t<meta property=\"og:image:type\" content=\"image\/jpeg\" \/>\n<meta name=\"twitter:card\" content=\"summary_large_image\" \/>\n<meta name=\"twitter:label1\" content=\"Est. reading time\" \/>\n\t<meta name=\"twitter:data1\" content=\"1 minute\" \/>\n<script type=\"application\/ld+json\" class=\"yoast-schema-graph\">{\"@context\":\"https:\\\/\\\/schema.org\",\"@graph\":[{\"@type\":[\"WebPage\",\"ItemPage\"],\"@id\":\"https:\\\/\\\/vitablanca.ma\\\/produit\\\/rilastil-xerolact-atopic-huile-nettoyante-400ml\\\/\",\"url\":\"https:\\\/\\\/vitablanca.ma\\\/produit\\\/rilastil-xerolact-atopic-huile-nettoyante-400ml\\\/\",\"name\":\"Rilastil Xerolact Atopic Huile Nettoyante 400ml - Maroc Prix\",\"isPartOf\":{\"@id\":\"https:\\\/\\\/vitablanca.ma\\\/#website\"},\"primaryImageOfPage\":{\"@id\":\"https:\\\/\\\/vitablanca.ma\\\/produit\\\/rilastil-xerolact-atopic-huile-nettoyante-400ml\\\/#primaryimage\"},\"image\":{\"@id\":\"https:\\\/\\\/vitablanca.ma\\\/produit\\\/rilastil-xerolact-atopic-huile-nettoyante-400ml\\\/#primaryimage\"},\"thumbnailUrl\":\"https:\\\/\\\/vitablanca.ma\\\/wp-content\\\/uploads\\\/2025\\\/06\\\/Rilastil-Xerolact-Atopic-Huile-Nettoyante-400ml-nova-prapharmacie-maroc.jpg\",\"datePublished\":\"2025-06-11T21:24:12+00:00\",\"description\":\"Rilastil Xerolact Atopic Huile Nettoyante 400ml\",\"breadcrumb\":{\"@id\":\"https:\\\/\\\/vitablanca.ma\\\/produit\\\/rilastil-xerolact-atopic-huile-nettoyante-400ml\\\/#breadcrumb\"},\"inLanguage\":\"en-US\",\"potentialAction\":[{\"@type\":\"ReadAction\",\"target\":[\"https:\\\/\\\/vitablanca.ma\\\/produit\\\/rilastil-xerolact-atopic-huile-nettoyante-400ml\\\/\"]}]},{\"@type\":\"ImageObject\",\"inLanguage\":\"en-US\",\"@id\":\"https:\\\/\\\/vitablanca.ma\\\/produit\\\/rilastil-xerolact-atopic-huile-nettoyante-400ml\\\/#primaryimage\",\"url\":\"https:\\\/\\\/vitablanca.ma\\\/wp-content\\\/uploads\\\/2025\\\/06\\\/Rilastil-Xerolact-Atopic-Huile-Nettoyante-400ml-nova-prapharmacie-maroc.jpg\",\"contentUrl\":\"https:\\\/\\\/vitablanca.ma\\\/wp-content\\\/uploads\\\/2025\\\/06\\\/Rilastil-Xerolact-Atopic-Huile-Nettoyante-400ml-nova-prapharmacie-maroc.jpg\",\"width\":1000,\"height\":1000},{\"@type\":\"BreadcrumbList\",\"@id\":\"https:\\\/\\\/vitablanca.ma\\\/produit\\\/rilastil-xerolact-atopic-huile-nettoyante-400ml\\\/#breadcrumb\",\"itemListElement\":[{\"@type\":\"ListItem\",\"position\":1,\"name\":\"Home\",\"item\":\"https:\\\/\\\/vitablanca.ma\\\/\"},{\"@type\":\"ListItem\",\"position\":2,\"name\":\"Tous Les Produits\",\"item\":\"https:\\\/\\\/vitablanca.ma\\\/tous-les-produits\\\/\"},{\"@type\":\"ListItem\",\"position\":3,\"name\":\"Rilastil Xerolact Atopic Huile Nettoyante 400ml\"}]},{\"@type\":\"WebSite\",\"@id\":\"https:\\\/\\\/vitablanca.ma\\\/#website\",\"url\":\"https:\\\/\\\/vitablanca.ma\\\/\",\"name\":\"VitaBlanca.ma | Compl\u00e9ments alimentaires, sant\u00e9 & beaut\u00e9 au Maroc\",\"description\":\"vendre vitamines et compl\u00e9ments premium des USA &amp; Canada, Nouvelle Z\u00e9lande,Maroc (NOW Foods, Solgar, Manuka). Livraison rapide partout au Maroc.\",\"publisher\":{\"@id\":\"https:\\\/\\\/vitablanca.ma\\\/#organization\"},\"alternateName\":\"VitaBlanca.ma\",\"potentialAction\":[{\"@type\":\"SearchAction\",\"target\":{\"@type\":\"EntryPoint\",\"urlTemplate\":\"https:\\\/\\\/vitablanca.ma\\\/?s={search_term_string}\"},\"query-input\":{\"@type\":\"PropertyValueSpecification\",\"valueRequired\":true,\"valueName\":\"search_term_string\"}}],\"inLanguage\":\"en-US\"},{\"@type\":\"Organization\",\"@id\":\"https:\\\/\\\/vitablanca.ma\\\/#organization\",\"name\":\"VitaBlanca\",\"url\":\"https:\\\/\\\/vitablanca.ma\\\/\",\"logo\":{\"@type\":\"ImageObject\",\"inLanguage\":\"en-US\",\"@id\":\"https:\\\/\\\/vitablanca.ma\\\/#\\\/schema\\\/logo\\\/image\\\/\",\"url\":\"https:\\\/\\\/vitablanca.ma\\\/wp-content\\\/uploads\\\/2025\\\/05\\\/cropped-vitablanca.png\",\"contentUrl\":\"https:\\\/\\\/vitablanca.ma\\\/wp-content\\\/uploads\\\/2025\\\/05\\\/cropped-vitablanca.png\",\"width\":360,\"height\":67,\"caption\":\"VitaBlanca\"},\"image\":{\"@id\":\"https:\\\/\\\/vitablanca.ma\\\/#\\\/schema\\\/logo\\\/image\\\/\"},\"sameAs\":[\"https:\\\/\\\/www.facebook.com\\\/profile.php?id=61576678196717\",\"https:\\\/\\\/www.tiktok.com\\\/@vitablanca.ma\",\"https:\\\/\\\/www.instagram.com\\\/vitablanca.ma\\\/\"]}]}<\/script>\n<!-- \/ Yoast SEO plugin. -->","yoast_head_json":{"title":"Rilastil Xerolact Atopic Cleansing Oil 400ml - Morocco Price","description":"Rilastil Xerolact Atopic Cleansing Oil 400ml","robots":{"index":"index","follow":"follow","max-snippet":"max-snippet:-1","max-image-preview":"max-image-preview:large","max-video-preview":"max-video-preview:-1"},"canonical":"https:\/\/vitablanca.ma\/en\/product\/rilastil-xerolact-atopic-huile-nettoyante-400ml\/","og_locale":"en_US","og_type":"article","og_title":"Rilastil Xerolact Atopic Huile Nettoyante 400ml - Maroc Prix","og_description":"Rilastil Xerolact Atopic Huile Nettoyante 400ml","og_url":"https:\/\/vitablanca.ma\/en\/product\/rilastil-xerolact-atopic-huile-nettoyante-400ml\/","og_site_name":"Vitablanca.ma &ndash; Sant&eacute;, vitalit&eacute; et bien-&ecirc;tre pour tous les Marocains","article_publisher":"https:\/\/www.facebook.com\/profile.php?id=61576678196717","og_image":[{"width":1000,"height":1000,"url":"https:\/\/vitablanca.ma\/wp-content\/uploads\/2025\/06\/Rilastil-Xerolact-Atopic-Huile-Nettoyante-400ml-nova-prapharmacie-maroc.jpg","type":"image\/jpeg"}],"twitter_card":"summary_large_image","twitter_misc":{"Est. reading time":"1 minute"},"schema":{"@context":"https:\/\/schema.org","@graph":[{"@type":["WebPage","ItemPage"],"@id":"https:\/\/vitablanca.ma\/produit\/rilastil-xerolact-atopic-huile-nettoyante-400ml\/","url":"https:\/\/vitablanca.ma\/produit\/rilastil-xerolact-atopic-huile-nettoyante-400ml\/","name":"Rilastil Xerolact Atopic Cleansing Oil 400ml - Morocco Price","isPartOf":{"@id":"https:\/\/vitablanca.ma\/#website"},"primaryImageOfPage":{"@id":"https:\/\/vitablanca.ma\/produit\/rilastil-xerolact-atopic-huile-nettoyante-400ml\/#primaryimage"},"image":{"@id":"https:\/\/vitablanca.ma\/produit\/rilastil-xerolact-atopic-huile-nettoyante-400ml\/#primaryimage"},"thumbnailUrl":"https:\/\/vitablanca.ma\/wp-content\/uploads\/2025\/06\/Rilastil-Xerolact-Atopic-Huile-Nettoyante-400ml-nova-prapharmacie-maroc.jpg","datePublished":"2025-06-11T21:24:12+00:00","description":"Rilastil Xerolact Atopic Cleansing Oil 400ml","breadcrumb":{"@id":"https:\/\/vitablanca.ma\/produit\/rilastil-xerolact-atopic-huile-nettoyante-400ml\/#breadcrumb"},"inLanguage":"en-US","potentialAction":[{"@type":"ReadAction","target":["https:\/\/vitablanca.ma\/produit\/rilastil-xerolact-atopic-huile-nettoyante-400ml\/"]}]},{"@type":"ImageObject","inLanguage":"en-US","@id":"https:\/\/vitablanca.ma\/produit\/rilastil-xerolact-atopic-huile-nettoyante-400ml\/#primaryimage","url":"https:\/\/vitablanca.ma\/wp-content\/uploads\/2025\/06\/Rilastil-Xerolact-Atopic-Huile-Nettoyante-400ml-nova-prapharmacie-maroc.jpg","contentUrl":"https:\/\/vitablanca.ma\/wp-content\/uploads\/2025\/06\/Rilastil-Xerolact-Atopic-Huile-Nettoyante-400ml-nova-prapharmacie-maroc.jpg","width":1000,"height":1000},{"@type":"BreadcrumbList","@id":"https:\/\/vitablanca.ma\/produit\/rilastil-xerolact-atopic-huile-nettoyante-400ml\/#breadcrumb","itemListElement":[{"@type":"ListItem","position":1,"name":"Home","item":"https:\/\/vitablanca.ma\/"},{"@type":"ListItem","position":2,"name":"Tous Les Produits","item":"https:\/\/vitablanca.ma\/tous-les-produits\/"},{"@type":"ListItem","position":3,"name":"Rilastil Xerolact Atopic Huile Nettoyante 400ml"}]},{"@type":"WebSite","@id":"https:\/\/vitablanca.ma\/#website","url":"https:\/\/vitablanca.ma\/","name":"VitaBlanca.ma | Food supplements, health &amp; beauty in Morocco","description":"sell premium vitamins and supplements from USA &amp; Canada, New Zealand, Morocco (NOW Foods, Solgar, Manuka). Fast delivery anywhere in Morocco.","publisher":{"@id":"https:\/\/vitablanca.ma\/#organization"},"alternateName":"VitaBlanca.ma","potentialAction":[{"@type":"SearchAction","target":{"@type":"EntryPoint","urlTemplate":"https:\/\/vitablanca.ma\/?s={search_term_string}"},"query-input":{"@type":"PropertyValueSpecification","valueRequired":true,"valueName":"search_term_string"}}],"inLanguage":"en-US"},{"@type":"Organization","@id":"https:\/\/vitablanca.ma\/#organization","name":"VitaBlanca","url":"https:\/\/vitablanca.ma\/","logo":{"@type":"ImageObject","inLanguage":"en-US","@id":"https:\/\/vitablanca.ma\/#\/schema\/logo\/image\/","url":"https:\/\/vitablanca.ma\/wp-content\/uploads\/2025\/05\/cropped-vitablanca.png","contentUrl":"https:\/\/vitablanca.ma\/wp-content\/uploads\/2025\/05\/cropped-vitablanca.png","width":360,"height":67,"caption":"VitaBlanca"},"image":{"@id":"https:\/\/vitablanca.ma\/#\/schema\/logo\/image\/"},"sameAs":["https:\/\/www.facebook.com\/profile.php?id=61576678196717","https:\/\/www.tiktok.com\/@vitablanca.ma","https:\/\/www.instagram.com\/vitablanca.ma\/"]}]}},"jetpack_sharing_enabled":true,"_links":{"self":[{"href":"https:\/\/vitablanca.ma\/en\/wp-json\/wp\/v2\/product\/21509","targetHints":{"allow":["GET"]}}],"collection":[{"href":"https:\/\/vitablanca.ma\/en\/wp-json\/wp\/v2\/product"}],"about":[{"href":"https:\/\/vitablanca.ma\/en\/wp-json\/wp\/v2\/types\/product"}],"wp:featuredmedia":[{"embeddable":true,"href":"https:\/\/vitablanca.ma\/en\/wp-json\/wp\/v2\/media\/21508"}],"wp:attachment":[{"href":"https:\/\/vitablanca.ma\/en\/wp-json\/wp\/v2\/media?parent=21509"}],"wp:term":[{"taxonomy":"product_brand","embeddable":true,"href":"https:\/\/vitablanca.ma\/en\/wp-json\/wp\/v2\/product_brand?post=21509"},{"taxonomy":"product_cat","embeddable":true,"href":"https:\/\/vitablanca.ma\/en\/wp-json\/wp\/v2\/product_cat?post=21509"},{"taxonomy":"product_tag","embeddable":true,"href":"https:\/\/vitablanca.ma\/en\/wp-json\/wp\/v2\/product_tag?post=21509"}],"curies":[{"name":"wp","href":"https:\/\/api.w.org\/{rel}","templated":true}]}}