{"id":215,"date":"2025-04-17T22:50:38","date_gmt":"2025-04-17T22:50:38","guid":{"rendered":"https:\/\/vitablanca.ma\/?post_type=product&#038;p=215"},"modified":"2026-01-08T12:38:04","modified_gmt":"2026-01-08T12:38:04","slug":"natural-nectar-bresilien-propolis-dabeille-verte-60-gelules-vegetales","status":"publish","type":"product","link":"https:\/\/vitablanca.ma\/en\/product\/natural-nectar-bresilien-propolis-dabeille-verte-60-gelules-vegetales\/","title":{"rendered":"Natural Nectar Green Bee Propolis, Brazilian Green Bee Propolis, 60 Vegetable Capsules"},"content":{"rendered":"<p data-start=\"1084\" data-end=\"1348\"><strong data-start=\"1084\" data-end=\"1160\">Natural Nectar Green Bee Propolis \u2013 Propolis d\u2019abeille verte br\u00e9silienne<\/strong> est un compl\u00e9ment alimentaire naturel de haute qualit\u00e9, issu exclusivement de <strong data-start=\"1239\" data-end=\"1267\">propolis verte du Br\u00e9sil<\/strong>, l\u2019une des formes de propolis les plus puissantes et les plus \u00e9tudi\u00e9es au monde.<\/p>\n<p data-start=\"1350\" data-end=\"1746\">La propolis verte est produite par les abeilles \u00e0 partir de plantes sp\u00e9cifiques de la r\u00e9gion br\u00e9silienne, ce qui lui conf\u00e8re une <strong data-start=\"1479\" data-end=\"1530\">concentration exceptionnelle en compos\u00e9s actifs<\/strong>, notamment des flavono\u00efdes et des antioxydants naturels. Elle est traditionnellement utilis\u00e9e pour <strong data-start=\"1630\" data-end=\"1667\">renforcer les d\u00e9fenses naturelles<\/strong>, soutenir la sant\u00e9 g\u00e9n\u00e9rale et prot\u00e9ger l\u2019organisme contre le stress oxydatif.<\/p>\n<p data-start=\"1748\" data-end=\"1959\">Ce compl\u00e9ment est pr\u00e9sent\u00e9 sous forme de <strong data-start=\"1789\" data-end=\"1810\">vegetable capsules<\/strong>, adapt\u00e9es aux personnes suivant un mode de vie v\u00e9g\u00e9tarien. La formule est pure, sans additifs inutiles, et respecte des standards de qualit\u00e9 \u00e9lev\u00e9s.<\/p>\n<h4 data-start=\"1961\" data-end=\"1992\"><strong data-start=\"1966\" data-end=\"1992\">Bienfaits principaux :<\/strong><\/h4>\n<ul data-start=\"1993\" data-end=\"2223\">\n<li data-start=\"1993\" data-end=\"2035\">\n<p data-start=\"1995\" data-end=\"2035\">Soutien naturel du syst\u00e8me immunitaire<\/p>\n<\/li>\n<li data-start=\"2036\" data-end=\"2080\">\n<p data-start=\"2038\" data-end=\"2080\">Puissant antioxydant d\u2019origine naturelle<\/p>\n<\/li>\n<li data-start=\"2081\" data-end=\"2138\">\n<p data-start=\"2083\" data-end=\"2138\">Aide \u00e0 prot\u00e9ger l\u2019organisme contre le stress oxydatif<\/p>\n<\/li>\n<li data-start=\"2139\" data-end=\"2173\">\n<p data-start=\"2141\" data-end=\"2173\">Contribue au bien-\u00eatre g\u00e9n\u00e9ral<\/p>\n<\/li>\n<li data-start=\"2174\" data-end=\"2223\">\n<p data-start=\"2176\" data-end=\"2223\">Propolis verte br\u00e9silienne de qualit\u00e9 premium<\/p>\n<\/li>\n<\/ul>\n<h4 data-start=\"2225\" data-end=\"2286\"><strong data-start=\"2230\" data-end=\"2286\">Pourquoi choisir Natural Nectar Green Bee Propolis ?<\/strong><\/h4>\n<ul data-start=\"2287\" data-end=\"2494\">\n<li data-start=\"2287\" data-end=\"2327\">\n<p data-start=\"2289\" data-end=\"2327\">Propolis verte authentique du Br\u00e9sil<\/p>\n<\/li>\n<li data-start=\"2328\" data-end=\"2370\">\n<p data-start=\"2330\" data-end=\"2370\">Haute concentration en actifs naturels<\/p>\n<\/li>\n<li data-start=\"2371\" data-end=\"2412\">\n<p data-start=\"2373\" data-end=\"2412\">G\u00e9lules v\u00e9g\u00e9tales faciles \u00e0 consommer<\/p>\n<\/li>\n<li data-start=\"2413\" data-end=\"2442\">\n<p data-start=\"2415\" data-end=\"2442\">Formule pure et naturelle<\/p>\n<\/li>\n<li data-start=\"2443\" data-end=\"2494\">\n<p data-start=\"2445\" data-end=\"2494\">Marque reconnue pour la qualit\u00e9 de ses produits<\/p>\n<\/li>\n<\/ul>\n<h4 data-start=\"2496\" data-end=\"2529\"><strong data-start=\"2501\" data-end=\"2529\">Directions for use:<\/strong><\/h4>\n<p data-start=\"2530\" data-end=\"2686\">Prendre selon les indications figurant sur l\u2019emballage ou selon l\u2019avis d\u2019un professionnel de sant\u00e9. \u00c0 consommer dans le cadre d\u2019une alimentation \u00e9quilibr\u00e9e.<\/p>","protected":false},"excerpt":{"rendered":"<ul>\n<li>Naturally protects and activates well-being<\/li>\n<li>Active propolis \u2013 Artepillin-C<\/li>\n<li>Activates brain and heart well-being at the cellular level<\/li>\n<li>Natural ingredients<\/li>\n<li>Gluten free<\/li>\n<li>Daily food supplement<\/li>\n<li>Danish technology<\/li>\n<\/ul>","protected":false},"featured_media":216,"template":"","meta":{"om_disable_all_campaigns":false},"product_brand":[221],"product_cat":[18,3366,104,19],"product_tag":[5686,1815,225,786,5684,5687,5682,5678,222,224,189,5680,5679,5683,5681,5688,5685,5677,2399,226],"class_list":{"0":"post-215","1":"product","2":"type-product","3":"status-publish","4":"has-post-thumbnail","6":"product_brand-natural-nectar","7":"product_cat-beaute-sante","8":"product_cat-complements-alimentaires-au-maroc-vitablanca","9":"product_cat-supplements-a-base-de-plantes","10":"product_cat-vitamines-supplements-dietetiques","11":"product_tag-antioxydant-naturel-abeille","12":"product_tag-antioxydant-naturel-maroc","13":"product_tag-bresilien-propolis","14":"product_tag-complement-immunite-maroc","15":"product_tag-complement-immunite-naturel-maroc","16":"product_tag-defenses-naturelles-complement","17":"product_tag-gelules-propolis-vegetales","18":"product_tag-green-bee-propolis-maroc","19":"product_tag-natural-nectar","20":"product_tag-natural-nectar-maroc","21":"product_tag-propolis","22":"product_tag-propolis-abeille-verte","23":"product_tag-propolis-bresilienne","24":"product_tag-propolis-bresilienne-maroc","25":"product_tag-propolis-naturelle","26":"product_tag-propolis-vegetale-gelules","27":"product_tag-propolis-verte-bienfaits","28":"product_tag-propolis-verte-maroc","29":"product_tag-sante-naturelle-maroc","30":"product_tag-systeme-nerveux","32":"first","33":"instock","34":"sale","35":"taxable","36":"shipping-taxable","37":"purchasable","38":"product-type-simple"},"yoast_head":"<!-- This site is optimized with the Yoast SEO plugin v27.5 - https:\/\/yoast.com\/product\/yoast-seo-wordpress\/ -->\n<title>Natural Nectar Green Bee Propolis Verte Br\u00e9silienne - Maroc Prix<\/title>\n<meta name=\"description\" content=\"Boostez votre immunit\u00e9 avec la Propolis Verte Br\u00e9silienne Natural Nectar Green Bee Propolis (60 g\u00e9lules). Antioxydant puissant. Commandez au Maroc!\" \/>\n<meta name=\"robots\" content=\"index, follow, max-snippet:-1, max-image-preview:large, max-video-preview:-1\" \/>\n<link rel=\"canonical\" href=\"https:\/\/vitablanca.ma\/en\/product\/natural-nectar-bresilien-propolis-dabeille-verte-60-gelules-vegetales\/\" \/>\n<meta property=\"og:locale\" content=\"en_US\" \/>\n<meta property=\"og:type\" content=\"article\" \/>\n<meta property=\"og:title\" content=\"Natural Nectar Green Bee Propolis Verte Br\u00e9silienne - Maroc Prix\" \/>\n<meta property=\"og:description\" content=\"Boostez votre immunit\u00e9 avec la Propolis Verte Br\u00e9silienne Natural Nectar Green Bee Propolis (60 g\u00e9lules). Antioxydant puissant. Commandez au Maroc!\" \/>\n<meta property=\"og:url\" content=\"https:\/\/vitablanca.ma\/en\/product\/natural-nectar-bresilien-propolis-dabeille-verte-60-gelules-vegetales\/\" \/>\n<meta property=\"og:site_name\" content=\"Vitablanca.ma &ndash; Sant&eacute;, vitalit&eacute; et bien-&ecirc;tre pour tous les Marocains\" \/>\n<meta property=\"article:publisher\" content=\"https:\/\/www.facebook.com\/profile.php?id=61576678196717\" \/>\n<meta property=\"article:modified_time\" content=\"2026-01-08T12:38:04+00:00\" \/>\n<meta property=\"og:image\" content=\"https:\/\/vitablanca.ma\/wp-content\/uploads\/2025\/04\/natural-nectar-bresilien-propolis-dabeille-verte-60-gelules-.jpg\" \/>\n\t<meta property=\"og:image:width\" content=\"680\" \/>\n\t<meta property=\"og:image:height\" content=\"680\" \/>\n\t<meta property=\"og:image:type\" content=\"image\/jpeg\" \/>\n<meta name=\"twitter:card\" content=\"summary_large_image\" \/>\n<meta name=\"twitter:label1\" content=\"Est. reading time\" \/>\n\t<meta name=\"twitter:data1\" content=\"2 minutes\" \/>\n<script type=\"application\/ld+json\" class=\"yoast-schema-graph\">{\"@context\":\"https:\\\/\\\/schema.org\",\"@graph\":[{\"@type\":[\"WebPage\",\"ItemPage\"],\"@id\":\"https:\\\/\\\/vitablanca.ma\\\/produit\\\/natural-nectar-bresilien-propolis-dabeille-verte-60-gelules-vegetales\\\/\",\"url\":\"https:\\\/\\\/vitablanca.ma\\\/produit\\\/natural-nectar-bresilien-propolis-dabeille-verte-60-gelules-vegetales\\\/\",\"name\":\"Natural Nectar Green Bee Propolis Verte Br\u00e9silienne - Maroc Prix\",\"isPartOf\":{\"@id\":\"https:\\\/\\\/vitablanca.ma\\\/#website\"},\"primaryImageOfPage\":{\"@id\":\"https:\\\/\\\/vitablanca.ma\\\/produit\\\/natural-nectar-bresilien-propolis-dabeille-verte-60-gelules-vegetales\\\/#primaryimage\"},\"image\":{\"@id\":\"https:\\\/\\\/vitablanca.ma\\\/produit\\\/natural-nectar-bresilien-propolis-dabeille-verte-60-gelules-vegetales\\\/#primaryimage\"},\"thumbnailUrl\":\"https:\\\/\\\/vitablanca.ma\\\/wp-content\\\/uploads\\\/2025\\\/04\\\/natural-nectar-bresilien-propolis-dabeille-verte-60-gelules-.jpg\",\"datePublished\":\"2025-04-17T22:50:38+00:00\",\"dateModified\":\"2026-01-08T12:38:04+00:00\",\"description\":\"Boostez votre immunit\u00e9 avec la Propolis Verte Br\u00e9silienne Natural Nectar Green Bee Propolis (60 g\u00e9lules). Antioxydant puissant. Commandez au Maroc!\",\"breadcrumb\":{\"@id\":\"https:\\\/\\\/vitablanca.ma\\\/produit\\\/natural-nectar-bresilien-propolis-dabeille-verte-60-gelules-vegetales\\\/#breadcrumb\"},\"inLanguage\":\"en-US\",\"potentialAction\":[{\"@type\":\"ReadAction\",\"target\":[\"https:\\\/\\\/vitablanca.ma\\\/produit\\\/natural-nectar-bresilien-propolis-dabeille-verte-60-gelules-vegetales\\\/\"]}]},{\"@type\":\"ImageObject\",\"inLanguage\":\"en-US\",\"@id\":\"https:\\\/\\\/vitablanca.ma\\\/produit\\\/natural-nectar-bresilien-propolis-dabeille-verte-60-gelules-vegetales\\\/#primaryimage\",\"url\":\"https:\\\/\\\/vitablanca.ma\\\/wp-content\\\/uploads\\\/2025\\\/04\\\/natural-nectar-bresilien-propolis-dabeille-verte-60-gelules-.jpg\",\"contentUrl\":\"https:\\\/\\\/vitablanca.ma\\\/wp-content\\\/uploads\\\/2025\\\/04\\\/natural-nectar-bresilien-propolis-dabeille-verte-60-gelules-.jpg\",\"width\":680,\"height\":680},{\"@type\":\"BreadcrumbList\",\"@id\":\"https:\\\/\\\/vitablanca.ma\\\/produit\\\/natural-nectar-bresilien-propolis-dabeille-verte-60-gelules-vegetales\\\/#breadcrumb\",\"itemListElement\":[{\"@type\":\"ListItem\",\"position\":1,\"name\":\"Home\",\"item\":\"https:\\\/\\\/vitablanca.ma\\\/\"},{\"@type\":\"ListItem\",\"position\":2,\"name\":\"Tous Les Produits\",\"item\":\"https:\\\/\\\/vitablanca.ma\\\/tous-les-produits\\\/\"},{\"@type\":\"ListItem\",\"position\":3,\"name\":\"Natural Nectar Green Bee Propolis, br\u00e9silien Propolis d&#8217;abeille verte, 60 g\u00e9lules v\u00e9g\u00e9tales\"}]},{\"@type\":\"WebSite\",\"@id\":\"https:\\\/\\\/vitablanca.ma\\\/#website\",\"url\":\"https:\\\/\\\/vitablanca.ma\\\/\",\"name\":\"VitaBlanca.ma | Compl\u00e9ments alimentaires, sant\u00e9 & beaut\u00e9 au Maroc\",\"description\":\"vendre vitamines et compl\u00e9ments premium des USA &amp; Canada, Nouvelle Z\u00e9lande,Maroc (NOW Foods, Solgar, Manuka). Livraison rapide partout au Maroc.\",\"publisher\":{\"@id\":\"https:\\\/\\\/vitablanca.ma\\\/#organization\"},\"alternateName\":\"VitaBlanca.ma\",\"potentialAction\":[{\"@type\":\"SearchAction\",\"target\":{\"@type\":\"EntryPoint\",\"urlTemplate\":\"https:\\\/\\\/vitablanca.ma\\\/?s={search_term_string}\"},\"query-input\":{\"@type\":\"PropertyValueSpecification\",\"valueRequired\":true,\"valueName\":\"search_term_string\"}}],\"inLanguage\":\"en-US\"},{\"@type\":\"Organization\",\"@id\":\"https:\\\/\\\/vitablanca.ma\\\/#organization\",\"name\":\"VitaBlanca\",\"url\":\"https:\\\/\\\/vitablanca.ma\\\/\",\"logo\":{\"@type\":\"ImageObject\",\"inLanguage\":\"en-US\",\"@id\":\"https:\\\/\\\/vitablanca.ma\\\/#\\\/schema\\\/logo\\\/image\\\/\",\"url\":\"https:\\\/\\\/vitablanca.ma\\\/wp-content\\\/uploads\\\/2025\\\/05\\\/cropped-vitablanca.png\",\"contentUrl\":\"https:\\\/\\\/vitablanca.ma\\\/wp-content\\\/uploads\\\/2025\\\/05\\\/cropped-vitablanca.png\",\"width\":360,\"height\":67,\"caption\":\"VitaBlanca\"},\"image\":{\"@id\":\"https:\\\/\\\/vitablanca.ma\\\/#\\\/schema\\\/logo\\\/image\\\/\"},\"sameAs\":[\"https:\\\/\\\/www.facebook.com\\\/profile.php?id=61576678196717\",\"https:\\\/\\\/www.tiktok.com\\\/@vitablanca.ma\",\"https:\\\/\\\/www.instagram.com\\\/vitablanca.ma\\\/\"]}]}<\/script>\n<!-- \/ Yoast SEO plugin. -->","yoast_head_json":{"title":"Natural Nectar Green Bee Propolis Verte Br\u00e9silienne - Maroc Prix","description":"Boost your immunity with Natural Nectar Green Bee Propolis (60 capsules). Powerful antioxidant. Order in Morocco!","robots":{"index":"index","follow":"follow","max-snippet":"max-snippet:-1","max-image-preview":"max-image-preview:large","max-video-preview":"max-video-preview:-1"},"canonical":"https:\/\/vitablanca.ma\/en\/product\/natural-nectar-bresilien-propolis-dabeille-verte-60-gelules-vegetales\/","og_locale":"en_US","og_type":"article","og_title":"Natural Nectar Green Bee Propolis Verte Br\u00e9silienne - Maroc Prix","og_description":"Boostez votre immunit\u00e9 avec la Propolis Verte Br\u00e9silienne Natural Nectar Green Bee Propolis (60 g\u00e9lules). Antioxydant puissant. Commandez au Maroc!","og_url":"https:\/\/vitablanca.ma\/en\/product\/natural-nectar-bresilien-propolis-dabeille-verte-60-gelules-vegetales\/","og_site_name":"Vitablanca.ma &ndash; Sant&eacute;, vitalit&eacute; et bien-&ecirc;tre pour tous les Marocains","article_publisher":"https:\/\/www.facebook.com\/profile.php?id=61576678196717","article_modified_time":"2026-01-08T12:38:04+00:00","og_image":[{"width":680,"height":680,"url":"https:\/\/vitablanca.ma\/wp-content\/uploads\/2025\/04\/natural-nectar-bresilien-propolis-dabeille-verte-60-gelules-.jpg","type":"image\/jpeg"}],"twitter_card":"summary_large_image","twitter_misc":{"Est. reading time":"2 minutes"},"schema":{"@context":"https:\/\/schema.org","@graph":[{"@type":["WebPage","ItemPage"],"@id":"https:\/\/vitablanca.ma\/produit\/natural-nectar-bresilien-propolis-dabeille-verte-60-gelules-vegetales\/","url":"https:\/\/vitablanca.ma\/produit\/natural-nectar-bresilien-propolis-dabeille-verte-60-gelules-vegetales\/","name":"Natural Nectar Green Bee Propolis Verte Br\u00e9silienne - Maroc Prix","isPartOf":{"@id":"https:\/\/vitablanca.ma\/#website"},"primaryImageOfPage":{"@id":"https:\/\/vitablanca.ma\/produit\/natural-nectar-bresilien-propolis-dabeille-verte-60-gelules-vegetales\/#primaryimage"},"image":{"@id":"https:\/\/vitablanca.ma\/produit\/natural-nectar-bresilien-propolis-dabeille-verte-60-gelules-vegetales\/#primaryimage"},"thumbnailUrl":"https:\/\/vitablanca.ma\/wp-content\/uploads\/2025\/04\/natural-nectar-bresilien-propolis-dabeille-verte-60-gelules-.jpg","datePublished":"2025-04-17T22:50:38+00:00","dateModified":"2026-01-08T12:38:04+00:00","description":"Boost your immunity with Natural Nectar Green Bee Propolis (60 capsules). Powerful antioxidant. Order in Morocco!","breadcrumb":{"@id":"https:\/\/vitablanca.ma\/produit\/natural-nectar-bresilien-propolis-dabeille-verte-60-gelules-vegetales\/#breadcrumb"},"inLanguage":"en-US","potentialAction":[{"@type":"ReadAction","target":["https:\/\/vitablanca.ma\/produit\/natural-nectar-bresilien-propolis-dabeille-verte-60-gelules-vegetales\/"]}]},{"@type":"ImageObject","inLanguage":"en-US","@id":"https:\/\/vitablanca.ma\/produit\/natural-nectar-bresilien-propolis-dabeille-verte-60-gelules-vegetales\/#primaryimage","url":"https:\/\/vitablanca.ma\/wp-content\/uploads\/2025\/04\/natural-nectar-bresilien-propolis-dabeille-verte-60-gelules-.jpg","contentUrl":"https:\/\/vitablanca.ma\/wp-content\/uploads\/2025\/04\/natural-nectar-bresilien-propolis-dabeille-verte-60-gelules-.jpg","width":680,"height":680},{"@type":"BreadcrumbList","@id":"https:\/\/vitablanca.ma\/produit\/natural-nectar-bresilien-propolis-dabeille-verte-60-gelules-vegetales\/#breadcrumb","itemListElement":[{"@type":"ListItem","position":1,"name":"Home","item":"https:\/\/vitablanca.ma\/"},{"@type":"ListItem","position":2,"name":"Tous Les Produits","item":"https:\/\/vitablanca.ma\/tous-les-produits\/"},{"@type":"ListItem","position":3,"name":"Natural Nectar Green Bee Propolis, br\u00e9silien Propolis d&#8217;abeille verte, 60 g\u00e9lules v\u00e9g\u00e9tales"}]},{"@type":"WebSite","@id":"https:\/\/vitablanca.ma\/#website","url":"https:\/\/vitablanca.ma\/","name":"VitaBlanca.ma | Food supplements, health &amp; beauty in Morocco","description":"sell premium vitamins and supplements from USA &amp; Canada, New Zealand, Morocco (NOW Foods, Solgar, Manuka). Fast delivery anywhere in Morocco.","publisher":{"@id":"https:\/\/vitablanca.ma\/#organization"},"alternateName":"VitaBlanca.ma","potentialAction":[{"@type":"SearchAction","target":{"@type":"EntryPoint","urlTemplate":"https:\/\/vitablanca.ma\/?s={search_term_string}"},"query-input":{"@type":"PropertyValueSpecification","valueRequired":true,"valueName":"search_term_string"}}],"inLanguage":"en-US"},{"@type":"Organization","@id":"https:\/\/vitablanca.ma\/#organization","name":"VitaBlanca","url":"https:\/\/vitablanca.ma\/","logo":{"@type":"ImageObject","inLanguage":"en-US","@id":"https:\/\/vitablanca.ma\/#\/schema\/logo\/image\/","url":"https:\/\/vitablanca.ma\/wp-content\/uploads\/2025\/05\/cropped-vitablanca.png","contentUrl":"https:\/\/vitablanca.ma\/wp-content\/uploads\/2025\/05\/cropped-vitablanca.png","width":360,"height":67,"caption":"VitaBlanca"},"image":{"@id":"https:\/\/vitablanca.ma\/#\/schema\/logo\/image\/"},"sameAs":["https:\/\/www.facebook.com\/profile.php?id=61576678196717","https:\/\/www.tiktok.com\/@vitablanca.ma","https:\/\/www.instagram.com\/vitablanca.ma\/"]}]}},"jetpack_sharing_enabled":true,"_links":{"self":[{"href":"https:\/\/vitablanca.ma\/en\/wp-json\/wp\/v2\/product\/215","targetHints":{"allow":["GET"]}}],"collection":[{"href":"https:\/\/vitablanca.ma\/en\/wp-json\/wp\/v2\/product"}],"about":[{"href":"https:\/\/vitablanca.ma\/en\/wp-json\/wp\/v2\/types\/product"}],"wp:featuredmedia":[{"embeddable":true,"href":"https:\/\/vitablanca.ma\/en\/wp-json\/wp\/v2\/media\/216"}],"wp:attachment":[{"href":"https:\/\/vitablanca.ma\/en\/wp-json\/wp\/v2\/media?parent=215"}],"wp:term":[{"taxonomy":"product_brand","embeddable":true,"href":"https:\/\/vitablanca.ma\/en\/wp-json\/wp\/v2\/product_brand?post=215"},{"taxonomy":"product_cat","embeddable":true,"href":"https:\/\/vitablanca.ma\/en\/wp-json\/wp\/v2\/product_cat?post=215"},{"taxonomy":"product_tag","embeddable":true,"href":"https:\/\/vitablanca.ma\/en\/wp-json\/wp\/v2\/product_tag?post=215"}],"curies":[{"name":"wp","href":"https:\/\/api.w.org\/{rel}","templated":true}]}}