{"id":21492,"date":"2025-06-11T21:23:36","date_gmt":"2025-06-11T21:23:36","guid":{"rendered":"https:\/\/vitablanca.ma\/product\/puressentiel-duo-oils-huile-vegetale-grossesse-vergeture-50ml\/"},"modified":"2025-06-11T21:23:36","modified_gmt":"2025-06-11T21:23:36","slug":"puressentiel-duo-oils-huile-vegetale-grossesse-vergeture-50ml","status":"publish","type":"product","link":"https:\/\/vitablanca.ma\/en\/product\/puressentiel-duo-oils-huile-vegetale-grossesse-vergeture-50ml\/","title":{"rendered":"Puressentiel Duo-Oils vegetable oil for pregnancy stretch marks 50ml"},"content":{"rendered":"<h2 data-mce-fragment=\"1\">Puressentiel Duo-Oils vegetable oil for pregnancy stretch marks\u00a0<span data-mce-fragment=\"1\">For skin care during pregnancy and breastfeeding.<\/span><br \/>\n<\/h2>\n<h3 data-mce-fragment=\"1\">Directions for use<\/h3>\n<p data-mce-fragment=\"1\"><span>The \u201cDUO-OILS\u201d can be used pure or mixed with essential oils, offering you a range of organic, healthy, natural and authentic daily beauty treatments.<\/span><\/p>\n<h3 data-mce-fragment=\"1\">Precautions for use<\/h3>\n<p data-mce-fragment=\"1\"><span>Do not swallow. Keep out of reach and sight of children, light, and heat. When using with essential oils, please refer to the precautions for use.<\/span><\/p>\n<h3 data-mce-fragment=\"1\">Composition<br \/>\n<\/h3>\n<p data-mce-fragment=\"1\">The \u201cDuo-Oils\u201d, a perfect synergy of 2 vegetable oils and organic macadamia and daisy maceration, enriched with natural vitamin E, have softening and restorative properties, ideal for nourishing the skin and preventing or reducing stretch marks.<\/p>\n<p data-mce-fragment=\"1\">These vegetable oils are enriched with natural vitamin E, an antioxidant.<\/p>\n<p data-mce-fragment=\"1\">100% of the total ingredients are of natural origin.<\/p>\n<p data-mce-fragment=\"1\">99.7% of the total ingredients are from Organic Farming.<\/p>\n<h3 data-mce-fragment=\"1\"><\/h3>","protected":false},"excerpt":{"rendered":"<p>Puressentiel Duo-Oils huile v\u00e9g\u00e9tale grossesse vergeture\u00a0Pour les soins de la peau pendant la grossesse et l&rsquo;allaitement. Conseils d&rsquo;utilisation Les \u00abDUO-OILS\u00bb s\u2019utilisent purs ou m\u00e9lang\u00e9s \u00e0 des huiles essentielles, vous offrant ainsi une palette de soins quotidiens de beaut\u00e9 BIO, sains, naturels et authentiques. Precautions d\u2019emploi Ne pas avaler. Tenir hors de port\u00e9e et de la [&hellip;]<\/p>\n","protected":false},"featured_media":21491,"template":"","meta":{"om_disable_all_campaigns":false},"product_brand":[],"product_cat":[15],"product_tag":[],"class_list":{"0":"post-21492","1":"product","2":"type-product","3":"status-publish","4":"has-post-thumbnail","6":"product_cat-beaute-sante-complements-alimentaires-soins-et-bien-etre-au-meilleur-prix","8":"first","9":"instock","10":"sale","11":"taxable","12":"shipping-taxable","13":"purchasable","14":"product-type-simple"},"yoast_head":"<!-- This site is optimized with the Yoast SEO plugin v27.3 - https:\/\/yoast.com\/product\/yoast-seo-wordpress\/ -->\n<title>Puressentiel Duo-Oils huile v\u00e9g\u00e9tale grossesse vergeture 50ml - Maroc Prix<\/title>\n<meta name=\"description\" content=\"Puressentiel Duo-Oils huile v\u00e9g\u00e9tale grossesse vergeture 50ml\" \/>\n<meta name=\"robots\" content=\"index, follow, max-snippet:-1, max-image-preview:large, max-video-preview:-1\" \/>\n<link rel=\"canonical\" href=\"https:\/\/vitablanca.ma\/en\/product\/puressentiel-duo-oils-huile-vegetale-grossesse-vergeture-50ml\/\" \/>\n<meta property=\"og:locale\" content=\"en_US\" \/>\n<meta property=\"og:type\" content=\"article\" \/>\n<meta property=\"og:title\" content=\"Puressentiel Duo-Oils huile v\u00e9g\u00e9tale grossesse vergeture 50ml - Maroc Prix\" \/>\n<meta property=\"og:description\" content=\"Puressentiel Duo-Oils huile v\u00e9g\u00e9tale grossesse vergeture 50ml\" \/>\n<meta property=\"og:url\" content=\"https:\/\/vitablanca.ma\/en\/product\/puressentiel-duo-oils-huile-vegetale-grossesse-vergeture-50ml\/\" \/>\n<meta property=\"og:site_name\" content=\"Vitablanca.ma &ndash; Sant&eacute;, vitalit&eacute; et bien-&ecirc;tre pour tous les Marocains\" \/>\n<meta property=\"article:publisher\" content=\"https:\/\/www.facebook.com\/profile.php?id=61576678196717\" \/>\n<meta property=\"og:image\" content=\"https:\/\/vitablanca.ma\/wp-content\/uploads\/2025\/06\/Puressentiel-Duo-Oils-huile-vegetale-grossesse-vergeture-50ml-nova-parapharmacie-maroc.jpg\" \/>\n\t<meta property=\"og:image:width\" content=\"1000\" \/>\n\t<meta property=\"og:image:height\" content=\"1000\" \/>\n\t<meta property=\"og:image:type\" content=\"image\/jpeg\" \/>\n<meta name=\"twitter:card\" content=\"summary_large_image\" \/>\n<meta name=\"twitter:label1\" content=\"Est. reading time\" \/>\n\t<meta name=\"twitter:data1\" content=\"1 minute\" \/>\n<script type=\"application\/ld+json\" class=\"yoast-schema-graph\">{\"@context\":\"https:\\\/\\\/schema.org\",\"@graph\":[{\"@type\":[\"WebPage\",\"ItemPage\"],\"@id\":\"https:\\\/\\\/vitablanca.ma\\\/produit\\\/puressentiel-duo-oils-huile-vegetale-grossesse-vergeture-50ml\\\/\",\"url\":\"https:\\\/\\\/vitablanca.ma\\\/produit\\\/puressentiel-duo-oils-huile-vegetale-grossesse-vergeture-50ml\\\/\",\"name\":\"Puressentiel Duo-Oils huile v\u00e9g\u00e9tale grossesse vergeture 50ml - Maroc Prix\",\"isPartOf\":{\"@id\":\"https:\\\/\\\/vitablanca.ma\\\/#website\"},\"primaryImageOfPage\":{\"@id\":\"https:\\\/\\\/vitablanca.ma\\\/produit\\\/puressentiel-duo-oils-huile-vegetale-grossesse-vergeture-50ml\\\/#primaryimage\"},\"image\":{\"@id\":\"https:\\\/\\\/vitablanca.ma\\\/produit\\\/puressentiel-duo-oils-huile-vegetale-grossesse-vergeture-50ml\\\/#primaryimage\"},\"thumbnailUrl\":\"https:\\\/\\\/vitablanca.ma\\\/wp-content\\\/uploads\\\/2025\\\/06\\\/Puressentiel-Duo-Oils-huile-vegetale-grossesse-vergeture-50ml-nova-parapharmacie-maroc.jpg\",\"datePublished\":\"2025-06-11T21:23:36+00:00\",\"description\":\"Puressentiel Duo-Oils huile v\u00e9g\u00e9tale grossesse vergeture 50ml\",\"breadcrumb\":{\"@id\":\"https:\\\/\\\/vitablanca.ma\\\/produit\\\/puressentiel-duo-oils-huile-vegetale-grossesse-vergeture-50ml\\\/#breadcrumb\"},\"inLanguage\":\"en-US\",\"potentialAction\":[{\"@type\":\"ReadAction\",\"target\":[\"https:\\\/\\\/vitablanca.ma\\\/produit\\\/puressentiel-duo-oils-huile-vegetale-grossesse-vergeture-50ml\\\/\"]}]},{\"@type\":\"ImageObject\",\"inLanguage\":\"en-US\",\"@id\":\"https:\\\/\\\/vitablanca.ma\\\/produit\\\/puressentiel-duo-oils-huile-vegetale-grossesse-vergeture-50ml\\\/#primaryimage\",\"url\":\"https:\\\/\\\/vitablanca.ma\\\/wp-content\\\/uploads\\\/2025\\\/06\\\/Puressentiel-Duo-Oils-huile-vegetale-grossesse-vergeture-50ml-nova-parapharmacie-maroc.jpg\",\"contentUrl\":\"https:\\\/\\\/vitablanca.ma\\\/wp-content\\\/uploads\\\/2025\\\/06\\\/Puressentiel-Duo-Oils-huile-vegetale-grossesse-vergeture-50ml-nova-parapharmacie-maroc.jpg\",\"width\":1000,\"height\":1000},{\"@type\":\"BreadcrumbList\",\"@id\":\"https:\\\/\\\/vitablanca.ma\\\/produit\\\/puressentiel-duo-oils-huile-vegetale-grossesse-vergeture-50ml\\\/#breadcrumb\",\"itemListElement\":[{\"@type\":\"ListItem\",\"position\":1,\"name\":\"Home\",\"item\":\"https:\\\/\\\/vitablanca.ma\\\/\"},{\"@type\":\"ListItem\",\"position\":2,\"name\":\"Tous Les Produits\",\"item\":\"https:\\\/\\\/vitablanca.ma\\\/tous-les-produits\\\/\"},{\"@type\":\"ListItem\",\"position\":3,\"name\":\"Puressentiel Duo-Oils huile v\u00e9g\u00e9tale grossesse vergeture 50ml\"}]},{\"@type\":\"WebSite\",\"@id\":\"https:\\\/\\\/vitablanca.ma\\\/#website\",\"url\":\"https:\\\/\\\/vitablanca.ma\\\/\",\"name\":\"VitaBlanca.ma | Compl\u00e9ments alimentaires, sant\u00e9 & beaut\u00e9 au Maroc\",\"description\":\"vendre vitamines et compl\u00e9ments premium des USA &amp; Canada, Nouvelle Z\u00e9lande,Maroc (NOW Foods, Solgar, Manuka). Livraison rapide partout au Maroc.\",\"publisher\":{\"@id\":\"https:\\\/\\\/vitablanca.ma\\\/#organization\"},\"alternateName\":\"VitaBlanca.ma\",\"potentialAction\":[{\"@type\":\"SearchAction\",\"target\":{\"@type\":\"EntryPoint\",\"urlTemplate\":\"https:\\\/\\\/vitablanca.ma\\\/?s={search_term_string}\"},\"query-input\":{\"@type\":\"PropertyValueSpecification\",\"valueRequired\":true,\"valueName\":\"search_term_string\"}}],\"inLanguage\":\"en-US\"},{\"@type\":\"Organization\",\"@id\":\"https:\\\/\\\/vitablanca.ma\\\/#organization\",\"name\":\"VitaBlanca\",\"url\":\"https:\\\/\\\/vitablanca.ma\\\/\",\"logo\":{\"@type\":\"ImageObject\",\"inLanguage\":\"en-US\",\"@id\":\"https:\\\/\\\/vitablanca.ma\\\/#\\\/schema\\\/logo\\\/image\\\/\",\"url\":\"https:\\\/\\\/vitablanca.ma\\\/wp-content\\\/uploads\\\/2025\\\/05\\\/cropped-vitablanca.png\",\"contentUrl\":\"https:\\\/\\\/vitablanca.ma\\\/wp-content\\\/uploads\\\/2025\\\/05\\\/cropped-vitablanca.png\",\"width\":360,\"height\":67,\"caption\":\"VitaBlanca\"},\"image\":{\"@id\":\"https:\\\/\\\/vitablanca.ma\\\/#\\\/schema\\\/logo\\\/image\\\/\"},\"sameAs\":[\"https:\\\/\\\/www.facebook.com\\\/profile.php?id=61576678196717\",\"https:\\\/\\\/www.tiktok.com\\\/@vitablanca.ma\",\"https:\\\/\\\/www.instagram.com\\\/vitablanca.ma\\\/\"]}]}<\/script>\n<!-- \/ Yoast SEO plugin. -->","yoast_head_json":{"title":"Puressentiel Duo-Oils vegetable oil for pregnancy stretch marks 50ml - Morocco Price","description":"Puressentiel Duo-Oils vegetable oil for pregnancy stretch marks 50ml","robots":{"index":"index","follow":"follow","max-snippet":"max-snippet:-1","max-image-preview":"max-image-preview:large","max-video-preview":"max-video-preview:-1"},"canonical":"https:\/\/vitablanca.ma\/en\/product\/puressentiel-duo-oils-huile-vegetale-grossesse-vergeture-50ml\/","og_locale":"en_US","og_type":"article","og_title":"Puressentiel Duo-Oils huile v\u00e9g\u00e9tale grossesse vergeture 50ml - Maroc Prix","og_description":"Puressentiel Duo-Oils huile v\u00e9g\u00e9tale grossesse vergeture 50ml","og_url":"https:\/\/vitablanca.ma\/en\/product\/puressentiel-duo-oils-huile-vegetale-grossesse-vergeture-50ml\/","og_site_name":"Vitablanca.ma &ndash; Sant&eacute;, vitalit&eacute; et bien-&ecirc;tre pour tous les Marocains","article_publisher":"https:\/\/www.facebook.com\/profile.php?id=61576678196717","og_image":[{"width":1000,"height":1000,"url":"https:\/\/vitablanca.ma\/wp-content\/uploads\/2025\/06\/Puressentiel-Duo-Oils-huile-vegetale-grossesse-vergeture-50ml-nova-parapharmacie-maroc.jpg","type":"image\/jpeg"}],"twitter_card":"summary_large_image","twitter_misc":{"Est. reading time":"1 minute"},"schema":{"@context":"https:\/\/schema.org","@graph":[{"@type":["WebPage","ItemPage"],"@id":"https:\/\/vitablanca.ma\/produit\/puressentiel-duo-oils-huile-vegetale-grossesse-vergeture-50ml\/","url":"https:\/\/vitablanca.ma\/produit\/puressentiel-duo-oils-huile-vegetale-grossesse-vergeture-50ml\/","name":"Puressentiel Duo-Oils vegetable oil for pregnancy stretch marks 50ml - Morocco Price","isPartOf":{"@id":"https:\/\/vitablanca.ma\/#website"},"primaryImageOfPage":{"@id":"https:\/\/vitablanca.ma\/produit\/puressentiel-duo-oils-huile-vegetale-grossesse-vergeture-50ml\/#primaryimage"},"image":{"@id":"https:\/\/vitablanca.ma\/produit\/puressentiel-duo-oils-huile-vegetale-grossesse-vergeture-50ml\/#primaryimage"},"thumbnailUrl":"https:\/\/vitablanca.ma\/wp-content\/uploads\/2025\/06\/Puressentiel-Duo-Oils-huile-vegetale-grossesse-vergeture-50ml-nova-parapharmacie-maroc.jpg","datePublished":"2025-06-11T21:23:36+00:00","description":"Puressentiel Duo-Oils vegetable oil for pregnancy stretch marks 50ml","breadcrumb":{"@id":"https:\/\/vitablanca.ma\/produit\/puressentiel-duo-oils-huile-vegetale-grossesse-vergeture-50ml\/#breadcrumb"},"inLanguage":"en-US","potentialAction":[{"@type":"ReadAction","target":["https:\/\/vitablanca.ma\/produit\/puressentiel-duo-oils-huile-vegetale-grossesse-vergeture-50ml\/"]}]},{"@type":"ImageObject","inLanguage":"en-US","@id":"https:\/\/vitablanca.ma\/produit\/puressentiel-duo-oils-huile-vegetale-grossesse-vergeture-50ml\/#primaryimage","url":"https:\/\/vitablanca.ma\/wp-content\/uploads\/2025\/06\/Puressentiel-Duo-Oils-huile-vegetale-grossesse-vergeture-50ml-nova-parapharmacie-maroc.jpg","contentUrl":"https:\/\/vitablanca.ma\/wp-content\/uploads\/2025\/06\/Puressentiel-Duo-Oils-huile-vegetale-grossesse-vergeture-50ml-nova-parapharmacie-maroc.jpg","width":1000,"height":1000},{"@type":"BreadcrumbList","@id":"https:\/\/vitablanca.ma\/produit\/puressentiel-duo-oils-huile-vegetale-grossesse-vergeture-50ml\/#breadcrumb","itemListElement":[{"@type":"ListItem","position":1,"name":"Home","item":"https:\/\/vitablanca.ma\/"},{"@type":"ListItem","position":2,"name":"Tous Les Produits","item":"https:\/\/vitablanca.ma\/tous-les-produits\/"},{"@type":"ListItem","position":3,"name":"Puressentiel Duo-Oils huile v\u00e9g\u00e9tale grossesse vergeture 50ml"}]},{"@type":"WebSite","@id":"https:\/\/vitablanca.ma\/#website","url":"https:\/\/vitablanca.ma\/","name":"VitaBlanca.ma | Food supplements, health &amp; beauty in Morocco","description":"sell premium vitamins and supplements from USA &amp; Canada, New Zealand, Morocco (NOW Foods, Solgar, Manuka). Fast delivery anywhere in Morocco.","publisher":{"@id":"https:\/\/vitablanca.ma\/#organization"},"alternateName":"VitaBlanca.ma","potentialAction":[{"@type":"SearchAction","target":{"@type":"EntryPoint","urlTemplate":"https:\/\/vitablanca.ma\/?s={search_term_string}"},"query-input":{"@type":"PropertyValueSpecification","valueRequired":true,"valueName":"search_term_string"}}],"inLanguage":"en-US"},{"@type":"Organization","@id":"https:\/\/vitablanca.ma\/#organization","name":"VitaBlanca","url":"https:\/\/vitablanca.ma\/","logo":{"@type":"ImageObject","inLanguage":"en-US","@id":"https:\/\/vitablanca.ma\/#\/schema\/logo\/image\/","url":"https:\/\/vitablanca.ma\/wp-content\/uploads\/2025\/05\/cropped-vitablanca.png","contentUrl":"https:\/\/vitablanca.ma\/wp-content\/uploads\/2025\/05\/cropped-vitablanca.png","width":360,"height":67,"caption":"VitaBlanca"},"image":{"@id":"https:\/\/vitablanca.ma\/#\/schema\/logo\/image\/"},"sameAs":["https:\/\/www.facebook.com\/profile.php?id=61576678196717","https:\/\/www.tiktok.com\/@vitablanca.ma","https:\/\/www.instagram.com\/vitablanca.ma\/"]}]}},"jetpack_sharing_enabled":true,"_links":{"self":[{"href":"https:\/\/vitablanca.ma\/en\/wp-json\/wp\/v2\/product\/21492","targetHints":{"allow":["GET"]}}],"collection":[{"href":"https:\/\/vitablanca.ma\/en\/wp-json\/wp\/v2\/product"}],"about":[{"href":"https:\/\/vitablanca.ma\/en\/wp-json\/wp\/v2\/types\/product"}],"wp:featuredmedia":[{"embeddable":true,"href":"https:\/\/vitablanca.ma\/en\/wp-json\/wp\/v2\/media\/21491"}],"wp:attachment":[{"href":"https:\/\/vitablanca.ma\/en\/wp-json\/wp\/v2\/media?parent=21492"}],"wp:term":[{"taxonomy":"product_brand","embeddable":true,"href":"https:\/\/vitablanca.ma\/en\/wp-json\/wp\/v2\/product_brand?post=21492"},{"taxonomy":"product_cat","embeddable":true,"href":"https:\/\/vitablanca.ma\/en\/wp-json\/wp\/v2\/product_cat?post=21492"},{"taxonomy":"product_tag","embeddable":true,"href":"https:\/\/vitablanca.ma\/en\/wp-json\/wp\/v2\/product_tag?post=21492"}],"curies":[{"name":"wp","href":"https:\/\/api.w.org\/{rel}","templated":true}]}}