{"id":21488,"date":"2025-06-11T21:23:27","date_gmt":"2025-06-11T21:23:27","guid":{"rendered":"https:\/\/vitablanca.ma\/product\/puressentiel-gel-antibacterien-assainissant-80ml\/"},"modified":"2025-06-11T21:23:27","modified_gmt":"2025-06-11T21:23:27","slug":"puressentiel-gel-antibacterien-assainissant-80ml","status":"publish","type":"product","link":"https:\/\/vitablanca.ma\/en\/product\/puressentiel-gel-antibacterien-assainissant-80ml\/","title":{"rendered":"Puressentiel Antibacterial Sanitizing Gel 80ml"},"content":{"rendered":"<h2 data-mce-fragment=\"1\">Puressentiel Antibacterial Sanitizing Gel\u00a0<span data-mce-fragment=\"1\">ideal for disinfecting hands without water, soap or rinsing.\u00a0<\/span><br \/>\n<\/h2>\n<p data-mce-fragment=\"1\">This<strong data-mce-fragment=\"1\"><span data-mce-fragment=\"1\">\u00a0<\/span>hydroalcoholic gel<\/strong><span data-mce-fragment=\"1\">\u00a0<\/span>with 3 essential oils is perfect for disinfecting your hands without water, soap, or rinsing at any time of day. This disinfectant, antibacterial gel, with aloe vera, will not dry out your hands!<br data-mce-fragment=\"1\"><\/p>\n<p data-mce-fragment=\"1\">Viruses, bacteria: 99.9% destroyed in the first few minutes<\/p>\n<h3 data-mce-fragment=\"1\">Advice\u00a0<\/h3>\n<p data-mce-fragment=\"1\"><strong data-mce-fragment=\"1\">How to use the Antibacterial Sanitizing Gel?<\/strong><\/p>\n<p data-mce-fragment=\"1\">Rub hands with a small amount of hydroalcoholic gel (3 ml) for 60 seconds. Immediate action.<\/p>\n<p data-mce-fragment=\"1\">Use hydroalcoholic gel with caution. Before use, read the label and information concerning this product.<\/p>\n<p data-mce-fragment=\"1\">To breathe fresher air, consider our<span data-mce-fragment=\"1\">\u00a0<\/span>Sanitizing spray<span data-mce-fragment=\"1\">\u00a0<\/span>!<\/p>\n<h3 data-mce-fragment=\"1\">Precautions for use\u00a0<\/h3>\n<p data-mce-fragment=\"1\">Read the antibacterial gel label before use. If medical advice is needed, have label at hand. For external use. Highly flammable liquid and vapor.<br data-mce-fragment=\"1\">Causes serious eye irritation. Keep away from heat\/sparks\/open flames\/hot surfaces. No smoking. Avoid contact with eyes, wounds, and mucous membranes.<\/p>\n<p data-mce-fragment=\"1\">IF IN EYES: Rinse cautiously with water for several minutes. If eye irritation persists: Get medical advice\/attention. Do not swallow.<\/p>\n<p data-mce-fragment=\"1\">If swallowed, seek medical advice immediately and show the product to the doctor. Not recommended for children under 3 years of age. Keep out of reach of children. Dispose of contents in accordance with local\/regional\/national\/international regulations. Avoid release to the environment. Store the hand sanitizer away from light and heat.<br data-mce-fragment=\"1\">Use hydroalcoholic gel with caution. Before use, read the label and information concerning this product.<\/p>\n<p data-mce-fragment=\"1\">Contains*: D-LIMONENE, PINENES (ALPHA OR BETA).<br data-mce-fragment=\"1\">* Naturally present in essential oils.<br data-mce-fragment=\"1\">May produce an allergic reaction.<\/p>","protected":false},"excerpt":{"rendered":"<p>Puressentiel Gel Antibact\u00e9rien Assainissant\u00a0id\u00e9al pour se d\u00e9sinfecter les mains sans eau, sans savon et sans rin\u00e7age.\u00a0 Ce\u00a0gel hydro-alcoolique\u00a0aux 3 huiles essentielles est parfait pour se d\u00e9sinfecter les mains \u00a0sans eau, sans savon et sans rin\u00e7age \u00e0 n\u2019importe quel moment de la journ\u00e9e. D\u00e9sinfectant, ce gel anti-bact\u00e9rien, \u00e0 l&rsquo;aloe vera, ne vous dess\u00e9chera pas les mains [&hellip;]<\/p>\n","protected":false},"featured_media":21487,"template":"","meta":{"om_disable_all_campaigns":false},"product_brand":[],"product_cat":[15],"product_tag":[],"class_list":{"0":"post-21488","1":"product","2":"type-product","3":"status-publish","4":"has-post-thumbnail","6":"product_cat-beaute-sante-complements-alimentaires-soins-et-bien-etre-au-meilleur-prix","8":"first","9":"instock","10":"sale","11":"taxable","12":"shipping-taxable","13":"purchasable","14":"product-type-simple"},"yoast_head":"<!-- This site is optimized with the Yoast SEO plugin v27.3 - https:\/\/yoast.com\/product\/yoast-seo-wordpress\/ -->\n<title>Puressentiel Gel Antibact\u00e9rien Assainissant 80ml - Maroc Prix<\/title>\n<meta name=\"description\" content=\"Puressentiel Gel Antibact\u00e9rien Assainissant 80ml\" \/>\n<meta name=\"robots\" content=\"index, follow, max-snippet:-1, max-image-preview:large, max-video-preview:-1\" \/>\n<link rel=\"canonical\" href=\"https:\/\/vitablanca.ma\/en\/product\/puressentiel-gel-antibacterien-assainissant-80ml\/\" \/>\n<meta property=\"og:locale\" content=\"en_US\" \/>\n<meta property=\"og:type\" content=\"article\" \/>\n<meta property=\"og:title\" content=\"Puressentiel Gel Antibact\u00e9rien Assainissant 80ml - Maroc Prix\" \/>\n<meta property=\"og:description\" content=\"Puressentiel Gel Antibact\u00e9rien Assainissant 80ml\" \/>\n<meta property=\"og:url\" content=\"https:\/\/vitablanca.ma\/en\/product\/puressentiel-gel-antibacterien-assainissant-80ml\/\" \/>\n<meta property=\"og:site_name\" content=\"Vitablanca.ma &ndash; Sant&eacute;, vitalit&eacute; et bien-&ecirc;tre pour tous les Marocains\" \/>\n<meta property=\"article:publisher\" content=\"https:\/\/www.facebook.com\/profile.php?id=61576678196717\" \/>\n<meta property=\"og:image\" content=\"https:\/\/vitablanca.ma\/wp-content\/uploads\/2025\/06\/Puressentiel-Gel-Antibacterien-Assainissant-80ml-nova-parapharmacie-maroc.png\" \/>\n\t<meta property=\"og:image:width\" content=\"1000\" \/>\n\t<meta property=\"og:image:height\" content=\"1000\" \/>\n\t<meta property=\"og:image:type\" content=\"image\/png\" \/>\n<meta name=\"twitter:card\" content=\"summary_large_image\" \/>\n<meta name=\"twitter:label1\" content=\"Est. reading time\" \/>\n\t<meta name=\"twitter:data1\" content=\"2 minutes\" \/>\n<script type=\"application\/ld+json\" class=\"yoast-schema-graph\">{\"@context\":\"https:\\\/\\\/schema.org\",\"@graph\":[{\"@type\":[\"WebPage\",\"ItemPage\"],\"@id\":\"https:\\\/\\\/vitablanca.ma\\\/produit\\\/puressentiel-gel-antibacterien-assainissant-80ml\\\/\",\"url\":\"https:\\\/\\\/vitablanca.ma\\\/produit\\\/puressentiel-gel-antibacterien-assainissant-80ml\\\/\",\"name\":\"Puressentiel Gel Antibact\u00e9rien Assainissant 80ml - Maroc Prix\",\"isPartOf\":{\"@id\":\"https:\\\/\\\/vitablanca.ma\\\/#website\"},\"primaryImageOfPage\":{\"@id\":\"https:\\\/\\\/vitablanca.ma\\\/produit\\\/puressentiel-gel-antibacterien-assainissant-80ml\\\/#primaryimage\"},\"image\":{\"@id\":\"https:\\\/\\\/vitablanca.ma\\\/produit\\\/puressentiel-gel-antibacterien-assainissant-80ml\\\/#primaryimage\"},\"thumbnailUrl\":\"https:\\\/\\\/vitablanca.ma\\\/wp-content\\\/uploads\\\/2025\\\/06\\\/Puressentiel-Gel-Antibacterien-Assainissant-80ml-nova-parapharmacie-maroc.png\",\"datePublished\":\"2025-06-11T21:23:27+00:00\",\"description\":\"Puressentiel Gel Antibact\u00e9rien Assainissant 80ml\",\"breadcrumb\":{\"@id\":\"https:\\\/\\\/vitablanca.ma\\\/produit\\\/puressentiel-gel-antibacterien-assainissant-80ml\\\/#breadcrumb\"},\"inLanguage\":\"en-US\",\"potentialAction\":[{\"@type\":\"ReadAction\",\"target\":[\"https:\\\/\\\/vitablanca.ma\\\/produit\\\/puressentiel-gel-antibacterien-assainissant-80ml\\\/\"]}]},{\"@type\":\"ImageObject\",\"inLanguage\":\"en-US\",\"@id\":\"https:\\\/\\\/vitablanca.ma\\\/produit\\\/puressentiel-gel-antibacterien-assainissant-80ml\\\/#primaryimage\",\"url\":\"https:\\\/\\\/vitablanca.ma\\\/wp-content\\\/uploads\\\/2025\\\/06\\\/Puressentiel-Gel-Antibacterien-Assainissant-80ml-nova-parapharmacie-maroc.png\",\"contentUrl\":\"https:\\\/\\\/vitablanca.ma\\\/wp-content\\\/uploads\\\/2025\\\/06\\\/Puressentiel-Gel-Antibacterien-Assainissant-80ml-nova-parapharmacie-maroc.png\",\"width\":1000,\"height\":1000},{\"@type\":\"BreadcrumbList\",\"@id\":\"https:\\\/\\\/vitablanca.ma\\\/produit\\\/puressentiel-gel-antibacterien-assainissant-80ml\\\/#breadcrumb\",\"itemListElement\":[{\"@type\":\"ListItem\",\"position\":1,\"name\":\"Home\",\"item\":\"https:\\\/\\\/vitablanca.ma\\\/\"},{\"@type\":\"ListItem\",\"position\":2,\"name\":\"Tous Les Produits\",\"item\":\"https:\\\/\\\/vitablanca.ma\\\/tous-les-produits\\\/\"},{\"@type\":\"ListItem\",\"position\":3,\"name\":\"Puressentiel Gel Antibact\u00e9rien Assainissant 80ml\"}]},{\"@type\":\"WebSite\",\"@id\":\"https:\\\/\\\/vitablanca.ma\\\/#website\",\"url\":\"https:\\\/\\\/vitablanca.ma\\\/\",\"name\":\"VitaBlanca.ma | Compl\u00e9ments alimentaires, sant\u00e9 & beaut\u00e9 au Maroc\",\"description\":\"vendre vitamines et compl\u00e9ments premium des USA &amp; Canada, Nouvelle Z\u00e9lande,Maroc (NOW Foods, Solgar, Manuka). Livraison rapide partout au Maroc.\",\"publisher\":{\"@id\":\"https:\\\/\\\/vitablanca.ma\\\/#organization\"},\"alternateName\":\"VitaBlanca.ma\",\"potentialAction\":[{\"@type\":\"SearchAction\",\"target\":{\"@type\":\"EntryPoint\",\"urlTemplate\":\"https:\\\/\\\/vitablanca.ma\\\/?s={search_term_string}\"},\"query-input\":{\"@type\":\"PropertyValueSpecification\",\"valueRequired\":true,\"valueName\":\"search_term_string\"}}],\"inLanguage\":\"en-US\"},{\"@type\":\"Organization\",\"@id\":\"https:\\\/\\\/vitablanca.ma\\\/#organization\",\"name\":\"VitaBlanca\",\"url\":\"https:\\\/\\\/vitablanca.ma\\\/\",\"logo\":{\"@type\":\"ImageObject\",\"inLanguage\":\"en-US\",\"@id\":\"https:\\\/\\\/vitablanca.ma\\\/#\\\/schema\\\/logo\\\/image\\\/\",\"url\":\"https:\\\/\\\/vitablanca.ma\\\/wp-content\\\/uploads\\\/2025\\\/05\\\/cropped-vitablanca.png\",\"contentUrl\":\"https:\\\/\\\/vitablanca.ma\\\/wp-content\\\/uploads\\\/2025\\\/05\\\/cropped-vitablanca.png\",\"width\":360,\"height\":67,\"caption\":\"VitaBlanca\"},\"image\":{\"@id\":\"https:\\\/\\\/vitablanca.ma\\\/#\\\/schema\\\/logo\\\/image\\\/\"},\"sameAs\":[\"https:\\\/\\\/www.facebook.com\\\/profile.php?id=61576678196717\",\"https:\\\/\\\/www.tiktok.com\\\/@vitablanca.ma\",\"https:\\\/\\\/www.instagram.com\\\/vitablanca.ma\\\/\"]}]}<\/script>\n<!-- \/ Yoast SEO plugin. -->","yoast_head_json":{"title":"Puressentiel Antibacterial Sanitizing Gel 80ml - Morocco Price","description":"Puressentiel Antibacterial Sanitizing Gel 80ml","robots":{"index":"index","follow":"follow","max-snippet":"max-snippet:-1","max-image-preview":"max-image-preview:large","max-video-preview":"max-video-preview:-1"},"canonical":"https:\/\/vitablanca.ma\/en\/product\/puressentiel-gel-antibacterien-assainissant-80ml\/","og_locale":"en_US","og_type":"article","og_title":"Puressentiel Gel Antibact\u00e9rien Assainissant 80ml - Maroc Prix","og_description":"Puressentiel Gel Antibact\u00e9rien Assainissant 80ml","og_url":"https:\/\/vitablanca.ma\/en\/product\/puressentiel-gel-antibacterien-assainissant-80ml\/","og_site_name":"Vitablanca.ma &ndash; Sant&eacute;, vitalit&eacute; et bien-&ecirc;tre pour tous les Marocains","article_publisher":"https:\/\/www.facebook.com\/profile.php?id=61576678196717","og_image":[{"width":1000,"height":1000,"url":"https:\/\/vitablanca.ma\/wp-content\/uploads\/2025\/06\/Puressentiel-Gel-Antibacterien-Assainissant-80ml-nova-parapharmacie-maroc.png","type":"image\/png"}],"twitter_card":"summary_large_image","twitter_misc":{"Est. reading time":"2 minutes"},"schema":{"@context":"https:\/\/schema.org","@graph":[{"@type":["WebPage","ItemPage"],"@id":"https:\/\/vitablanca.ma\/produit\/puressentiel-gel-antibacterien-assainissant-80ml\/","url":"https:\/\/vitablanca.ma\/produit\/puressentiel-gel-antibacterien-assainissant-80ml\/","name":"Puressentiel Antibacterial Sanitizing Gel 80ml - Morocco Price","isPartOf":{"@id":"https:\/\/vitablanca.ma\/#website"},"primaryImageOfPage":{"@id":"https:\/\/vitablanca.ma\/produit\/puressentiel-gel-antibacterien-assainissant-80ml\/#primaryimage"},"image":{"@id":"https:\/\/vitablanca.ma\/produit\/puressentiel-gel-antibacterien-assainissant-80ml\/#primaryimage"},"thumbnailUrl":"https:\/\/vitablanca.ma\/wp-content\/uploads\/2025\/06\/Puressentiel-Gel-Antibacterien-Assainissant-80ml-nova-parapharmacie-maroc.png","datePublished":"2025-06-11T21:23:27+00:00","description":"Puressentiel Antibacterial Sanitizing Gel 80ml","breadcrumb":{"@id":"https:\/\/vitablanca.ma\/produit\/puressentiel-gel-antibacterien-assainissant-80ml\/#breadcrumb"},"inLanguage":"en-US","potentialAction":[{"@type":"ReadAction","target":["https:\/\/vitablanca.ma\/produit\/puressentiel-gel-antibacterien-assainissant-80ml\/"]}]},{"@type":"ImageObject","inLanguage":"en-US","@id":"https:\/\/vitablanca.ma\/produit\/puressentiel-gel-antibacterien-assainissant-80ml\/#primaryimage","url":"https:\/\/vitablanca.ma\/wp-content\/uploads\/2025\/06\/Puressentiel-Gel-Antibacterien-Assainissant-80ml-nova-parapharmacie-maroc.png","contentUrl":"https:\/\/vitablanca.ma\/wp-content\/uploads\/2025\/06\/Puressentiel-Gel-Antibacterien-Assainissant-80ml-nova-parapharmacie-maroc.png","width":1000,"height":1000},{"@type":"BreadcrumbList","@id":"https:\/\/vitablanca.ma\/produit\/puressentiel-gel-antibacterien-assainissant-80ml\/#breadcrumb","itemListElement":[{"@type":"ListItem","position":1,"name":"Home","item":"https:\/\/vitablanca.ma\/"},{"@type":"ListItem","position":2,"name":"Tous Les Produits","item":"https:\/\/vitablanca.ma\/tous-les-produits\/"},{"@type":"ListItem","position":3,"name":"Puressentiel Gel Antibact\u00e9rien Assainissant 80ml"}]},{"@type":"WebSite","@id":"https:\/\/vitablanca.ma\/#website","url":"https:\/\/vitablanca.ma\/","name":"VitaBlanca.ma | Food supplements, health &amp; beauty in Morocco","description":"sell premium vitamins and supplements from USA &amp; Canada, New Zealand, Morocco (NOW Foods, Solgar, Manuka). Fast delivery anywhere in Morocco.","publisher":{"@id":"https:\/\/vitablanca.ma\/#organization"},"alternateName":"VitaBlanca.ma","potentialAction":[{"@type":"SearchAction","target":{"@type":"EntryPoint","urlTemplate":"https:\/\/vitablanca.ma\/?s={search_term_string}"},"query-input":{"@type":"PropertyValueSpecification","valueRequired":true,"valueName":"search_term_string"}}],"inLanguage":"en-US"},{"@type":"Organization","@id":"https:\/\/vitablanca.ma\/#organization","name":"VitaBlanca","url":"https:\/\/vitablanca.ma\/","logo":{"@type":"ImageObject","inLanguage":"en-US","@id":"https:\/\/vitablanca.ma\/#\/schema\/logo\/image\/","url":"https:\/\/vitablanca.ma\/wp-content\/uploads\/2025\/05\/cropped-vitablanca.png","contentUrl":"https:\/\/vitablanca.ma\/wp-content\/uploads\/2025\/05\/cropped-vitablanca.png","width":360,"height":67,"caption":"VitaBlanca"},"image":{"@id":"https:\/\/vitablanca.ma\/#\/schema\/logo\/image\/"},"sameAs":["https:\/\/www.facebook.com\/profile.php?id=61576678196717","https:\/\/www.tiktok.com\/@vitablanca.ma","https:\/\/www.instagram.com\/vitablanca.ma\/"]}]}},"jetpack_sharing_enabled":true,"_links":{"self":[{"href":"https:\/\/vitablanca.ma\/en\/wp-json\/wp\/v2\/product\/21488","targetHints":{"allow":["GET"]}}],"collection":[{"href":"https:\/\/vitablanca.ma\/en\/wp-json\/wp\/v2\/product"}],"about":[{"href":"https:\/\/vitablanca.ma\/en\/wp-json\/wp\/v2\/types\/product"}],"wp:featuredmedia":[{"embeddable":true,"href":"https:\/\/vitablanca.ma\/en\/wp-json\/wp\/v2\/media\/21487"}],"wp:attachment":[{"href":"https:\/\/vitablanca.ma\/en\/wp-json\/wp\/v2\/media?parent=21488"}],"wp:term":[{"taxonomy":"product_brand","embeddable":true,"href":"https:\/\/vitablanca.ma\/en\/wp-json\/wp\/v2\/product_brand?post=21488"},{"taxonomy":"product_cat","embeddable":true,"href":"https:\/\/vitablanca.ma\/en\/wp-json\/wp\/v2\/product_cat?post=21488"},{"taxonomy":"product_tag","embeddable":true,"href":"https:\/\/vitablanca.ma\/en\/wp-json\/wp\/v2\/product_tag?post=21488"}],"curies":[{"name":"wp","href":"https:\/\/api.w.org\/{rel}","templated":true}]}}