{"id":21486,"date":"2025-06-11T21:23:22","date_gmt":"2025-06-11T21:23:22","guid":{"rendered":"https:\/\/vitablanca.ma\/product\/resultime-anti-age-masque-lissant-resurfacant-ceramides-50ml\/"},"modified":"2025-06-11T21:23:22","modified_gmt":"2025-06-11T21:23:22","slug":"resultime-anti-age-masque-lissant-resurfacant-ceramides-50ml","status":"publish","type":"product","link":"https:\/\/vitablanca.ma\/en\/product\/resultime-anti-age-masque-lissant-resurfacant-ceramides-50ml\/","title":{"rendered":"Resultime Anti-Aging Smoothing Resurfacing Ceramide Mask 50ml"},"content":{"rendered":"<h2><span data-mce-fragment=\"1\">Resultime Anti-Aging Resurfacing Smoothing Mask with Ceramides.<\/span><\/h2>\n<p><span data-mce-fragment=\"1\">The skin is smoothed, plumped and refreshed. The complexion is luminous.\u00a0<\/span>All skin types.<br \/>50ml.<\/p>\n<div class=\"product-group\">\n<div class=\"product-entry\">\n<h3 class=\"product-title-secondary\"><span>BENEFITS<\/span><\/h3>\n<p>This<span>\u00a0<\/span><strong>smoothing face mask<\/strong><span>\u00a0<\/span>offers an incredible \u201csecond skin\u201d effect. Its formula combines Ceramide Microspheres and film-protective Polysaccharide to smooth facial features, as well as Micro-Collagen to plump the skin.<\/p>\n<\/div>\n<\/div>\n<div class=\"product-group\">\n<div class=\"product-entry\">\n<h3 class=\"product-title-secondary\"><span>BEAUTY TIPS<\/span><\/h3>\n<p>This<span>\u00a0<\/span><strong>face mask<\/strong><span>\u00a0<\/span>is formulated for all skin types.<br \/>1 to 2 times a week, apply a thin layer to the entire face and neck.<br \/>Leave on for 15 minutes then wipe off the excess or rinse.<\/p>\n<\/div>\n<\/div>\n<div class=\"product-group\">\n<div class=\"product-entry\">\n<h3 class=\"product-title-secondary\"><span>FORMULA<\/span><\/h3>\n<p>Ceramide microspheres, film-protective polysaccharide, micro-collagen.<\/p>\n<\/div>\n<\/div>","protected":false},"excerpt":{"rendered":"<p>Resultime Anti-\u00c2ge Masque Lissant Resurfa\u00e7ant C\u00e9ramides. La peau est liss\u00e9e, repulp\u00e9e et d\u00e9fatigu\u00e9e. Le teint est lumineux.\u00a0Toutes peaux.50ml. B\u00c9N\u00c9FICES Ce\u00a0masque lissant visage\u00a0offre un incroyable effet \u00abseconde peau\u00bb. Sa formule associe Microsph\u00e8res de C\u00e9ramides et Polysaccharide filmo-protecteur pour lisser les traits du visage, ainsi que du Micro-Collag\u00e8ne pour repulper la peau. CONSEILS BEAUT\u00c9 Ce\u00a0masque visage\u00a0est formul\u00e9 [&hellip;]<\/p>\n","protected":false},"featured_media":21485,"template":"","meta":{"om_disable_all_campaigns":false},"product_brand":[],"product_cat":[15],"product_tag":[],"class_list":{"0":"post-21486","1":"product","2":"type-product","3":"status-publish","4":"has-post-thumbnail","6":"product_cat-beaute-sante-complements-alimentaires-soins-et-bien-etre-au-meilleur-prix","8":"first","9":"instock","10":"sale","11":"taxable","12":"shipping-taxable","13":"purchasable","14":"product-type-simple"},"yoast_head":"<!-- This site is optimized with the Yoast SEO plugin v27.3 - https:\/\/yoast.com\/product\/yoast-seo-wordpress\/ -->\n<title>Resultime Anti-\u00c2ge Masque Lissant Resurfa\u00e7ant C\u00e9ramides 50ml - Maroc Prix<\/title>\n<meta name=\"description\" content=\"Resultime Anti-\u00c2ge Masque Lissant Resurfa\u00e7ant C\u00e9ramides 50ml\" \/>\n<meta name=\"robots\" content=\"index, follow, max-snippet:-1, max-image-preview:large, max-video-preview:-1\" \/>\n<link rel=\"canonical\" href=\"https:\/\/vitablanca.ma\/en\/product\/resultime-anti-age-masque-lissant-resurfacant-ceramides-50ml\/\" \/>\n<meta property=\"og:locale\" content=\"en_US\" \/>\n<meta property=\"og:type\" content=\"article\" \/>\n<meta property=\"og:title\" content=\"Resultime Anti-\u00c2ge Masque Lissant Resurfa\u00e7ant C\u00e9ramides 50ml - Maroc Prix\" \/>\n<meta property=\"og:description\" content=\"Resultime Anti-\u00c2ge Masque Lissant Resurfa\u00e7ant C\u00e9ramides 50ml\" \/>\n<meta property=\"og:url\" content=\"https:\/\/vitablanca.ma\/en\/product\/resultime-anti-age-masque-lissant-resurfacant-ceramides-50ml\/\" \/>\n<meta property=\"og:site_name\" content=\"Vitablanca.ma &ndash; Sant&eacute;, vitalit&eacute; et bien-&ecirc;tre pour tous les Marocains\" \/>\n<meta property=\"article:publisher\" content=\"https:\/\/www.facebook.com\/profile.php?id=61576678196717\" \/>\n<meta property=\"og:image\" content=\"https:\/\/vitablanca.ma\/wp-content\/uploads\/2025\/06\/Resultime-Anti-Age-Masque-Lissant-Resurfacant-Ceramides-50ml-nova-parapharmacie-casablanca.jpg\" \/>\n\t<meta property=\"og:image:width\" content=\"1000\" \/>\n\t<meta property=\"og:image:height\" content=\"1000\" \/>\n\t<meta property=\"og:image:type\" content=\"image\/jpeg\" \/>\n<meta name=\"twitter:card\" content=\"summary_large_image\" \/>\n<meta name=\"twitter:label1\" content=\"Est. reading time\" \/>\n\t<meta name=\"twitter:data1\" content=\"1 minute\" \/>\n<script type=\"application\/ld+json\" class=\"yoast-schema-graph\">{\"@context\":\"https:\\\/\\\/schema.org\",\"@graph\":[{\"@type\":[\"WebPage\",\"ItemPage\"],\"@id\":\"https:\\\/\\\/vitablanca.ma\\\/produit\\\/resultime-anti-age-masque-lissant-resurfacant-ceramides-50ml\\\/\",\"url\":\"https:\\\/\\\/vitablanca.ma\\\/produit\\\/resultime-anti-age-masque-lissant-resurfacant-ceramides-50ml\\\/\",\"name\":\"Resultime Anti-\u00c2ge Masque Lissant Resurfa\u00e7ant C\u00e9ramides 50ml - Maroc Prix\",\"isPartOf\":{\"@id\":\"https:\\\/\\\/vitablanca.ma\\\/#website\"},\"primaryImageOfPage\":{\"@id\":\"https:\\\/\\\/vitablanca.ma\\\/produit\\\/resultime-anti-age-masque-lissant-resurfacant-ceramides-50ml\\\/#primaryimage\"},\"image\":{\"@id\":\"https:\\\/\\\/vitablanca.ma\\\/produit\\\/resultime-anti-age-masque-lissant-resurfacant-ceramides-50ml\\\/#primaryimage\"},\"thumbnailUrl\":\"https:\\\/\\\/vitablanca.ma\\\/wp-content\\\/uploads\\\/2025\\\/06\\\/Resultime-Anti-Age-Masque-Lissant-Resurfacant-Ceramides-50ml-nova-parapharmacie-casablanca.jpg\",\"datePublished\":\"2025-06-11T21:23:22+00:00\",\"description\":\"Resultime Anti-\u00c2ge Masque Lissant Resurfa\u00e7ant C\u00e9ramides 50ml\",\"breadcrumb\":{\"@id\":\"https:\\\/\\\/vitablanca.ma\\\/produit\\\/resultime-anti-age-masque-lissant-resurfacant-ceramides-50ml\\\/#breadcrumb\"},\"inLanguage\":\"en-US\",\"potentialAction\":[{\"@type\":\"ReadAction\",\"target\":[\"https:\\\/\\\/vitablanca.ma\\\/produit\\\/resultime-anti-age-masque-lissant-resurfacant-ceramides-50ml\\\/\"]}]},{\"@type\":\"ImageObject\",\"inLanguage\":\"en-US\",\"@id\":\"https:\\\/\\\/vitablanca.ma\\\/produit\\\/resultime-anti-age-masque-lissant-resurfacant-ceramides-50ml\\\/#primaryimage\",\"url\":\"https:\\\/\\\/vitablanca.ma\\\/wp-content\\\/uploads\\\/2025\\\/06\\\/Resultime-Anti-Age-Masque-Lissant-Resurfacant-Ceramides-50ml-nova-parapharmacie-casablanca.jpg\",\"contentUrl\":\"https:\\\/\\\/vitablanca.ma\\\/wp-content\\\/uploads\\\/2025\\\/06\\\/Resultime-Anti-Age-Masque-Lissant-Resurfacant-Ceramides-50ml-nova-parapharmacie-casablanca.jpg\",\"width\":1000,\"height\":1000},{\"@type\":\"BreadcrumbList\",\"@id\":\"https:\\\/\\\/vitablanca.ma\\\/produit\\\/resultime-anti-age-masque-lissant-resurfacant-ceramides-50ml\\\/#breadcrumb\",\"itemListElement\":[{\"@type\":\"ListItem\",\"position\":1,\"name\":\"Home\",\"item\":\"https:\\\/\\\/vitablanca.ma\\\/\"},{\"@type\":\"ListItem\",\"position\":2,\"name\":\"Tous Les Produits\",\"item\":\"https:\\\/\\\/vitablanca.ma\\\/tous-les-produits\\\/\"},{\"@type\":\"ListItem\",\"position\":3,\"name\":\"Resultime Anti-\u00c2ge Masque Lissant Resurfa\u00e7ant C\u00e9ramides 50ml\"}]},{\"@type\":\"WebSite\",\"@id\":\"https:\\\/\\\/vitablanca.ma\\\/#website\",\"url\":\"https:\\\/\\\/vitablanca.ma\\\/\",\"name\":\"VitaBlanca.ma | Compl\u00e9ments alimentaires, sant\u00e9 & beaut\u00e9 au Maroc\",\"description\":\"vendre vitamines et compl\u00e9ments premium des USA &amp; Canada, Nouvelle Z\u00e9lande,Maroc (NOW Foods, Solgar, Manuka). Livraison rapide partout au Maroc.\",\"publisher\":{\"@id\":\"https:\\\/\\\/vitablanca.ma\\\/#organization\"},\"alternateName\":\"VitaBlanca.ma\",\"potentialAction\":[{\"@type\":\"SearchAction\",\"target\":{\"@type\":\"EntryPoint\",\"urlTemplate\":\"https:\\\/\\\/vitablanca.ma\\\/?s={search_term_string}\"},\"query-input\":{\"@type\":\"PropertyValueSpecification\",\"valueRequired\":true,\"valueName\":\"search_term_string\"}}],\"inLanguage\":\"en-US\"},{\"@type\":\"Organization\",\"@id\":\"https:\\\/\\\/vitablanca.ma\\\/#organization\",\"name\":\"VitaBlanca\",\"url\":\"https:\\\/\\\/vitablanca.ma\\\/\",\"logo\":{\"@type\":\"ImageObject\",\"inLanguage\":\"en-US\",\"@id\":\"https:\\\/\\\/vitablanca.ma\\\/#\\\/schema\\\/logo\\\/image\\\/\",\"url\":\"https:\\\/\\\/vitablanca.ma\\\/wp-content\\\/uploads\\\/2025\\\/05\\\/cropped-vitablanca.png\",\"contentUrl\":\"https:\\\/\\\/vitablanca.ma\\\/wp-content\\\/uploads\\\/2025\\\/05\\\/cropped-vitablanca.png\",\"width\":360,\"height\":67,\"caption\":\"VitaBlanca\"},\"image\":{\"@id\":\"https:\\\/\\\/vitablanca.ma\\\/#\\\/schema\\\/logo\\\/image\\\/\"},\"sameAs\":[\"https:\\\/\\\/www.facebook.com\\\/profile.php?id=61576678196717\",\"https:\\\/\\\/www.tiktok.com\\\/@vitablanca.ma\",\"https:\\\/\\\/www.instagram.com\\\/vitablanca.ma\\\/\"]}]}<\/script>\n<!-- \/ Yoast SEO plugin. -->","yoast_head_json":{"title":"Resultime Anti-Aging Smoothing Resurfacing Ceramide Mask 50ml - Morocco Price","description":"Resultime Anti-Aging Smoothing Resurfacing Ceramide Mask 50ml","robots":{"index":"index","follow":"follow","max-snippet":"max-snippet:-1","max-image-preview":"max-image-preview:large","max-video-preview":"max-video-preview:-1"},"canonical":"https:\/\/vitablanca.ma\/en\/product\/resultime-anti-age-masque-lissant-resurfacant-ceramides-50ml\/","og_locale":"en_US","og_type":"article","og_title":"Resultime Anti-\u00c2ge Masque Lissant Resurfa\u00e7ant C\u00e9ramides 50ml - Maroc Prix","og_description":"Resultime Anti-\u00c2ge Masque Lissant Resurfa\u00e7ant C\u00e9ramides 50ml","og_url":"https:\/\/vitablanca.ma\/en\/product\/resultime-anti-age-masque-lissant-resurfacant-ceramides-50ml\/","og_site_name":"Vitablanca.ma &ndash; Sant&eacute;, vitalit&eacute; et bien-&ecirc;tre pour tous les Marocains","article_publisher":"https:\/\/www.facebook.com\/profile.php?id=61576678196717","og_image":[{"width":1000,"height":1000,"url":"https:\/\/vitablanca.ma\/wp-content\/uploads\/2025\/06\/Resultime-Anti-Age-Masque-Lissant-Resurfacant-Ceramides-50ml-nova-parapharmacie-casablanca.jpg","type":"image\/jpeg"}],"twitter_card":"summary_large_image","twitter_misc":{"Est. reading time":"1 minute"},"schema":{"@context":"https:\/\/schema.org","@graph":[{"@type":["WebPage","ItemPage"],"@id":"https:\/\/vitablanca.ma\/produit\/resultime-anti-age-masque-lissant-resurfacant-ceramides-50ml\/","url":"https:\/\/vitablanca.ma\/produit\/resultime-anti-age-masque-lissant-resurfacant-ceramides-50ml\/","name":"Resultime Anti-Aging Smoothing Resurfacing Ceramide Mask 50ml - Morocco Price","isPartOf":{"@id":"https:\/\/vitablanca.ma\/#website"},"primaryImageOfPage":{"@id":"https:\/\/vitablanca.ma\/produit\/resultime-anti-age-masque-lissant-resurfacant-ceramides-50ml\/#primaryimage"},"image":{"@id":"https:\/\/vitablanca.ma\/produit\/resultime-anti-age-masque-lissant-resurfacant-ceramides-50ml\/#primaryimage"},"thumbnailUrl":"https:\/\/vitablanca.ma\/wp-content\/uploads\/2025\/06\/Resultime-Anti-Age-Masque-Lissant-Resurfacant-Ceramides-50ml-nova-parapharmacie-casablanca.jpg","datePublished":"2025-06-11T21:23:22+00:00","description":"Resultime Anti-Aging Smoothing Resurfacing Ceramide Mask 50ml","breadcrumb":{"@id":"https:\/\/vitablanca.ma\/produit\/resultime-anti-age-masque-lissant-resurfacant-ceramides-50ml\/#breadcrumb"},"inLanguage":"en-US","potentialAction":[{"@type":"ReadAction","target":["https:\/\/vitablanca.ma\/produit\/resultime-anti-age-masque-lissant-resurfacant-ceramides-50ml\/"]}]},{"@type":"ImageObject","inLanguage":"en-US","@id":"https:\/\/vitablanca.ma\/produit\/resultime-anti-age-masque-lissant-resurfacant-ceramides-50ml\/#primaryimage","url":"https:\/\/vitablanca.ma\/wp-content\/uploads\/2025\/06\/Resultime-Anti-Age-Masque-Lissant-Resurfacant-Ceramides-50ml-nova-parapharmacie-casablanca.jpg","contentUrl":"https:\/\/vitablanca.ma\/wp-content\/uploads\/2025\/06\/Resultime-Anti-Age-Masque-Lissant-Resurfacant-Ceramides-50ml-nova-parapharmacie-casablanca.jpg","width":1000,"height":1000},{"@type":"BreadcrumbList","@id":"https:\/\/vitablanca.ma\/produit\/resultime-anti-age-masque-lissant-resurfacant-ceramides-50ml\/#breadcrumb","itemListElement":[{"@type":"ListItem","position":1,"name":"Home","item":"https:\/\/vitablanca.ma\/"},{"@type":"ListItem","position":2,"name":"Tous Les Produits","item":"https:\/\/vitablanca.ma\/tous-les-produits\/"},{"@type":"ListItem","position":3,"name":"Resultime Anti-\u00c2ge Masque Lissant Resurfa\u00e7ant C\u00e9ramides 50ml"}]},{"@type":"WebSite","@id":"https:\/\/vitablanca.ma\/#website","url":"https:\/\/vitablanca.ma\/","name":"VitaBlanca.ma | Food supplements, health &amp; beauty in Morocco","description":"sell premium vitamins and supplements from USA &amp; Canada, New Zealand, Morocco (NOW Foods, Solgar, Manuka). Fast delivery anywhere in Morocco.","publisher":{"@id":"https:\/\/vitablanca.ma\/#organization"},"alternateName":"VitaBlanca.ma","potentialAction":[{"@type":"SearchAction","target":{"@type":"EntryPoint","urlTemplate":"https:\/\/vitablanca.ma\/?s={search_term_string}"},"query-input":{"@type":"PropertyValueSpecification","valueRequired":true,"valueName":"search_term_string"}}],"inLanguage":"en-US"},{"@type":"Organization","@id":"https:\/\/vitablanca.ma\/#organization","name":"VitaBlanca","url":"https:\/\/vitablanca.ma\/","logo":{"@type":"ImageObject","inLanguage":"en-US","@id":"https:\/\/vitablanca.ma\/#\/schema\/logo\/image\/","url":"https:\/\/vitablanca.ma\/wp-content\/uploads\/2025\/05\/cropped-vitablanca.png","contentUrl":"https:\/\/vitablanca.ma\/wp-content\/uploads\/2025\/05\/cropped-vitablanca.png","width":360,"height":67,"caption":"VitaBlanca"},"image":{"@id":"https:\/\/vitablanca.ma\/#\/schema\/logo\/image\/"},"sameAs":["https:\/\/www.facebook.com\/profile.php?id=61576678196717","https:\/\/www.tiktok.com\/@vitablanca.ma","https:\/\/www.instagram.com\/vitablanca.ma\/"]}]}},"jetpack_sharing_enabled":true,"_links":{"self":[{"href":"https:\/\/vitablanca.ma\/en\/wp-json\/wp\/v2\/product\/21486","targetHints":{"allow":["GET"]}}],"collection":[{"href":"https:\/\/vitablanca.ma\/en\/wp-json\/wp\/v2\/product"}],"about":[{"href":"https:\/\/vitablanca.ma\/en\/wp-json\/wp\/v2\/types\/product"}],"wp:featuredmedia":[{"embeddable":true,"href":"https:\/\/vitablanca.ma\/en\/wp-json\/wp\/v2\/media\/21485"}],"wp:attachment":[{"href":"https:\/\/vitablanca.ma\/en\/wp-json\/wp\/v2\/media?parent=21486"}],"wp:term":[{"taxonomy":"product_brand","embeddable":true,"href":"https:\/\/vitablanca.ma\/en\/wp-json\/wp\/v2\/product_brand?post=21486"},{"taxonomy":"product_cat","embeddable":true,"href":"https:\/\/vitablanca.ma\/en\/wp-json\/wp\/v2\/product_cat?post=21486"},{"taxonomy":"product_tag","embeddable":true,"href":"https:\/\/vitablanca.ma\/en\/wp-json\/wp\/v2\/product_tag?post=21486"}],"curies":[{"name":"wp","href":"https:\/\/api.w.org\/{rel}","templated":true}]}}