{"id":21481,"date":"2025-06-11T21:23:14","date_gmt":"2025-06-11T21:23:14","guid":{"rendered":"https:\/\/vitablanca.ma\/product\/resultime-creme-renovatrice-vitamine-c-50ml\/"},"modified":"2025-06-11T21:23:14","modified_gmt":"2025-06-11T21:23:14","slug":"resultime-creme-renovatrice-vitamine-c-50ml","status":"publish","type":"product","link":"https:\/\/vitablanca.ma\/en\/product\/resultime-creme-renovatrice-vitamine-c-50ml\/","title":{"rendered":"Resultime Vitamin C Renewing Cream 50ml"},"content":{"rendered":"<h2><span data-mce-fragment=\"1\">Resultime Vitamin C Renewing Cream.<\/span><\/h2>\n<p><span data-mce-fragment=\"1\"><strong data-mce-fragment=\"1\">Properties :<\/strong><br data-mce-fragment=\"1\">Resultime&#039;s creamy Renewing Cream with Vectorized Micro-Collagen, Resultime patent, combines vitamin C with gentle encapsulated AHAs to give your skin a truly radiant and youthful effect.<br data-mce-fragment=\"1\"><br data-mce-fragment=\"1\"><strong data-mce-fragment=\"1\">Indications:<\/strong><br data-mce-fragment=\"1\"><strong data-mce-fragment=\"1\">&#8211;\u00a0<\/strong>To give your skin a real radiance and youthful effect<br data-mce-fragment=\"1\"><br data-mce-fragment=\"1\"><strong data-mce-fragment=\"1\">Ingredients<\/strong><strong data-mce-fragment=\"1\">\u00a0:<\/strong><br data-mce-fragment=\"1\">Aqua\/ water, squalane, glyceryl stearate, butylene glycol, octyldodecanol, steareth-2, glycerin, ascorbyl glucoide, steareth-21, dimethicone, ethylhexyl stearate, isodecyl neopentanoate, polymethyl methacrylate, hydroxyethyl acrylate\/ sodium acryloyldimethyl taurate copolymer, jojoba esters, Cera alba\/ beeswax, sodium PCA, tetrasodium EDTA, tocopheryl acetate, phenoxyethanol, propylene glycol, gluconolactone, sodium hydroxide, sodium lactate, 1-2-hexanediol, caprylyl glycol, alcohol, sodium benzoate, lecithin, mparfum\/fragrance, xanthan gum, montmorillonite, limonene, polysorbate-60, sorbitan isostearate, carbomer, soluble collagen, gum-1 biosaccharide, polysorbate-20, Ulva lactuca extract, sodium levulinate, glyceryl caprylate, linalool, calcium gluconate, tropolone, potassium sorbate, sodium anisate, trisodium EDTA, tocopherol, palmitoyl tripeptide-1, palmitoyl tetrapeptide-7<br data-mce-fragment=\"1\"><br data-mce-fragment=\"1\"><strong data-mce-fragment=\"1\">Directions for use<\/strong><strong data-mce-fragment=\"1\">\u00a0:<\/strong><br data-mce-fragment=\"1\">Apply morning and\/or evening to the face and neck.<br data-mce-fragment=\"1\"><br data-mce-fragment=\"1\"><strong data-mce-fragment=\"1\">Presentation :<\/strong><br data-mce-fragment=\"1\">50 ml jar<\/span><\/p>","protected":false},"excerpt":{"rendered":"<p>Resultime Cr\u00e8me R\u00e9novatrice Vitamine C . Propri\u00e9t\u00e9s :La Cr\u00e8me r\u00e9novatrice de Resultime, onctueuse au Micro-Collag\u00e8ne Vectoris\u00e9, brevet Resultime, associe de la vitamine C \u00e0 des AHA encapsul\u00e9s doux pour offrir un v\u00e9ritable effet \u00e9clat et jeunesse \u00e0 votre peau.Indications :&#8211;\u00a0Pour offrir un v\u00e9ritable effet \u00e9clat et jeunesse \u00e0 votre peauIngr\u00e9dients\u00a0:Aqua\/ water, squalane, glyceryl stearate, butylene [&hellip;]<\/p>\n","protected":false},"featured_media":21480,"template":"","meta":{"om_disable_all_campaigns":false},"product_brand":[],"product_cat":[15],"product_tag":[],"class_list":{"0":"post-21481","1":"product","2":"type-product","3":"status-publish","4":"has-post-thumbnail","6":"product_cat-beaute-sante-complements-alimentaires-soins-et-bien-etre-au-meilleur-prix","8":"first","9":"instock","10":"sale","11":"taxable","12":"shipping-taxable","13":"purchasable","14":"product-type-simple"},"yoast_head":"<!-- This site is optimized with the Yoast SEO plugin v27.3 - https:\/\/yoast.com\/product\/yoast-seo-wordpress\/ -->\n<title>Resultime Cr\u00e8me R\u00e9novatrice Vitamine C 50ml - Maroc Prix<\/title>\n<meta name=\"description\" content=\"Resultime Cr\u00e8me R\u00e9novatrice Vitamine C 50ml\" \/>\n<meta name=\"robots\" content=\"index, follow, max-snippet:-1, max-image-preview:large, max-video-preview:-1\" \/>\n<link rel=\"canonical\" href=\"https:\/\/vitablanca.ma\/en\/product\/resultime-creme-renovatrice-vitamine-c-50ml\/\" \/>\n<meta property=\"og:locale\" content=\"en_US\" \/>\n<meta property=\"og:type\" content=\"article\" \/>\n<meta property=\"og:title\" content=\"Resultime Cr\u00e8me R\u00e9novatrice Vitamine C 50ml - Maroc Prix\" \/>\n<meta property=\"og:description\" content=\"Resultime Cr\u00e8me R\u00e9novatrice Vitamine C 50ml\" \/>\n<meta property=\"og:url\" content=\"https:\/\/vitablanca.ma\/en\/product\/resultime-creme-renovatrice-vitamine-c-50ml\/\" \/>\n<meta property=\"og:site_name\" content=\"Vitablanca.ma &ndash; Sant&eacute;, vitalit&eacute; et bien-&ecirc;tre pour tous les Marocains\" \/>\n<meta property=\"article:publisher\" content=\"https:\/\/www.facebook.com\/profile.php?id=61576678196717\" \/>\n<meta property=\"og:image\" content=\"https:\/\/vitablanca.ma\/wp-content\/uploads\/2025\/06\/Resultime-Creme-Renovatrice-Vitamine-C-50ml-nova-parapharmacie-casablanca.jpg\" \/>\n\t<meta property=\"og:image:width\" content=\"1000\" \/>\n\t<meta property=\"og:image:height\" content=\"1000\" \/>\n\t<meta property=\"og:image:type\" content=\"image\/jpeg\" \/>\n<meta name=\"twitter:card\" content=\"summary_large_image\" \/>\n<meta name=\"twitter:label1\" content=\"Est. reading time\" \/>\n\t<meta name=\"twitter:data1\" content=\"1 minute\" \/>\n<script type=\"application\/ld+json\" class=\"yoast-schema-graph\">{\"@context\":\"https:\\\/\\\/schema.org\",\"@graph\":[{\"@type\":[\"WebPage\",\"ItemPage\"],\"@id\":\"https:\\\/\\\/vitablanca.ma\\\/produit\\\/resultime-creme-renovatrice-vitamine-c-50ml\\\/\",\"url\":\"https:\\\/\\\/vitablanca.ma\\\/produit\\\/resultime-creme-renovatrice-vitamine-c-50ml\\\/\",\"name\":\"Resultime Cr\u00e8me R\u00e9novatrice Vitamine C 50ml - Maroc Prix\",\"isPartOf\":{\"@id\":\"https:\\\/\\\/vitablanca.ma\\\/#website\"},\"primaryImageOfPage\":{\"@id\":\"https:\\\/\\\/vitablanca.ma\\\/produit\\\/resultime-creme-renovatrice-vitamine-c-50ml\\\/#primaryimage\"},\"image\":{\"@id\":\"https:\\\/\\\/vitablanca.ma\\\/produit\\\/resultime-creme-renovatrice-vitamine-c-50ml\\\/#primaryimage\"},\"thumbnailUrl\":\"https:\\\/\\\/vitablanca.ma\\\/wp-content\\\/uploads\\\/2025\\\/06\\\/Resultime-Creme-Renovatrice-Vitamine-C-50ml-nova-parapharmacie-casablanca.jpg\",\"datePublished\":\"2025-06-11T21:23:14+00:00\",\"description\":\"Resultime Cr\u00e8me R\u00e9novatrice Vitamine C 50ml\",\"breadcrumb\":{\"@id\":\"https:\\\/\\\/vitablanca.ma\\\/produit\\\/resultime-creme-renovatrice-vitamine-c-50ml\\\/#breadcrumb\"},\"inLanguage\":\"en-US\",\"potentialAction\":[{\"@type\":\"ReadAction\",\"target\":[\"https:\\\/\\\/vitablanca.ma\\\/produit\\\/resultime-creme-renovatrice-vitamine-c-50ml\\\/\"]}]},{\"@type\":\"ImageObject\",\"inLanguage\":\"en-US\",\"@id\":\"https:\\\/\\\/vitablanca.ma\\\/produit\\\/resultime-creme-renovatrice-vitamine-c-50ml\\\/#primaryimage\",\"url\":\"https:\\\/\\\/vitablanca.ma\\\/wp-content\\\/uploads\\\/2025\\\/06\\\/Resultime-Creme-Renovatrice-Vitamine-C-50ml-nova-parapharmacie-casablanca.jpg\",\"contentUrl\":\"https:\\\/\\\/vitablanca.ma\\\/wp-content\\\/uploads\\\/2025\\\/06\\\/Resultime-Creme-Renovatrice-Vitamine-C-50ml-nova-parapharmacie-casablanca.jpg\",\"width\":1000,\"height\":1000},{\"@type\":\"BreadcrumbList\",\"@id\":\"https:\\\/\\\/vitablanca.ma\\\/produit\\\/resultime-creme-renovatrice-vitamine-c-50ml\\\/#breadcrumb\",\"itemListElement\":[{\"@type\":\"ListItem\",\"position\":1,\"name\":\"Home\",\"item\":\"https:\\\/\\\/vitablanca.ma\\\/\"},{\"@type\":\"ListItem\",\"position\":2,\"name\":\"Tous Les Produits\",\"item\":\"https:\\\/\\\/vitablanca.ma\\\/tous-les-produits\\\/\"},{\"@type\":\"ListItem\",\"position\":3,\"name\":\"Resultime Cr\u00e8me R\u00e9novatrice Vitamine C 50ml\"}]},{\"@type\":\"WebSite\",\"@id\":\"https:\\\/\\\/vitablanca.ma\\\/#website\",\"url\":\"https:\\\/\\\/vitablanca.ma\\\/\",\"name\":\"VitaBlanca.ma | Compl\u00e9ments alimentaires, sant\u00e9 & beaut\u00e9 au Maroc\",\"description\":\"vendre vitamines et compl\u00e9ments premium des USA &amp; Canada, Nouvelle Z\u00e9lande,Maroc (NOW Foods, Solgar, Manuka). Livraison rapide partout au Maroc.\",\"publisher\":{\"@id\":\"https:\\\/\\\/vitablanca.ma\\\/#organization\"},\"alternateName\":\"VitaBlanca.ma\",\"potentialAction\":[{\"@type\":\"SearchAction\",\"target\":{\"@type\":\"EntryPoint\",\"urlTemplate\":\"https:\\\/\\\/vitablanca.ma\\\/?s={search_term_string}\"},\"query-input\":{\"@type\":\"PropertyValueSpecification\",\"valueRequired\":true,\"valueName\":\"search_term_string\"}}],\"inLanguage\":\"en-US\"},{\"@type\":\"Organization\",\"@id\":\"https:\\\/\\\/vitablanca.ma\\\/#organization\",\"name\":\"VitaBlanca\",\"url\":\"https:\\\/\\\/vitablanca.ma\\\/\",\"logo\":{\"@type\":\"ImageObject\",\"inLanguage\":\"en-US\",\"@id\":\"https:\\\/\\\/vitablanca.ma\\\/#\\\/schema\\\/logo\\\/image\\\/\",\"url\":\"https:\\\/\\\/vitablanca.ma\\\/wp-content\\\/uploads\\\/2025\\\/05\\\/cropped-vitablanca.png\",\"contentUrl\":\"https:\\\/\\\/vitablanca.ma\\\/wp-content\\\/uploads\\\/2025\\\/05\\\/cropped-vitablanca.png\",\"width\":360,\"height\":67,\"caption\":\"VitaBlanca\"},\"image\":{\"@id\":\"https:\\\/\\\/vitablanca.ma\\\/#\\\/schema\\\/logo\\\/image\\\/\"},\"sameAs\":[\"https:\\\/\\\/www.facebook.com\\\/profile.php?id=61576678196717\",\"https:\\\/\\\/www.tiktok.com\\\/@vitablanca.ma\",\"https:\\\/\\\/www.instagram.com\\\/vitablanca.ma\\\/\"]}]}<\/script>\n<!-- \/ Yoast SEO plugin. -->","yoast_head_json":{"title":"Resultime Vitamin C Renewing Cream 50ml - Morocco Price","description":"Resultime Vitamin C Renewing Cream 50ml","robots":{"index":"index","follow":"follow","max-snippet":"max-snippet:-1","max-image-preview":"max-image-preview:large","max-video-preview":"max-video-preview:-1"},"canonical":"https:\/\/vitablanca.ma\/en\/product\/resultime-creme-renovatrice-vitamine-c-50ml\/","og_locale":"en_US","og_type":"article","og_title":"Resultime Cr\u00e8me R\u00e9novatrice Vitamine C 50ml - Maroc Prix","og_description":"Resultime Cr\u00e8me R\u00e9novatrice Vitamine C 50ml","og_url":"https:\/\/vitablanca.ma\/en\/product\/resultime-creme-renovatrice-vitamine-c-50ml\/","og_site_name":"Vitablanca.ma &ndash; Sant&eacute;, vitalit&eacute; et bien-&ecirc;tre pour tous les Marocains","article_publisher":"https:\/\/www.facebook.com\/profile.php?id=61576678196717","og_image":[{"width":1000,"height":1000,"url":"https:\/\/vitablanca.ma\/wp-content\/uploads\/2025\/06\/Resultime-Creme-Renovatrice-Vitamine-C-50ml-nova-parapharmacie-casablanca.jpg","type":"image\/jpeg"}],"twitter_card":"summary_large_image","twitter_misc":{"Est. reading time":"1 minute"},"schema":{"@context":"https:\/\/schema.org","@graph":[{"@type":["WebPage","ItemPage"],"@id":"https:\/\/vitablanca.ma\/produit\/resultime-creme-renovatrice-vitamine-c-50ml\/","url":"https:\/\/vitablanca.ma\/produit\/resultime-creme-renovatrice-vitamine-c-50ml\/","name":"Resultime Vitamin C Renewing Cream 50ml - Morocco Price","isPartOf":{"@id":"https:\/\/vitablanca.ma\/#website"},"primaryImageOfPage":{"@id":"https:\/\/vitablanca.ma\/produit\/resultime-creme-renovatrice-vitamine-c-50ml\/#primaryimage"},"image":{"@id":"https:\/\/vitablanca.ma\/produit\/resultime-creme-renovatrice-vitamine-c-50ml\/#primaryimage"},"thumbnailUrl":"https:\/\/vitablanca.ma\/wp-content\/uploads\/2025\/06\/Resultime-Creme-Renovatrice-Vitamine-C-50ml-nova-parapharmacie-casablanca.jpg","datePublished":"2025-06-11T21:23:14+00:00","description":"Resultime Vitamin C Renewing Cream 50ml","breadcrumb":{"@id":"https:\/\/vitablanca.ma\/produit\/resultime-creme-renovatrice-vitamine-c-50ml\/#breadcrumb"},"inLanguage":"en-US","potentialAction":[{"@type":"ReadAction","target":["https:\/\/vitablanca.ma\/produit\/resultime-creme-renovatrice-vitamine-c-50ml\/"]}]},{"@type":"ImageObject","inLanguage":"en-US","@id":"https:\/\/vitablanca.ma\/produit\/resultime-creme-renovatrice-vitamine-c-50ml\/#primaryimage","url":"https:\/\/vitablanca.ma\/wp-content\/uploads\/2025\/06\/Resultime-Creme-Renovatrice-Vitamine-C-50ml-nova-parapharmacie-casablanca.jpg","contentUrl":"https:\/\/vitablanca.ma\/wp-content\/uploads\/2025\/06\/Resultime-Creme-Renovatrice-Vitamine-C-50ml-nova-parapharmacie-casablanca.jpg","width":1000,"height":1000},{"@type":"BreadcrumbList","@id":"https:\/\/vitablanca.ma\/produit\/resultime-creme-renovatrice-vitamine-c-50ml\/#breadcrumb","itemListElement":[{"@type":"ListItem","position":1,"name":"Home","item":"https:\/\/vitablanca.ma\/"},{"@type":"ListItem","position":2,"name":"Tous Les Produits","item":"https:\/\/vitablanca.ma\/tous-les-produits\/"},{"@type":"ListItem","position":3,"name":"Resultime Cr\u00e8me R\u00e9novatrice Vitamine C 50ml"}]},{"@type":"WebSite","@id":"https:\/\/vitablanca.ma\/#website","url":"https:\/\/vitablanca.ma\/","name":"VitaBlanca.ma | Food supplements, health &amp; beauty in Morocco","description":"sell premium vitamins and supplements from USA &amp; Canada, New Zealand, Morocco (NOW Foods, Solgar, Manuka). Fast delivery anywhere in Morocco.","publisher":{"@id":"https:\/\/vitablanca.ma\/#organization"},"alternateName":"VitaBlanca.ma","potentialAction":[{"@type":"SearchAction","target":{"@type":"EntryPoint","urlTemplate":"https:\/\/vitablanca.ma\/?s={search_term_string}"},"query-input":{"@type":"PropertyValueSpecification","valueRequired":true,"valueName":"search_term_string"}}],"inLanguage":"en-US"},{"@type":"Organization","@id":"https:\/\/vitablanca.ma\/#organization","name":"VitaBlanca","url":"https:\/\/vitablanca.ma\/","logo":{"@type":"ImageObject","inLanguage":"en-US","@id":"https:\/\/vitablanca.ma\/#\/schema\/logo\/image\/","url":"https:\/\/vitablanca.ma\/wp-content\/uploads\/2025\/05\/cropped-vitablanca.png","contentUrl":"https:\/\/vitablanca.ma\/wp-content\/uploads\/2025\/05\/cropped-vitablanca.png","width":360,"height":67,"caption":"VitaBlanca"},"image":{"@id":"https:\/\/vitablanca.ma\/#\/schema\/logo\/image\/"},"sameAs":["https:\/\/www.facebook.com\/profile.php?id=61576678196717","https:\/\/www.tiktok.com\/@vitablanca.ma","https:\/\/www.instagram.com\/vitablanca.ma\/"]}]}},"jetpack_sharing_enabled":true,"_links":{"self":[{"href":"https:\/\/vitablanca.ma\/en\/wp-json\/wp\/v2\/product\/21481","targetHints":{"allow":["GET"]}}],"collection":[{"href":"https:\/\/vitablanca.ma\/en\/wp-json\/wp\/v2\/product"}],"about":[{"href":"https:\/\/vitablanca.ma\/en\/wp-json\/wp\/v2\/types\/product"}],"wp:featuredmedia":[{"embeddable":true,"href":"https:\/\/vitablanca.ma\/en\/wp-json\/wp\/v2\/media\/21480"}],"wp:attachment":[{"href":"https:\/\/vitablanca.ma\/en\/wp-json\/wp\/v2\/media?parent=21481"}],"wp:term":[{"taxonomy":"product_brand","embeddable":true,"href":"https:\/\/vitablanca.ma\/en\/wp-json\/wp\/v2\/product_brand?post=21481"},{"taxonomy":"product_cat","embeddable":true,"href":"https:\/\/vitablanca.ma\/en\/wp-json\/wp\/v2\/product_cat?post=21481"},{"taxonomy":"product_tag","embeddable":true,"href":"https:\/\/vitablanca.ma\/en\/wp-json\/wp\/v2\/product_tag?post=21481"}],"curies":[{"name":"wp","href":"https:\/\/api.w.org\/{rel}","templated":true}]}}