{"id":21477,"date":"2025-06-11T21:23:05","date_gmt":"2025-06-11T21:23:05","guid":{"rendered":"https:\/\/vitablanca.ma\/product\/resultime-kit-mon-programme-regenerant-au-collagene\/"},"modified":"2025-12-27T14:13:41","modified_gmt":"2025-12-27T14:13:41","slug":"resultime-kit-mon-programme-regenerant-au-collagene","status":"publish","type":"product","link":"https:\/\/vitablanca.ma\/en\/product\/resultime-kit-mon-programme-regenerant-au-collagene\/","title":{"rendered":"Resultime kit My Collagen Regenerating Program"},"content":{"rendered":"<h2><span data-mce-fragment=\"1\">Resultime kit My Collagen Regenerating Program.<\/span><\/h2>\n<p data-mce-fragment=\"1\"><span data-mce-fragment=\"1\">Resultime My Collagen Regenerating Program Kit<\/span><span data-mce-fragment=\"1\">\u00a0<\/span>contains :<\/p>\n<ul data-mce-fragment=\"1\">\n<li data-mce-fragment=\"1\">\n<span data-mce-fragment=\"1\">Resultime Collagen Smoothing Essence\u00a0<\/span>is a treatment formulated with plumping Collagens which combine Micro-Collagen and Hyaluronic Acid to hydrate and plump the skin and smooth the skin texture.<\/li>\n<\/ul>\n<ul data-mce-fragment=\"1\">\n<li data-mce-fragment=\"1\">\n<span data-mce-fragment=\"1\">Resultime Collagen Gel-Serum\u00a0<\/span>is also formulated with plumping Collagens combined with Micro-Collagen, a stimulating active ingredient to stimulate skin regeneration and maintain its tone.\u00a0\u00a0<\/li>\n<\/ul>\n<ul data-mce-fragment=\"1\">\n<li data-mce-fragment=\"1\">\n<span data-mce-fragment=\"1\">Resultime Wrinkle Filler Serum for Eyes and Lips\u00a0<\/span>is enriched with plumping collagens which help to fill and reduce wrinkles around the eyes and lips.<\/li>\n<\/ul>\n<ul data-mce-fragment=\"1\">\n<li data-mce-fragment=\"1\">\n<span data-mce-fragment=\"1\">Resultime 3 in 1 Collagen Day Night Mask\u00a0<\/span>is a regenerative treatment. Thanks to its composition, it helps erase the signs of aging. It helps erase wrinkles and signs of fatigue.<\/li>\n<\/ul>\n<h3 data-mce-fragment=\"1\">Indications:<\/h3>\n<p><span data-mce-fragment=\"1\">Ideal for mature skin.<\/span><\/p>\n<h3 data-mce-fragment=\"1\">Directions for use:<\/h3>\n<ul data-mce-fragment=\"1\">\n<li data-mce-fragment=\"1\">Resultime Collagen Smoothing Essence: Apply to the face and neck, morning and\/or evening before the serum.<\/li>\n<\/ul>\n<ul data-mce-fragment=\"1\">\n<li data-mce-fragment=\"1\">Resultime Plumping Collagen Gel-Serum: Apply a thin layer to the face and neck, morning and\/or evening. \u00a0<span data-mce-fragment=\"1\">It can also be used as a mask 1 to 2 times a week, apply a thick layer and leave on for around 15 minutes.<\/span>\n<\/li>\n<\/ul>\n<ul data-mce-fragment=\"1\">\n<li data-mce-fragment=\"1\">Resultime Wrinkle Filler Serum for Eyes and Lips:<br data-mce-fragment=\"1\">For lips: Apply a small amount of product and gently smooth the lips from the center of the mouth outwards.<br data-mce-fragment=\"1\">For the eye area: Apply to perfectly cleansed skin on the bony part of the eye contour, patting lightly from the inner corner to the outer corner of the eye. Repeat the action under the brow bone.<\/li>\n<\/ul>\n<ul data-mce-fragment=\"1\">\n<li data-mce-fragment=\"1\">Resultime 3 in 1 Collagen Day Night Mask: Apply daily to cleansed skin, leave on for several minutes and rinse.<\/li>\n<\/ul>\n<h3 data-mce-fragment=\"1\">Packaging:<\/h3>\n<ul>\n<li><span data-mce-fragment=\"1\">Resultime Collagen Smoothing Essence: 20 ml.<\/span><\/li>\n<li>Resultime Collagen Gel-Serum: 15 ml.<\/li>\n<li>Resultime Wrinkle Filler Serum for Eyes and Lips: 3 ml.<\/li>\n<li><span data-mce-fragment=\"1\">Resultime 3 in 1 Collagen Day Night Mask: 15 ml.<\/span><\/li>\n<\/ul>\n<h3 data-mce-fragment=\"1\">Composition :<\/h3>\n<p data-mce-fragment=\"1\">Resultime Collagen Smoothing Essence: aqua\/water, alcohol denat, glycerin, phenoxyethanol, acrylates\/c10-30 alkyl acrylate crosspolymer, ppg-26-buteth-26, butylene glycol, perfume (fragrance), sodium gluconate, sodium hyaluronate, peg-40, hydrogenated castor oil*, sodium hydroxide, montmorillonite, chlorella vulgaris extract, carbomer, sodium lactate, soluble collagen, polysorbate-20, ulva lactuca extract, ci15985\/yellow 6, palmitoyl tripeptide-1, ci17200\/red 33, palmitoyl tetrapeptide-7.<\/p>\n<div data-mce-fragment=\"1\">Resultime Plumping Collagen Gel-Serum: aqua\/water, alcohol denat, glycerin, acrylates\/c10-30 alkyl acrylate crosspolymer, sodium gluconate, sodium hydroxide, sodium hyaluronate, soluble collagen, montmorillonite, chlorella vulgaris extract, carbomer, sodium lactate, polysorbate-20, ulva lactuca extract, ci15985\/yellow 6, palmitoyl tripeptide-1, ci17200\/red 33, palmitoyl tetrapeptide-7.<\/div>\n<div data-mce-fragment=\"1\"><br data-mce-fragment=\"1\"><\/div>\n<p data-mce-fragment=\"1\">Resultime Eye and Lip Contour Wrinkle Filler Serum: aqua (water), alcohol denat, glycerin, dimethicone, mica, macadamia integrifolia seed oil, hydroxyethyl acrylate\/sodium acryloyldimethyl taurate copolymer, caprylic\/capric triglyceride, silica, phenoxyethanol, dimethicone crosspolymer, acrylates\/c10-30 alkyl acrylate crosspolymer, ethylhexylglycerin, dimethiconol, butylene glycol, caffeine, sodium gluconate, sodium hyaluronate, sodium stearoyl glutamate, ci 77891\/titanium dioxide, polysorbate 60, sorbitan isostearate, sodium hydroxide, montmorillonite, chorella vulgaris extract, carbomer, sodium lactate, soluble collagen, polysorbate 20, ulva lactuca extract, tocopherol, palmitoyl tripeptide-1, palmitoyl tetrapeptide-7.<\/p>\n<div data-mce-fragment=\"1\">Resultime Collagen Care 3 in 1 Day Night Mask: aqua (water), alcohol denat, glycerin, oleic\/linoleic\/linolenic polyglycerides, caprylic\/capric triglyceride, prunus amygdalus dulcis (sweet almond) oil, squalane, c14-22 alcohols, sodium acrylates copolymer, perfume (fragrance), glyceryl stearate, peg-100 stearate, ribose, c12-20 alkyl glucoside, tocopherol, phenoxyethanol, ethylhexylglycerin, lecithin, butylene glycol, sodium gluconate, xanthan gum, sodium hyaluronate, montmorillonite, citric acid, chorella vulgaris extract, carbomer, sodium lactate, soluble collagen, polysorbate 20, ulva lactuca extract, c17200\/red 33, ci 42090\/blue 1, palmitoyl tripeptide-1, palmitoyl tetrapeptide-7.<\/div>\n<h2 data-mce-fragment=\"1\"><\/h2>","protected":false},"excerpt":{"rendered":"<p>Resultime kit Mon Programme R\u00e9g\u00e9n\u00e9rant Au Collag\u00e8ne. Resultime Kit Mon Programme R\u00e9g\u00e9n\u00e9rant au Collag\u00e8ne\u00a0contient : Resultime Essence Lissante Collag\u00e8ne\u00a0est un soin formul\u00e9 aux Collag\u00e8nes repulpants qui associent Micro-Collag\u00e8ne et Acide Hyaluronique pour hydrater et repulper la peau et lisser le grain de peau. Resultime Gel-S\u00e9rum Collag\u00e8ne\u00a0est \u00e9galement formul\u00e9 aux Collag\u00e8nes repulpants associe \u00e0 un Micro-Collag\u00e8ne [&hellip;]<\/p>\n","protected":false},"featured_media":21476,"template":"","meta":{"om_disable_all_campaigns":false},"product_brand":[],"product_cat":[15],"product_tag":[],"class_list":{"0":"post-21477","1":"product","2":"type-product","3":"status-publish","4":"has-post-thumbnail","6":"product_cat-beaute-sante-complements-alimentaires-soins-et-bien-etre-au-meilleur-prix","8":"first","9":"instock","10":"sale","11":"taxable","12":"shipping-taxable","13":"purchasable","14":"product-type-simple"},"yoast_head":"<!-- This site is optimized with the Yoast SEO plugin v27.3 - https:\/\/yoast.com\/product\/yoast-seo-wordpress\/ -->\n<title>Resultime kit Mon Programme R\u00e9g\u00e9n\u00e9rant Au Collag\u00e8ne - Maroc Prix<\/title>\n<meta name=\"description\" content=\"Resultime kit Mon Programme R\u00e9g\u00e9n\u00e9rant Au Collag\u00e8ne\" \/>\n<meta name=\"robots\" content=\"index, follow, max-snippet:-1, max-image-preview:large, max-video-preview:-1\" \/>\n<link rel=\"canonical\" href=\"https:\/\/vitablanca.ma\/en\/product\/resultime-kit-mon-programme-regenerant-au-collagene\/\" \/>\n<meta property=\"og:locale\" content=\"en_US\" \/>\n<meta property=\"og:type\" content=\"article\" \/>\n<meta property=\"og:title\" content=\"Resultime kit Mon Programme R\u00e9g\u00e9n\u00e9rant Au Collag\u00e8ne - Maroc Prix\" \/>\n<meta property=\"og:description\" content=\"Resultime kit Mon Programme R\u00e9g\u00e9n\u00e9rant Au Collag\u00e8ne\" \/>\n<meta property=\"og:url\" content=\"https:\/\/vitablanca.ma\/en\/product\/resultime-kit-mon-programme-regenerant-au-collagene\/\" \/>\n<meta property=\"og:site_name\" content=\"Vitablanca.ma &ndash; Sant&eacute;, vitalit&eacute; et bien-&ecirc;tre pour tous les Marocains\" \/>\n<meta property=\"article:publisher\" content=\"https:\/\/www.facebook.com\/profile.php?id=61576678196717\" \/>\n<meta property=\"article:modified_time\" content=\"2025-12-27T14:13:41+00:00\" \/>\n<meta property=\"og:image\" content=\"https:\/\/vitablanca.ma\/wp-content\/uploads\/2025\/06\/Resultime-kit-Mon-Programme-Regenerant-Au-Collagene-nova-parapharmacie-casablanca.jpg\" \/>\n\t<meta property=\"og:image:width\" content=\"1000\" \/>\n\t<meta property=\"og:image:height\" content=\"1000\" \/>\n\t<meta property=\"og:image:type\" content=\"image\/jpeg\" \/>\n<meta name=\"twitter:card\" content=\"summary_large_image\" \/>\n<meta name=\"twitter:label1\" content=\"Est. reading time\" \/>\n\t<meta name=\"twitter:data1\" content=\"3 minutes\" \/>\n<script type=\"application\/ld+json\" class=\"yoast-schema-graph\">{\"@context\":\"https:\\\/\\\/schema.org\",\"@graph\":[{\"@type\":[\"WebPage\",\"ItemPage\"],\"@id\":\"https:\\\/\\\/vitablanca.ma\\\/produit\\\/resultime-kit-mon-programme-regenerant-au-collagene\\\/\",\"url\":\"https:\\\/\\\/vitablanca.ma\\\/produit\\\/resultime-kit-mon-programme-regenerant-au-collagene\\\/\",\"name\":\"Resultime kit Mon Programme R\u00e9g\u00e9n\u00e9rant Au Collag\u00e8ne - Maroc Prix\",\"isPartOf\":{\"@id\":\"https:\\\/\\\/vitablanca.ma\\\/#website\"},\"primaryImageOfPage\":{\"@id\":\"https:\\\/\\\/vitablanca.ma\\\/produit\\\/resultime-kit-mon-programme-regenerant-au-collagene\\\/#primaryimage\"},\"image\":{\"@id\":\"https:\\\/\\\/vitablanca.ma\\\/produit\\\/resultime-kit-mon-programme-regenerant-au-collagene\\\/#primaryimage\"},\"thumbnailUrl\":\"https:\\\/\\\/vitablanca.ma\\\/wp-content\\\/uploads\\\/2025\\\/06\\\/Resultime-kit-Mon-Programme-Regenerant-Au-Collagene-nova-parapharmacie-casablanca.jpg\",\"datePublished\":\"2025-06-11T21:23:05+00:00\",\"dateModified\":\"2025-12-27T14:13:41+00:00\",\"description\":\"Resultime kit Mon Programme R\u00e9g\u00e9n\u00e9rant Au Collag\u00e8ne\",\"breadcrumb\":{\"@id\":\"https:\\\/\\\/vitablanca.ma\\\/produit\\\/resultime-kit-mon-programme-regenerant-au-collagene\\\/#breadcrumb\"},\"inLanguage\":\"en-US\",\"potentialAction\":[{\"@type\":\"ReadAction\",\"target\":[\"https:\\\/\\\/vitablanca.ma\\\/produit\\\/resultime-kit-mon-programme-regenerant-au-collagene\\\/\"]}]},{\"@type\":\"ImageObject\",\"inLanguage\":\"en-US\",\"@id\":\"https:\\\/\\\/vitablanca.ma\\\/produit\\\/resultime-kit-mon-programme-regenerant-au-collagene\\\/#primaryimage\",\"url\":\"https:\\\/\\\/vitablanca.ma\\\/wp-content\\\/uploads\\\/2025\\\/06\\\/Resultime-kit-Mon-Programme-Regenerant-Au-Collagene-nova-parapharmacie-casablanca.jpg\",\"contentUrl\":\"https:\\\/\\\/vitablanca.ma\\\/wp-content\\\/uploads\\\/2025\\\/06\\\/Resultime-kit-Mon-Programme-Regenerant-Au-Collagene-nova-parapharmacie-casablanca.jpg\",\"width\":1000,\"height\":1000},{\"@type\":\"BreadcrumbList\",\"@id\":\"https:\\\/\\\/vitablanca.ma\\\/produit\\\/resultime-kit-mon-programme-regenerant-au-collagene\\\/#breadcrumb\",\"itemListElement\":[{\"@type\":\"ListItem\",\"position\":1,\"name\":\"Home\",\"item\":\"https:\\\/\\\/vitablanca.ma\\\/\"},{\"@type\":\"ListItem\",\"position\":2,\"name\":\"Tous Les Produits\",\"item\":\"https:\\\/\\\/vitablanca.ma\\\/tous-les-produits\\\/\"},{\"@type\":\"ListItem\",\"position\":3,\"name\":\"Resultime kit Mon Programme R\u00e9g\u00e9n\u00e9rant Au Collag\u00e8ne\"}]},{\"@type\":\"WebSite\",\"@id\":\"https:\\\/\\\/vitablanca.ma\\\/#website\",\"url\":\"https:\\\/\\\/vitablanca.ma\\\/\",\"name\":\"VitaBlanca.ma | Compl\u00e9ments alimentaires, sant\u00e9 & beaut\u00e9 au Maroc\",\"description\":\"vendre vitamines et compl\u00e9ments premium des USA &amp; Canada, Nouvelle Z\u00e9lande,Maroc (NOW Foods, Solgar, Manuka). Livraison rapide partout au Maroc.\",\"publisher\":{\"@id\":\"https:\\\/\\\/vitablanca.ma\\\/#organization\"},\"alternateName\":\"VitaBlanca.ma\",\"potentialAction\":[{\"@type\":\"SearchAction\",\"target\":{\"@type\":\"EntryPoint\",\"urlTemplate\":\"https:\\\/\\\/vitablanca.ma\\\/?s={search_term_string}\"},\"query-input\":{\"@type\":\"PropertyValueSpecification\",\"valueRequired\":true,\"valueName\":\"search_term_string\"}}],\"inLanguage\":\"en-US\"},{\"@type\":\"Organization\",\"@id\":\"https:\\\/\\\/vitablanca.ma\\\/#organization\",\"name\":\"VitaBlanca\",\"url\":\"https:\\\/\\\/vitablanca.ma\\\/\",\"logo\":{\"@type\":\"ImageObject\",\"inLanguage\":\"en-US\",\"@id\":\"https:\\\/\\\/vitablanca.ma\\\/#\\\/schema\\\/logo\\\/image\\\/\",\"url\":\"https:\\\/\\\/vitablanca.ma\\\/wp-content\\\/uploads\\\/2025\\\/05\\\/cropped-vitablanca.png\",\"contentUrl\":\"https:\\\/\\\/vitablanca.ma\\\/wp-content\\\/uploads\\\/2025\\\/05\\\/cropped-vitablanca.png\",\"width\":360,\"height\":67,\"caption\":\"VitaBlanca\"},\"image\":{\"@id\":\"https:\\\/\\\/vitablanca.ma\\\/#\\\/schema\\\/logo\\\/image\\\/\"},\"sameAs\":[\"https:\\\/\\\/www.facebook.com\\\/profile.php?id=61576678196717\",\"https:\\\/\\\/www.tiktok.com\\\/@vitablanca.ma\",\"https:\\\/\\\/www.instagram.com\\\/vitablanca.ma\\\/\"]}]}<\/script>\n<!-- \/ Yoast SEO plugin. -->","yoast_head_json":{"title":"Resultime kit My Collagen Regenerating Program - Morocco Price","description":"Resultime kit My Collagen Regenerating Program","robots":{"index":"index","follow":"follow","max-snippet":"max-snippet:-1","max-image-preview":"max-image-preview:large","max-video-preview":"max-video-preview:-1"},"canonical":"https:\/\/vitablanca.ma\/en\/product\/resultime-kit-mon-programme-regenerant-au-collagene\/","og_locale":"en_US","og_type":"article","og_title":"Resultime kit Mon Programme R\u00e9g\u00e9n\u00e9rant Au Collag\u00e8ne - Maroc Prix","og_description":"Resultime kit Mon Programme R\u00e9g\u00e9n\u00e9rant Au Collag\u00e8ne","og_url":"https:\/\/vitablanca.ma\/en\/product\/resultime-kit-mon-programme-regenerant-au-collagene\/","og_site_name":"Vitablanca.ma &ndash; Sant&eacute;, vitalit&eacute; et bien-&ecirc;tre pour tous les Marocains","article_publisher":"https:\/\/www.facebook.com\/profile.php?id=61576678196717","article_modified_time":"2025-12-27T14:13:41+00:00","og_image":[{"width":1000,"height":1000,"url":"https:\/\/vitablanca.ma\/wp-content\/uploads\/2025\/06\/Resultime-kit-Mon-Programme-Regenerant-Au-Collagene-nova-parapharmacie-casablanca.jpg","type":"image\/jpeg"}],"twitter_card":"summary_large_image","twitter_misc":{"Est. reading time":"3 minutes"},"schema":{"@context":"https:\/\/schema.org","@graph":[{"@type":["WebPage","ItemPage"],"@id":"https:\/\/vitablanca.ma\/produit\/resultime-kit-mon-programme-regenerant-au-collagene\/","url":"https:\/\/vitablanca.ma\/produit\/resultime-kit-mon-programme-regenerant-au-collagene\/","name":"Resultime kit My Collagen Regenerating Program - Morocco Price","isPartOf":{"@id":"https:\/\/vitablanca.ma\/#website"},"primaryImageOfPage":{"@id":"https:\/\/vitablanca.ma\/produit\/resultime-kit-mon-programme-regenerant-au-collagene\/#primaryimage"},"image":{"@id":"https:\/\/vitablanca.ma\/produit\/resultime-kit-mon-programme-regenerant-au-collagene\/#primaryimage"},"thumbnailUrl":"https:\/\/vitablanca.ma\/wp-content\/uploads\/2025\/06\/Resultime-kit-Mon-Programme-Regenerant-Au-Collagene-nova-parapharmacie-casablanca.jpg","datePublished":"2025-06-11T21:23:05+00:00","dateModified":"2025-12-27T14:13:41+00:00","description":"Resultime kit My Collagen Regenerating Program","breadcrumb":{"@id":"https:\/\/vitablanca.ma\/produit\/resultime-kit-mon-programme-regenerant-au-collagene\/#breadcrumb"},"inLanguage":"en-US","potentialAction":[{"@type":"ReadAction","target":["https:\/\/vitablanca.ma\/produit\/resultime-kit-mon-programme-regenerant-au-collagene\/"]}]},{"@type":"ImageObject","inLanguage":"en-US","@id":"https:\/\/vitablanca.ma\/produit\/resultime-kit-mon-programme-regenerant-au-collagene\/#primaryimage","url":"https:\/\/vitablanca.ma\/wp-content\/uploads\/2025\/06\/Resultime-kit-Mon-Programme-Regenerant-Au-Collagene-nova-parapharmacie-casablanca.jpg","contentUrl":"https:\/\/vitablanca.ma\/wp-content\/uploads\/2025\/06\/Resultime-kit-Mon-Programme-Regenerant-Au-Collagene-nova-parapharmacie-casablanca.jpg","width":1000,"height":1000},{"@type":"BreadcrumbList","@id":"https:\/\/vitablanca.ma\/produit\/resultime-kit-mon-programme-regenerant-au-collagene\/#breadcrumb","itemListElement":[{"@type":"ListItem","position":1,"name":"Home","item":"https:\/\/vitablanca.ma\/"},{"@type":"ListItem","position":2,"name":"Tous Les Produits","item":"https:\/\/vitablanca.ma\/tous-les-produits\/"},{"@type":"ListItem","position":3,"name":"Resultime kit Mon Programme R\u00e9g\u00e9n\u00e9rant Au Collag\u00e8ne"}]},{"@type":"WebSite","@id":"https:\/\/vitablanca.ma\/#website","url":"https:\/\/vitablanca.ma\/","name":"VitaBlanca.ma | Food supplements, health &amp; beauty in Morocco","description":"sell premium vitamins and supplements from USA &amp; Canada, New Zealand, Morocco (NOW Foods, Solgar, Manuka). Fast delivery anywhere in Morocco.","publisher":{"@id":"https:\/\/vitablanca.ma\/#organization"},"alternateName":"VitaBlanca.ma","potentialAction":[{"@type":"SearchAction","target":{"@type":"EntryPoint","urlTemplate":"https:\/\/vitablanca.ma\/?s={search_term_string}"},"query-input":{"@type":"PropertyValueSpecification","valueRequired":true,"valueName":"search_term_string"}}],"inLanguage":"en-US"},{"@type":"Organization","@id":"https:\/\/vitablanca.ma\/#organization","name":"VitaBlanca","url":"https:\/\/vitablanca.ma\/","logo":{"@type":"ImageObject","inLanguage":"en-US","@id":"https:\/\/vitablanca.ma\/#\/schema\/logo\/image\/","url":"https:\/\/vitablanca.ma\/wp-content\/uploads\/2025\/05\/cropped-vitablanca.png","contentUrl":"https:\/\/vitablanca.ma\/wp-content\/uploads\/2025\/05\/cropped-vitablanca.png","width":360,"height":67,"caption":"VitaBlanca"},"image":{"@id":"https:\/\/vitablanca.ma\/#\/schema\/logo\/image\/"},"sameAs":["https:\/\/www.facebook.com\/profile.php?id=61576678196717","https:\/\/www.tiktok.com\/@vitablanca.ma","https:\/\/www.instagram.com\/vitablanca.ma\/"]}]}},"jetpack_sharing_enabled":true,"_links":{"self":[{"href":"https:\/\/vitablanca.ma\/en\/wp-json\/wp\/v2\/product\/21477","targetHints":{"allow":["GET"]}}],"collection":[{"href":"https:\/\/vitablanca.ma\/en\/wp-json\/wp\/v2\/product"}],"about":[{"href":"https:\/\/vitablanca.ma\/en\/wp-json\/wp\/v2\/types\/product"}],"wp:featuredmedia":[{"embeddable":true,"href":"https:\/\/vitablanca.ma\/en\/wp-json\/wp\/v2\/media\/21476"}],"wp:attachment":[{"href":"https:\/\/vitablanca.ma\/en\/wp-json\/wp\/v2\/media?parent=21477"}],"wp:term":[{"taxonomy":"product_brand","embeddable":true,"href":"https:\/\/vitablanca.ma\/en\/wp-json\/wp\/v2\/product_brand?post=21477"},{"taxonomy":"product_cat","embeddable":true,"href":"https:\/\/vitablanca.ma\/en\/wp-json\/wp\/v2\/product_cat?post=21477"},{"taxonomy":"product_tag","embeddable":true,"href":"https:\/\/vitablanca.ma\/en\/wp-json\/wp\/v2\/product_tag?post=21477"}],"curies":[{"name":"wp","href":"https:\/\/api.w.org\/{rel}","templated":true}]}}