{"id":21474,"date":"2025-06-11T21:23:01","date_gmt":"2025-06-11T21:23:01","guid":{"rendered":"https:\/\/vitablanca.ma\/product\/resultime-masque-detoxifiant-revitalisant-anti-age-micro-collagene-vectorise-50ml\/"},"modified":"2025-06-11T21:23:01","modified_gmt":"2025-06-11T21:23:01","slug":"resultime-masque-detoxifiant-revitalisant-anti-age-micro-collagene-vectorise-50ml","status":"publish","type":"product","link":"https:\/\/vitablanca.ma\/en\/product\/resultime-masque-detoxifiant-revitalisant-anti-age-micro-collagene-vectorise-50ml\/","title":{"rendered":"Resultime Detoxifying Revitalizing Anti-Aging Mask Vectorized Micro-Collagen 50ml"},"content":{"rendered":"<h2><span data-mce-fragment=\"1\">Resultime Masque D\u00e9toxifiant Revitalisant Anti-\u00c2ge Micro-Collag\u00e8ne Vectoris\u00e9.<\/span><\/h2>\n<p>Masque au charbon actif et sable noir Toutes peaux.<br \/><span data-mce-fragment=\"1\">La peau est d\u00e9toxifi\u00e9e et lib\u00e9r\u00e9e des particules de pollution. Elle est purifi\u00e9e, plus lisse et \u00e9clatante de jeunesse.<\/span><br \/>50ml.<\/p>\n<div class=\"product-group\">\n<div class=\"product-entry\">\n<h3 class=\"product-title-secondary\"><span>B\u00c9N\u00c9FICES<\/span><\/h3>\n<p>Ce<strong><span>\u00a0<\/span>masque anti-\u00e2ge<\/strong><span>\u00a0<\/span>associe le Micro-Collag\u00e8ne Vectoris\u00e9 \u00e0 un Complexe actif d\u00e9toxifiant &amp; antioxydant [charbon actif et polyph\u00e9nols] pour lutter contre les effets de la pollution et du stress oxydatif qui impactent le Capital Collag\u00e8ne. Sa texture gel-en-huile est enrichie en sable noir exfoliant pour retirer les cellules mortes et r\u00e9v\u00e9ler une peau plus lisse et \u00e9clatante de jeunesse<\/p>\n<\/div>\n<\/div>\n<div class=\"product-group\">\n<div class=\"product-entry\">\n<h3 class=\"product-title-secondary\"><span>CONSEILS BEAUT\u00c9<\/span><\/h3>\n<p>Utiliser le masque 2 fois par semaine<\/p>\n<p><strong>1-<span>\u00a0<\/span><\/strong>Appliquer uniform\u00e9ment sur l\u2019ensemble du visage,<\/p>\n<p>en \u00e9vitant le contour des yeux et de la bouche<\/p>\n<p><strong>2-<\/strong><span>\u00a0<\/span>Laisser poser 5 minutes pour capter les impuret\u00e9s<\/p>\n<p><strong>3-<\/strong><span>\u00a0<\/span>Masser 2 minutes par mouvements circulaires de l\u2019int\u00e9rieur vers l\u2019ext\u00e9rieur pour retirer les cellules mortes et les impuret\u00e9s les plus incrust\u00e9es<\/p>\n<p><strong>4-<\/strong><span>\u00a0<\/span>Humidifier l\u00e9g\u00e8rement les doigts pour terminer le massage puis rincer<\/p>\n<\/div>\n<\/div>\n<div class=\"product-group\">\n<div class=\"product-entry\">\n<h3 class=\"product-title-secondary\"><span>FORMULE<\/span><\/h3>\n<p>Micro-Collag\u00e8ne Vectoris\u00e9 &#8211; BREVET*, Complexe actif d\u00e9toxifiant &amp; antioxydant (Charbon et Polyph\u00e9nols), Sable noir.<\/p>\n<\/div>\n<\/div>\n","protected":false},"excerpt":{"rendered":"<p>Resultime Masque D\u00e9toxifiant Revitalisant Anti-\u00c2ge Micro-Collag\u00e8ne Vectoris\u00e9. Masque au charbon actif et sable noir Toutes peaux.La peau est d\u00e9toxifi\u00e9e et lib\u00e9r\u00e9e des particules de pollution. Elle est purifi\u00e9e, plus lisse et \u00e9clatante de jeunesse.50ml. B\u00c9N\u00c9FICES Ce\u00a0masque anti-\u00e2ge\u00a0associe le Micro-Collag\u00e8ne Vectoris\u00e9 \u00e0 un Complexe actif d\u00e9toxifiant &amp; antioxydant [charbon actif et polyph\u00e9nols] pour lutter contre les [&hellip;]<\/p>\n","protected":false},"featured_media":21472,"template":"","meta":{"om_disable_all_campaigns":false},"product_brand":[],"product_cat":[15],"product_tag":[],"class_list":{"0":"post-21474","1":"product","2":"type-product","3":"status-publish","4":"has-post-thumbnail","6":"product_cat-beaute-sante-complements-alimentaires-soins-et-bien-etre-au-meilleur-prix","8":"first","9":"instock","10":"sale","11":"taxable","12":"shipping-taxable","13":"purchasable","14":"product-type-simple"},"yoast_head":"<!-- This site is optimized with the Yoast SEO plugin v27.3 - https:\/\/yoast.com\/product\/yoast-seo-wordpress\/ -->\n<title>Resultime Masque D\u00e9toxifiant Revitalisant Anti-\u00c2ge Micro-Collag\u00e8ne Vectoris\u00e9 50ml - Maroc Prix<\/title>\n<meta name=\"description\" content=\"Resultime Masque D\u00e9toxifiant Revitalisant Anti-\u00c2ge Micro-Collag\u00e8ne Vectoris\u00e9 50ml\" \/>\n<meta name=\"robots\" content=\"index, follow, max-snippet:-1, max-image-preview:large, max-video-preview:-1\" \/>\n<link rel=\"canonical\" href=\"https:\/\/vitablanca.ma\/en\/product\/resultime-masque-detoxifiant-revitalisant-anti-age-micro-collagene-vectorise-50ml\/\" \/>\n<meta property=\"og:locale\" content=\"en_US\" \/>\n<meta property=\"og:type\" content=\"article\" \/>\n<meta property=\"og:title\" content=\"Resultime Masque D\u00e9toxifiant Revitalisant Anti-\u00c2ge Micro-Collag\u00e8ne Vectoris\u00e9 50ml - Maroc Prix\" \/>\n<meta property=\"og:description\" content=\"Resultime Masque D\u00e9toxifiant Revitalisant Anti-\u00c2ge Micro-Collag\u00e8ne Vectoris\u00e9 50ml\" \/>\n<meta property=\"og:url\" content=\"https:\/\/vitablanca.ma\/en\/product\/resultime-masque-detoxifiant-revitalisant-anti-age-micro-collagene-vectorise-50ml\/\" \/>\n<meta property=\"og:site_name\" content=\"Vitablanca.ma &ndash; Sant&eacute;, vitalit&eacute; et bien-&ecirc;tre pour tous les Marocains\" \/>\n<meta property=\"article:publisher\" content=\"https:\/\/www.facebook.com\/profile.php?id=61576678196717\" \/>\n<meta property=\"og:image\" content=\"https:\/\/vitablanca.ma\/wp-content\/uploads\/2025\/06\/Resultime-Masque-Detoxifiant-Revitalisant-Anti-Age-Micro-Collagene-Vectorise-50ml-nova-parapharmacie-casablanca.jpg\" \/>\n\t<meta property=\"og:image:width\" content=\"1000\" \/>\n\t<meta property=\"og:image:height\" content=\"1000\" \/>\n\t<meta property=\"og:image:type\" content=\"image\/jpeg\" \/>\n<meta name=\"twitter:card\" content=\"summary_large_image\" \/>\n<meta name=\"twitter:label1\" content=\"Est. reading time\" \/>\n\t<meta name=\"twitter:data1\" content=\"1 minute\" \/>\n<script type=\"application\/ld+json\" class=\"yoast-schema-graph\">{\"@context\":\"https:\\\/\\\/schema.org\",\"@graph\":[{\"@type\":[\"WebPage\",\"ItemPage\"],\"@id\":\"https:\\\/\\\/vitablanca.ma\\\/produit\\\/resultime-masque-detoxifiant-revitalisant-anti-age-micro-collagene-vectorise-50ml\\\/\",\"url\":\"https:\\\/\\\/vitablanca.ma\\\/produit\\\/resultime-masque-detoxifiant-revitalisant-anti-age-micro-collagene-vectorise-50ml\\\/\",\"name\":\"Resultime Masque D\u00e9toxifiant Revitalisant Anti-\u00c2ge Micro-Collag\u00e8ne Vectoris\u00e9 50ml - Maroc Prix\",\"isPartOf\":{\"@id\":\"https:\\\/\\\/vitablanca.ma\\\/#website\"},\"primaryImageOfPage\":{\"@id\":\"https:\\\/\\\/vitablanca.ma\\\/produit\\\/resultime-masque-detoxifiant-revitalisant-anti-age-micro-collagene-vectorise-50ml\\\/#primaryimage\"},\"image\":{\"@id\":\"https:\\\/\\\/vitablanca.ma\\\/produit\\\/resultime-masque-detoxifiant-revitalisant-anti-age-micro-collagene-vectorise-50ml\\\/#primaryimage\"},\"thumbnailUrl\":\"https:\\\/\\\/vitablanca.ma\\\/wp-content\\\/uploads\\\/2025\\\/06\\\/Resultime-Masque-Detoxifiant-Revitalisant-Anti-Age-Micro-Collagene-Vectorise-50ml-nova-parapharmacie-casablanca.jpg\",\"datePublished\":\"2025-06-11T21:23:01+00:00\",\"description\":\"Resultime Masque D\u00e9toxifiant Revitalisant Anti-\u00c2ge Micro-Collag\u00e8ne Vectoris\u00e9 50ml\",\"breadcrumb\":{\"@id\":\"https:\\\/\\\/vitablanca.ma\\\/produit\\\/resultime-masque-detoxifiant-revitalisant-anti-age-micro-collagene-vectorise-50ml\\\/#breadcrumb\"},\"inLanguage\":\"en-US\",\"potentialAction\":[{\"@type\":\"ReadAction\",\"target\":[\"https:\\\/\\\/vitablanca.ma\\\/produit\\\/resultime-masque-detoxifiant-revitalisant-anti-age-micro-collagene-vectorise-50ml\\\/\"]}]},{\"@type\":\"ImageObject\",\"inLanguage\":\"en-US\",\"@id\":\"https:\\\/\\\/vitablanca.ma\\\/produit\\\/resultime-masque-detoxifiant-revitalisant-anti-age-micro-collagene-vectorise-50ml\\\/#primaryimage\",\"url\":\"https:\\\/\\\/vitablanca.ma\\\/wp-content\\\/uploads\\\/2025\\\/06\\\/Resultime-Masque-Detoxifiant-Revitalisant-Anti-Age-Micro-Collagene-Vectorise-50ml-nova-parapharmacie-casablanca.jpg\",\"contentUrl\":\"https:\\\/\\\/vitablanca.ma\\\/wp-content\\\/uploads\\\/2025\\\/06\\\/Resultime-Masque-Detoxifiant-Revitalisant-Anti-Age-Micro-Collagene-Vectorise-50ml-nova-parapharmacie-casablanca.jpg\",\"width\":1000,\"height\":1000},{\"@type\":\"BreadcrumbList\",\"@id\":\"https:\\\/\\\/vitablanca.ma\\\/produit\\\/resultime-masque-detoxifiant-revitalisant-anti-age-micro-collagene-vectorise-50ml\\\/#breadcrumb\",\"itemListElement\":[{\"@type\":\"ListItem\",\"position\":1,\"name\":\"Home\",\"item\":\"https:\\\/\\\/vitablanca.ma\\\/\"},{\"@type\":\"ListItem\",\"position\":2,\"name\":\"Tous Les Produits\",\"item\":\"https:\\\/\\\/vitablanca.ma\\\/tous-les-produits\\\/\"},{\"@type\":\"ListItem\",\"position\":3,\"name\":\"Resultime Masque D\u00e9toxifiant Revitalisant Anti-\u00c2ge Micro-Collag\u00e8ne Vectoris\u00e9 50ml\"}]},{\"@type\":\"WebSite\",\"@id\":\"https:\\\/\\\/vitablanca.ma\\\/#website\",\"url\":\"https:\\\/\\\/vitablanca.ma\\\/\",\"name\":\"VitaBlanca.ma | Compl\u00e9ments alimentaires, sant\u00e9 & beaut\u00e9 au Maroc\",\"description\":\"vendre vitamines et compl\u00e9ments premium des USA &amp; Canada, Nouvelle Z\u00e9lande,Maroc (NOW Foods, Solgar, Manuka). Livraison rapide partout au Maroc.\",\"publisher\":{\"@id\":\"https:\\\/\\\/vitablanca.ma\\\/#organization\"},\"alternateName\":\"VitaBlanca.ma\",\"potentialAction\":[{\"@type\":\"SearchAction\",\"target\":{\"@type\":\"EntryPoint\",\"urlTemplate\":\"https:\\\/\\\/vitablanca.ma\\\/?s={search_term_string}\"},\"query-input\":{\"@type\":\"PropertyValueSpecification\",\"valueRequired\":true,\"valueName\":\"search_term_string\"}}],\"inLanguage\":\"en-US\"},{\"@type\":\"Organization\",\"@id\":\"https:\\\/\\\/vitablanca.ma\\\/#organization\",\"name\":\"VitaBlanca\",\"url\":\"https:\\\/\\\/vitablanca.ma\\\/\",\"logo\":{\"@type\":\"ImageObject\",\"inLanguage\":\"en-US\",\"@id\":\"https:\\\/\\\/vitablanca.ma\\\/#\\\/schema\\\/logo\\\/image\\\/\",\"url\":\"https:\\\/\\\/vitablanca.ma\\\/wp-content\\\/uploads\\\/2025\\\/05\\\/cropped-vitablanca.png\",\"contentUrl\":\"https:\\\/\\\/vitablanca.ma\\\/wp-content\\\/uploads\\\/2025\\\/05\\\/cropped-vitablanca.png\",\"width\":360,\"height\":67,\"caption\":\"VitaBlanca\"},\"image\":{\"@id\":\"https:\\\/\\\/vitablanca.ma\\\/#\\\/schema\\\/logo\\\/image\\\/\"},\"sameAs\":[\"https:\\\/\\\/www.facebook.com\\\/profile.php?id=61576678196717\",\"https:\\\/\\\/www.tiktok.com\\\/@vitablanca.ma\",\"https:\\\/\\\/www.instagram.com\\\/vitablanca.ma\\\/\"]}]}<\/script>\n<!-- \/ Yoast SEO plugin. -->","yoast_head_json":{"title":"Resultime Detoxifying Revitalizing Anti-Aging Mask Vectorized Micro-Collagen 50ml - Morocco Price","description":"Resultime Detoxifying Revitalizing Anti-Aging Mask Vectorized Micro-Collagen 50ml","robots":{"index":"index","follow":"follow","max-snippet":"max-snippet:-1","max-image-preview":"max-image-preview:large","max-video-preview":"max-video-preview:-1"},"canonical":"https:\/\/vitablanca.ma\/en\/product\/resultime-masque-detoxifiant-revitalisant-anti-age-micro-collagene-vectorise-50ml\/","og_locale":"en_US","og_type":"article","og_title":"Resultime Masque D\u00e9toxifiant Revitalisant Anti-\u00c2ge Micro-Collag\u00e8ne Vectoris\u00e9 50ml - Maroc Prix","og_description":"Resultime Masque D\u00e9toxifiant Revitalisant Anti-\u00c2ge Micro-Collag\u00e8ne Vectoris\u00e9 50ml","og_url":"https:\/\/vitablanca.ma\/en\/product\/resultime-masque-detoxifiant-revitalisant-anti-age-micro-collagene-vectorise-50ml\/","og_site_name":"Vitablanca.ma &ndash; Sant&eacute;, vitalit&eacute; et bien-&ecirc;tre pour tous les Marocains","article_publisher":"https:\/\/www.facebook.com\/profile.php?id=61576678196717","og_image":[{"width":1000,"height":1000,"url":"https:\/\/vitablanca.ma\/wp-content\/uploads\/2025\/06\/Resultime-Masque-Detoxifiant-Revitalisant-Anti-Age-Micro-Collagene-Vectorise-50ml-nova-parapharmacie-casablanca.jpg","type":"image\/jpeg"}],"twitter_card":"summary_large_image","twitter_misc":{"Est. reading time":"1 minute"},"schema":{"@context":"https:\/\/schema.org","@graph":[{"@type":["WebPage","ItemPage"],"@id":"https:\/\/vitablanca.ma\/produit\/resultime-masque-detoxifiant-revitalisant-anti-age-micro-collagene-vectorise-50ml\/","url":"https:\/\/vitablanca.ma\/produit\/resultime-masque-detoxifiant-revitalisant-anti-age-micro-collagene-vectorise-50ml\/","name":"Resultime Detoxifying Revitalizing Anti-Aging Mask Vectorized Micro-Collagen 50ml - Morocco Price","isPartOf":{"@id":"https:\/\/vitablanca.ma\/#website"},"primaryImageOfPage":{"@id":"https:\/\/vitablanca.ma\/produit\/resultime-masque-detoxifiant-revitalisant-anti-age-micro-collagene-vectorise-50ml\/#primaryimage"},"image":{"@id":"https:\/\/vitablanca.ma\/produit\/resultime-masque-detoxifiant-revitalisant-anti-age-micro-collagene-vectorise-50ml\/#primaryimage"},"thumbnailUrl":"https:\/\/vitablanca.ma\/wp-content\/uploads\/2025\/06\/Resultime-Masque-Detoxifiant-Revitalisant-Anti-Age-Micro-Collagene-Vectorise-50ml-nova-parapharmacie-casablanca.jpg","datePublished":"2025-06-11T21:23:01+00:00","description":"Resultime Detoxifying Revitalizing Anti-Aging Mask Vectorized Micro-Collagen 50ml","breadcrumb":{"@id":"https:\/\/vitablanca.ma\/produit\/resultime-masque-detoxifiant-revitalisant-anti-age-micro-collagene-vectorise-50ml\/#breadcrumb"},"inLanguage":"en-US","potentialAction":[{"@type":"ReadAction","target":["https:\/\/vitablanca.ma\/produit\/resultime-masque-detoxifiant-revitalisant-anti-age-micro-collagene-vectorise-50ml\/"]}]},{"@type":"ImageObject","inLanguage":"en-US","@id":"https:\/\/vitablanca.ma\/produit\/resultime-masque-detoxifiant-revitalisant-anti-age-micro-collagene-vectorise-50ml\/#primaryimage","url":"https:\/\/vitablanca.ma\/wp-content\/uploads\/2025\/06\/Resultime-Masque-Detoxifiant-Revitalisant-Anti-Age-Micro-Collagene-Vectorise-50ml-nova-parapharmacie-casablanca.jpg","contentUrl":"https:\/\/vitablanca.ma\/wp-content\/uploads\/2025\/06\/Resultime-Masque-Detoxifiant-Revitalisant-Anti-Age-Micro-Collagene-Vectorise-50ml-nova-parapharmacie-casablanca.jpg","width":1000,"height":1000},{"@type":"BreadcrumbList","@id":"https:\/\/vitablanca.ma\/produit\/resultime-masque-detoxifiant-revitalisant-anti-age-micro-collagene-vectorise-50ml\/#breadcrumb","itemListElement":[{"@type":"ListItem","position":1,"name":"Home","item":"https:\/\/vitablanca.ma\/"},{"@type":"ListItem","position":2,"name":"Tous Les Produits","item":"https:\/\/vitablanca.ma\/tous-les-produits\/"},{"@type":"ListItem","position":3,"name":"Resultime Masque D\u00e9toxifiant Revitalisant Anti-\u00c2ge Micro-Collag\u00e8ne Vectoris\u00e9 50ml"}]},{"@type":"WebSite","@id":"https:\/\/vitablanca.ma\/#website","url":"https:\/\/vitablanca.ma\/","name":"VitaBlanca.ma | Food supplements, health &amp; beauty in Morocco","description":"sell premium vitamins and supplements from USA &amp; Canada, New Zealand, Morocco (NOW Foods, Solgar, Manuka). Fast delivery anywhere in Morocco.","publisher":{"@id":"https:\/\/vitablanca.ma\/#organization"},"alternateName":"VitaBlanca.ma","potentialAction":[{"@type":"SearchAction","target":{"@type":"EntryPoint","urlTemplate":"https:\/\/vitablanca.ma\/?s={search_term_string}"},"query-input":{"@type":"PropertyValueSpecification","valueRequired":true,"valueName":"search_term_string"}}],"inLanguage":"en-US"},{"@type":"Organization","@id":"https:\/\/vitablanca.ma\/#organization","name":"VitaBlanca","url":"https:\/\/vitablanca.ma\/","logo":{"@type":"ImageObject","inLanguage":"en-US","@id":"https:\/\/vitablanca.ma\/#\/schema\/logo\/image\/","url":"https:\/\/vitablanca.ma\/wp-content\/uploads\/2025\/05\/cropped-vitablanca.png","contentUrl":"https:\/\/vitablanca.ma\/wp-content\/uploads\/2025\/05\/cropped-vitablanca.png","width":360,"height":67,"caption":"VitaBlanca"},"image":{"@id":"https:\/\/vitablanca.ma\/#\/schema\/logo\/image\/"},"sameAs":["https:\/\/www.facebook.com\/profile.php?id=61576678196717","https:\/\/www.tiktok.com\/@vitablanca.ma","https:\/\/www.instagram.com\/vitablanca.ma\/"]}]}},"jetpack_sharing_enabled":true,"_links":{"self":[{"href":"https:\/\/vitablanca.ma\/en\/wp-json\/wp\/v2\/product\/21474","targetHints":{"allow":["GET"]}}],"collection":[{"href":"https:\/\/vitablanca.ma\/en\/wp-json\/wp\/v2\/product"}],"about":[{"href":"https:\/\/vitablanca.ma\/en\/wp-json\/wp\/v2\/types\/product"}],"wp:featuredmedia":[{"embeddable":true,"href":"https:\/\/vitablanca.ma\/en\/wp-json\/wp\/v2\/media\/21472"}],"wp:attachment":[{"href":"https:\/\/vitablanca.ma\/en\/wp-json\/wp\/v2\/media?parent=21474"}],"wp:term":[{"taxonomy":"product_brand","embeddable":true,"href":"https:\/\/vitablanca.ma\/en\/wp-json\/wp\/v2\/product_brand?post=21474"},{"taxonomy":"product_cat","embeddable":true,"href":"https:\/\/vitablanca.ma\/en\/wp-json\/wp\/v2\/product_cat?post=21474"},{"taxonomy":"product_tag","embeddable":true,"href":"https:\/\/vitablanca.ma\/en\/wp-json\/wp\/v2\/product_tag?post=21474"}],"curies":[{"name":"wp","href":"https:\/\/api.w.org\/{rel}","templated":true}]}}