{"id":21422,"date":"2025-06-11T21:21:13","date_gmt":"2025-06-11T21:21:13","guid":{"rendered":"https:\/\/vitablanca.ma\/product\/puressentiel-lotion-traitante-anti-poux-avec-peigne-100ml\/"},"modified":"2026-03-02T22:17:18","modified_gmt":"2026-03-02T22:17:18","slug":"puressentiel-lotion-traitante-anti-poux-avec-peigne-100ml","status":"publish","type":"product","link":"https:\/\/vitablanca.ma\/en\/product\/puressentiel-lotion-traitante-anti-poux-avec-peigne-100ml\/","title":{"rendered":"Puressentiel Anti-Lice Treatment Lotion with comb 100ml"},"content":{"rendered":"<h2>Puressentiel Anti-Lice Treatment Lotion with comb\u00a0<span data-mce-fragment=\"1\">natural without neurotoxic insecticide\u00a0<\/span><\/h2>\n<p>Active from 10 minutes(1), the\u00a0<strong>anti-lice treatment lotion<\/strong>\u00a0is effective from the first application.<br \/>\nIts natural 100% formula, free from neurotoxic insecticides, combines a complex of plant oils that suffocate lice, larvae and nits, and essential oils with soothing and antiseptic properties, ideal for calming itchy scalps.<br \/>\nEasy and practical to use thanks to its bottle with applicator and its steel lice comb, this anti-lice lotion leaves hair silky and shiny while enveloping it in a fresh and pleasant fragrance.<\/p>\n<p>Silicone-free \u2013 Preservative-free \u2013 Synthetic fragrance-free \u2013 Propellant-free<\/p>\n<p>(1) Puressentiel studies, independent parasitology laboratory.<\/p>\n<h3>Advice<\/h3>\n<p><strong>How to use Anti-Lice Lotion with comb?<\/strong><\/p>\n<p>Read the instructions carefully before use.<br \/>\nStart by generously applying this line by line\u00a0<strong>Anti-lice product<\/strong>\u00a0on dry hair to obtain complete coverage.<br \/>\nLeave on for 10 minutes, then wash your hair with our natural shampoo or your usual shampoo. Carefully comb through to remove nits, larvae, and dead lice. A second application is necessary 3 days later.<\/p>\n<p>Quantity required for application:<br \/>\n\u2013 Long hair: 1 bottle = 1 person.<br \/>\n\u2013 Mid-length to short hair: 100 ml = 2 to 3 people.<\/p>\n<p>This medical device is a regulated health product which, under this regulation, bears the CE marking. Read the instructions before use.<br \/>\nPour \u00e9viter une r\u00e9infestation, nous vous recommandons d\u2019utiliser notre\u00a0spray r\u00e9pulsif contre les poux.<br \/>\nSee the instructions for use.<\/p>\n<h3>Precautions for use<\/h3>\n<p>Store this anti-lice product at room temperature (&gt;15\u00b0C).<br \/>\nIf the product becomes solid (natural and normal phenomenon), pass the product under hot water.<br \/>\nDo not use in children under 3 years old, in pregnant or breastfeeding women, or in case of allergy to any of the ingredients.<br \/>\nAvoid contact with eyes and mucous membranes. In case of contact with eyes, rinse thoroughly with clean water and then with vegetable oil.<br \/>\nFor external use. Do not swallow. Keep out of reach of children. Store away from light and heat. Risk of slipping if product is splashed onto a smooth surface.<br \/>\nThis medical device is a regulated health product which, under this regulation, bears the CE marking. Read the instructions before use.<\/p>","protected":false},"excerpt":{"rendered":"<p>Puressentiel Lotion Traitante Anti-Poux avec peigne\u00a0naturelle sans insecticide neurotoxique\u00a0 Actif d\u00e8s 10 minutes(1), la\u00a0lotion traitante anti-poux\u00a0est efficace d\u00e8s la 1\u00e8re application. Sa formule 100% naturelle sans insecticide neurotoxique associe un complexe d\u2019Huiles V\u00e9g\u00e9tales asphyxiant poux, larves et lentes et des huiles essentielles, aux vertus apaisantes et antiseptiques, id\u00e9ales pour calmer les d\u00e9mangeaisons du cuir chevelu. [&hellip;]<\/p>\n","protected":false},"featured_media":21418,"template":"","meta":{"om_disable_all_campaigns":false},"product_brand":[],"product_cat":[15],"product_tag":[],"class_list":{"0":"post-21422","1":"product","2":"type-product","3":"status-publish","4":"has-post-thumbnail","6":"product_cat-beaute-sante-complements-alimentaires-soins-et-bien-etre-au-meilleur-prix","8":"first","9":"outofstock","10":"sale","11":"taxable","12":"shipping-taxable","13":"purchasable","14":"product-type-simple"},"yoast_head":"<!-- This site is optimized with the Yoast SEO plugin v27.4 - https:\/\/yoast.com\/product\/yoast-seo-wordpress\/ -->\n<title>Puressentiel Lotion Traitante Anti-Poux avec peigne 100ml - Maroc Prix<\/title>\n<meta name=\"description\" content=\"Puressentiel Lotion Traitante Anti-Poux avec peigne 100ml\" \/>\n<meta name=\"robots\" content=\"index, follow, max-snippet:-1, max-image-preview:large, max-video-preview:-1\" \/>\n<link rel=\"canonical\" href=\"https:\/\/vitablanca.ma\/en\/product\/puressentiel-lotion-traitante-anti-poux-avec-peigne-100ml\/\" \/>\n<meta property=\"og:locale\" content=\"en_US\" \/>\n<meta property=\"og:type\" content=\"article\" \/>\n<meta property=\"og:title\" content=\"Puressentiel Lotion Traitante Anti-Poux avec peigne 100ml - Maroc Prix\" \/>\n<meta property=\"og:description\" content=\"Puressentiel Lotion Traitante Anti-Poux avec peigne 100ml\" \/>\n<meta property=\"og:url\" content=\"https:\/\/vitablanca.ma\/en\/product\/puressentiel-lotion-traitante-anti-poux-avec-peigne-100ml\/\" \/>\n<meta property=\"og:site_name\" content=\"Vitablanca.ma &ndash; Sant&eacute;, vitalit&eacute; et bien-&ecirc;tre pour tous les Marocains\" \/>\n<meta property=\"article:publisher\" content=\"https:\/\/www.facebook.com\/profile.php?id=61576678196717\" \/>\n<meta property=\"article:modified_time\" content=\"2026-03-02T22:17:18+00:00\" \/>\n<meta property=\"og:image\" content=\"https:\/\/vitablanca.ma\/wp-content\/uploads\/2025\/06\/Puressentiel-Lotion-Traitante-Anti-Poux-avec-peigne-100ml-nova-parapharmacie-maroc.png\" \/>\n\t<meta property=\"og:image:width\" content=\"1000\" \/>\n\t<meta property=\"og:image:height\" content=\"1000\" \/>\n\t<meta property=\"og:image:type\" content=\"image\/png\" \/>\n<meta name=\"twitter:card\" content=\"summary_large_image\" \/>\n<meta name=\"twitter:label1\" content=\"Est. reading time\" \/>\n\t<meta name=\"twitter:data1\" content=\"3 minutes\" \/>\n<script type=\"application\/ld+json\" class=\"yoast-schema-graph\">{\"@context\":\"https:\\\/\\\/schema.org\",\"@graph\":[{\"@type\":[\"WebPage\",\"ItemPage\"],\"@id\":\"https:\\\/\\\/vitablanca.ma\\\/produit\\\/puressentiel-lotion-traitante-anti-poux-avec-peigne-100ml\\\/\",\"url\":\"https:\\\/\\\/vitablanca.ma\\\/produit\\\/puressentiel-lotion-traitante-anti-poux-avec-peigne-100ml\\\/\",\"name\":\"Puressentiel Lotion Traitante Anti-Poux avec peigne 100ml - Maroc Prix\",\"isPartOf\":{\"@id\":\"https:\\\/\\\/vitablanca.ma\\\/#website\"},\"primaryImageOfPage\":{\"@id\":\"https:\\\/\\\/vitablanca.ma\\\/produit\\\/puressentiel-lotion-traitante-anti-poux-avec-peigne-100ml\\\/#primaryimage\"},\"image\":{\"@id\":\"https:\\\/\\\/vitablanca.ma\\\/produit\\\/puressentiel-lotion-traitante-anti-poux-avec-peigne-100ml\\\/#primaryimage\"},\"thumbnailUrl\":\"https:\\\/\\\/vitablanca.ma\\\/wp-content\\\/uploads\\\/2025\\\/06\\\/Puressentiel-Lotion-Traitante-Anti-Poux-avec-peigne-100ml-nova-parapharmacie-maroc.png\",\"datePublished\":\"2025-06-11T21:21:13+00:00\",\"dateModified\":\"2026-03-02T22:17:18+00:00\",\"description\":\"Puressentiel Lotion Traitante Anti-Poux avec peigne 100ml\",\"breadcrumb\":{\"@id\":\"https:\\\/\\\/vitablanca.ma\\\/produit\\\/puressentiel-lotion-traitante-anti-poux-avec-peigne-100ml\\\/#breadcrumb\"},\"inLanguage\":\"en-US\",\"potentialAction\":[{\"@type\":\"ReadAction\",\"target\":[\"https:\\\/\\\/vitablanca.ma\\\/produit\\\/puressentiel-lotion-traitante-anti-poux-avec-peigne-100ml\\\/\"]}]},{\"@type\":\"ImageObject\",\"inLanguage\":\"en-US\",\"@id\":\"https:\\\/\\\/vitablanca.ma\\\/produit\\\/puressentiel-lotion-traitante-anti-poux-avec-peigne-100ml\\\/#primaryimage\",\"url\":\"https:\\\/\\\/vitablanca.ma\\\/wp-content\\\/uploads\\\/2025\\\/06\\\/Puressentiel-Lotion-Traitante-Anti-Poux-avec-peigne-100ml-nova-parapharmacie-maroc.png\",\"contentUrl\":\"https:\\\/\\\/vitablanca.ma\\\/wp-content\\\/uploads\\\/2025\\\/06\\\/Puressentiel-Lotion-Traitante-Anti-Poux-avec-peigne-100ml-nova-parapharmacie-maroc.png\",\"width\":1000,\"height\":1000},{\"@type\":\"BreadcrumbList\",\"@id\":\"https:\\\/\\\/vitablanca.ma\\\/produit\\\/puressentiel-lotion-traitante-anti-poux-avec-peigne-100ml\\\/#breadcrumb\",\"itemListElement\":[{\"@type\":\"ListItem\",\"position\":1,\"name\":\"Home\",\"item\":\"https:\\\/\\\/vitablanca.ma\\\/\"},{\"@type\":\"ListItem\",\"position\":2,\"name\":\"Tous Les Produits\",\"item\":\"https:\\\/\\\/vitablanca.ma\\\/tous-les-produits\\\/\"},{\"@type\":\"ListItem\",\"position\":3,\"name\":\"Puressentiel Lotion Traitante Anti-Poux avec peigne 100ml\"}]},{\"@type\":\"WebSite\",\"@id\":\"https:\\\/\\\/vitablanca.ma\\\/#website\",\"url\":\"https:\\\/\\\/vitablanca.ma\\\/\",\"name\":\"VitaBlanca.ma | Compl\u00e9ments alimentaires, sant\u00e9 & beaut\u00e9 au Maroc\",\"description\":\"vendre vitamines et compl\u00e9ments premium des USA &amp; Canada, Nouvelle Z\u00e9lande,Maroc (NOW Foods, Solgar, Manuka). Livraison rapide partout au Maroc.\",\"publisher\":{\"@id\":\"https:\\\/\\\/vitablanca.ma\\\/#organization\"},\"alternateName\":\"VitaBlanca.ma\",\"potentialAction\":[{\"@type\":\"SearchAction\",\"target\":{\"@type\":\"EntryPoint\",\"urlTemplate\":\"https:\\\/\\\/vitablanca.ma\\\/?s={search_term_string}\"},\"query-input\":{\"@type\":\"PropertyValueSpecification\",\"valueRequired\":true,\"valueName\":\"search_term_string\"}}],\"inLanguage\":\"en-US\"},{\"@type\":\"Organization\",\"@id\":\"https:\\\/\\\/vitablanca.ma\\\/#organization\",\"name\":\"VitaBlanca\",\"url\":\"https:\\\/\\\/vitablanca.ma\\\/\",\"logo\":{\"@type\":\"ImageObject\",\"inLanguage\":\"en-US\",\"@id\":\"https:\\\/\\\/vitablanca.ma\\\/#\\\/schema\\\/logo\\\/image\\\/\",\"url\":\"https:\\\/\\\/vitablanca.ma\\\/wp-content\\\/uploads\\\/2025\\\/05\\\/cropped-vitablanca.png\",\"contentUrl\":\"https:\\\/\\\/vitablanca.ma\\\/wp-content\\\/uploads\\\/2025\\\/05\\\/cropped-vitablanca.png\",\"width\":360,\"height\":67,\"caption\":\"VitaBlanca\"},\"image\":{\"@id\":\"https:\\\/\\\/vitablanca.ma\\\/#\\\/schema\\\/logo\\\/image\\\/\"},\"sameAs\":[\"https:\\\/\\\/www.facebook.com\\\/profile.php?id=61576678196717\",\"https:\\\/\\\/www.tiktok.com\\\/@vitablanca.ma\",\"https:\\\/\\\/www.instagram.com\\\/vitablanca.ma\\\/\"]}]}<\/script>\n<!-- \/ Yoast SEO plugin. -->","yoast_head_json":{"title":"Puressentiel Anti-Lice Treatment Lotion with comb 100ml - Morocco Price","description":"Puressentiel Anti-Lice Treatment Lotion with comb 100ml","robots":{"index":"index","follow":"follow","max-snippet":"max-snippet:-1","max-image-preview":"max-image-preview:large","max-video-preview":"max-video-preview:-1"},"canonical":"https:\/\/vitablanca.ma\/en\/product\/puressentiel-lotion-traitante-anti-poux-avec-peigne-100ml\/","og_locale":"en_US","og_type":"article","og_title":"Puressentiel Lotion Traitante Anti-Poux avec peigne 100ml - Maroc Prix","og_description":"Puressentiel Lotion Traitante Anti-Poux avec peigne 100ml","og_url":"https:\/\/vitablanca.ma\/en\/product\/puressentiel-lotion-traitante-anti-poux-avec-peigne-100ml\/","og_site_name":"Vitablanca.ma &ndash; Sant&eacute;, vitalit&eacute; et bien-&ecirc;tre pour tous les Marocains","article_publisher":"https:\/\/www.facebook.com\/profile.php?id=61576678196717","article_modified_time":"2026-03-02T22:17:18+00:00","og_image":[{"width":1000,"height":1000,"url":"https:\/\/vitablanca.ma\/wp-content\/uploads\/2025\/06\/Puressentiel-Lotion-Traitante-Anti-Poux-avec-peigne-100ml-nova-parapharmacie-maroc.png","type":"image\/png"}],"twitter_card":"summary_large_image","twitter_misc":{"Est. reading time":"3 minutes"},"schema":{"@context":"https:\/\/schema.org","@graph":[{"@type":["WebPage","ItemPage"],"@id":"https:\/\/vitablanca.ma\/produit\/puressentiel-lotion-traitante-anti-poux-avec-peigne-100ml\/","url":"https:\/\/vitablanca.ma\/produit\/puressentiel-lotion-traitante-anti-poux-avec-peigne-100ml\/","name":"Puressentiel Anti-Lice Treatment Lotion with comb 100ml - Morocco Price","isPartOf":{"@id":"https:\/\/vitablanca.ma\/#website"},"primaryImageOfPage":{"@id":"https:\/\/vitablanca.ma\/produit\/puressentiel-lotion-traitante-anti-poux-avec-peigne-100ml\/#primaryimage"},"image":{"@id":"https:\/\/vitablanca.ma\/produit\/puressentiel-lotion-traitante-anti-poux-avec-peigne-100ml\/#primaryimage"},"thumbnailUrl":"https:\/\/vitablanca.ma\/wp-content\/uploads\/2025\/06\/Puressentiel-Lotion-Traitante-Anti-Poux-avec-peigne-100ml-nova-parapharmacie-maroc.png","datePublished":"2025-06-11T21:21:13+00:00","dateModified":"2026-03-02T22:17:18+00:00","description":"Puressentiel Anti-Lice Treatment Lotion with comb 100ml","breadcrumb":{"@id":"https:\/\/vitablanca.ma\/produit\/puressentiel-lotion-traitante-anti-poux-avec-peigne-100ml\/#breadcrumb"},"inLanguage":"en-US","potentialAction":[{"@type":"ReadAction","target":["https:\/\/vitablanca.ma\/produit\/puressentiel-lotion-traitante-anti-poux-avec-peigne-100ml\/"]}]},{"@type":"ImageObject","inLanguage":"en-US","@id":"https:\/\/vitablanca.ma\/produit\/puressentiel-lotion-traitante-anti-poux-avec-peigne-100ml\/#primaryimage","url":"https:\/\/vitablanca.ma\/wp-content\/uploads\/2025\/06\/Puressentiel-Lotion-Traitante-Anti-Poux-avec-peigne-100ml-nova-parapharmacie-maroc.png","contentUrl":"https:\/\/vitablanca.ma\/wp-content\/uploads\/2025\/06\/Puressentiel-Lotion-Traitante-Anti-Poux-avec-peigne-100ml-nova-parapharmacie-maroc.png","width":1000,"height":1000},{"@type":"BreadcrumbList","@id":"https:\/\/vitablanca.ma\/produit\/puressentiel-lotion-traitante-anti-poux-avec-peigne-100ml\/#breadcrumb","itemListElement":[{"@type":"ListItem","position":1,"name":"Home","item":"https:\/\/vitablanca.ma\/"},{"@type":"ListItem","position":2,"name":"Tous Les Produits","item":"https:\/\/vitablanca.ma\/tous-les-produits\/"},{"@type":"ListItem","position":3,"name":"Puressentiel Lotion Traitante Anti-Poux avec peigne 100ml"}]},{"@type":"WebSite","@id":"https:\/\/vitablanca.ma\/#website","url":"https:\/\/vitablanca.ma\/","name":"VitaBlanca.ma | Food supplements, health &amp; beauty in Morocco","description":"sell premium vitamins and supplements from USA &amp; Canada, New Zealand, Morocco (NOW Foods, Solgar, Manuka). Fast delivery anywhere in Morocco.","publisher":{"@id":"https:\/\/vitablanca.ma\/#organization"},"alternateName":"VitaBlanca.ma","potentialAction":[{"@type":"SearchAction","target":{"@type":"EntryPoint","urlTemplate":"https:\/\/vitablanca.ma\/?s={search_term_string}"},"query-input":{"@type":"PropertyValueSpecification","valueRequired":true,"valueName":"search_term_string"}}],"inLanguage":"en-US"},{"@type":"Organization","@id":"https:\/\/vitablanca.ma\/#organization","name":"VitaBlanca","url":"https:\/\/vitablanca.ma\/","logo":{"@type":"ImageObject","inLanguage":"en-US","@id":"https:\/\/vitablanca.ma\/#\/schema\/logo\/image\/","url":"https:\/\/vitablanca.ma\/wp-content\/uploads\/2025\/05\/cropped-vitablanca.png","contentUrl":"https:\/\/vitablanca.ma\/wp-content\/uploads\/2025\/05\/cropped-vitablanca.png","width":360,"height":67,"caption":"VitaBlanca"},"image":{"@id":"https:\/\/vitablanca.ma\/#\/schema\/logo\/image\/"},"sameAs":["https:\/\/www.facebook.com\/profile.php?id=61576678196717","https:\/\/www.tiktok.com\/@vitablanca.ma","https:\/\/www.instagram.com\/vitablanca.ma\/"]}]}},"jetpack_sharing_enabled":true,"_links":{"self":[{"href":"https:\/\/vitablanca.ma\/en\/wp-json\/wp\/v2\/product\/21422","targetHints":{"allow":["GET"]}}],"collection":[{"href":"https:\/\/vitablanca.ma\/en\/wp-json\/wp\/v2\/product"}],"about":[{"href":"https:\/\/vitablanca.ma\/en\/wp-json\/wp\/v2\/types\/product"}],"wp:featuredmedia":[{"embeddable":true,"href":"https:\/\/vitablanca.ma\/en\/wp-json\/wp\/v2\/media\/21418"}],"wp:attachment":[{"href":"https:\/\/vitablanca.ma\/en\/wp-json\/wp\/v2\/media?parent=21422"}],"wp:term":[{"taxonomy":"product_brand","embeddable":true,"href":"https:\/\/vitablanca.ma\/en\/wp-json\/wp\/v2\/product_brand?post=21422"},{"taxonomy":"product_cat","embeddable":true,"href":"https:\/\/vitablanca.ma\/en\/wp-json\/wp\/v2\/product_cat?post=21422"},{"taxonomy":"product_tag","embeddable":true,"href":"https:\/\/vitablanca.ma\/en\/wp-json\/wp\/v2\/product_tag?post=21422"}],"curies":[{"name":"wp","href":"https:\/\/api.w.org\/{rel}","templated":true}]}}