{"id":21335,"date":"2025-06-11T21:19:38","date_gmt":"2025-06-11T21:19:38","guid":{"rendered":"https:\/\/vitablanca.ma\/product\/placentor-lait-demaquillant-250ml\/"},"modified":"2025-06-11T21:19:38","modified_gmt":"2025-06-11T21:19:38","slug":"placentor-lait-demaquillant-250ml","status":"publish","type":"product","link":"https:\/\/vitablanca.ma\/en\/product\/placentor-lait-demaquillant-250ml\/","title":{"rendered":"Placentor Cleansing Milk 250ml"},"content":{"rendered":"<div data-mce-fragment=\"1\" class=\"col_prod_left\">\n<h2 data-mce-fragment=\"1\">Placentor Cleansing Milk All skin types<\/h2>\n<div data-mce-fragment=\"1\" class=\"col_prod_right\">FACIAL CLEANSERS\/MAKE-UP REMOVERS\n<\/div>\n<p data-mce-fragment=\"1\">\u00a0<\/p>\n<\/div>\n<div data-mce-fragment=\"1\" class=\"clear\">\n<div id=\"tabs-1\" class=\"make_transist hidescale showscale\">\n<p>The 2-in-1 Cleansing Milk gently cleanses and removes makeup from the face and eyes. Suitable for all skin types, even the most delicate.<\/p>\n<\/div>\n<\/div>\n<div data-mce-fragment=\"1\" class=\"produit-rating\">\n<h3 data-mce-fragment=\"1\" class=\"imgrating star-5\">RESULTS\u00a0<\/h3>\n<div id=\"tabs-2\" class=\"hidescale make_transist showscale\">\n<p>Cleansing milk rids the skin of impurities and traces of makeup.<br \/>The skin is supple and soft<\/p>\n<h3>Instructions for use<\/h3>\n<\/div>\n<div id=\"tabs\">\n<div id=\"tabs_container\" class=\"transition\">\n<div id=\"tabs-5\" class=\"hidescale make_transist showscale\">\n<ul>\n<li>Apply the Cleansing Milk morning and\/or evening to the face and eyes using a cotton pad.<\/li>\n<li>Then apply the Toning Lotion in addition.<\/li>\n<\/ul>\n<\/div>\n<\/div>\n<\/div>\n<h3 class=\"hidescale make_transist\">INGREDIENTS\u00a0<\/h3>\n<p><span>Aqua, Caprylic\/capric triglyceride**, PEG-6 stearate, Prunus armeniaca kernel oil**, Ceteth-20, Phenoxyethanol, Cetyl alcohol**, Glyceryl stearate, Steareth-20, Carbomer, Parfum, Sodium dehydroacetate, Arachis hypogaea oil**, Ethylhexylglycerin, Sodium hydroxide, Benzyl salicylate, Hexyl cinnamal, Linalool, Limonene, Hydroxyisohexyl 3-cyclohexene carboxaldehyde, Amyl cinnamal, Butylphenyl methylpropional, Cinnamyl alcohol, Eugenol, BHA, BHT, Citric acid, Propyl gallate<\/span><\/p>\n<\/div>","protected":false},"excerpt":{"rendered":"<p>Placentor Lait d\u00e9maquillant Tous types de peau NETTOYANTS\/D\u00c9MAQUILLANTS VISAGE \u00a0 Le Lait d\u00e9maquillant, 2en1, nettoie et d\u00e9maquille le visage et les yeux en douceur. Convient \u00e0 toutes les peaux, m\u00eame les plus d\u00e9licates. R\u00c9SULTATS\u00a0 Le Lait d\u00e9maquillant d\u00e9barrasse l\u2019\u00e9piderme des impuret\u00e9s et des traces de maquillage.La peau est souple et douce Mode D&#8217;emploi Appliquer le [&hellip;]<\/p>\n","protected":false},"featured_media":21334,"template":"","meta":{"om_disable_all_campaigns":false},"product_brand":[],"product_cat":[15],"product_tag":[],"class_list":{"0":"post-21335","1":"product","2":"type-product","3":"status-publish","4":"has-post-thumbnail","6":"product_cat-beaute-sante-complements-alimentaires-soins-et-bien-etre-au-meilleur-prix","8":"first","9":"instock","10":"sale","11":"taxable","12":"shipping-taxable","13":"purchasable","14":"product-type-simple"},"yoast_head":"<!-- This site is optimized with the Yoast SEO plugin v27.3 - https:\/\/yoast.com\/product\/yoast-seo-wordpress\/ -->\n<title>Placentor Lait d\u00e9maquillant 250ml - Maroc Prix<\/title>\n<meta name=\"description\" content=\"Placentor Lait d\u00e9maquillant 250ml\" \/>\n<meta name=\"robots\" content=\"index, follow, max-snippet:-1, max-image-preview:large, max-video-preview:-1\" \/>\n<link rel=\"canonical\" href=\"https:\/\/vitablanca.ma\/en\/product\/placentor-lait-demaquillant-250ml\/\" \/>\n<meta property=\"og:locale\" content=\"en_US\" \/>\n<meta property=\"og:type\" content=\"article\" \/>\n<meta property=\"og:title\" content=\"Placentor Lait d\u00e9maquillant 250ml - Maroc Prix\" \/>\n<meta property=\"og:description\" content=\"Placentor Lait d\u00e9maquillant 250ml\" \/>\n<meta property=\"og:url\" content=\"https:\/\/vitablanca.ma\/en\/product\/placentor-lait-demaquillant-250ml\/\" \/>\n<meta property=\"og:site_name\" content=\"Vitablanca.ma &ndash; Sant&eacute;, vitalit&eacute; et bien-&ecirc;tre pour tous les Marocains\" \/>\n<meta property=\"article:publisher\" content=\"https:\/\/www.facebook.com\/profile.php?id=61576678196717\" \/>\n<meta property=\"og:image\" content=\"https:\/\/vitablanca.ma\/wp-content\/uploads\/2025\/06\/Placentor-Lait-demaquillant-250ml-nova-parapharmacie-maroc.jpg\" \/>\n\t<meta property=\"og:image:width\" content=\"1000\" \/>\n\t<meta property=\"og:image:height\" content=\"1000\" \/>\n\t<meta property=\"og:image:type\" content=\"image\/jpeg\" \/>\n<meta name=\"twitter:card\" content=\"summary_large_image\" \/>\n<meta name=\"twitter:label1\" content=\"Est. reading time\" \/>\n\t<meta name=\"twitter:data1\" content=\"1 minute\" \/>\n<script type=\"application\/ld+json\" class=\"yoast-schema-graph\">{\"@context\":\"https:\\\/\\\/schema.org\",\"@graph\":[{\"@type\":[\"WebPage\",\"ItemPage\"],\"@id\":\"https:\\\/\\\/vitablanca.ma\\\/produit\\\/placentor-lait-demaquillant-250ml\\\/\",\"url\":\"https:\\\/\\\/vitablanca.ma\\\/produit\\\/placentor-lait-demaquillant-250ml\\\/\",\"name\":\"Placentor Lait d\u00e9maquillant 250ml - Maroc Prix\",\"isPartOf\":{\"@id\":\"https:\\\/\\\/vitablanca.ma\\\/#website\"},\"primaryImageOfPage\":{\"@id\":\"https:\\\/\\\/vitablanca.ma\\\/produit\\\/placentor-lait-demaquillant-250ml\\\/#primaryimage\"},\"image\":{\"@id\":\"https:\\\/\\\/vitablanca.ma\\\/produit\\\/placentor-lait-demaquillant-250ml\\\/#primaryimage\"},\"thumbnailUrl\":\"https:\\\/\\\/vitablanca.ma\\\/wp-content\\\/uploads\\\/2025\\\/06\\\/Placentor-Lait-demaquillant-250ml-nova-parapharmacie-maroc.jpg\",\"datePublished\":\"2025-06-11T21:19:38+00:00\",\"description\":\"Placentor Lait d\u00e9maquillant 250ml\",\"breadcrumb\":{\"@id\":\"https:\\\/\\\/vitablanca.ma\\\/produit\\\/placentor-lait-demaquillant-250ml\\\/#breadcrumb\"},\"inLanguage\":\"en-US\",\"potentialAction\":[{\"@type\":\"ReadAction\",\"target\":[\"https:\\\/\\\/vitablanca.ma\\\/produit\\\/placentor-lait-demaquillant-250ml\\\/\"]}]},{\"@type\":\"ImageObject\",\"inLanguage\":\"en-US\",\"@id\":\"https:\\\/\\\/vitablanca.ma\\\/produit\\\/placentor-lait-demaquillant-250ml\\\/#primaryimage\",\"url\":\"https:\\\/\\\/vitablanca.ma\\\/wp-content\\\/uploads\\\/2025\\\/06\\\/Placentor-Lait-demaquillant-250ml-nova-parapharmacie-maroc.jpg\",\"contentUrl\":\"https:\\\/\\\/vitablanca.ma\\\/wp-content\\\/uploads\\\/2025\\\/06\\\/Placentor-Lait-demaquillant-250ml-nova-parapharmacie-maroc.jpg\",\"width\":1000,\"height\":1000},{\"@type\":\"BreadcrumbList\",\"@id\":\"https:\\\/\\\/vitablanca.ma\\\/produit\\\/placentor-lait-demaquillant-250ml\\\/#breadcrumb\",\"itemListElement\":[{\"@type\":\"ListItem\",\"position\":1,\"name\":\"Home\",\"item\":\"https:\\\/\\\/vitablanca.ma\\\/\"},{\"@type\":\"ListItem\",\"position\":2,\"name\":\"Tous Les Produits\",\"item\":\"https:\\\/\\\/vitablanca.ma\\\/tous-les-produits\\\/\"},{\"@type\":\"ListItem\",\"position\":3,\"name\":\"Placentor Lait d\u00e9maquillant 250ml\"}]},{\"@type\":\"WebSite\",\"@id\":\"https:\\\/\\\/vitablanca.ma\\\/#website\",\"url\":\"https:\\\/\\\/vitablanca.ma\\\/\",\"name\":\"VitaBlanca.ma | Compl\u00e9ments alimentaires, sant\u00e9 & beaut\u00e9 au Maroc\",\"description\":\"vendre vitamines et compl\u00e9ments premium des USA &amp; Canada, Nouvelle Z\u00e9lande,Maroc (NOW Foods, Solgar, Manuka). Livraison rapide partout au Maroc.\",\"publisher\":{\"@id\":\"https:\\\/\\\/vitablanca.ma\\\/#organization\"},\"alternateName\":\"VitaBlanca.ma\",\"potentialAction\":[{\"@type\":\"SearchAction\",\"target\":{\"@type\":\"EntryPoint\",\"urlTemplate\":\"https:\\\/\\\/vitablanca.ma\\\/?s={search_term_string}\"},\"query-input\":{\"@type\":\"PropertyValueSpecification\",\"valueRequired\":true,\"valueName\":\"search_term_string\"}}],\"inLanguage\":\"en-US\"},{\"@type\":\"Organization\",\"@id\":\"https:\\\/\\\/vitablanca.ma\\\/#organization\",\"name\":\"VitaBlanca\",\"url\":\"https:\\\/\\\/vitablanca.ma\\\/\",\"logo\":{\"@type\":\"ImageObject\",\"inLanguage\":\"en-US\",\"@id\":\"https:\\\/\\\/vitablanca.ma\\\/#\\\/schema\\\/logo\\\/image\\\/\",\"url\":\"https:\\\/\\\/vitablanca.ma\\\/wp-content\\\/uploads\\\/2025\\\/05\\\/cropped-vitablanca.png\",\"contentUrl\":\"https:\\\/\\\/vitablanca.ma\\\/wp-content\\\/uploads\\\/2025\\\/05\\\/cropped-vitablanca.png\",\"width\":360,\"height\":67,\"caption\":\"VitaBlanca\"},\"image\":{\"@id\":\"https:\\\/\\\/vitablanca.ma\\\/#\\\/schema\\\/logo\\\/image\\\/\"},\"sameAs\":[\"https:\\\/\\\/www.facebook.com\\\/profile.php?id=61576678196717\",\"https:\\\/\\\/www.tiktok.com\\\/@vitablanca.ma\",\"https:\\\/\\\/www.instagram.com\\\/vitablanca.ma\\\/\"]}]}<\/script>\n<!-- \/ Yoast SEO plugin. -->","yoast_head_json":{"title":"Placentor Cleansing Milk 250ml - Morocco Price","description":"Placentor Cleansing Milk 250ml","robots":{"index":"index","follow":"follow","max-snippet":"max-snippet:-1","max-image-preview":"max-image-preview:large","max-video-preview":"max-video-preview:-1"},"canonical":"https:\/\/vitablanca.ma\/en\/product\/placentor-lait-demaquillant-250ml\/","og_locale":"en_US","og_type":"article","og_title":"Placentor Lait d\u00e9maquillant 250ml - Maroc Prix","og_description":"Placentor Lait d\u00e9maquillant 250ml","og_url":"https:\/\/vitablanca.ma\/en\/product\/placentor-lait-demaquillant-250ml\/","og_site_name":"Vitablanca.ma &ndash; Sant&eacute;, vitalit&eacute; et bien-&ecirc;tre pour tous les Marocains","article_publisher":"https:\/\/www.facebook.com\/profile.php?id=61576678196717","og_image":[{"width":1000,"height":1000,"url":"https:\/\/vitablanca.ma\/wp-content\/uploads\/2025\/06\/Placentor-Lait-demaquillant-250ml-nova-parapharmacie-maroc.jpg","type":"image\/jpeg"}],"twitter_card":"summary_large_image","twitter_misc":{"Est. reading time":"1 minute"},"schema":{"@context":"https:\/\/schema.org","@graph":[{"@type":["WebPage","ItemPage"],"@id":"https:\/\/vitablanca.ma\/produit\/placentor-lait-demaquillant-250ml\/","url":"https:\/\/vitablanca.ma\/produit\/placentor-lait-demaquillant-250ml\/","name":"Placentor Cleansing Milk 250ml - Morocco Price","isPartOf":{"@id":"https:\/\/vitablanca.ma\/#website"},"primaryImageOfPage":{"@id":"https:\/\/vitablanca.ma\/produit\/placentor-lait-demaquillant-250ml\/#primaryimage"},"image":{"@id":"https:\/\/vitablanca.ma\/produit\/placentor-lait-demaquillant-250ml\/#primaryimage"},"thumbnailUrl":"https:\/\/vitablanca.ma\/wp-content\/uploads\/2025\/06\/Placentor-Lait-demaquillant-250ml-nova-parapharmacie-maroc.jpg","datePublished":"2025-06-11T21:19:38+00:00","description":"Placentor Cleansing Milk 250ml","breadcrumb":{"@id":"https:\/\/vitablanca.ma\/produit\/placentor-lait-demaquillant-250ml\/#breadcrumb"},"inLanguage":"en-US","potentialAction":[{"@type":"ReadAction","target":["https:\/\/vitablanca.ma\/produit\/placentor-lait-demaquillant-250ml\/"]}]},{"@type":"ImageObject","inLanguage":"en-US","@id":"https:\/\/vitablanca.ma\/produit\/placentor-lait-demaquillant-250ml\/#primaryimage","url":"https:\/\/vitablanca.ma\/wp-content\/uploads\/2025\/06\/Placentor-Lait-demaquillant-250ml-nova-parapharmacie-maroc.jpg","contentUrl":"https:\/\/vitablanca.ma\/wp-content\/uploads\/2025\/06\/Placentor-Lait-demaquillant-250ml-nova-parapharmacie-maroc.jpg","width":1000,"height":1000},{"@type":"BreadcrumbList","@id":"https:\/\/vitablanca.ma\/produit\/placentor-lait-demaquillant-250ml\/#breadcrumb","itemListElement":[{"@type":"ListItem","position":1,"name":"Home","item":"https:\/\/vitablanca.ma\/"},{"@type":"ListItem","position":2,"name":"Tous Les Produits","item":"https:\/\/vitablanca.ma\/tous-les-produits\/"},{"@type":"ListItem","position":3,"name":"Placentor Lait d\u00e9maquillant 250ml"}]},{"@type":"WebSite","@id":"https:\/\/vitablanca.ma\/#website","url":"https:\/\/vitablanca.ma\/","name":"VitaBlanca.ma | Food supplements, health &amp; beauty in Morocco","description":"sell premium vitamins and supplements from USA &amp; Canada, New Zealand, Morocco (NOW Foods, Solgar, Manuka). Fast delivery anywhere in Morocco.","publisher":{"@id":"https:\/\/vitablanca.ma\/#organization"},"alternateName":"VitaBlanca.ma","potentialAction":[{"@type":"SearchAction","target":{"@type":"EntryPoint","urlTemplate":"https:\/\/vitablanca.ma\/?s={search_term_string}"},"query-input":{"@type":"PropertyValueSpecification","valueRequired":true,"valueName":"search_term_string"}}],"inLanguage":"en-US"},{"@type":"Organization","@id":"https:\/\/vitablanca.ma\/#organization","name":"VitaBlanca","url":"https:\/\/vitablanca.ma\/","logo":{"@type":"ImageObject","inLanguage":"en-US","@id":"https:\/\/vitablanca.ma\/#\/schema\/logo\/image\/","url":"https:\/\/vitablanca.ma\/wp-content\/uploads\/2025\/05\/cropped-vitablanca.png","contentUrl":"https:\/\/vitablanca.ma\/wp-content\/uploads\/2025\/05\/cropped-vitablanca.png","width":360,"height":67,"caption":"VitaBlanca"},"image":{"@id":"https:\/\/vitablanca.ma\/#\/schema\/logo\/image\/"},"sameAs":["https:\/\/www.facebook.com\/profile.php?id=61576678196717","https:\/\/www.tiktok.com\/@vitablanca.ma","https:\/\/www.instagram.com\/vitablanca.ma\/"]}]}},"jetpack_sharing_enabled":true,"_links":{"self":[{"href":"https:\/\/vitablanca.ma\/en\/wp-json\/wp\/v2\/product\/21335","targetHints":{"allow":["GET"]}}],"collection":[{"href":"https:\/\/vitablanca.ma\/en\/wp-json\/wp\/v2\/product"}],"about":[{"href":"https:\/\/vitablanca.ma\/en\/wp-json\/wp\/v2\/types\/product"}],"wp:featuredmedia":[{"embeddable":true,"href":"https:\/\/vitablanca.ma\/en\/wp-json\/wp\/v2\/media\/21334"}],"wp:attachment":[{"href":"https:\/\/vitablanca.ma\/en\/wp-json\/wp\/v2\/media?parent=21335"}],"wp:term":[{"taxonomy":"product_brand","embeddable":true,"href":"https:\/\/vitablanca.ma\/en\/wp-json\/wp\/v2\/product_brand?post=21335"},{"taxonomy":"product_cat","embeddable":true,"href":"https:\/\/vitablanca.ma\/en\/wp-json\/wp\/v2\/product_cat?post=21335"},{"taxonomy":"product_tag","embeddable":true,"href":"https:\/\/vitablanca.ma\/en\/wp-json\/wp\/v2\/product_tag?post=21335"}],"curies":[{"name":"wp","href":"https:\/\/api.w.org\/{rel}","templated":true}]}}