{"id":21333,"date":"2025-06-11T21:19:35","date_gmt":"2025-06-11T21:19:35","guid":{"rendered":"https:\/\/vitablanca.ma\/product\/placentor-fluide-purifiant-matifiant-40-ml\/"},"modified":"2025-09-16T17:57:55","modified_gmt":"2025-09-16T17:57:55","slug":"placentor-fluide-purifiant-matifiant-40-ml","status":"publish","type":"product","link":"https:\/\/vitablanca.ma\/en\/product\/placentor-fluide-purifiant-matifiant-40-ml\/","title":{"rendered":"PLACENTOR PURIFYING MATTIFYING FLUID 40 ML"},"content":{"rendered":"<h2>PLACENTOR PURIFYING MATTIFYING FLUID 40 ML<\/h2>\n<p>Placentor V\u00e9g\u00e9tal&#039;s Purifying Mattifying Fluid is a facial treatment specially designed for combination, oily, and acne-prone skin. This fluid works deep down to eliminate existing imperfections while preventing their reappearance.<\/p>\n<p>Suitable for teens and adults, this mattifying purifying fluid from Placentor helps reduce spots, blackheads, and tighten pores while regulating sebum production. It also helps refine skin texture, leaving your complexion smooth and even. Its formula, made with 98% of naturally derived ingredients, is based on several essential active ingredients.<\/p>\n<p><strong>Directions for use:<\/strong><\/p>\n<p>For optimal use, apply the Purifying Mattifying Fluid morning and evening to a previously cleansed face, alone or after applying the Correcting Serum for even more impressive results. It is packaged in a 40 ml tube, perfect for daily use.<\/p>\n<p style=\"text-align: center\">Discover <strong>PLACENTOR PURIFYING MATTIFYING FLUID<\/strong>, a product carefully selected to meet your specific needs, and enjoy an exceptional shopping experience on our site,\u00a0<strong>Vita Blanca Parapharmacie Maroc<\/strong><\/p>","protected":false},"excerpt":{"rendered":"<p>PLACENTOR FLUIDE PURIFIANT MATIFIANT 40 ML Le Fluide Purifiant Matifiant de Placentor V\u00e9g\u00e9tal est un soin du visage sp\u00e9cialement con\u00e7u pour les peaux mixtes, grasses et sujettes \u00e0 l\u2019acn\u00e9. Ce fluide agit en profondeur pour \u00e9liminer les imperfections existantes tout en pr\u00e9venant leur r\u00e9apparition. Adapt\u00e9 aux adolescents et aux adultes, ce fluide purifiant matifiant de [&hellip;]<\/p>\n","protected":false},"featured_media":21332,"template":"","meta":{"om_disable_all_campaigns":false},"product_brand":[],"product_cat":[15],"product_tag":[],"class_list":{"0":"post-21333","1":"product","2":"type-product","3":"status-publish","4":"has-post-thumbnail","6":"product_cat-beaute-sante-complements-alimentaires-soins-et-bien-etre-au-meilleur-prix","8":"first","9":"instock","10":"sale","11":"taxable","12":"shipping-taxable","13":"purchasable","14":"product-type-simple"},"yoast_head":"<!-- This site is optimized with the Yoast SEO plugin v27.3 - https:\/\/yoast.com\/product\/yoast-seo-wordpress\/ -->\n<title>PLACENTOR FLUIDE PURIFIANT MATIFIANT 40 ML - Maroc Prix<\/title>\n<meta name=\"description\" content=\"PLACENTOR FLUIDE PURIFIANT MATIFIANT 40 ML\" \/>\n<meta name=\"robots\" content=\"index, follow, max-snippet:-1, max-image-preview:large, max-video-preview:-1\" \/>\n<link rel=\"canonical\" href=\"https:\/\/vitablanca.ma\/en\/product\/placentor-fluide-purifiant-matifiant-40-ml\/\" \/>\n<meta property=\"og:locale\" content=\"en_US\" \/>\n<meta property=\"og:type\" content=\"article\" \/>\n<meta property=\"og:title\" content=\"PLACENTOR FLUIDE PURIFIANT MATIFIANT 40 ML - Maroc Prix\" \/>\n<meta property=\"og:description\" content=\"PLACENTOR FLUIDE PURIFIANT MATIFIANT 40 ML\" \/>\n<meta property=\"og:url\" content=\"https:\/\/vitablanca.ma\/en\/product\/placentor-fluide-purifiant-matifiant-40-ml\/\" \/>\n<meta property=\"og:site_name\" content=\"Vitablanca.ma &ndash; Sant&eacute;, vitalit&eacute; et bien-&ecirc;tre pour tous les Marocains\" \/>\n<meta property=\"article:publisher\" content=\"https:\/\/www.facebook.com\/profile.php?id=61576678196717\" \/>\n<meta property=\"article:modified_time\" content=\"2025-09-16T17:57:55+00:00\" \/>\n<meta property=\"og:image\" content=\"https:\/\/vitablanca.ma\/wp-content\/uploads\/2025\/06\/placentor-placentor-fluide-purifiant-matifiant-40-ml-soins-anti-imperfections-Nova-para-prix-Maroc.jpg\" \/>\n\t<meta property=\"og:image:width\" content=\"700\" \/>\n\t<meta property=\"og:image:height\" content=\"700\" \/>\n\t<meta property=\"og:image:type\" content=\"image\/jpeg\" \/>\n<meta name=\"twitter:card\" content=\"summary_large_image\" \/>\n<meta name=\"twitter:label1\" content=\"Est. reading time\" \/>\n\t<meta name=\"twitter:data1\" content=\"1 minute\" \/>\n<script type=\"application\/ld+json\" class=\"yoast-schema-graph\">{\"@context\":\"https:\\\/\\\/schema.org\",\"@graph\":[{\"@type\":[\"WebPage\",\"ItemPage\"],\"@id\":\"https:\\\/\\\/vitablanca.ma\\\/produit\\\/placentor-fluide-purifiant-matifiant-40-ml\\\/\",\"url\":\"https:\\\/\\\/vitablanca.ma\\\/produit\\\/placentor-fluide-purifiant-matifiant-40-ml\\\/\",\"name\":\"PLACENTOR FLUIDE PURIFIANT MATIFIANT 40 ML - Maroc Prix\",\"isPartOf\":{\"@id\":\"https:\\\/\\\/vitablanca.ma\\\/#website\"},\"primaryImageOfPage\":{\"@id\":\"https:\\\/\\\/vitablanca.ma\\\/produit\\\/placentor-fluide-purifiant-matifiant-40-ml\\\/#primaryimage\"},\"image\":{\"@id\":\"https:\\\/\\\/vitablanca.ma\\\/produit\\\/placentor-fluide-purifiant-matifiant-40-ml\\\/#primaryimage\"},\"thumbnailUrl\":\"https:\\\/\\\/vitablanca.ma\\\/wp-content\\\/uploads\\\/2025\\\/06\\\/placentor-placentor-fluide-purifiant-matifiant-40-ml-soins-anti-imperfections-Nova-para-prix-Maroc.jpg\",\"datePublished\":\"2025-06-11T21:19:35+00:00\",\"dateModified\":\"2025-09-16T17:57:55+00:00\",\"description\":\"PLACENTOR FLUIDE PURIFIANT MATIFIANT 40 ML\",\"breadcrumb\":{\"@id\":\"https:\\\/\\\/vitablanca.ma\\\/produit\\\/placentor-fluide-purifiant-matifiant-40-ml\\\/#breadcrumb\"},\"inLanguage\":\"en-US\",\"potentialAction\":[{\"@type\":\"ReadAction\",\"target\":[\"https:\\\/\\\/vitablanca.ma\\\/produit\\\/placentor-fluide-purifiant-matifiant-40-ml\\\/\"]}]},{\"@type\":\"ImageObject\",\"inLanguage\":\"en-US\",\"@id\":\"https:\\\/\\\/vitablanca.ma\\\/produit\\\/placentor-fluide-purifiant-matifiant-40-ml\\\/#primaryimage\",\"url\":\"https:\\\/\\\/vitablanca.ma\\\/wp-content\\\/uploads\\\/2025\\\/06\\\/placentor-placentor-fluide-purifiant-matifiant-40-ml-soins-anti-imperfections-Nova-para-prix-Maroc.jpg\",\"contentUrl\":\"https:\\\/\\\/vitablanca.ma\\\/wp-content\\\/uploads\\\/2025\\\/06\\\/placentor-placentor-fluide-purifiant-matifiant-40-ml-soins-anti-imperfections-Nova-para-prix-Maroc.jpg\",\"width\":700,\"height\":700},{\"@type\":\"BreadcrumbList\",\"@id\":\"https:\\\/\\\/vitablanca.ma\\\/produit\\\/placentor-fluide-purifiant-matifiant-40-ml\\\/#breadcrumb\",\"itemListElement\":[{\"@type\":\"ListItem\",\"position\":1,\"name\":\"Home\",\"item\":\"https:\\\/\\\/vitablanca.ma\\\/\"},{\"@type\":\"ListItem\",\"position\":2,\"name\":\"Tous Les Produits\",\"item\":\"https:\\\/\\\/vitablanca.ma\\\/tous-les-produits\\\/\"},{\"@type\":\"ListItem\",\"position\":3,\"name\":\"PLACENTOR FLUIDE PURIFIANT MATIFIANT 40 ML\"}]},{\"@type\":\"WebSite\",\"@id\":\"https:\\\/\\\/vitablanca.ma\\\/#website\",\"url\":\"https:\\\/\\\/vitablanca.ma\\\/\",\"name\":\"VitaBlanca.ma | Compl\u00e9ments alimentaires, sant\u00e9 & beaut\u00e9 au Maroc\",\"description\":\"vendre vitamines et compl\u00e9ments premium des USA &amp; Canada, Nouvelle Z\u00e9lande,Maroc (NOW Foods, Solgar, Manuka). Livraison rapide partout au Maroc.\",\"publisher\":{\"@id\":\"https:\\\/\\\/vitablanca.ma\\\/#organization\"},\"alternateName\":\"VitaBlanca.ma\",\"potentialAction\":[{\"@type\":\"SearchAction\",\"target\":{\"@type\":\"EntryPoint\",\"urlTemplate\":\"https:\\\/\\\/vitablanca.ma\\\/?s={search_term_string}\"},\"query-input\":{\"@type\":\"PropertyValueSpecification\",\"valueRequired\":true,\"valueName\":\"search_term_string\"}}],\"inLanguage\":\"en-US\"},{\"@type\":\"Organization\",\"@id\":\"https:\\\/\\\/vitablanca.ma\\\/#organization\",\"name\":\"VitaBlanca\",\"url\":\"https:\\\/\\\/vitablanca.ma\\\/\",\"logo\":{\"@type\":\"ImageObject\",\"inLanguage\":\"en-US\",\"@id\":\"https:\\\/\\\/vitablanca.ma\\\/#\\\/schema\\\/logo\\\/image\\\/\",\"url\":\"https:\\\/\\\/vitablanca.ma\\\/wp-content\\\/uploads\\\/2025\\\/05\\\/cropped-vitablanca.png\",\"contentUrl\":\"https:\\\/\\\/vitablanca.ma\\\/wp-content\\\/uploads\\\/2025\\\/05\\\/cropped-vitablanca.png\",\"width\":360,\"height\":67,\"caption\":\"VitaBlanca\"},\"image\":{\"@id\":\"https:\\\/\\\/vitablanca.ma\\\/#\\\/schema\\\/logo\\\/image\\\/\"},\"sameAs\":[\"https:\\\/\\\/www.facebook.com\\\/profile.php?id=61576678196717\",\"https:\\\/\\\/www.tiktok.com\\\/@vitablanca.ma\",\"https:\\\/\\\/www.instagram.com\\\/vitablanca.ma\\\/\"]}]}<\/script>\n<!-- \/ Yoast SEO plugin. -->","yoast_head_json":{"title":"PLACENTOR PURIFYING MATTIFYING FLUID 40 ML - Morocco Price","description":"PLACENTOR PURIFYING MATTIFYING FLUID 40 ML","robots":{"index":"index","follow":"follow","max-snippet":"max-snippet:-1","max-image-preview":"max-image-preview:large","max-video-preview":"max-video-preview:-1"},"canonical":"https:\/\/vitablanca.ma\/en\/product\/placentor-fluide-purifiant-matifiant-40-ml\/","og_locale":"en_US","og_type":"article","og_title":"PLACENTOR FLUIDE PURIFIANT MATIFIANT 40 ML - Maroc Prix","og_description":"PLACENTOR FLUIDE PURIFIANT MATIFIANT 40 ML","og_url":"https:\/\/vitablanca.ma\/en\/product\/placentor-fluide-purifiant-matifiant-40-ml\/","og_site_name":"Vitablanca.ma &ndash; Sant&eacute;, vitalit&eacute; et bien-&ecirc;tre pour tous les Marocains","article_publisher":"https:\/\/www.facebook.com\/profile.php?id=61576678196717","article_modified_time":"2025-09-16T17:57:55+00:00","og_image":[{"width":700,"height":700,"url":"https:\/\/vitablanca.ma\/wp-content\/uploads\/2025\/06\/placentor-placentor-fluide-purifiant-matifiant-40-ml-soins-anti-imperfections-Nova-para-prix-Maroc.jpg","type":"image\/jpeg"}],"twitter_card":"summary_large_image","twitter_misc":{"Est. reading time":"1 minute"},"schema":{"@context":"https:\/\/schema.org","@graph":[{"@type":["WebPage","ItemPage"],"@id":"https:\/\/vitablanca.ma\/produit\/placentor-fluide-purifiant-matifiant-40-ml\/","url":"https:\/\/vitablanca.ma\/produit\/placentor-fluide-purifiant-matifiant-40-ml\/","name":"PLACENTOR PURIFYING MATTIFYING FLUID 40 ML - Morocco Price","isPartOf":{"@id":"https:\/\/vitablanca.ma\/#website"},"primaryImageOfPage":{"@id":"https:\/\/vitablanca.ma\/produit\/placentor-fluide-purifiant-matifiant-40-ml\/#primaryimage"},"image":{"@id":"https:\/\/vitablanca.ma\/produit\/placentor-fluide-purifiant-matifiant-40-ml\/#primaryimage"},"thumbnailUrl":"https:\/\/vitablanca.ma\/wp-content\/uploads\/2025\/06\/placentor-placentor-fluide-purifiant-matifiant-40-ml-soins-anti-imperfections-Nova-para-prix-Maroc.jpg","datePublished":"2025-06-11T21:19:35+00:00","dateModified":"2025-09-16T17:57:55+00:00","description":"PLACENTOR PURIFYING MATTIFYING FLUID 40 ML","breadcrumb":{"@id":"https:\/\/vitablanca.ma\/produit\/placentor-fluide-purifiant-matifiant-40-ml\/#breadcrumb"},"inLanguage":"en-US","potentialAction":[{"@type":"ReadAction","target":["https:\/\/vitablanca.ma\/produit\/placentor-fluide-purifiant-matifiant-40-ml\/"]}]},{"@type":"ImageObject","inLanguage":"en-US","@id":"https:\/\/vitablanca.ma\/produit\/placentor-fluide-purifiant-matifiant-40-ml\/#primaryimage","url":"https:\/\/vitablanca.ma\/wp-content\/uploads\/2025\/06\/placentor-placentor-fluide-purifiant-matifiant-40-ml-soins-anti-imperfections-Nova-para-prix-Maroc.jpg","contentUrl":"https:\/\/vitablanca.ma\/wp-content\/uploads\/2025\/06\/placentor-placentor-fluide-purifiant-matifiant-40-ml-soins-anti-imperfections-Nova-para-prix-Maroc.jpg","width":700,"height":700},{"@type":"BreadcrumbList","@id":"https:\/\/vitablanca.ma\/produit\/placentor-fluide-purifiant-matifiant-40-ml\/#breadcrumb","itemListElement":[{"@type":"ListItem","position":1,"name":"Home","item":"https:\/\/vitablanca.ma\/"},{"@type":"ListItem","position":2,"name":"Tous Les Produits","item":"https:\/\/vitablanca.ma\/tous-les-produits\/"},{"@type":"ListItem","position":3,"name":"PLACENTOR FLUIDE PURIFIANT MATIFIANT 40 ML"}]},{"@type":"WebSite","@id":"https:\/\/vitablanca.ma\/#website","url":"https:\/\/vitablanca.ma\/","name":"VitaBlanca.ma | Food supplements, health &amp; beauty in Morocco","description":"sell premium vitamins and supplements from USA &amp; Canada, New Zealand, Morocco (NOW Foods, Solgar, Manuka). Fast delivery anywhere in Morocco.","publisher":{"@id":"https:\/\/vitablanca.ma\/#organization"},"alternateName":"VitaBlanca.ma","potentialAction":[{"@type":"SearchAction","target":{"@type":"EntryPoint","urlTemplate":"https:\/\/vitablanca.ma\/?s={search_term_string}"},"query-input":{"@type":"PropertyValueSpecification","valueRequired":true,"valueName":"search_term_string"}}],"inLanguage":"en-US"},{"@type":"Organization","@id":"https:\/\/vitablanca.ma\/#organization","name":"VitaBlanca","url":"https:\/\/vitablanca.ma\/","logo":{"@type":"ImageObject","inLanguage":"en-US","@id":"https:\/\/vitablanca.ma\/#\/schema\/logo\/image\/","url":"https:\/\/vitablanca.ma\/wp-content\/uploads\/2025\/05\/cropped-vitablanca.png","contentUrl":"https:\/\/vitablanca.ma\/wp-content\/uploads\/2025\/05\/cropped-vitablanca.png","width":360,"height":67,"caption":"VitaBlanca"},"image":{"@id":"https:\/\/vitablanca.ma\/#\/schema\/logo\/image\/"},"sameAs":["https:\/\/www.facebook.com\/profile.php?id=61576678196717","https:\/\/www.tiktok.com\/@vitablanca.ma","https:\/\/www.instagram.com\/vitablanca.ma\/"]}]}},"jetpack_sharing_enabled":true,"_links":{"self":[{"href":"https:\/\/vitablanca.ma\/en\/wp-json\/wp\/v2\/product\/21333","targetHints":{"allow":["GET"]}}],"collection":[{"href":"https:\/\/vitablanca.ma\/en\/wp-json\/wp\/v2\/product"}],"about":[{"href":"https:\/\/vitablanca.ma\/en\/wp-json\/wp\/v2\/types\/product"}],"wp:featuredmedia":[{"embeddable":true,"href":"https:\/\/vitablanca.ma\/en\/wp-json\/wp\/v2\/media\/21332"}],"wp:attachment":[{"href":"https:\/\/vitablanca.ma\/en\/wp-json\/wp\/v2\/media?parent=21333"}],"wp:term":[{"taxonomy":"product_brand","embeddable":true,"href":"https:\/\/vitablanca.ma\/en\/wp-json\/wp\/v2\/product_brand?post=21333"},{"taxonomy":"product_cat","embeddable":true,"href":"https:\/\/vitablanca.ma\/en\/wp-json\/wp\/v2\/product_cat?post=21333"},{"taxonomy":"product_tag","embeddable":true,"href":"https:\/\/vitablanca.ma\/en\/wp-json\/wp\/v2\/product_tag?post=21333"}],"curies":[{"name":"wp","href":"https:\/\/api.w.org\/{rel}","templated":true}]}}