{"id":21331,"date":"2025-06-11T21:19:32","date_gmt":"2025-06-11T21:19:32","guid":{"rendered":"https:\/\/vitablanca.ma\/product\/placentor-fluide-hydratant-40ml\/"},"modified":"2025-06-11T21:19:32","modified_gmt":"2025-06-11T21:19:32","slug":"placentor-fluide-hydratant-40ml","status":"publish","type":"product","link":"https:\/\/vitablanca.ma\/en\/product\/placentor-fluide-hydratant-40ml\/","title":{"rendered":"Placentor Moisturizing Fluid 40ml"},"content":{"rendered":"<div class=\"col_prod_left\" data-mce-fragment=\"1\">\n<h2 data-mce-fragment=\"1\">Placentor Moisturizing Fluid Moisturizing Care, Nourishing, Normal to Combination Skin<\/h2>\n<\/div>\n<div class=\"col_prod_right\" data-mce-fragment=\"1\">\n<div id=\"tabs-1\" data-mce-fragment=\"1\">\n<p data-mce-fragment=\"1\">Moisturizing Fluid is a daily moisturizer for combination skin. It conceals shine in the T-zone thanks to mineral powders. Hydrated and mattified, the skin regains softness and freshness. PROVEN LONG-LASTING HYDRATION 8H.<\/p>\n<h3 data-mce-fragment=\"1\">RESULTS\u00a0<\/h3>\n<\/div>\n<p data-mce-fragment=\"1\">The Moisturizing Fluid hydrates and mattifies the skin for a long time. Shininess in the T-zone is concealed.<br data-mce-fragment=\"1\">The complexion is radiant. In just 2 days, the skin regains its natural protective barrier*.<br data-mce-fragment=\"1\"><sub data-mce-fragment=\"1\">DERMSCAN clinical study - June 2012 - Study carried out versus Placebo on 18 volunteers for 11 days - Twice-daily application<\/sub><\/p>\n<h3 data-mce-fragment=\"1\">Instructions for use<\/h3>\n<div id=\"tabs\" data-mce-fragment=\"1\">\n<div id=\"tabs_container\" class=\"transition\" data-mce-fragment=\"1\">\n<div id=\"tabs-5\" class=\"hidescale make_transist showscale\" data-mce-fragment=\"1\">\n<p data-mce-fragment=\"1\">Apply the Moisturizing Fluid morning and evening to the face and neck. Non-greasy texture is instantly absorbed. Ideal as a makeup base.<\/p>\n<\/div>\n<\/div>\n<\/div>\n<h3 data-mce-fragment=\"1\"><sub data-mce-fragment=\"1\">INGREDIENTS\u00a0<\/sub><\/h3>\n<p><sub data-mce-fragment=\"1\"><\/sub>\n<\/div>\n<div class=\"col_prod_right\" data-mce-fragment=\"1\">\n<div class=\"hidescale\" id=\"tabs-3\" data-mce-fragment=\"1\">\n<p data-mce-fragment=\"1\">Aqua, Caprylic\/Capric triglyceride**, Polyglyceryl-6 distearate**, Glycerin**, Prunus armeniaca kernel oil**, Hydrolyzed soy protein**, Silica, Microcrystalline cellulose**, Benzyl alcohol, Mica, Butylene glycol, Cetyl alcohol**, Fagus sylvatica bud extract**, Parfum, Cellulose gum, Hydroxyapatite, Iris florentina root extract**, Zinc PCA, Hexyl cinnamal, Dehydroacetic acid, Zinc oxide, Butylphenyl methylpropional, Tocopherol**, Phenoxyethanol, Linalool, Helianthus annuus seed oil**, Benzyl benzoate, Limonene, Eugenol, Benzoic acid, Glycineavoine oil**, Citronellol, Sorbic acid, Alpha-isomethyl ionone, Benzyl salicylate<\/p>\n<\/div>\n<\/div>","protected":false},"excerpt":{"rendered":"<p>Placentor Fluide hydratant Soins Hydratants, Nourrissants, Peaux normales \u00e0 mixtes Le Fluide hydratant est un soin hydratant quotidien des peaux mixtes. Il masque les brillances de la zone T gr\u00e2ce aux poudres min\u00e9rales. Hydrat\u00e9e et matifi\u00e9e, la peau retrouve douceur et fra\u00eecheur. HYDRATATION LONGUE DUR\u00c9E PROUV\u00c9E 8H. R\u00c9SULTATS\u00a0 Le Fluide hydratant hydrate et matifie la [&hellip;]<\/p>\n","protected":false},"featured_media":21330,"template":"","meta":{"om_disable_all_campaigns":false},"product_brand":[],"product_cat":[15],"product_tag":[],"class_list":{"0":"post-21331","1":"product","2":"type-product","3":"status-publish","4":"has-post-thumbnail","6":"product_cat-beaute-sante-complements-alimentaires-soins-et-bien-etre-au-meilleur-prix","8":"first","9":"instock","10":"sale","11":"taxable","12":"shipping-taxable","13":"purchasable","14":"product-type-simple"},"yoast_head":"<!-- This site is optimized with the Yoast SEO plugin v27.3 - https:\/\/yoast.com\/product\/yoast-seo-wordpress\/ -->\n<title>Placentor Fluide hydratant 40ml - Maroc Prix<\/title>\n<meta name=\"description\" content=\"Placentor Fluide hydratant 40ml\" \/>\n<meta name=\"robots\" content=\"index, follow, max-snippet:-1, max-image-preview:large, max-video-preview:-1\" \/>\n<link rel=\"canonical\" href=\"https:\/\/vitablanca.ma\/en\/product\/placentor-fluide-hydratant-40ml\/\" \/>\n<meta property=\"og:locale\" content=\"en_US\" \/>\n<meta property=\"og:type\" content=\"article\" \/>\n<meta property=\"og:title\" content=\"Placentor Fluide hydratant 40ml - Maroc Prix\" \/>\n<meta property=\"og:description\" content=\"Placentor Fluide hydratant 40ml\" \/>\n<meta property=\"og:url\" content=\"https:\/\/vitablanca.ma\/en\/product\/placentor-fluide-hydratant-40ml\/\" \/>\n<meta property=\"og:site_name\" content=\"Vitablanca.ma &ndash; Sant&eacute;, vitalit&eacute; et bien-&ecirc;tre pour tous les Marocains\" \/>\n<meta property=\"article:publisher\" content=\"https:\/\/www.facebook.com\/profile.php?id=61576678196717\" \/>\n<meta property=\"og:image\" content=\"https:\/\/vitablanca.ma\/wp-content\/uploads\/2025\/06\/Placentor-Fluide-hydratant-40ml-nova-para-maroc.jpg\" \/>\n\t<meta property=\"og:image:width\" content=\"1000\" \/>\n\t<meta property=\"og:image:height\" content=\"1000\" \/>\n\t<meta property=\"og:image:type\" content=\"image\/jpeg\" \/>\n<meta name=\"twitter:card\" content=\"summary_large_image\" \/>\n<meta name=\"twitter:label1\" content=\"Est. reading time\" \/>\n\t<meta name=\"twitter:data1\" content=\"1 minute\" \/>\n<script type=\"application\/ld+json\" class=\"yoast-schema-graph\">{\"@context\":\"https:\\\/\\\/schema.org\",\"@graph\":[{\"@type\":[\"WebPage\",\"ItemPage\"],\"@id\":\"https:\\\/\\\/vitablanca.ma\\\/produit\\\/placentor-fluide-hydratant-40ml\\\/\",\"url\":\"https:\\\/\\\/vitablanca.ma\\\/produit\\\/placentor-fluide-hydratant-40ml\\\/\",\"name\":\"Placentor Fluide hydratant 40ml - Maroc Prix\",\"isPartOf\":{\"@id\":\"https:\\\/\\\/vitablanca.ma\\\/#website\"},\"primaryImageOfPage\":{\"@id\":\"https:\\\/\\\/vitablanca.ma\\\/produit\\\/placentor-fluide-hydratant-40ml\\\/#primaryimage\"},\"image\":{\"@id\":\"https:\\\/\\\/vitablanca.ma\\\/produit\\\/placentor-fluide-hydratant-40ml\\\/#primaryimage\"},\"thumbnailUrl\":\"https:\\\/\\\/vitablanca.ma\\\/wp-content\\\/uploads\\\/2025\\\/06\\\/Placentor-Fluide-hydratant-40ml-nova-para-maroc.jpg\",\"datePublished\":\"2025-06-11T21:19:32+00:00\",\"description\":\"Placentor Fluide hydratant 40ml\",\"breadcrumb\":{\"@id\":\"https:\\\/\\\/vitablanca.ma\\\/produit\\\/placentor-fluide-hydratant-40ml\\\/#breadcrumb\"},\"inLanguage\":\"en-US\",\"potentialAction\":[{\"@type\":\"ReadAction\",\"target\":[\"https:\\\/\\\/vitablanca.ma\\\/produit\\\/placentor-fluide-hydratant-40ml\\\/\"]}]},{\"@type\":\"ImageObject\",\"inLanguage\":\"en-US\",\"@id\":\"https:\\\/\\\/vitablanca.ma\\\/produit\\\/placentor-fluide-hydratant-40ml\\\/#primaryimage\",\"url\":\"https:\\\/\\\/vitablanca.ma\\\/wp-content\\\/uploads\\\/2025\\\/06\\\/Placentor-Fluide-hydratant-40ml-nova-para-maroc.jpg\",\"contentUrl\":\"https:\\\/\\\/vitablanca.ma\\\/wp-content\\\/uploads\\\/2025\\\/06\\\/Placentor-Fluide-hydratant-40ml-nova-para-maroc.jpg\",\"width\":1000,\"height\":1000},{\"@type\":\"BreadcrumbList\",\"@id\":\"https:\\\/\\\/vitablanca.ma\\\/produit\\\/placentor-fluide-hydratant-40ml\\\/#breadcrumb\",\"itemListElement\":[{\"@type\":\"ListItem\",\"position\":1,\"name\":\"Home\",\"item\":\"https:\\\/\\\/vitablanca.ma\\\/\"},{\"@type\":\"ListItem\",\"position\":2,\"name\":\"Tous Les Produits\",\"item\":\"https:\\\/\\\/vitablanca.ma\\\/tous-les-produits\\\/\"},{\"@type\":\"ListItem\",\"position\":3,\"name\":\"Placentor Fluide hydratant 40ml\"}]},{\"@type\":\"WebSite\",\"@id\":\"https:\\\/\\\/vitablanca.ma\\\/#website\",\"url\":\"https:\\\/\\\/vitablanca.ma\\\/\",\"name\":\"VitaBlanca.ma | Compl\u00e9ments alimentaires, sant\u00e9 & beaut\u00e9 au Maroc\",\"description\":\"vendre vitamines et compl\u00e9ments premium des USA &amp; Canada, Nouvelle Z\u00e9lande,Maroc (NOW Foods, Solgar, Manuka). Livraison rapide partout au Maroc.\",\"publisher\":{\"@id\":\"https:\\\/\\\/vitablanca.ma\\\/#organization\"},\"alternateName\":\"VitaBlanca.ma\",\"potentialAction\":[{\"@type\":\"SearchAction\",\"target\":{\"@type\":\"EntryPoint\",\"urlTemplate\":\"https:\\\/\\\/vitablanca.ma\\\/?s={search_term_string}\"},\"query-input\":{\"@type\":\"PropertyValueSpecification\",\"valueRequired\":true,\"valueName\":\"search_term_string\"}}],\"inLanguage\":\"en-US\"},{\"@type\":\"Organization\",\"@id\":\"https:\\\/\\\/vitablanca.ma\\\/#organization\",\"name\":\"VitaBlanca\",\"url\":\"https:\\\/\\\/vitablanca.ma\\\/\",\"logo\":{\"@type\":\"ImageObject\",\"inLanguage\":\"en-US\",\"@id\":\"https:\\\/\\\/vitablanca.ma\\\/#\\\/schema\\\/logo\\\/image\\\/\",\"url\":\"https:\\\/\\\/vitablanca.ma\\\/wp-content\\\/uploads\\\/2025\\\/05\\\/cropped-vitablanca.png\",\"contentUrl\":\"https:\\\/\\\/vitablanca.ma\\\/wp-content\\\/uploads\\\/2025\\\/05\\\/cropped-vitablanca.png\",\"width\":360,\"height\":67,\"caption\":\"VitaBlanca\"},\"image\":{\"@id\":\"https:\\\/\\\/vitablanca.ma\\\/#\\\/schema\\\/logo\\\/image\\\/\"},\"sameAs\":[\"https:\\\/\\\/www.facebook.com\\\/profile.php?id=61576678196717\",\"https:\\\/\\\/www.tiktok.com\\\/@vitablanca.ma\",\"https:\\\/\\\/www.instagram.com\\\/vitablanca.ma\\\/\"]}]}<\/script>\n<!-- \/ Yoast SEO plugin. -->","yoast_head_json":{"title":"Placentor Moisturizing Fluid 40ml - Morocco Price","description":"Placentor Moisturizing Fluid 40ml","robots":{"index":"index","follow":"follow","max-snippet":"max-snippet:-1","max-image-preview":"max-image-preview:large","max-video-preview":"max-video-preview:-1"},"canonical":"https:\/\/vitablanca.ma\/en\/product\/placentor-fluide-hydratant-40ml\/","og_locale":"en_US","og_type":"article","og_title":"Placentor Fluide hydratant 40ml - Maroc Prix","og_description":"Placentor Fluide hydratant 40ml","og_url":"https:\/\/vitablanca.ma\/en\/product\/placentor-fluide-hydratant-40ml\/","og_site_name":"Vitablanca.ma &ndash; Sant&eacute;, vitalit&eacute; et bien-&ecirc;tre pour tous les Marocains","article_publisher":"https:\/\/www.facebook.com\/profile.php?id=61576678196717","og_image":[{"width":1000,"height":1000,"url":"https:\/\/vitablanca.ma\/wp-content\/uploads\/2025\/06\/Placentor-Fluide-hydratant-40ml-nova-para-maroc.jpg","type":"image\/jpeg"}],"twitter_card":"summary_large_image","twitter_misc":{"Est. reading time":"1 minute"},"schema":{"@context":"https:\/\/schema.org","@graph":[{"@type":["WebPage","ItemPage"],"@id":"https:\/\/vitablanca.ma\/produit\/placentor-fluide-hydratant-40ml\/","url":"https:\/\/vitablanca.ma\/produit\/placentor-fluide-hydratant-40ml\/","name":"Placentor Moisturizing Fluid 40ml - Morocco Price","isPartOf":{"@id":"https:\/\/vitablanca.ma\/#website"},"primaryImageOfPage":{"@id":"https:\/\/vitablanca.ma\/produit\/placentor-fluide-hydratant-40ml\/#primaryimage"},"image":{"@id":"https:\/\/vitablanca.ma\/produit\/placentor-fluide-hydratant-40ml\/#primaryimage"},"thumbnailUrl":"https:\/\/vitablanca.ma\/wp-content\/uploads\/2025\/06\/Placentor-Fluide-hydratant-40ml-nova-para-maroc.jpg","datePublished":"2025-06-11T21:19:32+00:00","description":"Placentor Moisturizing Fluid 40ml","breadcrumb":{"@id":"https:\/\/vitablanca.ma\/produit\/placentor-fluide-hydratant-40ml\/#breadcrumb"},"inLanguage":"en-US","potentialAction":[{"@type":"ReadAction","target":["https:\/\/vitablanca.ma\/produit\/placentor-fluide-hydratant-40ml\/"]}]},{"@type":"ImageObject","inLanguage":"en-US","@id":"https:\/\/vitablanca.ma\/produit\/placentor-fluide-hydratant-40ml\/#primaryimage","url":"https:\/\/vitablanca.ma\/wp-content\/uploads\/2025\/06\/Placentor-Fluide-hydratant-40ml-nova-para-maroc.jpg","contentUrl":"https:\/\/vitablanca.ma\/wp-content\/uploads\/2025\/06\/Placentor-Fluide-hydratant-40ml-nova-para-maroc.jpg","width":1000,"height":1000},{"@type":"BreadcrumbList","@id":"https:\/\/vitablanca.ma\/produit\/placentor-fluide-hydratant-40ml\/#breadcrumb","itemListElement":[{"@type":"ListItem","position":1,"name":"Home","item":"https:\/\/vitablanca.ma\/"},{"@type":"ListItem","position":2,"name":"Tous Les Produits","item":"https:\/\/vitablanca.ma\/tous-les-produits\/"},{"@type":"ListItem","position":3,"name":"Placentor Fluide hydratant 40ml"}]},{"@type":"WebSite","@id":"https:\/\/vitablanca.ma\/#website","url":"https:\/\/vitablanca.ma\/","name":"VitaBlanca.ma | Food supplements, health &amp; beauty in Morocco","description":"sell premium vitamins and supplements from USA &amp; Canada, New Zealand, Morocco (NOW Foods, Solgar, Manuka). Fast delivery anywhere in Morocco.","publisher":{"@id":"https:\/\/vitablanca.ma\/#organization"},"alternateName":"VitaBlanca.ma","potentialAction":[{"@type":"SearchAction","target":{"@type":"EntryPoint","urlTemplate":"https:\/\/vitablanca.ma\/?s={search_term_string}"},"query-input":{"@type":"PropertyValueSpecification","valueRequired":true,"valueName":"search_term_string"}}],"inLanguage":"en-US"},{"@type":"Organization","@id":"https:\/\/vitablanca.ma\/#organization","name":"VitaBlanca","url":"https:\/\/vitablanca.ma\/","logo":{"@type":"ImageObject","inLanguage":"en-US","@id":"https:\/\/vitablanca.ma\/#\/schema\/logo\/image\/","url":"https:\/\/vitablanca.ma\/wp-content\/uploads\/2025\/05\/cropped-vitablanca.png","contentUrl":"https:\/\/vitablanca.ma\/wp-content\/uploads\/2025\/05\/cropped-vitablanca.png","width":360,"height":67,"caption":"VitaBlanca"},"image":{"@id":"https:\/\/vitablanca.ma\/#\/schema\/logo\/image\/"},"sameAs":["https:\/\/www.facebook.com\/profile.php?id=61576678196717","https:\/\/www.tiktok.com\/@vitablanca.ma","https:\/\/www.instagram.com\/vitablanca.ma\/"]}]}},"jetpack_sharing_enabled":true,"_links":{"self":[{"href":"https:\/\/vitablanca.ma\/en\/wp-json\/wp\/v2\/product\/21331","targetHints":{"allow":["GET"]}}],"collection":[{"href":"https:\/\/vitablanca.ma\/en\/wp-json\/wp\/v2\/product"}],"about":[{"href":"https:\/\/vitablanca.ma\/en\/wp-json\/wp\/v2\/types\/product"}],"wp:featuredmedia":[{"embeddable":true,"href":"https:\/\/vitablanca.ma\/en\/wp-json\/wp\/v2\/media\/21330"}],"wp:attachment":[{"href":"https:\/\/vitablanca.ma\/en\/wp-json\/wp\/v2\/media?parent=21331"}],"wp:term":[{"taxonomy":"product_brand","embeddable":true,"href":"https:\/\/vitablanca.ma\/en\/wp-json\/wp\/v2\/product_brand?post=21331"},{"taxonomy":"product_cat","embeddable":true,"href":"https:\/\/vitablanca.ma\/en\/wp-json\/wp\/v2\/product_cat?post=21331"},{"taxonomy":"product_tag","embeddable":true,"href":"https:\/\/vitablanca.ma\/en\/wp-json\/wp\/v2\/product_tag?post=21331"}],"curies":[{"name":"wp","href":"https:\/\/api.w.org\/{rel}","templated":true}]}}