{"id":21329,"date":"2025-06-11T21:19:28","date_gmt":"2025-06-11T21:19:28","guid":{"rendered":"https:\/\/vitablanca.ma\/product\/placentor-masque-integral-anti-age-1-unite\/"},"modified":"2025-06-11T21:19:28","modified_gmt":"2025-06-11T21:19:28","slug":"placentor-masque-integral-anti-age-1-unite","status":"publish","type":"product","link":"https:\/\/vitablanca.ma\/en\/product\/placentor-masque-integral-anti-age-1-unite\/","title":{"rendered":"Placentor Anti-aging Full Face Mask 1 Unit"},"content":{"rendered":"<div data-mce-fragment=\"1\" class=\"col_prod_left\">\n<h2 data-mce-fragment=\"1\">Placentor Anti-aging Full Face Mask\u00a0<span data-mce-fragment=\"1\">Face and neck<\/span><br \/>\n<\/h2>\n<p data-mce-fragment=\"1\">ANTI-AGING TREATMENTS AND PROFESSIONAL HOME TREATMENTS<\/p>\n<div id=\"tabs-1\">\n<p>The Anti-Aging Full Face Mask is a soft, ready-to-use fabric mask soaked in a gel rich in plant-based active ingredients with anti-aging properties.<\/p>\n<p>In just 15 minutes, it provides the skin with the equivalent of a 35ml bottle of concentrated anti-aging serum.\u00a0<\/p>\n<h3>Instructions for use<br \/>\n<\/h3>\n<p><strong>In treatment:<\/strong><span>\u00a0Apply the mask once a week for 3 weeks. Extend the treatment by<\/span><br \/><span>3 additional weeks, if necessary.<\/span><br \/><strong>In interview:<\/strong><span>\u00a0one mask per month throughout the year.<\/span><br \/><strong>Occasionally:<\/strong><span>\u00a0for an immediate radiance boost<\/span><\/p>\n<h3>\n<span>INGREDIENTS\u00a0<\/span>\u00a0<\/h3>\n<div id=\"tabs-3\" class=\"hidescale make_transist showscale\">\n<p>INGREDIENTS (INCI): AQUA*, HYDROLYZED SOY PROTEIN*, HYDROLYZED COLLAGEN, BUTYROSPERMUM PARKII OIL*, CHENOPODIUM QUINOA SEED EXTRACT*, FAGUS SYLVATICA BUD EXTRACT*, BIOSACCHARIDE GUM-1*, CARBOMER, SODIUM LEVULI NATE*, GLYCERIN*, GLYCERYL CAPRYLATE*, GLYCINE SOJA OIL*, TOCOPHEROL*, SODIUM AN ISATE*, PARFUM, BENZYL ALCOHOL, CHLORPHENESIN, DEHYDROACETIC ACID, PHENOXYETHANOL, BENZOIC ACID, SORBIC ACID, SODIUM HYDROXIDE.<\/p>\n<\/div>\n<\/div>\n<\/div>","protected":false},"excerpt":{"rendered":"<p>Placentor Masque int\u00e9gral anti-\u00e2ge\u00a0Visage et cou SOINS ANTI-\u00c2GE ET SOINS PROFESSIONNELS \u00c0 DOMICILE Le Masque int\u00e9gral anti-\u00e2ge est un masque tissu doux, pr\u00eat \u00e0 l\u2019emploi, imbib\u00e9 d\u2019un gel riche en actifs v\u00e9g\u00e9taux aux propri\u00e9t\u00e9s anti-\u00e2ge. En seulement 15 minutes, il offre \u00e0 la peau l\u2019\u00e9quivalent d\u2019un flacon de 35ml de s\u00e9rum anti-\u00e2ge concentr\u00e9.\u00a0 Mode D&#8217;emploi [&hellip;]<\/p>\n","protected":false},"featured_media":21328,"template":"","meta":{"om_disable_all_campaigns":false},"product_brand":[],"product_cat":[15],"product_tag":[],"class_list":{"0":"post-21329","1":"product","2":"type-product","3":"status-publish","4":"has-post-thumbnail","6":"product_cat-beaute-sante-complements-alimentaires-soins-et-bien-etre-au-meilleur-prix","8":"first","9":"instock","10":"sale","11":"taxable","12":"shipping-taxable","13":"purchasable","14":"product-type-simple"},"yoast_head":"<!-- This site is optimized with the Yoast SEO plugin v27.3 - https:\/\/yoast.com\/product\/yoast-seo-wordpress\/ -->\n<title>Placentor Masque int\u00e9gral anti-\u00e2ge 1 Unit\u00e9 - Maroc Prix<\/title>\n<meta name=\"description\" content=\"Placentor Masque int\u00e9gral anti-\u00e2ge 1 Unit\u00e9\" \/>\n<meta name=\"robots\" content=\"index, follow, max-snippet:-1, max-image-preview:large, max-video-preview:-1\" \/>\n<link rel=\"canonical\" href=\"https:\/\/vitablanca.ma\/en\/product\/placentor-masque-integral-anti-age-1-unite\/\" \/>\n<meta property=\"og:locale\" content=\"en_US\" \/>\n<meta property=\"og:type\" content=\"article\" \/>\n<meta property=\"og:title\" content=\"Placentor Masque int\u00e9gral anti-\u00e2ge 1 Unit\u00e9 - Maroc Prix\" \/>\n<meta property=\"og:description\" content=\"Placentor Masque int\u00e9gral anti-\u00e2ge 1 Unit\u00e9\" \/>\n<meta property=\"og:url\" content=\"https:\/\/vitablanca.ma\/en\/product\/placentor-masque-integral-anti-age-1-unite\/\" \/>\n<meta property=\"og:site_name\" content=\"Vitablanca.ma &ndash; Sant&eacute;, vitalit&eacute; et bien-&ecirc;tre pour tous les Marocains\" \/>\n<meta property=\"article:publisher\" content=\"https:\/\/www.facebook.com\/profile.php?id=61576678196717\" \/>\n<meta property=\"og:image\" content=\"https:\/\/vitablanca.ma\/wp-content\/uploads\/2025\/06\/Placentor-Masque-integral-anti-age-1-Unite-nova-parapharmacie-maroc.jpg\" \/>\n\t<meta property=\"og:image:width\" content=\"1000\" \/>\n\t<meta property=\"og:image:height\" content=\"1000\" \/>\n\t<meta property=\"og:image:type\" content=\"image\/jpeg\" \/>\n<meta name=\"twitter:card\" content=\"summary_large_image\" \/>\n<meta name=\"twitter:label1\" content=\"Est. reading time\" \/>\n\t<meta name=\"twitter:data1\" content=\"1 minute\" \/>\n<script type=\"application\/ld+json\" class=\"yoast-schema-graph\">{\"@context\":\"https:\\\/\\\/schema.org\",\"@graph\":[{\"@type\":[\"WebPage\",\"ItemPage\"],\"@id\":\"https:\\\/\\\/vitablanca.ma\\\/produit\\\/placentor-masque-integral-anti-age-1-unite\\\/\",\"url\":\"https:\\\/\\\/vitablanca.ma\\\/produit\\\/placentor-masque-integral-anti-age-1-unite\\\/\",\"name\":\"Placentor Masque int\u00e9gral anti-\u00e2ge 1 Unit\u00e9 - Maroc Prix\",\"isPartOf\":{\"@id\":\"https:\\\/\\\/vitablanca.ma\\\/#website\"},\"primaryImageOfPage\":{\"@id\":\"https:\\\/\\\/vitablanca.ma\\\/produit\\\/placentor-masque-integral-anti-age-1-unite\\\/#primaryimage\"},\"image\":{\"@id\":\"https:\\\/\\\/vitablanca.ma\\\/produit\\\/placentor-masque-integral-anti-age-1-unite\\\/#primaryimage\"},\"thumbnailUrl\":\"https:\\\/\\\/vitablanca.ma\\\/wp-content\\\/uploads\\\/2025\\\/06\\\/Placentor-Masque-integral-anti-age-1-Unite-nova-parapharmacie-maroc.jpg\",\"datePublished\":\"2025-06-11T21:19:28+00:00\",\"description\":\"Placentor Masque int\u00e9gral anti-\u00e2ge 1 Unit\u00e9\",\"breadcrumb\":{\"@id\":\"https:\\\/\\\/vitablanca.ma\\\/produit\\\/placentor-masque-integral-anti-age-1-unite\\\/#breadcrumb\"},\"inLanguage\":\"en-US\",\"potentialAction\":[{\"@type\":\"ReadAction\",\"target\":[\"https:\\\/\\\/vitablanca.ma\\\/produit\\\/placentor-masque-integral-anti-age-1-unite\\\/\"]}]},{\"@type\":\"ImageObject\",\"inLanguage\":\"en-US\",\"@id\":\"https:\\\/\\\/vitablanca.ma\\\/produit\\\/placentor-masque-integral-anti-age-1-unite\\\/#primaryimage\",\"url\":\"https:\\\/\\\/vitablanca.ma\\\/wp-content\\\/uploads\\\/2025\\\/06\\\/Placentor-Masque-integral-anti-age-1-Unite-nova-parapharmacie-maroc.jpg\",\"contentUrl\":\"https:\\\/\\\/vitablanca.ma\\\/wp-content\\\/uploads\\\/2025\\\/06\\\/Placentor-Masque-integral-anti-age-1-Unite-nova-parapharmacie-maroc.jpg\",\"width\":1000,\"height\":1000},{\"@type\":\"BreadcrumbList\",\"@id\":\"https:\\\/\\\/vitablanca.ma\\\/produit\\\/placentor-masque-integral-anti-age-1-unite\\\/#breadcrumb\",\"itemListElement\":[{\"@type\":\"ListItem\",\"position\":1,\"name\":\"Home\",\"item\":\"https:\\\/\\\/vitablanca.ma\\\/\"},{\"@type\":\"ListItem\",\"position\":2,\"name\":\"Tous Les Produits\",\"item\":\"https:\\\/\\\/vitablanca.ma\\\/tous-les-produits\\\/\"},{\"@type\":\"ListItem\",\"position\":3,\"name\":\"Placentor Masque int\u00e9gral anti-\u00e2ge 1 Unit\u00e9\"}]},{\"@type\":\"WebSite\",\"@id\":\"https:\\\/\\\/vitablanca.ma\\\/#website\",\"url\":\"https:\\\/\\\/vitablanca.ma\\\/\",\"name\":\"VitaBlanca.ma | Compl\u00e9ments alimentaires, sant\u00e9 & beaut\u00e9 au Maroc\",\"description\":\"vendre vitamines et compl\u00e9ments premium des USA &amp; Canada, Nouvelle Z\u00e9lande,Maroc (NOW Foods, Solgar, Manuka). Livraison rapide partout au Maroc.\",\"publisher\":{\"@id\":\"https:\\\/\\\/vitablanca.ma\\\/#organization\"},\"alternateName\":\"VitaBlanca.ma\",\"potentialAction\":[{\"@type\":\"SearchAction\",\"target\":{\"@type\":\"EntryPoint\",\"urlTemplate\":\"https:\\\/\\\/vitablanca.ma\\\/?s={search_term_string}\"},\"query-input\":{\"@type\":\"PropertyValueSpecification\",\"valueRequired\":true,\"valueName\":\"search_term_string\"}}],\"inLanguage\":\"en-US\"},{\"@type\":\"Organization\",\"@id\":\"https:\\\/\\\/vitablanca.ma\\\/#organization\",\"name\":\"VitaBlanca\",\"url\":\"https:\\\/\\\/vitablanca.ma\\\/\",\"logo\":{\"@type\":\"ImageObject\",\"inLanguage\":\"en-US\",\"@id\":\"https:\\\/\\\/vitablanca.ma\\\/#\\\/schema\\\/logo\\\/image\\\/\",\"url\":\"https:\\\/\\\/vitablanca.ma\\\/wp-content\\\/uploads\\\/2025\\\/05\\\/cropped-vitablanca.png\",\"contentUrl\":\"https:\\\/\\\/vitablanca.ma\\\/wp-content\\\/uploads\\\/2025\\\/05\\\/cropped-vitablanca.png\",\"width\":360,\"height\":67,\"caption\":\"VitaBlanca\"},\"image\":{\"@id\":\"https:\\\/\\\/vitablanca.ma\\\/#\\\/schema\\\/logo\\\/image\\\/\"},\"sameAs\":[\"https:\\\/\\\/www.facebook.com\\\/profile.php?id=61576678196717\",\"https:\\\/\\\/www.tiktok.com\\\/@vitablanca.ma\",\"https:\\\/\\\/www.instagram.com\\\/vitablanca.ma\\\/\"]}]}<\/script>\n<!-- \/ Yoast SEO plugin. -->","yoast_head_json":{"title":"Placentor Anti-Aging Full Face Mask 1 Unit - Morocco Price","description":"Placentor Anti-aging Full Face Mask 1 Unit","robots":{"index":"index","follow":"follow","max-snippet":"max-snippet:-1","max-image-preview":"max-image-preview:large","max-video-preview":"max-video-preview:-1"},"canonical":"https:\/\/vitablanca.ma\/en\/product\/placentor-masque-integral-anti-age-1-unite\/","og_locale":"en_US","og_type":"article","og_title":"Placentor Masque int\u00e9gral anti-\u00e2ge 1 Unit\u00e9 - Maroc Prix","og_description":"Placentor Masque int\u00e9gral anti-\u00e2ge 1 Unit\u00e9","og_url":"https:\/\/vitablanca.ma\/en\/product\/placentor-masque-integral-anti-age-1-unite\/","og_site_name":"Vitablanca.ma &ndash; Sant&eacute;, vitalit&eacute; et bien-&ecirc;tre pour tous les Marocains","article_publisher":"https:\/\/www.facebook.com\/profile.php?id=61576678196717","og_image":[{"width":1000,"height":1000,"url":"https:\/\/vitablanca.ma\/wp-content\/uploads\/2025\/06\/Placentor-Masque-integral-anti-age-1-Unite-nova-parapharmacie-maroc.jpg","type":"image\/jpeg"}],"twitter_card":"summary_large_image","twitter_misc":{"Est. reading time":"1 minute"},"schema":{"@context":"https:\/\/schema.org","@graph":[{"@type":["WebPage","ItemPage"],"@id":"https:\/\/vitablanca.ma\/produit\/placentor-masque-integral-anti-age-1-unite\/","url":"https:\/\/vitablanca.ma\/produit\/placentor-masque-integral-anti-age-1-unite\/","name":"Placentor Anti-Aging Full Face Mask 1 Unit - Morocco Price","isPartOf":{"@id":"https:\/\/vitablanca.ma\/#website"},"primaryImageOfPage":{"@id":"https:\/\/vitablanca.ma\/produit\/placentor-masque-integral-anti-age-1-unite\/#primaryimage"},"image":{"@id":"https:\/\/vitablanca.ma\/produit\/placentor-masque-integral-anti-age-1-unite\/#primaryimage"},"thumbnailUrl":"https:\/\/vitablanca.ma\/wp-content\/uploads\/2025\/06\/Placentor-Masque-integral-anti-age-1-Unite-nova-parapharmacie-maroc.jpg","datePublished":"2025-06-11T21:19:28+00:00","description":"Placentor Anti-aging Full Face Mask 1 Unit","breadcrumb":{"@id":"https:\/\/vitablanca.ma\/produit\/placentor-masque-integral-anti-age-1-unite\/#breadcrumb"},"inLanguage":"en-US","potentialAction":[{"@type":"ReadAction","target":["https:\/\/vitablanca.ma\/produit\/placentor-masque-integral-anti-age-1-unite\/"]}]},{"@type":"ImageObject","inLanguage":"en-US","@id":"https:\/\/vitablanca.ma\/produit\/placentor-masque-integral-anti-age-1-unite\/#primaryimage","url":"https:\/\/vitablanca.ma\/wp-content\/uploads\/2025\/06\/Placentor-Masque-integral-anti-age-1-Unite-nova-parapharmacie-maroc.jpg","contentUrl":"https:\/\/vitablanca.ma\/wp-content\/uploads\/2025\/06\/Placentor-Masque-integral-anti-age-1-Unite-nova-parapharmacie-maroc.jpg","width":1000,"height":1000},{"@type":"BreadcrumbList","@id":"https:\/\/vitablanca.ma\/produit\/placentor-masque-integral-anti-age-1-unite\/#breadcrumb","itemListElement":[{"@type":"ListItem","position":1,"name":"Home","item":"https:\/\/vitablanca.ma\/"},{"@type":"ListItem","position":2,"name":"Tous Les Produits","item":"https:\/\/vitablanca.ma\/tous-les-produits\/"},{"@type":"ListItem","position":3,"name":"Placentor Masque int\u00e9gral anti-\u00e2ge 1 Unit\u00e9"}]},{"@type":"WebSite","@id":"https:\/\/vitablanca.ma\/#website","url":"https:\/\/vitablanca.ma\/","name":"VitaBlanca.ma | Food supplements, health &amp; beauty in Morocco","description":"sell premium vitamins and supplements from USA &amp; Canada, New Zealand, Morocco (NOW Foods, Solgar, Manuka). Fast delivery anywhere in Morocco.","publisher":{"@id":"https:\/\/vitablanca.ma\/#organization"},"alternateName":"VitaBlanca.ma","potentialAction":[{"@type":"SearchAction","target":{"@type":"EntryPoint","urlTemplate":"https:\/\/vitablanca.ma\/?s={search_term_string}"},"query-input":{"@type":"PropertyValueSpecification","valueRequired":true,"valueName":"search_term_string"}}],"inLanguage":"en-US"},{"@type":"Organization","@id":"https:\/\/vitablanca.ma\/#organization","name":"VitaBlanca","url":"https:\/\/vitablanca.ma\/","logo":{"@type":"ImageObject","inLanguage":"en-US","@id":"https:\/\/vitablanca.ma\/#\/schema\/logo\/image\/","url":"https:\/\/vitablanca.ma\/wp-content\/uploads\/2025\/05\/cropped-vitablanca.png","contentUrl":"https:\/\/vitablanca.ma\/wp-content\/uploads\/2025\/05\/cropped-vitablanca.png","width":360,"height":67,"caption":"VitaBlanca"},"image":{"@id":"https:\/\/vitablanca.ma\/#\/schema\/logo\/image\/"},"sameAs":["https:\/\/www.facebook.com\/profile.php?id=61576678196717","https:\/\/www.tiktok.com\/@vitablanca.ma","https:\/\/www.instagram.com\/vitablanca.ma\/"]}]}},"jetpack_sharing_enabled":true,"_links":{"self":[{"href":"https:\/\/vitablanca.ma\/en\/wp-json\/wp\/v2\/product\/21329","targetHints":{"allow":["GET"]}}],"collection":[{"href":"https:\/\/vitablanca.ma\/en\/wp-json\/wp\/v2\/product"}],"about":[{"href":"https:\/\/vitablanca.ma\/en\/wp-json\/wp\/v2\/types\/product"}],"wp:featuredmedia":[{"embeddable":true,"href":"https:\/\/vitablanca.ma\/en\/wp-json\/wp\/v2\/media\/21328"}],"wp:attachment":[{"href":"https:\/\/vitablanca.ma\/en\/wp-json\/wp\/v2\/media?parent=21329"}],"wp:term":[{"taxonomy":"product_brand","embeddable":true,"href":"https:\/\/vitablanca.ma\/en\/wp-json\/wp\/v2\/product_brand?post=21329"},{"taxonomy":"product_cat","embeddable":true,"href":"https:\/\/vitablanca.ma\/en\/wp-json\/wp\/v2\/product_cat?post=21329"},{"taxonomy":"product_tag","embeddable":true,"href":"https:\/\/vitablanca.ma\/en\/wp-json\/wp\/v2\/product_tag?post=21329"}],"curies":[{"name":"wp","href":"https:\/\/api.w.org\/{rel}","templated":true}]}}