{"id":21327,"date":"2025-06-11T21:19:25","date_gmt":"2025-06-11T21:19:25","guid":{"rendered":"https:\/\/vitablanca.ma\/product\/perio-aid-bain-de-bouche-active-control-0-05-150ml\/"},"modified":"2025-06-11T21:19:25","modified_gmt":"2025-06-11T21:19:25","slug":"perio-aid-bain-de-bouche-active-control-0-05-150ml","status":"publish","type":"product","link":"https:\/\/vitablanca.ma\/en\/product\/perio-aid-bain-de-bouche-active-control-0-05-150ml\/","title":{"rendered":"Perio-aid Active Control Mouthwash 0.05% 150ml"},"content":{"rendered":"<h2>Perio-aid Active Control Mouthwash 0.05%.<\/h2>\n<p>Perio Aid is recommended as an adjunct to oral hygiene in cases of gum problems and treatments, after the placement of dental implants, in cases of bleeding or irritation of the gums, in situations where oral hygiene requires additional care, in cases of decreased immunity, illness and\/or stress or in situations where brushing is problematic (advanced age, people with reduced mobility).<\/p>\n<p>Very effective against dental plaque.<br \/>Does not contain alcohol.<br \/>Soft on the palate.<br \/>Only 30 seconds of rinsing.<br \/>Suitable for extended use.<br \/>Active substances<br \/>0.05 % CHX and 0.05 % CCP adjuvant to oral hygiene in case of gum problems and after treatment.<\/p>\n<h3>Instructions for use<\/h3>\n<p>Rinse your mouth 2x a day for 30 seconds with 15 ml of mouthwash.<br \/>Maximum 3 months of use as an aid to oral hygiene.<\/p>","protected":false},"excerpt":{"rendered":"<p>Perio-aid Bain De Bouche Active Control 0.05%. Perio Aid est conseill\u00e9 comme adjuvant \u00e0 l\u2019hygi\u00e8ne buccodentaire en cas de probl\u00e8mes et de traitements au niveau des gencives, apr\u00e8s le placement d\u2019implants dentaires, en cas de saignement ou d\u2019irritation des gencives, dans les situations o\u00f9 l\u2019hygi\u00e8ne buccodentaire n\u00e9cessite des soins suppl\u00e9mentaires, en cas de baisse d\u2019immunit\u00e9, [&hellip;]<\/p>\n","protected":false},"featured_media":21326,"template":"","meta":{"om_disable_all_campaigns":false},"product_brand":[],"product_cat":[15],"product_tag":[],"class_list":{"0":"post-21327","1":"product","2":"type-product","3":"status-publish","4":"has-post-thumbnail","6":"product_cat-beaute-sante-complements-alimentaires-soins-et-bien-etre-au-meilleur-prix","8":"first","9":"instock","10":"sale","11":"taxable","12":"shipping-taxable","13":"purchasable","14":"product-type-simple"},"yoast_head":"<!-- This site is optimized with the Yoast SEO plugin v27.3 - https:\/\/yoast.com\/product\/yoast-seo-wordpress\/ -->\n<title>Perio-aid Bain De Bouche Active Control 0.05% 150ml - Maroc Prix<\/title>\n<meta name=\"description\" content=\"Perio-aid Bain De Bouche Active Control 0.05% 150ml\" \/>\n<meta name=\"robots\" content=\"index, follow, max-snippet:-1, max-image-preview:large, max-video-preview:-1\" \/>\n<link rel=\"canonical\" href=\"https:\/\/vitablanca.ma\/en\/product\/perio-aid-bain-de-bouche-active-control-0-05-150ml\/\" \/>\n<meta property=\"og:locale\" content=\"en_US\" \/>\n<meta property=\"og:type\" content=\"article\" \/>\n<meta property=\"og:title\" content=\"Perio-aid Bain De Bouche Active Control 0.05% 150ml - Maroc Prix\" \/>\n<meta property=\"og:description\" content=\"Perio-aid Bain De Bouche Active Control 0.05% 150ml\" \/>\n<meta property=\"og:url\" content=\"https:\/\/vitablanca.ma\/en\/product\/perio-aid-bain-de-bouche-active-control-0-05-150ml\/\" \/>\n<meta property=\"og:site_name\" content=\"Vitablanca.ma &ndash; Sant&eacute;, vitalit&eacute; et bien-&ecirc;tre pour tous les Marocains\" \/>\n<meta property=\"article:publisher\" content=\"https:\/\/www.facebook.com\/profile.php?id=61576678196717\" \/>\n<meta property=\"og:image\" content=\"https:\/\/vitablanca.ma\/wp-content\/uploads\/2025\/06\/Perio-aid-Bain-De-Bouche-Active-Control-0.05_-150ml-nova-parapharmacie-casablanca.jpg\" \/>\n\t<meta property=\"og:image:width\" content=\"1000\" \/>\n\t<meta property=\"og:image:height\" content=\"1000\" \/>\n\t<meta property=\"og:image:type\" content=\"image\/jpeg\" \/>\n<meta name=\"twitter:card\" content=\"summary_large_image\" \/>\n<meta name=\"twitter:label1\" content=\"Est. reading time\" \/>\n\t<meta name=\"twitter:data1\" content=\"1 minute\" \/>\n<script type=\"application\/ld+json\" class=\"yoast-schema-graph\">{\"@context\":\"https:\\\/\\\/schema.org\",\"@graph\":[{\"@type\":[\"WebPage\",\"ItemPage\"],\"@id\":\"https:\\\/\\\/vitablanca.ma\\\/produit\\\/perio-aid-bain-de-bouche-active-control-0-05-150ml\\\/\",\"url\":\"https:\\\/\\\/vitablanca.ma\\\/produit\\\/perio-aid-bain-de-bouche-active-control-0-05-150ml\\\/\",\"name\":\"Perio-aid Bain De Bouche Active Control 0.05% 150ml - Maroc Prix\",\"isPartOf\":{\"@id\":\"https:\\\/\\\/vitablanca.ma\\\/#website\"},\"primaryImageOfPage\":{\"@id\":\"https:\\\/\\\/vitablanca.ma\\\/produit\\\/perio-aid-bain-de-bouche-active-control-0-05-150ml\\\/#primaryimage\"},\"image\":{\"@id\":\"https:\\\/\\\/vitablanca.ma\\\/produit\\\/perio-aid-bain-de-bouche-active-control-0-05-150ml\\\/#primaryimage\"},\"thumbnailUrl\":\"https:\\\/\\\/vitablanca.ma\\\/wp-content\\\/uploads\\\/2025\\\/06\\\/Perio-aid-Bain-De-Bouche-Active-Control-0.05_-150ml-nova-parapharmacie-casablanca.jpg\",\"datePublished\":\"2025-06-11T21:19:25+00:00\",\"description\":\"Perio-aid Bain De Bouche Active Control 0.05% 150ml\",\"breadcrumb\":{\"@id\":\"https:\\\/\\\/vitablanca.ma\\\/produit\\\/perio-aid-bain-de-bouche-active-control-0-05-150ml\\\/#breadcrumb\"},\"inLanguage\":\"en-US\",\"potentialAction\":[{\"@type\":\"ReadAction\",\"target\":[\"https:\\\/\\\/vitablanca.ma\\\/produit\\\/perio-aid-bain-de-bouche-active-control-0-05-150ml\\\/\"]}]},{\"@type\":\"ImageObject\",\"inLanguage\":\"en-US\",\"@id\":\"https:\\\/\\\/vitablanca.ma\\\/produit\\\/perio-aid-bain-de-bouche-active-control-0-05-150ml\\\/#primaryimage\",\"url\":\"https:\\\/\\\/vitablanca.ma\\\/wp-content\\\/uploads\\\/2025\\\/06\\\/Perio-aid-Bain-De-Bouche-Active-Control-0.05_-150ml-nova-parapharmacie-casablanca.jpg\",\"contentUrl\":\"https:\\\/\\\/vitablanca.ma\\\/wp-content\\\/uploads\\\/2025\\\/06\\\/Perio-aid-Bain-De-Bouche-Active-Control-0.05_-150ml-nova-parapharmacie-casablanca.jpg\",\"width\":1000,\"height\":1000},{\"@type\":\"BreadcrumbList\",\"@id\":\"https:\\\/\\\/vitablanca.ma\\\/produit\\\/perio-aid-bain-de-bouche-active-control-0-05-150ml\\\/#breadcrumb\",\"itemListElement\":[{\"@type\":\"ListItem\",\"position\":1,\"name\":\"Home\",\"item\":\"https:\\\/\\\/vitablanca.ma\\\/\"},{\"@type\":\"ListItem\",\"position\":2,\"name\":\"Tous Les Produits\",\"item\":\"https:\\\/\\\/vitablanca.ma\\\/tous-les-produits\\\/\"},{\"@type\":\"ListItem\",\"position\":3,\"name\":\"Perio-aid Bain De Bouche Active Control 0.05% 150ml\"}]},{\"@type\":\"WebSite\",\"@id\":\"https:\\\/\\\/vitablanca.ma\\\/#website\",\"url\":\"https:\\\/\\\/vitablanca.ma\\\/\",\"name\":\"VitaBlanca.ma | Compl\u00e9ments alimentaires, sant\u00e9 & beaut\u00e9 au Maroc\",\"description\":\"vendre vitamines et compl\u00e9ments premium des USA &amp; Canada, Nouvelle Z\u00e9lande,Maroc (NOW Foods, Solgar, Manuka). Livraison rapide partout au Maroc.\",\"publisher\":{\"@id\":\"https:\\\/\\\/vitablanca.ma\\\/#organization\"},\"alternateName\":\"VitaBlanca.ma\",\"potentialAction\":[{\"@type\":\"SearchAction\",\"target\":{\"@type\":\"EntryPoint\",\"urlTemplate\":\"https:\\\/\\\/vitablanca.ma\\\/?s={search_term_string}\"},\"query-input\":{\"@type\":\"PropertyValueSpecification\",\"valueRequired\":true,\"valueName\":\"search_term_string\"}}],\"inLanguage\":\"en-US\"},{\"@type\":\"Organization\",\"@id\":\"https:\\\/\\\/vitablanca.ma\\\/#organization\",\"name\":\"VitaBlanca\",\"url\":\"https:\\\/\\\/vitablanca.ma\\\/\",\"logo\":{\"@type\":\"ImageObject\",\"inLanguage\":\"en-US\",\"@id\":\"https:\\\/\\\/vitablanca.ma\\\/#\\\/schema\\\/logo\\\/image\\\/\",\"url\":\"https:\\\/\\\/vitablanca.ma\\\/wp-content\\\/uploads\\\/2025\\\/05\\\/cropped-vitablanca.png\",\"contentUrl\":\"https:\\\/\\\/vitablanca.ma\\\/wp-content\\\/uploads\\\/2025\\\/05\\\/cropped-vitablanca.png\",\"width\":360,\"height\":67,\"caption\":\"VitaBlanca\"},\"image\":{\"@id\":\"https:\\\/\\\/vitablanca.ma\\\/#\\\/schema\\\/logo\\\/image\\\/\"},\"sameAs\":[\"https:\\\/\\\/www.facebook.com\\\/profile.php?id=61576678196717\",\"https:\\\/\\\/www.tiktok.com\\\/@vitablanca.ma\",\"https:\\\/\\\/www.instagram.com\\\/vitablanca.ma\\\/\"]}]}<\/script>\n<!-- \/ Yoast SEO plugin. -->","yoast_head_json":{"title":"Perio-aid Active Control Mouthwash 0.05% 150ml - Morocco Price","description":"Perio-aid Active Control Mouthwash 0.05% 150ml","robots":{"index":"index","follow":"follow","max-snippet":"max-snippet:-1","max-image-preview":"max-image-preview:large","max-video-preview":"max-video-preview:-1"},"canonical":"https:\/\/vitablanca.ma\/en\/product\/perio-aid-bain-de-bouche-active-control-0-05-150ml\/","og_locale":"en_US","og_type":"article","og_title":"Perio-aid Bain De Bouche Active Control 0.05% 150ml - Maroc Prix","og_description":"Perio-aid Bain De Bouche Active Control 0.05% 150ml","og_url":"https:\/\/vitablanca.ma\/en\/product\/perio-aid-bain-de-bouche-active-control-0-05-150ml\/","og_site_name":"Vitablanca.ma &ndash; Sant&eacute;, vitalit&eacute; et bien-&ecirc;tre pour tous les Marocains","article_publisher":"https:\/\/www.facebook.com\/profile.php?id=61576678196717","og_image":[{"width":1000,"height":1000,"url":"https:\/\/vitablanca.ma\/wp-content\/uploads\/2025\/06\/Perio-aid-Bain-De-Bouche-Active-Control-0.05_-150ml-nova-parapharmacie-casablanca.jpg","type":"image\/jpeg"}],"twitter_card":"summary_large_image","twitter_misc":{"Est. reading time":"1 minute"},"schema":{"@context":"https:\/\/schema.org","@graph":[{"@type":["WebPage","ItemPage"],"@id":"https:\/\/vitablanca.ma\/produit\/perio-aid-bain-de-bouche-active-control-0-05-150ml\/","url":"https:\/\/vitablanca.ma\/produit\/perio-aid-bain-de-bouche-active-control-0-05-150ml\/","name":"Perio-aid Active Control Mouthwash 0.05% 150ml - Morocco Price","isPartOf":{"@id":"https:\/\/vitablanca.ma\/#website"},"primaryImageOfPage":{"@id":"https:\/\/vitablanca.ma\/produit\/perio-aid-bain-de-bouche-active-control-0-05-150ml\/#primaryimage"},"image":{"@id":"https:\/\/vitablanca.ma\/produit\/perio-aid-bain-de-bouche-active-control-0-05-150ml\/#primaryimage"},"thumbnailUrl":"https:\/\/vitablanca.ma\/wp-content\/uploads\/2025\/06\/Perio-aid-Bain-De-Bouche-Active-Control-0.05_-150ml-nova-parapharmacie-casablanca.jpg","datePublished":"2025-06-11T21:19:25+00:00","description":"Perio-aid Active Control Mouthwash 0.05% 150ml","breadcrumb":{"@id":"https:\/\/vitablanca.ma\/produit\/perio-aid-bain-de-bouche-active-control-0-05-150ml\/#breadcrumb"},"inLanguage":"en-US","potentialAction":[{"@type":"ReadAction","target":["https:\/\/vitablanca.ma\/produit\/perio-aid-bain-de-bouche-active-control-0-05-150ml\/"]}]},{"@type":"ImageObject","inLanguage":"en-US","@id":"https:\/\/vitablanca.ma\/produit\/perio-aid-bain-de-bouche-active-control-0-05-150ml\/#primaryimage","url":"https:\/\/vitablanca.ma\/wp-content\/uploads\/2025\/06\/Perio-aid-Bain-De-Bouche-Active-Control-0.05_-150ml-nova-parapharmacie-casablanca.jpg","contentUrl":"https:\/\/vitablanca.ma\/wp-content\/uploads\/2025\/06\/Perio-aid-Bain-De-Bouche-Active-Control-0.05_-150ml-nova-parapharmacie-casablanca.jpg","width":1000,"height":1000},{"@type":"BreadcrumbList","@id":"https:\/\/vitablanca.ma\/produit\/perio-aid-bain-de-bouche-active-control-0-05-150ml\/#breadcrumb","itemListElement":[{"@type":"ListItem","position":1,"name":"Home","item":"https:\/\/vitablanca.ma\/"},{"@type":"ListItem","position":2,"name":"Tous Les Produits","item":"https:\/\/vitablanca.ma\/tous-les-produits\/"},{"@type":"ListItem","position":3,"name":"Perio-aid Bain De Bouche Active Control 0.05% 150ml"}]},{"@type":"WebSite","@id":"https:\/\/vitablanca.ma\/#website","url":"https:\/\/vitablanca.ma\/","name":"VitaBlanca.ma | Food supplements, health &amp; beauty in Morocco","description":"sell premium vitamins and supplements from USA &amp; Canada, New Zealand, Morocco (NOW Foods, Solgar, Manuka). Fast delivery anywhere in Morocco.","publisher":{"@id":"https:\/\/vitablanca.ma\/#organization"},"alternateName":"VitaBlanca.ma","potentialAction":[{"@type":"SearchAction","target":{"@type":"EntryPoint","urlTemplate":"https:\/\/vitablanca.ma\/?s={search_term_string}"},"query-input":{"@type":"PropertyValueSpecification","valueRequired":true,"valueName":"search_term_string"}}],"inLanguage":"en-US"},{"@type":"Organization","@id":"https:\/\/vitablanca.ma\/#organization","name":"VitaBlanca","url":"https:\/\/vitablanca.ma\/","logo":{"@type":"ImageObject","inLanguage":"en-US","@id":"https:\/\/vitablanca.ma\/#\/schema\/logo\/image\/","url":"https:\/\/vitablanca.ma\/wp-content\/uploads\/2025\/05\/cropped-vitablanca.png","contentUrl":"https:\/\/vitablanca.ma\/wp-content\/uploads\/2025\/05\/cropped-vitablanca.png","width":360,"height":67,"caption":"VitaBlanca"},"image":{"@id":"https:\/\/vitablanca.ma\/#\/schema\/logo\/image\/"},"sameAs":["https:\/\/www.facebook.com\/profile.php?id=61576678196717","https:\/\/www.tiktok.com\/@vitablanca.ma","https:\/\/www.instagram.com\/vitablanca.ma\/"]}]}},"jetpack_sharing_enabled":true,"_links":{"self":[{"href":"https:\/\/vitablanca.ma\/en\/wp-json\/wp\/v2\/product\/21327","targetHints":{"allow":["GET"]}}],"collection":[{"href":"https:\/\/vitablanca.ma\/en\/wp-json\/wp\/v2\/product"}],"about":[{"href":"https:\/\/vitablanca.ma\/en\/wp-json\/wp\/v2\/types\/product"}],"wp:featuredmedia":[{"embeddable":true,"href":"https:\/\/vitablanca.ma\/en\/wp-json\/wp\/v2\/media\/21326"}],"wp:attachment":[{"href":"https:\/\/vitablanca.ma\/en\/wp-json\/wp\/v2\/media?parent=21327"}],"wp:term":[{"taxonomy":"product_brand","embeddable":true,"href":"https:\/\/vitablanca.ma\/en\/wp-json\/wp\/v2\/product_brand?post=21327"},{"taxonomy":"product_cat","embeddable":true,"href":"https:\/\/vitablanca.ma\/en\/wp-json\/wp\/v2\/product_cat?post=21327"},{"taxonomy":"product_tag","embeddable":true,"href":"https:\/\/vitablanca.ma\/en\/wp-json\/wp\/v2\/product_tag?post=21327"}],"curies":[{"name":"wp","href":"https:\/\/api.w.org\/{rel}","templated":true}]}}