{"id":21325,"date":"2025-06-11T21:19:24","date_gmt":"2025-06-11T21:19:24","guid":{"rendered":"https:\/\/vitablanca.ma\/product\/placentor-serum-eclat-anti-pollution-30ml\/"},"modified":"2025-06-11T21:19:24","modified_gmt":"2025-06-11T21:19:24","slug":"placentor-serum-eclat-anti-pollution-30ml","status":"publish","type":"product","link":"https:\/\/vitablanca.ma\/en\/product\/placentor-serum-eclat-anti-pollution-30ml\/","title":{"rendered":"Placentor Anti-pollution Radiance Serum 30ml"},"content":{"rendered":"<div class=\"col_prod_left\" data-mce-fragment=\"1\">\n<h3 data-mce-fragment=\"1\">Placentor Anti-pollution Radiance Serum for Face and Neck<\/h3>\n<div id=\"tabs-1\">\n<p>A multi-function treatment, this day\/night serum protects and repairs<\/p>\n<p>main damage caused by urban and domestic pollution: lack<br \/>of radiance, signs of fatigue, dehydration, premature aging.<\/p>\n<h3>RESULTS\u00a0<\/h3>\n<div class=\"make_transist hidescale\" id=\"tabs-1\">\n<p>From the first application, the anti-pollution radiance serum limits adhesion<br \/>pollution and facilitates its elimination.<\/p>\n<\/div>\n<div class=\"hidescale make_transist showscale\" id=\"tabs-2\">\n<p><strong>CLINICALLY PROVEN EFFECTIVENESS<\/strong><\/p>\n<ul>\n<li>Almost total shield effect:<span>\u00a0<\/span><strong>+96%<span>\u00a0<\/span><\/strong>of protection\u00a0<\/li>\n<li>Anti-pollution:<span>\u00a0<\/span><strong>+ 99%<span>\u00a0<\/span><\/strong>of fine particles eliminated<\/li>\n<li>Anti-dehydration:<span>\u00a0<\/span><strong>+183%<span>\u00a0<\/span><\/strong>of water sensors in the skin\u00a0<\/li>\n<li>Smoothing effect after 1 hour:<span>\u00a0<\/span><strong>-25,8%<span>\u00a0<\/span><\/strong>of the volume of the main wrinkle\u00a0<\/li>\n<li>Protective effect measured on 20 volunteers of Pollustop\u00ae against the adhesion of heavy metals versus Placebo (lead)<\/li>\n<li>Instrumental measurement on 11 volunteers who applied the serum: elimination of carbon microparticles after rinsing<\/li>\n<li>In vitro test, effect of plant sugars on chondroitin sulfate molecules retaining water in the dermis<\/li>\n<li>Instrumental measurement on 23 volunteers of the macro-relief of crow&#039;s feet 1 hour after the application of sorghum juice<\/li>\n<\/ul>\n<h3>Instructions for use<\/h3>\n<div id=\"tabs\">\n<div id=\"tabs_container\" class=\"transition\">\n<div id=\"tabs-5\" class=\"hidescale make_transist showscale\">\n<ul>\n<li>Apply morning and evening to the face and<\/li>\n<li>the eye area, preferably under your daily care<\/li>\n<li>Placentor Vegetal. External use.<\/li>\n<\/ul>\n<\/div>\n<\/div>\n<\/div>\n<\/div>\n<\/div>\n<\/div>\n<div class=\"col_prod_right\" data-mce-fragment=\"1\"><\/div>","protected":false},"excerpt":{"rendered":"<p>Placentor S\u00e9rum \u00c9clat Anti-pollution Visage et cou Soin multi-fonctions, ce s\u00e9rum jour\/nuit prot\u00e8ge et r\u00e9pare des principaux d\u00e9g\u00e2ts caus\u00e9s par la pollution urbaine et domestique : manqued\u2019\u00e9clat, signes de fatigue, d\u00e9shydratation, vieillissement pr\u00e9matur\u00e9. R\u00c9SULTATS\u00a0 D\u00e8s la 1\u00e8re application, le s\u00e9rum \u00e9clat anti-pollution limite l\u2019adh\u00e9sionde la pollution et facilite son \u00e9limination. UNE EFFICACIT\u00c9 CLINIQUEMENT PROUV\u00c9E Effet [&hellip;]<\/p>\n","protected":false},"featured_media":21324,"template":"","meta":{"om_disable_all_campaigns":false},"product_brand":[],"product_cat":[15],"product_tag":[],"class_list":{"0":"post-21325","1":"product","2":"type-product","3":"status-publish","4":"has-post-thumbnail","6":"product_cat-beaute-sante-complements-alimentaires-soins-et-bien-etre-au-meilleur-prix","8":"first","9":"instock","10":"sale","11":"taxable","12":"shipping-taxable","13":"purchasable","14":"product-type-simple"},"yoast_head":"<!-- This site is optimized with the Yoast SEO plugin v27.3 - https:\/\/yoast.com\/product\/yoast-seo-wordpress\/ -->\n<title>Placentor S\u00e9rum \u00c9clat Anti-pollution 30ml - Maroc Prix<\/title>\n<meta name=\"description\" content=\"Placentor S\u00e9rum \u00c9clat Anti-pollution 30ml\" \/>\n<meta name=\"robots\" content=\"index, follow, max-snippet:-1, max-image-preview:large, max-video-preview:-1\" \/>\n<link rel=\"canonical\" href=\"https:\/\/vitablanca.ma\/en\/product\/placentor-serum-eclat-anti-pollution-30ml\/\" \/>\n<meta property=\"og:locale\" content=\"en_US\" \/>\n<meta property=\"og:type\" content=\"article\" \/>\n<meta property=\"og:title\" content=\"Placentor S\u00e9rum \u00c9clat Anti-pollution 30ml - Maroc Prix\" \/>\n<meta property=\"og:description\" content=\"Placentor S\u00e9rum \u00c9clat Anti-pollution 30ml\" \/>\n<meta property=\"og:url\" content=\"https:\/\/vitablanca.ma\/en\/product\/placentor-serum-eclat-anti-pollution-30ml\/\" \/>\n<meta property=\"og:site_name\" content=\"Vitablanca.ma &ndash; Sant&eacute;, vitalit&eacute; et bien-&ecirc;tre pour tous les Marocains\" \/>\n<meta property=\"article:publisher\" content=\"https:\/\/www.facebook.com\/profile.php?id=61576678196717\" \/>\n<meta property=\"og:image\" content=\"https:\/\/vitablanca.ma\/wp-content\/uploads\/2025\/06\/Placentor-Serum-Eclat-Anti-pollution-30ml-nova-parapharmacie-maroc.jpg\" \/>\n\t<meta property=\"og:image:width\" content=\"1000\" \/>\n\t<meta property=\"og:image:height\" content=\"1000\" \/>\n\t<meta property=\"og:image:type\" content=\"image\/jpeg\" \/>\n<meta name=\"twitter:card\" content=\"summary_large_image\" \/>\n<meta name=\"twitter:label1\" content=\"Est. reading time\" \/>\n\t<meta name=\"twitter:data1\" content=\"1 minute\" \/>\n<script type=\"application\/ld+json\" class=\"yoast-schema-graph\">{\"@context\":\"https:\\\/\\\/schema.org\",\"@graph\":[{\"@type\":[\"WebPage\",\"ItemPage\"],\"@id\":\"https:\\\/\\\/vitablanca.ma\\\/produit\\\/placentor-serum-eclat-anti-pollution-30ml\\\/\",\"url\":\"https:\\\/\\\/vitablanca.ma\\\/produit\\\/placentor-serum-eclat-anti-pollution-30ml\\\/\",\"name\":\"Placentor S\u00e9rum \u00c9clat Anti-pollution 30ml - Maroc Prix\",\"isPartOf\":{\"@id\":\"https:\\\/\\\/vitablanca.ma\\\/#website\"},\"primaryImageOfPage\":{\"@id\":\"https:\\\/\\\/vitablanca.ma\\\/produit\\\/placentor-serum-eclat-anti-pollution-30ml\\\/#primaryimage\"},\"image\":{\"@id\":\"https:\\\/\\\/vitablanca.ma\\\/produit\\\/placentor-serum-eclat-anti-pollution-30ml\\\/#primaryimage\"},\"thumbnailUrl\":\"https:\\\/\\\/vitablanca.ma\\\/wp-content\\\/uploads\\\/2025\\\/06\\\/Placentor-Serum-Eclat-Anti-pollution-30ml-nova-parapharmacie-maroc.jpg\",\"datePublished\":\"2025-06-11T21:19:24+00:00\",\"description\":\"Placentor S\u00e9rum \u00c9clat Anti-pollution 30ml\",\"breadcrumb\":{\"@id\":\"https:\\\/\\\/vitablanca.ma\\\/produit\\\/placentor-serum-eclat-anti-pollution-30ml\\\/#breadcrumb\"},\"inLanguage\":\"en-US\",\"potentialAction\":[{\"@type\":\"ReadAction\",\"target\":[\"https:\\\/\\\/vitablanca.ma\\\/produit\\\/placentor-serum-eclat-anti-pollution-30ml\\\/\"]}]},{\"@type\":\"ImageObject\",\"inLanguage\":\"en-US\",\"@id\":\"https:\\\/\\\/vitablanca.ma\\\/produit\\\/placentor-serum-eclat-anti-pollution-30ml\\\/#primaryimage\",\"url\":\"https:\\\/\\\/vitablanca.ma\\\/wp-content\\\/uploads\\\/2025\\\/06\\\/Placentor-Serum-Eclat-Anti-pollution-30ml-nova-parapharmacie-maroc.jpg\",\"contentUrl\":\"https:\\\/\\\/vitablanca.ma\\\/wp-content\\\/uploads\\\/2025\\\/06\\\/Placentor-Serum-Eclat-Anti-pollution-30ml-nova-parapharmacie-maroc.jpg\",\"width\":1000,\"height\":1000},{\"@type\":\"BreadcrumbList\",\"@id\":\"https:\\\/\\\/vitablanca.ma\\\/produit\\\/placentor-serum-eclat-anti-pollution-30ml\\\/#breadcrumb\",\"itemListElement\":[{\"@type\":\"ListItem\",\"position\":1,\"name\":\"Home\",\"item\":\"https:\\\/\\\/vitablanca.ma\\\/\"},{\"@type\":\"ListItem\",\"position\":2,\"name\":\"Tous Les Produits\",\"item\":\"https:\\\/\\\/vitablanca.ma\\\/tous-les-produits\\\/\"},{\"@type\":\"ListItem\",\"position\":3,\"name\":\"Placentor S\u00e9rum \u00c9clat Anti-pollution 30ml\"}]},{\"@type\":\"WebSite\",\"@id\":\"https:\\\/\\\/vitablanca.ma\\\/#website\",\"url\":\"https:\\\/\\\/vitablanca.ma\\\/\",\"name\":\"VitaBlanca.ma | Compl\u00e9ments alimentaires, sant\u00e9 & beaut\u00e9 au Maroc\",\"description\":\"vendre vitamines et compl\u00e9ments premium des USA &amp; Canada, Nouvelle Z\u00e9lande,Maroc (NOW Foods, Solgar, Manuka). Livraison rapide partout au Maroc.\",\"publisher\":{\"@id\":\"https:\\\/\\\/vitablanca.ma\\\/#organization\"},\"alternateName\":\"VitaBlanca.ma\",\"potentialAction\":[{\"@type\":\"SearchAction\",\"target\":{\"@type\":\"EntryPoint\",\"urlTemplate\":\"https:\\\/\\\/vitablanca.ma\\\/?s={search_term_string}\"},\"query-input\":{\"@type\":\"PropertyValueSpecification\",\"valueRequired\":true,\"valueName\":\"search_term_string\"}}],\"inLanguage\":\"en-US\"},{\"@type\":\"Organization\",\"@id\":\"https:\\\/\\\/vitablanca.ma\\\/#organization\",\"name\":\"VitaBlanca\",\"url\":\"https:\\\/\\\/vitablanca.ma\\\/\",\"logo\":{\"@type\":\"ImageObject\",\"inLanguage\":\"en-US\",\"@id\":\"https:\\\/\\\/vitablanca.ma\\\/#\\\/schema\\\/logo\\\/image\\\/\",\"url\":\"https:\\\/\\\/vitablanca.ma\\\/wp-content\\\/uploads\\\/2025\\\/05\\\/cropped-vitablanca.png\",\"contentUrl\":\"https:\\\/\\\/vitablanca.ma\\\/wp-content\\\/uploads\\\/2025\\\/05\\\/cropped-vitablanca.png\",\"width\":360,\"height\":67,\"caption\":\"VitaBlanca\"},\"image\":{\"@id\":\"https:\\\/\\\/vitablanca.ma\\\/#\\\/schema\\\/logo\\\/image\\\/\"},\"sameAs\":[\"https:\\\/\\\/www.facebook.com\\\/profile.php?id=61576678196717\",\"https:\\\/\\\/www.tiktok.com\\\/@vitablanca.ma\",\"https:\\\/\\\/www.instagram.com\\\/vitablanca.ma\\\/\"]}]}<\/script>\n<!-- \/ Yoast SEO plugin. -->","yoast_head_json":{"title":"Placentor Anti-pollution Radiance Serum 30ml - Morocco Price","description":"Placentor Anti-pollution Radiance Serum 30ml","robots":{"index":"index","follow":"follow","max-snippet":"max-snippet:-1","max-image-preview":"max-image-preview:large","max-video-preview":"max-video-preview:-1"},"canonical":"https:\/\/vitablanca.ma\/en\/product\/placentor-serum-eclat-anti-pollution-30ml\/","og_locale":"en_US","og_type":"article","og_title":"Placentor S\u00e9rum \u00c9clat Anti-pollution 30ml - Maroc Prix","og_description":"Placentor S\u00e9rum \u00c9clat Anti-pollution 30ml","og_url":"https:\/\/vitablanca.ma\/en\/product\/placentor-serum-eclat-anti-pollution-30ml\/","og_site_name":"Vitablanca.ma &ndash; Sant&eacute;, vitalit&eacute; et bien-&ecirc;tre pour tous les Marocains","article_publisher":"https:\/\/www.facebook.com\/profile.php?id=61576678196717","og_image":[{"width":1000,"height":1000,"url":"https:\/\/vitablanca.ma\/wp-content\/uploads\/2025\/06\/Placentor-Serum-Eclat-Anti-pollution-30ml-nova-parapharmacie-maroc.jpg","type":"image\/jpeg"}],"twitter_card":"summary_large_image","twitter_misc":{"Est. reading time":"1 minute"},"schema":{"@context":"https:\/\/schema.org","@graph":[{"@type":["WebPage","ItemPage"],"@id":"https:\/\/vitablanca.ma\/produit\/placentor-serum-eclat-anti-pollution-30ml\/","url":"https:\/\/vitablanca.ma\/produit\/placentor-serum-eclat-anti-pollution-30ml\/","name":"Placentor Anti-pollution Radiance Serum 30ml - Morocco Price","isPartOf":{"@id":"https:\/\/vitablanca.ma\/#website"},"primaryImageOfPage":{"@id":"https:\/\/vitablanca.ma\/produit\/placentor-serum-eclat-anti-pollution-30ml\/#primaryimage"},"image":{"@id":"https:\/\/vitablanca.ma\/produit\/placentor-serum-eclat-anti-pollution-30ml\/#primaryimage"},"thumbnailUrl":"https:\/\/vitablanca.ma\/wp-content\/uploads\/2025\/06\/Placentor-Serum-Eclat-Anti-pollution-30ml-nova-parapharmacie-maroc.jpg","datePublished":"2025-06-11T21:19:24+00:00","description":"Placentor Anti-pollution Radiance Serum 30ml","breadcrumb":{"@id":"https:\/\/vitablanca.ma\/produit\/placentor-serum-eclat-anti-pollution-30ml\/#breadcrumb"},"inLanguage":"en-US","potentialAction":[{"@type":"ReadAction","target":["https:\/\/vitablanca.ma\/produit\/placentor-serum-eclat-anti-pollution-30ml\/"]}]},{"@type":"ImageObject","inLanguage":"en-US","@id":"https:\/\/vitablanca.ma\/produit\/placentor-serum-eclat-anti-pollution-30ml\/#primaryimage","url":"https:\/\/vitablanca.ma\/wp-content\/uploads\/2025\/06\/Placentor-Serum-Eclat-Anti-pollution-30ml-nova-parapharmacie-maroc.jpg","contentUrl":"https:\/\/vitablanca.ma\/wp-content\/uploads\/2025\/06\/Placentor-Serum-Eclat-Anti-pollution-30ml-nova-parapharmacie-maroc.jpg","width":1000,"height":1000},{"@type":"BreadcrumbList","@id":"https:\/\/vitablanca.ma\/produit\/placentor-serum-eclat-anti-pollution-30ml\/#breadcrumb","itemListElement":[{"@type":"ListItem","position":1,"name":"Home","item":"https:\/\/vitablanca.ma\/"},{"@type":"ListItem","position":2,"name":"Tous Les Produits","item":"https:\/\/vitablanca.ma\/tous-les-produits\/"},{"@type":"ListItem","position":3,"name":"Placentor S\u00e9rum \u00c9clat Anti-pollution 30ml"}]},{"@type":"WebSite","@id":"https:\/\/vitablanca.ma\/#website","url":"https:\/\/vitablanca.ma\/","name":"VitaBlanca.ma | Food supplements, health &amp; beauty in Morocco","description":"sell premium vitamins and supplements from USA &amp; Canada, New Zealand, Morocco (NOW Foods, Solgar, Manuka). Fast delivery anywhere in Morocco.","publisher":{"@id":"https:\/\/vitablanca.ma\/#organization"},"alternateName":"VitaBlanca.ma","potentialAction":[{"@type":"SearchAction","target":{"@type":"EntryPoint","urlTemplate":"https:\/\/vitablanca.ma\/?s={search_term_string}"},"query-input":{"@type":"PropertyValueSpecification","valueRequired":true,"valueName":"search_term_string"}}],"inLanguage":"en-US"},{"@type":"Organization","@id":"https:\/\/vitablanca.ma\/#organization","name":"VitaBlanca","url":"https:\/\/vitablanca.ma\/","logo":{"@type":"ImageObject","inLanguage":"en-US","@id":"https:\/\/vitablanca.ma\/#\/schema\/logo\/image\/","url":"https:\/\/vitablanca.ma\/wp-content\/uploads\/2025\/05\/cropped-vitablanca.png","contentUrl":"https:\/\/vitablanca.ma\/wp-content\/uploads\/2025\/05\/cropped-vitablanca.png","width":360,"height":67,"caption":"VitaBlanca"},"image":{"@id":"https:\/\/vitablanca.ma\/#\/schema\/logo\/image\/"},"sameAs":["https:\/\/www.facebook.com\/profile.php?id=61576678196717","https:\/\/www.tiktok.com\/@vitablanca.ma","https:\/\/www.instagram.com\/vitablanca.ma\/"]}]}},"jetpack_sharing_enabled":true,"_links":{"self":[{"href":"https:\/\/vitablanca.ma\/en\/wp-json\/wp\/v2\/product\/21325","targetHints":{"allow":["GET"]}}],"collection":[{"href":"https:\/\/vitablanca.ma\/en\/wp-json\/wp\/v2\/product"}],"about":[{"href":"https:\/\/vitablanca.ma\/en\/wp-json\/wp\/v2\/types\/product"}],"wp:featuredmedia":[{"embeddable":true,"href":"https:\/\/vitablanca.ma\/en\/wp-json\/wp\/v2\/media\/21324"}],"wp:attachment":[{"href":"https:\/\/vitablanca.ma\/en\/wp-json\/wp\/v2\/media?parent=21325"}],"wp:term":[{"taxonomy":"product_brand","embeddable":true,"href":"https:\/\/vitablanca.ma\/en\/wp-json\/wp\/v2\/product_brand?post=21325"},{"taxonomy":"product_cat","embeddable":true,"href":"https:\/\/vitablanca.ma\/en\/wp-json\/wp\/v2\/product_cat?post=21325"},{"taxonomy":"product_tag","embeddable":true,"href":"https:\/\/vitablanca.ma\/en\/wp-json\/wp\/v2\/product_tag?post=21325"}],"curies":[{"name":"wp","href":"https:\/\/api.w.org\/{rel}","templated":true}]}}