{"id":21322,"date":"2025-06-11T21:19:20","date_gmt":"2025-06-11T21:19:20","guid":{"rendered":"https:\/\/vitablanca.ma\/product\/placentor-serum-regenerant-30ml\/"},"modified":"2025-06-11T21:19:20","modified_gmt":"2025-06-11T21:19:20","slug":"placentor-serum-regenerant-30ml","status":"publish","type":"product","link":"https:\/\/vitablanca.ma\/en\/product\/placentor-serum-regenerant-30ml\/","title":{"rendered":"Placentor Regenerating Serum 30ml"},"content":{"rendered":"<h2 data-mce-fragment=\"1\">Placentor Regenerating Serum, Anti-Aging Treatment, Face and Eye Contour<\/h2>\n<p>Stress, fatigue, and aging lead to a desynchronization of the skin&#039;s biological clock. The protective (day) and repair (night) mechanisms are impaired. The results: the skin becomes dehydrated, dull, lacking in firmness, and wrinkles deepen.<\/p>\n<p>This regenerating serum provides a comprehensive response. An innovative active ingredient (Lindera root) resynchronizes the skin&#039;s biological clock. A complex of 12 active ingredients (hyaluronic acid, marine collagen, plant-based dermo-tensor) promotes skin protection and repair.<\/p>\n<p><strong>Day after day:<\/strong><span>\u00a0<\/span>the skin is lastingly hydrated and protected.<br \/><strong>Night after night:<\/strong><span>\u00a0<\/span>the restorative effects of sleep on the skin are optimized and the signs of aging are reduced.<\/p>\n<p>Suitable for sensitive skin<\/p>\n<h3>RESULTS\u00a0<\/h3>\n<div id=\"tabs-2\" class=\"hidescale make_transist showscale\">\n<ul>\n<li>After 28 days<span style=\"font-size: 11.6667px\" data-mce-style=\"font-size: 11.6667px;\"> <\/span>:<\/li>\n<li>\n<strong>92%<span>\u00a0<\/span><\/strong>: Improved skin quality<\/li>\n<li>\n<strong>83%<span>\u00a0<\/span><\/strong>: Reduced wrinkles<\/li>\n<li>\n<strong>96%<span>\u00a0<\/span><\/strong>: Redesigned facial contours<\/li>\n<\/ul>\n<p>Satisfaction test carried out by an independent laboratory on 24 volunteers after 28 days of twice-daily application<\/p>\n<h3>Instructions for use<\/h3>\n<div id=\"tabs\">\n<div id=\"tabs_container\" class=\"transition\">\n<div id=\"tabs-5\" class=\"hidescale make_transist showscale\">\n<p>Directions for use: Apply morning and evening to the face and eye area, preferably under your daily Placentor V\u00e9g\u00e9tal skincare. Excellent makeup base. External use.<\/p>\n<h3>INGREDIENTS\u00a0<\/h3>\n<p>Aqua, Glycerin**, Propanediol**, Hydrolyzed soy protein**, Butyrospermum parkii butter**, Hydrolyzed collagen, Fagus sylvatica bud extract**, Lindera strychnifolia root extract**, Sodium hyaluronate, Kigelia africana fruit extract**, Quillaja saponaria bark extract**, Citrullus lanatus seed oil**, Argania spinosa kernel oil**, Biosaccharide gum-1, Sodium levulinate**, Methyl methacrylate crosspolymer, Sodium polyacrylate, Glyceryl caprylate**, Helianthus annuus seed oil**, Tocopherol**, Ethylhexylglycerin, Parfum, Phenoxyethanol, Benzyl alcohol, Benzoic acid, Sorbic acid, Sodium anisate**, Benzyl salicylate, Linalool, Hexyl cinnamal, Alpha-isomethyl ionone, Hydroxycitronellal, Eugenol, Geraniol, Citronellol.<\/p>\n<\/div>\n<\/div>\n<\/div>\n<\/div>\n<div id=\"tabs-3\" class=\"hidescale make_transist\">\n<p>\u00a0<\/p>\n<\/div>\n<div id=\"tabs-4\" class=\"hidescale make_transist\"><\/div>","protected":false},"excerpt":{"rendered":"<p>Placentor S\u00e9rum r\u00e9g\u00e9n\u00e9rant, Soin Anti-\u00c2ge, Visage et contour des yeux Le stress, la fatigue, le vieillissement conduisent \u00e0 une d\u00e9synchronisation de l\u2019horloge biologique cutan\u00e9e. Les m\u00e9canismes de protection (jour) et de r\u00e9paration (nuit) sont alt\u00e9r\u00e9s. R\u00e9sultats\u00a0: la peau devient d\u00e9shydrat\u00e9e, terne, elle manque de fermet\u00e9 et les rides se creusent. Ce s\u00e9rum r\u00e9g\u00e9n\u00e9rant apporte une [&hellip;]<\/p>\n","protected":false},"featured_media":21320,"template":"","meta":{"om_disable_all_campaigns":false},"product_brand":[],"product_cat":[15],"product_tag":[],"class_list":{"0":"post-21322","1":"product","2":"type-product","3":"status-publish","4":"has-post-thumbnail","6":"product_cat-beaute-sante-complements-alimentaires-soins-et-bien-etre-au-meilleur-prix","8":"first","9":"instock","10":"sale","11":"taxable","12":"shipping-taxable","13":"purchasable","14":"product-type-simple"},"yoast_head":"<!-- This site is optimized with the Yoast SEO plugin v27.3 - https:\/\/yoast.com\/product\/yoast-seo-wordpress\/ -->\n<title>Placentor S\u00e9rum r\u00e9g\u00e9n\u00e9rant 30ml - Maroc Prix<\/title>\n<meta name=\"description\" content=\"Placentor S\u00e9rum r\u00e9g\u00e9n\u00e9rant 30ml\" \/>\n<meta name=\"robots\" content=\"index, follow, max-snippet:-1, max-image-preview:large, max-video-preview:-1\" \/>\n<link rel=\"canonical\" href=\"https:\/\/vitablanca.ma\/en\/product\/placentor-serum-regenerant-30ml\/\" \/>\n<meta property=\"og:locale\" content=\"en_US\" \/>\n<meta property=\"og:type\" content=\"article\" \/>\n<meta property=\"og:title\" content=\"Placentor S\u00e9rum r\u00e9g\u00e9n\u00e9rant 30ml - Maroc Prix\" \/>\n<meta property=\"og:description\" content=\"Placentor S\u00e9rum r\u00e9g\u00e9n\u00e9rant 30ml\" \/>\n<meta property=\"og:url\" content=\"https:\/\/vitablanca.ma\/en\/product\/placentor-serum-regenerant-30ml\/\" \/>\n<meta property=\"og:site_name\" content=\"Vitablanca.ma &ndash; Sant&eacute;, vitalit&eacute; et bien-&ecirc;tre pour tous les Marocains\" \/>\n<meta property=\"article:publisher\" content=\"https:\/\/www.facebook.com\/profile.php?id=61576678196717\" \/>\n<meta property=\"og:image\" content=\"https:\/\/vitablanca.ma\/wp-content\/uploads\/2025\/06\/Placentor-Serum-regenerant-30ml-nova-para-casablanca.jpg\" \/>\n\t<meta property=\"og:image:width\" content=\"1000\" \/>\n\t<meta property=\"og:image:height\" content=\"1000\" \/>\n\t<meta property=\"og:image:type\" content=\"image\/jpeg\" \/>\n<meta name=\"twitter:card\" content=\"summary_large_image\" \/>\n<meta name=\"twitter:label1\" content=\"Est. reading time\" \/>\n\t<meta name=\"twitter:data1\" content=\"2 minutes\" \/>\n<script type=\"application\/ld+json\" class=\"yoast-schema-graph\">{\"@context\":\"https:\\\/\\\/schema.org\",\"@graph\":[{\"@type\":[\"WebPage\",\"ItemPage\"],\"@id\":\"https:\\\/\\\/vitablanca.ma\\\/produit\\\/placentor-serum-regenerant-30ml\\\/\",\"url\":\"https:\\\/\\\/vitablanca.ma\\\/produit\\\/placentor-serum-regenerant-30ml\\\/\",\"name\":\"Placentor S\u00e9rum r\u00e9g\u00e9n\u00e9rant 30ml - Maroc Prix\",\"isPartOf\":{\"@id\":\"https:\\\/\\\/vitablanca.ma\\\/#website\"},\"primaryImageOfPage\":{\"@id\":\"https:\\\/\\\/vitablanca.ma\\\/produit\\\/placentor-serum-regenerant-30ml\\\/#primaryimage\"},\"image\":{\"@id\":\"https:\\\/\\\/vitablanca.ma\\\/produit\\\/placentor-serum-regenerant-30ml\\\/#primaryimage\"},\"thumbnailUrl\":\"https:\\\/\\\/vitablanca.ma\\\/wp-content\\\/uploads\\\/2025\\\/06\\\/Placentor-Serum-regenerant-30ml-nova-para-casablanca.jpg\",\"datePublished\":\"2025-06-11T21:19:20+00:00\",\"description\":\"Placentor S\u00e9rum r\u00e9g\u00e9n\u00e9rant 30ml\",\"breadcrumb\":{\"@id\":\"https:\\\/\\\/vitablanca.ma\\\/produit\\\/placentor-serum-regenerant-30ml\\\/#breadcrumb\"},\"inLanguage\":\"en-US\",\"potentialAction\":[{\"@type\":\"ReadAction\",\"target\":[\"https:\\\/\\\/vitablanca.ma\\\/produit\\\/placentor-serum-regenerant-30ml\\\/\"]}]},{\"@type\":\"ImageObject\",\"inLanguage\":\"en-US\",\"@id\":\"https:\\\/\\\/vitablanca.ma\\\/produit\\\/placentor-serum-regenerant-30ml\\\/#primaryimage\",\"url\":\"https:\\\/\\\/vitablanca.ma\\\/wp-content\\\/uploads\\\/2025\\\/06\\\/Placentor-Serum-regenerant-30ml-nova-para-casablanca.jpg\",\"contentUrl\":\"https:\\\/\\\/vitablanca.ma\\\/wp-content\\\/uploads\\\/2025\\\/06\\\/Placentor-Serum-regenerant-30ml-nova-para-casablanca.jpg\",\"width\":1000,\"height\":1000},{\"@type\":\"BreadcrumbList\",\"@id\":\"https:\\\/\\\/vitablanca.ma\\\/produit\\\/placentor-serum-regenerant-30ml\\\/#breadcrumb\",\"itemListElement\":[{\"@type\":\"ListItem\",\"position\":1,\"name\":\"Home\",\"item\":\"https:\\\/\\\/vitablanca.ma\\\/\"},{\"@type\":\"ListItem\",\"position\":2,\"name\":\"Tous Les Produits\",\"item\":\"https:\\\/\\\/vitablanca.ma\\\/tous-les-produits\\\/\"},{\"@type\":\"ListItem\",\"position\":3,\"name\":\"Placentor S\u00e9rum r\u00e9g\u00e9n\u00e9rant 30ml\"}]},{\"@type\":\"WebSite\",\"@id\":\"https:\\\/\\\/vitablanca.ma\\\/#website\",\"url\":\"https:\\\/\\\/vitablanca.ma\\\/\",\"name\":\"VitaBlanca.ma | Compl\u00e9ments alimentaires, sant\u00e9 & beaut\u00e9 au Maroc\",\"description\":\"vendre vitamines et compl\u00e9ments premium des USA &amp; Canada, Nouvelle Z\u00e9lande,Maroc (NOW Foods, Solgar, Manuka). Livraison rapide partout au Maroc.\",\"publisher\":{\"@id\":\"https:\\\/\\\/vitablanca.ma\\\/#organization\"},\"alternateName\":\"VitaBlanca.ma\",\"potentialAction\":[{\"@type\":\"SearchAction\",\"target\":{\"@type\":\"EntryPoint\",\"urlTemplate\":\"https:\\\/\\\/vitablanca.ma\\\/?s={search_term_string}\"},\"query-input\":{\"@type\":\"PropertyValueSpecification\",\"valueRequired\":true,\"valueName\":\"search_term_string\"}}],\"inLanguage\":\"en-US\"},{\"@type\":\"Organization\",\"@id\":\"https:\\\/\\\/vitablanca.ma\\\/#organization\",\"name\":\"VitaBlanca\",\"url\":\"https:\\\/\\\/vitablanca.ma\\\/\",\"logo\":{\"@type\":\"ImageObject\",\"inLanguage\":\"en-US\",\"@id\":\"https:\\\/\\\/vitablanca.ma\\\/#\\\/schema\\\/logo\\\/image\\\/\",\"url\":\"https:\\\/\\\/vitablanca.ma\\\/wp-content\\\/uploads\\\/2025\\\/05\\\/cropped-vitablanca.png\",\"contentUrl\":\"https:\\\/\\\/vitablanca.ma\\\/wp-content\\\/uploads\\\/2025\\\/05\\\/cropped-vitablanca.png\",\"width\":360,\"height\":67,\"caption\":\"VitaBlanca\"},\"image\":{\"@id\":\"https:\\\/\\\/vitablanca.ma\\\/#\\\/schema\\\/logo\\\/image\\\/\"},\"sameAs\":[\"https:\\\/\\\/www.facebook.com\\\/profile.php?id=61576678196717\",\"https:\\\/\\\/www.tiktok.com\\\/@vitablanca.ma\",\"https:\\\/\\\/www.instagram.com\\\/vitablanca.ma\\\/\"]}]}<\/script>\n<!-- \/ Yoast SEO plugin. -->","yoast_head_json":{"title":"Placentor Regenerating Serum 30ml - Morocco Price","description":"Placentor Regenerating Serum 30ml","robots":{"index":"index","follow":"follow","max-snippet":"max-snippet:-1","max-image-preview":"max-image-preview:large","max-video-preview":"max-video-preview:-1"},"canonical":"https:\/\/vitablanca.ma\/en\/product\/placentor-serum-regenerant-30ml\/","og_locale":"en_US","og_type":"article","og_title":"Placentor S\u00e9rum r\u00e9g\u00e9n\u00e9rant 30ml - Maroc Prix","og_description":"Placentor S\u00e9rum r\u00e9g\u00e9n\u00e9rant 30ml","og_url":"https:\/\/vitablanca.ma\/en\/product\/placentor-serum-regenerant-30ml\/","og_site_name":"Vitablanca.ma &ndash; Sant&eacute;, vitalit&eacute; et bien-&ecirc;tre pour tous les Marocains","article_publisher":"https:\/\/www.facebook.com\/profile.php?id=61576678196717","og_image":[{"width":1000,"height":1000,"url":"https:\/\/vitablanca.ma\/wp-content\/uploads\/2025\/06\/Placentor-Serum-regenerant-30ml-nova-para-casablanca.jpg","type":"image\/jpeg"}],"twitter_card":"summary_large_image","twitter_misc":{"Est. reading time":"2 minutes"},"schema":{"@context":"https:\/\/schema.org","@graph":[{"@type":["WebPage","ItemPage"],"@id":"https:\/\/vitablanca.ma\/produit\/placentor-serum-regenerant-30ml\/","url":"https:\/\/vitablanca.ma\/produit\/placentor-serum-regenerant-30ml\/","name":"Placentor Regenerating Serum 30ml - Morocco Price","isPartOf":{"@id":"https:\/\/vitablanca.ma\/#website"},"primaryImageOfPage":{"@id":"https:\/\/vitablanca.ma\/produit\/placentor-serum-regenerant-30ml\/#primaryimage"},"image":{"@id":"https:\/\/vitablanca.ma\/produit\/placentor-serum-regenerant-30ml\/#primaryimage"},"thumbnailUrl":"https:\/\/vitablanca.ma\/wp-content\/uploads\/2025\/06\/Placentor-Serum-regenerant-30ml-nova-para-casablanca.jpg","datePublished":"2025-06-11T21:19:20+00:00","description":"Placentor Regenerating Serum 30ml","breadcrumb":{"@id":"https:\/\/vitablanca.ma\/produit\/placentor-serum-regenerant-30ml\/#breadcrumb"},"inLanguage":"en-US","potentialAction":[{"@type":"ReadAction","target":["https:\/\/vitablanca.ma\/produit\/placentor-serum-regenerant-30ml\/"]}]},{"@type":"ImageObject","inLanguage":"en-US","@id":"https:\/\/vitablanca.ma\/produit\/placentor-serum-regenerant-30ml\/#primaryimage","url":"https:\/\/vitablanca.ma\/wp-content\/uploads\/2025\/06\/Placentor-Serum-regenerant-30ml-nova-para-casablanca.jpg","contentUrl":"https:\/\/vitablanca.ma\/wp-content\/uploads\/2025\/06\/Placentor-Serum-regenerant-30ml-nova-para-casablanca.jpg","width":1000,"height":1000},{"@type":"BreadcrumbList","@id":"https:\/\/vitablanca.ma\/produit\/placentor-serum-regenerant-30ml\/#breadcrumb","itemListElement":[{"@type":"ListItem","position":1,"name":"Home","item":"https:\/\/vitablanca.ma\/"},{"@type":"ListItem","position":2,"name":"Tous Les Produits","item":"https:\/\/vitablanca.ma\/tous-les-produits\/"},{"@type":"ListItem","position":3,"name":"Placentor S\u00e9rum r\u00e9g\u00e9n\u00e9rant 30ml"}]},{"@type":"WebSite","@id":"https:\/\/vitablanca.ma\/#website","url":"https:\/\/vitablanca.ma\/","name":"VitaBlanca.ma | Food supplements, health &amp; beauty in Morocco","description":"sell premium vitamins and supplements from USA &amp; Canada, New Zealand, Morocco (NOW Foods, Solgar, Manuka). Fast delivery anywhere in Morocco.","publisher":{"@id":"https:\/\/vitablanca.ma\/#organization"},"alternateName":"VitaBlanca.ma","potentialAction":[{"@type":"SearchAction","target":{"@type":"EntryPoint","urlTemplate":"https:\/\/vitablanca.ma\/?s={search_term_string}"},"query-input":{"@type":"PropertyValueSpecification","valueRequired":true,"valueName":"search_term_string"}}],"inLanguage":"en-US"},{"@type":"Organization","@id":"https:\/\/vitablanca.ma\/#organization","name":"VitaBlanca","url":"https:\/\/vitablanca.ma\/","logo":{"@type":"ImageObject","inLanguage":"en-US","@id":"https:\/\/vitablanca.ma\/#\/schema\/logo\/image\/","url":"https:\/\/vitablanca.ma\/wp-content\/uploads\/2025\/05\/cropped-vitablanca.png","contentUrl":"https:\/\/vitablanca.ma\/wp-content\/uploads\/2025\/05\/cropped-vitablanca.png","width":360,"height":67,"caption":"VitaBlanca"},"image":{"@id":"https:\/\/vitablanca.ma\/#\/schema\/logo\/image\/"},"sameAs":["https:\/\/www.facebook.com\/profile.php?id=61576678196717","https:\/\/www.tiktok.com\/@vitablanca.ma","https:\/\/www.instagram.com\/vitablanca.ma\/"]}]}},"jetpack_sharing_enabled":true,"_links":{"self":[{"href":"https:\/\/vitablanca.ma\/en\/wp-json\/wp\/v2\/product\/21322","targetHints":{"allow":["GET"]}}],"collection":[{"href":"https:\/\/vitablanca.ma\/en\/wp-json\/wp\/v2\/product"}],"about":[{"href":"https:\/\/vitablanca.ma\/en\/wp-json\/wp\/v2\/types\/product"}],"wp:featuredmedia":[{"embeddable":true,"href":"https:\/\/vitablanca.ma\/en\/wp-json\/wp\/v2\/media\/21320"}],"wp:attachment":[{"href":"https:\/\/vitablanca.ma\/en\/wp-json\/wp\/v2\/media?parent=21322"}],"wp:term":[{"taxonomy":"product_brand","embeddable":true,"href":"https:\/\/vitablanca.ma\/en\/wp-json\/wp\/v2\/product_brand?post=21322"},{"taxonomy":"product_cat","embeddable":true,"href":"https:\/\/vitablanca.ma\/en\/wp-json\/wp\/v2\/product_cat?post=21322"},{"taxonomy":"product_tag","embeddable":true,"href":"https:\/\/vitablanca.ma\/en\/wp-json\/wp\/v2\/product_tag?post=21322"}],"curies":[{"name":"wp","href":"https:\/\/api.w.org\/{rel}","templated":true}]}}