{"id":21319,"date":"2025-06-11T21:19:16","date_gmt":"2025-06-11T21:19:16","guid":{"rendered":"https:\/\/vitablanca.ma\/product\/perio-aid-gel-dentifrice-intensive-care-0-12-75ml\/"},"modified":"2025-06-11T21:19:16","modified_gmt":"2025-06-11T21:19:16","slug":"perio-aid-gel-dentifrice-intensive-care-0-12-75ml","status":"publish","type":"product","link":"https:\/\/vitablanca.ma\/en\/product\/perio-aid-gel-dentifrice-intensive-care-0-12-75ml\/","title":{"rendered":"Perio-aid Intensive Care Toothpaste Gel 0.12% 75ml"},"content":{"rendered":"<h2>Perio-aid Intensive Care Toothpaste Gel 0.12% 75ml<\/h2>\n<p>Perio Aid Gel Toothpaste 75ml Its formula contains: \u2013 Chlorhexidine digluconate 0.12%, a long-acting, broad-spectrum antiseptic. Bactericidal and bacteriostatic properties to restore \u2013 and\/or maintain oral health.<\/p>\n<p>Indications: \u2013 Associated with periodontal and implant treatments. Localized infections and inflammations, etc. \u2013 Oral hygiene well adapted in the presence of appliances and prostheses or implants, due to its zero abrasiveness.<\/p>\n<p>Gel toothpaste without any anionic agent, does not alter the effectiveness of a chlorhexidine mouthwash used immediately after brushing, unlike most toothpastes. Thanks to the persistence of chlorhexidine, the action is prolonged for 10 to 12 hours.<\/p>\n<p>Allows for local application.<\/p>\n<p>Directions for use: \u2013 Use like a regular toothpaste by applying a small amount of gel to a soft, rounded toothbrush. Brush sensitive areas thoroughly at least twice a day, using vertical strokes from the gums towards the teeth. \u2013 Most toothpastes contain detergents that inactivate chlorhexidine. Do not use them with Perio-Aid Gel or Perio.Aid mouthwashes.<\/p>\n<p>Presentation: \u00b7 75 ml toothpaste gel<\/p>","protected":false},"excerpt":{"rendered":"<p>Perio-aid Gel Dentifrice Intensive Care 0.12% 75ml Perio Aid Gel Dentifrice 75ml Sa formule contient: \u2013 Digluconate de chlorhexidine \u00e0 0,12%, antiseptique \u00e0 large spectre \u00e0 longue dur\u00e9e d\u2019action. Propri\u00e9t\u00e9s bact\u00e9ricides et bact\u00e9riostatiques pour restaurer \u2013 et \/ou maintenir la sant\u00e9 bucco-dentaire. Indications: \u2013 Associ\u00e9 aux traitements parodontaux et implantaires. Infections et inflammations localis\u00e9es, etc. [&hellip;]<\/p>\n","protected":false},"featured_media":21318,"template":"","meta":{"om_disable_all_campaigns":false},"product_brand":[],"product_cat":[15],"product_tag":[],"class_list":{"0":"post-21319","1":"product","2":"type-product","3":"status-publish","4":"has-post-thumbnail","6":"product_cat-beaute-sante-complements-alimentaires-soins-et-bien-etre-au-meilleur-prix","8":"first","9":"instock","10":"sale","11":"taxable","12":"shipping-taxable","13":"purchasable","14":"product-type-simple"},"yoast_head":"<!-- This site is optimized with the Yoast SEO plugin v27.3 - https:\/\/yoast.com\/product\/yoast-seo-wordpress\/ -->\n<title>Perio-aid Gel Dentifrice Intensive Care 0.12% 75ml - Maroc Prix<\/title>\n<meta name=\"description\" content=\"Perio-aid Gel Dentifrice Intensive Care 0.12% 75ml\" \/>\n<meta name=\"robots\" content=\"index, follow, max-snippet:-1, max-image-preview:large, max-video-preview:-1\" \/>\n<link rel=\"canonical\" href=\"https:\/\/vitablanca.ma\/en\/product\/perio-aid-gel-dentifrice-intensive-care-0-12-75ml\/\" \/>\n<meta property=\"og:locale\" content=\"en_US\" \/>\n<meta property=\"og:type\" content=\"article\" \/>\n<meta property=\"og:title\" content=\"Perio-aid Gel Dentifrice Intensive Care 0.12% 75ml - Maroc Prix\" \/>\n<meta property=\"og:description\" content=\"Perio-aid Gel Dentifrice Intensive Care 0.12% 75ml\" \/>\n<meta property=\"og:url\" content=\"https:\/\/vitablanca.ma\/en\/product\/perio-aid-gel-dentifrice-intensive-care-0-12-75ml\/\" \/>\n<meta property=\"og:site_name\" content=\"Vitablanca.ma &ndash; Sant&eacute;, vitalit&eacute; et bien-&ecirc;tre pour tous les Marocains\" \/>\n<meta property=\"article:publisher\" content=\"https:\/\/www.facebook.com\/profile.php?id=61576678196717\" \/>\n<meta property=\"og:image\" content=\"https:\/\/vitablanca.ma\/wp-content\/uploads\/2025\/06\/perio-aid-gel-dentifrice-012-chlorhexidine-75ml_a733e06a-f523-403a-ac5e-f9d1064dacb3-Nova-para-prix-Maroc.jpg\" \/>\n\t<meta property=\"og:image:width\" content=\"500\" \/>\n\t<meta property=\"og:image:height\" content=\"500\" \/>\n\t<meta property=\"og:image:type\" content=\"image\/jpeg\" \/>\n<meta name=\"twitter:card\" content=\"summary_large_image\" \/>\n<meta name=\"twitter:label1\" content=\"Est. reading time\" \/>\n\t<meta name=\"twitter:data1\" content=\"1 minute\" \/>\n<script type=\"application\/ld+json\" class=\"yoast-schema-graph\">{\"@context\":\"https:\\\/\\\/schema.org\",\"@graph\":[{\"@type\":[\"WebPage\",\"ItemPage\"],\"@id\":\"https:\\\/\\\/vitablanca.ma\\\/produit\\\/perio-aid-gel-dentifrice-intensive-care-0-12-75ml\\\/\",\"url\":\"https:\\\/\\\/vitablanca.ma\\\/produit\\\/perio-aid-gel-dentifrice-intensive-care-0-12-75ml\\\/\",\"name\":\"Perio-aid Gel Dentifrice Intensive Care 0.12% 75ml - Maroc Prix\",\"isPartOf\":{\"@id\":\"https:\\\/\\\/vitablanca.ma\\\/#website\"},\"primaryImageOfPage\":{\"@id\":\"https:\\\/\\\/vitablanca.ma\\\/produit\\\/perio-aid-gel-dentifrice-intensive-care-0-12-75ml\\\/#primaryimage\"},\"image\":{\"@id\":\"https:\\\/\\\/vitablanca.ma\\\/produit\\\/perio-aid-gel-dentifrice-intensive-care-0-12-75ml\\\/#primaryimage\"},\"thumbnailUrl\":\"https:\\\/\\\/vitablanca.ma\\\/wp-content\\\/uploads\\\/2025\\\/06\\\/perio-aid-gel-dentifrice-012-chlorhexidine-75ml_a733e06a-f523-403a-ac5e-f9d1064dacb3-Nova-para-prix-Maroc.jpg\",\"datePublished\":\"2025-06-11T21:19:16+00:00\",\"description\":\"Perio-aid Gel Dentifrice Intensive Care 0.12% 75ml\",\"breadcrumb\":{\"@id\":\"https:\\\/\\\/vitablanca.ma\\\/produit\\\/perio-aid-gel-dentifrice-intensive-care-0-12-75ml\\\/#breadcrumb\"},\"inLanguage\":\"en-US\",\"potentialAction\":[{\"@type\":\"ReadAction\",\"target\":[\"https:\\\/\\\/vitablanca.ma\\\/produit\\\/perio-aid-gel-dentifrice-intensive-care-0-12-75ml\\\/\"]}]},{\"@type\":\"ImageObject\",\"inLanguage\":\"en-US\",\"@id\":\"https:\\\/\\\/vitablanca.ma\\\/produit\\\/perio-aid-gel-dentifrice-intensive-care-0-12-75ml\\\/#primaryimage\",\"url\":\"https:\\\/\\\/vitablanca.ma\\\/wp-content\\\/uploads\\\/2025\\\/06\\\/perio-aid-gel-dentifrice-012-chlorhexidine-75ml_a733e06a-f523-403a-ac5e-f9d1064dacb3-Nova-para-prix-Maroc.jpg\",\"contentUrl\":\"https:\\\/\\\/vitablanca.ma\\\/wp-content\\\/uploads\\\/2025\\\/06\\\/perio-aid-gel-dentifrice-012-chlorhexidine-75ml_a733e06a-f523-403a-ac5e-f9d1064dacb3-Nova-para-prix-Maroc.jpg\",\"width\":500,\"height\":500},{\"@type\":\"BreadcrumbList\",\"@id\":\"https:\\\/\\\/vitablanca.ma\\\/produit\\\/perio-aid-gel-dentifrice-intensive-care-0-12-75ml\\\/#breadcrumb\",\"itemListElement\":[{\"@type\":\"ListItem\",\"position\":1,\"name\":\"Home\",\"item\":\"https:\\\/\\\/vitablanca.ma\\\/\"},{\"@type\":\"ListItem\",\"position\":2,\"name\":\"Tous Les Produits\",\"item\":\"https:\\\/\\\/vitablanca.ma\\\/tous-les-produits\\\/\"},{\"@type\":\"ListItem\",\"position\":3,\"name\":\"Perio-aid Gel Dentifrice Intensive Care 0.12% 75ml\"}]},{\"@type\":\"WebSite\",\"@id\":\"https:\\\/\\\/vitablanca.ma\\\/#website\",\"url\":\"https:\\\/\\\/vitablanca.ma\\\/\",\"name\":\"VitaBlanca.ma | Compl\u00e9ments alimentaires, sant\u00e9 & beaut\u00e9 au Maroc\",\"description\":\"vendre vitamines et compl\u00e9ments premium des USA &amp; Canada, Nouvelle Z\u00e9lande,Maroc (NOW Foods, Solgar, Manuka). Livraison rapide partout au Maroc.\",\"publisher\":{\"@id\":\"https:\\\/\\\/vitablanca.ma\\\/#organization\"},\"alternateName\":\"VitaBlanca.ma\",\"potentialAction\":[{\"@type\":\"SearchAction\",\"target\":{\"@type\":\"EntryPoint\",\"urlTemplate\":\"https:\\\/\\\/vitablanca.ma\\\/?s={search_term_string}\"},\"query-input\":{\"@type\":\"PropertyValueSpecification\",\"valueRequired\":true,\"valueName\":\"search_term_string\"}}],\"inLanguage\":\"en-US\"},{\"@type\":\"Organization\",\"@id\":\"https:\\\/\\\/vitablanca.ma\\\/#organization\",\"name\":\"VitaBlanca\",\"url\":\"https:\\\/\\\/vitablanca.ma\\\/\",\"logo\":{\"@type\":\"ImageObject\",\"inLanguage\":\"en-US\",\"@id\":\"https:\\\/\\\/vitablanca.ma\\\/#\\\/schema\\\/logo\\\/image\\\/\",\"url\":\"https:\\\/\\\/vitablanca.ma\\\/wp-content\\\/uploads\\\/2025\\\/05\\\/cropped-vitablanca.png\",\"contentUrl\":\"https:\\\/\\\/vitablanca.ma\\\/wp-content\\\/uploads\\\/2025\\\/05\\\/cropped-vitablanca.png\",\"width\":360,\"height\":67,\"caption\":\"VitaBlanca\"},\"image\":{\"@id\":\"https:\\\/\\\/vitablanca.ma\\\/#\\\/schema\\\/logo\\\/image\\\/\"},\"sameAs\":[\"https:\\\/\\\/www.facebook.com\\\/profile.php?id=61576678196717\",\"https:\\\/\\\/www.tiktok.com\\\/@vitablanca.ma\",\"https:\\\/\\\/www.instagram.com\\\/vitablanca.ma\\\/\"]}]}<\/script>\n<!-- \/ Yoast SEO plugin. -->","yoast_head_json":{"title":"Perio-aid Intensive Care Toothpaste Gel 0.12% 75ml - Morocco Price","description":"Perio-aid Intensive Care Toothpaste Gel 0.12% 75ml","robots":{"index":"index","follow":"follow","max-snippet":"max-snippet:-1","max-image-preview":"max-image-preview:large","max-video-preview":"max-video-preview:-1"},"canonical":"https:\/\/vitablanca.ma\/en\/product\/perio-aid-gel-dentifrice-intensive-care-0-12-75ml\/","og_locale":"en_US","og_type":"article","og_title":"Perio-aid Gel Dentifrice Intensive Care 0.12% 75ml - Maroc Prix","og_description":"Perio-aid Gel Dentifrice Intensive Care 0.12% 75ml","og_url":"https:\/\/vitablanca.ma\/en\/product\/perio-aid-gel-dentifrice-intensive-care-0-12-75ml\/","og_site_name":"Vitablanca.ma &ndash; Sant&eacute;, vitalit&eacute; et bien-&ecirc;tre pour tous les Marocains","article_publisher":"https:\/\/www.facebook.com\/profile.php?id=61576678196717","og_image":[{"width":500,"height":500,"url":"https:\/\/vitablanca.ma\/wp-content\/uploads\/2025\/06\/perio-aid-gel-dentifrice-012-chlorhexidine-75ml_a733e06a-f523-403a-ac5e-f9d1064dacb3-Nova-para-prix-Maroc.jpg","type":"image\/jpeg"}],"twitter_card":"summary_large_image","twitter_misc":{"Est. reading time":"1 minute"},"schema":{"@context":"https:\/\/schema.org","@graph":[{"@type":["WebPage","ItemPage"],"@id":"https:\/\/vitablanca.ma\/produit\/perio-aid-gel-dentifrice-intensive-care-0-12-75ml\/","url":"https:\/\/vitablanca.ma\/produit\/perio-aid-gel-dentifrice-intensive-care-0-12-75ml\/","name":"Perio-aid Intensive Care Toothpaste Gel 0.12% 75ml - Morocco Price","isPartOf":{"@id":"https:\/\/vitablanca.ma\/#website"},"primaryImageOfPage":{"@id":"https:\/\/vitablanca.ma\/produit\/perio-aid-gel-dentifrice-intensive-care-0-12-75ml\/#primaryimage"},"image":{"@id":"https:\/\/vitablanca.ma\/produit\/perio-aid-gel-dentifrice-intensive-care-0-12-75ml\/#primaryimage"},"thumbnailUrl":"https:\/\/vitablanca.ma\/wp-content\/uploads\/2025\/06\/perio-aid-gel-dentifrice-012-chlorhexidine-75ml_a733e06a-f523-403a-ac5e-f9d1064dacb3-Nova-para-prix-Maroc.jpg","datePublished":"2025-06-11T21:19:16+00:00","description":"Perio-aid Intensive Care Toothpaste Gel 0.12% 75ml","breadcrumb":{"@id":"https:\/\/vitablanca.ma\/produit\/perio-aid-gel-dentifrice-intensive-care-0-12-75ml\/#breadcrumb"},"inLanguage":"en-US","potentialAction":[{"@type":"ReadAction","target":["https:\/\/vitablanca.ma\/produit\/perio-aid-gel-dentifrice-intensive-care-0-12-75ml\/"]}]},{"@type":"ImageObject","inLanguage":"en-US","@id":"https:\/\/vitablanca.ma\/produit\/perio-aid-gel-dentifrice-intensive-care-0-12-75ml\/#primaryimage","url":"https:\/\/vitablanca.ma\/wp-content\/uploads\/2025\/06\/perio-aid-gel-dentifrice-012-chlorhexidine-75ml_a733e06a-f523-403a-ac5e-f9d1064dacb3-Nova-para-prix-Maroc.jpg","contentUrl":"https:\/\/vitablanca.ma\/wp-content\/uploads\/2025\/06\/perio-aid-gel-dentifrice-012-chlorhexidine-75ml_a733e06a-f523-403a-ac5e-f9d1064dacb3-Nova-para-prix-Maroc.jpg","width":500,"height":500},{"@type":"BreadcrumbList","@id":"https:\/\/vitablanca.ma\/produit\/perio-aid-gel-dentifrice-intensive-care-0-12-75ml\/#breadcrumb","itemListElement":[{"@type":"ListItem","position":1,"name":"Home","item":"https:\/\/vitablanca.ma\/"},{"@type":"ListItem","position":2,"name":"Tous Les Produits","item":"https:\/\/vitablanca.ma\/tous-les-produits\/"},{"@type":"ListItem","position":3,"name":"Perio-aid Gel Dentifrice Intensive Care 0.12% 75ml"}]},{"@type":"WebSite","@id":"https:\/\/vitablanca.ma\/#website","url":"https:\/\/vitablanca.ma\/","name":"VitaBlanca.ma | Food supplements, health &amp; beauty in Morocco","description":"sell premium vitamins and supplements from USA &amp; Canada, New Zealand, Morocco (NOW Foods, Solgar, Manuka). Fast delivery anywhere in Morocco.","publisher":{"@id":"https:\/\/vitablanca.ma\/#organization"},"alternateName":"VitaBlanca.ma","potentialAction":[{"@type":"SearchAction","target":{"@type":"EntryPoint","urlTemplate":"https:\/\/vitablanca.ma\/?s={search_term_string}"},"query-input":{"@type":"PropertyValueSpecification","valueRequired":true,"valueName":"search_term_string"}}],"inLanguage":"en-US"},{"@type":"Organization","@id":"https:\/\/vitablanca.ma\/#organization","name":"VitaBlanca","url":"https:\/\/vitablanca.ma\/","logo":{"@type":"ImageObject","inLanguage":"en-US","@id":"https:\/\/vitablanca.ma\/#\/schema\/logo\/image\/","url":"https:\/\/vitablanca.ma\/wp-content\/uploads\/2025\/05\/cropped-vitablanca.png","contentUrl":"https:\/\/vitablanca.ma\/wp-content\/uploads\/2025\/05\/cropped-vitablanca.png","width":360,"height":67,"caption":"VitaBlanca"},"image":{"@id":"https:\/\/vitablanca.ma\/#\/schema\/logo\/image\/"},"sameAs":["https:\/\/www.facebook.com\/profile.php?id=61576678196717","https:\/\/www.tiktok.com\/@vitablanca.ma","https:\/\/www.instagram.com\/vitablanca.ma\/"]}]}},"jetpack_sharing_enabled":true,"_links":{"self":[{"href":"https:\/\/vitablanca.ma\/en\/wp-json\/wp\/v2\/product\/21319","targetHints":{"allow":["GET"]}}],"collection":[{"href":"https:\/\/vitablanca.ma\/en\/wp-json\/wp\/v2\/product"}],"about":[{"href":"https:\/\/vitablanca.ma\/en\/wp-json\/wp\/v2\/types\/product"}],"wp:featuredmedia":[{"embeddable":true,"href":"https:\/\/vitablanca.ma\/en\/wp-json\/wp\/v2\/media\/21318"}],"wp:attachment":[{"href":"https:\/\/vitablanca.ma\/en\/wp-json\/wp\/v2\/media?parent=21319"}],"wp:term":[{"taxonomy":"product_brand","embeddable":true,"href":"https:\/\/vitablanca.ma\/en\/wp-json\/wp\/v2\/product_brand?post=21319"},{"taxonomy":"product_cat","embeddable":true,"href":"https:\/\/vitablanca.ma\/en\/wp-json\/wp\/v2\/product_cat?post=21319"},{"taxonomy":"product_tag","embeddable":true,"href":"https:\/\/vitablanca.ma\/en\/wp-json\/wp\/v2\/product_tag?post=21319"}],"curies":[{"name":"wp","href":"https:\/\/api.w.org\/{rel}","templated":true}]}}