{"id":21317,"date":"2025-06-11T21:19:15","date_gmt":"2025-06-11T21:19:15","guid":{"rendered":"https:\/\/vitablanca.ma\/product\/placentor-special-vergetures-concentre-actif-125ml\/"},"modified":"2025-06-11T21:19:15","modified_gmt":"2025-06-11T21:19:15","slug":"placentor-special-vergetures-concentre-actif-125ml","status":"publish","type":"product","link":"https:\/\/vitablanca.ma\/en\/product\/placentor-special-vergetures-concentre-actif-125ml\/","title":{"rendered":"Placentor Special Stretch Marks Active Concentrate 125ml"},"content":{"rendered":"<h2 class=\"col_prod_left\" data-mce-fragment=\"1\">Placentor Special Stretch Marks Active Concentrate, Specific Care, Areas prone to stretch marks: breasts, buttocks, stomach and thighs<br \/>\n<\/h2>\n<div id=\"tabs-1\">\n<p>Concentrated treatment to prevent and reduce the appearance of stretch marks, while moisturizing.\u00a0<\/p>\n<p>Thanks to its unique combination of plant-based active ingredients, this dual-action treatment acts at the origin of the stretch mark formation process. Stretch marks are caused by a breakdown of collagen and elastin fibers, components of the skin&#039;s support tissue. A complex based on black crowberry reinforces the strength of these fibers and improves the skin&#039;s resistance to tension. By stimulating collagen synthesis, bio-peptides: matrikines, promote skin regeneration and reduce the appearance of stretch marks (reduction in the depth, width and red color of the striae).\u00a0<\/p>\n<h3>RESULTS\u00a0<\/h3>\n<div id=\"tabs-2\" class=\"hidescale make_transist showscale\">\n<p><b>CLINICALLY PROVEN EFFECTIVENESS:\u00a0<\/b><\/p>\n<ul>\n<li>More hydrated skin\u00a0<\/li>\n<li>Stretch marks reduced in 56 days\u00a0<\/li>\n<li>Skin visibly firmer and more elastic\u00a0\u00a0<\/li>\n<li>Corneometry measurement \u2013 12 volunteers\u00a0<\/li>\n<li>Clinical scoring at 2 months \u2013 22 volunteers\u00a0\u00a0<\/li>\n<li>2-month satisfaction test \u2013 22 volunteers<\/li>\n<\/ul>\n<h3>Instructions for use<\/h3>\n<p><span>Apply the anti-stretch mark treatment morning and evening in a circular massage on the areas prone to stretch marks: breasts, buttocks, stomach and thighs.<\/span><br \/><strong>Intensive treatment:<\/strong><span>\u00a0<br \/>apply 2 times a day for 2 to 3 months<\/span><br \/><strong><br \/>Prevention:<br \/><\/strong><span>\u00a0Apply once a day throughout the year. The effectiveness of this treatment depends on the regularity of application. Non-greasy cream. Will not stain clothing. Do not use during pregnancy or breastfeeding. For external use.<\/span><\/p>\n<h3><span>INGREDIENTS\u00a0<\/span><\/h3>\n<p><span>AQUA*, GLYCERIN*, PEG-6 STEARATE, CAPRYLIC\/CAPRIC TRIGLYCERIDE*, PEG-32 STEARATE, HY-DROGENATED PALM\/PALM KERNEL OIL PEG-6 ESTERS, BUTYLENE GLYCOL, STEARIC ACID*, PRUNUS ARMENIACA KERNEL OC, CALENDU_A OFFICINALIS FLOWER EXTRACT*, CENTELLA ASIATICA EXTRACT*, DARUTOSIDE*, RUTIN*, PALMITOYL TRIPEPTIDE-1, PALMITOYL TETRAPEPTIDE-7, PHASEOLUS LUNATUS SEED EXTRACT*, EMPETRUM NIGRUM FRUIT JUICE*, HYDROLYZED SOY PROTEIN*, ONOPORDUM ACANTHIUM FLOWER\/LEAF\/STEM EXTRACT*, FAGUS SYLVATICA BUD EXTRACT*, BIOTIN, CETYL HYDROXYETHYLCELLULOSE, ALCOHOL*, CARBOMER, PARFUM, DEHYDROACETIC ACID, BENZYL ALCOHOL, SODIUM DEHYDROACETATE, PHENOXYETHANOL, POTASSIUM SORBATE, BENZOIC ACID, SORBIC ACID, LACTIC ACID*, DIPOTASSIUM PHOSPHATE, CITRIC ACID*, SODIUM HYDROXIDE.<\/span><\/p>\n<\/div>\n<div id=\"tabs-3\" class=\"hidescale make_transist\">\n<p>\u00a0<\/p>\n<\/div>\n<\/div>","protected":false},"excerpt":{"rendered":"<p>Placentor Sp\u00e9cial vergetures Concentr\u00e9 actif, Soins Sp\u00e9cifiques,\u00a0Zones sujettes aux vergetures : seins, fesses, ventre et cuisses Soin concentr\u00e9 permettant de pr\u00e9venir et d\u2019att\u00e9nuer l\u2019aspect des vergetures, tout en hydratant.\u00a0 Gr\u00e2ce \u00e0 son association uniques d\u2019actifs v\u00e9g\u00e9taux, ce soin double action agit )\u00e0 l\u2019origine du processus de formation des vergetures. Les vergetures sont provoqu\u00e9es pas une [&hellip;]<\/p>\n","protected":false},"featured_media":21316,"template":"","meta":{"om_disable_all_campaigns":false},"product_brand":[],"product_cat":[15],"product_tag":[],"class_list":{"0":"post-21317","1":"product","2":"type-product","3":"status-publish","4":"has-post-thumbnail","6":"product_cat-beaute-sante-complements-alimentaires-soins-et-bien-etre-au-meilleur-prix","8":"first","9":"instock","10":"sale","11":"taxable","12":"shipping-taxable","13":"purchasable","14":"product-type-simple"},"yoast_head":"<!-- This site is optimized with the Yoast SEO plugin v27.3 - https:\/\/yoast.com\/product\/yoast-seo-wordpress\/ -->\n<title>Placentor Sp\u00e9cial vergetures Concentr\u00e9 actif 125ml - Maroc Prix<\/title>\n<meta name=\"description\" content=\"Placentor Sp\u00e9cial vergetures Concentr\u00e9 actif 125ml\" \/>\n<meta name=\"robots\" content=\"index, follow, max-snippet:-1, max-image-preview:large, max-video-preview:-1\" \/>\n<link rel=\"canonical\" href=\"https:\/\/vitablanca.ma\/en\/product\/placentor-special-vergetures-concentre-actif-125ml\/\" \/>\n<meta property=\"og:locale\" content=\"en_US\" \/>\n<meta property=\"og:type\" content=\"article\" \/>\n<meta property=\"og:title\" content=\"Placentor Sp\u00e9cial vergetures Concentr\u00e9 actif 125ml - Maroc Prix\" \/>\n<meta property=\"og:description\" content=\"Placentor Sp\u00e9cial vergetures Concentr\u00e9 actif 125ml\" \/>\n<meta property=\"og:url\" content=\"https:\/\/vitablanca.ma\/en\/product\/placentor-special-vergetures-concentre-actif-125ml\/\" \/>\n<meta property=\"og:site_name\" content=\"Vitablanca.ma &ndash; Sant&eacute;, vitalit&eacute; et bien-&ecirc;tre pour tous les Marocains\" \/>\n<meta property=\"article:publisher\" content=\"https:\/\/www.facebook.com\/profile.php?id=61576678196717\" \/>\n<meta property=\"og:image\" content=\"https:\/\/vitablanca.ma\/wp-content\/uploads\/2025\/06\/Placentor-Special-vergetures-Concentre-actif-125ml-nova-para-maroc.jpg\" \/>\n\t<meta property=\"og:image:width\" content=\"1000\" \/>\n\t<meta property=\"og:image:height\" content=\"1000\" \/>\n\t<meta property=\"og:image:type\" content=\"image\/jpeg\" \/>\n<meta name=\"twitter:card\" content=\"summary_large_image\" \/>\n<meta name=\"twitter:label1\" content=\"Est. reading time\" \/>\n\t<meta name=\"twitter:data1\" content=\"2 minutes\" \/>\n<script type=\"application\/ld+json\" class=\"yoast-schema-graph\">{\"@context\":\"https:\\\/\\\/schema.org\",\"@graph\":[{\"@type\":[\"WebPage\",\"ItemPage\"],\"@id\":\"https:\\\/\\\/vitablanca.ma\\\/produit\\\/placentor-special-vergetures-concentre-actif-125ml\\\/\",\"url\":\"https:\\\/\\\/vitablanca.ma\\\/produit\\\/placentor-special-vergetures-concentre-actif-125ml\\\/\",\"name\":\"Placentor Sp\u00e9cial vergetures Concentr\u00e9 actif 125ml - Maroc Prix\",\"isPartOf\":{\"@id\":\"https:\\\/\\\/vitablanca.ma\\\/#website\"},\"primaryImageOfPage\":{\"@id\":\"https:\\\/\\\/vitablanca.ma\\\/produit\\\/placentor-special-vergetures-concentre-actif-125ml\\\/#primaryimage\"},\"image\":{\"@id\":\"https:\\\/\\\/vitablanca.ma\\\/produit\\\/placentor-special-vergetures-concentre-actif-125ml\\\/#primaryimage\"},\"thumbnailUrl\":\"https:\\\/\\\/vitablanca.ma\\\/wp-content\\\/uploads\\\/2025\\\/06\\\/Placentor-Special-vergetures-Concentre-actif-125ml-nova-para-maroc.jpg\",\"datePublished\":\"2025-06-11T21:19:15+00:00\",\"description\":\"Placentor Sp\u00e9cial vergetures Concentr\u00e9 actif 125ml\",\"breadcrumb\":{\"@id\":\"https:\\\/\\\/vitablanca.ma\\\/produit\\\/placentor-special-vergetures-concentre-actif-125ml\\\/#breadcrumb\"},\"inLanguage\":\"en-US\",\"potentialAction\":[{\"@type\":\"ReadAction\",\"target\":[\"https:\\\/\\\/vitablanca.ma\\\/produit\\\/placentor-special-vergetures-concentre-actif-125ml\\\/\"]}]},{\"@type\":\"ImageObject\",\"inLanguage\":\"en-US\",\"@id\":\"https:\\\/\\\/vitablanca.ma\\\/produit\\\/placentor-special-vergetures-concentre-actif-125ml\\\/#primaryimage\",\"url\":\"https:\\\/\\\/vitablanca.ma\\\/wp-content\\\/uploads\\\/2025\\\/06\\\/Placentor-Special-vergetures-Concentre-actif-125ml-nova-para-maroc.jpg\",\"contentUrl\":\"https:\\\/\\\/vitablanca.ma\\\/wp-content\\\/uploads\\\/2025\\\/06\\\/Placentor-Special-vergetures-Concentre-actif-125ml-nova-para-maroc.jpg\",\"width\":1000,\"height\":1000},{\"@type\":\"BreadcrumbList\",\"@id\":\"https:\\\/\\\/vitablanca.ma\\\/produit\\\/placentor-special-vergetures-concentre-actif-125ml\\\/#breadcrumb\",\"itemListElement\":[{\"@type\":\"ListItem\",\"position\":1,\"name\":\"Home\",\"item\":\"https:\\\/\\\/vitablanca.ma\\\/\"},{\"@type\":\"ListItem\",\"position\":2,\"name\":\"Tous Les Produits\",\"item\":\"https:\\\/\\\/vitablanca.ma\\\/tous-les-produits\\\/\"},{\"@type\":\"ListItem\",\"position\":3,\"name\":\"Placentor Sp\u00e9cial vergetures Concentr\u00e9 actif 125ml\"}]},{\"@type\":\"WebSite\",\"@id\":\"https:\\\/\\\/vitablanca.ma\\\/#website\",\"url\":\"https:\\\/\\\/vitablanca.ma\\\/\",\"name\":\"VitaBlanca.ma | Compl\u00e9ments alimentaires, sant\u00e9 & beaut\u00e9 au Maroc\",\"description\":\"vendre vitamines et compl\u00e9ments premium des USA &amp; Canada, Nouvelle Z\u00e9lande,Maroc (NOW Foods, Solgar, Manuka). Livraison rapide partout au Maroc.\",\"publisher\":{\"@id\":\"https:\\\/\\\/vitablanca.ma\\\/#organization\"},\"alternateName\":\"VitaBlanca.ma\",\"potentialAction\":[{\"@type\":\"SearchAction\",\"target\":{\"@type\":\"EntryPoint\",\"urlTemplate\":\"https:\\\/\\\/vitablanca.ma\\\/?s={search_term_string}\"},\"query-input\":{\"@type\":\"PropertyValueSpecification\",\"valueRequired\":true,\"valueName\":\"search_term_string\"}}],\"inLanguage\":\"en-US\"},{\"@type\":\"Organization\",\"@id\":\"https:\\\/\\\/vitablanca.ma\\\/#organization\",\"name\":\"VitaBlanca\",\"url\":\"https:\\\/\\\/vitablanca.ma\\\/\",\"logo\":{\"@type\":\"ImageObject\",\"inLanguage\":\"en-US\",\"@id\":\"https:\\\/\\\/vitablanca.ma\\\/#\\\/schema\\\/logo\\\/image\\\/\",\"url\":\"https:\\\/\\\/vitablanca.ma\\\/wp-content\\\/uploads\\\/2025\\\/05\\\/cropped-vitablanca.png\",\"contentUrl\":\"https:\\\/\\\/vitablanca.ma\\\/wp-content\\\/uploads\\\/2025\\\/05\\\/cropped-vitablanca.png\",\"width\":360,\"height\":67,\"caption\":\"VitaBlanca\"},\"image\":{\"@id\":\"https:\\\/\\\/vitablanca.ma\\\/#\\\/schema\\\/logo\\\/image\\\/\"},\"sameAs\":[\"https:\\\/\\\/www.facebook.com\\\/profile.php?id=61576678196717\",\"https:\\\/\\\/www.tiktok.com\\\/@vitablanca.ma\",\"https:\\\/\\\/www.instagram.com\\\/vitablanca.ma\\\/\"]}]}<\/script>\n<!-- \/ Yoast SEO plugin. -->","yoast_head_json":{"title":"Placentor Special Stretch Marks Active Concentrate 125ml - Morocco Price","description":"Placentor Special Stretch Marks Active Concentrate 125ml","robots":{"index":"index","follow":"follow","max-snippet":"max-snippet:-1","max-image-preview":"max-image-preview:large","max-video-preview":"max-video-preview:-1"},"canonical":"https:\/\/vitablanca.ma\/en\/product\/placentor-special-vergetures-concentre-actif-125ml\/","og_locale":"en_US","og_type":"article","og_title":"Placentor Sp\u00e9cial vergetures Concentr\u00e9 actif 125ml - Maroc Prix","og_description":"Placentor Sp\u00e9cial vergetures Concentr\u00e9 actif 125ml","og_url":"https:\/\/vitablanca.ma\/en\/product\/placentor-special-vergetures-concentre-actif-125ml\/","og_site_name":"Vitablanca.ma &ndash; Sant&eacute;, vitalit&eacute; et bien-&ecirc;tre pour tous les Marocains","article_publisher":"https:\/\/www.facebook.com\/profile.php?id=61576678196717","og_image":[{"width":1000,"height":1000,"url":"https:\/\/vitablanca.ma\/wp-content\/uploads\/2025\/06\/Placentor-Special-vergetures-Concentre-actif-125ml-nova-para-maroc.jpg","type":"image\/jpeg"}],"twitter_card":"summary_large_image","twitter_misc":{"Est. reading time":"2 minutes"},"schema":{"@context":"https:\/\/schema.org","@graph":[{"@type":["WebPage","ItemPage"],"@id":"https:\/\/vitablanca.ma\/produit\/placentor-special-vergetures-concentre-actif-125ml\/","url":"https:\/\/vitablanca.ma\/produit\/placentor-special-vergetures-concentre-actif-125ml\/","name":"Placentor Special Stretch Marks Active Concentrate 125ml - Morocco Price","isPartOf":{"@id":"https:\/\/vitablanca.ma\/#website"},"primaryImageOfPage":{"@id":"https:\/\/vitablanca.ma\/produit\/placentor-special-vergetures-concentre-actif-125ml\/#primaryimage"},"image":{"@id":"https:\/\/vitablanca.ma\/produit\/placentor-special-vergetures-concentre-actif-125ml\/#primaryimage"},"thumbnailUrl":"https:\/\/vitablanca.ma\/wp-content\/uploads\/2025\/06\/Placentor-Special-vergetures-Concentre-actif-125ml-nova-para-maroc.jpg","datePublished":"2025-06-11T21:19:15+00:00","description":"Placentor Special Stretch Marks Active Concentrate 125ml","breadcrumb":{"@id":"https:\/\/vitablanca.ma\/produit\/placentor-special-vergetures-concentre-actif-125ml\/#breadcrumb"},"inLanguage":"en-US","potentialAction":[{"@type":"ReadAction","target":["https:\/\/vitablanca.ma\/produit\/placentor-special-vergetures-concentre-actif-125ml\/"]}]},{"@type":"ImageObject","inLanguage":"en-US","@id":"https:\/\/vitablanca.ma\/produit\/placentor-special-vergetures-concentre-actif-125ml\/#primaryimage","url":"https:\/\/vitablanca.ma\/wp-content\/uploads\/2025\/06\/Placentor-Special-vergetures-Concentre-actif-125ml-nova-para-maroc.jpg","contentUrl":"https:\/\/vitablanca.ma\/wp-content\/uploads\/2025\/06\/Placentor-Special-vergetures-Concentre-actif-125ml-nova-para-maroc.jpg","width":1000,"height":1000},{"@type":"BreadcrumbList","@id":"https:\/\/vitablanca.ma\/produit\/placentor-special-vergetures-concentre-actif-125ml\/#breadcrumb","itemListElement":[{"@type":"ListItem","position":1,"name":"Home","item":"https:\/\/vitablanca.ma\/"},{"@type":"ListItem","position":2,"name":"Tous Les Produits","item":"https:\/\/vitablanca.ma\/tous-les-produits\/"},{"@type":"ListItem","position":3,"name":"Placentor Sp\u00e9cial vergetures Concentr\u00e9 actif 125ml"}]},{"@type":"WebSite","@id":"https:\/\/vitablanca.ma\/#website","url":"https:\/\/vitablanca.ma\/","name":"VitaBlanca.ma | Food supplements, health &amp; beauty in Morocco","description":"sell premium vitamins and supplements from USA &amp; Canada, New Zealand, Morocco (NOW Foods, Solgar, Manuka). Fast delivery anywhere in Morocco.","publisher":{"@id":"https:\/\/vitablanca.ma\/#organization"},"alternateName":"VitaBlanca.ma","potentialAction":[{"@type":"SearchAction","target":{"@type":"EntryPoint","urlTemplate":"https:\/\/vitablanca.ma\/?s={search_term_string}"},"query-input":{"@type":"PropertyValueSpecification","valueRequired":true,"valueName":"search_term_string"}}],"inLanguage":"en-US"},{"@type":"Organization","@id":"https:\/\/vitablanca.ma\/#organization","name":"VitaBlanca","url":"https:\/\/vitablanca.ma\/","logo":{"@type":"ImageObject","inLanguage":"en-US","@id":"https:\/\/vitablanca.ma\/#\/schema\/logo\/image\/","url":"https:\/\/vitablanca.ma\/wp-content\/uploads\/2025\/05\/cropped-vitablanca.png","contentUrl":"https:\/\/vitablanca.ma\/wp-content\/uploads\/2025\/05\/cropped-vitablanca.png","width":360,"height":67,"caption":"VitaBlanca"},"image":{"@id":"https:\/\/vitablanca.ma\/#\/schema\/logo\/image\/"},"sameAs":["https:\/\/www.facebook.com\/profile.php?id=61576678196717","https:\/\/www.tiktok.com\/@vitablanca.ma","https:\/\/www.instagram.com\/vitablanca.ma\/"]}]}},"jetpack_sharing_enabled":true,"_links":{"self":[{"href":"https:\/\/vitablanca.ma\/en\/wp-json\/wp\/v2\/product\/21317","targetHints":{"allow":["GET"]}}],"collection":[{"href":"https:\/\/vitablanca.ma\/en\/wp-json\/wp\/v2\/product"}],"about":[{"href":"https:\/\/vitablanca.ma\/en\/wp-json\/wp\/v2\/types\/product"}],"wp:featuredmedia":[{"embeddable":true,"href":"https:\/\/vitablanca.ma\/en\/wp-json\/wp\/v2\/media\/21316"}],"wp:attachment":[{"href":"https:\/\/vitablanca.ma\/en\/wp-json\/wp\/v2\/media?parent=21317"}],"wp:term":[{"taxonomy":"product_brand","embeddable":true,"href":"https:\/\/vitablanca.ma\/en\/wp-json\/wp\/v2\/product_brand?post=21317"},{"taxonomy":"product_cat","embeddable":true,"href":"https:\/\/vitablanca.ma\/en\/wp-json\/wp\/v2\/product_cat?post=21317"},{"taxonomy":"product_tag","embeddable":true,"href":"https:\/\/vitablanca.ma\/en\/wp-json\/wp\/v2\/product_tag?post=21317"}],"curies":[{"name":"wp","href":"https:\/\/api.w.org\/{rel}","templated":true}]}}