{"id":21294,"date":"2025-06-11T21:18:19","date_gmt":"2025-06-11T21:18:19","guid":{"rendered":"https:\/\/vitablanca.ma\/product\/parodontax-bain-de-bouche-quotidien-500ml\/"},"modified":"2025-06-11T21:18:19","modified_gmt":"2025-06-11T21:18:19","slug":"parodontax-bain-de-bouche-quotidien-500ml","status":"publish","type":"product","link":"https:\/\/vitablanca.ma\/en\/product\/parodontax-bain-de-bouche-quotidien-500ml\/","title":{"rendered":"Parodontax Daily Mouthwash 500ml"},"content":{"rendered":"<h2 data-mce-fragment=\"1\">Parodontax Daily Mouthwash active protection for healthy gums and teeth.<\/h2>\n<h3 data-mce-fragment=\"1\">Product Benefits<br data-mce-fragment=\"1\"><br \/>\n<\/h3>\n<ul data-mce-fragment=\"1\">\n<li data-mce-fragment=\"1\">Scientifically proven to help maintain healthy gums and teeth<br data-mce-fragment=\"1\">\n<\/li>\n<li data-mce-fragment=\"1\">Works between teeth and around the gum line<\/li>\n<li data-mce-fragment=\"1\">Fluoride strengthens teeth<br data-mce-fragment=\"1\">\n<\/li>\n<li data-mce-fragment=\"1\">Added fresh breath protection<br data-mce-fragment=\"1\">\n<\/li>\n<li data-mce-fragment=\"1\">Alcohol-free<\/li>\n<li data-mce-fragment=\"1\">Targets plaque bacteria left behind by brushing<\/li>\n<li data-mce-fragment=\"1\">Also available in Herbal flavor<\/li>\n<\/ul>\n<p><span>Make Parodontax Daily Mouthwash a regular part of your oral hygiene routine to help keep your gums and teeth healthy. Even if you already use mouthwash daily, you may want a mouthwash specially formulated to protect your gum health. Many mouthwashes only freshen breath; others can also strengthen teeth, but adding a dedicated gum health rinse to your daily hygiene routine can help keep your entire mouth healthy.<\/span><\/p>\n<p>Daily mouthwashes can offer many benefits. Many freshen breath, and others help maintain healthy teeth. Some specific mouthwashes are formulated to provide more than just a daily rinse; they can also help keep gums healthy or relieve sensitivity. To learn how to use a daily mouthwash, follow the package instructions to ensure you&#039;re using it properly.<\/p>\n<p>You can also ask your dentist for advice on your daily oral hygiene.<\/p>","protected":false},"excerpt":{"rendered":"<p>Parodontax Bain De Bouche Quotidien\u00a0protection active pour des gencives et des dents saines. Avantages du produit Scientifiquement prouv\u00e9 pour aider \u00e0 maintenir les gencives et les dents saines Agit entre les dents et autour du sillon\u00a0gingival Le fluor renforce les dents Ajout de la protection de l&rsquo;haleine fra\u00eeche Sans alcool Cible les bact\u00e9ries de la [&hellip;]<\/p>\n","protected":false},"featured_media":21261,"template":"","meta":{"om_disable_all_campaigns":false},"product_brand":[],"product_cat":[15],"product_tag":[],"class_list":{"0":"post-21294","1":"product","2":"type-product","3":"status-publish","4":"has-post-thumbnail","6":"product_cat-beaute-sante-complements-alimentaires-soins-et-bien-etre-au-meilleur-prix","8":"first","9":"instock","10":"sale","11":"taxable","12":"shipping-taxable","13":"purchasable","14":"product-type-simple"},"yoast_head":"<!-- This site is optimized with the Yoast SEO plugin v27.3 - https:\/\/yoast.com\/product\/yoast-seo-wordpress\/ -->\n<title>Parodontax Bain De Bouche Quotidien 500ml - Maroc Prix<\/title>\n<meta name=\"description\" content=\"Parodontax Bain De Bouche Quotidien 500ml\" \/>\n<meta name=\"robots\" content=\"index, follow, max-snippet:-1, max-image-preview:large, max-video-preview:-1\" \/>\n<link rel=\"canonical\" href=\"https:\/\/vitablanca.ma\/en\/product\/parodontax-bain-de-bouche-quotidien-500ml\/\" \/>\n<meta property=\"og:locale\" content=\"en_US\" \/>\n<meta property=\"og:type\" content=\"article\" \/>\n<meta property=\"og:title\" content=\"Parodontax Bain De Bouche Quotidien 500ml - Maroc Prix\" \/>\n<meta property=\"og:description\" content=\"Parodontax Bain De Bouche Quotidien 500ml\" \/>\n<meta property=\"og:url\" content=\"https:\/\/vitablanca.ma\/en\/product\/parodontax-bain-de-bouche-quotidien-500ml\/\" \/>\n<meta property=\"og:site_name\" content=\"Vitablanca.ma &ndash; Sant&eacute;, vitalit&eacute; et bien-&ecirc;tre pour tous les Marocains\" \/>\n<meta property=\"article:publisher\" content=\"https:\/\/www.facebook.com\/profile.php?id=61576678196717\" \/>\n<meta property=\"og:image\" content=\"https:\/\/vitablanca.ma\/wp-content\/uploads\/2025\/06\/Parodontax-Bain-De-Bouche-Quotidien-500ml-nova-paraharmacie-maroc.png\" \/>\n\t<meta property=\"og:image:width\" content=\"1000\" \/>\n\t<meta property=\"og:image:height\" content=\"1000\" \/>\n\t<meta property=\"og:image:type\" content=\"image\/png\" \/>\n<meta name=\"twitter:card\" content=\"summary_large_image\" \/>\n<meta name=\"twitter:label1\" content=\"Est. reading time\" \/>\n\t<meta name=\"twitter:data1\" content=\"1 minute\" \/>\n<script type=\"application\/ld+json\" class=\"yoast-schema-graph\">{\"@context\":\"https:\\\/\\\/schema.org\",\"@graph\":[{\"@type\":[\"WebPage\",\"ItemPage\"],\"@id\":\"https:\\\/\\\/vitablanca.ma\\\/produit\\\/parodontax-bain-de-bouche-quotidien-500ml\\\/\",\"url\":\"https:\\\/\\\/vitablanca.ma\\\/produit\\\/parodontax-bain-de-bouche-quotidien-500ml\\\/\",\"name\":\"Parodontax Bain De Bouche Quotidien 500ml - Maroc Prix\",\"isPartOf\":{\"@id\":\"https:\\\/\\\/vitablanca.ma\\\/#website\"},\"primaryImageOfPage\":{\"@id\":\"https:\\\/\\\/vitablanca.ma\\\/produit\\\/parodontax-bain-de-bouche-quotidien-500ml\\\/#primaryimage\"},\"image\":{\"@id\":\"https:\\\/\\\/vitablanca.ma\\\/produit\\\/parodontax-bain-de-bouche-quotidien-500ml\\\/#primaryimage\"},\"thumbnailUrl\":\"https:\\\/\\\/vitablanca.ma\\\/wp-content\\\/uploads\\\/2025\\\/06\\\/Parodontax-Bain-De-Bouche-Quotidien-500ml-nova-paraharmacie-maroc.png\",\"datePublished\":\"2025-06-11T21:18:19+00:00\",\"description\":\"Parodontax Bain De Bouche Quotidien 500ml\",\"breadcrumb\":{\"@id\":\"https:\\\/\\\/vitablanca.ma\\\/produit\\\/parodontax-bain-de-bouche-quotidien-500ml\\\/#breadcrumb\"},\"inLanguage\":\"en-US\",\"potentialAction\":[{\"@type\":\"ReadAction\",\"target\":[\"https:\\\/\\\/vitablanca.ma\\\/produit\\\/parodontax-bain-de-bouche-quotidien-500ml\\\/\"]}]},{\"@type\":\"ImageObject\",\"inLanguage\":\"en-US\",\"@id\":\"https:\\\/\\\/vitablanca.ma\\\/produit\\\/parodontax-bain-de-bouche-quotidien-500ml\\\/#primaryimage\",\"url\":\"https:\\\/\\\/vitablanca.ma\\\/wp-content\\\/uploads\\\/2025\\\/06\\\/Parodontax-Bain-De-Bouche-Quotidien-500ml-nova-paraharmacie-maroc.png\",\"contentUrl\":\"https:\\\/\\\/vitablanca.ma\\\/wp-content\\\/uploads\\\/2025\\\/06\\\/Parodontax-Bain-De-Bouche-Quotidien-500ml-nova-paraharmacie-maroc.png\",\"width\":1000,\"height\":1000},{\"@type\":\"BreadcrumbList\",\"@id\":\"https:\\\/\\\/vitablanca.ma\\\/produit\\\/parodontax-bain-de-bouche-quotidien-500ml\\\/#breadcrumb\",\"itemListElement\":[{\"@type\":\"ListItem\",\"position\":1,\"name\":\"Home\",\"item\":\"https:\\\/\\\/vitablanca.ma\\\/\"},{\"@type\":\"ListItem\",\"position\":2,\"name\":\"Tous Les Produits\",\"item\":\"https:\\\/\\\/vitablanca.ma\\\/tous-les-produits\\\/\"},{\"@type\":\"ListItem\",\"position\":3,\"name\":\"Parodontax Bain De Bouche Quotidien 500ml\"}]},{\"@type\":\"WebSite\",\"@id\":\"https:\\\/\\\/vitablanca.ma\\\/#website\",\"url\":\"https:\\\/\\\/vitablanca.ma\\\/\",\"name\":\"VitaBlanca.ma | Compl\u00e9ments alimentaires, sant\u00e9 & beaut\u00e9 au Maroc\",\"description\":\"vendre vitamines et compl\u00e9ments premium des USA &amp; Canada, Nouvelle Z\u00e9lande,Maroc (NOW Foods, Solgar, Manuka). Livraison rapide partout au Maroc.\",\"publisher\":{\"@id\":\"https:\\\/\\\/vitablanca.ma\\\/#organization\"},\"alternateName\":\"VitaBlanca.ma\",\"potentialAction\":[{\"@type\":\"SearchAction\",\"target\":{\"@type\":\"EntryPoint\",\"urlTemplate\":\"https:\\\/\\\/vitablanca.ma\\\/?s={search_term_string}\"},\"query-input\":{\"@type\":\"PropertyValueSpecification\",\"valueRequired\":true,\"valueName\":\"search_term_string\"}}],\"inLanguage\":\"en-US\"},{\"@type\":\"Organization\",\"@id\":\"https:\\\/\\\/vitablanca.ma\\\/#organization\",\"name\":\"VitaBlanca\",\"url\":\"https:\\\/\\\/vitablanca.ma\\\/\",\"logo\":{\"@type\":\"ImageObject\",\"inLanguage\":\"en-US\",\"@id\":\"https:\\\/\\\/vitablanca.ma\\\/#\\\/schema\\\/logo\\\/image\\\/\",\"url\":\"https:\\\/\\\/vitablanca.ma\\\/wp-content\\\/uploads\\\/2025\\\/05\\\/cropped-vitablanca.png\",\"contentUrl\":\"https:\\\/\\\/vitablanca.ma\\\/wp-content\\\/uploads\\\/2025\\\/05\\\/cropped-vitablanca.png\",\"width\":360,\"height\":67,\"caption\":\"VitaBlanca\"},\"image\":{\"@id\":\"https:\\\/\\\/vitablanca.ma\\\/#\\\/schema\\\/logo\\\/image\\\/\"},\"sameAs\":[\"https:\\\/\\\/www.facebook.com\\\/profile.php?id=61576678196717\",\"https:\\\/\\\/www.tiktok.com\\\/@vitablanca.ma\",\"https:\\\/\\\/www.instagram.com\\\/vitablanca.ma\\\/\"]}]}<\/script>\n<!-- \/ Yoast SEO plugin. -->","yoast_head_json":{"title":"Parodontax Daily Mouthwash 500ml - Morocco Price","description":"Parodontax Daily Mouthwash 500ml","robots":{"index":"index","follow":"follow","max-snippet":"max-snippet:-1","max-image-preview":"max-image-preview:large","max-video-preview":"max-video-preview:-1"},"canonical":"https:\/\/vitablanca.ma\/en\/product\/parodontax-bain-de-bouche-quotidien-500ml\/","og_locale":"en_US","og_type":"article","og_title":"Parodontax Bain De Bouche Quotidien 500ml - Maroc Prix","og_description":"Parodontax Bain De Bouche Quotidien 500ml","og_url":"https:\/\/vitablanca.ma\/en\/product\/parodontax-bain-de-bouche-quotidien-500ml\/","og_site_name":"Vitablanca.ma &ndash; Sant&eacute;, vitalit&eacute; et bien-&ecirc;tre pour tous les Marocains","article_publisher":"https:\/\/www.facebook.com\/profile.php?id=61576678196717","og_image":[{"width":1000,"height":1000,"url":"https:\/\/vitablanca.ma\/wp-content\/uploads\/2025\/06\/Parodontax-Bain-De-Bouche-Quotidien-500ml-nova-paraharmacie-maroc.png","type":"image\/png"}],"twitter_card":"summary_large_image","twitter_misc":{"Est. reading time":"1 minute"},"schema":{"@context":"https:\/\/schema.org","@graph":[{"@type":["WebPage","ItemPage"],"@id":"https:\/\/vitablanca.ma\/produit\/parodontax-bain-de-bouche-quotidien-500ml\/","url":"https:\/\/vitablanca.ma\/produit\/parodontax-bain-de-bouche-quotidien-500ml\/","name":"Parodontax Daily Mouthwash 500ml - Morocco Price","isPartOf":{"@id":"https:\/\/vitablanca.ma\/#website"},"primaryImageOfPage":{"@id":"https:\/\/vitablanca.ma\/produit\/parodontax-bain-de-bouche-quotidien-500ml\/#primaryimage"},"image":{"@id":"https:\/\/vitablanca.ma\/produit\/parodontax-bain-de-bouche-quotidien-500ml\/#primaryimage"},"thumbnailUrl":"https:\/\/vitablanca.ma\/wp-content\/uploads\/2025\/06\/Parodontax-Bain-De-Bouche-Quotidien-500ml-nova-paraharmacie-maroc.png","datePublished":"2025-06-11T21:18:19+00:00","description":"Parodontax Daily Mouthwash 500ml","breadcrumb":{"@id":"https:\/\/vitablanca.ma\/produit\/parodontax-bain-de-bouche-quotidien-500ml\/#breadcrumb"},"inLanguage":"en-US","potentialAction":[{"@type":"ReadAction","target":["https:\/\/vitablanca.ma\/produit\/parodontax-bain-de-bouche-quotidien-500ml\/"]}]},{"@type":"ImageObject","inLanguage":"en-US","@id":"https:\/\/vitablanca.ma\/produit\/parodontax-bain-de-bouche-quotidien-500ml\/#primaryimage","url":"https:\/\/vitablanca.ma\/wp-content\/uploads\/2025\/06\/Parodontax-Bain-De-Bouche-Quotidien-500ml-nova-paraharmacie-maroc.png","contentUrl":"https:\/\/vitablanca.ma\/wp-content\/uploads\/2025\/06\/Parodontax-Bain-De-Bouche-Quotidien-500ml-nova-paraharmacie-maroc.png","width":1000,"height":1000},{"@type":"BreadcrumbList","@id":"https:\/\/vitablanca.ma\/produit\/parodontax-bain-de-bouche-quotidien-500ml\/#breadcrumb","itemListElement":[{"@type":"ListItem","position":1,"name":"Home","item":"https:\/\/vitablanca.ma\/"},{"@type":"ListItem","position":2,"name":"Tous Les Produits","item":"https:\/\/vitablanca.ma\/tous-les-produits\/"},{"@type":"ListItem","position":3,"name":"Parodontax Bain De Bouche Quotidien 500ml"}]},{"@type":"WebSite","@id":"https:\/\/vitablanca.ma\/#website","url":"https:\/\/vitablanca.ma\/","name":"VitaBlanca.ma | Food supplements, health &amp; beauty in Morocco","description":"sell premium vitamins and supplements from USA &amp; Canada, New Zealand, Morocco (NOW Foods, Solgar, Manuka). Fast delivery anywhere in Morocco.","publisher":{"@id":"https:\/\/vitablanca.ma\/#organization"},"alternateName":"VitaBlanca.ma","potentialAction":[{"@type":"SearchAction","target":{"@type":"EntryPoint","urlTemplate":"https:\/\/vitablanca.ma\/?s={search_term_string}"},"query-input":{"@type":"PropertyValueSpecification","valueRequired":true,"valueName":"search_term_string"}}],"inLanguage":"en-US"},{"@type":"Organization","@id":"https:\/\/vitablanca.ma\/#organization","name":"VitaBlanca","url":"https:\/\/vitablanca.ma\/","logo":{"@type":"ImageObject","inLanguage":"en-US","@id":"https:\/\/vitablanca.ma\/#\/schema\/logo\/image\/","url":"https:\/\/vitablanca.ma\/wp-content\/uploads\/2025\/05\/cropped-vitablanca.png","contentUrl":"https:\/\/vitablanca.ma\/wp-content\/uploads\/2025\/05\/cropped-vitablanca.png","width":360,"height":67,"caption":"VitaBlanca"},"image":{"@id":"https:\/\/vitablanca.ma\/#\/schema\/logo\/image\/"},"sameAs":["https:\/\/www.facebook.com\/profile.php?id=61576678196717","https:\/\/www.tiktok.com\/@vitablanca.ma","https:\/\/www.instagram.com\/vitablanca.ma\/"]}]}},"jetpack_sharing_enabled":true,"_links":{"self":[{"href":"https:\/\/vitablanca.ma\/en\/wp-json\/wp\/v2\/product\/21294","targetHints":{"allow":["GET"]}}],"collection":[{"href":"https:\/\/vitablanca.ma\/en\/wp-json\/wp\/v2\/product"}],"about":[{"href":"https:\/\/vitablanca.ma\/en\/wp-json\/wp\/v2\/types\/product"}],"wp:featuredmedia":[{"embeddable":true,"href":"https:\/\/vitablanca.ma\/en\/wp-json\/wp\/v2\/media\/21261"}],"wp:attachment":[{"href":"https:\/\/vitablanca.ma\/en\/wp-json\/wp\/v2\/media?parent=21294"}],"wp:term":[{"taxonomy":"product_brand","embeddable":true,"href":"https:\/\/vitablanca.ma\/en\/wp-json\/wp\/v2\/product_brand?post=21294"},{"taxonomy":"product_cat","embeddable":true,"href":"https:\/\/vitablanca.ma\/en\/wp-json\/wp\/v2\/product_cat?post=21294"},{"taxonomy":"product_tag","embeddable":true,"href":"https:\/\/vitablanca.ma\/en\/wp-json\/wp\/v2\/product_tag?post=21294"}],"curies":[{"name":"wp","href":"https:\/\/api.w.org\/{rel}","templated":true}]}}